{"id":2777,"date":"2021-01-15T10:19:01","date_gmt":"2021-01-15T10:19:01","guid":{"rendered":"https:\/\/getbybus.com\/cs\/blog\/?page_id=2777"},"modified":"2021-01-15T10:19:02","modified_gmt":"2021-01-15T10:19:02","slug":"hodnoceni-sluzeb-autobusovych-prepravcu","status":"publish","type":"page","link":"https:\/\/traveling.com\/cs\/blog\/hodnoceni-sluzeb-autobusovych-prepravcu\/","title":{"rendered":"Hodnocen\u00ed slu\u017eeb autobusov\u00fdch p\u0159epravc\u016f"},"content":{"rendered":"<p style=\"text-align: justify;\"><span style=\"font-weight: 400;\">Jsme velmi r\u00e1di, \u017ee m\u016f\u017eeme nov\u011b nab\u00eddnout cestuj\u00edc\u00edm mo\u017enost ohodnotit kvalitu slu\u017eeb poskytovan\u00fdch autobusov\u00fdmi p\u0159epravci spolupracuj\u00edc\u00edmi s GetByBus. Po uskute\u010dn\u011bn\u00ed cesty autobusem obdr\u017e\u00ed cestuj\u00edc\u00ed, kte\u0159\u00ed si koupili j\u00edzdenky p\u0159es GetByBus, email s odkazem, na kter\u00e9m mohou ohodnotit kvalitu slu\u017eeb b\u011bhem cesty.&nbsp;&nbsp;<\/span><\/p>\n<p style=\"text-align: justify;\"><span style=\"font-weight: 400;\">P\u0159ehled aktu\u00e1ln\u00edch recenz\u00ed a <\/span><a href=\"https:\/\/getbybus.com\/cs\/seznam-dopravcu\"><span style=\"font-weight: 400;\">hodnocen\u00ed slu\u017eeb cestuj\u00edc\u00edmi najdete zde<\/span><\/a><span style=\"font-weight: 400;\">:&nbsp;<\/span><\/p>\n<h3 style=\"text-align: justify;\"><b><span style=\"color: #2a2a2a;\">FAQ- \u010dast\u00e9 dotazy na hodnocen\u00ed:<\/span><\/b><\/h3>\n<p style=\"text-align: justify;\"><span style=\"color: #2a2a2a;\"><b>Q: M\u016f\u017ee ka\u017ed\u00fd napsat hodnocen\u00ed slu\u017eeb?<\/b><\/span><\/p>\n<p style=\"text-align: justify;\"><span style=\"font-weight: 400;\">A: Ne, recenzi mohou napsat pouze cestuj\u00edc\u00ed, kte\u0159\u00ed si koupili j\u00edzdenku online na GetByBus, t\u00edmto zp\u016fsobem m\u016f\u017eeme zajistit, \u017ee hodnocen\u00ed p\u00ed\u0161\u00ed jen skute\u010dn\u00ed cestuj\u00edc\u00ed.&nbsp;<\/span><\/p>\n<p style=\"text-align: justify;\"><span style=\"color: #2a2a2a;\"><b>Q: Kte\u0159\u00ed p\u0159epravci mohou b\u00fdt hodnoceni?<\/b><\/span><\/p>\n<p style=\"text-align: justify;\"><span style=\"font-weight: 400;\">A: Hodnocen\u00ed se v\u017edy vztahuj\u00ed na autobusov\u00e9 p\u0159epravce prod\u00e1vaj\u00edc\u00ed sv\u00e9 j\u00edzdenky na GetByBus.&nbsp;<\/span><\/p>\n<p style=\"text-align: justify;\"><span style=\"color: #2a2a2a;\"><b>Q: Kolik recenz\u00ed mohu napsat?<\/b><\/span><\/p>\n<p style=\"text-align: justify;\"><span style=\"font-weight: 400;\">A: Cestuj\u00edc\u00ed m\u016f\u017ee napsat v\u017edy jedno hodnocen\u00ed na cestu, proto pokud si koup\u00edte j\u00edzdenky na v\u00edce jednotliv\u00fdch cest, m\u016f\u017eete ohodnotit ka\u017edou z nich.&nbsp;<\/span><\/p>\n<p style=\"text-align: justify;\"><span style=\"color: #2a2a2a;\"><b>Q: Kte\u0159\u00ed p\u0159epravci mohou b\u00fdt v sou\u010dasn\u00e9 chv\u00edli hodnoceni?<\/b><\/span><\/p>\n<p style=\"text-align: justify;\"><span style=\"font-weight: 400;\">A: <\/span><a href=\"https:\/\/getbybus.com\/cs\/seznam-dopravcu\"><span style=\"font-weight: 400;\">Seznam autobusov\u00fdch p\u0159epravc\u016f najdete zde<\/span><\/a><span style=\"font-weight: 400;\">; pokud kliknete na \u201cZobrazit v\u00edce\u201d pod n\u00e1zvem p\u0159epravce, m\u016f\u017eete si p\u0159e\u010d\u00edst v\u0161echna hodnocen\u00ed tohoto konkr\u00e9tn\u00edho p\u0159epravce, zde n\u011bkolik p\u0159\u00edklad\u016f: <\/span><a href=\"https:\/\/getbybus.com\/cs\/autotrans\"><span style=\"font-weight: 400;\">Recenze Autotrans<\/span><\/a><span style=\"font-weight: 400;\">, <\/span><a href=\"https:\/\/getbybus.com\/cs\/croatiabus\"><span style=\"font-weight: 400;\">Recenze Croatia Bus<\/span><\/a><span style=\"font-weight: 400;\">, <\/span><a href=\"https:\/\/getbybus.com\/cs\/prijevoz-knezevic\"><span style=\"font-weight: 400;\">Recenze Prijevoz Knezevic<\/span><\/a><span style=\"font-weight: 400;\">, <\/span><a href=\"https:\/\/getbybus.com\/cs\/cazmatrans-dalmacija\"><span style=\"font-weight: 400;\">Recenze \u010cazmatrans<\/span><\/a><span style=\"font-weight: 400;\">.<\/span><\/p>\n<p style=\"text-align: justify;\"><span style=\"color: #2a2a2a;\"><b>Q: Pro\u010d napsat recenzi?<\/b><\/span><\/p>\n<p style=\"text-align: justify;\"><span style=\"font-weight: 400;\">A: Hodnocen\u00ed slu\u017eeb je velmi d\u016fle\u017eitou informac\u00ed pro dal\u0161\u00ed cestuj\u00edc\u00ed, kte\u0159\u00ed se rozhoduj\u00ed, se kter\u00fdm p\u0159epravcem budou cestovat; je to tak\u00e9 d\u016fle\u017eit\u00e9 pro samotn\u00e9 autobusov\u00e9 p\u0159epravce, kte\u0159\u00ed mohou vyu\u017e\u00edt hodnocen\u00ed k zlep\u0161en\u00ed poskytovan\u00fdch slu\u017eeb.&nbsp;<\/span><\/p>\n<p style=\"text-align: justify;\"><span style=\"color: #2a2a2a;\"><b>Q: Lze pou\u017e\u00edt recenzi k naps\u00e1n\u00ed st\u00ed\u017enosti?<\/b><\/span><\/p>\n<p style=\"text-align: justify;\"><span style=\"font-weight: 400;\">A: Je to mo\u017en\u00e9, ale abyste dostali odpov\u011b\u010f, je nejlep\u0161\u00ed napsat st\u00ed\u017enost a poslat ji na ofici\u00e1ln\u00ed emailovou adresu autobusov\u00e9ho p\u0159epravce.&nbsp;<\/span><\/p>\n","protected":false},"excerpt":{"rendered":"<p>Jsme velmi r\u00e1di, \u017ee m\u016f\u017eeme nov\u011b nab\u00eddnout cestuj\u00edc\u00edm mo\u017enost ohodnotit kvalitu slu\u017eeb poskytovan\u00fdch autobusov\u00fdmi p\u0159epravci spolupracuj\u00edc\u00edmi s GetByBus. Po uskute\u010dn\u011bn\u00ed cesty autobusem obdr\u017e\u00ed cestuj\u00edc\u00ed, kte\u0159\u00ed si koupili j\u00edzdenky p\u0159es GetByBus, email s odkazem, na kter\u00e9m mohou ohodnotit kvalitu slu\u017eeb b\u011bhem cesty.&nbsp;&nbsp; P\u0159ehled aktu\u00e1ln\u00edch recenz\u00ed a hodnocen\u00ed slu\u017eeb cestuj\u00edc\u00edmi najdete zde:&nbsp; FAQ- \u010dast\u00e9 dotazy na hodnocen\u00ed: [&hellip;]<\/p>\n<p><a class=\"more-link btn btn-primary\" href=\"https:\/\/traveling.com\/cs\/blog\/hodnoceni-sluzeb-autobusovych-prepravcu\/\"> Continue reading&#8230;<\/a><\/p>\n","protected":false},"author":4,"featured_media":0,"parent":0,"menu_order":0,"comment_status":"closed","ping_status":"closed","template":"","meta":[],"yoast_head":"<!-- This site is optimized with the Yoast SEO plugin v19.8 - https:\/\/yoast.com\/wordpress\/plugins\/seo\/ -->\n<title>Hodnocen\u00ed slu\u017eeb autobusov\u00fdch p\u0159epravc\u016f na Getbybus<\/title>\n<meta name=\"description\" content=\"Nov\u011b nab\u00edz\u00edme mo\u017enost hodnotit slu\u017eby autobusov\u00fdch p\u0159epravc\u016f, najdete zde odpov\u011bdi na nej\u010dast\u011bj\u0161\u00ed dotazy o recenz\u00edch slu\u017eeb - kdo a jak m\u016f\u017ee recenzi napsat.\" \/>\n<meta name=\"robots\" content=\"index, follow, max-snippet:-1, max-image-preview:large, max-video-preview:-1\" \/>\n<link rel=\"canonical\" href=\"https:\/\/traveling.com\/cs\/blog\/hodnoceni-sluzeb-autobusovych-prepravcu\/\" \/>\n<meta property=\"og:locale\" content=\"en_US\" \/>\n<meta property=\"og:type\" content=\"article\" \/>\n<meta property=\"og:title\" content=\"Hodnocen\u00ed slu\u017eeb autobusov\u00fdch p\u0159epravc\u016f na Getbybus\" \/>\n<meta property=\"og:description\" content=\"Nov\u011b nab\u00edz\u00edme mo\u017enost hodnotit slu\u017eby autobusov\u00fdch p\u0159epravc\u016f, najdete zde odpov\u011bdi na nej\u010dast\u011bj\u0161\u00ed dotazy o recenz\u00edch slu\u017eeb - kdo a jak m\u016f\u017ee recenzi napsat.\" \/>\n<meta property=\"og:url\" content=\"https:\/\/traveling.com\/cs\/blog\/hodnoceni-sluzeb-autobusovych-prepravcu\/\" \/>\n<meta property=\"og:site_name\" content=\"Traveling.com Blog\" \/>\n<meta property=\"article:modified_time\" content=\"2021-01-15T10:19:02+00:00\" \/>\n<meta name=\"twitter:card\" content=\"summary_large_image\" \/>\n<meta name=\"twitter:label1\" content=\"Est. reading time\" \/>\n\t<meta name=\"twitter:data1\" content=\"2 minutes\" \/>\n<script type=\"application\/ld+json\" class=\"yoast-schema-graph\">{\"@context\":\"https:\/\/schema.org\",\"@graph\":[{\"@type\":\"WebPage\",\"@id\":\"https:\/\/traveling.com\/cs\/blog\/hodnoceni-sluzeb-autobusovych-prepravcu\/\",\"url\":\"https:\/\/traveling.com\/cs\/blog\/hodnoceni-sluzeb-autobusovych-prepravcu\/\",\"name\":\"Hodnocen\u00ed slu\u017eeb autobusov\u00fdch p\u0159epravc\u016f na Getbybus\",\"isPartOf\":{\"@id\":\"https:\/\/traveling.com\/cs\/blog\/#website\"},\"datePublished\":\"2021-01-15T10:19:01+00:00\",\"dateModified\":\"2021-01-15T10:19:02+00:00\",\"description\":\"Nov\u011b nab\u00edz\u00edme mo\u017enost hodnotit slu\u017eby autobusov\u00fdch p\u0159epravc\u016f, najdete zde odpov\u011bdi na nej\u010dast\u011bj\u0161\u00ed dotazy o recenz\u00edch slu\u017eeb - kdo a jak m\u016f\u017ee recenzi napsat.\",\"breadcrumb\":{\"@id\":\"https:\/\/traveling.com\/cs\/blog\/hodnoceni-sluzeb-autobusovych-prepravcu\/#breadcrumb\"},\"inLanguage\":\"en-US\",\"potentialAction\":[{\"@type\":\"ReadAction\",\"target\":[\"https:\/\/traveling.com\/cs\/blog\/hodnoceni-sluzeb-autobusovych-prepravcu\/\"]}]},{\"@type\":\"BreadcrumbList\",\"@id\":\"https:\/\/traveling.com\/cs\/blog\/hodnoceni-sluzeb-autobusovych-prepravcu\/#breadcrumb\",\"itemListElement\":[{\"@type\":\"ListItem\",\"position\":1,\"name\":\"Home\",\"item\":\"https:\/\/traveling.com\/cs\/blog\/\"},{\"@type\":\"ListItem\",\"position\":2,\"name\":\"Hodnocen\u00ed slu\u017eeb autobusov\u00fdch p\u0159epravc\u016f\"}]},{\"@type\":\"WebSite\",\"@id\":\"https:\/\/traveling.com\/cs\/blog\/#website\",\"url\":\"https:\/\/traveling.com\/cs\/blog\/\",\"name\":\"Traveling.com Blog\",\"description\":\"Tv\u016fj Kompletn\u00ed Pr\u016fvodce Cestov\u00e1n\u00edm\",\"potentialAction\":[{\"@type\":\"SearchAction\",\"target\":{\"@type\":\"EntryPoint\",\"urlTemplate\":\"https:\/\/traveling.com\/cs\/blog\/?s={search_term_string}\"},\"query-input\":\"required name=search_term_string\"}],\"inLanguage\":\"en-US\"}]}<\/script>\n<!-- \/ Yoast SEO plugin. -->","yoast_head_json":{"title":"Hodnocen\u00ed slu\u017eeb autobusov\u00fdch p\u0159epravc\u016f na Getbybus","description":"Nov\u011b nab\u00edz\u00edme mo\u017enost hodnotit slu\u017eby autobusov\u00fdch p\u0159epravc\u016f, najdete zde odpov\u011bdi na nej\u010dast\u011bj\u0161\u00ed dotazy o recenz\u00edch slu\u017eeb - kdo a jak m\u016f\u017ee recenzi napsat.","robots":{"index":"index","follow":"follow","max-snippet":"max-snippet:-1","max-image-preview":"max-image-preview:large","max-video-preview":"max-video-preview:-1"},"canonical":"https:\/\/traveling.com\/cs\/blog\/hodnoceni-sluzeb-autobusovych-prepravcu\/","og_locale":"en_US","og_type":"article","og_title":"Hodnocen\u00ed slu\u017eeb autobusov\u00fdch p\u0159epravc\u016f na Getbybus","og_description":"Nov\u011b nab\u00edz\u00edme mo\u017enost hodnotit slu\u017eby autobusov\u00fdch p\u0159epravc\u016f, najdete zde odpov\u011bdi na nej\u010dast\u011bj\u0161\u00ed dotazy o recenz\u00edch slu\u017eeb - kdo a jak m\u016f\u017ee recenzi napsat.","og_url":"https:\/\/traveling.com\/cs\/blog\/hodnoceni-sluzeb-autobusovych-prepravcu\/","og_site_name":"Traveling.com Blog","article_modified_time":"2021-01-15T10:19:02+00:00","twitter_card":"summary_large_image","twitter_misc":{"Est. reading time":"2 minutes"},"schema":{"@context":"https:\/\/schema.org","@graph":[{"@type":"WebPage","@id":"https:\/\/traveling.com\/cs\/blog\/hodnoceni-sluzeb-autobusovych-prepravcu\/","url":"https:\/\/traveling.com\/cs\/blog\/hodnoceni-sluzeb-autobusovych-prepravcu\/","name":"Hodnocen\u00ed slu\u017eeb autobusov\u00fdch p\u0159epravc\u016f na Getbybus","isPartOf":{"@id":"https:\/\/traveling.com\/cs\/blog\/#website"},"datePublished":"2021-01-15T10:19:01+00:00","dateModified":"2021-01-15T10:19:02+00:00","description":"Nov\u011b nab\u00edz\u00edme mo\u017enost hodnotit slu\u017eby autobusov\u00fdch p\u0159epravc\u016f, najdete zde odpov\u011bdi na nej\u010dast\u011bj\u0161\u00ed dotazy o recenz\u00edch slu\u017eeb - kdo a jak m\u016f\u017ee recenzi napsat.","breadcrumb":{"@id":"https:\/\/traveling.com\/cs\/blog\/hodnoceni-sluzeb-autobusovych-prepravcu\/#breadcrumb"},"inLanguage":"en-US","potentialAction":[{"@type":"ReadAction","target":["https:\/\/traveling.com\/cs\/blog\/hodnoceni-sluzeb-autobusovych-prepravcu\/"]}]},{"@type":"BreadcrumbList","@id":"https:\/\/traveling.com\/cs\/blog\/hodnoceni-sluzeb-autobusovych-prepravcu\/#breadcrumb","itemListElement":[{"@type":"ListItem","position":1,"name":"Home","item":"https:\/\/traveling.com\/cs\/blog\/"},{"@type":"ListItem","position":2,"name":"Hodnocen\u00ed slu\u017eeb autobusov\u00fdch p\u0159epravc\u016f"}]},{"@type":"WebSite","@id":"https:\/\/traveling.com\/cs\/blog\/#website","url":"https:\/\/traveling.com\/cs\/blog\/","name":"Traveling.com Blog","description":"Tv\u016fj Kompletn\u00ed Pr\u016fvodce Cestov\u00e1n\u00edm","potentialAction":[{"@type":"SearchAction","target":{"@type":"EntryPoint","urlTemplate":"https:\/\/traveling.com\/cs\/blog\/?s={search_term_string}"},"query-input":"required name=search_term_string"}],"inLanguage":"en-US"}]}},"_links":{"self":[{"href":"https:\/\/traveling.com\/cs\/blog\/wp-json\/wp\/v2\/pages\/2777"}],"collection":[{"href":"https:\/\/traveling.com\/cs\/blog\/wp-json\/wp\/v2\/pages"}],"about":[{"href":"https:\/\/traveling.com\/cs\/blog\/wp-json\/wp\/v2\/types\/page"}],"author":[{"embeddable":true,"href":"https:\/\/traveling.com\/cs\/blog\/wp-json\/wp\/v2\/users\/4"}],"replies":[{"embeddable":true,"href":"https:\/\/traveling.com\/cs\/blog\/wp-json\/wp\/v2\/comments?post=2777"}],"version-history":[{"count":2,"href":"https:\/\/traveling.com\/cs\/blog\/wp-json\/wp\/v2\/pages\/2777\/revisions"}],"predecessor-version":[{"id":2872,"href":"https:\/\/traveling.com\/cs\/blog\/wp-json\/wp\/v2\/pages\/2777\/revisions\/2872"}],"wp:attachment":[{"href":"https:\/\/traveling.com\/cs\/blog\/wp-json\/wp\/v2\/media?parent=2777"}],"curies":[{"name":"wp","href":"https:\/\/api.w.org\/{rel}","templated":true}]}}