{"id":1254,"date":"2017-01-16T12:20:15","date_gmt":"2017-01-16T10:20:15","guid":{"rendered":"https:\/\/getbybus.com\/de\/blog\/?page_id=1254"},"modified":"2025-03-24T12:53:12","modified_gmt":"2025-03-24T10:53:12","slug":"flughaefen-bulgarien","status":"publish","type":"page","link":"https:\/\/traveling.com\/de\/blog\/flughaefen-bulgarien\/","title":{"rendered":"Bulgarien &#8211; Liste der Flugh\u00e4fen"},"content":{"rendered":"<p style=\"text-align: justify;\">Egal ob Sie <strong>einen sonnigen Urlaub am Strand<\/strong>, oder einen <strong>g\u00fcnstigen Skiurlaub in Bulgarien<\/strong> machen, sollten Sie wissen welchen Flughafen Sie benutzen sollten. Zurzeit gibt es in Bulgarien 5 internationale Flugh\u00e4fen, die sich in verschiedenen Teilen des Landes befinden. Hier k\u00f6nnen Sie \u00fcberpr\u00fcfen welcher Flughafen sich am besten f\u00fcr Ihren Urlaub eignet.<\/p>\n<p style=\"text-align: justify;\"><strong><span style=\"color: #ff0000;\">Flughafen Sofia &#8211; IATA Code SOF<\/span> &#8211; (~4 Mio. Passagiere)<\/strong><\/p>\n<p style=\"text-align: justify;\">Der Flughafen in Sofia ist <strong>der Mittelpunkt f\u00fcr Bulgaria Air<\/strong> und einige andere, kleinere bulgarische Fluggesellschaften. Fluggesellschaften, <strong>die kosteng\u00fcnstige Fl\u00fcge bieten, wie Wizz Air und Ryanair<\/strong> haben auch Verbindungen zu diesem Flughafen. Der Flughafen liegt ca. 10 Km \u00f6stlich vom Stadtzentrum. Zur Innenstadt kommt man am schnellsten mit der U-Bahn, die ca. 20 minuten braucht. Als Alternative haben Sie Flughafenbusse, die zum Zentrum und in die Vororte der Hauptstadt fahren. Der Flughafen Sofia ist eine gute Option, wenn Sie in den westlichen Teil Bulgariens reisen. Dort befinden sich S<strong>kigebiete wie Vitosha, Bansko und Borovets<\/strong>. Vom Flughafen in Sofia aus gibt es keine direkte Verbindungen (Zug\/Bus) zu den St\u00e4dten wie Plovdiv, Pernik, Blagoevgrad, aber Sie k\u00f6nnen all diese Ziele vom <a href=\"https:\/\/Traveling.com\/de\/bus-von-sofia\"><strong>Busbahnhof in Sofia<\/strong><\/a> aus erreichen. Der Hauptbahnhof kann in 30 Minuten vom Flughafen erreicht werden.<\/p>\n<p style=\"text-align: justify;\">Webseite vom Sofia Flughafen \u2013<a href=\"http:\/\/www.sofia-airport.bg\/en\/passengers\" target=\"_blank\" rel=\"noopener noreferrer\"> http:\/\/www.sofia-airport.bg\/<\/a><\/p>\n<p style=\"text-align: justify;\"><strong><span style=\"color: #ff0000;\">Flughafen Burgas &#8211; IATA Code BOJ<\/span> &#8211; (~2,3 Mio. Passagiere)<\/strong><\/p>\n<p style=\"text-align: justify;\">Der Flughafen in Burgas ist mit <strong>den Strandresorts an der bulgarischen K\u00fcste<\/strong> verbunden <strong>(Pomorie, Nessebar, Sunny Beach, Sozopol, Primorsko)<\/strong>. Der Flughafen liegt 10 Km von der Innenstadt Burgas entfernt. Der <strong><a href=\"https:\/\/Traveling.com\/de\/bus-von-burgas\">Busbhanhof in Burgas<\/a><\/strong> und der Flughafen sind sehr gut mit den \u00f6ffentlichen Bussen verbunden. Vom Hauptbahnhof aus haben Sie Verbindungen zu allen Urlaubsorten an der K\u00fcste. Ein T<strong>axi vom Burgas Flughafen bis zum Sunny beach kostet etwa 50 Leva (25 Euro)<\/strong>, was ca. 1 Euro pro Kilometer ist. Im Sommer haben Sie regelm\u00e4\u00dfige Fl\u00fcge nach Burgas aus <strong>Amsterdam, Z\u00fcrich, Berlin, M\u00fcnchen, Kopenhagen, Stockholm, Prag, Bratislava, Frankfurt, London<\/strong> und aus vielen weiteren europ\u00e4ischen St\u00e4dten.<\/p>\n<p style=\"text-align: justify;\">Webseite vom Burgas Flughafen \u2013 <a href=\"http:\/\/www.bourgas-airport.com\/Home\/tabid\/36\/language\/de-DE\" target=\"_blank\" rel=\"noopener noreferrer\">http:\/\/www.bourgas-airport.com\/<\/a><\/p>\n<p style=\"text-align: justify;\"><a class=\"lightbox\" href=\"https:\/\/Traveling.com\/de\/blog\/wp-content\/uploads\/2017\/01\/Airports-Bulgaria.jpeg\"><img decoding=\"async\" class=\"size-full wp-image-1255 aligncenter\" src=\"https:\/\/Traveling.com\/de\/blog\/wp-content\/uploads\/2017\/01\/Airports-Bulgaria.jpeg\" alt=\"airports-bulgaria\" width=\"1024\" height=\"715\" srcset=\"https:\/\/d2bgjx2gb489de.cloudfront.net\/gbb-blogs\/wp-content\/uploads\/2017\/01\/16121530\/Airports-Bulgaria.jpeg 1024w, https:\/\/d2bgjx2gb489de.cloudfront.net\/gbb-blogs\/wp-content\/uploads\/2017\/01\/16121530\/Airports-Bulgaria-300x209.jpeg 300w, https:\/\/d2bgjx2gb489de.cloudfront.net\/gbb-blogs\/wp-content\/uploads\/2017\/01\/16121530\/Airports-Bulgaria-768x536.jpeg 768w\" sizes=\"(max-width: 1024px) 100vw, 1024px\" \/><\/a><\/p>\n<p style=\"text-align: justify;\"><strong><span style=\"color: #ff0000;\">Flughafen Varna &#8211; IATA Code VAR<\/span> &#8211; (~1,4 Mio Passagiere)<\/strong><\/p>\n<p style=\"text-align: justify;\">Der Flughafen in Varna ist auch gut <strong>mit der bulgarischen K\u00fcste verbunden<\/strong>. Dieser Flughafen befindet sich 10 Km westlich von Varna und liegt am n\u00e4chsten zu den Urlaubs St\u00e4dten <strong>wie Goldstrand, St. Konstantin und Helena, Albena, Balchik<\/strong> und weiteren St\u00e4dten im Norden. Vom Flughafen aus gibt es einen \u00f6ffentlichen Bus nach Varna (20 Min.) und Goldstrand (50 Min. Reisezeit). Der Bus f\u00e4hrt vor dem Terminal ab. Andere Reiseziele k\u00f6nnen vom <a href=\"https:\/\/Traveling.com\/de\/bus-von-varna\"><strong>Varna Busbahnhof<\/strong><\/a> aus erreicht werden. Ein Taxi oder Transfer vom Flughafen zum Goldstrand kostet ca. 40-50 Leva (20-25 Euro). Im Sommer gibt es Fl\u00fcge zum Varna Flughafen aus mehr als 25 St\u00e4dten wie z.B. <strong>Br\u00fcssel, Bremen, D\u00fcsseldorf, Prag, Oslo, Helsinki, Belgrad<\/strong>. Im Winter gibt es internationale Fl\u00fcge aus Wien und Moskau, wie auch inl\u00e4ndische Fl\u00fcge aus Sofia und Burgas.<\/p>\n<p style=\"text-align: justify;\">Webseite vom Varna Flughafen &#8211; \u00a0<a href=\"http:\/\/www.varna-airport.com\/Home\/tabid\/36\/language\/de-DE\" target=\"_blank\" rel=\"noopener noreferrer\">http:\/\/www.varna-airport.com\/<\/a><\/p>\n<p style=\"text-align: justify;\"><strong><span style=\"color: #ff0000;\">Flughafen Plovdiv &#8211; IATA-Code VAR<\/span> &#8211; (~ 100.000 Passagiere)<\/strong><\/p>\n<p style=\"text-align: justify;\">Der Flughafen Plovdiv Krumovo ist ein ziemlich kleiner Flughafen, <strong>der etwa 6 km s\u00fcd\u00f6stlich vom Zentrums Plovdivs liegt<\/strong>. Der Flughafen wird haupts\u00e4chlich f\u00fcr den Charterverkehr w\u00e4hrend der Wintersaison genutzt, wobei die meisten der ankommenden G\u00e4ste in die <strong>nahegelegenen Skigebiete Bansko, Pamporovo und Borovets<\/strong> reisen. Zus\u00e4tzlich zu den saisonalen Fl\u00fcgen gibt es das ganze Jahr \u00fcber Verbindungen <strong>zum London Stansted<\/strong>, betrieben von Ryanair. Derzeit gibt es keine \u00f6ffentlichen Verkehrsmittel vom Flughafen, sodass man nach Plovdiv oder zum Skigebiet nur mit einem Taxi oder Transfer kommt.<\/p>\n<p style=\"text-align: justify;\">Webseite vom Plovdiv Flughafen &#8211; <a href=\"http:\/\/www.plovdivairport.com\/en#\" target=\"_blank\" rel=\"noopener noreferrer\">http:\/\/www.plovdivairport.com\/<\/a><\/p>\n<p style=\"text-align: justify;\"><strong><span style=\"color: #ff0000;\">Gorna Oryahovitsa Flughafen &#8211; IATA-Code GOZ<\/span> &#8211; (~ 0 Passagiere)<\/strong><\/p>\n<p style=\"text-align: justify;\">Leider betreibt der Flughafen Gorna zurzeit keine Linienfl\u00fcge oder Charterfl\u00fcge.<\/p>\n<p style=\"text-align: justify;\"><strong>Flugh\u00e4fen in den Nachbarl\u00e4ndern:<\/strong><\/p>\n<table style=\"height: 38px;\" width=\"739\">\n<tbody>\n<tr>\n<td>Flugh\u00e4fen in Serbien<\/td>\n<td><a href=\"https:\/\/Traveling.com\/de\/blog\/flughaefen-mazedonien\/\">Flugh\u00e4fen in Mazedonien<\/a><\/td>\n<td><a href=\"https:\/\/Traveling.com\/de\/blog\/flughaefen-griechenland\/\">Flugh\u00e4fen in Griechenland<\/a><\/td>\n<\/tr>\n<tr>\n<td>Flugh\u00e4fen in Rum\u00e4nien<\/td>\n<td><a href=\"https:\/\/Traveling.com\/de\/blog\/flughaefen-tuerkei\/\">Flugh\u00e4fen in der T\u00fcrkei<\/a><\/td>\n<td><\/td>\n<\/tr>\n<\/tbody>\n<\/table>\n<p style=\"text-align: justify;\">Auf der Karte unten sehen Sie die Position des Flughafens sowie Flugh\u00e4fen in den Nachbarl\u00e4ndern.<\/p>\n<p><iframe src=\"https:\/\/www.google.com\/maps\/d\/u\/0\/embed?mid=1fEhiunX4GFauzrQzfs5ygTpknVY\" width=\"736\" height=\"552\"><\/iframe><\/p>\n","protected":false},"excerpt":{"rendered":"<p>Egal ob Sie einen sonnigen Urlaub am Strand, oder einen g\u00fcnstigen Skiurlaub in Bulgarien machen, sollten Sie wissen welchen Flughafen Sie benutzen sollten. Zurzeit gibt es in Bulgarien 5 internationale Flugh\u00e4fen, die sich in verschiedenen Teilen des Landes befinden. Hier k\u00f6nnen Sie \u00fcberpr\u00fcfen welcher Flughafen sich am besten f\u00fcr Ihren Urlaub eignet. Flughafen Sofia &#8211; [&hellip;]<\/p>\n<p><a class=\"more-link btn btn-primary\" href=\"https:\/\/traveling.com\/de\/blog\/flughaefen-bulgarien\/\"> Continue reading&#8230;<\/a><\/p>\n","protected":false},"author":1,"featured_media":0,"parent":0,"menu_order":0,"comment_status":"closed","ping_status":"closed","template":"","meta":[],"yoast_head":"<!-- This site is optimized with the Yoast SEO plugin v19.8 - https:\/\/yoast.com\/wordpress\/plugins\/seo\/ -->\n<title>Flugh\u00e4fen in Bulgarien, Karten, Codes und Ankunfszeiten<\/title>\n<meta name=\"robots\" content=\"index, follow, max-snippet:-1, max-image-preview:large, max-video-preview:-1\" \/>\n<link rel=\"canonical\" href=\"https:\/\/traveling.com\/de\/blog\/flughaefen-bulgarien\/\" \/>\n<meta property=\"og:locale\" content=\"en_GB\" \/>\n<meta property=\"og:type\" content=\"article\" \/>\n<meta property=\"og:title\" content=\"Flugh\u00e4fen in Bulgarien, Karten, Codes und Ankunfszeiten\" \/>\n<meta property=\"og:description\" content=\"Egal ob Sie einen sonnigen Urlaub am Strand, oder einen g\u00fcnstigen Skiurlaub in Bulgarien machen, sollten Sie wissen welchen Flughafen Sie benutzen sollten. Zurzeit gibt es in Bulgarien 5 internationale Flugh\u00e4fen, die sich in verschiedenen Teilen des Landes befinden. Hier k\u00f6nnen Sie \u00fcberpr\u00fcfen welcher Flughafen sich am besten f\u00fcr Ihren Urlaub eignet. Flughafen Sofia &#8211; [&hellip;] Continue reading...\" \/>\n<meta property=\"og:url\" content=\"https:\/\/traveling.com\/de\/blog\/flughaefen-bulgarien\/\" \/>\n<meta property=\"og:site_name\" content=\"Traveling.com Blog\" \/>\n<meta property=\"article:modified_time\" content=\"2025-03-24T10:53:12+00:00\" \/>\n<meta property=\"og:image\" content=\"https:\/\/getbybus.com\/de\/blog\/wp-content\/uploads\/2017\/01\/Airports-Bulgaria.jpeg\" \/>\n<meta name=\"twitter:card\" content=\"summary_large_image\" \/>\n<meta name=\"twitter:label1\" content=\"Est. reading time\" \/>\n\t<meta name=\"twitter:data1\" content=\"3 minutes\" \/>\n<script type=\"application\/ld+json\" class=\"yoast-schema-graph\">{\"@context\":\"https:\/\/schema.org\",\"@graph\":[{\"@type\":\"WebPage\",\"@id\":\"https:\/\/traveling.com\/de\/blog\/flughaefen-bulgarien\/\",\"url\":\"https:\/\/traveling.com\/de\/blog\/flughaefen-bulgarien\/\",\"name\":\"Flugh\u00e4fen in Bulgarien, Karten, Codes und Ankunfszeiten\",\"isPartOf\":{\"@id\":\"https:\/\/traveling.com\/de\/blog\/#website\"},\"datePublished\":\"2017-01-16T10:20:15+00:00\",\"dateModified\":\"2025-03-24T10:53:12+00:00\",\"breadcrumb\":{\"@id\":\"https:\/\/traveling.com\/de\/blog\/flughaefen-bulgarien\/#breadcrumb\"},\"inLanguage\":\"en-GB\",\"potentialAction\":[{\"@type\":\"ReadAction\",\"target\":[\"https:\/\/traveling.com\/de\/blog\/flughaefen-bulgarien\/\"]}]},{\"@type\":\"BreadcrumbList\",\"@id\":\"https:\/\/traveling.com\/de\/blog\/flughaefen-bulgarien\/#breadcrumb\",\"itemListElement\":[{\"@type\":\"ListItem\",\"position\":1,\"name\":\"Home\",\"item\":\"https:\/\/traveling.com\/de\/blog\/\"},{\"@type\":\"ListItem\",\"position\":2,\"name\":\"Bulgarien &#8211; Liste der Flugh\u00e4fen\"}]},{\"@type\":\"WebSite\",\"@id\":\"https:\/\/traveling.com\/de\/blog\/#website\",\"url\":\"https:\/\/traveling.com\/de\/blog\/\",\"name\":\"Traveling.com Blog\",\"description\":\"Dein Kompletter Reisef\u00fchrer\",\"potentialAction\":[{\"@type\":\"SearchAction\",\"target\":{\"@type\":\"EntryPoint\",\"urlTemplate\":\"https:\/\/traveling.com\/de\/blog\/?s={search_term_string}\"},\"query-input\":\"required name=search_term_string\"}],\"inLanguage\":\"en-GB\"}]}<\/script>\n<!-- \/ Yoast SEO plugin. -->","yoast_head_json":{"title":"Flugh\u00e4fen in Bulgarien, Karten, Codes und Ankunfszeiten","robots":{"index":"index","follow":"follow","max-snippet":"max-snippet:-1","max-image-preview":"max-image-preview:large","max-video-preview":"max-video-preview:-1"},"canonical":"https:\/\/traveling.com\/de\/blog\/flughaefen-bulgarien\/","og_locale":"en_GB","og_type":"article","og_title":"Flugh\u00e4fen in Bulgarien, Karten, Codes und Ankunfszeiten","og_description":"Egal ob Sie einen sonnigen Urlaub am Strand, oder einen g\u00fcnstigen Skiurlaub in Bulgarien machen, sollten Sie wissen welchen Flughafen Sie benutzen sollten. Zurzeit gibt es in Bulgarien 5 internationale Flugh\u00e4fen, die sich in verschiedenen Teilen des Landes befinden. Hier k\u00f6nnen Sie \u00fcberpr\u00fcfen welcher Flughafen sich am besten f\u00fcr Ihren Urlaub eignet. Flughafen Sofia &#8211; [&hellip;] Continue reading...","og_url":"https:\/\/traveling.com\/de\/blog\/flughaefen-bulgarien\/","og_site_name":"Traveling.com Blog","article_modified_time":"2025-03-24T10:53:12+00:00","og_image":[{"url":"https:\/\/getbybus.com\/de\/blog\/wp-content\/uploads\/2017\/01\/Airports-Bulgaria.jpeg"}],"twitter_card":"summary_large_image","twitter_misc":{"Est. reading time":"3 minutes"},"schema":{"@context":"https:\/\/schema.org","@graph":[{"@type":"WebPage","@id":"https:\/\/traveling.com\/de\/blog\/flughaefen-bulgarien\/","url":"https:\/\/traveling.com\/de\/blog\/flughaefen-bulgarien\/","name":"Flugh\u00e4fen in Bulgarien, Karten, Codes und Ankunfszeiten","isPartOf":{"@id":"https:\/\/traveling.com\/de\/blog\/#website"},"datePublished":"2017-01-16T10:20:15+00:00","dateModified":"2025-03-24T10:53:12+00:00","breadcrumb":{"@id":"https:\/\/traveling.com\/de\/blog\/flughaefen-bulgarien\/#breadcrumb"},"inLanguage":"en-GB","potentialAction":[{"@type":"ReadAction","target":["https:\/\/traveling.com\/de\/blog\/flughaefen-bulgarien\/"]}]},{"@type":"BreadcrumbList","@id":"https:\/\/traveling.com\/de\/blog\/flughaefen-bulgarien\/#breadcrumb","itemListElement":[{"@type":"ListItem","position":1,"name":"Home","item":"https:\/\/traveling.com\/de\/blog\/"},{"@type":"ListItem","position":2,"name":"Bulgarien &#8211; Liste der Flugh\u00e4fen"}]},{"@type":"WebSite","@id":"https:\/\/traveling.com\/de\/blog\/#website","url":"https:\/\/traveling.com\/de\/blog\/","name":"Traveling.com Blog","description":"Dein Kompletter Reisef\u00fchrer","potentialAction":[{"@type":"SearchAction","target":{"@type":"EntryPoint","urlTemplate":"https:\/\/traveling.com\/de\/blog\/?s={search_term_string}"},"query-input":"required name=search_term_string"}],"inLanguage":"en-GB"}]}},"_links":{"self":[{"href":"https:\/\/traveling.com\/de\/blog\/wp-json\/wp\/v2\/pages\/1254"}],"collection":[{"href":"https:\/\/traveling.com\/de\/blog\/wp-json\/wp\/v2\/pages"}],"about":[{"href":"https:\/\/traveling.com\/de\/blog\/wp-json\/wp\/v2\/types\/page"}],"author":[{"embeddable":true,"href":"https:\/\/traveling.com\/de\/blog\/wp-json\/wp\/v2\/users\/1"}],"replies":[{"embeddable":true,"href":"https:\/\/traveling.com\/de\/blog\/wp-json\/wp\/v2\/comments?post=1254"}],"version-history":[{"count":4,"href":"https:\/\/traveling.com\/de\/blog\/wp-json\/wp\/v2\/pages\/1254\/revisions"}],"predecessor-version":[{"id":8352,"href":"https:\/\/traveling.com\/de\/blog\/wp-json\/wp\/v2\/pages\/1254\/revisions\/8352"}],"wp:attachment":[{"href":"https:\/\/traveling.com\/de\/blog\/wp-json\/wp\/v2\/media?parent=1254"}],"curies":[{"name":"wp","href":"https:\/\/api.w.org\/{rel}","templated":true}]}}