{"id":1271,"date":"2017-01-17T11:35:39","date_gmt":"2017-01-17T09:35:39","guid":{"rendered":"https:\/\/getbybus.com\/de\/blog\/?page_id=1271"},"modified":"2025-03-24T12:57:23","modified_gmt":"2025-03-24T10:57:23","slug":"flughaefen-griechenland","status":"publish","type":"page","link":"https:\/\/traveling.com\/de\/blog\/flughaefen-griechenland\/","title":{"rendered":"Griechenland &#8211; Liste der Flugh\u00e4fen"},"content":{"rendered":"<p style=\"text-align: justify;\">Zurzeit gibt es 15 internationale Flugh\u00e4fen in Griechenland. Sie befinden sich vor allem auf den Inseln, da diese sehr beliebte Urlaubsziele sind. Das Umherreisen im Land ist recht einfach und es gibt Verbindungen mit jedem Teil von Griechenland. \u00dcberpr\u00fcfen Sie im Voraus Ihre Reiseroute, weil die kleineren Flugh\u00e4fen vielleicht bequemer f\u00fcr Sie sind, als die in den griechischen Gro\u00dfst\u00e4dten.<\/p>\n<p style=\"text-align: justify;\"><strong><span style=\"color: #ff0000;\">Flughafen Athen &#8211; IATA-Code ATH<\/span> &#8211; (~ 18 Mio. Passagiere)<\/strong><\/p>\n<p style=\"text-align: justify;\">Flughafen von Athen ist auch unter dem Namen Eleftherios Venizelos Flughafen bekannt. Er ist der wichtigste internationale Flughafen, der Athen und die Region Attika bedient. Es ist der gr\u00f6\u00dfte Flughafen Griechenlands, und dient als Mittelpunkt f\u00fcr Aegean Airlines und andere griechische Fluggesellschaften. Im letzten Jahr war der Flughafen dem Passagierverkehr nach der 30. in Europa.<\/p>\n<p style=\"text-align: justify;\"><strong><span style=\"color: #ff0000;\">Heraklion Flughafen &#8211; IATA-Code HER<\/span> &#8211; (~ 6 Mio. Passagiere)<\/strong><\/p>\n<p style=\"text-align: justify;\">Der Heraklion oder Nikos Kazantzakis Flughafen ist der zweitgr\u00f6\u00dfte Flughafen im Land. Er bedient die Insel Kreta und liegt 5 km \u00f6stlich von Heraklion. Der Flughafen bietet Fl\u00fcge zu allen gro\u00dfen europ\u00e4ischen St\u00e4dten und Urlaubszielen. W\u00e4hrend der Hochsaison gibt es Verbindungen zu mehr als 100 St\u00e4dten.<\/p>\n<p style=\"text-align: justify;\"><strong><span style=\"color: #ff0000;\">Thessaloniki Flughafen &#8211; IATA-Code SKG<\/span> &#8211; (~ 5.3 Mio. Passagiere)<\/strong><\/p>\n<p style=\"text-align: justify;\">Der Thessaloniki Flughafen ist auch als der Mazedonien-Flughafen bekannt (fr\u00fcher Micra Flughafen), und liegt 7 km s\u00fcdlich vom wei\u00dfen Turm von Thessaloniki bei Thermi. Es ist der Hauptflughafen in Nordgriechenland, und bedient die Umgebung von Thessaloniki, das beliebte Reiseziel Chalkidiki und die umliegenden St\u00e4dte.<\/p>\n<p style=\"text-align: justify;\"><strong><span style=\"color: #ff0000;\">Flughafen Rhodos &#8211; IATA-Code RHO<\/span> &#8211; (~ 4,6 Mio. Passagiere)<\/strong><\/p>\n<p style=\"text-align: justify;\">Der andere Name des Flughafens ist der Flughafen Diagoras, und er befindet sich auf der westlichen Seite der griechischen Insel Rhodos. Der Flughafen ist 14 km s\u00fcdwestlich von der Hauptstadt der Insel entfernt. In der Hochsaison bieten sich (meist Charter) Fl\u00fcge zu vielen europ\u00e4ischen Urlaubszielen.<\/p>\n<p style=\"text-align: justify;\"><strong><span style=\"color: #ff0000;\">Flughafen Chania &#8211; IATA-Code CHQ<\/span> &#8211; (~ 2,8 Mio. Passagiere)<\/strong><\/p>\n<p style=\"text-align: justify;\">Der Flughafen Chania oder Daskalogiannis ist ein internationaler Flughafen auf der Halbinsel Akrotiri auf Kreta, 14 km von der Stadt Chania entfernt. Der Flughafen bietet eine Vielzahl von Verbindungen zu allen Teilen Europas.<\/p>\n<p style=\"text-align: justify;\"><a class=\"lightbox\" href=\"https:\/\/Traveling.com\/de\/blog\/wp-content\/uploads\/2017\/01\/Athens_shutterstock_209869414.jpeg\"><img decoding=\"async\" class=\"size-full wp-image-1272 aligncenter\" src=\"https:\/\/Traveling.com\/de\/blog\/wp-content\/uploads\/2017\/01\/Athens_shutterstock_209869414.jpeg\" alt=\"athens_shutterstock_209869414\" width=\"1024\" height=\"683\" srcset=\"https:\/\/d2bgjx2gb489de.cloudfront.net\/gbb-blogs\/wp-content\/uploads\/2017\/01\/17112940\/Athens_shutterstock_209869414.jpeg 1024w, https:\/\/d2bgjx2gb489de.cloudfront.net\/gbb-blogs\/wp-content\/uploads\/2017\/01\/17112940\/Athens_shutterstock_209869414-300x200.jpeg 300w, https:\/\/d2bgjx2gb489de.cloudfront.net\/gbb-blogs\/wp-content\/uploads\/2017\/01\/17112940\/Athens_shutterstock_209869414-768x512.jpeg 768w\" sizes=\"(max-width: 1024px) 100vw, 1024px\" \/><\/a><\/p>\n<p style=\"text-align: justify;\"><strong><span style=\"color: #ff0000;\">Flughafen Korfu &#8211; IATA-Code CFU<\/span> &#8211; (~ 2,4 Mio. Passagiere)<\/strong><\/p>\n<p style=\"text-align: justify;\">Der Flughafen von Korfu, auch Ioannis Kapodistrias Flugh\u00e4fen genannt, ist ein Flughafen auf der griechischen Insel Korfu mit Linien- und Charterfl\u00fcgen nach Europa. Der H\u00f6hepunkt ist im Sommer, zwischen April und Oktober. Der Flughafen liegt 2 km s\u00fcdlich von der Stadt Korfu.<\/p>\n<p style=\"text-align: justify;\"><strong><span style=\"color: #ff0000;\">Kos Flughafen &#8211; IATA-Code KGS<\/span> &#8211; (~ 2.1 Mio. Passagiere)<\/strong><\/p>\n<p style=\"text-align: justify;\">Der Hippokrates-Flughafen ist der andere Name von diesem kleinen Flughafens in der N\u00e4he des Dorfes Antimachia, auf der Insel Kos. Da die Insel ein sehr beliebtes Touristenziel ist, verzeichnet der Flughafen jeden Sommer einen hohen Personenverkehr.<\/p>\n<p style=\"text-align: justify;\"><strong><span style=\"color: #ff0000;\">Flughafen Santorini (Thira) &#8211; IATA-Code JTR<\/span> &#8211; (~ 1,5 Mio. Passagiere)<\/strong><\/p>\n<p style=\"text-align: justify;\">Der Flughafen Santorini liegt n\u00f6rdlich vom Dorf Kamari. Wegen seiner Gr\u00f6\u00dfe ist der Flughafen nicht in der Lage, mehr als 6 Flugzeuge zur gleichen Zeit zu bedienen. Der Flughafen ist nur 6 km s\u00fcd\u00f6stlich von der Stadt Thira entfernt. Er betreibt Fl\u00fcge von Ryanair, Olympic Air, Aegean Airlines und vielen anderen Fluggesellschaften.<\/p>\n<p style=\"text-align: justify;\"><strong><span style=\"color: #ff0000;\">Flughafen Zakynthos &#8211; IATA-Code ZTH<\/span> &#8211; (1,3 Mio. Passagiere)<\/strong><\/p>\n<p style=\"text-align: justify;\">Der Zakynthos Flughafen, auch Dionysios Solomos Flughafen genannt, bedient die Insel Zakynthos in Griechenland. Der Flughafen befindet sich in der N\u00e4he der Stadt Kalamaki. Anders als bei den meisten anderen Flugh\u00e4fen sind hier Landungen und Abfl\u00fcge von 22:00 bis 05:00 Uhr verboten und zwar wegen den gef\u00e4hrdeten Karettschildkr\u00f6ten, die nachts ihre Eier am Strand legen.<\/p>\n<p style=\"text-align: justify;\"><strong><span style=\"color: #ff0000;\">Mykonos Flughafen &#8211; IATA Code JMK<\/span> &#8211; (~ 0.9 Mio. Passagiere)<\/strong><\/p>\n<p style=\"text-align: justify;\">Der Flughafen bedient die Insel Mykonos und ist nur 4 km vom Stadtzentrum entfernt. Ausserhalb der Saison hat es begrenzte Flugverbindungen und Betriebsstunden. Allerdings \u00e4ndert sich das im Sommer, wenn die Insel ein beliebtes Urlaubsziel wird.<\/p>\n<p style=\"text-align: justify;\"><a class=\"lightbox\" href=\"https:\/\/Traveling.com\/de\/blog\/wp-content\/uploads\/2017\/01\/Thessaloniki_shutterstock_272501591.jpeg\"><img decoding=\"async\" class=\"size-full wp-image-1273 aligncenter\" src=\"https:\/\/Traveling.com\/de\/blog\/wp-content\/uploads\/2017\/01\/Thessaloniki_shutterstock_272501591.jpeg\" alt=\"thessaloniki_shutterstock_272501591\" width=\"1024\" height=\"451\" srcset=\"https:\/\/d2bgjx2gb489de.cloudfront.net\/gbb-blogs\/wp-content\/uploads\/2017\/01\/17113048\/Thessaloniki_shutterstock_272501591.jpeg 1024w, https:\/\/d2bgjx2gb489de.cloudfront.net\/gbb-blogs\/wp-content\/uploads\/2017\/01\/17113048\/Thessaloniki_shutterstock_272501591-300x132.jpeg 300w, https:\/\/d2bgjx2gb489de.cloudfront.net\/gbb-blogs\/wp-content\/uploads\/2017\/01\/17113048\/Thessaloniki_shutterstock_272501591-768x338.jpeg 768w\" sizes=\"(max-width: 1024px) 100vw, 1024px\" \/><\/a><\/p>\n<p style=\"text-align: justify;\"><strong>Kefalonia Airport &#8211; IATA-Code EFL &#8211; (~ 0,5 Mio. Passagiere)<\/strong><\/p>\n<p style=\"text-align: justify;\"><span style=\"color: #0000ff;\">\u2022 Auch genannt:<\/span> Flughafen Anna Pollatou<\/p>\n<p style=\"text-align: justify;\"><span style=\"color: #0000ff;\">\u2022 St\u00e4dte in der N\u00e4he:<\/span> Sami, Poros, Lixouri, Lourdata<\/p>\n<p style=\"text-align: justify;\"><span style=\"color: #0000ff;\">\u2022 Vom Flughafen nach Kefalonia:<\/span> Taxi &#8211; 20 min<\/p>\n<p style=\"text-align: justify;\"><strong>Flughafen Mytilene &#8211; IATA-Code MJT &#8211; (~ 0,5 Mio. Passagiere)<\/strong><\/p>\n<p style=\"text-align: justify;\"><span style=\"color: #0000ff;\">\u2022 Auch genannt:<\/span> Odysseas Elytis Flughafen<\/p>\n<p style=\"text-align: justify;\"><span style=\"color: #0000ff;\">\u2022 St\u00e4dte in der N\u00e4he:<\/span> Varia, Marmaro, Kratigou, Charamida<\/p>\n<p style=\"text-align: justify;\"><span style=\"color: #0000ff;\">\u2022 Vom Flughafen nach Mytilene :<\/span> Taxi &#8211; 15 min<\/p>\n<p style=\"text-align: justify;\"><strong>Samos Flughafen &#8211; IATA Code SMI &#8211; (~ 0.4 Mio. Passagiere)<\/strong><\/p>\n<p style=\"text-align: justify;\"><span style=\"color: #0000ff;\">\u2022 Auch genannt:<\/span> Aristarchos von Samos Flughafen<\/p>\n<p style=\"text-align: justify;\"><span style=\"color: #0000ff;\">\u2022 St\u00e4dte in der N\u00e4he:<\/span> Strogili, Kokkari, Pythagorio<\/p>\n<p style=\"text-align: justify;\"><span style=\"color: #0000ff;\">\u2022 Vom Flughafen nach Samos:<\/span> Taxi &#8211; 15 min<\/p>\n<p style=\"text-align: justify;\"><strong>Aktion Flughafen &#8211; IATA-Code PVK &#8211; (~ 0.4 Mio. Passagiere)<\/strong><\/p>\n<p style=\"text-align: justify;\"><span style=\"color: #0000ff;\">\u2022 Auch genannt:<\/span> Preveza Flughafen, Lefkada Flughafen<\/p>\n<p style=\"text-align: justify;\"><span style=\"color: #0000ff;\">\u2022 St\u00e4dte in der N\u00e4he:<\/span> Vonitsa, Paliampela, Drimos, Psathaki<\/p>\n<p style=\"text-align: justify;\"><span style=\"color: #0000ff;\">\u2022 Vom Flughafen nach Aktion:<\/span> Bus &#8211; 25 min<\/p>\n<p style=\"text-align: justify;\"><strong>Skiathos Flughafen &#8211; IATA Code JSI &#8211; (~ 0.4 Mio. Passagiere)<\/strong><\/p>\n<p style=\"text-align: justify;\"><span style=\"color: #0000ff;\">\u2022 Auch genannt:<\/span> Alexandros Papadiamantis Flughafen<\/p>\n<p style=\"text-align: justify;\"><span style=\"color: #0000ff;\">\u2022 St\u00e4dte in der N\u00e4he:<\/span> Achladies, Xanemos, Kalivia<\/p>\n<p style=\"text-align: justify;\"><span style=\"color: #0000ff;\">\u2022 Vom Flughafen nach Skiathos:<\/span> Shuttle-Bus &#8211; 20 min<\/p>\n<p style=\"text-align: justify;\"><strong>Flughafen Kavala &#8211; IATA-Code KVA &#8211; (~ 0,2 Mio. Passagiere)<\/strong><\/p>\n<p style=\"text-align: justify;\"><span style=\"color: #0000ff;\">\u2022 Auch genannt:<\/span> Alexander der Gro\u00dfe Flughafen<\/p>\n<p style=\"text-align: justify;\"><span style=\"color: #0000ff;\">\u2022 St\u00e4dte in der N\u00e4he:<\/span> Toska, Sanatorio, Chalkero<\/p>\n<p style=\"text-align: justify;\"><span style=\"color: #0000ff;\">\u2022 Vom Flughafen nach Kavala:<\/span> Shuttle-Bus &#8211; 15 min<\/p>\n<p style=\"text-align: justify;\"><strong>Karpathos Flughafen &#8211; IATA-Code AOK &#8211; (~ 0,2 Mio. Passagiere)<\/strong><\/p>\n<p style=\"text-align: justify;\"><span style=\"color: #0000ff;\">\u2022 Auch genannt:<\/span> \/<\/p>\n<p style=\"text-align: justify;\"><span style=\"color: #0000ff;\">\u2022 St\u00e4dte in der N\u00e4he:<\/span> Lakki, Aperi, Arkassa<\/p>\n<p style=\"text-align: justify;\"><span style=\"color: #0000ff;\">\u2022 Vom Flughafen nach Karpathos:<\/span> Shuttle-Bus &#8211; 20 min, Taxi &#8211; 15 min<\/p>\n<p style=\"text-align: justify;\"><strong>Chios Flughafen &#8211; IATA-Code JKH &#8211; (~ 0,2 Mio. Passagiere)<\/strong><\/p>\n<p style=\"text-align: justify;\"><span style=\"color: #0000ff;\">\u2022 Auch genannt:<\/span> Flughafen Omiros<\/p>\n<p style=\"text-align: justify;\"><span style=\"color: #0000ff;\">\u2022 St\u00e4dte in der N\u00e4he:<\/span> Karfas, Vrontados, Nenita<\/p>\n<p style=\"text-align: justify;\"><span style=\"color: #0000ff;\">\u2022 Vom Flughafen nach Chios:<\/span> Taxi &#8211; 10 min<\/p>\n<p style=\"text-align: justify;\"><strong>Flughafen Kalamata &#8211; IATA-Code KLX &#8211; (~ 0,2 Mio. Passagiere)<\/strong><\/p>\n<p style=\"text-align: justify;\"><span style=\"color: #0000ff;\">\u2022 Auch genannt:<\/span> Kapit\u00e4n Vassilis Konstantakopoulos<\/p>\n<p style=\"text-align: justify;\"><span style=\"color: #0000ff;\">\u2022 St\u00e4dte in der N\u00e4he:<\/span> Fares, Akovitika, Leika<\/p>\n<p style=\"text-align: justify;\"><span style=\"color: #0000ff;\">\u2022 Vom Flughafen nach Kalamata:<\/span> Bus &#8211; 20 min<\/p>\n<p style=\"text-align: justify;\"><strong>Araxos Flughafen &#8211; IATA-Code GPA &#8211; (~ 0,1 Mio. Passagiere)<\/strong><\/p>\n<p style=\"text-align: justify;\"><span style=\"color: #0000ff;\">\u2022 Auch genannt:<\/span> Flughafen Agamemnon<\/p>\n<p style=\"text-align: justify;\"><span style=\"color: #0000ff;\">\u2022 St\u00e4dte in der N\u00e4he:<\/span> Metochi, Limnochori, Kalamaki, Lakopetra<\/p>\n<p style=\"text-align: justify;\"><span style=\"color: #0000ff;\">\u2022 Vom Flughafen nach Araxos:<\/span> Bus &#8211; 30 min<\/p>\n<p style=\"text-align: justify;\"><strong>Flugh\u00e4fen in den Nachbarl\u00e4ndern:<\/strong><\/p>\n<table style=\"height: 44px;\" width=\"643\">\n<tbody>\n<tr>\n<td>Flugh\u00e4fen in Albanien<\/td>\n<td>Flugh\u00e4fen in Mazedonien<\/td>\n<td>Flugh\u00e4fen in Bulgarien<\/td>\n<\/tr>\n<tr>\n<td><a href=\"https:\/\/Traveling.com\/de\/blog\/flughaefen-tuerkei\/\">Flugh\u00e4fen in der T\u00fcrkei<\/a><\/td>\n<td><\/td>\n<td><\/td>\n<\/tr>\n<\/tbody>\n<\/table>\n<p><iframe src=\"https:\/\/www.google.com\/maps\/d\/embed?mid=1teP0IgHl3Jq2obl-1Sa6hG4LCh4\" width=\"640\" height=\"480\"><\/iframe><\/p>\n","protected":false},"excerpt":{"rendered":"<p>Zurzeit gibt es 15 internationale Flugh\u00e4fen in Griechenland. Sie befinden sich vor allem auf den Inseln, da diese sehr beliebte Urlaubsziele sind. Das Umherreisen im Land ist recht einfach und es gibt Verbindungen mit jedem Teil von Griechenland. \u00dcberpr\u00fcfen Sie im Voraus Ihre Reiseroute, weil die kleineren Flugh\u00e4fen vielleicht bequemer f\u00fcr Sie sind, als die [&hellip;]<\/p>\n<p><a class=\"more-link btn btn-primary\" href=\"https:\/\/traveling.com\/de\/blog\/flughaefen-griechenland\/\"> Continue reading&#8230;<\/a><\/p>\n","protected":false},"author":1,"featured_media":0,"parent":0,"menu_order":0,"comment_status":"closed","ping_status":"closed","template":"","meta":[],"yoast_head":"<!-- This site is optimized with the Yoast SEO plugin v19.8 - https:\/\/yoast.com\/wordpress\/plugins\/seo\/ -->\n<title>Flugh\u00e4fen Griechenland, Karte, Codes, Verbindungen<\/title>\n<meta name=\"robots\" content=\"index, follow, max-snippet:-1, max-image-preview:large, max-video-preview:-1\" \/>\n<link rel=\"canonical\" href=\"https:\/\/traveling.com\/de\/blog\/flughaefen-griechenland\/\" \/>\n<meta property=\"og:locale\" content=\"en_GB\" \/>\n<meta property=\"og:type\" content=\"article\" \/>\n<meta property=\"og:title\" content=\"Flugh\u00e4fen Griechenland, Karte, Codes, Verbindungen\" \/>\n<meta property=\"og:description\" content=\"Zurzeit gibt es 15 internationale Flugh\u00e4fen in Griechenland. Sie befinden sich vor allem auf den Inseln, da diese sehr beliebte Urlaubsziele sind. Das Umherreisen im Land ist recht einfach und es gibt Verbindungen mit jedem Teil von Griechenland. \u00dcberpr\u00fcfen Sie im Voraus Ihre Reiseroute, weil die kleineren Flugh\u00e4fen vielleicht bequemer f\u00fcr Sie sind, als die [&hellip;] Continue reading...\" \/>\n<meta property=\"og:url\" content=\"https:\/\/traveling.com\/de\/blog\/flughaefen-griechenland\/\" \/>\n<meta property=\"og:site_name\" content=\"Traveling.com Blog\" \/>\n<meta property=\"article:modified_time\" content=\"2025-03-24T10:57:23+00:00\" \/>\n<meta property=\"og:image\" content=\"https:\/\/getbybus.com\/de\/blog\/wp-content\/uploads\/2017\/01\/Athens_shutterstock_209869414.jpeg\" \/>\n<meta name=\"twitter:card\" content=\"summary_large_image\" \/>\n<meta name=\"twitter:label1\" content=\"Est. reading time\" \/>\n\t<meta name=\"twitter:data1\" content=\"5 minutes\" \/>\n<script type=\"application\/ld+json\" class=\"yoast-schema-graph\">{\"@context\":\"https:\/\/schema.org\",\"@graph\":[{\"@type\":\"WebPage\",\"@id\":\"https:\/\/traveling.com\/de\/blog\/flughaefen-griechenland\/\",\"url\":\"https:\/\/traveling.com\/de\/blog\/flughaefen-griechenland\/\",\"name\":\"Flugh\u00e4fen Griechenland, Karte, Codes, Verbindungen\",\"isPartOf\":{\"@id\":\"https:\/\/traveling.com\/de\/blog\/#website\"},\"datePublished\":\"2017-01-17T09:35:39+00:00\",\"dateModified\":\"2025-03-24T10:57:23+00:00\",\"breadcrumb\":{\"@id\":\"https:\/\/traveling.com\/de\/blog\/flughaefen-griechenland\/#breadcrumb\"},\"inLanguage\":\"en-GB\",\"potentialAction\":[{\"@type\":\"ReadAction\",\"target\":[\"https:\/\/traveling.com\/de\/blog\/flughaefen-griechenland\/\"]}]},{\"@type\":\"BreadcrumbList\",\"@id\":\"https:\/\/traveling.com\/de\/blog\/flughaefen-griechenland\/#breadcrumb\",\"itemListElement\":[{\"@type\":\"ListItem\",\"position\":1,\"name\":\"Home\",\"item\":\"https:\/\/traveling.com\/de\/blog\/\"},{\"@type\":\"ListItem\",\"position\":2,\"name\":\"Griechenland &#8211; Liste der Flugh\u00e4fen\"}]},{\"@type\":\"WebSite\",\"@id\":\"https:\/\/traveling.com\/de\/blog\/#website\",\"url\":\"https:\/\/traveling.com\/de\/blog\/\",\"name\":\"Traveling.com Blog\",\"description\":\"Dein Kompletter Reisef\u00fchrer\",\"potentialAction\":[{\"@type\":\"SearchAction\",\"target\":{\"@type\":\"EntryPoint\",\"urlTemplate\":\"https:\/\/traveling.com\/de\/blog\/?s={search_term_string}\"},\"query-input\":\"required name=search_term_string\"}],\"inLanguage\":\"en-GB\"}]}<\/script>\n<!-- \/ Yoast SEO plugin. -->","yoast_head_json":{"title":"Flugh\u00e4fen Griechenland, Karte, Codes, Verbindungen","robots":{"index":"index","follow":"follow","max-snippet":"max-snippet:-1","max-image-preview":"max-image-preview:large","max-video-preview":"max-video-preview:-1"},"canonical":"https:\/\/traveling.com\/de\/blog\/flughaefen-griechenland\/","og_locale":"en_GB","og_type":"article","og_title":"Flugh\u00e4fen Griechenland, Karte, Codes, Verbindungen","og_description":"Zurzeit gibt es 15 internationale Flugh\u00e4fen in Griechenland. Sie befinden sich vor allem auf den Inseln, da diese sehr beliebte Urlaubsziele sind. Das Umherreisen im Land ist recht einfach und es gibt Verbindungen mit jedem Teil von Griechenland. \u00dcberpr\u00fcfen Sie im Voraus Ihre Reiseroute, weil die kleineren Flugh\u00e4fen vielleicht bequemer f\u00fcr Sie sind, als die [&hellip;] Continue reading...","og_url":"https:\/\/traveling.com\/de\/blog\/flughaefen-griechenland\/","og_site_name":"Traveling.com Blog","article_modified_time":"2025-03-24T10:57:23+00:00","og_image":[{"url":"https:\/\/getbybus.com\/de\/blog\/wp-content\/uploads\/2017\/01\/Athens_shutterstock_209869414.jpeg"}],"twitter_card":"summary_large_image","twitter_misc":{"Est. reading time":"5 minutes"},"schema":{"@context":"https:\/\/schema.org","@graph":[{"@type":"WebPage","@id":"https:\/\/traveling.com\/de\/blog\/flughaefen-griechenland\/","url":"https:\/\/traveling.com\/de\/blog\/flughaefen-griechenland\/","name":"Flugh\u00e4fen Griechenland, Karte, Codes, Verbindungen","isPartOf":{"@id":"https:\/\/traveling.com\/de\/blog\/#website"},"datePublished":"2017-01-17T09:35:39+00:00","dateModified":"2025-03-24T10:57:23+00:00","breadcrumb":{"@id":"https:\/\/traveling.com\/de\/blog\/flughaefen-griechenland\/#breadcrumb"},"inLanguage":"en-GB","potentialAction":[{"@type":"ReadAction","target":["https:\/\/traveling.com\/de\/blog\/flughaefen-griechenland\/"]}]},{"@type":"BreadcrumbList","@id":"https:\/\/traveling.com\/de\/blog\/flughaefen-griechenland\/#breadcrumb","itemListElement":[{"@type":"ListItem","position":1,"name":"Home","item":"https:\/\/traveling.com\/de\/blog\/"},{"@type":"ListItem","position":2,"name":"Griechenland &#8211; Liste der Flugh\u00e4fen"}]},{"@type":"WebSite","@id":"https:\/\/traveling.com\/de\/blog\/#website","url":"https:\/\/traveling.com\/de\/blog\/","name":"Traveling.com Blog","description":"Dein Kompletter Reisef\u00fchrer","potentialAction":[{"@type":"SearchAction","target":{"@type":"EntryPoint","urlTemplate":"https:\/\/traveling.com\/de\/blog\/?s={search_term_string}"},"query-input":"required name=search_term_string"}],"inLanguage":"en-GB"}]}},"_links":{"self":[{"href":"https:\/\/traveling.com\/de\/blog\/wp-json\/wp\/v2\/pages\/1271"}],"collection":[{"href":"https:\/\/traveling.com\/de\/blog\/wp-json\/wp\/v2\/pages"}],"about":[{"href":"https:\/\/traveling.com\/de\/blog\/wp-json\/wp\/v2\/types\/page"}],"author":[{"embeddable":true,"href":"https:\/\/traveling.com\/de\/blog\/wp-json\/wp\/v2\/users\/1"}],"replies":[{"embeddable":true,"href":"https:\/\/traveling.com\/de\/blog\/wp-json\/wp\/v2\/comments?post=1271"}],"version-history":[{"count":5,"href":"https:\/\/traveling.com\/de\/blog\/wp-json\/wp\/v2\/pages\/1271\/revisions"}],"predecessor-version":[{"id":19190,"href":"https:\/\/traveling.com\/de\/blog\/wp-json\/wp\/v2\/pages\/1271\/revisions\/19190"}],"wp:attachment":[{"href":"https:\/\/traveling.com\/de\/blog\/wp-json\/wp\/v2\/media?parent=1271"}],"curies":[{"name":"wp","href":"https:\/\/api.w.org\/{rel}","templated":true}]}}