{"id":15269,"date":"2023-07-22T09:00:00","date_gmt":"2023-07-22T07:00:00","guid":{"rendered":"https:\/\/getbybus.com\/de\/blog\/?page_id=15269"},"modified":"2025-03-24T12:53:13","modified_gmt":"2025-03-24T10:53:13","slug":"danemark-liste-der-flughafen","status":"publish","type":"page","link":"https:\/\/traveling.com\/de\/blog\/danemark-liste-der-flughafen\/","title":{"rendered":"D\u00e4nemark- Liste der Flugh\u00e4fen\u00a0"},"content":{"rendered":"\n<p><strong>In D\u00e4nemark gibt es vier internationale Flugh\u00e4fen. <\/strong>Der verkehrsreichste ist nat\u00fcrlich der Flughafen Kopenhagen. Sie k\u00f6nnen aber auch andere Flugh\u00e4fen in Betracht ziehen. Wenn Sie zum Beispiel das Legoland besuchen m\u00f6chten, ist der Flughafen Billund die beste Wahl. Der Grund daf\u00fcr ist die N\u00e4he zum Legoland, das nur 2 Kilometer vom Flughafen entfernt ist. Die unten aufgef\u00fchrten Flugh\u00e4fen werden \u00fcberwiegend international angeflogen. <strong>Zwei Ausnahmen sind Bornholm und Midtjyllands, die nur nationale Strecken bedienen.<\/strong><\/p>\n\n\n\n<h4 class=\"has-text-color\" style=\"color:#2a2a2a\"><span class=\"ez-toc-section\" id=\"Flughafen_Kopenhagen_-_IATA-Code_CPH\"><\/span><strong>Flughafen Kopenhagen &#8211; <\/strong><strong>IATA-Code CPH<\/strong><span class=\"ez-toc-section-end\"><\/span><\/h4>\n\n\n\n<p><strong>~30 Mio. Passagiere<\/strong><\/p>\n\n\n\n<p>Der Flughafen Kopenhagen, der auch als Flughafen Kastrup bezeichnet wird, ist der gr\u00f6\u00dfte internationale Flughafen in D\u00e4nemark. Er bedient nicht nur die Hauptstadt, sondern auch Seeland, die \u00d6resundregion und einen Teil S\u00fcdschwedens. Der Flughafen Kopenhagen <strong>befindet sich auf der Insel Amager, die 8 Kilometer s\u00fcdlich von Kopenhagen und 24 Kilometer westlich von Malm\u00f6 (Schweden) <\/strong>liegt. Er ist ein Drehkreuz f\u00fcr die Scandinavian Airlines, Thomas Cook Airlines Scandinavia und Norwegian Air Shuttle. Das Stadtzentrum von Kopenhagen ist in weniger als 15 Minuten mit dem Bus, dem Zug oder der U-Bahn zu erreichen.<\/p>\n\n\n\n<h4 class=\"has-text-color\" style=\"color:#2a2a2a\"><span class=\"ez-toc-section\" id=\"Flughafen_Billund_-_IATA-Code_BLL\"><\/span><strong>Flughafen Billund<\/strong><strong> &#8211; IATA-Code BLL<\/strong><span class=\"ez-toc-section-end\"><\/span><\/h4>\n\n\n\n<p><strong>~3 Mio. Passagiere<\/strong><\/p>\n\n\n\n<p>Der Flughafen Billund ist der zweitgr\u00f6\u00dfte Flughafen D\u00e4nemarks und liegt nur 2 Kilometer vom Zentrum Billunds entfernt. Der Flughafen bietet mehr als 20 regelm\u00e4\u00dfige internationale Fl\u00fcge, darunter auch nach Sharm el-Sheikh in \u00c4gypten. Die Zahl der Flugg\u00e4ste steigt jedes Jahr, da der Flughafen in der N\u00e4he des <a href=\"https:\/\/www.legoland.dk\/en\/\"><strong>Legoland Billund<\/strong> <\/a>liegt. Der Park ist vom Flughafen aus mit dem Bus in nur 6 Minuten zu erreichen. Auch das Stadtzentrum von Billund ist mit mehreren Buslinien leicht zu erreichen.<\/p>\n\n\n\n<figure class=\"wp-block-image\"><img decoding=\"async\" src=\"https:\/\/d2bgjx2gb489de.cloudfront.net\/gbb-blogs\/wp-content\/uploads\/2018\/02\/27165919\/shutterstock_4509802481.jpg\" alt=\"\"\/><\/figure>\n\n\n\n<h4 class=\"has-text-color\" style=\"color:#2a2a2a\"><span class=\"ez-toc-section\" id=\"Flughafen_Aalborg_-_IATA-Code_AAL\"><\/span><strong>Flughafen Aalborg &#8211; IATA-Code AAL<\/strong><span class=\"ez-toc-section-end\"><\/span><\/h4>\n\n\n\n<p><strong>~1,5 Mio. Passagiere<\/strong><\/p>\n\n\n\n<p>Der Flughafen Aalborg befindet sich in N\u00f8rresundby, 6,5 Kilometer nordwestlich des Stadtzentrums von Aalborg. Zu den regelm\u00e4\u00dfigen internationalen Fl\u00fcgen geh\u00f6ren Ziele wie Amsterdam, M\u00e1laga, Palma de Mallorca und London-Stansted. Au\u00dferdem gibt es saisonale Fl\u00fcge und Charterfl\u00fcge, vor allem zu beliebten Reisezielen in Spanien und Griechenland. Derzeit kann das Stadtzentrum mit dem Auto, dem Taxi oder den \u00f6ffentlichen Verkehrsmitteln erreicht werden. Im Jahr 2022 wurde eine Bahnverbindung zum Flughafen fertiggestellt, die den Passagieren einen bequemen Zugang erm\u00f6glicht.<\/p>\n\n\n\n<h4 class=\"has-text-color\" style=\"color:#2a2a2a\"><span class=\"ez-toc-section\" id=\"Flughafen_Aarhus_-_IATA-Code_AAR\"><\/span><strong>Flughafen Aarhus &#8211; IATA-Code AAR<\/strong><span class=\"ez-toc-section-end\"><\/span><\/h4>\n\n\n\n<p><strong>~0,4 Mio. Passagiere<\/strong><\/p>\n\n\n\n<p>Der Flughafen Aarhus in Tirstrup ist der kleinste internationale Flughafen D\u00e4nemarks, gemessen am Passagieraufkommen. Er liegt 36 Kilometer nord\u00f6stlich von Aarhus und bietet regelm\u00e4\u00dfige Fl\u00fcge zu Zielen wie G\u00f6teborg, Oslo, Prag, Gdansk und Stockholm. Au\u00dferdem gibt es saisonale Fl\u00fcge in verschiedene L\u00e4nder, darunter Deutschland, Spanien, Frankreich und Kroatien. Diese saisonalen Ziele wurden nach 2018 eingef\u00fchrt. Um das Stadtzentrum zu erreichen, k\u00f6nnen Reisende den Flughafen-Shuttleservice (Linie 925X) nutzen, der zwischen dem Flughafen und dem Bahnhof Aarhus verkehrt. Die Fahrt dauert etwa 54 Minuten.<\/p>\n\n\n\n<iframe src=\"https:\/\/www.google.com\/maps\/d\/embed?mid=1tohzs7N4f_K8mHKJxq2TezWu0YGM4yxE&#038;ehbc=2E312F\" width=\"1024\" height=\"480\"><\/iframe>\n\n\n\n<p>Originaltext: <a href=\"https:\/\/Traveling.com\/en\/blog\/airports-in-denmark\/\">Airports in Denmark<\/a><br>\u00dcbersetzt von: Brigita Krnjai\u0107<\/p>\n","protected":false},"excerpt":{"rendered":"<p>In D\u00e4nemark gibt es vier internationale Flugh\u00e4fen. Der verkehrsreichste ist nat\u00fcrlich der Flughafen Kopenhagen. Sie k\u00f6nnen aber auch andere Flugh\u00e4fen in Betracht ziehen. Wenn Sie zum Beispiel das Legoland besuchen m\u00f6chten, ist der Flughafen Billund die beste Wahl. Der Grund daf\u00fcr ist die N\u00e4he zum Legoland, das nur 2 Kilometer vom Flughafen entfernt ist. Die [&hellip;]<\/p>\n<p><a class=\"more-link btn btn-primary\" href=\"https:\/\/traveling.com\/de\/blog\/danemark-liste-der-flughafen\/\"> Continue reading&#8230;<\/a><\/p>\n","protected":false},"author":1,"featured_media":0,"parent":0,"menu_order":0,"comment_status":"closed","ping_status":"closed","template":"","meta":[],"yoast_head":"<!-- This site is optimized with the Yoast SEO plugin v19.8 - https:\/\/yoast.com\/wordpress\/plugins\/seo\/ -->\n<title>Flugh\u00e4fen\u00a0in D\u00e4nemark - Codes, Ankunftsinformationen<\/title>\n<meta name=\"description\" content=\"Liste der d\u00e4nischen Flugh\u00e4fen mit Flughafencodes und Ankunftsinformationen, Karte der nationalen und internationalen Flugh\u00e4fen in D\u00e4nemark mit Passagierzahlen\" \/>\n<meta name=\"robots\" content=\"index, follow, max-snippet:-1, max-image-preview:large, max-video-preview:-1\" \/>\n<link rel=\"canonical\" href=\"https:\/\/traveling.com\/de\/blog\/danemark-liste-der-flughafen\/\" \/>\n<meta property=\"og:locale\" content=\"en_GB\" \/>\n<meta property=\"og:type\" content=\"article\" \/>\n<meta property=\"og:title\" content=\"Flugh\u00e4fen\u00a0in D\u00e4nemark - Codes, Ankunftsinformationen\" \/>\n<meta property=\"og:description\" content=\"Liste der d\u00e4nischen Flugh\u00e4fen mit Flughafencodes und Ankunftsinformationen, Karte der nationalen und internationalen Flugh\u00e4fen in D\u00e4nemark mit Passagierzahlen\" \/>\n<meta property=\"og:url\" content=\"https:\/\/traveling.com\/de\/blog\/danemark-liste-der-flughafen\/\" \/>\n<meta property=\"og:site_name\" content=\"Traveling.com Blog\" \/>\n<meta property=\"article:modified_time\" content=\"2025-03-24T10:53:13+00:00\" \/>\n<meta property=\"og:image\" content=\"https:\/\/d2bgjx2gb489de.cloudfront.net\/gbb-blogs\/wp-content\/uploads\/2018\/02\/27165919\/shutterstock_4509802481.jpg\" \/>\n<meta name=\"twitter:card\" content=\"summary_large_image\" \/>\n<meta name=\"twitter:label1\" content=\"Est. reading time\" \/>\n\t<meta name=\"twitter:data1\" content=\"3 minutes\" \/>\n<script type=\"application\/ld+json\" class=\"yoast-schema-graph\">{\"@context\":\"https:\/\/schema.org\",\"@graph\":[{\"@type\":\"WebPage\",\"@id\":\"https:\/\/traveling.com\/de\/blog\/danemark-liste-der-flughafen\/\",\"url\":\"https:\/\/traveling.com\/de\/blog\/danemark-liste-der-flughafen\/\",\"name\":\"Flugh\u00e4fen\u00a0in D\u00e4nemark - Codes, Ankunftsinformationen\",\"isPartOf\":{\"@id\":\"https:\/\/traveling.com\/de\/blog\/#website\"},\"datePublished\":\"2023-07-22T07:00:00+00:00\",\"dateModified\":\"2025-03-24T10:53:13+00:00\",\"description\":\"Liste der d\u00e4nischen Flugh\u00e4fen mit Flughafencodes und Ankunftsinformationen, Karte der nationalen und internationalen Flugh\u00e4fen in D\u00e4nemark mit Passagierzahlen\",\"breadcrumb\":{\"@id\":\"https:\/\/traveling.com\/de\/blog\/danemark-liste-der-flughafen\/#breadcrumb\"},\"inLanguage\":\"en-GB\",\"potentialAction\":[{\"@type\":\"ReadAction\",\"target\":[\"https:\/\/traveling.com\/de\/blog\/danemark-liste-der-flughafen\/\"]}]},{\"@type\":\"BreadcrumbList\",\"@id\":\"https:\/\/traveling.com\/de\/blog\/danemark-liste-der-flughafen\/#breadcrumb\",\"itemListElement\":[{\"@type\":\"ListItem\",\"position\":1,\"name\":\"Home\",\"item\":\"https:\/\/traveling.com\/de\/blog\/\"},{\"@type\":\"ListItem\",\"position\":2,\"name\":\"D\u00e4nemark- Liste der Flugh\u00e4fen\u00a0\"}]},{\"@type\":\"WebSite\",\"@id\":\"https:\/\/traveling.com\/de\/blog\/#website\",\"url\":\"https:\/\/traveling.com\/de\/blog\/\",\"name\":\"Traveling.com Blog\",\"description\":\"Dein Kompletter Reisef\u00fchrer\",\"potentialAction\":[{\"@type\":\"SearchAction\",\"target\":{\"@type\":\"EntryPoint\",\"urlTemplate\":\"https:\/\/traveling.com\/de\/blog\/?s={search_term_string}\"},\"query-input\":\"required name=search_term_string\"}],\"inLanguage\":\"en-GB\"}]}<\/script>\n<!-- \/ Yoast SEO plugin. -->","yoast_head_json":{"title":"Flugh\u00e4fen\u00a0in D\u00e4nemark - Codes, Ankunftsinformationen","description":"Liste der d\u00e4nischen Flugh\u00e4fen mit Flughafencodes und Ankunftsinformationen, Karte der nationalen und internationalen Flugh\u00e4fen in D\u00e4nemark mit Passagierzahlen","robots":{"index":"index","follow":"follow","max-snippet":"max-snippet:-1","max-image-preview":"max-image-preview:large","max-video-preview":"max-video-preview:-1"},"canonical":"https:\/\/traveling.com\/de\/blog\/danemark-liste-der-flughafen\/","og_locale":"en_GB","og_type":"article","og_title":"Flugh\u00e4fen\u00a0in D\u00e4nemark - Codes, Ankunftsinformationen","og_description":"Liste der d\u00e4nischen Flugh\u00e4fen mit Flughafencodes und Ankunftsinformationen, Karte der nationalen und internationalen Flugh\u00e4fen in D\u00e4nemark mit Passagierzahlen","og_url":"https:\/\/traveling.com\/de\/blog\/danemark-liste-der-flughafen\/","og_site_name":"Traveling.com Blog","article_modified_time":"2025-03-24T10:53:13+00:00","og_image":[{"url":"https:\/\/d2bgjx2gb489de.cloudfront.net\/gbb-blogs\/wp-content\/uploads\/2018\/02\/27165919\/shutterstock_4509802481.jpg"}],"twitter_card":"summary_large_image","twitter_misc":{"Est. reading time":"3 minutes"},"schema":{"@context":"https:\/\/schema.org","@graph":[{"@type":"WebPage","@id":"https:\/\/traveling.com\/de\/blog\/danemark-liste-der-flughafen\/","url":"https:\/\/traveling.com\/de\/blog\/danemark-liste-der-flughafen\/","name":"Flugh\u00e4fen\u00a0in D\u00e4nemark - Codes, Ankunftsinformationen","isPartOf":{"@id":"https:\/\/traveling.com\/de\/blog\/#website"},"datePublished":"2023-07-22T07:00:00+00:00","dateModified":"2025-03-24T10:53:13+00:00","description":"Liste der d\u00e4nischen Flugh\u00e4fen mit Flughafencodes und Ankunftsinformationen, Karte der nationalen und internationalen Flugh\u00e4fen in D\u00e4nemark mit Passagierzahlen","breadcrumb":{"@id":"https:\/\/traveling.com\/de\/blog\/danemark-liste-der-flughafen\/#breadcrumb"},"inLanguage":"en-GB","potentialAction":[{"@type":"ReadAction","target":["https:\/\/traveling.com\/de\/blog\/danemark-liste-der-flughafen\/"]}]},{"@type":"BreadcrumbList","@id":"https:\/\/traveling.com\/de\/blog\/danemark-liste-der-flughafen\/#breadcrumb","itemListElement":[{"@type":"ListItem","position":1,"name":"Home","item":"https:\/\/traveling.com\/de\/blog\/"},{"@type":"ListItem","position":2,"name":"D\u00e4nemark- Liste der Flugh\u00e4fen\u00a0"}]},{"@type":"WebSite","@id":"https:\/\/traveling.com\/de\/blog\/#website","url":"https:\/\/traveling.com\/de\/blog\/","name":"Traveling.com Blog","description":"Dein Kompletter Reisef\u00fchrer","potentialAction":[{"@type":"SearchAction","target":{"@type":"EntryPoint","urlTemplate":"https:\/\/traveling.com\/de\/blog\/?s={search_term_string}"},"query-input":"required name=search_term_string"}],"inLanguage":"en-GB"}]}},"_links":{"self":[{"href":"https:\/\/traveling.com\/de\/blog\/wp-json\/wp\/v2\/pages\/15269"}],"collection":[{"href":"https:\/\/traveling.com\/de\/blog\/wp-json\/wp\/v2\/pages"}],"about":[{"href":"https:\/\/traveling.com\/de\/blog\/wp-json\/wp\/v2\/types\/page"}],"author":[{"embeddable":true,"href":"https:\/\/traveling.com\/de\/blog\/wp-json\/wp\/v2\/users\/1"}],"replies":[{"embeddable":true,"href":"https:\/\/traveling.com\/de\/blog\/wp-json\/wp\/v2\/comments?post=15269"}],"version-history":[{"count":3,"href":"https:\/\/traveling.com\/de\/blog\/wp-json\/wp\/v2\/pages\/15269\/revisions"}],"predecessor-version":[{"id":15272,"href":"https:\/\/traveling.com\/de\/blog\/wp-json\/wp\/v2\/pages\/15269\/revisions\/15272"}],"wp:attachment":[{"href":"https:\/\/traveling.com\/de\/blog\/wp-json\/wp\/v2\/media?parent=15269"}],"curies":[{"name":"wp","href":"https:\/\/api.w.org\/{rel}","templated":true}]}}