{"id":15382,"date":"2023-08-18T09:00:00","date_gmt":"2023-08-18T07:00:00","guid":{"rendered":"https:\/\/getbybus.com\/de\/blog\/?page_id=15382"},"modified":"2025-03-24T12:53:12","modified_gmt":"2025-03-24T10:53:12","slug":"belgien-liste-der-flughafen","status":"publish","type":"page","link":"https:\/\/traveling.com\/de\/blog\/belgien-liste-der-flughafen\/","title":{"rendered":"Belgien &#8211; Liste der Flugh\u00e4fen"},"content":{"rendered":"\n<p>Belgien ist ein kleines, dicht besiedeltes Land in Westeuropa, das an Frankreich, die Niederlande, Deutschland, Luxemburg und die Nordsee grenzt. Es verf\u00fcgt \u00fcber einige gro\u00dfe internationale Flugh\u00e4fen, die das Land mit dem Rest der Welt verbinden. Sehen Sie sich unsere Liste der Flugh\u00e4fen in Belgien an und entscheiden Sie, welcher f\u00fcr Sie am besten geeignet ist.<\/p>\n\n\n\n<h4 class=\"has-text-color\" style=\"color:#2a2a2a\"><span class=\"ez-toc-section\" id=\"Flughafen_Brussel_-_IATA-Code_BRU\"><\/span>Flughafen Br\u00fcssel &#8211; IATA-Code BRU<span class=\"ez-toc-section-end\"><\/span><\/h4>\n\n\n\n<p><strong>~ 26 Mio. Passagiere<\/strong><\/p>\n\n\n\n<p>Der Flughafen Br\u00fcssel oder Zaventem ist ein internationaler Flughafen, der 12 km nord\u00f6stlich der belgischen Hauptstadt in Zaventem liegt. Nach den Statistiken des letzten Jahres ist er der 21. verkehrsreichste Flughafen Europas. Er dient als Heimatbasis f\u00fcr Brussels Airlines, TUIfly Belgium und Thomas Cook Airlines Belgium.<\/p>\n\n\n\n<p>Die verkehrsreichsten Strecken des Flughafens sind europ\u00e4ische und interkontinentale Fl\u00fcge, insbesondere nach New York, das zu den zehn verkehrsreichsten internationalen Strecken geh\u00f6rt. Er beherbergt mehr als 250 Fluggesellschaften und f\u00fchrt j\u00e4hrlich mehr als 238.000 Flugbewegungen durch.<\/p>\n\n\n\n<p>Der Transfer zum und vom Flughafen ist recht einfach: Am Bahnhof auf Ebene 1 verkehren nationale und internationale Z\u00fcge zu vielen gr\u00f6\u00dferen St\u00e4dten in den Niederlanden wie Rotterdam, Den Haag oder Amsterdam.<\/p>\n\n\n\n<p>Andere M\u00f6glichkeiten sind \u00dcberlandbusse oder ein Shuttlebus auf Ebene 0. Abgesehen von allen Teilen Br\u00fcssels k\u00f6nnen Sie von dort aus auch andere belgische St\u00e4dte wie Mechelen, Leuven, Vilvoorde, Jette, Merchtem, Brussels Expo, Haacht, Diegem, Roodebeek und Groenendaal erreichen.<\/p>\n\n\n\n<h4 class=\"has-text-color\" style=\"color:#2a2a2a\"><span class=\"ez-toc-section\" id=\"Flughafen_Brussel_Sud_-_IATA-Code_CRL\"><\/span>Flughafen Br\u00fcssel S\u00fcd &#8211; IATA-Code CRL<span class=\"ez-toc-section-end\"><\/span><\/h4>\n\n\n\n<p><strong>~ 8 Mio. Passagiere<\/strong><\/p>\n\n\n\n<p>Der Flughafen Br\u00fcssel-S\u00fcd wird auch Charleroi oder Gosselies Airport genannt und befindet sich in Gosselies, 46 km s\u00fcdlich von Br\u00fcssel. Er wird von Ryanair, Air Corsica, Belavia, Pegasus Airlines, Wizz Air und TUIfly Belgium angeflogen und bietet Fl\u00fcge zu vielen Zielen in der Hauptstadt. Der Flughafen ist auch mit dem Zug oder einem Shuttlebus gut erreichbar.<\/p>\n\n\n\n<p>Das Stra\u00dfennetz ist hoch entwickelt und fortschrittlich, so dass es auch f\u00fcr ausl\u00e4ndische Flugg\u00e4ste kein Problem ist, den Flughafen zu erreichen.<\/p>\n\n\n\n<p>Eine der beliebtesten Strecken ist<a href=\"https:\/\/Traveling.com\/de\/bus-bruessel-nach-amsterdam\"> Br\u00fcssel &#8211; Amsterdam<\/a>. Sie k\u00f6nnen auch wundersch\u00f6ne Orte in der N\u00e4he wie Br\u00fcgge, Namur oder Gent besuchen.<\/p>\n\n\n\n<h4 class=\"has-text-color\" style=\"color:#2a2a2a\"><span class=\"ez-toc-section\" id=\"Flughafen_Luttich_-_IATA-Code_LGG\"><\/span>Flughafen L\u00fcttich &#8211; IATA-Code LGG<span class=\"ez-toc-section-end\"><\/span><\/h4>\n\n\n\n<p><strong>~ 0.8 Mio. Passagiere<\/strong><\/p>\n\n\n\n<p>Der Flughafen L\u00fcttich, der fr\u00fcher unter dem Namen L\u00fcttich-Berset bekannt war, ist ein internationaler Flughafen, der 10 km westlich des Stadtzentrums liegt. Er wird haupts\u00e4chlich f\u00fcr den Luftfrachtverkehr genutzt. Im Jahr 2015 war er der 8. verkehrsreichste Frachtflughafen in Europa und der 22. in der Welt.<\/p>\n\n\n\n<h4 class=\"has-text-color\" style=\"color:#2a2a2a\"><span class=\"ez-toc-section\" id=\"Flughafen_Ostende_-_IATA-Code_OST\"><\/span>Flughafen Ostende &#8211; IATA-Code OST<span class=\"ez-toc-section-end\"><\/span><\/h4>\n\n\n\n<p><strong>~ 0,5 Mio. Passagiere<\/strong><\/p>\n\n\n\n<p>Der Flughafen Ostende-Br\u00fcgge, allgemein bekannt als Ostend Airport, liegt 5 km s\u00fcdwestlich des Stadtzentrums. Der Flughafen dient in erster Linie dem Luftfrachtverkehr, doch in den letzten Jahren hat die Zahl der Passagiere und der kommerziellen Fl\u00fcge zugenommen.<\/p>\n\n\n\n<h4 class=\"has-text-color\" style=\"color:#2a2a2a\"><span class=\"ez-toc-section\" id=\"Flughafen_Antwerpen_-_IATA-Code_ANR\"><\/span>Flughafen Antwerpen &#8211; IATA-Code ANR<span class=\"ez-toc-section-end\"><\/span><\/h4>\n\n\n\n<p><strong>~ 0,3 Mio. Passagiere<\/strong><\/p>\n\n\n\n<p>Der Letzter von unserer Liste der Flugh\u00e4fen in Belgien ist der Flughafen Antwerpen. Flughafen Antwerpen ist ein kleiner internationaler Flughafen, der die Stadt Antwerpen, die zweitgr\u00f6\u00dfte Stadt Belgiens, und ihre Umgebung bedient. Er dient als Hauptdrehkreuz f\u00fcr CityJet.<\/p>\n\n\n\n<h2><span class=\"ez-toc-section\" id=\"Flughafen_in_den_Nachbarlandern\"><\/span>Flugh\u00e4fen in den Nachbarl\u00e4ndern<span class=\"ez-toc-section-end\"><\/span><\/h2>\n\n\n\n<figure class=\"wp-block-table\"><table><tbody><tr><td class=\"has-text-align-center\" data-align=\"center\"><a href=\"https:\/\/Traveling.com\/de\/blog\/flughaefen-frankreich\/\">Flugh\u00e4fen in Frankreich<\/a><\/td><td class=\"has-text-align-center\" data-align=\"center\"><a href=\"https:\/\/Traveling.com\/de\/blog\/flughafen-in-den-niederlanden\/\">Flugh\u00e4fen in den Niederlanden<\/a><\/td><td class=\"has-text-align-center\" data-align=\"center\"><a href=\"https:\/\/Traveling.com\/de\/blog\/flughaefen-deutschland\/\">Flugh\u00e4fen in Deutschland<\/a><\/td><\/tr><\/tbody><\/table><\/figure>\n\n\n\n<iframe src=\"https:\/\/www.google.com\/maps\/d\/embed?mid=1cqTVBCLZ4YOG33dmEqWMsjr0iUhkS8AD&#038;ehbc=2E312F\" width=\"1024\" height=\"480\"><\/iframe>\n","protected":false},"excerpt":{"rendered":"<p>Belgien ist ein kleines, dicht besiedeltes Land in Westeuropa, das an Frankreich, die Niederlande, Deutschland, Luxemburg und die Nordsee grenzt. Es verf\u00fcgt \u00fcber einige gro\u00dfe internationale Flugh\u00e4fen, die das Land mit dem Rest der Welt verbinden. Sehen Sie sich unsere Liste der Flugh\u00e4fen in Belgien an und entscheiden Sie, welcher f\u00fcr Sie am besten geeignet [&hellip;]<\/p>\n<p><a class=\"more-link btn btn-primary\" href=\"https:\/\/traveling.com\/de\/blog\/belgien-liste-der-flughafen\/\"> Continue reading&#8230;<\/a><\/p>\n","protected":false},"author":1,"featured_media":0,"parent":0,"menu_order":0,"comment_status":"closed","ping_status":"closed","template":"","meta":[],"yoast_head":"<!-- This site is optimized with the Yoast SEO plugin v19.8 - https:\/\/yoast.com\/wordpress\/plugins\/seo\/ -->\n<title>Flugh\u00e4fen in Belgien- Codes, Karte und Ankunftsinformationen<\/title>\n<meta name=\"description\" content=\"Liste Flugh\u00e4fen in Belgien mit Flughafencodes und Ankunftsinformationen, Karte der nationalen und internationalen Flugh\u00e4fen.\" \/>\n<meta name=\"robots\" content=\"index, follow, max-snippet:-1, max-image-preview:large, max-video-preview:-1\" \/>\n<link rel=\"canonical\" href=\"https:\/\/traveling.com\/de\/blog\/belgien-liste-der-flughafen\/\" \/>\n<meta property=\"og:locale\" content=\"en_GB\" \/>\n<meta property=\"og:type\" content=\"article\" \/>\n<meta property=\"og:title\" content=\"Flugh\u00e4fen in Belgien- Codes, Karte und Ankunftsinformationen\" \/>\n<meta property=\"og:description\" content=\"Liste Flugh\u00e4fen in Belgien mit Flughafencodes und Ankunftsinformationen, Karte der nationalen und internationalen Flugh\u00e4fen.\" \/>\n<meta property=\"og:url\" content=\"https:\/\/traveling.com\/de\/blog\/belgien-liste-der-flughafen\/\" \/>\n<meta property=\"og:site_name\" content=\"Traveling.com Blog\" \/>\n<meta property=\"article:modified_time\" content=\"2025-03-24T10:53:12+00:00\" \/>\n<meta name=\"twitter:card\" content=\"summary_large_image\" \/>\n<meta name=\"twitter:label1\" content=\"Est. reading time\" \/>\n\t<meta name=\"twitter:data1\" content=\"3 minutes\" \/>\n<script type=\"application\/ld+json\" class=\"yoast-schema-graph\">{\"@context\":\"https:\/\/schema.org\",\"@graph\":[{\"@type\":\"WebPage\",\"@id\":\"https:\/\/traveling.com\/de\/blog\/belgien-liste-der-flughafen\/\",\"url\":\"https:\/\/traveling.com\/de\/blog\/belgien-liste-der-flughafen\/\",\"name\":\"Flugh\u00e4fen in Belgien- Codes, Karte und Ankunftsinformationen\",\"isPartOf\":{\"@id\":\"https:\/\/traveling.com\/de\/blog\/#website\"},\"datePublished\":\"2023-08-18T07:00:00+00:00\",\"dateModified\":\"2025-03-24T10:53:12+00:00\",\"description\":\"Liste Flugh\u00e4fen in Belgien mit Flughafencodes und Ankunftsinformationen, Karte der nationalen und internationalen Flugh\u00e4fen.\",\"breadcrumb\":{\"@id\":\"https:\/\/traveling.com\/de\/blog\/belgien-liste-der-flughafen\/#breadcrumb\"},\"inLanguage\":\"en-GB\",\"potentialAction\":[{\"@type\":\"ReadAction\",\"target\":[\"https:\/\/traveling.com\/de\/blog\/belgien-liste-der-flughafen\/\"]}]},{\"@type\":\"BreadcrumbList\",\"@id\":\"https:\/\/traveling.com\/de\/blog\/belgien-liste-der-flughafen\/#breadcrumb\",\"itemListElement\":[{\"@type\":\"ListItem\",\"position\":1,\"name\":\"Home\",\"item\":\"https:\/\/traveling.com\/de\/blog\/\"},{\"@type\":\"ListItem\",\"position\":2,\"name\":\"Belgien &#8211; Liste der Flugh\u00e4fen\"}]},{\"@type\":\"WebSite\",\"@id\":\"https:\/\/traveling.com\/de\/blog\/#website\",\"url\":\"https:\/\/traveling.com\/de\/blog\/\",\"name\":\"Traveling.com Blog\",\"description\":\"Dein Kompletter Reisef\u00fchrer\",\"potentialAction\":[{\"@type\":\"SearchAction\",\"target\":{\"@type\":\"EntryPoint\",\"urlTemplate\":\"https:\/\/traveling.com\/de\/blog\/?s={search_term_string}\"},\"query-input\":\"required name=search_term_string\"}],\"inLanguage\":\"en-GB\"}]}<\/script>\n<!-- \/ Yoast SEO plugin. -->","yoast_head_json":{"title":"Flugh\u00e4fen in Belgien- Codes, Karte und Ankunftsinformationen","description":"Liste Flugh\u00e4fen in Belgien mit Flughafencodes und Ankunftsinformationen, Karte der nationalen und internationalen Flugh\u00e4fen.","robots":{"index":"index","follow":"follow","max-snippet":"max-snippet:-1","max-image-preview":"max-image-preview:large","max-video-preview":"max-video-preview:-1"},"canonical":"https:\/\/traveling.com\/de\/blog\/belgien-liste-der-flughafen\/","og_locale":"en_GB","og_type":"article","og_title":"Flugh\u00e4fen in Belgien- Codes, Karte und Ankunftsinformationen","og_description":"Liste Flugh\u00e4fen in Belgien mit Flughafencodes und Ankunftsinformationen, Karte der nationalen und internationalen Flugh\u00e4fen.","og_url":"https:\/\/traveling.com\/de\/blog\/belgien-liste-der-flughafen\/","og_site_name":"Traveling.com Blog","article_modified_time":"2025-03-24T10:53:12+00:00","twitter_card":"summary_large_image","twitter_misc":{"Est. reading time":"3 minutes"},"schema":{"@context":"https:\/\/schema.org","@graph":[{"@type":"WebPage","@id":"https:\/\/traveling.com\/de\/blog\/belgien-liste-der-flughafen\/","url":"https:\/\/traveling.com\/de\/blog\/belgien-liste-der-flughafen\/","name":"Flugh\u00e4fen in Belgien- Codes, Karte und Ankunftsinformationen","isPartOf":{"@id":"https:\/\/traveling.com\/de\/blog\/#website"},"datePublished":"2023-08-18T07:00:00+00:00","dateModified":"2025-03-24T10:53:12+00:00","description":"Liste Flugh\u00e4fen in Belgien mit Flughafencodes und Ankunftsinformationen, Karte der nationalen und internationalen Flugh\u00e4fen.","breadcrumb":{"@id":"https:\/\/traveling.com\/de\/blog\/belgien-liste-der-flughafen\/#breadcrumb"},"inLanguage":"en-GB","potentialAction":[{"@type":"ReadAction","target":["https:\/\/traveling.com\/de\/blog\/belgien-liste-der-flughafen\/"]}]},{"@type":"BreadcrumbList","@id":"https:\/\/traveling.com\/de\/blog\/belgien-liste-der-flughafen\/#breadcrumb","itemListElement":[{"@type":"ListItem","position":1,"name":"Home","item":"https:\/\/traveling.com\/de\/blog\/"},{"@type":"ListItem","position":2,"name":"Belgien &#8211; Liste der Flugh\u00e4fen"}]},{"@type":"WebSite","@id":"https:\/\/traveling.com\/de\/blog\/#website","url":"https:\/\/traveling.com\/de\/blog\/","name":"Traveling.com Blog","description":"Dein Kompletter Reisef\u00fchrer","potentialAction":[{"@type":"SearchAction","target":{"@type":"EntryPoint","urlTemplate":"https:\/\/traveling.com\/de\/blog\/?s={search_term_string}"},"query-input":"required name=search_term_string"}],"inLanguage":"en-GB"}]}},"_links":{"self":[{"href":"https:\/\/traveling.com\/de\/blog\/wp-json\/wp\/v2\/pages\/15382"}],"collection":[{"href":"https:\/\/traveling.com\/de\/blog\/wp-json\/wp\/v2\/pages"}],"about":[{"href":"https:\/\/traveling.com\/de\/blog\/wp-json\/wp\/v2\/types\/page"}],"author":[{"embeddable":true,"href":"https:\/\/traveling.com\/de\/blog\/wp-json\/wp\/v2\/users\/1"}],"replies":[{"embeddable":true,"href":"https:\/\/traveling.com\/de\/blog\/wp-json\/wp\/v2\/comments?post=15382"}],"version-history":[{"count":6,"href":"https:\/\/traveling.com\/de\/blog\/wp-json\/wp\/v2\/pages\/15382\/revisions"}],"predecessor-version":[{"id":15388,"href":"https:\/\/traveling.com\/de\/blog\/wp-json\/wp\/v2\/pages\/15382\/revisions\/15388"}],"wp:attachment":[{"href":"https:\/\/traveling.com\/de\/blog\/wp-json\/wp\/v2\/media?parent=15382"}],"curies":[{"name":"wp","href":"https:\/\/api.w.org\/{rel}","templated":true}]}}