{"id":8165,"date":"2021-03-28T09:00:54","date_gmt":"2021-03-28T07:00:54","guid":{"rendered":"https:\/\/getbybus.com\/de\/blog\/?page_id=8165"},"modified":"2025-04-28T13:45:32","modified_gmt":"2025-04-28T11:45:32","slug":"flughaefen-kanada","status":"publish","type":"page","link":"https:\/\/traveling.com\/de\/blog\/flughaefen-kanada\/","title":{"rendered":"Flugh\u00e4fen in Kanada"},"content":{"rendered":"\n<p>Mit einer Gr\u00f6\u00dfe von fast 10 Mio. km\u00b2 k\u00f6nnen die Reisedistanzen in Kanada lang sein, daher ist Fliegen oft die beste und einzige Option. Kanada verf\u00fcgt \u00fcber <strong>mehr als 500 Flugh\u00e4fen<\/strong> und mehrere hundert Hubschrauberlandepl\u00e4tze, um das Fliegen im ganzen Land zu erm\u00f6glichen. Etwa die H\u00e4lfte der 500 kanadischen Flugh\u00e4fen bietet kommerzielle Fl\u00fcge an. Die meisten dieser Flugh\u00e4fen sind jedoch klein. Kommerzielle Linienfl\u00fcge sind in den meisten F\u00e4llen kleine Flugzeuge mit 9 bis 15 Personen.<\/p>\n\n\n\n<p>Hier die Liste der 10 verkehrsreichsten Flugh\u00e4fen in Kanada, laut <a href=\"https:\/\/tc.canada.ca\/en\/aviation\">Transport Canada<\/a>, geordnet nach der Gesamtzahl der Passagiere:<\/p>\n\n\n\n<ul>\n<li>Internationaler Flughafen von Toronto<\/li>\n\n\n\n<li>Internationaler Flughafen von Vancouver<\/li>\n\n\n\n<li>Internationaler Flughafen Montr\u00e9al-Trudeau<\/li>\n\n\n\n<li>Internationaler Flughafen Calgary<\/li>\n\n\n\n<li>Internationaler Flughafen Edmonton<\/li>\n\n\n\n<li>Internationaler Flughafen Ottawa<\/li>\n\n\n\n<li>Internationaler Flughafen Winnipeg<\/li>\n\n\n\n<li>Internationaler Flughafen Halifax Stanfield<\/li>\n\n\n\n<li>Flughafen Billy Bishop Toronto City<\/li>\n\n\n\n<li>Internationaler Flughafen Kelowna<\/li>\n<\/ul>\n\n\n\n<p>Bei den Fluggesellschaften werden kanadische Flugh\u00e4fen, insbesondere die gr\u00f6\u00dferen, von allen gro\u00dfen Fluggesellschaften der Welt angeflogen. Was die Fluggesellschaften mit Sitz in Kanada angeht, sind hier die f\u00fcnf besten Fluggesellschaften nach Anzahl der Ziele:<\/p>\n\n\n\n<ul>\n<li>Air Canada<\/li>\n\n\n\n<li>Westjet<\/li>\n\n\n\n<li>Air Transat<\/li>\n\n\n\n<li>First Air<\/li>\n\n\n\n<li>Canadian North<\/li>\n<\/ul>\n\n\n\n<p>Nachfolgend finden Sie eine Liste aller Verkehrsflugh\u00e4fen in Kanada. Klicken Sie auf den Namen der Provinz, um weitere Informationen zu Flugh\u00e4fen anzuzeigen. \u00dcberpr\u00fcfen Sie auch unsere <strong>Karte der kanadischen Flugh\u00e4fen<\/strong> am Ende des Beitrags.<\/p>\n\n\n\n<h3>Liste der kanadischen Flugh\u00e4fen<\/h3>\n\n\n\n<h4><a href=\"https:\/\/Traveling.com\/de\/blog\/flughaefen-alberta\/\">Flugh\u00e4fen in Alberta<\/a><br><a href=\"https:\/\/Traveling.com\/de\/blog\/flughaefen-british-columbia\/\">Flugh\u00e4fen in British Columbia<\/a><br>Flugh\u00e4fen in Manitoba<br><a href=\"https:\/\/Traveling.com\/de\/blog\/flughaefen-new-brunswick\/\">Flugh\u00e4fen in New Brunswick<\/a><br><a href=\"https:\/\/Traveling.com\/de\/blog\/flughaefen-neufundland-und-labrador\/\">Flugh\u00e4fen in Neufundland und Labrador<\/a><br><a href=\"https:\/\/Traveling.com\/de\/blog\/flughaefen-nordwest-territorien\/\">Flugh\u00e4fen in Nordwest-Territorien<\/a><br><a href=\"https:\/\/Traveling.com\/de\/blog\/flughaefen-nova-scotia\/\">Flugh\u00e4fen in Nova Scotia<\/a><br><a href=\"https:\/\/Traveling.com\/de\/blog\/flughaefen-territorium-nunavut\/\">Flugh\u00e4fen im Territorium Nunavut<\/a><br><a href=\"https:\/\/Traveling.com\/de\/blog\/flughaefen-ontario\/\">Flugh\u00e4fen in Ontario<\/a><br><a href=\"https:\/\/Traveling.com\/de\/blog\/flughaefen-prince-edward-island\/\">Flugh\u00e4fen auf Prince Edward Island<\/a><br><a href=\"https:\/\/Traveling.com\/de\/blog\/flughaefen-quebec\/\">Flugh\u00e4fen in Quebec<\/a><br><a href=\"https:\/\/Traveling.com\/de\/blog\/flughaefen-saskatchewan\/\">Flugh\u00e4fen in Saskatchewan<\/a><br><a href=\"https:\/\/Traveling.com\/de\/blog\/flughaefen-yukon\/\">Flugh\u00e4fen im Yukon<\/a><\/h4>\n\n\n\n<h2><b>Karte der Flugh\u00e4fen in Kanada<\/b><\/h2>\n\n\n\n<iframe src=\"https:\/\/www.google.com\/maps\/d\/u\/1\/embed?mid=1hQiFJEWA_XHlNWZ3j8Pmtos1Xyn0M79M\" width=\"640\" height=\"480\"><\/iframe>\n","protected":false},"excerpt":{"rendered":"<p>Mit einer Gr\u00f6\u00dfe von fast 10 Mio. km\u00b2 k\u00f6nnen die Reisedistanzen in Kanada lang sein, daher ist Fliegen oft die beste und einzige Option. Kanada verf\u00fcgt \u00fcber mehr als 500 Flugh\u00e4fen und mehrere hundert Hubschrauberlandepl\u00e4tze, um das Fliegen im ganzen Land zu erm\u00f6glichen. Etwa die H\u00e4lfte der 500 kanadischen Flugh\u00e4fen bietet kommerzielle Fl\u00fcge an. Die [&hellip;]<\/p>\n<p><a class=\"more-link btn btn-primary\" href=\"https:\/\/traveling.com\/de\/blog\/flughaefen-kanada\/\"> Continue reading&#8230;<\/a><\/p>\n","protected":false},"author":1,"featured_media":0,"parent":0,"menu_order":0,"comment_status":"closed","ping_status":"closed","template":"","meta":[],"yoast_head":"<!-- This site is optimized with the Yoast SEO plugin v19.8 - https:\/\/yoast.com\/wordpress\/plugins\/seo\/ -->\n<title>Kanada Flugh\u00e4fen - IATA-Codes, Karte und Reiseinformationen<\/title>\n<meta name=\"description\" content=\"Liste der internationalen und nationalen Flugh\u00e4fen in Kanada. Karte der Flugh\u00e4fen in Kanada, wie Alberta, Quebec, Ontario und anderen kanadischen Provinzen.\" \/>\n<meta name=\"robots\" content=\"index, follow, max-snippet:-1, max-image-preview:large, max-video-preview:-1\" \/>\n<link rel=\"canonical\" href=\"https:\/\/traveling.com\/de\/blog\/flughaefen-kanada\/\" \/>\n<meta property=\"og:locale\" content=\"en_GB\" \/>\n<meta property=\"og:type\" content=\"article\" \/>\n<meta property=\"og:title\" content=\"Kanada Flugh\u00e4fen - IATA-Codes, Karte und Reiseinformationen\" \/>\n<meta property=\"og:description\" content=\"Liste der internationalen und nationalen Flugh\u00e4fen in Kanada. Karte der Flugh\u00e4fen in Kanada, wie Alberta, Quebec, Ontario und anderen kanadischen Provinzen.\" \/>\n<meta property=\"og:url\" content=\"https:\/\/traveling.com\/de\/blog\/flughaefen-kanada\/\" \/>\n<meta property=\"og:site_name\" content=\"Traveling.com Blog\" \/>\n<meta property=\"article:modified_time\" content=\"2025-04-28T11:45:32+00:00\" \/>\n<meta name=\"twitter:card\" content=\"summary_large_image\" \/>\n<meta name=\"twitter:label1\" content=\"Est. reading time\" \/>\n\t<meta name=\"twitter:data1\" content=\"2 minutes\" \/>\n<script type=\"application\/ld+json\" class=\"yoast-schema-graph\">{\"@context\":\"https:\/\/schema.org\",\"@graph\":[{\"@type\":\"WebPage\",\"@id\":\"https:\/\/traveling.com\/de\/blog\/flughaefen-kanada\/\",\"url\":\"https:\/\/traveling.com\/de\/blog\/flughaefen-kanada\/\",\"name\":\"Kanada Flugh\u00e4fen - IATA-Codes, Karte und Reiseinformationen\",\"isPartOf\":{\"@id\":\"https:\/\/traveling.com\/de\/blog\/#website\"},\"datePublished\":\"2021-03-28T07:00:54+00:00\",\"dateModified\":\"2025-04-28T11:45:32+00:00\",\"description\":\"Liste der internationalen und nationalen Flugh\u00e4fen in Kanada. Karte der Flugh\u00e4fen in Kanada, wie Alberta, Quebec, Ontario und anderen kanadischen Provinzen.\",\"breadcrumb\":{\"@id\":\"https:\/\/traveling.com\/de\/blog\/flughaefen-kanada\/#breadcrumb\"},\"inLanguage\":\"en-GB\",\"potentialAction\":[{\"@type\":\"ReadAction\",\"target\":[\"https:\/\/traveling.com\/de\/blog\/flughaefen-kanada\/\"]}]},{\"@type\":\"BreadcrumbList\",\"@id\":\"https:\/\/traveling.com\/de\/blog\/flughaefen-kanada\/#breadcrumb\",\"itemListElement\":[{\"@type\":\"ListItem\",\"position\":1,\"name\":\"Home\",\"item\":\"https:\/\/traveling.com\/de\/blog\/\"},{\"@type\":\"ListItem\",\"position\":2,\"name\":\"Flugh\u00e4fen in Kanada\"}]},{\"@type\":\"WebSite\",\"@id\":\"https:\/\/traveling.com\/de\/blog\/#website\",\"url\":\"https:\/\/traveling.com\/de\/blog\/\",\"name\":\"Traveling.com Blog\",\"description\":\"Dein Kompletter Reisef\u00fchrer\",\"potentialAction\":[{\"@type\":\"SearchAction\",\"target\":{\"@type\":\"EntryPoint\",\"urlTemplate\":\"https:\/\/traveling.com\/de\/blog\/?s={search_term_string}\"},\"query-input\":\"required name=search_term_string\"}],\"inLanguage\":\"en-GB\"}]}<\/script>\n<!-- \/ Yoast SEO plugin. -->","yoast_head_json":{"title":"Kanada Flugh\u00e4fen - IATA-Codes, Karte und Reiseinformationen","description":"Liste der internationalen und nationalen Flugh\u00e4fen in Kanada. Karte der Flugh\u00e4fen in Kanada, wie Alberta, Quebec, Ontario und anderen kanadischen Provinzen.","robots":{"index":"index","follow":"follow","max-snippet":"max-snippet:-1","max-image-preview":"max-image-preview:large","max-video-preview":"max-video-preview:-1"},"canonical":"https:\/\/traveling.com\/de\/blog\/flughaefen-kanada\/","og_locale":"en_GB","og_type":"article","og_title":"Kanada Flugh\u00e4fen - IATA-Codes, Karte und Reiseinformationen","og_description":"Liste der internationalen und nationalen Flugh\u00e4fen in Kanada. Karte der Flugh\u00e4fen in Kanada, wie Alberta, Quebec, Ontario und anderen kanadischen Provinzen.","og_url":"https:\/\/traveling.com\/de\/blog\/flughaefen-kanada\/","og_site_name":"Traveling.com Blog","article_modified_time":"2025-04-28T11:45:32+00:00","twitter_card":"summary_large_image","twitter_misc":{"Est. reading time":"2 minutes"},"schema":{"@context":"https:\/\/schema.org","@graph":[{"@type":"WebPage","@id":"https:\/\/traveling.com\/de\/blog\/flughaefen-kanada\/","url":"https:\/\/traveling.com\/de\/blog\/flughaefen-kanada\/","name":"Kanada Flugh\u00e4fen - IATA-Codes, Karte und Reiseinformationen","isPartOf":{"@id":"https:\/\/traveling.com\/de\/blog\/#website"},"datePublished":"2021-03-28T07:00:54+00:00","dateModified":"2025-04-28T11:45:32+00:00","description":"Liste der internationalen und nationalen Flugh\u00e4fen in Kanada. Karte der Flugh\u00e4fen in Kanada, wie Alberta, Quebec, Ontario und anderen kanadischen Provinzen.","breadcrumb":{"@id":"https:\/\/traveling.com\/de\/blog\/flughaefen-kanada\/#breadcrumb"},"inLanguage":"en-GB","potentialAction":[{"@type":"ReadAction","target":["https:\/\/traveling.com\/de\/blog\/flughaefen-kanada\/"]}]},{"@type":"BreadcrumbList","@id":"https:\/\/traveling.com\/de\/blog\/flughaefen-kanada\/#breadcrumb","itemListElement":[{"@type":"ListItem","position":1,"name":"Home","item":"https:\/\/traveling.com\/de\/blog\/"},{"@type":"ListItem","position":2,"name":"Flugh\u00e4fen in Kanada"}]},{"@type":"WebSite","@id":"https:\/\/traveling.com\/de\/blog\/#website","url":"https:\/\/traveling.com\/de\/blog\/","name":"Traveling.com Blog","description":"Dein Kompletter Reisef\u00fchrer","potentialAction":[{"@type":"SearchAction","target":{"@type":"EntryPoint","urlTemplate":"https:\/\/traveling.com\/de\/blog\/?s={search_term_string}"},"query-input":"required name=search_term_string"}],"inLanguage":"en-GB"}]}},"_links":{"self":[{"href":"https:\/\/traveling.com\/de\/blog\/wp-json\/wp\/v2\/pages\/8165"}],"collection":[{"href":"https:\/\/traveling.com\/de\/blog\/wp-json\/wp\/v2\/pages"}],"about":[{"href":"https:\/\/traveling.com\/de\/blog\/wp-json\/wp\/v2\/types\/page"}],"author":[{"embeddable":true,"href":"https:\/\/traveling.com\/de\/blog\/wp-json\/wp\/v2\/users\/1"}],"replies":[{"embeddable":true,"href":"https:\/\/traveling.com\/de\/blog\/wp-json\/wp\/v2\/comments?post=8165"}],"version-history":[{"count":5,"href":"https:\/\/traveling.com\/de\/blog\/wp-json\/wp\/v2\/pages\/8165\/revisions"}],"predecessor-version":[{"id":19707,"href":"https:\/\/traveling.com\/de\/blog\/wp-json\/wp\/v2\/pages\/8165\/revisions\/19707"}],"wp:attachment":[{"href":"https:\/\/traveling.com\/de\/blog\/wp-json\/wp\/v2\/media?parent=8165"}],"curies":[{"name":"wp","href":"https:\/\/api.w.org\/{rel}","templated":true}]}}