{"id":8168,"date":"2021-04-01T09:00:06","date_gmt":"2021-04-01T07:00:06","guid":{"rendered":"https:\/\/getbybus.com\/de\/blog\/?page_id=8168"},"modified":"2025-03-24T12:53:16","modified_gmt":"2025-03-24T10:53:16","slug":"flughaefen-alaska","status":"publish","type":"page","link":"https:\/\/traveling.com\/de\/blog\/flughaefen-alaska\/","title":{"rendered":"Flugh\u00e4fen in Alaska"},"content":{"rendered":"<p>Es gibt <strong>mehr als 20 Flugh\u00e4fen<\/strong> mit Linienfl\u00fcgen in Alaska. Um genauer zu sein ist der Flughafen Anchorage der einzige <em>mittlere Hub-Flughafen<\/em>, w\u00e4hrend es 26 <em>kleine Hub- <\/em>und <em>Nonhub-Flugh\u00e4fen<\/em> gibt. Viele der Flugh\u00e4fen sind mit Zielen an der Westk\u00fcste und im Mittleren Westen verbunden. Die gr\u00f6\u00dferen Flugh\u00e4fen, wie Flughafen Anchorage und Flughafen Fairbanks, befassen sich mit allen Flugzeuggr\u00f6\u00dfen. Alaska Airlines ist die h\u00e4ufigste Fluggesellschaft, aber es gibt auch andere regionale Fluggesellschaften wie Warbelow\u2019s Air Ventures und RavnAir, die an Flugh\u00e4fen in Alaska betrieben werden. \u00dcberpr\u00fcfen Sie unbedingt die <strong>Karte der Flugh\u00e4fen in Alaska<\/strong> am Ende des Textes.<\/p>\n<h3><span class=\"ez-toc-section\" id=\"Liste_der_Flughafen\"><\/span><span style=\"color: #2a2a2a;\">Liste der Flugh\u00e4fen<\/span><span class=\"ez-toc-section-end\"><\/span><\/h3>\n<h4><span class=\"ez-toc-section\" id=\"Internationaler_Flughafen_Anchorage_-_IATA-Code_-_ANC_5_Mio_Passagiere\"><\/span><b>Internationaler Flughafen Anchorage &#8211; IATA-Code &#8211; ANC (~ 5 Mio. Passagiere)<\/b><span class=\"ez-toc-section-end\"><\/span><\/h4>\n<p><strong>Der Internationale Flughafen Ted Stevens Anchorage<\/strong> ist ein mittelgro\u00dfer Flughafen, der 8 km s\u00fcdwestlich von Anchorage liegt. Der Flughafen ist ein Drehkreuz f\u00fcr <strong>Alaska Airlines, PenAir <\/strong>und <strong>RavnAir<\/strong>. Neben Inlandsfl\u00fcgen gibt es auch saisonale Fl\u00fcge zu einigen europ\u00e4ischen Zielen. Seattle und Portland geh\u00f6ren zu den h\u00e4ufigsten Zielen vom Flughafen Anchorage. <a href=\"http:\/\/www.muni.org\/Departments\/transit\/PeopleMover\/Pages\/Route40Schedule.aspx\">Die Route 40<\/a> verbindet Anchorage mit dem Flughafen. Taxis und Mietwagen sind ebenfalls verf\u00fcgbar.<\/p>\n<h4><span class=\"ez-toc-section\" id=\"Internationaler_Flughafen_Fairbanks_-_IATA-Code_-_FAI_1_Mio_Passagiere\"><\/span><b>Internationaler Flughafen Fairbanks &#8211; IATA-Code &#8211; FAI (~ 1 Mio. Passagiere)<\/b><span class=\"ez-toc-section-end\"><\/span><\/h4>\n<p><strong>Der Internationale Flughafen Fairbanks<\/strong> bedient die Stadt Fairbanks in Zentralalaska. Der Flughafen liegt etwa 9 km von der Innenstadt entfernt. Die gelbe Linie ist die \u00f6ffentliche Buslinie, die den Flughafen und die Stadt verbindet. Es gibt auch Mietwagen und Taxis vor Ort. Der FAI-Flughafen ist ein Drehkreuz f\u00fcr EvertsAir und Warbelow&#8217;s Air, bietet aber auch Fl\u00fcge von gro\u00dfen Fluggesellschaften wie United und Delta an. Seattle und Anchorage sind Top-Ziele vom Flughafen Fairbanks aus.<\/p>\n<h4><span class=\"ez-toc-section\" id=\"Internationaler_Flughafen_Juneau_-_IATA-Code_-_JNU_05_Mio_Passagiere\"><\/span><b>Internationaler Flughafen Juneau &#8211; IATA-Code &#8211; JNU (~ 0,5 Mio. Passagiere)<\/b><span class=\"ez-toc-section-end\"><\/span><\/h4>\n<p><strong>Der internationale Flughafen Juneau<\/strong> befindet sich in S\u00fcdalaska, etwa 12,5 km von der Stadt Juneau entfernt. Der Flughafen bietet haupts\u00e4chlich regionale Fl\u00fcge an, die von <strong>Alaska Airlines<\/strong> und (saisonal) von <strong>Delta Airlines<\/strong> durchgef\u00fchrt werden. Seattle ist die meistverbundene Stadt mit dem Flughafen Juneau. Es gibt verschiedene M\u00f6glichkeiten, die Stadt Juneau zu erreichen. Der \u00f6ffentliche Verkehr von Capital Transit ist jedoch die h\u00e4ufigste Wahl. Alternativ k\u00f6nnen Sie auch Taxis und Mietwagen nutzen.<\/p>\n<h4><span class=\"ez-toc-section\" id=\"Flughafen_Bethel_-_IATA-Code_-_WETTE\"><\/span><b>Flughafen Bethel &#8211; IATA-Code &#8211; WETTE<\/b><span class=\"ez-toc-section-end\"><\/span><\/h4>\n<ul>\n<li>Nahe gelegenen St\u00e4dte: Bethel (6,5 km)<\/li>\n<li>Fluggesellschaft(en): Alaska Airlines, Grant Aviation, RavnAir<\/li>\n<\/ul>\n<h4><span class=\"ez-toc-section\" id=\"Flughafen_Ketchikan_-_IATA-Code_-_KTN\"><\/span><b>Flughafen Ketchikan &#8211; IATA-Code &#8211; KTN<\/b><span class=\"ez-toc-section-end\"><\/span><\/h4>\n<ul>\n<li>Nahe gelegenen St\u00e4dte: Ketchikan (2 km)<\/li>\n<li>Fluggesellschaft(en): Alaska Airlines, Delta Connection<\/li>\n<\/ul>\n<h4><span class=\"ez-toc-section\" id=\"Stadtischer_Flughafen_Kenai_-_IATA-Code_-_ENA\"><\/span><b>St\u00e4dtischer Flughafen Kenai &#8211; IATA-Code &#8211; ENA<\/b><span class=\"ez-toc-section-end\"><\/span><\/h4>\n<ul>\n<li>Nahe gelegenen St\u00e4dte: Kenai (1,5 km)<\/li>\n<li>Fluggesellschaft(en): Grant Aviation, RavnAir<\/li>\n<\/ul>\n<h4><span class=\"ez-toc-section\" id=\"Flughafen_Sitka_-_IATA-Code_-_SIT\"><\/span><b>Flughafen Sitka &#8211; IATA-Code &#8211; SIT<\/b><span class=\"ez-toc-section-end\"><\/span><\/h4>\n<ul>\n<li>Auch genannt: Flughafen Sitka Rocky Gutierrez<\/li>\n<li>Nahe gelegenen St\u00e4dte: Sitka (2 km)<\/li>\n<li>Fluggesellschaft (en): Alaska Airlines, Delta Connection<\/li>\n<\/ul>\n<h4><span class=\"ez-toc-section\" id=\"Flughafen_Kodiak_-_IATA_Code_-_ADQ\"><\/span><b>Flughafen Kodiak &#8211; IATA Code &#8211; ADQ<\/b><span class=\"ez-toc-section-end\"><\/span><\/h4>\n<ul>\n<li>Auch genannt: Staatsflughafen Kodiak Benny Benson<\/li>\n<li>Nahe gelegenen St\u00e4dte: Kodiak (7 km)<\/li>\n<li>Fluggesellschaft(en): Alaska Airlines, Island Air Service, ServantAir<\/li>\n<\/ul>\n<h4><span class=\"ez-toc-section\" id=\"Flughafen_Kotzebue_-_IATA-Code_-_OTZ\"><\/span><b>Flughafen Kotzebue &#8211; IATA-Code &#8211; OTZ<\/b><span class=\"ez-toc-section-end\"><\/span><\/h4>\n<ul>\n<li>Auch genannt: Gedenkflughafen Ralph Wien<\/li>\n<li>Nahe gelegenen St\u00e4dte: Kotzebue (0,5 km)<\/li>\n<li>Fluggesellschaft(en): Alaska Airlines, BeringAir, RavnAir<\/li>\n<\/ul>\n<h4><span class=\"ez-toc-section\" id=\"Flughafen_Nome_-_IATA-Code_-_OME\"><\/span><b>Flughafen Nome &#8211; IATA-Code &#8211; OME<\/b><span class=\"ez-toc-section-end\"><\/span><\/h4>\n<ul>\n<li>Nahe gelegenen St\u00e4dte: Nome (3 km)<\/li>\n<li>Fluggesellschaft(en): Alaska Airlines, BeringAir, Ryan Air<\/li>\n<\/ul>\n<h4><span class=\"ez-toc-section\" id=\"Flughafen_Deadhorse_-_IATA_Code_-_SCC\"><\/span><b>Flughafen Deadhorse &#8211; IATA Code &#8211; SCC<\/b><span class=\"ez-toc-section-end\"><\/span><\/h4>\n<ul>\n<li>Auch genannt: Flughafen Prudhoe<\/li>\n<li>Nahe gelegenen St\u00e4dte: Prudhoe Bay (5 km)<\/li>\n<li>Fluggesellschaft(en): Alaska Airlines, RavnAir<\/li>\n<\/ul>\n<h4><span class=\"ez-toc-section\" id=\"Flughafen_Barrow_Wiley_Post-Will_Rogers_-_IATA-Code_-_BRW\"><\/span><strong>Flughafen Barrow Wiley Post-Will Rogers &#8211; IATA-Code &#8211; BRW<\/strong><span class=\"ez-toc-section-end\"><\/span><\/h4>\n<h4><span class=\"ez-toc-section\" id=\"Flughafen_Homer_-_IATA-Code_-_HOM\"><\/span><strong>Flughafen Homer &#8211; IATA-Code &#8211; HOM<\/strong><span class=\"ez-toc-section-end\"><\/span><\/h4>\n<h4><span class=\"ez-toc-section\" id=\"Flughafen_King_Salmon_-_IATA-Code_-_AKN\"><\/span><strong>Flughafen King Salmon &#8211; IATA-Code &#8211; AKN<\/strong><span class=\"ez-toc-section-end\"><\/span><\/h4>\n<h4><span class=\"ez-toc-section\" id=\"Flughafen_Dillingham_-_IATA-Code_-_DLG\"><\/span><strong>Flughafen Dillingham &#8211; IATA-Code &#8211; DLG<\/strong><span class=\"ez-toc-section-end\"><\/span><\/h4>\n<h4><span class=\"ez-toc-section\" id=\"Flughafen_Unalaska_auch_Dutch_Harbor_Airport_-_IATA-Code_-_Prufling\"><\/span><strong>Flughafen Unalaska (auch <i>Dutch Harbor Airport<\/i>) &#8211; IATA-Code &#8211; Pr\u00fcfling<\/strong><span class=\"ez-toc-section-end\"><\/span><\/h4>\n<h4><span class=\"ez-toc-section\" id=\"Flughafen_Petersburg_James_A_Johnson_-_IATA-Code_-_PSG\"><\/span><strong>Flughafen Petersburg James A. Johnson &#8211; IATA-Code &#8211; PSG<\/strong><span class=\"ez-toc-section-end\"><\/span><\/h4>\n<h4><span class=\"ez-toc-section\" id=\"Flughafen_Cordova_Mudhole_Smith_-_IATA-Code_-_CDV\"><\/span><strong>Flughafen Cordova Mudhole Smith &#8211; IATA-Code &#8211; CDV<\/strong><span class=\"ez-toc-section-end\"><\/span><\/h4>\n<h4><span class=\"ez-toc-section\" id=\"Flughafen_Unalakleet_-_IATA-Code_-_UNK\"><\/span><strong>Flughafen Unalakleet &#8211; IATA-Code &#8211; UNK<\/strong><span class=\"ez-toc-section-end\"><\/span><\/h4>\n<h4><span class=\"ez-toc-section\" id=\"Flughafen_Aniak_-_IATA-Code_-_ANI\"><\/span><strong>Flughafen Aniak &#8211; IATA-Code &#8211; ANI<\/strong><span class=\"ez-toc-section-end\"><\/span><\/h4>\n<h4><span class=\"ez-toc-section\" id=\"Flughafen_St_Mary_-_IATA-Code_-_KSM\"><\/span><strong>Flughafen St. Mary &#8211; IATA-Code &#8211; KSM<\/strong><span class=\"ez-toc-section-end\"><\/span><\/h4>\n<h4><span class=\"ez-toc-section\" id=\"Flughafen_Valdez_-_IATA-Code_-_VDZ\"><\/span><strong>Flughafen Valdez &#8211; IATA-Code &#8211; VDZ<\/strong><span class=\"ez-toc-section-end\"><\/span><\/h4>\n<h4><span class=\"ez-toc-section\" id=\"Flughafen_Wrangell_-_IATA-Code_-_WRG\"><\/span><strong>Flughafen Wrangell &#8211; IATA-Code &#8211; WRG<\/strong><span class=\"ez-toc-section-end\"><\/span><\/h4>\n<h4><span class=\"ez-toc-section\" id=\"Yakutat_Flughafen_-_IATA_Code_-_YAK\"><\/span><strong>Yakutat Flughafen &#8211; IATA Code &#8211; YAK<\/strong><span class=\"ez-toc-section-end\"><\/span><\/h4>\n<h4><span class=\"ez-toc-section\" id=\"Flughafen_Galena_Edward_G_Pitka_Sr_-_IATA-Code_-_GAL\"><\/span><strong>Flughafen Galena Edward G. Pitka Sr. &#8211; IATA-Code \u2013 GAL<\/strong><span class=\"ez-toc-section-end\"><\/span><\/h4>\n<h3><span class=\"ez-toc-section\" id=\"Karte_der_Flughafen_in_Alaska\"><\/span>Karte der Flugh\u00e4fen in Alaska<span class=\"ez-toc-section-end\"><\/span><\/h3>\n\n\n<iframe src=\"https:\/\/www.google.com\/maps\/d\/u\/0\/embed?mid=1ZEDQH-j_2ZwPW8Dx4Mi3OWjAzANM6xun\" width=\"640\" height=\"480\"><\/iframe>\n","protected":false},"excerpt":{"rendered":"<p>Es gibt mehr als 20 Flugh\u00e4fen mit Linienfl\u00fcgen in Alaska. Um genauer zu sein ist der Flughafen Anchorage der einzige mittlere Hub-Flughafen, w\u00e4hrend es 26 kleine Hub- und Nonhub-Flugh\u00e4fen gibt. Viele der Flugh\u00e4fen sind mit Zielen an der Westk\u00fcste und im Mittleren Westen verbunden. Die gr\u00f6\u00dferen Flugh\u00e4fen, wie Flughafen Anchorage und Flughafen Fairbanks, befassen sich [&hellip;]<\/p>\n<p><a class=\"more-link btn btn-primary\" href=\"https:\/\/traveling.com\/de\/blog\/flughaefen-alaska\/\"> Continue reading&#8230;<\/a><\/p>\n","protected":false},"author":1,"featured_media":0,"parent":0,"menu_order":0,"comment_status":"closed","ping_status":"closed","template":"","meta":[],"yoast_head":"<!-- This site is optimized with the Yoast SEO plugin v19.8 - https:\/\/yoast.com\/wordpress\/plugins\/seo\/ -->\n<title>Alaska Flugh\u00e4fen - IATA-Codes, Karte und Reiseinformationen<\/title>\n<meta name=\"description\" content=\"Eine vollst\u00e4ndige Liste aller Flugh\u00e4fen in Alaska mit ihren IATA-Codes, Flughafenstandorten auf der Karte und Passagierzahlen.\" \/>\n<meta name=\"robots\" content=\"index, follow, max-snippet:-1, max-image-preview:large, max-video-preview:-1\" \/>\n<link rel=\"canonical\" href=\"https:\/\/traveling.com\/de\/blog\/flughaefen-alaska\/\" \/>\n<meta property=\"og:locale\" content=\"en_GB\" \/>\n<meta property=\"og:type\" content=\"article\" \/>\n<meta property=\"og:title\" content=\"Alaska Flugh\u00e4fen - IATA-Codes, Karte und Reiseinformationen\" \/>\n<meta property=\"og:description\" content=\"Eine vollst\u00e4ndige Liste aller Flugh\u00e4fen in Alaska mit ihren IATA-Codes, Flughafenstandorten auf der Karte und Passagierzahlen.\" \/>\n<meta property=\"og:url\" content=\"https:\/\/traveling.com\/de\/blog\/flughaefen-alaska\/\" \/>\n<meta property=\"og:site_name\" content=\"Traveling.com Blog\" \/>\n<meta property=\"article:modified_time\" content=\"2025-03-24T10:53:16+00:00\" \/>\n<meta name=\"twitter:card\" content=\"summary_large_image\" \/>\n<meta name=\"twitter:label1\" content=\"Est. reading time\" \/>\n\t<meta name=\"twitter:data1\" content=\"3 minutes\" \/>\n<script type=\"application\/ld+json\" class=\"yoast-schema-graph\">{\"@context\":\"https:\/\/schema.org\",\"@graph\":[{\"@type\":\"WebPage\",\"@id\":\"https:\/\/traveling.com\/de\/blog\/flughaefen-alaska\/\",\"url\":\"https:\/\/traveling.com\/de\/blog\/flughaefen-alaska\/\",\"name\":\"Alaska Flugh\u00e4fen - IATA-Codes, Karte und Reiseinformationen\",\"isPartOf\":{\"@id\":\"https:\/\/traveling.com\/de\/blog\/#website\"},\"datePublished\":\"2021-04-01T07:00:06+00:00\",\"dateModified\":\"2025-03-24T10:53:16+00:00\",\"description\":\"Eine vollst\u00e4ndige Liste aller Flugh\u00e4fen in Alaska mit ihren IATA-Codes, Flughafenstandorten auf der Karte und Passagierzahlen.\",\"breadcrumb\":{\"@id\":\"https:\/\/traveling.com\/de\/blog\/flughaefen-alaska\/#breadcrumb\"},\"inLanguage\":\"en-GB\",\"potentialAction\":[{\"@type\":\"ReadAction\",\"target\":[\"https:\/\/traveling.com\/de\/blog\/flughaefen-alaska\/\"]}]},{\"@type\":\"BreadcrumbList\",\"@id\":\"https:\/\/traveling.com\/de\/blog\/flughaefen-alaska\/#breadcrumb\",\"itemListElement\":[{\"@type\":\"ListItem\",\"position\":1,\"name\":\"Home\",\"item\":\"https:\/\/traveling.com\/de\/blog\/\"},{\"@type\":\"ListItem\",\"position\":2,\"name\":\"Flugh\u00e4fen in Alaska\"}]},{\"@type\":\"WebSite\",\"@id\":\"https:\/\/traveling.com\/de\/blog\/#website\",\"url\":\"https:\/\/traveling.com\/de\/blog\/\",\"name\":\"Traveling.com Blog\",\"description\":\"Dein Kompletter Reisef\u00fchrer\",\"potentialAction\":[{\"@type\":\"SearchAction\",\"target\":{\"@type\":\"EntryPoint\",\"urlTemplate\":\"https:\/\/traveling.com\/de\/blog\/?s={search_term_string}\"},\"query-input\":\"required name=search_term_string\"}],\"inLanguage\":\"en-GB\"}]}<\/script>\n<!-- \/ Yoast SEO plugin. -->","yoast_head_json":{"title":"Alaska Flugh\u00e4fen - IATA-Codes, Karte und Reiseinformationen","description":"Eine vollst\u00e4ndige Liste aller Flugh\u00e4fen in Alaska mit ihren IATA-Codes, Flughafenstandorten auf der Karte und Passagierzahlen.","robots":{"index":"index","follow":"follow","max-snippet":"max-snippet:-1","max-image-preview":"max-image-preview:large","max-video-preview":"max-video-preview:-1"},"canonical":"https:\/\/traveling.com\/de\/blog\/flughaefen-alaska\/","og_locale":"en_GB","og_type":"article","og_title":"Alaska Flugh\u00e4fen - IATA-Codes, Karte und Reiseinformationen","og_description":"Eine vollst\u00e4ndige Liste aller Flugh\u00e4fen in Alaska mit ihren IATA-Codes, Flughafenstandorten auf der Karte und Passagierzahlen.","og_url":"https:\/\/traveling.com\/de\/blog\/flughaefen-alaska\/","og_site_name":"Traveling.com Blog","article_modified_time":"2025-03-24T10:53:16+00:00","twitter_card":"summary_large_image","twitter_misc":{"Est. reading time":"3 minutes"},"schema":{"@context":"https:\/\/schema.org","@graph":[{"@type":"WebPage","@id":"https:\/\/traveling.com\/de\/blog\/flughaefen-alaska\/","url":"https:\/\/traveling.com\/de\/blog\/flughaefen-alaska\/","name":"Alaska Flugh\u00e4fen - IATA-Codes, Karte und Reiseinformationen","isPartOf":{"@id":"https:\/\/traveling.com\/de\/blog\/#website"},"datePublished":"2021-04-01T07:00:06+00:00","dateModified":"2025-03-24T10:53:16+00:00","description":"Eine vollst\u00e4ndige Liste aller Flugh\u00e4fen in Alaska mit ihren IATA-Codes, Flughafenstandorten auf der Karte und Passagierzahlen.","breadcrumb":{"@id":"https:\/\/traveling.com\/de\/blog\/flughaefen-alaska\/#breadcrumb"},"inLanguage":"en-GB","potentialAction":[{"@type":"ReadAction","target":["https:\/\/traveling.com\/de\/blog\/flughaefen-alaska\/"]}]},{"@type":"BreadcrumbList","@id":"https:\/\/traveling.com\/de\/blog\/flughaefen-alaska\/#breadcrumb","itemListElement":[{"@type":"ListItem","position":1,"name":"Home","item":"https:\/\/traveling.com\/de\/blog\/"},{"@type":"ListItem","position":2,"name":"Flugh\u00e4fen in Alaska"}]},{"@type":"WebSite","@id":"https:\/\/traveling.com\/de\/blog\/#website","url":"https:\/\/traveling.com\/de\/blog\/","name":"Traveling.com Blog","description":"Dein Kompletter Reisef\u00fchrer","potentialAction":[{"@type":"SearchAction","target":{"@type":"EntryPoint","urlTemplate":"https:\/\/traveling.com\/de\/blog\/?s={search_term_string}"},"query-input":"required name=search_term_string"}],"inLanguage":"en-GB"}]}},"_links":{"self":[{"href":"https:\/\/traveling.com\/de\/blog\/wp-json\/wp\/v2\/pages\/8168"}],"collection":[{"href":"https:\/\/traveling.com\/de\/blog\/wp-json\/wp\/v2\/pages"}],"about":[{"href":"https:\/\/traveling.com\/de\/blog\/wp-json\/wp\/v2\/types\/page"}],"author":[{"embeddable":true,"href":"https:\/\/traveling.com\/de\/blog\/wp-json\/wp\/v2\/users\/1"}],"replies":[{"embeddable":true,"href":"https:\/\/traveling.com\/de\/blog\/wp-json\/wp\/v2\/comments?post=8168"}],"version-history":[{"count":3,"href":"https:\/\/traveling.com\/de\/blog\/wp-json\/wp\/v2\/pages\/8168\/revisions"}],"predecessor-version":[{"id":8171,"href":"https:\/\/traveling.com\/de\/blog\/wp-json\/wp\/v2\/pages\/8168\/revisions\/8171"}],"wp:attachment":[{"href":"https:\/\/traveling.com\/de\/blog\/wp-json\/wp\/v2\/media?parent=8168"}],"curies":[{"name":"wp","href":"https:\/\/api.w.org\/{rel}","templated":true}]}}