{"id":8256,"date":"2021-05-31T09:00:20","date_gmt":"2021-05-31T07:00:20","guid":{"rendered":"https:\/\/getbybus.com\/de\/blog\/?page_id=8256"},"modified":"2025-03-24T12:53:53","modified_gmt":"2025-03-24T10:53:53","slug":"flughaefen-kalifornien","status":"publish","type":"page","link":"https:\/\/traveling.com\/de\/blog\/flughaefen-kalifornien\/","title":{"rendered":"Flugh\u00e4fen in Kalifornien"},"content":{"rendered":"<p><strong>Kalifornien<\/strong> hat eine bedeutende Anzahl von Verkehrsflugh\u00e4fen. Mit 9 <em>gro\u00dfen <\/em>und <em>mittleren Hub<\/em>-Flugh\u00e4fen und mehr als einem Dutzend kleinerer Flugh\u00e4fen ist es <strong>einer der am besten abgedeckten US-Bundesstaaten im Hinblick auf den Flugverkehr<\/strong>. LAX ist der verkehrsreichste und gr\u00f6\u00dfte Flughafen Kaliforniens, gefolgt von San Francisco und San Diego. Diese Flugh\u00e4fen bef\u00f6rdern jedes Jahr Hunderte Millionen Passagiere. Alle gro\u00dfen US-Fluggesellschaften operieren an kalifornischen Flugh\u00e4fen. Daher stehen beim Besuch des Goldenen Staates mehrere Optionen zur Auswahl. \u00dcberpr\u00fcfen Sie die <strong>Karte der Flugh\u00e4fen in Kalifornien<\/strong>, um besser zu sehen, wo sich die einzelnen Flugh\u00e4fen in Kalifornien befinden.<\/p>\n<h3><span class=\"ez-toc-section\" id=\"Liste_der_kalifornischen_Flughafen\"><\/span><span style=\"color: #2a2a2a;\"><b>Liste der kalifornischen Flugh\u00e4fen<\/b><\/span><span class=\"ez-toc-section-end\"><\/span><\/h3>\n<h4><span class=\"ez-toc-section\" id=\"Internationaler_Flughafen_Los_Angeles_-_IATA-Code_-_LAX_88_Mio_Passagiere\"><\/span><b>Internationaler Flughafen Los Angeles &#8211; IATA-Code &#8211; LAX (~ 88 Mio. Passagiere)<\/b><span class=\"ez-toc-section-end\"><\/span><\/h4>\n<p><strong>Der Internationale Flughafen Los Angeles<\/strong>, bekannt als LAX, ist der Hauptflughafen der Metropolregion Los Angeles. LAX geh\u00f6rt zu den Top 5 der verkehrsreichsten US-Flugh\u00e4fen und Weltflugh\u00e4fen. Der Flughafen ist ein Drehkreuz f\u00fcr mehrere Fluggesellschaften &#8211; <strong>American, Delta, United <\/strong>und <strong>Air New Zealand<\/strong>, um nur einige zu nennen. San Francisco, NYC und Las Vegas sind Top-Inlandsziele, w\u00e4hrend London und Mexiko-Stadt den Weg f\u00fcr internationale Strecken weisen. LAX hat 9 unglaubliche Passagierterminals. Der Flughafen liegt etwa 30 km s\u00fcdwestlich der Innenstadt von LA. Um dorthin zu gelangen, k\u00f6nnen die Passagiere zwischen \u00f6ffentlichen Verkehrsmitteln, Flughafentransfers, Taxis, Mietwagen usw. w\u00e4hlen.<\/p>\n<h4><span class=\"ez-toc-section\" id=\"Internationaler_Flughafen_San_Francisco_-_IATA-Code_-_SFO_57_Mio_Passagiere\"><\/span><b>Internationaler Flughafen San Francisco &#8211; IATA-Code &#8211; SFO (~ 57 Mio. Passagiere)<\/b><span class=\"ez-toc-section-end\"><\/span><\/h4>\n<p><strong>Der Internationale Flughafen San Francisco<\/strong> ist einer der verkehrsreichsten US-Flugh\u00e4fen sowie der zweitgr\u00f6\u00dfte Flughafen in Kalifornien. Der Flughafen liegt etwa 20 km s\u00fcdlich der Innenstadt von SF. Die Anreise in die Stadt ist \u00fcber zahlreiche Transportm\u00f6glichkeiten m\u00f6glich. Vor allem mit \u00f6ffentlichen Bussen, Shuttles, Taxis und Mietwagen. Bay Area Rapid Transit und SamTrans sind zwei \u00f6ffentliche Verkehrsmittel. Der Flughafen ist ein Drehkreuz f\u00fcr <strong>United <\/strong>und <strong>Alaska Airlines<\/strong>. LA und Seattle sind Top-Inlandsziele und London und Hongkong international. Dar\u00fcber hinaus verf\u00fcgt der SFO-Flughafen \u00fcber 4 riesige Terminals, sodass Sie sich dort leicht verirren k\u00f6nnen.<\/p>\n<h4><span class=\"ez-toc-section\" id=\"Internationaler_Flughafen_San_Diego_-_IATA-Code_-_SAN_25_Mio_Passagiere\"><\/span><b>Internationaler Flughafen San Diego &#8211; IATA-Code &#8211; SAN (~ 25 Mio. Passagiere)<\/b><span class=\"ez-toc-section-end\"><\/span><\/h4>\n<p><strong>Der Flughafen San Diego<\/strong> ist ein wichtiger US-Flughafen und liegt 5 Kilometer n\u00f6rdlich der Stadt. Der Flughafen bedient haupts\u00e4chlich Inlandsstrecken mit einigen Verbindungen nach Europa, Mexiko, Kanada und Japan. Wie andere gro\u00dfe US-Flugh\u00e4fen ist es ein Drehkreuz f\u00fcr mehrere Fluggesellschaften wie <strong>Southwest, Alaska Airlines, Delta <\/strong>und<strong> United<\/strong>. Der Flughafen, auch Lindbergh Field genannt, verf\u00fcgt \u00fcber 2 gro\u00dfe Terminals. Der gr\u00f6\u00dfte Teil des Inlandsverkehrs kommt aus St\u00e4dten an der Westk\u00fcste wie San Francisco, Seattle und San Jose. Die Anreise nach San Diego ist m\u00f6glich mit \u00f6ffentlichen Verkehrsmitteln (Buslinie 992, Amtrak Intercity-Zug, Nahverkehrszug) sowie mit Trolleys, Taxis und Shuttles. Der Flughafen SAN liegt ziemlich nahe an anderen St\u00e4dten wie <strong>Escondido <\/strong>und<strong> Tijuana<\/strong>.<\/p>\n<h4><span class=\"ez-toc-section\" id=\"Internationaler_Flughafen_San_Jose_-_IATA-Code_-_SJC_155_Mio_Passagiere\"><\/span><b>Internationaler Flughafen San Jose &#8211; IATA-Code &#8211; SJC (~ 15,5 Mio. Passagiere)<\/b><span class=\"ez-toc-section-end\"><\/span><\/h4>\n<p><strong>Der Flughafen San Jose<\/strong> dient der gleichnamigen Stadt in der Bay Area. Der vollst\u00e4ndige Name des Flughafens lautet <strong>Internationaler Flughafen Norman Y. Mineta San Jos\u00e9<\/strong>. Die Lage des Flughafens liegt etwa 5 km n\u00f6rdlich der Innenstadt von San Diego. Um dorthin zu gelangen, kann man zwischen \u00f6ffentlichen Bussen, Z\u00fcgen, Limousinen, Shuttlebussen, Taxis und Mietwagen w\u00e4hlen. Der Flughafen SJC verf\u00fcgt \u00fcber 2 Terminals zur Verbindung auf der Luftseite. Guadalajara ist die internationale Top-Verbindung, w\u00e4hrend die kalifornischen St\u00e4dte LA und San Diego f\u00fchrende Inlandsstrecken sind. <strong>Southwest Airlines, Alaska <\/strong>und <strong>Delta<\/strong> sind die Top-Fluggesellschaften am Flughafen.<\/p>\n<h4><span class=\"ez-toc-section\" id=\"Internationaler_Flughafen_Oakland_-_IATA-Code_-_OAK_13_Mio_Passagiere\"><\/span><b>Internationaler Flughafen Oakland &#8211; IATA-Code &#8211; OAK (~ 13 Mio. Passagiere)<\/b><span class=\"ez-toc-section-end\"><\/span><\/h4>\n<p><strong>Der Flughafen Oakland<\/strong> ist der zweitgr\u00f6\u00dfte Flughafen in der SF Bay Area. Der Flughafen wickelt haupts\u00e4chlich Inlandsfl\u00fcge und Fl\u00fcge nach Mexiko ab. Mit 13 Fluggesellschaften und mehr als 50 Zielen geh\u00f6rt es zu den verkehrsreichsten Flugh\u00e4fen Kaliforniens. <strong>AllegiantAir, JSX <\/strong>und<strong> Southwest Airlines<\/strong> sind die Top-Fluggesellschaften am Flughafen OAK. Las Vegas, LA und San Diego sind die besten inl\u00e4ndischen und Barcelona und London die besten internationalen Verbindungen. Der Flughafen liegt etwa 25 km s\u00fcd\u00f6stlich von San Francisco und 13 km von Oakland entfernt. Um dorthin zu gelangen, k\u00f6nnen Reisende zwischen \u00f6ffentlichen BART-Verkehrsmitteln, Amtrak-Linien, Shuttles, Taxis und Mietwagen w\u00e4hlen.<\/p>\n<h4><span class=\"ez-toc-section\" id=\"Internationaler_Flughafen_Sacramento_-_IATA-Code_-_SMF_13_Mio_Passagiere\"><\/span><b>Internationaler Flughafen Sacramento &#8211; IATA-Code &#8211; SMF (~ 13 Mio. Passagiere)<\/b><span class=\"ez-toc-section-end\"><\/span><\/h4>\n<p><strong>Der Flughafen Sacramento<\/strong> ist der wichtigste Einstiegspunkt f\u00fcr Sacramento, da er etwa 15 km n\u00f6rdlich der Stadt liegt. Passagiere nutzen es h\u00e4ufig, wenn sie zu Sehensw\u00fcrdigkeiten wie <strong>Napa Valley, Lake Tahoe <\/strong>oder <strong>Nationalpark Yosemite<\/strong> reisen. \u00c4hnlich wie beim Flughafen Oakland liegt der Schwerpunkt auf Inlandsstrecken. Daher sind San Diego und LA die wichtigsten Ziele in den USA, und <strong>Southwest Airlines<\/strong> ist die Hauptfluggesellschaft. Die \u00f6ffentlichen Verkehrsmittel von SacRT verbinden den Flughafen mit der Stadt. Es gibt auch Flughafentransfers, Taxis und Mietwagen.<\/p>\n<div id=\"attachment_8259\" style=\"width: 1034px\" class=\"wp-caption alignnone\"><a class=\"lightbox\" href=\"https:\/\/Traveling.com\/de\/blog\/wp-content\/uploads\/2021\/04\/San-Francisco-Flughafen.jpg\"><img aria-describedby=\"caption-attachment-8259\" decoding=\"async\" class=\"size-full wp-image-8259\" src=\"https:\/\/Traveling.com\/de\/blog\/wp-content\/uploads\/2021\/04\/San-Francisco-Flughafen.jpg\" alt=\"Flughafen San Francisco \" width=\"1024\" height=\"684\" srcset=\"https:\/\/d2bgjx2gb489de.cloudfront.net\/gbb-blogs\/wp-content\/uploads\/2021\/04\/21155521\/San-Francisco-Flughafen.jpg 1024w, https:\/\/d2bgjx2gb489de.cloudfront.net\/gbb-blogs\/wp-content\/uploads\/2021\/04\/21155521\/San-Francisco-Flughafen-300x200.jpg 300w, https:\/\/d2bgjx2gb489de.cloudfront.net\/gbb-blogs\/wp-content\/uploads\/2021\/04\/21155521\/San-Francisco-Flughafen-768x513.jpg 768w\" sizes=\"(max-width: 1024px) 100vw, 1024px\" \/><\/a><p id=\"caption-attachment-8259\" class=\"wp-caption-text\">Ein Blick von au\u00dferhalb des Flughafens San Francisco in Kalifornien<\/p><\/div>\n<h4><span class=\"ez-toc-section\" id=\"Flughafen_Santa_Ana_John_Wayne_-_IATA-Code_-_SNA_10_Mio_Passagiere\"><\/span><b>Flughafen Santa Ana John Wayne &#8211; IATA-Code &#8211; SNA (~ 10 Mio. Passagiere)<\/b><span class=\"ez-toc-section-end\"><\/span><\/h4>\n<p><strong>Der Flughafen John Wayne<\/strong> ist ein internationaler Flughafen in Orange County. Der Flughafen bedient mehrere St\u00e4dte &#8211; Santa Ana, Irvine, Newport Beach und Irvine. Der Flughafen liegt 10 km von diesen St\u00e4dten und etwa 60 km s\u00fcdlich von LA. Fr\u00fcher als Orange County Airport bekannt, ist es nach dem ber\u00fchmten Schauspieler John Wayne benannt, der in Newport Beach lebte. Der Schwerpunkt des Flughafens liegt auf Inlandsverbindungen, haupts\u00e4chlich von Southwest Airlines, United, Delta und American Airlines. Der Flughafen wurde laut Reisenden als <a href=\"https:\/\/Traveling.com\/de\/blog\/top-50-der-besten-flughaefen-der-welt\/\">33. bester Flughafen der Welt<\/a> eingestuft. Der Weg zum Flughafen ist aufgrund verschiedener Bodentransportm\u00f6glichkeiten einfach &#8211; \u00f6ffentliche Busse, Z\u00fcge, Shuttles, Taxis und so weiter.<\/p>\n<h4><span class=\"ez-toc-section\" id=\"Internationaler_Flughafen_Ontario_-_IATA-Code_-_ONT_5_Mio_Passagiere\"><\/span><b>Internationaler Flughafen Ontario &#8211; IATA-Code &#8211; ONT (~ 5 Mio. Passagiere)<\/b><span class=\"ez-toc-section-end\"><\/span><\/h4>\n<p><strong>Der Internationale Flughafen Ontario<\/strong> befindet sich in S\u00fcdkalifornien, 3 km \u00f6stlich von Central Ontario und 65 km \u00f6stlich von Downtown LA. Neben Ontario bedient der Flughafen andere St\u00e4dte im <strong>San Bernardino County<\/strong>. <strong>Southwest Airlines<\/strong> und <strong>Low-Cost Frontier<\/strong> geh\u00f6ren zu den Fluggesellschaften, die am Flughafen t\u00e4tig sind. Der Schwerpunkt liegt auf Inlandsstrecken, daher sind Phoenix und Dallas die verkehrsreichsten Strecken. Der Bodentransport ist unterschiedlich und reicht von \u00f6ffentlichen Bussen, U-Bahnen, Z\u00fcgen, Shuttles, Taxis usw.<\/p>\n<h4><span class=\"ez-toc-section\" id=\"Flughafen_Hollywood_Burbank_-_IATA-Code_-_BUR_5_Mio_Passagiere\"><\/span><b>Flughafen Hollywood Burbank &#8211; IATA-Code &#8211; BUR (~ 5 Mio. Passagiere)<\/b><span class=\"ez-toc-section-end\"><\/span><\/h4>\n<p><strong>Der Flughafen Burbank<\/strong> ist ein weiterer Flughafen im Gro\u00dfraum LA, 25 km n\u00f6rdlich der Stadt. Der Flughafen wird nach einem ber\u00fchmten Stand-up-Comedian auch <strong>Flughafen <\/strong><strong>Bob Hope <\/strong>genannt. Neben LA bedient der Flughafen unter anderem die St\u00e4dte Burbank, Pasadena und Glendale. 2 Terminals bef\u00f6rdern Passagiere, die mit <strong>jetBlue, JSX <\/strong>und <strong>Southwest Airlines<\/strong> fliegen, um nur einige zu nennen. Top-Nonstop-Verbindungen sind haupts\u00e4chlich inl\u00e4ndische St\u00e4dte in Kalifornien. F\u00fcr den Transport zum und vom Flughafen stehen verschiedene M\u00f6glichkeiten zur Verf\u00fcgung, vom \u00f6ffentlichen Verkehr \u00fcber Shuttles bis hin zu Taxis.<\/p>\n<h4><span class=\"ez-toc-section\" id=\"Flughafen_Long_Beach_-_IATA-Code_-_LGB_35_Mio_Passagiere\"><\/span><b>Flughafen Long Beach &#8211; IATA-Code &#8211; LGB (~ 3,5 Mio. Passagiere)<\/b><span class=\"ez-toc-section-end\"><\/span><\/h4>\n<p><strong>Der Flughafen Long Beach<\/strong> ist ein kommerzieller Flughafen, der etwa 5 km n\u00f6rdlich der Innenstadt von Long Beach liegt. Der Flughafen, auch als <strong>Daugherty Field<\/strong> bekannt, hat sich zum Ziel gesetzt, als \u201e<em>gr\u00fcner, umweltfreundlicher<\/em>\u201c Flughafen zu operieren. Derzeit werden auf dem LGB-Flughafen haupts\u00e4chlich Inlandsfl\u00fcge \u00fcber <strong>jetBlue <\/strong>und <strong>Southwest Airlines<\/strong> abgewickelt. Amtrak, MetroLink und Metro Rail System bieten Zuglinien zum Flughafen an, w\u00e4hrend Long Beach Transit der wichtigste \u00f6ffentliche Busbetreiber ist. Es gibt auch Flughafentransfers und Taxis vor Ort.<\/p>\n<h4><span class=\"ez-toc-section\" id=\"Internationaler_Flughafen_Palm_Springs_-_IATA-Code_-_PSP_25_Mio_Passagiere\"><\/span><b>Internationaler Flughafen Palm Springs &#8211; IATA-Code &#8211; PSP (~ 2,5 Mio. Passagiere)<\/b><span class=\"ez-toc-section-end\"><\/span><\/h4>\n<p><strong>Der Flughafen Palm Springs<\/strong> bedient die Bewohner des Coachella Valley und seiner Umgebung. Es liegt 3 km \u00f6stlich des Zentrums von Palm Springs. San Francisco und Seattle sind Top-Inlandsstrecken und es gibt mehrere <strong>Billigfluggesellschaften<\/strong> wie jetBlue, SunCountry und Frontier, die am Flughafen operieren. Es stehen verschiedene Transportm\u00f6glichkeiten zur Verf\u00fcgung, von \u00f6ffentlichen Sunline Transit Agency- und Amtrak-Linien bis hin zu Flughafentransfers und Taxis.<\/p>\n<h4><span class=\"ez-toc-section\" id=\"Internationaler_Flughafen_Fresno_Yosemite_-_IATA-Code_-_FAT_17_Mio_Passagiere\"><\/span><b>Internationaler Flughafen Fresno Yosemite &#8211; IATA-Code &#8211; FAT (~ 1,7 Mio. Passagiere)<\/b><span class=\"ez-toc-section-end\"><\/span><\/h4>\n<p><strong>Der Flughafen Fresno Yosemite<\/strong> ist ein Flughafen, der die Stadt Fresno bedient und etwa 7 km entfernt liegt. Es wird h\u00e4ufig f\u00fcr Reisende verwendet, die die nahe gelegenen Nationalparks Yosemite, Sequoia und Kings Canyon besuchen. Die regionale Fluggesellschaft SkyWest ist die Top-Fluggesellschaft, gefolgt von American Airlines. Die Anreise nach Fresno ist mit \u00f6ffentlichen Verkehrsmitteln (Fax und V-Linie) m\u00f6glich, w\u00e4hrend YARTS den Transport nach Yosemite anbietet. Weitere Optionen sind Shuttles, Taxis und Mietwagen.<\/p>\n\n\n<hr class=\"wp-block-separator has-css-opacity\"\/>\n\n\n<h4><span class=\"ez-toc-section\" id=\"Stadtischer_Flughafen_Santa_Barbara_-_IATA-Code_-_SBA\"><\/span><b>St\u00e4dtischer Flughafen Santa Barbara &#8211; IATA-Code &#8211; SBA<\/b><span class=\"ez-toc-section-end\"><\/span><\/h4>\n<ul>\n<li>Nahe gelegenen St\u00e4dte: Santa Barbara (12 km), Los Padres National Forest (90 km)<\/li>\n<li>Fluggesellschaft(en): Delta, United, American Airlines, Contour<\/li>\n<\/ul>\n<h4><span class=\"ez-toc-section\" id=\"Regionalflughafen_Monterey_-_IATA-Code_-_MRY\"><\/span><b>Regionalflughafen Monterey &#8211; IATA-Code &#8211; MRY<\/b><span class=\"ez-toc-section-end\"><\/span><\/h4>\n<ul>\n<li>Auch genannt: FlughafenMonterey Peninsula<\/li>\n<li>Nahe gelegenen St\u00e4dte: Monterey (5 km), Salinas (25 km)<\/li>\n<li>Fluggesellschaft(en): American Eagle, JSX, United<\/li>\n<\/ul>\n<h4><span class=\"ez-toc-section\" id=\"Flughafen_Santa_Rosa_-_IATA-Code_-_STS\"><\/span><b>Flughafen Santa Rosa &#8211; IATA-Code &#8211; STS<\/b><span class=\"ez-toc-section-end\"><\/span><\/h4>\n<ul>\n<li>Auch genannt: Flughafen Charles M. Schulz &#8211; Sonoma County<\/li>\n<li>Nahe gelegenen St\u00e4dte: Santa Rosa (11 km)<\/li>\n<li>Fluggesellschaft(en): American Eagle, Alaska Airlines, United<\/li>\n<\/ul>\n<h4><span class=\"ez-toc-section\" id=\"Flughafen_San_Luis_Obispo_County_-_IATA-Code_-_SBP\"><\/span><b>Flughafen San Luis Obispo County &#8211; IATA-Code &#8211; SBP<\/b><span class=\"ez-toc-section-end\"><\/span><\/h4>\n<ul>\n<li>Auch genannt: McChesney Field<\/li>\n<li>Nahe gelegenen St\u00e4dte: San Luis Obispo (5 km)<\/li>\n<li>Fluggesellschaft(en): American Eagle, Alaska Airlines, United<\/li>\n<\/ul>\n<h4><span class=\"ez-toc-section\" id=\"Flughafen_Bakersfield_-_IATA-Code_-_BFL\"><\/span><b>Flughafen Bakersfield &#8211; IATA-Code &#8211; BFL<\/b><span class=\"ez-toc-section-end\"><\/span><\/h4>\n<ul>\n<li>Auch genannt: Meadows Field<\/li>\n<li>Nahe gelegenen St\u00e4dte: Bakersfield (5 km)<\/li>\n<li>Fluggesellschaft(en): American Eagle, United<\/li>\n<\/ul>\n<h4><span class=\"ez-toc-section\" id=\"Flughafen_Stockton_Metropolitan_-_IATA-Code_-_SCK\"><\/span><b>Flughafen Stockton Metropolitan &#8211; IATA-Code &#8211; SCK<\/b><span class=\"ez-toc-section-end\"><\/span><\/h4>\n<ul>\n<li>Nahe gelegenen St\u00e4dte: Stockton (5 km), Tracy (25 km)<\/li>\n<li>Fluggesellschaft(en): AllegiantAir, United<\/li>\n<\/ul>\n<h4><span class=\"ez-toc-section\" id=\"Flughafen_Arcata_-_Eureka_-_IATA-Code_-_ACV\"><\/span><b>Flughafen Arcata &#8211; Eureka &#8211; IATA-Code &#8211; ACV<\/b><span class=\"ez-toc-section-end\"><\/span><\/h4>\n<ul>\n<li>Auch genannt: Flughafen California Redwood Coast &#8211; Humboldt County<\/li>\n<li>Nahe gelegenen St\u00e4dte: Arcata (13 km), Eureka (25 km)<\/li>\n<li>Fluggesellschaft(en): United Express<\/li>\n<\/ul>\n<h4><span class=\"ez-toc-section\" id=\"Flughafen_Redding_Municipal_-_IATA-Code_-_RDD\"><\/span><b>Flughafen Redding Municipal &#8211; IATA-Code &#8211; RDD<\/b><span class=\"ez-toc-section-end\"><\/span><\/h4>\n<ul>\n<li>Nahe gelegenen St\u00e4dte: Redding (10 km), Red Bluff (39 km)<\/li>\n<li>Fluggesellschaft(en): United Express<\/li>\n<\/ul>\n<h4><span class=\"ez-toc-section\" id=\"Flughafen_Santa_Maria_-_IATA-Code_-_SMX\"><\/span><b>Flughafen Santa Maria &#8211; IATA-Code &#8211; SMX<\/b><span class=\"ez-toc-section-end\"><\/span><\/h4>\n<ul>\n<li>Auch genannt: Capt G. Allan Hancock Field<\/li>\n<li>Nahe gelegenen St\u00e4dte: Santa Maria (5 km)<\/li>\n<li>Fluggesellschaft(en): AllegiantAir, United Express<\/li>\n<\/ul>\n<h4><span class=\"ez-toc-section\" id=\"Flughafen_Mammoth_Lakes_-_IATA-Code_-_MMH\"><\/span><b>Flughafen Mammoth Lakes &#8211; IATA-Code &#8211; MMH<\/b><span class=\"ez-toc-section-end\"><\/span><\/h4>\n<ul>\n<li>Auch genannt: FlughafenMammoth Yosemite; Flughafen Mammoth-June Lake<\/li>\n<li>Nahe gelegenen St\u00e4dte: Mammoth Lakes (10 km)<\/li>\n<li>Fluggesellschaft(en): JSX, United Express<\/li>\n<\/ul>\n<h4><span class=\"ez-toc-section\" id=\"Flughafen_Crescent_City_-_IATA-Code_-_CCE\"><\/span><b>Flughafen Crescent City &#8211; IATA-Code &#8211; CCE<\/b><span class=\"ez-toc-section-end\"><\/span><\/h4>\n<ul>\n<li>Auch genannt: FlughafenDel Norte County; Jack McNamara Field<\/li>\n<li>Nahe gelegenen St\u00e4dte: Halbmond (5 km)<\/li>\n<li>Fluggesellschaft(en): Kontur<\/li>\n<\/ul>\n<h4><span class=\"ez-toc-section\" id=\"Flughafen_McClellan_-_Palomar_-_IATA-Code_-_CLD\"><\/span><b>Flughafen McClellan &#8211; Palomar &#8211; IATA-Code &#8211; CLD<\/b><span class=\"ez-toc-section-end\"><\/span><\/h4>\n<ul>\n<li>Nahe gelegenen St\u00e4dte: Karlsbad (5 km), San Marcos (10 km)<\/li>\n<li>Fluggesellschaft(en): Taos Air<\/li>\n<\/ul>\n<h3><span class=\"ez-toc-section\" id=\"Flughafen_in_Nachbarstaaten\"><\/span><b>Flugh\u00e4fen in Nachbarstaaten<\/b><span class=\"ez-toc-section-end\"><\/span><\/h3>\n<table style=\"width: 100%; border-collapse: collapse;\" border=\"0\">\n<tbody>\n<tr>\n<td style=\"width: 33.3333%;\">Flugh\u00e4fen in Oregon<\/td>\n<td style=\"width: 33.3333%;\">Flugh\u00e4fen in Nevada<\/td>\n<td style=\"width: 33.3333%;\">Flugh\u00e4fen in Arizona<\/td>\n<\/tr>\n<\/tbody>\n<\/table>\n<h3><span class=\"ez-toc-section\" id=\"i\"><\/span>\u00a0<span class=\"ez-toc-section-end\"><\/span><\/h3>\n\n","protected":false},"excerpt":{"rendered":"<p>Kalifornien hat eine bedeutende Anzahl von Verkehrsflugh\u00e4fen. Mit 9 gro\u00dfen und mittleren Hub-Flugh\u00e4fen und mehr als einem Dutzend kleinerer Flugh\u00e4fen ist es einer der am besten abgedeckten US-Bundesstaaten im Hinblick auf den Flugverkehr. LAX ist der verkehrsreichste und gr\u00f6\u00dfte Flughafen Kaliforniens, gefolgt von San Francisco und San Diego. Diese Flugh\u00e4fen bef\u00f6rdern jedes Jahr Hunderte Millionen [&hellip;]<\/p>\n<p><a class=\"more-link btn btn-primary\" href=\"https:\/\/traveling.com\/de\/blog\/flughaefen-kalifornien\/\"> Continue reading&#8230;<\/a><\/p>\n","protected":false},"author":1,"featured_media":0,"parent":0,"menu_order":0,"comment_status":"closed","ping_status":"closed","template":"","meta":[],"yoast_head":"<!-- This site is optimized with the Yoast SEO plugin v19.8 - https:\/\/yoast.com\/wordpress\/plugins\/seo\/ -->\n<title>Kalifornien Flugh\u00e4fen - IATA-Codes, Karte und Reiseinformationen<\/title>\n<meta name=\"description\" content=\"Eine vollst\u00e4ndige Liste aller Flugh\u00e4fen in Kalifornien mit ihren IATA-Codes, Flughafenstandorten auf der Karte und Passagierzahlen.\" \/>\n<meta name=\"robots\" content=\"index, follow, max-snippet:-1, max-image-preview:large, max-video-preview:-1\" \/>\n<link rel=\"canonical\" href=\"https:\/\/traveling.com\/de\/blog\/flughaefen-kalifornien\/\" \/>\n<meta property=\"og:locale\" content=\"en_GB\" \/>\n<meta property=\"og:type\" content=\"article\" \/>\n<meta property=\"og:title\" content=\"Kalifornien Flugh\u00e4fen - IATA-Codes, Karte und Reiseinformationen\" \/>\n<meta property=\"og:description\" content=\"Eine vollst\u00e4ndige Liste aller Flugh\u00e4fen in Kalifornien mit ihren IATA-Codes, Flughafenstandorten auf der Karte und Passagierzahlen.\" \/>\n<meta property=\"og:url\" content=\"https:\/\/traveling.com\/de\/blog\/flughaefen-kalifornien\/\" \/>\n<meta property=\"og:site_name\" content=\"Traveling.com Blog\" \/>\n<meta property=\"article:modified_time\" content=\"2025-03-24T10:53:53+00:00\" \/>\n<meta property=\"og:image\" content=\"https:\/\/getbybus.com\/de\/blog\/wp-content\/uploads\/2021\/04\/San-Francisco-Flughafen.jpg\" \/>\n<meta name=\"twitter:card\" content=\"summary_large_image\" \/>\n<meta name=\"twitter:label1\" content=\"Est. reading time\" \/>\n\t<meta name=\"twitter:data1\" content=\"7 minutes\" \/>\n<script type=\"application\/ld+json\" class=\"yoast-schema-graph\">{\"@context\":\"https:\/\/schema.org\",\"@graph\":[{\"@type\":\"WebPage\",\"@id\":\"https:\/\/traveling.com\/de\/blog\/flughaefen-kalifornien\/\",\"url\":\"https:\/\/traveling.com\/de\/blog\/flughaefen-kalifornien\/\",\"name\":\"Kalifornien Flugh\u00e4fen - IATA-Codes, Karte und Reiseinformationen\",\"isPartOf\":{\"@id\":\"https:\/\/traveling.com\/de\/blog\/#website\"},\"datePublished\":\"2021-05-31T07:00:20+00:00\",\"dateModified\":\"2025-03-24T10:53:53+00:00\",\"description\":\"Eine vollst\u00e4ndige Liste aller Flugh\u00e4fen in Kalifornien mit ihren IATA-Codes, Flughafenstandorten auf der Karte und Passagierzahlen.\",\"breadcrumb\":{\"@id\":\"https:\/\/traveling.com\/de\/blog\/flughaefen-kalifornien\/#breadcrumb\"},\"inLanguage\":\"en-GB\",\"potentialAction\":[{\"@type\":\"ReadAction\",\"target\":[\"https:\/\/traveling.com\/de\/blog\/flughaefen-kalifornien\/\"]}]},{\"@type\":\"BreadcrumbList\",\"@id\":\"https:\/\/traveling.com\/de\/blog\/flughaefen-kalifornien\/#breadcrumb\",\"itemListElement\":[{\"@type\":\"ListItem\",\"position\":1,\"name\":\"Home\",\"item\":\"https:\/\/traveling.com\/de\/blog\/\"},{\"@type\":\"ListItem\",\"position\":2,\"name\":\"Flugh\u00e4fen in Kalifornien\"}]},{\"@type\":\"WebSite\",\"@id\":\"https:\/\/traveling.com\/de\/blog\/#website\",\"url\":\"https:\/\/traveling.com\/de\/blog\/\",\"name\":\"Traveling.com Blog\",\"description\":\"Dein Kompletter Reisef\u00fchrer\",\"potentialAction\":[{\"@type\":\"SearchAction\",\"target\":{\"@type\":\"EntryPoint\",\"urlTemplate\":\"https:\/\/traveling.com\/de\/blog\/?s={search_term_string}\"},\"query-input\":\"required name=search_term_string\"}],\"inLanguage\":\"en-GB\"}]}<\/script>\n<!-- \/ Yoast SEO plugin. -->","yoast_head_json":{"title":"Kalifornien Flugh\u00e4fen - IATA-Codes, Karte und Reiseinformationen","description":"Eine vollst\u00e4ndige Liste aller Flugh\u00e4fen in Kalifornien mit ihren IATA-Codes, Flughafenstandorten auf der Karte und Passagierzahlen.","robots":{"index":"index","follow":"follow","max-snippet":"max-snippet:-1","max-image-preview":"max-image-preview:large","max-video-preview":"max-video-preview:-1"},"canonical":"https:\/\/traveling.com\/de\/blog\/flughaefen-kalifornien\/","og_locale":"en_GB","og_type":"article","og_title":"Kalifornien Flugh\u00e4fen - IATA-Codes, Karte und Reiseinformationen","og_description":"Eine vollst\u00e4ndige Liste aller Flugh\u00e4fen in Kalifornien mit ihren IATA-Codes, Flughafenstandorten auf der Karte und Passagierzahlen.","og_url":"https:\/\/traveling.com\/de\/blog\/flughaefen-kalifornien\/","og_site_name":"Traveling.com Blog","article_modified_time":"2025-03-24T10:53:53+00:00","og_image":[{"url":"https:\/\/getbybus.com\/de\/blog\/wp-content\/uploads\/2021\/04\/San-Francisco-Flughafen.jpg"}],"twitter_card":"summary_large_image","twitter_misc":{"Est. reading time":"7 minutes"},"schema":{"@context":"https:\/\/schema.org","@graph":[{"@type":"WebPage","@id":"https:\/\/traveling.com\/de\/blog\/flughaefen-kalifornien\/","url":"https:\/\/traveling.com\/de\/blog\/flughaefen-kalifornien\/","name":"Kalifornien Flugh\u00e4fen - IATA-Codes, Karte und Reiseinformationen","isPartOf":{"@id":"https:\/\/traveling.com\/de\/blog\/#website"},"datePublished":"2021-05-31T07:00:20+00:00","dateModified":"2025-03-24T10:53:53+00:00","description":"Eine vollst\u00e4ndige Liste aller Flugh\u00e4fen in Kalifornien mit ihren IATA-Codes, Flughafenstandorten auf der Karte und Passagierzahlen.","breadcrumb":{"@id":"https:\/\/traveling.com\/de\/blog\/flughaefen-kalifornien\/#breadcrumb"},"inLanguage":"en-GB","potentialAction":[{"@type":"ReadAction","target":["https:\/\/traveling.com\/de\/blog\/flughaefen-kalifornien\/"]}]},{"@type":"BreadcrumbList","@id":"https:\/\/traveling.com\/de\/blog\/flughaefen-kalifornien\/#breadcrumb","itemListElement":[{"@type":"ListItem","position":1,"name":"Home","item":"https:\/\/traveling.com\/de\/blog\/"},{"@type":"ListItem","position":2,"name":"Flugh\u00e4fen in Kalifornien"}]},{"@type":"WebSite","@id":"https:\/\/traveling.com\/de\/blog\/#website","url":"https:\/\/traveling.com\/de\/blog\/","name":"Traveling.com Blog","description":"Dein Kompletter Reisef\u00fchrer","potentialAction":[{"@type":"SearchAction","target":{"@type":"EntryPoint","urlTemplate":"https:\/\/traveling.com\/de\/blog\/?s={search_term_string}"},"query-input":"required name=search_term_string"}],"inLanguage":"en-GB"}]}},"_links":{"self":[{"href":"https:\/\/traveling.com\/de\/blog\/wp-json\/wp\/v2\/pages\/8256"}],"collection":[{"href":"https:\/\/traveling.com\/de\/blog\/wp-json\/wp\/v2\/pages"}],"about":[{"href":"https:\/\/traveling.com\/de\/blog\/wp-json\/wp\/v2\/types\/page"}],"author":[{"embeddable":true,"href":"https:\/\/traveling.com\/de\/blog\/wp-json\/wp\/v2\/users\/1"}],"replies":[{"embeddable":true,"href":"https:\/\/traveling.com\/de\/blog\/wp-json\/wp\/v2\/comments?post=8256"}],"version-history":[{"count":7,"href":"https:\/\/traveling.com\/de\/blog\/wp-json\/wp\/v2\/pages\/8256\/revisions"}],"predecessor-version":[{"id":19191,"href":"https:\/\/traveling.com\/de\/blog\/wp-json\/wp\/v2\/pages\/8256\/revisions\/19191"}],"wp:attachment":[{"href":"https:\/\/traveling.com\/de\/blog\/wp-json\/wp\/v2\/media?parent=8256"}],"curies":[{"name":"wp","href":"https:\/\/api.w.org\/{rel}","templated":true}]}}