{"id":8272,"date":"2021-06-12T09:00:35","date_gmt":"2021-06-12T07:00:35","guid":{"rendered":"https:\/\/getbybus.com\/de\/blog\/?page_id=8272"},"modified":"2025-03-24T12:53:35","modified_gmt":"2025-03-24T10:53:35","slug":"flughaefen-delaware","status":"publish","type":"page","link":"https:\/\/traveling.com\/de\/blog\/flughaefen-delaware\/","title":{"rendered":"Flugh\u00e4fen in Delaware"},"content":{"rendered":"<p>Delaware ist einer der US-Bundesstaaten, in dem es keine gro\u00dfen Flugh\u00e4fen mit kommerziellen Linienfl\u00fcgen gibt. Es gibt einige Flugh\u00e4fen in Privatbesitz, aber keiner von ihnen kann gr\u00f6\u00dfere Flugzeuge bedienen. Der Flughafen Wilmington ist der einzige gr\u00f6\u00dfere Flughafen mit kommerziellen Fl\u00fcgen, aber selbst an diesem Flughafen sind die Passagierzahlen im Vergleich zu anderen US-Flugh\u00e4fen irrelevant. Trotzdem haben wir eine Tabelle mit anderen Flugh\u00e4fen in nahegelegenen L\u00e4ndern beigef\u00fcgt, die als Alternative zu Wilmington dienen k\u00f6nnen.<\/p>\n<h4><strong>Flughafen Wilmington &#8211; IATA-Code &#8211; ILG<\/strong><\/h4>\n<ul>\n<li>Auch genannt: Flughafen New Castle County<\/li>\n<li>Nahe gelegenen St\u00e4dte: Wilmington (8 km), Philadelphia (50 km)<\/li>\n<li>Fluggesellschaft (en): Frontier Airlines<\/li>\n<\/ul>\n<div id=\"attachment_8274\" style=\"width: 1034px\" class=\"wp-caption alignnone\"><a class=\"lightbox\" href=\"https:\/\/Traveling.com\/de\/blog\/wp-content\/uploads\/2021\/04\/Delaware-Wilmington-Flughafen.jpg\"><img aria-describedby=\"caption-attachment-8274\" decoding=\"async\" class=\"size-full wp-image-8274\" src=\"https:\/\/Traveling.com\/de\/blog\/wp-content\/uploads\/2021\/04\/Delaware-Wilmington-Flughafen.jpg\" alt=\"Flughafen Delaware Wilmington\" width=\"1024\" height=\"684\" srcset=\"https:\/\/d2bgjx2gb489de.cloudfront.net\/gbb-blogs\/wp-content\/uploads\/2021\/04\/24133412\/Delaware-Wilmington-Flughafen.jpg 1024w, https:\/\/d2bgjx2gb489de.cloudfront.net\/gbb-blogs\/wp-content\/uploads\/2021\/04\/24133412\/Delaware-Wilmington-Flughafen-300x200.jpg 300w, https:\/\/d2bgjx2gb489de.cloudfront.net\/gbb-blogs\/wp-content\/uploads\/2021\/04\/24133412\/Delaware-Wilmington-Flughafen-768x513.jpg 768w\" sizes=\"(max-width: 1024px) 100vw, 1024px\" \/><\/a><p id=\"caption-attachment-8274\" class=\"wp-caption-text\">Flugzeug fliegt am Flughafen Delaware Wilmington ab<\/p><\/div>\n<h3>Flugh\u00e4fen in Nachbarstaaten<\/h3>\n<table style=\"width: 100%; border-collapse: collapse;\" border=\"0\">\n<tbody>\n<tr>\n<td style=\"width: 33.3333%;\"><a href=\"https:\/\/Traveling.com\/de\/blog\/flughaefen-maryland\/\">Flugh\u00e4fen in Maryland<\/a><\/td>\n<td style=\"width: 33.3333%;\"><a href=\"https:\/\/Traveling.com\/de\/blog\/flughaefen-new-jersey\/\">Flugh\u00e4fen in New Jersey<\/a><\/td>\n<td style=\"width: 33.3333%;\"><a href=\"https:\/\/Traveling.com\/de\/blog\/flughaefen-pennsylvania\/\">Flugh\u00e4fen in Pennsylvania<\/a><\/td>\n<\/tr>\n<\/tbody>\n<\/table>\n<h3>Karte der Flugh\u00e4fen in Delaware<\/h3>\n\n\n<iframe src=\"https:\/\/www.google.com\/maps\/d\/u\/0\/embed?mid=1tM7vVDI7yYo_KeCIlj-7IBxvoYZnCeTE\" width=\"640\" height=\"480\"><\/iframe>\n","protected":false},"excerpt":{"rendered":"<p>Delaware ist einer der US-Bundesstaaten, in dem es keine gro\u00dfen Flugh\u00e4fen mit kommerziellen Linienfl\u00fcgen gibt. Es gibt einige Flugh\u00e4fen in Privatbesitz, aber keiner von ihnen kann gr\u00f6\u00dfere Flugzeuge bedienen. Der Flughafen Wilmington ist der einzige gr\u00f6\u00dfere Flughafen mit kommerziellen Fl\u00fcgen, aber selbst an diesem Flughafen sind die Passagierzahlen im Vergleich zu anderen US-Flugh\u00e4fen irrelevant. Trotzdem [&hellip;]<\/p>\n<p><a class=\"more-link btn btn-primary\" href=\"https:\/\/traveling.com\/de\/blog\/flughaefen-delaware\/\"> Continue reading&#8230;<\/a><\/p>\n","protected":false},"author":1,"featured_media":0,"parent":0,"menu_order":0,"comment_status":"closed","ping_status":"closed","template":"","meta":[],"yoast_head":"<!-- This site is optimized with the Yoast SEO plugin v19.8 - https:\/\/yoast.com\/wordpress\/plugins\/seo\/ -->\n<title>Delaware Flugh\u00e4fen - IATA-Codes, Karte und Reiseinformationen<\/title>\n<meta name=\"description\" content=\"Eine vollst\u00e4ndige Liste aller Flugh\u00e4fen in Delaware mit ihren IATA-Codes, Flughafenstandorten auf der Karte und Passagierzahlen.\" \/>\n<meta name=\"robots\" content=\"index, follow, max-snippet:-1, max-image-preview:large, max-video-preview:-1\" \/>\n<link rel=\"canonical\" href=\"https:\/\/traveling.com\/de\/blog\/flughaefen-delaware\/\" \/>\n<meta property=\"og:locale\" content=\"en_GB\" \/>\n<meta property=\"og:type\" content=\"article\" \/>\n<meta property=\"og:title\" content=\"Delaware Flugh\u00e4fen - IATA-Codes, Karte und Reiseinformationen\" \/>\n<meta property=\"og:description\" content=\"Eine vollst\u00e4ndige Liste aller Flugh\u00e4fen in Delaware mit ihren IATA-Codes, Flughafenstandorten auf der Karte und Passagierzahlen.\" \/>\n<meta property=\"og:url\" content=\"https:\/\/traveling.com\/de\/blog\/flughaefen-delaware\/\" \/>\n<meta property=\"og:site_name\" content=\"Traveling.com Blog\" \/>\n<meta property=\"article:modified_time\" content=\"2025-03-24T10:53:35+00:00\" \/>\n<meta property=\"og:image\" content=\"https:\/\/getbybus.com\/de\/blog\/wp-content\/uploads\/2021\/04\/Delaware-Wilmington-Flughafen.jpg\" \/>\n<meta name=\"twitter:card\" content=\"summary_large_image\" \/>\n<meta name=\"twitter:label1\" content=\"Est. reading time\" \/>\n\t<meta name=\"twitter:data1\" content=\"1 minute\" \/>\n<script type=\"application\/ld+json\" class=\"yoast-schema-graph\">{\"@context\":\"https:\/\/schema.org\",\"@graph\":[{\"@type\":\"WebPage\",\"@id\":\"https:\/\/traveling.com\/de\/blog\/flughaefen-delaware\/\",\"url\":\"https:\/\/traveling.com\/de\/blog\/flughaefen-delaware\/\",\"name\":\"Delaware Flugh\u00e4fen - IATA-Codes, Karte und Reiseinformationen\",\"isPartOf\":{\"@id\":\"https:\/\/traveling.com\/de\/blog\/#website\"},\"datePublished\":\"2021-06-12T07:00:35+00:00\",\"dateModified\":\"2025-03-24T10:53:35+00:00\",\"description\":\"Eine vollst\u00e4ndige Liste aller Flugh\u00e4fen in Delaware mit ihren IATA-Codes, Flughafenstandorten auf der Karte und Passagierzahlen.\",\"breadcrumb\":{\"@id\":\"https:\/\/traveling.com\/de\/blog\/flughaefen-delaware\/#breadcrumb\"},\"inLanguage\":\"en-GB\",\"potentialAction\":[{\"@type\":\"ReadAction\",\"target\":[\"https:\/\/traveling.com\/de\/blog\/flughaefen-delaware\/\"]}]},{\"@type\":\"BreadcrumbList\",\"@id\":\"https:\/\/traveling.com\/de\/blog\/flughaefen-delaware\/#breadcrumb\",\"itemListElement\":[{\"@type\":\"ListItem\",\"position\":1,\"name\":\"Home\",\"item\":\"https:\/\/traveling.com\/de\/blog\/\"},{\"@type\":\"ListItem\",\"position\":2,\"name\":\"Flugh\u00e4fen in Delaware\"}]},{\"@type\":\"WebSite\",\"@id\":\"https:\/\/traveling.com\/de\/blog\/#website\",\"url\":\"https:\/\/traveling.com\/de\/blog\/\",\"name\":\"Traveling.com Blog\",\"description\":\"Dein Kompletter Reisef\u00fchrer\",\"potentialAction\":[{\"@type\":\"SearchAction\",\"target\":{\"@type\":\"EntryPoint\",\"urlTemplate\":\"https:\/\/traveling.com\/de\/blog\/?s={search_term_string}\"},\"query-input\":\"required name=search_term_string\"}],\"inLanguage\":\"en-GB\"}]}<\/script>\n<!-- \/ Yoast SEO plugin. -->","yoast_head_json":{"title":"Delaware Flugh\u00e4fen - IATA-Codes, Karte und Reiseinformationen","description":"Eine vollst\u00e4ndige Liste aller Flugh\u00e4fen in Delaware mit ihren IATA-Codes, Flughafenstandorten auf der Karte und Passagierzahlen.","robots":{"index":"index","follow":"follow","max-snippet":"max-snippet:-1","max-image-preview":"max-image-preview:large","max-video-preview":"max-video-preview:-1"},"canonical":"https:\/\/traveling.com\/de\/blog\/flughaefen-delaware\/","og_locale":"en_GB","og_type":"article","og_title":"Delaware Flugh\u00e4fen - IATA-Codes, Karte und Reiseinformationen","og_description":"Eine vollst\u00e4ndige Liste aller Flugh\u00e4fen in Delaware mit ihren IATA-Codes, Flughafenstandorten auf der Karte und Passagierzahlen.","og_url":"https:\/\/traveling.com\/de\/blog\/flughaefen-delaware\/","og_site_name":"Traveling.com Blog","article_modified_time":"2025-03-24T10:53:35+00:00","og_image":[{"url":"https:\/\/getbybus.com\/de\/blog\/wp-content\/uploads\/2021\/04\/Delaware-Wilmington-Flughafen.jpg"}],"twitter_card":"summary_large_image","twitter_misc":{"Est. reading time":"1 minute"},"schema":{"@context":"https:\/\/schema.org","@graph":[{"@type":"WebPage","@id":"https:\/\/traveling.com\/de\/blog\/flughaefen-delaware\/","url":"https:\/\/traveling.com\/de\/blog\/flughaefen-delaware\/","name":"Delaware Flugh\u00e4fen - IATA-Codes, Karte und Reiseinformationen","isPartOf":{"@id":"https:\/\/traveling.com\/de\/blog\/#website"},"datePublished":"2021-06-12T07:00:35+00:00","dateModified":"2025-03-24T10:53:35+00:00","description":"Eine vollst\u00e4ndige Liste aller Flugh\u00e4fen in Delaware mit ihren IATA-Codes, Flughafenstandorten auf der Karte und Passagierzahlen.","breadcrumb":{"@id":"https:\/\/traveling.com\/de\/blog\/flughaefen-delaware\/#breadcrumb"},"inLanguage":"en-GB","potentialAction":[{"@type":"ReadAction","target":["https:\/\/traveling.com\/de\/blog\/flughaefen-delaware\/"]}]},{"@type":"BreadcrumbList","@id":"https:\/\/traveling.com\/de\/blog\/flughaefen-delaware\/#breadcrumb","itemListElement":[{"@type":"ListItem","position":1,"name":"Home","item":"https:\/\/traveling.com\/de\/blog\/"},{"@type":"ListItem","position":2,"name":"Flugh\u00e4fen in Delaware"}]},{"@type":"WebSite","@id":"https:\/\/traveling.com\/de\/blog\/#website","url":"https:\/\/traveling.com\/de\/blog\/","name":"Traveling.com Blog","description":"Dein Kompletter Reisef\u00fchrer","potentialAction":[{"@type":"SearchAction","target":{"@type":"EntryPoint","urlTemplate":"https:\/\/traveling.com\/de\/blog\/?s={search_term_string}"},"query-input":"required name=search_term_string"}],"inLanguage":"en-GB"}]}},"_links":{"self":[{"href":"https:\/\/traveling.com\/de\/blog\/wp-json\/wp\/v2\/pages\/8272"}],"collection":[{"href":"https:\/\/traveling.com\/de\/blog\/wp-json\/wp\/v2\/pages"}],"about":[{"href":"https:\/\/traveling.com\/de\/blog\/wp-json\/wp\/v2\/types\/page"}],"author":[{"embeddable":true,"href":"https:\/\/traveling.com\/de\/blog\/wp-json\/wp\/v2\/users\/1"}],"replies":[{"embeddable":true,"href":"https:\/\/traveling.com\/de\/blog\/wp-json\/wp\/v2\/comments?post=8272"}],"version-history":[{"count":5,"href":"https:\/\/traveling.com\/de\/blog\/wp-json\/wp\/v2\/pages\/8272\/revisions"}],"predecessor-version":[{"id":8516,"href":"https:\/\/traveling.com\/de\/blog\/wp-json\/wp\/v2\/pages\/8272\/revisions\/8516"}],"wp:attachment":[{"href":"https:\/\/traveling.com\/de\/blog\/wp-json\/wp\/v2\/media?parent=8272"}],"curies":[{"name":"wp","href":"https:\/\/api.w.org\/{rel}","templated":true}]}}