{"id":8278,"date":"2021-06-16T09:00:28","date_gmt":"2021-06-16T07:00:28","guid":{"rendered":"https:\/\/getbybus.com\/de\/blog\/?page_id=8278"},"modified":"2025-03-24T12:53:36","modified_gmt":"2025-03-24T10:53:36","slug":"flughaefen-florida","status":"publish","type":"page","link":"https:\/\/traveling.com\/de\/blog\/flughaefen-florida\/","title":{"rendered":"Flugh\u00e4fen in Florida"},"content":{"rendered":"<p>Florida ist einer der US-Bundesstaaten mit den meisten internationalen Flugh\u00e4fen. Die Flugh\u00e4fen in Florida bestehen aus 20 <em>gro\u00dfen, mittleren, kleinen<\/em> und <em>Nonhub<\/em>-Flugh\u00e4fen, die das ganze Jahr \u00fcber Fl\u00fcge anbieten. Die Flugh\u00e4fen von Miami und Orlando sind diejenigen, die den gr\u00f6\u00dften Prozentsatz des Verkehrs abwickeln. Fort Lauderdale ist jedoch eine weitere beliebte Option, insbesondere aufgrund seiner Lage. Alle diese gr\u00f6\u00dferen Flugh\u00e4fen in Florida k\u00f6nnen schwere Flugzeuge abfertigen, und es gibt auch Billigfluggesellschaften, die auf ihnen operieren. Da es in Florida viele Flugh\u00e4fen gibt, haben wir eine Karte beigef\u00fcgt, damit Sie besser verstehen k\u00f6nnen, wo sich die einzelnen Flugh\u00e4fen befinden.<\/p>\n<h3><span class=\"ez-toc-section\" id=\"Liste_der_Flughafen\"><\/span><span style=\"color: #2a2a2a;\">Liste der Flugh\u00e4fen<\/span><span class=\"ez-toc-section-end\"><\/span><\/h3>\n<h4><span class=\"ez-toc-section\" id=\"Internationaler_Flughafen_Orlando_-_IATA-Code_-_MCO_50_Mio_Passagiere\"><\/span><strong>Internationaler Flughafen Orlando &#8211; IATA-Code &#8211; MCO (~ 50 Mio. Passagiere)<\/strong><span class=\"ez-toc-section-end\"><\/span><\/h4>\n<p><strong>Der internationale Flughafen von Orlando<\/strong> liegt etwa 10 km von der Innenstadt von Orlando entfernt. Der MCO-Flughafen ist der verkehrsreichste Flughafen in Florida und bedient mehrere nationale und internationale Linien. <strong>Southwest Airlines, Delta <\/strong>und <strong>American<\/strong> sind die Hauptfluggesellschaften. Was die Top-Routen betrifft, sind Atlanta und Newark die h\u00e4ufigsten. Der Flughafen Orlando ist die erste Wahl f\u00fcr Reisende, die nicht nur Orlando und Disneyland, sondern auch andere nahe gelegene Resorts besuchen. Die meisten von ihnen befinden sich in Palm Bay County. Um diese Orte zu besuchen, bietet der Flughafen lokale Busse, Shuttles au\u00dferhalb der Stadt und vieles mehr.<\/p>\n<h4><span class=\"ez-toc-section\" id=\"Internationaler_Flughafen_Miami_-_IATA-Code_-_MIA_46_Mio_Passagiere\"><\/span><strong>Internationaler Flughafen Miami &#8211; IATA-Code &#8211; MIA (~ 46 Mio. Passagiere)<\/strong><span class=\"ez-toc-section-end\"><\/span><\/h4>\n<p><strong>Der internationale Flughafen Miami<\/strong> ist der Hauptflughafen der Stadt Miami. Es ist der gr\u00f6\u00dfte Flughafen in der Region Miami und einer der verkehrsreichsten US-Flugh\u00e4fen. Der Flughafen ist auch als Wilcox Field bekannt. Der Flughafen ist einer der gr\u00f6\u00dften Drehkreuze von <strong>American Airlines<\/strong> und dient als h\u00e4ufige Wahl bei Reisen nach Lateinamerika. Der Standort des MIA-Flughafens betr\u00e4gt ca. 13 km. Um in die Innenstadt von Miami zu gelangen, k\u00f6nnen Sie die \u00f6ffentlichen Verkehrsmittel nutzen &#8211; Miami Mover, MetroRail, Miami Beach-Busse, Tri-Rail-Zug und Metrobusse.<\/p>\n<h4><span class=\"ez-toc-section\" id=\"Internationaler_Flughafen_Fort_Lauderdale_-_IATA-Code_-_FLL_36_Mio_Passagiere\"><\/span><strong>Internationaler Flughafen Fort Lauderdale &#8211; IATA-Code &#8211; FLL (~ 36 Mio. Passagiere)<\/strong><span class=\"ez-toc-section-end\"><\/span><\/h4>\n<p><strong>Der internationale Flughafen Fort Lauderdale &#8211; Hollywood<\/strong> ist ein weiterer wichtiger US-Flughafen, der die St\u00e4dte Miami, Fort Lauderdale und Pompano Beach bedient. Der Flughafen liegt zwischen Miami und Fort Lauderdale, genauer gesagt 5 km s\u00fcdlich von FL und 33 km n\u00f6rdlich von Miami Downtown. Der Flughafen ist bei <strong>Billigfluggesellschaften<\/strong> sehr beliebt. Dar\u00fcber hinaus ist es die Hauptbasis f\u00fcr <strong>Spirit Airlines<\/strong> und bietet viele Fl\u00fcge mit <strong>Allegiant Air, jetBlue <\/strong>und <strong>Norwegian Air Shuttle<\/strong>. In Bezug auf die St\u00e4dte sind Atlanta und NYC die am st\u00e4rksten vernetzten nationalen und internationalen Ziele in Nassau und Toronto. Der Weg zum und vom Flughafen ist mit dem Broward County Transit oder mit Transfers, Shuttles und Taxis m\u00f6glich.<\/p>\n<h4><span class=\"ez-toc-section\" id=\"Internationaler_Flughafen_Tampa_-_IATA-Code_-_TPA_22_Mio_Passagiere\"><\/span><strong>Internationaler Flughafen Tampa &#8211; IATA-Code &#8211; TPA (~ 22 Mio. Passagiere)<\/strong><span class=\"ez-toc-section-end\"><\/span><\/h4>\n<p><strong>Der internationale Flughafen Tampa<\/strong> ist ein Flughafen im Osten Floridas und liegt etwa 10 km nordwestlich des Stadtzentrums von Tampa. Der Flughafen ist Drehscheibe f\u00fcr eine regionale Fluggesellschaft Silver Airways, bietet aber auch Fl\u00fcge von gro\u00dfen Fluggesellschaften wie Southwest Airlines, Delta und United an. Die meisten Fl\u00fcge sind Inlandsfl\u00fcge, aber es gibt auch eine betr\u00e4chtliche Anzahl internationaler Fl\u00fcge zu Orten wie Toronto und London. Der Flughafen wurde laut Reisenden als der <a href=\"https:\/\/Traveling.com\/de\/blog\/top-50-der-besten-flughaefen-der-welt\/\">32. der besten Flughafen der Welt<\/a> eingestuft. Mit den \u00f6ffentlichen Verkehrsmitteln HART und PSTA gelangen Sie schnell nach Tampa. Weitere Optionen sind Taxis und Mietwagen. Auch die St\u00e4dte St. Petersburg und Clearwater liegen ziemlich nahe am Flughafen.<\/p>\n<h4><span class=\"ez-toc-section\" id=\"Internationaler_Flughafen_Fort_Myers_-_IATA-Code_-_RSW_10_Mio_Passagiere\"><\/span><strong>Internationaler Flughafen Fort Myers &#8211; IATA-Code &#8211; RSW (~ 10 Mio. Passagiere)<\/strong><span class=\"ez-toc-section-end\"><\/span><\/h4>\n<p><strong>Der internationale Flughafen Fort Myers Southwest Florida<\/strong> ist, wie der Name schon sagt, ein Flughafen im S\u00fcdwesten Floridas. Es liegt etwa 25 km s\u00fcdlich von Fort Myers und bedient auch umliegende St\u00e4dte wie Cape Coral und Neapel. Der Verkehr am Flughafen nimmt von Jahr zu Jahr zu, haupts\u00e4chlich aufgrund von Fl\u00fcgen von <strong>Delta <\/strong>und <strong>Southwest Airlines<\/strong>. Die Anreise nach Fort Myers ist einfach, da Sie zwischen \u00f6ffentlichen Verkehrsmitteln (LeeTran), Shuttleservices, Taxis und Mietwagen w\u00e4hlen k\u00f6nnen.<\/p>\n<h4><span class=\"ez-toc-section\" id=\"Internationaler_Flughafen_Jacksonville_-_IATA-Code_-_JAX_7_Mio_Passagiere\"><\/span><strong>Internationaler Flughafen Jacksonville &#8211; IATA-Code &#8211; JAX (~ 7 Mio. Passagiere)<\/strong><span class=\"ez-toc-section-end\"><\/span><\/h4>\n<p><strong>Der Flughafen Jacksonville<\/strong> ist ein mittelgro\u00dfer US-Flughafen, der haupts\u00e4chlich Inlandsfl\u00fcge bedient. Der Flughafen befindet sich im nordwestlichen Teil von Florida, etwa 20 km n\u00f6rdlich der Innenstadt von Jacksonville. Die Stadt Atlanta ist mit Abstand die am st\u00e4rksten frequentierte Verbindung zum Flughafen JAX. Bei den Fluggesellschaften haben <strong>Delta <\/strong>und <strong>Southwest<\/strong> die gr\u00f6\u00dften Verkehrszahlen. Der Flughafen stellte im vergangenen Jahr einen Rekord f\u00fcr die meisten Passagiere in seiner Geschichte auf. Um in die Stadt zu gelangen, k\u00f6nnen die Passagiere die \u00f6ffentlichen Verkehrsmittel von JTA sowie Shuttles, Taxis und Mietwagen w\u00e4hlen.<\/p>\n<h4><span class=\"ez-toc-section\" id=\"Internationaler_Flughafen_West_Palm_Beach_-_IATA-Code_-_PBI_68_Mio_Passagiere\"><\/span><strong>Internationaler Flughafen West Palm Beach &#8211; IATA-Code &#8211; PBI (~ 6,8 Mio. Passagiere)<\/strong><span class=\"ez-toc-section-end\"><\/span><\/h4>\n<p><strong>Der Flughafen Palm Beach<\/strong> ist der dritte Flughafen im Gro\u00dfraum Miami. Der Flughafen liegt etwa 5 km von West Palm Beach, 40 km von Boca und etwa 115 km von Miami entfernt. Aufgrund seiner Lage ist es ein beliebtes Tor f\u00fcr alle, die nach Palm Beach County reisen. Der Flughafen verf\u00fcgt \u00fcber 2 Terminals, die haupts\u00e4chlich Inlandsfl\u00fcge bedienen. Atlanta und New Jersey sind Top-Reiseziele, w\u00e4hrend <strong>JetBlue <\/strong>und <strong>Delta<\/strong> die meisten Passagiere bef\u00f6rdern. Der Bodentransport befindet sich auf Ebene 1 des Flughafens. Palm-Tran, Tri-Rail und Amtrak bieten ihre Dienste an, und andere Standardoptionen wie Taxis und Limousinen sind vor Ort.<\/p>\n<h4><span class=\"ez-toc-section\" id=\"Internationaler_Flughafen_Orlando_Sanford_-_IATA-Code_-_SFB_32_Mio_Passagiere\"><\/span><strong>Internationaler Flughafen Orlando Sanford &#8211; IATA-Code &#8211; SFB (~ 3,2 Mio. Passagiere)<\/strong><span class=\"ez-toc-section-end\"><\/span><\/h4>\n<p><strong>Der internationale Flughafen Orlando Sanford<\/strong> ist ein zweiter Flughafen, der die Region Orlando bedient, jedoch deutlich weiter von der Stadt und den umliegenden Sehensw\u00fcrdigkeiten entfernt. Dar\u00fcber hinaus betr\u00e4gt die Entfernung zur Stadt etwa 40 Kilometer. Der Flughafen verf\u00fcgt \u00fcber 2 Terminals, die haupts\u00e4chlich Allegiant Air-Passagiere bedienen. Taxis, Shuttles und gemeinsame Fahrten stehen vom und zum Flughafen zur Verf\u00fcgung.<\/p>\n<div id=\"attachment_8284\" style=\"width: 1034px\" class=\"wp-caption alignnone\"><a class=\"lightbox\" href=\"https:\/\/Traveling.com\/de\/blog\/wp-content\/uploads\/2021\/05\/Florida-Orlando-Flughafen.jpg\"><img aria-describedby=\"caption-attachment-8284\" decoding=\"async\" class=\"size-full wp-image-8284\" src=\"https:\/\/Traveling.com\/de\/blog\/wp-content\/uploads\/2021\/05\/Florida-Orlando-Flughafen.jpg\" alt=\"Flughafen Orlando, Florida\" width=\"1024\" height=\"684\" srcset=\"https:\/\/d2bgjx2gb489de.cloudfront.net\/gbb-blogs\/wp-content\/uploads\/2021\/05\/02162458\/Florida-Orlando-Flughafen.jpg 1024w, https:\/\/d2bgjx2gb489de.cloudfront.net\/gbb-blogs\/wp-content\/uploads\/2021\/05\/02162458\/Florida-Orlando-Flughafen-300x200.jpg 300w, https:\/\/d2bgjx2gb489de.cloudfront.net\/gbb-blogs\/wp-content\/uploads\/2021\/05\/02162458\/Florida-Orlando-Flughafen-768x513.jpg 768w\" sizes=\"(max-width: 1024px) 100vw, 1024px\" \/><\/a><p id=\"caption-attachment-8284\" class=\"wp-caption-text\">Ein Au\u00dfenblick des Flughafens Orlando in Florida<\/p><\/div>\n<h4><span class=\"ez-toc-section\" id=\"Internationaler_Flughafen_Orlando_Melbourne_-_IATA-Code_-_SFB\"><\/span><strong>Internationaler Flughafen Orlando Melbourne &#8211; IATA-Code &#8211; SFB<\/strong><span class=\"ez-toc-section-end\"><\/span><\/h4>\n<ul>\n<li>Nahe gelegenen St\u00e4dte: Melbourne (2,5 km), Orlando (160 km)<\/li>\n<li>Fluggesellschaft(en): American Airlines, Delta<\/li>\n<\/ul>\n<h4><span class=\"ez-toc-section\" id=\"Internationaler_Flughafen_St_Pete_-_Clearwater_-_IATA-Code_-_PIE\"><\/span><strong>Internationaler Flughafen St. Pete &#8211; Clearwater &#8211; IATA-Code &#8211; PIE<\/strong><span class=\"ez-toc-section-end\"><\/span><\/h4>\n<ul>\n<li>Nahe gelegenen St\u00e4dte: Clearwater (11 km), St. Petersburg (14 km)<\/li>\n<li>Fluggesellschaft(en): Allegiant Air, Sunwing<\/li>\n<\/ul>\n<h4><span class=\"ez-toc-section\" id=\"Internationaler_Flughafen_Pensacola_-_IATA-Code_-_PNS\"><\/span><strong>Internationaler Flughafen Pensacola &#8211; IATA-Code &#8211; PNS<\/strong><span class=\"ez-toc-section-end\"><\/span><\/h4>\n<ul>\n<li>Auch genannt: Hagler Field<\/li>\n<li>Nahe gelegenen St\u00e4dte: Pensacola (6 km)<\/li>\n<li>Fluggesellschaft(en): American Eagle, Southwest, United<\/li>\n<\/ul>\n<h4><span class=\"ez-toc-section\" id=\"Internationaler_Flughafen_Sarasota_-_Bradenton_-_IATA-Code_-_SRQ\"><\/span><strong>Internationaler Flughafen Sarasota &#8211; Bradenton &#8211; IATA-Code &#8211; SRQ<\/strong><span class=\"ez-toc-section-end\"><\/span><\/h4>\n<ul>\n<li>Nahe gelegenen St\u00e4dte: Sarasota (5 km), Bradenton (10 km)<\/li>\n<li>Fluggesellschaft(en): Allegiant Air, Frontier, American Eagle<\/li>\n<\/ul>\n<h4><span class=\"ez-toc-section\" id=\"Flughafen_Punta_Gorda_-_IATA-Code_-_PID\"><\/span><strong>Flughafen Punta Gorda &#8211; IATA-Code &#8211; PID<\/strong><span class=\"ez-toc-section-end\"><\/span><\/h4>\n<ul>\n<li>Auch genannt: Flughafen Charlotte County<\/li>\n<li>Nahe gelegenen St\u00e4dte: Punta Gorda (5 km), Fort Myers (37 km)<\/li>\n<li>Fluggesellschaft(en): Allegiant Air<\/li>\n<\/ul>\n<h4><span class=\"ez-toc-section\" id=\"Flughafen_Valparaiso_Ft_Walton_Beach_-_IATA-Code_-_VPS\"><\/span><strong>Flughafen Valparaiso Ft. Walton Beach &#8211; IATA-Code &#8211; VPS<\/strong><span class=\"ez-toc-section-end\"><\/span><\/h4>\n<ul>\n<li>Auch genannt: Flughafen Destin &#8211; Fort Walton Beach \/ Luftwaffenst\u00fctzpunkt Eglin<\/li>\n<li>Nahe gelegenen St\u00e4dte: Fort Walton Beach (13 km)<\/li>\n<li>Fluggesellschaft(en): Allegiant Air, American, Delta<\/li>\n<\/ul>\n<h4><span class=\"ez-toc-section\" id=\"Internationaler_Flughafen_Northwest_Florida_Beaches_-_IATA-Code_-_ECP\"><\/span><strong>Internationaler Flughafen Northwest Florida Beaches &#8211; IATA-Code &#8211; ECP<\/strong><span class=\"ez-toc-section-end\"><\/span><\/h4>\n<ul>\n<li>Nahe gelegenen St\u00e4dte: Panama City (28 km)<\/li>\n<li>Fluggesellschaft(en): American Eagle, Southwest, Delta, United Express<\/li>\n<\/ul>\n<h4><span class=\"ez-toc-section\" id=\"Internationaler_Flughafen_Key_West_-_IATA-Code_-_EYW\"><\/span><strong>Internationaler Flughafen Key West &#8211; IATA-Code &#8211; EYW<\/strong><span class=\"ez-toc-section-end\"><\/span><\/h4>\n<ul>\n<li>Nahe gelegenen St\u00e4dte: Key West (3,5 km)<\/li>\n<li>Fluggesellschaft(en): American Eagle, Delta, Silver Airways<\/li>\n<\/ul>\n<h4><span class=\"ez-toc-section\" id=\"Internationaler_Flughafen_Tallahassee_-_IATA-Code_-_TLH\"><\/span><strong>Internationaler Flughafen Tallahassee &#8211; IATA-Code &#8211; TLH<\/strong><span class=\"ez-toc-section-end\"><\/span><\/h4>\n<ul>\n<li>Nahe gelegenen St\u00e4dte: Tallahassee (7 km)<\/li>\n<li>Fluggesellschaft(en): American Eagle, Delta, Silver Airways<\/li>\n<\/ul>\n<h4><span class=\"ez-toc-section\" id=\"Internationaler_Flughafen_Daytona_Beach_-_IATA-Code_-_DAB\"><\/span><strong>Internationaler Flughafen Daytona Beach &#8211; IATA-Code &#8211; DAB<\/strong><span class=\"ez-toc-section-end\"><\/span><\/h4>\n<ul>\n<li>Nahe gelegenen St\u00e4dte: Daytona Beach (5 km)<\/li>\n<li>Fluggesellschaft(en): American Eagle, Delta, Sunwing<\/li>\n<\/ul>\n<h4><span class=\"ez-toc-section\" id=\"Regionalflughafen_Gainesville_-_IATA-Code_-_GNV\"><\/span><strong>Regionalflughafen Gainesville &#8211; IATA-Code &#8211; GNV<\/strong><span class=\"ez-toc-section-end\"><\/span><\/h4>\n<ul>\n<li>Nahe gelegenen St\u00e4dte: Gainesville (5 km)<\/li>\n<li>Fluggesellschaft(en): American Eagle, Delta<\/li>\n<\/ul>\n<h3><span class=\"ez-toc-section\" id=\"Flughafen_in_Nachbarstaaten\"><\/span>Flugh\u00e4fen in Nachbarstaaten<span class=\"ez-toc-section-end\"><\/span><\/h3>\n<table style=\"width: 100%; border-collapse: collapse;\" border=\"0\">\n<tbody>\n<tr>\n<td style=\"width: 50%;\"><a href=\"https:\/\/Traveling.com\/de\/blog\/flughaefen-georgia\/\">Flugh\u00e4fen in Georgia<\/a><\/td>\n<td style=\"width: 50%;\"><a href=\"https:\/\/Traveling.com\/de\/blog\/flughaefen-alabama\/\">Flugh\u00e4fen in Alabama<\/a><\/td>\n<\/tr>\n<\/tbody>\n<\/table>\n<h3><span class=\"ez-toc-section\" id=\"Karte_der_Flughafen_in_Florida\"><\/span>Karte der Flugh\u00e4fen in Florida<span class=\"ez-toc-section-end\"><\/span><\/h3>\n\n\n<iframe src=\"https:\/\/www.google.com\/maps\/d\/u\/0\/embed?mid=1fr56pL03YwHPzIU57YHwuebCMPGDDLxk\" width=\"640\" height=\"480\"><\/iframe>\n","protected":false},"excerpt":{"rendered":"<p>Florida ist einer der US-Bundesstaaten mit den meisten internationalen Flugh\u00e4fen. Die Flugh\u00e4fen in Florida bestehen aus 20 gro\u00dfen, mittleren, kleinen und Nonhub-Flugh\u00e4fen, die das ganze Jahr \u00fcber Fl\u00fcge anbieten. Die Flugh\u00e4fen von Miami und Orlando sind diejenigen, die den gr\u00f6\u00dften Prozentsatz des Verkehrs abwickeln. Fort Lauderdale ist jedoch eine weitere beliebte Option, insbesondere aufgrund seiner [&hellip;]<\/p>\n<p><a class=\"more-link btn btn-primary\" href=\"https:\/\/traveling.com\/de\/blog\/flughaefen-florida\/\"> Continue reading&#8230;<\/a><\/p>\n","protected":false},"author":1,"featured_media":0,"parent":0,"menu_order":0,"comment_status":"closed","ping_status":"closed","template":"","meta":[],"yoast_head":"<!-- This site is optimized with the Yoast SEO plugin v19.8 - https:\/\/yoast.com\/wordpress\/plugins\/seo\/ -->\n<title>Florida Flugh\u00e4fen - IATA-Codes, Karte und Reiseinformationen<\/title>\n<meta name=\"description\" content=\"Eine vollst\u00e4ndige Liste aller Flugh\u00e4fen in Florida mit ihren IATA-Codes, Flughafenstandorten auf der Karte und Passagierzahlen.\" \/>\n<meta name=\"robots\" content=\"index, follow, max-snippet:-1, max-image-preview:large, max-video-preview:-1\" \/>\n<link rel=\"canonical\" href=\"https:\/\/traveling.com\/de\/blog\/flughaefen-florida\/\" \/>\n<meta property=\"og:locale\" content=\"en_GB\" \/>\n<meta property=\"og:type\" content=\"article\" \/>\n<meta property=\"og:title\" content=\"Florida Flugh\u00e4fen - IATA-Codes, Karte und Reiseinformationen\" \/>\n<meta property=\"og:description\" content=\"Eine vollst\u00e4ndige Liste aller Flugh\u00e4fen in Florida mit ihren IATA-Codes, Flughafenstandorten auf der Karte und Passagierzahlen.\" \/>\n<meta property=\"og:url\" content=\"https:\/\/traveling.com\/de\/blog\/flughaefen-florida\/\" \/>\n<meta property=\"og:site_name\" content=\"Traveling.com Blog\" \/>\n<meta property=\"article:modified_time\" content=\"2025-03-24T10:53:36+00:00\" \/>\n<meta property=\"og:image\" content=\"https:\/\/getbybus.com\/de\/blog\/wp-content\/uploads\/2021\/05\/Florida-Orlando-Flughafen.jpg\" \/>\n<meta name=\"twitter:card\" content=\"summary_large_image\" \/>\n<meta name=\"twitter:label1\" content=\"Est. reading time\" \/>\n\t<meta name=\"twitter:data1\" content=\"6 minutes\" \/>\n<script type=\"application\/ld+json\" class=\"yoast-schema-graph\">{\"@context\":\"https:\/\/schema.org\",\"@graph\":[{\"@type\":\"WebPage\",\"@id\":\"https:\/\/traveling.com\/de\/blog\/flughaefen-florida\/\",\"url\":\"https:\/\/traveling.com\/de\/blog\/flughaefen-florida\/\",\"name\":\"Florida Flugh\u00e4fen - IATA-Codes, Karte und Reiseinformationen\",\"isPartOf\":{\"@id\":\"https:\/\/traveling.com\/de\/blog\/#website\"},\"datePublished\":\"2021-06-16T07:00:28+00:00\",\"dateModified\":\"2025-03-24T10:53:36+00:00\",\"description\":\"Eine vollst\u00e4ndige Liste aller Flugh\u00e4fen in Florida mit ihren IATA-Codes, Flughafenstandorten auf der Karte und Passagierzahlen.\",\"breadcrumb\":{\"@id\":\"https:\/\/traveling.com\/de\/blog\/flughaefen-florida\/#breadcrumb\"},\"inLanguage\":\"en-GB\",\"potentialAction\":[{\"@type\":\"ReadAction\",\"target\":[\"https:\/\/traveling.com\/de\/blog\/flughaefen-florida\/\"]}]},{\"@type\":\"BreadcrumbList\",\"@id\":\"https:\/\/traveling.com\/de\/blog\/flughaefen-florida\/#breadcrumb\",\"itemListElement\":[{\"@type\":\"ListItem\",\"position\":1,\"name\":\"Home\",\"item\":\"https:\/\/traveling.com\/de\/blog\/\"},{\"@type\":\"ListItem\",\"position\":2,\"name\":\"Flugh\u00e4fen in Florida\"}]},{\"@type\":\"WebSite\",\"@id\":\"https:\/\/traveling.com\/de\/blog\/#website\",\"url\":\"https:\/\/traveling.com\/de\/blog\/\",\"name\":\"Traveling.com Blog\",\"description\":\"Dein Kompletter Reisef\u00fchrer\",\"potentialAction\":[{\"@type\":\"SearchAction\",\"target\":{\"@type\":\"EntryPoint\",\"urlTemplate\":\"https:\/\/traveling.com\/de\/blog\/?s={search_term_string}\"},\"query-input\":\"required name=search_term_string\"}],\"inLanguage\":\"en-GB\"}]}<\/script>\n<!-- \/ Yoast SEO plugin. -->","yoast_head_json":{"title":"Florida Flugh\u00e4fen - IATA-Codes, Karte und Reiseinformationen","description":"Eine vollst\u00e4ndige Liste aller Flugh\u00e4fen in Florida mit ihren IATA-Codes, Flughafenstandorten auf der Karte und Passagierzahlen.","robots":{"index":"index","follow":"follow","max-snippet":"max-snippet:-1","max-image-preview":"max-image-preview:large","max-video-preview":"max-video-preview:-1"},"canonical":"https:\/\/traveling.com\/de\/blog\/flughaefen-florida\/","og_locale":"en_GB","og_type":"article","og_title":"Florida Flugh\u00e4fen - IATA-Codes, Karte und Reiseinformationen","og_description":"Eine vollst\u00e4ndige Liste aller Flugh\u00e4fen in Florida mit ihren IATA-Codes, Flughafenstandorten auf der Karte und Passagierzahlen.","og_url":"https:\/\/traveling.com\/de\/blog\/flughaefen-florida\/","og_site_name":"Traveling.com Blog","article_modified_time":"2025-03-24T10:53:36+00:00","og_image":[{"url":"https:\/\/getbybus.com\/de\/blog\/wp-content\/uploads\/2021\/05\/Florida-Orlando-Flughafen.jpg"}],"twitter_card":"summary_large_image","twitter_misc":{"Est. reading time":"6 minutes"},"schema":{"@context":"https:\/\/schema.org","@graph":[{"@type":"WebPage","@id":"https:\/\/traveling.com\/de\/blog\/flughaefen-florida\/","url":"https:\/\/traveling.com\/de\/blog\/flughaefen-florida\/","name":"Florida Flugh\u00e4fen - IATA-Codes, Karte und Reiseinformationen","isPartOf":{"@id":"https:\/\/traveling.com\/de\/blog\/#website"},"datePublished":"2021-06-16T07:00:28+00:00","dateModified":"2025-03-24T10:53:36+00:00","description":"Eine vollst\u00e4ndige Liste aller Flugh\u00e4fen in Florida mit ihren IATA-Codes, Flughafenstandorten auf der Karte und Passagierzahlen.","breadcrumb":{"@id":"https:\/\/traveling.com\/de\/blog\/flughaefen-florida\/#breadcrumb"},"inLanguage":"en-GB","potentialAction":[{"@type":"ReadAction","target":["https:\/\/traveling.com\/de\/blog\/flughaefen-florida\/"]}]},{"@type":"BreadcrumbList","@id":"https:\/\/traveling.com\/de\/blog\/flughaefen-florida\/#breadcrumb","itemListElement":[{"@type":"ListItem","position":1,"name":"Home","item":"https:\/\/traveling.com\/de\/blog\/"},{"@type":"ListItem","position":2,"name":"Flugh\u00e4fen in Florida"}]},{"@type":"WebSite","@id":"https:\/\/traveling.com\/de\/blog\/#website","url":"https:\/\/traveling.com\/de\/blog\/","name":"Traveling.com Blog","description":"Dein Kompletter Reisef\u00fchrer","potentialAction":[{"@type":"SearchAction","target":{"@type":"EntryPoint","urlTemplate":"https:\/\/traveling.com\/de\/blog\/?s={search_term_string}"},"query-input":"required name=search_term_string"}],"inLanguage":"en-GB"}]}},"_links":{"self":[{"href":"https:\/\/traveling.com\/de\/blog\/wp-json\/wp\/v2\/pages\/8278"}],"collection":[{"href":"https:\/\/traveling.com\/de\/blog\/wp-json\/wp\/v2\/pages"}],"about":[{"href":"https:\/\/traveling.com\/de\/blog\/wp-json\/wp\/v2\/types\/page"}],"author":[{"embeddable":true,"href":"https:\/\/traveling.com\/de\/blog\/wp-json\/wp\/v2\/users\/1"}],"replies":[{"embeddable":true,"href":"https:\/\/traveling.com\/de\/blog\/wp-json\/wp\/v2\/comments?post=8278"}],"version-history":[{"count":9,"href":"https:\/\/traveling.com\/de\/blog\/wp-json\/wp\/v2\/pages\/8278\/revisions"}],"predecessor-version":[{"id":8517,"href":"https:\/\/traveling.com\/de\/blog\/wp-json\/wp\/v2\/pages\/8278\/revisions\/8517"}],"wp:attachment":[{"href":"https:\/\/traveling.com\/de\/blog\/wp-json\/wp\/v2\/media?parent=8278"}],"curies":[{"name":"wp","href":"https:\/\/api.w.org\/{rel}","templated":true}]}}