{"id":8288,"date":"2021-06-20T09:00:54","date_gmt":"2021-06-20T07:00:54","guid":{"rendered":"https:\/\/getbybus.com\/de\/blog\/?page_id=8288"},"modified":"2025-03-24T12:53:37","modified_gmt":"2025-03-24T10:53:37","slug":"flughaefen-georgia","status":"publish","type":"page","link":"https:\/\/traveling.com\/de\/blog\/flughaefen-georgia\/","title":{"rendered":"Flugh\u00e4fen in Georgia"},"content":{"rendered":"<p>Obwohl es nur 8 Flugh\u00e4fen gibt, die kommerzielle Fl\u00fcge abwickeln, hat Georgia einen der verkehrsreichsten US-Flugh\u00e4fen in Atlanta. Dies ist die h\u00e4ufigste Option, wenn Sie nach Georgia reisen. Es k\u00f6nnen jedoch auch andere Flugh\u00e4fen in Georgia genutzt werden, insbesondere f\u00fcr Inlands- und Regionalfl\u00fcge. Einige der regionalen und Billigfluggesellschaften wie jetBlue, Frontier Airlines und Allegiant Air bieten t\u00e4gliche Fl\u00fcge an. Daher k\u00f6nnen diese Flugh\u00e4fen eine gute Option f\u00fcr preisbewusste Reisende sein, die Georgia besuchen. Wir haben am Ende des Textes eine <strong>Karte aller Flugh\u00e4fen in Georgia<\/strong> beigef\u00fcgt.<\/p>\n<h3><span class=\"ez-toc-section\" id=\"Liste_der_Flughafen\"><\/span><span style=\"color: #2a2a2a;\">Liste der Flugh\u00e4fen<\/span><span class=\"ez-toc-section-end\"><\/span><\/h3>\n<h4><span class=\"ez-toc-section\" id=\"Internationaler_Flughafen_Atlanta_Hartsfield_-_Jackson_-_IATA-Code_-_ATL_110_Mio_Passagiere\"><\/span><b>Internationaler Flughafen Atlanta Hartsfield &#8211; Jackson &#8211; IATA-Code &#8211; ATL (~ 110 Mio. Passagiere)<\/b><span class=\"ez-toc-section-end\"><\/span><\/h4>\n<p><strong>Der Internationale Flughafen Atlanta<\/strong> ist der gr\u00f6\u00dfte Flughafen in Georgia und einer der verkehrsreichsten Flugh\u00e4fen der Welt und der USA. Dar\u00fcber hinaus ist der ATL-Flughafen seit einiger Zeit der verkehrsreichste Flughafen der Welt. Der Flughafen Hartsfield &#8211; Jackson verf\u00fcgt \u00fcber zwei gro\u00dfe Terminals mit Dutzenden von Flugsteigen f\u00fcr internationale und inl\u00e4ndische Fl\u00fcge. Der Flughafen ist ein Hauptknotenpunkt f\u00fcr <strong>Delta<\/strong>, eine der wichtigsten Fluggesellschaften f\u00fcr Flugh\u00e4fen in den USA. Es liegt etwa 10 km s\u00fcdlich der Innenstadt von Atlanta, dient aber auch als Einstiegspunkt f\u00fcr ganz Georgia. Dar\u00fcber hinaus ist es aufgrund seiner zahlreichen Verbindungen eine wichtige Verbindung zwischen den gr\u00f6\u00dften US-St\u00e4dten und europ\u00e4ischen Zielen. Die Anreise nach Atlanta ist mit verschiedenen Optionen m\u00f6glich &#8211; mit \u00f6ffentlichen Verkehrsmitteln (MARTA Transit), Taxis, Shuttles, Limousinen und Wohngemeinschaften.<\/p>\n<h4><span class=\"ez-toc-section\" id=\"Internationaler_Flughafen_Savannah_Hilton_Head_-_IATA-Code_-_SAV_3_Mio_Passagiere\"><\/span><b>Internationaler Flughafen Savannah \/ Hilton Head &#8211; IATA-Code &#8211; SAV (~ 3 Mio. Passagiere)<\/b><span class=\"ez-toc-section-end\"><\/span><\/h4>\n<p><strong>Der Internationale Flughafen Savannah<\/strong> ist der zweitgr\u00f6\u00dfte Flughafen in Georgia. Lokal bekannt als Travis Field und Chatham Field, dient es der Stadt Savannah. Die Entfernung zur Stadt betr\u00e4gt ca. 13 km. Um dorthin zu gelangen, gibt es mehrere Transportm\u00f6glichkeiten. F\u00fcr den \u00f6ffentlichen Verkehr bieten Chatham Area Transit und Coastal Regional Coaches ihre Dienste an. Auch Flughafentransfers und Limousinen sind verf\u00fcgbar. <strong>Delta, JetBlue, United Airlines <\/strong>und <strong>American<\/strong> fliegen regelm\u00e4\u00dfig zum Flughafen. Was die Top-St\u00e4dte betrifft &#8211; Atlanta und Charlotte sind die am besten verbundenen Ziele.<\/p>\n<h4><span class=\"ez-toc-section\" id=\"Regionalflughafen_Augusta_-_IATA-Code_-_AGS\"><\/span><b>Regionalflughafen Augusta &#8211; IATA-Code &#8211; AGS<\/b><span class=\"ez-toc-section-end\"><\/span><\/h4>\n<ul>\n<li>Auch genannt: Bush Field<\/li>\n<li>Nahe gelegenen St\u00e4dte: Augusta (11 km)<\/li>\n<li>Fluggesellschaft(en): American Eagle, Delta<\/li>\n<\/ul>\n<h4><span class=\"ez-toc-section\" id=\"Flughafen_Columbus_-_IATA-Code_-_CSG\"><\/span><b><strong>Flughafen <\/strong>Columbus &#8211; IATA-Code &#8211; CSG<\/b><span class=\"ez-toc-section-end\"><\/span><\/h4>\n<ul>\n<li>Nahe gelegenen St\u00e4dte: Columbus (6 km)<\/li>\n<li>Fluggesellschaft(en): Delta<\/li>\n<\/ul>\n<h4><span class=\"ez-toc-section\" id=\"Regionalflughafen_Valdosta_-_IATA-Code_-_VLD\"><\/span><b>Regionalflughafen Valdosta &#8211; IATA-Code &#8211; VLD<\/b><span class=\"ez-toc-section-end\"><\/span><\/h4>\n<ul>\n<li>Nahe gelegenen St\u00e4dte: Valdosta (6 km)<\/li>\n<li>Fluggesellschaft(en): Delta<\/li>\n<\/ul>\n<h4><span class=\"ez-toc-section\" id=\"Flughafen_Brunswick_Golden_Isles_-_IATA-Code_-_BQK\"><\/span><b>Flughafen Brunswick Golden Isles &#8211; IATA-Code &#8211; BQK<\/b><span class=\"ez-toc-section-end\"><\/span><\/h4>\n<ul>\n<li>Auch genannt: Glynco Jetport<\/li>\n<li>Nahe gelegenen St\u00e4dte: Braunschweig (9 km)<\/li>\n<li>Fluggesellschaft(en): Delta<\/li>\n<\/ul>\n<h4><span class=\"ez-toc-section\" id=\"Regionalflughafen_Sudwestgeorgien_-_IATA-Code_-_ABY\"><\/span><b>Regionalflughafen S\u00fcdwestgeorgien &#8211; IATA-Code &#8211; ABY<\/b><span class=\"ez-toc-section-end\"><\/span><\/h4>\n<ul>\n<li>Nahe gelegenen St\u00e4dte: Albany (6 km)<\/li>\n<li>Fluggesellschaft(en): Delta<\/li>\n<\/ul>\n<h4><span class=\"ez-toc-section\" id=\"Regionalflughafen_Middle_Georgia_-_IATA-Code_-_MCN\"><\/span><b>Regionalflughafen Middle Georgia &#8211; IATA-Code &#8211; MCN<\/b><span class=\"ez-toc-section-end\"><\/span><\/h4>\n<ul>\n<li>Nahe gelegenen St\u00e4dte: Macon (17 km)<\/li>\n<li>Fluggesellschaft(en): Contour<\/li>\n<\/ul>\n<h3><span class=\"ez-toc-section\" id=\"Flughafen_in_Nachbarstaaten\"><\/span>Flugh\u00e4fen in Nachbarstaaten<span class=\"ez-toc-section-end\"><\/span><\/h3>\n<table style=\"width: 100%; border-collapse: collapse;\" border=\"0\">\n<tbody>\n<tr>\n<td style=\"width: 20%;\"><a href=\"https:\/\/Traveling.com\/de\/blog\/flughaefen-florida\/\">Flugh\u00e4fen in Florida<\/a><\/td>\n<td style=\"width: 20%;\"><a href=\"https:\/\/Traveling.com\/de\/blog\/flughaefen-alabama\/\">Flugh\u00e4fen in Alabama<\/a><\/td>\n<td style=\"width: 20%;\"><a href=\"https:\/\/Traveling.com\/de\/blog\/flughaefen-tennessee\/\">Flugh\u00e4fen in Tennessee<\/a><\/td>\n<td style=\"width: 20%;\"><a href=\"https:\/\/Traveling.com\/de\/blog\/flughaefen-north-carolina\/\">Flugh\u00e4fen in North Carolina<\/a><\/td>\n<td style=\"width: 20%;\"><a href=\"https:\/\/Traveling.com\/de\/blog\/flughaefen-south-carolina\/\">Flugh\u00e4fen in South Carolina<\/a><\/td>\n<\/tr>\n<\/tbody>\n<\/table>\n<h3><span class=\"ez-toc-section\" id=\"Karte_der_Flughafen_in_Georgia\"><\/span>Karte der Flugh\u00e4fen in Georgia<span class=\"ez-toc-section-end\"><\/span><\/h3>\n\n\n<iframe src=\"https:\/\/www.google.com\/maps\/d\/u\/0\/embed?mid=1S5ihBEL742ePhCFGAldXK1FNtWesQef_\" width=\"640\" height=\"480\"><\/iframe>\n","protected":false},"excerpt":{"rendered":"<p>Obwohl es nur 8 Flugh\u00e4fen gibt, die kommerzielle Fl\u00fcge abwickeln, hat Georgia einen der verkehrsreichsten US-Flugh\u00e4fen in Atlanta. Dies ist die h\u00e4ufigste Option, wenn Sie nach Georgia reisen. Es k\u00f6nnen jedoch auch andere Flugh\u00e4fen in Georgia genutzt werden, insbesondere f\u00fcr Inlands- und Regionalfl\u00fcge. Einige der regionalen und Billigfluggesellschaften wie jetBlue, Frontier Airlines und Allegiant Air [&hellip;]<\/p>\n<p><a class=\"more-link btn btn-primary\" href=\"https:\/\/traveling.com\/de\/blog\/flughaefen-georgia\/\"> Continue reading&#8230;<\/a><\/p>\n","protected":false},"author":1,"featured_media":0,"parent":0,"menu_order":0,"comment_status":"closed","ping_status":"closed","template":"","meta":[],"yoast_head":"<!-- This site is optimized with the Yoast SEO plugin v19.8 - https:\/\/yoast.com\/wordpress\/plugins\/seo\/ -->\n<title>Georgia Flugh\u00e4fen - IATA-Codes, Karte und Reiseinformationen<\/title>\n<meta name=\"description\" content=\"Eine vollst\u00e4ndige Liste aller Flugh\u00e4fen in Georgia mit ihren IATA-Codes, Flughafenstandorten auf der Karte und Passagierzahlen.\" \/>\n<meta name=\"robots\" content=\"index, follow, max-snippet:-1, max-image-preview:large, max-video-preview:-1\" \/>\n<link rel=\"canonical\" href=\"https:\/\/traveling.com\/de\/blog\/flughaefen-georgia\/\" \/>\n<meta property=\"og:locale\" content=\"en_GB\" \/>\n<meta property=\"og:type\" content=\"article\" \/>\n<meta property=\"og:title\" content=\"Georgia Flugh\u00e4fen - IATA-Codes, Karte und Reiseinformationen\" \/>\n<meta property=\"og:description\" content=\"Eine vollst\u00e4ndige Liste aller Flugh\u00e4fen in Georgia mit ihren IATA-Codes, Flughafenstandorten auf der Karte und Passagierzahlen.\" \/>\n<meta property=\"og:url\" content=\"https:\/\/traveling.com\/de\/blog\/flughaefen-georgia\/\" \/>\n<meta property=\"og:site_name\" content=\"Traveling.com Blog\" \/>\n<meta property=\"article:modified_time\" content=\"2025-03-24T10:53:37+00:00\" \/>\n<meta name=\"twitter:card\" content=\"summary_large_image\" \/>\n<meta name=\"twitter:label1\" content=\"Est. reading time\" \/>\n\t<meta name=\"twitter:data1\" content=\"2 minutes\" \/>\n<script type=\"application\/ld+json\" class=\"yoast-schema-graph\">{\"@context\":\"https:\/\/schema.org\",\"@graph\":[{\"@type\":\"WebPage\",\"@id\":\"https:\/\/traveling.com\/de\/blog\/flughaefen-georgia\/\",\"url\":\"https:\/\/traveling.com\/de\/blog\/flughaefen-georgia\/\",\"name\":\"Georgia Flugh\u00e4fen - IATA-Codes, Karte und Reiseinformationen\",\"isPartOf\":{\"@id\":\"https:\/\/traveling.com\/de\/blog\/#website\"},\"datePublished\":\"2021-06-20T07:00:54+00:00\",\"dateModified\":\"2025-03-24T10:53:37+00:00\",\"description\":\"Eine vollst\u00e4ndige Liste aller Flugh\u00e4fen in Georgia mit ihren IATA-Codes, Flughafenstandorten auf der Karte und Passagierzahlen.\",\"breadcrumb\":{\"@id\":\"https:\/\/traveling.com\/de\/blog\/flughaefen-georgia\/#breadcrumb\"},\"inLanguage\":\"en-GB\",\"potentialAction\":[{\"@type\":\"ReadAction\",\"target\":[\"https:\/\/traveling.com\/de\/blog\/flughaefen-georgia\/\"]}]},{\"@type\":\"BreadcrumbList\",\"@id\":\"https:\/\/traveling.com\/de\/blog\/flughaefen-georgia\/#breadcrumb\",\"itemListElement\":[{\"@type\":\"ListItem\",\"position\":1,\"name\":\"Home\",\"item\":\"https:\/\/traveling.com\/de\/blog\/\"},{\"@type\":\"ListItem\",\"position\":2,\"name\":\"Flugh\u00e4fen in Georgia\"}]},{\"@type\":\"WebSite\",\"@id\":\"https:\/\/traveling.com\/de\/blog\/#website\",\"url\":\"https:\/\/traveling.com\/de\/blog\/\",\"name\":\"Traveling.com Blog\",\"description\":\"Dein Kompletter Reisef\u00fchrer\",\"potentialAction\":[{\"@type\":\"SearchAction\",\"target\":{\"@type\":\"EntryPoint\",\"urlTemplate\":\"https:\/\/traveling.com\/de\/blog\/?s={search_term_string}\"},\"query-input\":\"required name=search_term_string\"}],\"inLanguage\":\"en-GB\"}]}<\/script>\n<!-- \/ Yoast SEO plugin. -->","yoast_head_json":{"title":"Georgia Flugh\u00e4fen - IATA-Codes, Karte und Reiseinformationen","description":"Eine vollst\u00e4ndige Liste aller Flugh\u00e4fen in Georgia mit ihren IATA-Codes, Flughafenstandorten auf der Karte und Passagierzahlen.","robots":{"index":"index","follow":"follow","max-snippet":"max-snippet:-1","max-image-preview":"max-image-preview:large","max-video-preview":"max-video-preview:-1"},"canonical":"https:\/\/traveling.com\/de\/blog\/flughaefen-georgia\/","og_locale":"en_GB","og_type":"article","og_title":"Georgia Flugh\u00e4fen - IATA-Codes, Karte und Reiseinformationen","og_description":"Eine vollst\u00e4ndige Liste aller Flugh\u00e4fen in Georgia mit ihren IATA-Codes, Flughafenstandorten auf der Karte und Passagierzahlen.","og_url":"https:\/\/traveling.com\/de\/blog\/flughaefen-georgia\/","og_site_name":"Traveling.com Blog","article_modified_time":"2025-03-24T10:53:37+00:00","twitter_card":"summary_large_image","twitter_misc":{"Est. reading time":"2 minutes"},"schema":{"@context":"https:\/\/schema.org","@graph":[{"@type":"WebPage","@id":"https:\/\/traveling.com\/de\/blog\/flughaefen-georgia\/","url":"https:\/\/traveling.com\/de\/blog\/flughaefen-georgia\/","name":"Georgia Flugh\u00e4fen - IATA-Codes, Karte und Reiseinformationen","isPartOf":{"@id":"https:\/\/traveling.com\/de\/blog\/#website"},"datePublished":"2021-06-20T07:00:54+00:00","dateModified":"2025-03-24T10:53:37+00:00","description":"Eine vollst\u00e4ndige Liste aller Flugh\u00e4fen in Georgia mit ihren IATA-Codes, Flughafenstandorten auf der Karte und Passagierzahlen.","breadcrumb":{"@id":"https:\/\/traveling.com\/de\/blog\/flughaefen-georgia\/#breadcrumb"},"inLanguage":"en-GB","potentialAction":[{"@type":"ReadAction","target":["https:\/\/traveling.com\/de\/blog\/flughaefen-georgia\/"]}]},{"@type":"BreadcrumbList","@id":"https:\/\/traveling.com\/de\/blog\/flughaefen-georgia\/#breadcrumb","itemListElement":[{"@type":"ListItem","position":1,"name":"Home","item":"https:\/\/traveling.com\/de\/blog\/"},{"@type":"ListItem","position":2,"name":"Flugh\u00e4fen in Georgia"}]},{"@type":"WebSite","@id":"https:\/\/traveling.com\/de\/blog\/#website","url":"https:\/\/traveling.com\/de\/blog\/","name":"Traveling.com Blog","description":"Dein Kompletter Reisef\u00fchrer","potentialAction":[{"@type":"SearchAction","target":{"@type":"EntryPoint","urlTemplate":"https:\/\/traveling.com\/de\/blog\/?s={search_term_string}"},"query-input":"required name=search_term_string"}],"inLanguage":"en-GB"}]}},"_links":{"self":[{"href":"https:\/\/traveling.com\/de\/blog\/wp-json\/wp\/v2\/pages\/8288"}],"collection":[{"href":"https:\/\/traveling.com\/de\/blog\/wp-json\/wp\/v2\/pages"}],"about":[{"href":"https:\/\/traveling.com\/de\/blog\/wp-json\/wp\/v2\/types\/page"}],"author":[{"embeddable":true,"href":"https:\/\/traveling.com\/de\/blog\/wp-json\/wp\/v2\/users\/1"}],"replies":[{"embeddable":true,"href":"https:\/\/traveling.com\/de\/blog\/wp-json\/wp\/v2\/comments?post=8288"}],"version-history":[{"count":7,"href":"https:\/\/traveling.com\/de\/blog\/wp-json\/wp\/v2\/pages\/8288\/revisions"}],"predecessor-version":[{"id":8520,"href":"https:\/\/traveling.com\/de\/blog\/wp-json\/wp\/v2\/pages\/8288\/revisions\/8520"}],"wp:attachment":[{"href":"https:\/\/traveling.com\/de\/blog\/wp-json\/wp\/v2\/media?parent=8288"}],"curies":[{"name":"wp","href":"https:\/\/api.w.org\/{rel}","templated":true}]}}