{"id":8311,"date":"2021-07-02T09:00:28","date_gmt":"2021-07-02T07:00:28","guid":{"rendered":"https:\/\/getbybus.com\/de\/blog\/?page_id=8311"},"modified":"2025-03-24T12:53:38","modified_gmt":"2025-03-24T10:53:38","slug":"flughaefen-indiana","status":"publish","type":"page","link":"https:\/\/traveling.com\/de\/blog\/flughaefen-indiana\/","title":{"rendered":"Flugh\u00e4fen in Indiana"},"content":{"rendered":"<p>Der Bundesstaat Indiana verf\u00fcgt nur \u00fcber 4 Flugh\u00e4fen, die kommerzielle Fl\u00fcge anbieten. Von diesen vier ist nur einer mittelgro\u00df, und das ist der Flughafen von Indianapolis. Der Flughafen ist auch in den Top 50 der am besten bewerteten Flugh\u00e4fen der Welt. Die verbleibenden Flugh\u00e4fen in Indiana bieten nur Inlands- und Regionalfl\u00fcge an und vereinen jedes Jahr etwas mehr als 1,5 Millionen Passagiere. Daher haben wir in diesem Beitrag auch eine kleine Tabelle mit anderen nahe gelegenen Flugh\u00e4fen in anderen US-Bundesstaaten aufgef\u00fchrt. Verpassen Sie auch nicht unsere Karte der Flugh\u00e4fen in Indiana am Ende des Beitrags.<\/p>\n<h3><span class=\"ez-toc-section\" id=\"Liste_der_Flughafen\"><\/span><span style=\"color: #2a2a2a;\">Liste der Flugh\u00e4fen<\/span><span class=\"ez-toc-section-end\"><\/span><\/h3>\n<h4><span class=\"ez-toc-section\" id=\"Internationaler_Flughafen_Indianapolis_-_IATA-Code_-_IND_95_Mio_Passagiere\"><\/span><b>Internationaler Flughafen Indianapolis &#8211; IATA-Code &#8211; IND (~ 9,5 Mio. Passagiere)<\/b><span class=\"ez-toc-section-end\"><\/span><\/h4>\n<p><strong>Der Flughafen Indianapolis<\/strong> ist einer der mittelgro\u00dfen US-Flugh\u00e4fen und liegt 11 km von Indianapolis entfernt. Der Flughafen ist der gr\u00f6\u00dfte in Indiana und der einzige, der mehr als 1 Million Passagiere bef\u00f6rdert. T\u00e4glich werden etwa 150 Fl\u00fcge abgefertigt, wobei <strong>Delta<\/strong> und <strong>Southwest<\/strong> <strong>Airlines<\/strong> die meisten Fl\u00fcge haben. Der Flughafen bietet jedoch auch Fl\u00fcge von Billigfluggesellschaften wie <strong>Allegiant <\/strong>und <strong>Contour<\/strong> an. Atlanta und Chicago sind die am besten mit dem Flughafen IND verbundenen St\u00e4dte. Um nach Indianapolis zu gelangen, gibt es Linienbusse, Taxis und Mietwagen.<\/p>\n<h4><span class=\"ez-toc-section\" id=\"Internationaler_Flughafen_Fort_Wayne_-_IATA-Code_-_FWA\"><\/span><b>Internationaler Flughafen Fort Wayne &#8211; IATA-Code &#8211; FWA<\/b><span class=\"ez-toc-section-end\"><\/span><\/h4>\n<ul>\n<li>St\u00e4dte in der N\u00e4he: Fort Wayne (12 km)<\/li>\n<li>Fluggesellschaft(en): Allegiant Air, American, Delta, United<\/li>\n<\/ul>\n<h4><span class=\"ez-toc-section\" id=\"Internationaler_Flughafen_South_Bend_-_IATA-Code_-_SBN\"><\/span><b>Internationaler Flughafen South Bend &#8211; IATA-Code &#8211; SBN<\/b><span class=\"ez-toc-section-end\"><\/span><\/h4>\n<ul>\n<li>St\u00e4dte in der N\u00e4he: South Bend (4,5 km)<\/li>\n<li>Fluggesellschaft(en): Allegiant Air, American, Delta, United<\/li>\n<\/ul>\n<p><b>Regionalflughafen Evansville &#8211; IATA-Code &#8211; EVV<\/b><\/p>\n<ul>\n<li>St\u00e4dte in der N\u00e4he: Evansville (4,5 km)<\/li>\n<li>Fluggesellschaft(en): Allegiant Air, American, Delta, United<\/li>\n<\/ul>\n<h3><span class=\"ez-toc-section\" id=\"Flughafen_in_Nachbarstaaten\"><\/span>Flugh\u00e4fen in Nachbarstaaten<span class=\"ez-toc-section-end\"><\/span><\/h3>\n<table style=\"width: 100%; border-collapse: collapse;\" border=\"0\">\n<tbody>\n<tr>\n<td style=\"width: 50%;\"><a href=\"https:\/\/Traveling.com\/de\/blog\/flughaefen-michigan\/\">Flugh\u00e4fen in Michigan<\/a><\/td>\n<td style=\"width: 50%;\"><a href=\"https:\/\/Traveling.com\/de\/blog\/flughaefen-illinois\/\">Flugh\u00e4fen in Illinois<\/a><\/td>\n<\/tr>\n<tr>\n<td style=\"width: 50%;\"><a href=\"https:\/\/Traveling.com\/de\/blog\/flughaefen-kentucky\/\">Flugh\u00e4fen in Kentucky<\/a><\/td>\n<td style=\"width: 50%;\"><a href=\"https:\/\/Traveling.com\/de\/blog\/flughaefen-ohio\/\">Flugh\u00e4fen in Ohio<\/a><\/td>\n<\/tr>\n<\/tbody>\n<\/table>\n<h3><span class=\"ez-toc-section\" id=\"Karte_der_Flughafen_in_Indiana\"><\/span>Karte der Flugh\u00e4fen in Indiana<span class=\"ez-toc-section-end\"><\/span><\/h3>\n\n\n<iframe src=\"https:\/\/www.google.com\/maps\/d\/u\/0\/embed?mid=1poJeGQQR13cS0s5BKs2doIGwX07Y9yMc\" width=\"640\" height=\"480\"><\/iframe>\n","protected":false},"excerpt":{"rendered":"<p>Der Bundesstaat Indiana verf\u00fcgt nur \u00fcber 4 Flugh\u00e4fen, die kommerzielle Fl\u00fcge anbieten. Von diesen vier ist nur einer mittelgro\u00df, und das ist der Flughafen von Indianapolis. Der Flughafen ist auch in den Top 50 der am besten bewerteten Flugh\u00e4fen der Welt. Die verbleibenden Flugh\u00e4fen in Indiana bieten nur Inlands- und Regionalfl\u00fcge an und vereinen jedes [&hellip;]<\/p>\n<p><a class=\"more-link btn btn-primary\" href=\"https:\/\/traveling.com\/de\/blog\/flughaefen-indiana\/\"> Continue reading&#8230;<\/a><\/p>\n","protected":false},"author":1,"featured_media":0,"parent":0,"menu_order":0,"comment_status":"closed","ping_status":"closed","template":"","meta":[],"yoast_head":"<!-- This site is optimized with the Yoast SEO plugin v19.8 - https:\/\/yoast.com\/wordpress\/plugins\/seo\/ -->\n<title>Indiana Flugh\u00e4fen - IATA-Codes, Karte und Reiseinformationen<\/title>\n<meta name=\"description\" content=\"Eine vollst\u00e4ndige Liste aller Flugh\u00e4fen in Indiana mit ihren IATA-Codes, Flughafenstandorten auf der Karte und Passagierzahlen.\" \/>\n<meta name=\"robots\" content=\"index, follow, max-snippet:-1, max-image-preview:large, max-video-preview:-1\" \/>\n<link rel=\"canonical\" href=\"https:\/\/traveling.com\/de\/blog\/flughaefen-indiana\/\" \/>\n<meta property=\"og:locale\" content=\"en_GB\" \/>\n<meta property=\"og:type\" content=\"article\" \/>\n<meta property=\"og:title\" content=\"Indiana Flugh\u00e4fen - IATA-Codes, Karte und Reiseinformationen\" \/>\n<meta property=\"og:description\" content=\"Eine vollst\u00e4ndige Liste aller Flugh\u00e4fen in Indiana mit ihren IATA-Codes, Flughafenstandorten auf der Karte und Passagierzahlen.\" \/>\n<meta property=\"og:url\" content=\"https:\/\/traveling.com\/de\/blog\/flughaefen-indiana\/\" \/>\n<meta property=\"og:site_name\" content=\"Traveling.com Blog\" \/>\n<meta property=\"article:modified_time\" content=\"2025-03-24T10:53:38+00:00\" \/>\n<meta name=\"twitter:card\" content=\"summary_large_image\" \/>\n<meta name=\"twitter:label1\" content=\"Est. reading time\" \/>\n\t<meta name=\"twitter:data1\" content=\"1 minute\" \/>\n<script type=\"application\/ld+json\" class=\"yoast-schema-graph\">{\"@context\":\"https:\/\/schema.org\",\"@graph\":[{\"@type\":\"WebPage\",\"@id\":\"https:\/\/traveling.com\/de\/blog\/flughaefen-indiana\/\",\"url\":\"https:\/\/traveling.com\/de\/blog\/flughaefen-indiana\/\",\"name\":\"Indiana Flugh\u00e4fen - IATA-Codes, Karte und Reiseinformationen\",\"isPartOf\":{\"@id\":\"https:\/\/traveling.com\/de\/blog\/#website\"},\"datePublished\":\"2021-07-02T07:00:28+00:00\",\"dateModified\":\"2025-03-24T10:53:38+00:00\",\"description\":\"Eine vollst\u00e4ndige Liste aller Flugh\u00e4fen in Indiana mit ihren IATA-Codes, Flughafenstandorten auf der Karte und Passagierzahlen.\",\"breadcrumb\":{\"@id\":\"https:\/\/traveling.com\/de\/blog\/flughaefen-indiana\/#breadcrumb\"},\"inLanguage\":\"en-GB\",\"potentialAction\":[{\"@type\":\"ReadAction\",\"target\":[\"https:\/\/traveling.com\/de\/blog\/flughaefen-indiana\/\"]}]},{\"@type\":\"BreadcrumbList\",\"@id\":\"https:\/\/traveling.com\/de\/blog\/flughaefen-indiana\/#breadcrumb\",\"itemListElement\":[{\"@type\":\"ListItem\",\"position\":1,\"name\":\"Home\",\"item\":\"https:\/\/traveling.com\/de\/blog\/\"},{\"@type\":\"ListItem\",\"position\":2,\"name\":\"Flugh\u00e4fen in Indiana\"}]},{\"@type\":\"WebSite\",\"@id\":\"https:\/\/traveling.com\/de\/blog\/#website\",\"url\":\"https:\/\/traveling.com\/de\/blog\/\",\"name\":\"Traveling.com Blog\",\"description\":\"Dein Kompletter Reisef\u00fchrer\",\"potentialAction\":[{\"@type\":\"SearchAction\",\"target\":{\"@type\":\"EntryPoint\",\"urlTemplate\":\"https:\/\/traveling.com\/de\/blog\/?s={search_term_string}\"},\"query-input\":\"required name=search_term_string\"}],\"inLanguage\":\"en-GB\"}]}<\/script>\n<!-- \/ Yoast SEO plugin. -->","yoast_head_json":{"title":"Indiana Flugh\u00e4fen - IATA-Codes, Karte und Reiseinformationen","description":"Eine vollst\u00e4ndige Liste aller Flugh\u00e4fen in Indiana mit ihren IATA-Codes, Flughafenstandorten auf der Karte und Passagierzahlen.","robots":{"index":"index","follow":"follow","max-snippet":"max-snippet:-1","max-image-preview":"max-image-preview:large","max-video-preview":"max-video-preview:-1"},"canonical":"https:\/\/traveling.com\/de\/blog\/flughaefen-indiana\/","og_locale":"en_GB","og_type":"article","og_title":"Indiana Flugh\u00e4fen - IATA-Codes, Karte und Reiseinformationen","og_description":"Eine vollst\u00e4ndige Liste aller Flugh\u00e4fen in Indiana mit ihren IATA-Codes, Flughafenstandorten auf der Karte und Passagierzahlen.","og_url":"https:\/\/traveling.com\/de\/blog\/flughaefen-indiana\/","og_site_name":"Traveling.com Blog","article_modified_time":"2025-03-24T10:53:38+00:00","twitter_card":"summary_large_image","twitter_misc":{"Est. reading time":"1 minute"},"schema":{"@context":"https:\/\/schema.org","@graph":[{"@type":"WebPage","@id":"https:\/\/traveling.com\/de\/blog\/flughaefen-indiana\/","url":"https:\/\/traveling.com\/de\/blog\/flughaefen-indiana\/","name":"Indiana Flugh\u00e4fen - IATA-Codes, Karte und Reiseinformationen","isPartOf":{"@id":"https:\/\/traveling.com\/de\/blog\/#website"},"datePublished":"2021-07-02T07:00:28+00:00","dateModified":"2025-03-24T10:53:38+00:00","description":"Eine vollst\u00e4ndige Liste aller Flugh\u00e4fen in Indiana mit ihren IATA-Codes, Flughafenstandorten auf der Karte und Passagierzahlen.","breadcrumb":{"@id":"https:\/\/traveling.com\/de\/blog\/flughaefen-indiana\/#breadcrumb"},"inLanguage":"en-GB","potentialAction":[{"@type":"ReadAction","target":["https:\/\/traveling.com\/de\/blog\/flughaefen-indiana\/"]}]},{"@type":"BreadcrumbList","@id":"https:\/\/traveling.com\/de\/blog\/flughaefen-indiana\/#breadcrumb","itemListElement":[{"@type":"ListItem","position":1,"name":"Home","item":"https:\/\/traveling.com\/de\/blog\/"},{"@type":"ListItem","position":2,"name":"Flugh\u00e4fen in Indiana"}]},{"@type":"WebSite","@id":"https:\/\/traveling.com\/de\/blog\/#website","url":"https:\/\/traveling.com\/de\/blog\/","name":"Traveling.com Blog","description":"Dein Kompletter Reisef\u00fchrer","potentialAction":[{"@type":"SearchAction","target":{"@type":"EntryPoint","urlTemplate":"https:\/\/traveling.com\/de\/blog\/?s={search_term_string}"},"query-input":"required name=search_term_string"}],"inLanguage":"en-GB"}]}},"_links":{"self":[{"href":"https:\/\/traveling.com\/de\/blog\/wp-json\/wp\/v2\/pages\/8311"}],"collection":[{"href":"https:\/\/traveling.com\/de\/blog\/wp-json\/wp\/v2\/pages"}],"about":[{"href":"https:\/\/traveling.com\/de\/blog\/wp-json\/wp\/v2\/types\/page"}],"author":[{"embeddable":true,"href":"https:\/\/traveling.com\/de\/blog\/wp-json\/wp\/v2\/users\/1"}],"replies":[{"embeddable":true,"href":"https:\/\/traveling.com\/de\/blog\/wp-json\/wp\/v2\/comments?post=8311"}],"version-history":[{"count":3,"href":"https:\/\/traveling.com\/de\/blog\/wp-json\/wp\/v2\/pages\/8311\/revisions"}],"predecessor-version":[{"id":8526,"href":"https:\/\/traveling.com\/de\/blog\/wp-json\/wp\/v2\/pages\/8311\/revisions\/8526"}],"wp:attachment":[{"href":"https:\/\/traveling.com\/de\/blog\/wp-json\/wp\/v2\/media?parent=8311"}],"curies":[{"name":"wp","href":"https:\/\/api.w.org\/{rel}","templated":true}]}}