{"id":8316,"date":"2021-07-07T09:00:27","date_gmt":"2021-07-07T07:00:27","guid":{"rendered":"https:\/\/getbybus.com\/de\/blog\/?page_id=8316"},"modified":"2025-03-24T12:53:38","modified_gmt":"2025-03-24T10:53:38","slug":"flughaefen-iowa","status":"publish","type":"page","link":"https:\/\/traveling.com\/de\/blog\/flughaefen-iowa\/","title":{"rendered":"Flugh\u00e4fen in Iowa"},"content":{"rendered":"<p>Iowa ist einer der US-Bundesstaaten, in denen der Gro\u00dfteil des Flugverkehrs auf eine Stadt konzentriert ist. In diesem Fall ist dies das Gebiet Des Moines, dessen Flughafen jedes Jahr etwa 3 Millionen Passagiere bef\u00f6rdert. Insgesamt gibt es zwei <em>kleine Hub<\/em>&#8211; und drei <em>Nonhub<\/em>-Flugh\u00e4fen in Iowa, die kommerzielle Fl\u00fcge anbieten. Alle diese Flugh\u00e4fen werden jedoch von gro\u00dfen US-Fluggesellschaften und deren Tochtergesellschaften betrieben. Wir haben auch einige Flugh\u00e4fen der allgemeinen Luftfahrt aufgenommen, die Charterfl\u00fcge anbieten. Flughafen Des Moines und Flughafen Eastern Iowa wickeln den gr\u00f6\u00dften Prozentsatz des Flugverkehrs in Iowa ab. \u00dcberpr\u00fcfen Sie unbedingt die <strong>Karte der Flugh\u00e4fen in Iowa<\/strong> am Ende des Beitrags.<\/p>\n<h3><span class=\"ez-toc-section\" id=\"Liste_der_Flughafen\"><\/span><span style=\"color: #2a2a2a;\">Liste der Flugh\u00e4fen<\/span><span class=\"ez-toc-section-end\"><\/span><\/h3>\n<h4><span class=\"ez-toc-section\" id=\"Internationaler_Flughafen_Des_Moines_-_IATA-Code_-_DSM_3_Mio_Passagiere\"><\/span><b>Internationaler Flughafen Des Moines &#8211; IATA-Code &#8211; DSM (~ 3 Mio. Passagiere)<\/b><span class=\"ez-toc-section-end\"><\/span><\/h4>\n<p><strong>Der Flughafen Des Moines<\/strong> ist der gr\u00f6\u00dfte Flughafen in Iowa, obwohl er als einer der kleineren US-Flugh\u00e4fen eingestuft ist. Der Flughafen liegt etwa 5 km s\u00fcdwestlich von Des Moines und bedient seine gr\u00f6\u00dfere Fl\u00e4che. Es gibt mehr als 20 t\u00e4gliche Fl\u00fcge vom Flughafen zu den Inlandszielen. Chicago und Denver sind Top-St\u00e4dte, die mit dem DSM-Flughafen verbunden sind. Bei den Fluggesellschaften bieten <strong>American, Delta <\/strong>und <strong>Frontier<\/strong> die meisten Fl\u00fcge an. Um die Stadt Des Moines vom Flughafen aus zu erreichen, k\u00f6nnen die Passagiere zwischen Des Moines Area Regional Transit, HIRTA-Bussen, Taxis und Mietwagen w\u00e4hlen.<\/p>\n<h4><span class=\"ez-toc-section\" id=\"Flughafen_Cedar_Rapids_-_IATA-Code_-_CID\"><\/span><b>Flughafen Cedar Rapids &#8211; IATA-Code &#8211; CID<\/b><span class=\"ez-toc-section-end\"><\/span><\/h4>\n<ul>\n<li>Auch genannt: Flughafen Eastern Iowa<\/li>\n<li>St\u00e4dte in der N\u00e4he: Cedar Rapids (3,5 km)<\/li>\n<li>Fluggesellschaft(en): Allegiant Air, American, Delta, Frontier<\/li>\n<\/ul>\n<h4><span class=\"ez-toc-section\" id=\"Regionalflughafen_Dubuque_-_IATA-Code_-_DBQ\"><\/span><b>Regionalflughafen Dubuque &#8211; IATA-Code &#8211; DBQ<\/b><span class=\"ez-toc-section-end\"><\/span><\/h4>\n<ul>\n<li>St\u00e4dte in der N\u00e4he: Dubuque (12,5 km)<\/li>\n<li>Fluggesellschaft(en): American Eagle<\/li>\n<\/ul>\n<h4><span class=\"ez-toc-section\" id=\"Flughafen_Sioux_City_-_IATA-Code_-_SUX\"><\/span><b>Flughafen Sioux City &#8211; IATA-Code &#8211; SUX<\/b><span class=\"ez-toc-section-end\"><\/span><\/h4>\n<ul>\n<li>Auch genannt: Sioux Gateway Airport, Col. Bud Day Field<\/li>\n<li>St\u00e4dte in der N\u00e4he: Sioux City (11 km)<\/li>\n<li>Fluggesellschaft(en): American Eagle<\/li>\n<\/ul>\n<h4><span class=\"ez-toc-section\" id=\"Regionalflughafen_Waterloo_-_IATA-Code_-_ALO\"><\/span><b>Regionalflughafen Waterloo &#8211; IATA-Code &#8211; ALO<\/b><span class=\"ez-toc-section-end\"><\/span><\/h4>\n<ul>\n<li>Auch genannt: Livingston Betsworth Field<\/li>\n<li>St\u00e4dte in der N\u00e4he: Waterloo (6 km)<\/li>\n<li>Fluggesellschaft(en): American Eagle<\/li>\n<\/ul>\n<h4><span class=\"ez-toc-section\" id=\"Stadtflughafen_Mason_City_-_IATA-Code_-_MCW\"><\/span><b>Stadtflughafen Mason City &#8211; IATA-Code &#8211; MCW<\/b><span class=\"ez-toc-section-end\"><\/span><\/h4>\n<ul>\n<li>St\u00e4dte in der N\u00e4he: Mason City (9,5 km)<\/li>\n<li>Fluggesellschaft(en): Air Choice One<\/li>\n<\/ul>\n<h4><span class=\"ez-toc-section\" id=\"Regionalflughafen_Fort_Dodge_-_IATA-Code_-_FOD\"><\/span><b>Regionalflughafen Fort Dodge &#8211; IATA-Code &#8211; FOD<\/b><span class=\"ez-toc-section-end\"><\/span><\/h4>\n<ul>\n<li>St\u00e4dte in der N\u00e4he: Fort Dodge (6 km)<\/li>\n<li>Fluggesellschaft(en): Air Choice One<\/li>\n<\/ul>\n<h4><span class=\"ez-toc-section\" id=\"Regionalflughafen_Sudost-Iowa_-_IATA-Code_-_BRL\"><\/span><b>Regionalflughafen S\u00fcdost-Iowa &#8211; IATA-Code &#8211; BRL<\/b><span class=\"ez-toc-section-end\"><\/span><\/h4>\n<ul>\n<li>St\u00e4dte in der N\u00e4he: Burlington (3,5 km)<\/li>\n<li>Fluggesellschaft(en): Air Choice One<\/li>\n<\/ul>\n<h3><span class=\"ez-toc-section\" id=\"Flughafen_in_Nachbarstaaten\"><\/span>Flugh\u00e4fen in Nachbarstaaten<span class=\"ez-toc-section-end\"><\/span><\/h3>\n<table style=\"width: 100%; border-collapse: collapse;\" border=\"0\">\n<tbody>\n<tr>\n<td style=\"width: 33.3333%;\"><a href=\"https:\/\/Traveling.com\/de\/blog\/flughaefen-minnesota\/\">Flugh\u00e4fen in Minnesota<\/a><\/td>\n<td style=\"width: 33.3333%;\"><a href=\"https:\/\/Traveling.com\/de\/blog\/flughaefen-nebraska\/\">Flugh\u00e4fen in Nebraska<\/a><\/td>\n<td style=\"width: 33.3333%;\"><a href=\"https:\/\/Traveling.com\/de\/blog\/flughaefen-south-dakota\/\">Flugh\u00e4fen in South Dakota<\/a><\/td>\n<\/tr>\n<tr>\n<td style=\"width: 33.3333%;\"><a href=\"https:\/\/Traveling.com\/de\/blog\/flughaefen-missouri\/\">Flugh\u00e4fen in Missouri<\/a><\/td>\n<td style=\"width: 33.3333%;\"><a href=\"https:\/\/Traveling.com\/de\/blog\/flughaefen-illinois\/\">Flugh\u00e4fen in Illinois<\/a><\/td>\n<td style=\"width: 33.3333%;\"><a href=\"https:\/\/Traveling.com\/de\/blog\/flughaefen-wisconsin\/\">Flugh\u00e4fen in Wisconsin<\/a><\/td>\n<\/tr>\n<\/tbody>\n<\/table>\n<h3><span class=\"ez-toc-section\" id=\"Karte_der_Flughafen_in_Iowa\"><\/span>Karte der Flugh\u00e4fen in Iowa<span class=\"ez-toc-section-end\"><\/span><\/h3>\n\n\n<iframe src=\"https:\/\/www.google.com\/maps\/d\/u\/0\/embed?mid=155mWrUwF0J7DJD6CsKSyFFSyfI5fXDMO\" width=\"640\" height=\"480\"><\/iframe>\n","protected":false},"excerpt":{"rendered":"<p>Iowa ist einer der US-Bundesstaaten, in denen der Gro\u00dfteil des Flugverkehrs auf eine Stadt konzentriert ist. In diesem Fall ist dies das Gebiet Des Moines, dessen Flughafen jedes Jahr etwa 3 Millionen Passagiere bef\u00f6rdert. Insgesamt gibt es zwei kleine Hub&#8211; und drei Nonhub-Flugh\u00e4fen in Iowa, die kommerzielle Fl\u00fcge anbieten. Alle diese Flugh\u00e4fen werden jedoch von [&hellip;]<\/p>\n<p><a class=\"more-link btn btn-primary\" href=\"https:\/\/traveling.com\/de\/blog\/flughaefen-iowa\/\"> Continue reading&#8230;<\/a><\/p>\n","protected":false},"author":1,"featured_media":0,"parent":0,"menu_order":0,"comment_status":"closed","ping_status":"closed","template":"","meta":[],"yoast_head":"<!-- This site is optimized with the Yoast SEO plugin v19.8 - https:\/\/yoast.com\/wordpress\/plugins\/seo\/ -->\n<title>Iowa Flugh\u00e4fen - IATA-Codes, Karte und Reiseinformationen<\/title>\n<meta name=\"description\" content=\"Eine vollst\u00e4ndige Liste aller Flugh\u00e4fen in Iowa mit ihren IATA-Codes, Flughafenstandorten auf der Karte und Passagierzahlen.\" \/>\n<meta name=\"robots\" content=\"index, follow, max-snippet:-1, max-image-preview:large, max-video-preview:-1\" \/>\n<link rel=\"canonical\" href=\"https:\/\/traveling.com\/de\/blog\/flughaefen-iowa\/\" \/>\n<meta property=\"og:locale\" content=\"en_GB\" \/>\n<meta property=\"og:type\" content=\"article\" \/>\n<meta property=\"og:title\" content=\"Iowa Flugh\u00e4fen - IATA-Codes, Karte und Reiseinformationen\" \/>\n<meta property=\"og:description\" content=\"Eine vollst\u00e4ndige Liste aller Flugh\u00e4fen in Iowa mit ihren IATA-Codes, Flughafenstandorten auf der Karte und Passagierzahlen.\" \/>\n<meta property=\"og:url\" content=\"https:\/\/traveling.com\/de\/blog\/flughaefen-iowa\/\" \/>\n<meta property=\"og:site_name\" content=\"Traveling.com Blog\" \/>\n<meta property=\"article:modified_time\" content=\"2025-03-24T10:53:38+00:00\" \/>\n<meta name=\"twitter:card\" content=\"summary_large_image\" \/>\n<meta name=\"twitter:label1\" content=\"Est. reading time\" \/>\n\t<meta name=\"twitter:data1\" content=\"2 minutes\" \/>\n<script type=\"application\/ld+json\" class=\"yoast-schema-graph\">{\"@context\":\"https:\/\/schema.org\",\"@graph\":[{\"@type\":\"WebPage\",\"@id\":\"https:\/\/traveling.com\/de\/blog\/flughaefen-iowa\/\",\"url\":\"https:\/\/traveling.com\/de\/blog\/flughaefen-iowa\/\",\"name\":\"Iowa Flugh\u00e4fen - IATA-Codes, Karte und Reiseinformationen\",\"isPartOf\":{\"@id\":\"https:\/\/traveling.com\/de\/blog\/#website\"},\"datePublished\":\"2021-07-07T07:00:27+00:00\",\"dateModified\":\"2025-03-24T10:53:38+00:00\",\"description\":\"Eine vollst\u00e4ndige Liste aller Flugh\u00e4fen in Iowa mit ihren IATA-Codes, Flughafenstandorten auf der Karte und Passagierzahlen.\",\"breadcrumb\":{\"@id\":\"https:\/\/traveling.com\/de\/blog\/flughaefen-iowa\/#breadcrumb\"},\"inLanguage\":\"en-GB\",\"potentialAction\":[{\"@type\":\"ReadAction\",\"target\":[\"https:\/\/traveling.com\/de\/blog\/flughaefen-iowa\/\"]}]},{\"@type\":\"BreadcrumbList\",\"@id\":\"https:\/\/traveling.com\/de\/blog\/flughaefen-iowa\/#breadcrumb\",\"itemListElement\":[{\"@type\":\"ListItem\",\"position\":1,\"name\":\"Home\",\"item\":\"https:\/\/traveling.com\/de\/blog\/\"},{\"@type\":\"ListItem\",\"position\":2,\"name\":\"Flugh\u00e4fen in Iowa\"}]},{\"@type\":\"WebSite\",\"@id\":\"https:\/\/traveling.com\/de\/blog\/#website\",\"url\":\"https:\/\/traveling.com\/de\/blog\/\",\"name\":\"Traveling.com Blog\",\"description\":\"Dein Kompletter Reisef\u00fchrer\",\"potentialAction\":[{\"@type\":\"SearchAction\",\"target\":{\"@type\":\"EntryPoint\",\"urlTemplate\":\"https:\/\/traveling.com\/de\/blog\/?s={search_term_string}\"},\"query-input\":\"required name=search_term_string\"}],\"inLanguage\":\"en-GB\"}]}<\/script>\n<!-- \/ Yoast SEO plugin. -->","yoast_head_json":{"title":"Iowa Flugh\u00e4fen - IATA-Codes, Karte und Reiseinformationen","description":"Eine vollst\u00e4ndige Liste aller Flugh\u00e4fen in Iowa mit ihren IATA-Codes, Flughafenstandorten auf der Karte und Passagierzahlen.","robots":{"index":"index","follow":"follow","max-snippet":"max-snippet:-1","max-image-preview":"max-image-preview:large","max-video-preview":"max-video-preview:-1"},"canonical":"https:\/\/traveling.com\/de\/blog\/flughaefen-iowa\/","og_locale":"en_GB","og_type":"article","og_title":"Iowa Flugh\u00e4fen - IATA-Codes, Karte und Reiseinformationen","og_description":"Eine vollst\u00e4ndige Liste aller Flugh\u00e4fen in Iowa mit ihren IATA-Codes, Flughafenstandorten auf der Karte und Passagierzahlen.","og_url":"https:\/\/traveling.com\/de\/blog\/flughaefen-iowa\/","og_site_name":"Traveling.com Blog","article_modified_time":"2025-03-24T10:53:38+00:00","twitter_card":"summary_large_image","twitter_misc":{"Est. reading time":"2 minutes"},"schema":{"@context":"https:\/\/schema.org","@graph":[{"@type":"WebPage","@id":"https:\/\/traveling.com\/de\/blog\/flughaefen-iowa\/","url":"https:\/\/traveling.com\/de\/blog\/flughaefen-iowa\/","name":"Iowa Flugh\u00e4fen - IATA-Codes, Karte und Reiseinformationen","isPartOf":{"@id":"https:\/\/traveling.com\/de\/blog\/#website"},"datePublished":"2021-07-07T07:00:27+00:00","dateModified":"2025-03-24T10:53:38+00:00","description":"Eine vollst\u00e4ndige Liste aller Flugh\u00e4fen in Iowa mit ihren IATA-Codes, Flughafenstandorten auf der Karte und Passagierzahlen.","breadcrumb":{"@id":"https:\/\/traveling.com\/de\/blog\/flughaefen-iowa\/#breadcrumb"},"inLanguage":"en-GB","potentialAction":[{"@type":"ReadAction","target":["https:\/\/traveling.com\/de\/blog\/flughaefen-iowa\/"]}]},{"@type":"BreadcrumbList","@id":"https:\/\/traveling.com\/de\/blog\/flughaefen-iowa\/#breadcrumb","itemListElement":[{"@type":"ListItem","position":1,"name":"Home","item":"https:\/\/traveling.com\/de\/blog\/"},{"@type":"ListItem","position":2,"name":"Flugh\u00e4fen in Iowa"}]},{"@type":"WebSite","@id":"https:\/\/traveling.com\/de\/blog\/#website","url":"https:\/\/traveling.com\/de\/blog\/","name":"Traveling.com Blog","description":"Dein Kompletter Reisef\u00fchrer","potentialAction":[{"@type":"SearchAction","target":{"@type":"EntryPoint","urlTemplate":"https:\/\/traveling.com\/de\/blog\/?s={search_term_string}"},"query-input":"required name=search_term_string"}],"inLanguage":"en-GB"}]}},"_links":{"self":[{"href":"https:\/\/traveling.com\/de\/blog\/wp-json\/wp\/v2\/pages\/8316"}],"collection":[{"href":"https:\/\/traveling.com\/de\/blog\/wp-json\/wp\/v2\/pages"}],"about":[{"href":"https:\/\/traveling.com\/de\/blog\/wp-json\/wp\/v2\/types\/page"}],"author":[{"embeddable":true,"href":"https:\/\/traveling.com\/de\/blog\/wp-json\/wp\/v2\/users\/1"}],"replies":[{"embeddable":true,"href":"https:\/\/traveling.com\/de\/blog\/wp-json\/wp\/v2\/comments?post=8316"}],"version-history":[{"count":2,"href":"https:\/\/traveling.com\/de\/blog\/wp-json\/wp\/v2\/pages\/8316\/revisions"}],"predecessor-version":[{"id":8528,"href":"https:\/\/traveling.com\/de\/blog\/wp-json\/wp\/v2\/pages\/8316\/revisions\/8528"}],"wp:attachment":[{"href":"https:\/\/traveling.com\/de\/blog\/wp-json\/wp\/v2\/media?parent=8316"}],"curies":[{"name":"wp","href":"https:\/\/api.w.org\/{rel}","templated":true}]}}