{"id":8372,"date":"2021-07-07T09:00:17","date_gmt":"2021-07-07T07:00:17","guid":{"rendered":"https:\/\/getbybus.com\/de\/blog\/?page_id=8372"},"modified":"2025-03-24T12:53:55","modified_gmt":"2025-03-24T10:53:55","slug":"flughaefen-massachusetts","status":"publish","type":"page","link":"https:\/\/traveling.com\/de\/blog\/flughaefen-massachusetts\/","title":{"rendered":"Flugh\u00e4fen in Massachusetts"},"content":{"rendered":"<p>Massachusetts verf\u00fcgt \u00fcber <strong>acht Flugh\u00e4fen<\/strong>, die das ganze Jahr \u00fcber kommerzielle Fl\u00fcge und Charterfl\u00fcge anbieten. Von diesen acht ist der Flughafen Boston der einzige mit erheblichem Verkehr im Vergleich zu anderen Flugh\u00e4fen in den USA. Es wickelt die meisten internationalen Fl\u00fcge nach Massachusetts ab. Andere Flugh\u00e4fen in Massachusetts konzentrieren sich haupts\u00e4chlich auf regionale und inl\u00e4ndische saisonale Strecken. Cape Air, jetBlue, American Eagle und Delta Connection sind nur einige der Fluggesellschaften, die diese Flugh\u00e4fen bedienen. Um besser zu veranschaulichen, wo sich die einzelnen Flugh\u00e4fen befinden, haben wir am Ende des Beitrags eine <strong>Karte der Flugh\u00e4fen in Massachusetts<\/strong> eingef\u00fcgt.<\/p>\n<h3><span class=\"ez-toc-section\" id=\"Liste_der_Flughafen\"><\/span><span style=\"color: #2a2a2a;\">Liste der Flugh\u00e4fen<\/span><span class=\"ez-toc-section-end\"><\/span><\/h3>\n<h4><span class=\"ez-toc-section\" id=\"Internationaler_Flughafen_Boston_Logan_-_IATA-Code_-_BOS_425_Mio_Passagiere\"><\/span><b>Internationaler Flughafen Boston Logan &#8211; IATA-Code &#8211; BOS (~ 42,5 Mio. Passagiere)<\/b><span class=\"ez-toc-section-end\"><\/span><\/h4>\n<p><strong>Der Internationale Flughafen Boston<\/strong> ist der gr\u00f6\u00dfte Flughafen in der Region New England und einer der 20 verkehrsreichsten US-Flugh\u00e4fen. Der Flughafen befindet sich im Osten von Boston, etwa 3 km vom Stadtzentrum entfernt. Es verf\u00fcgt \u00fcber vier riesige Terminals, die Passagiere von Dutzenden von Fluggesellschaften bedienen. Die Fluggesellschaften <strong>Delta, Cape Air <\/strong>und <strong>Low-Cost-JetBlue<\/strong> nutzen den Flughafen Logan als wichtigen Hub f\u00fcr Fl\u00fcge. Der Flughafen ist nach General Edward Lawrence Logan, einem Kriegshelden aus Boston, benannt. Heute bietet der Flughafen BOS Hunderte von Nonstop-Fl\u00fcgen an, wobei Atlanta, Chicago und London die Top-Ziele sind. Der Weg zum und vom Flughafen ist m\u00f6glich mit: U-Bahn, \u00f6ffentlichen Bussen, Taxis, Shuttles und sogar F\u00e4hren.<\/p>\n<h4><span class=\"ez-toc-section\" id=\"Flughafen_Nantucket_Memorial_-_IATA-Code_-_ACK\"><\/span><b>Flughafen Nantucket Memorial &#8211; IATA-Code &#8211; ACK<\/b><span class=\"ez-toc-section-end\"><\/span><\/h4>\n<ul>\n<li>St\u00e4dte in der N\u00e4he: Nantucket (5 km)<\/li>\n<li>Fluggesellschaft(en): American, Delta, jetBlue, Cape Air<\/li>\n<\/ul>\n<h4><span class=\"ez-toc-section\" id=\"Regionalflughafen_Worcester_-_IATA-Code_-_ORH\"><\/span><b>Regionalflughafen Worcester &#8211; IATA-Code &#8211; ORH<\/b><span class=\"ez-toc-section-end\"><\/span><\/h4>\n<ul>\n<li>St\u00e4dte in der N\u00e4he: Worcester (5 km), Auburn (10 km)<\/li>\n<li>Fluggesellschaft(en): American, Delta, jetBlue<\/li>\n<\/ul>\n<h4><span class=\"ez-toc-section\" id=\"Flughafen_Marthas_Vineyard_-_IATA-Code_-_MVY\"><\/span><b>Flughafen Marthas Vineyard &#8211; IATA-Code &#8211; MVY<\/b><span class=\"ez-toc-section-end\"><\/span><\/h4>\n<ul>\n<li>St\u00e4dte in der N\u00e4he: Vineyard Haven (5 km)<\/li>\n<li>Fluggesellschaft(en): American, Delta, jetBlue<\/li>\n<\/ul>\n<h4><span class=\"ez-toc-section\" id=\"Stadtischer_Flughafen_Barnstable_-_IATA-Code_-_HYA\"><\/span><b>St\u00e4dtischer Flughafen Barnstable &#8211; IATA-Code &#8211; HYA<\/b><span class=\"ez-toc-section-end\"><\/span><\/h4>\n<ul>\n<li>Auch genannt: Boardman \/ Polando Field<\/li>\n<li>St\u00e4dte in der N\u00e4he: Hyannis (1,5 km)<\/li>\n<li>Fluggesellschaft(en): Cape Air, Nantucket Airlines, jetBlue<\/li>\n<\/ul>\n<h4><span class=\"ez-toc-section\" id=\"Stadtischer_Flughafen_von_Provincetown_-_IATA-Code_-_PVC\"><\/span><b>St\u00e4dtischer Flughafen von Provincetown &#8211; IATA-Code &#8211; PVC<\/b><span class=\"ez-toc-section-end\"><\/span><\/h4>\n<ul>\n<li>St\u00e4dte in der N\u00e4he: Provincetown (3 km)<\/li>\n<li>Fluggesellschaft(en): Cape Air<\/li>\n<\/ul>\n<h4><span class=\"ez-toc-section\" id=\"Regionalflughafen_New_Bedford_-_IATA-Code_-_EWB\"><\/span><b>Regionalflughafen New Bedford &#8211; IATA-Code &#8211; EWB<\/b><span class=\"ez-toc-section-end\"><\/span><\/h4>\n<ul>\n<li>St\u00e4dte in der N\u00e4he: New Bedford (5 km)<\/li>\n<li>Fluggesellschaft(en): Cape Air<\/li>\n<\/ul>\n<h4><span class=\"ez-toc-section\" id=\"Flughafen_Norwood_Memorial_-_IATA-Code_-_OWD\"><\/span><b>Flughafen Norwood Memorial &#8211; IATA-Code &#8211; OWD<\/b><span class=\"ez-toc-section-end\"><\/span><\/h4>\n<ul>\n<li>St\u00e4dte in der N\u00e4he: Norwood (3 km)<\/li>\n<li>Fluggesellschaft(en): Southern Airways<\/li>\n<\/ul>\n<h3><span class=\"ez-toc-section\" id=\"Flughafen_in_Nachbarstaaten\"><\/span>Flugh\u00e4fen in Nachbarstaaten<span class=\"ez-toc-section-end\"><\/span><\/h3>\n<table style=\"width: 100%; border-collapse: collapse;\" border=\"0\">\n<tbody>\n<tr>\n<td style=\"width: 20%;\"><a href=\"https:\/\/Traveling.com\/de\/blog\/flughaefen-new-hampshire\/\">Flugh\u00e4fen in New Hampshire<\/a><\/td>\n<td style=\"width: 20%;\"><a href=\"https:\/\/Traveling.com\/de\/blog\/flughaefen-connecticut\/\">Flugh\u00e4fen in Connecticut<\/a><\/td>\n<td style=\"width: 20%;\"><a href=\"https:\/\/Traveling.com\/de\/blog\/flughaefen-new-york\/\">Flugh\u00e4fen in New York<\/a><\/td>\n<td style=\"width: 20%;\"><a href=\"https:\/\/Traveling.com\/de\/blog\/flughaefen-rhode-island\/\">Flugh\u00e4fen in Rhode Island<\/a><\/td>\n<td style=\"width: 20%;\"><a href=\"https:\/\/Traveling.com\/de\/blog\/flughaefen-vermont\/\">Flugh\u00e4fen in Vermont<\/a><\/td>\n<\/tr>\n<\/tbody>\n<\/table>\n<h3><span class=\"ez-toc-section\" id=\"Karte_der_Flughafen_in_Massachusetts\"><\/span>Karte der Flugh\u00e4fen in Massachusetts<span class=\"ez-toc-section-end\"><\/span><\/h3>\n\n\n<iframe src=\"https:\/\/www.google.com\/maps\/d\/u\/0\/embed?mid=1dleHq7wnOMn2HK1dGR9VQwfBv5CijDUT\" width=\"640\" height=\"480\"><\/iframe>\n","protected":false},"excerpt":{"rendered":"<p>Massachusetts verf\u00fcgt \u00fcber acht Flugh\u00e4fen, die das ganze Jahr \u00fcber kommerzielle Fl\u00fcge und Charterfl\u00fcge anbieten. Von diesen acht ist der Flughafen Boston der einzige mit erheblichem Verkehr im Vergleich zu anderen Flugh\u00e4fen in den USA. Es wickelt die meisten internationalen Fl\u00fcge nach Massachusetts ab. Andere Flugh\u00e4fen in Massachusetts konzentrieren sich haupts\u00e4chlich auf regionale und inl\u00e4ndische [&hellip;]<\/p>\n<p><a class=\"more-link btn btn-primary\" href=\"https:\/\/traveling.com\/de\/blog\/flughaefen-massachusetts\/\"> Continue reading&#8230;<\/a><\/p>\n","protected":false},"author":1,"featured_media":0,"parent":0,"menu_order":0,"comment_status":"closed","ping_status":"closed","template":"","meta":[],"yoast_head":"<!-- This site is optimized with the Yoast SEO plugin v19.8 - https:\/\/yoast.com\/wordpress\/plugins\/seo\/ -->\n<title>Massachusetts Flugh\u00e4fen - IATA-Codes, Karte und Reiseinformationen<\/title>\n<meta name=\"description\" content=\"Eine vollst\u00e4ndige Liste aller Flugh\u00e4fen in Massachusetts mit ihren IATA-Codes, Flughafenstandorten auf der Karte und Passagierzahlen.\" \/>\n<meta name=\"robots\" content=\"index, follow, max-snippet:-1, max-image-preview:large, max-video-preview:-1\" \/>\n<link rel=\"canonical\" href=\"https:\/\/traveling.com\/de\/blog\/flughaefen-massachusetts\/\" \/>\n<meta property=\"og:locale\" content=\"en_GB\" \/>\n<meta property=\"og:type\" content=\"article\" \/>\n<meta property=\"og:title\" content=\"Massachusetts Flugh\u00e4fen - IATA-Codes, Karte und Reiseinformationen\" \/>\n<meta property=\"og:description\" content=\"Eine vollst\u00e4ndige Liste aller Flugh\u00e4fen in Massachusetts mit ihren IATA-Codes, Flughafenstandorten auf der Karte und Passagierzahlen.\" \/>\n<meta property=\"og:url\" content=\"https:\/\/traveling.com\/de\/blog\/flughaefen-massachusetts\/\" \/>\n<meta property=\"og:site_name\" content=\"Traveling.com Blog\" \/>\n<meta property=\"article:modified_time\" content=\"2025-03-24T10:53:55+00:00\" \/>\n<meta name=\"twitter:card\" content=\"summary_large_image\" \/>\n<meta name=\"twitter:label1\" content=\"Est. reading time\" \/>\n\t<meta name=\"twitter:data1\" content=\"2 minutes\" \/>\n<script type=\"application\/ld+json\" class=\"yoast-schema-graph\">{\"@context\":\"https:\/\/schema.org\",\"@graph\":[{\"@type\":\"WebPage\",\"@id\":\"https:\/\/traveling.com\/de\/blog\/flughaefen-massachusetts\/\",\"url\":\"https:\/\/traveling.com\/de\/blog\/flughaefen-massachusetts\/\",\"name\":\"Massachusetts Flugh\u00e4fen - IATA-Codes, Karte und Reiseinformationen\",\"isPartOf\":{\"@id\":\"https:\/\/traveling.com\/de\/blog\/#website\"},\"datePublished\":\"2021-07-07T07:00:17+00:00\",\"dateModified\":\"2025-03-24T10:53:55+00:00\",\"description\":\"Eine vollst\u00e4ndige Liste aller Flugh\u00e4fen in Massachusetts mit ihren IATA-Codes, Flughafenstandorten auf der Karte und Passagierzahlen.\",\"breadcrumb\":{\"@id\":\"https:\/\/traveling.com\/de\/blog\/flughaefen-massachusetts\/#breadcrumb\"},\"inLanguage\":\"en-GB\",\"potentialAction\":[{\"@type\":\"ReadAction\",\"target\":[\"https:\/\/traveling.com\/de\/blog\/flughaefen-massachusetts\/\"]}]},{\"@type\":\"BreadcrumbList\",\"@id\":\"https:\/\/traveling.com\/de\/blog\/flughaefen-massachusetts\/#breadcrumb\",\"itemListElement\":[{\"@type\":\"ListItem\",\"position\":1,\"name\":\"Home\",\"item\":\"https:\/\/traveling.com\/de\/blog\/\"},{\"@type\":\"ListItem\",\"position\":2,\"name\":\"Flugh\u00e4fen in Massachusetts\"}]},{\"@type\":\"WebSite\",\"@id\":\"https:\/\/traveling.com\/de\/blog\/#website\",\"url\":\"https:\/\/traveling.com\/de\/blog\/\",\"name\":\"Traveling.com Blog\",\"description\":\"Dein Kompletter Reisef\u00fchrer\",\"potentialAction\":[{\"@type\":\"SearchAction\",\"target\":{\"@type\":\"EntryPoint\",\"urlTemplate\":\"https:\/\/traveling.com\/de\/blog\/?s={search_term_string}\"},\"query-input\":\"required name=search_term_string\"}],\"inLanguage\":\"en-GB\"}]}<\/script>\n<!-- \/ Yoast SEO plugin. -->","yoast_head_json":{"title":"Massachusetts Flugh\u00e4fen - IATA-Codes, Karte und Reiseinformationen","description":"Eine vollst\u00e4ndige Liste aller Flugh\u00e4fen in Massachusetts mit ihren IATA-Codes, Flughafenstandorten auf der Karte und Passagierzahlen.","robots":{"index":"index","follow":"follow","max-snippet":"max-snippet:-1","max-image-preview":"max-image-preview:large","max-video-preview":"max-video-preview:-1"},"canonical":"https:\/\/traveling.com\/de\/blog\/flughaefen-massachusetts\/","og_locale":"en_GB","og_type":"article","og_title":"Massachusetts Flugh\u00e4fen - IATA-Codes, Karte und Reiseinformationen","og_description":"Eine vollst\u00e4ndige Liste aller Flugh\u00e4fen in Massachusetts mit ihren IATA-Codes, Flughafenstandorten auf der Karte und Passagierzahlen.","og_url":"https:\/\/traveling.com\/de\/blog\/flughaefen-massachusetts\/","og_site_name":"Traveling.com Blog","article_modified_time":"2025-03-24T10:53:55+00:00","twitter_card":"summary_large_image","twitter_misc":{"Est. reading time":"2 minutes"},"schema":{"@context":"https:\/\/schema.org","@graph":[{"@type":"WebPage","@id":"https:\/\/traveling.com\/de\/blog\/flughaefen-massachusetts\/","url":"https:\/\/traveling.com\/de\/blog\/flughaefen-massachusetts\/","name":"Massachusetts Flugh\u00e4fen - IATA-Codes, Karte und Reiseinformationen","isPartOf":{"@id":"https:\/\/traveling.com\/de\/blog\/#website"},"datePublished":"2021-07-07T07:00:17+00:00","dateModified":"2025-03-24T10:53:55+00:00","description":"Eine vollst\u00e4ndige Liste aller Flugh\u00e4fen in Massachusetts mit ihren IATA-Codes, Flughafenstandorten auf der Karte und Passagierzahlen.","breadcrumb":{"@id":"https:\/\/traveling.com\/de\/blog\/flughaefen-massachusetts\/#breadcrumb"},"inLanguage":"en-GB","potentialAction":[{"@type":"ReadAction","target":["https:\/\/traveling.com\/de\/blog\/flughaefen-massachusetts\/"]}]},{"@type":"BreadcrumbList","@id":"https:\/\/traveling.com\/de\/blog\/flughaefen-massachusetts\/#breadcrumb","itemListElement":[{"@type":"ListItem","position":1,"name":"Home","item":"https:\/\/traveling.com\/de\/blog\/"},{"@type":"ListItem","position":2,"name":"Flugh\u00e4fen in Massachusetts"}]},{"@type":"WebSite","@id":"https:\/\/traveling.com\/de\/blog\/#website","url":"https:\/\/traveling.com\/de\/blog\/","name":"Traveling.com Blog","description":"Dein Kompletter Reisef\u00fchrer","potentialAction":[{"@type":"SearchAction","target":{"@type":"EntryPoint","urlTemplate":"https:\/\/traveling.com\/de\/blog\/?s={search_term_string}"},"query-input":"required name=search_term_string"}],"inLanguage":"en-GB"}]}},"_links":{"self":[{"href":"https:\/\/traveling.com\/de\/blog\/wp-json\/wp\/v2\/pages\/8372"}],"collection":[{"href":"https:\/\/traveling.com\/de\/blog\/wp-json\/wp\/v2\/pages"}],"about":[{"href":"https:\/\/traveling.com\/de\/blog\/wp-json\/wp\/v2\/types\/page"}],"author":[{"embeddable":true,"href":"https:\/\/traveling.com\/de\/blog\/wp-json\/wp\/v2\/users\/1"}],"replies":[{"embeddable":true,"href":"https:\/\/traveling.com\/de\/blog\/wp-json\/wp\/v2\/comments?post=8372"}],"version-history":[{"count":2,"href":"https:\/\/traveling.com\/de\/blog\/wp-json\/wp\/v2\/pages\/8372\/revisions"}],"predecessor-version":[{"id":8540,"href":"https:\/\/traveling.com\/de\/blog\/wp-json\/wp\/v2\/pages\/8372\/revisions\/8540"}],"wp:attachment":[{"href":"https:\/\/traveling.com\/de\/blog\/wp-json\/wp\/v2\/media?parent=8372"}],"curies":[{"name":"wp","href":"https:\/\/api.w.org\/{rel}","templated":true}]}}