{"id":8396,"date":"2021-07-07T09:00:59","date_gmt":"2021-07-07T07:00:59","guid":{"rendered":"https:\/\/getbybus.com\/de\/blog\/?page_id=8396"},"modified":"2025-03-24T12:53:57","modified_gmt":"2025-03-24T10:53:57","slug":"flughaefen-nebraska","status":"publish","type":"page","link":"https:\/\/traveling.com\/de\/blog\/flughaefen-nebraska\/","title":{"rendered":"Flugh\u00e4fen in Nebraska"},"content":{"rendered":"<p>Nur einer der Flugh\u00e4fen von Nebraska fertigt mehr als eine Million Passagiere pro Jahr ab. Der Eppley Airfield ist der wichtigste Flughafen des Staates und die naheliegende Wahl, wenn Sie nach Nebraska reisen. Neben zwei kleineren Flugh\u00e4fen <em>ohne Drehkreuze<\/em> haben wir einige Nicht-Hauptflugh\u00e4fen aufgenommen, die kommerzielle und Charterfl\u00fcge anbieten. Unten sind alle Flugh\u00e4fen in Nebraska aufgelistet. Verpassen Sie auch nicht unsere Karte der Flugh\u00e4fen in Nebraska f\u00fcr eine bessere Visualisierung.<\/p>\n<h4><span class=\"ez-toc-section\" id=\"Flugplatz_Omaha_Eppley_-_IATA-Code_-_OMA_5_Mio_Passagiere\"><\/span><b>Flugplatz Omaha Eppley \u2013 IATA-Code \u2013 OMA (~ 5 Mio. Passagiere)<\/b><span class=\"ez-toc-section-end\"><\/span><\/h4>\n<p><strong>Der Flugplatz Eppley<\/strong> ist der gr\u00f6\u00dfte Flughafen von Nebraska und der einzige, der innerhalb der gro\u00dfen US-Flugh\u00e4fen klassifiziert ist. Der Fokus des Flughafens liegt auf inl\u00e4ndischen Zielen. Daher kommen die meisten Passagiere \u00fcber Strecken nach Denver, Chicago und Atlanta. Der Flughafen bedient die Stadt Omaha und liegt etwa 5 km nord\u00f6stlich von der Innenstadt entfernt. Derzeit verf\u00fcgt es \u00fcber 3 Passagierterminals, die unter anderem Fl\u00fcge von Frontier, Delta und Southwest Airlines bedienen. ParkOMA Economy Shuttles sind die gebr\u00e4uchlichste Transportart vom Flughafen. Es gibt jedoch auch andere Optionen wie Taxis und Mietwagen.<\/p>\n<h3><span class=\"ez-toc-section\" id=\"Kleinere_Flughafen\"><\/span>Kleinere Flugh\u00e4fen<span class=\"ez-toc-section-end\"><\/span><\/h3>\n<h4><span class=\"ez-toc-section\" id=\"Regionalflughafen_Central_Nebraska_-_IATA-Code_-_GRI\"><\/span><b>Regionalflughafen Central Nebraska \u2013 IATA-Code \u2013 GRI<\/b><span class=\"ez-toc-section-end\"><\/span><\/h4>\n<ul>\n<li>St\u00e4dte in der N\u00e4he: Grand Island (5 km)<\/li>\n<li>Fluggesellschaft(en): Allegiant Air, American Eagle<\/li>\n<\/ul>\n<h4><span class=\"ez-toc-section\" id=\"Flughafen_Lincoln_-_IATA-Code_-_LNK\"><\/span><b>Flughafen Lincoln \u2013 IATA-Code \u2013 LNK<\/b><span class=\"ez-toc-section-end\"><\/span><\/h4>\n<ul>\n<li>Auch genannt: StadtflughafenLincoln<\/li>\n<li>St\u00e4dte in der N\u00e4he: Lincoln (7,5 km)<\/li>\n<li>Fluggesellschaft(en): Delta, American, Frontier<\/li>\n<\/ul>\n<h4><span class=\"ez-toc-section\" id=\"Regionalflughafen_Kearney_-_IATA-Code_-_EAR\"><\/span><b>Regionalflughafen Kearney &#8211; IATA-Code &#8211; EAR<\/b><span class=\"ez-toc-section-end\"><\/span><\/h4>\n<ul>\n<li>St\u00e4dte in der N\u00e4he: Kearney (8 km)<\/li>\n<li>Fluggesellschaft(en): United Express<\/li>\n<\/ul>\n<h4><span class=\"ez-toc-section\" id=\"Regionalflughafen_North_Platte_-_IATA-Code_-_LBF\"><\/span><b>Regionalflughafen North Platte &#8211; IATA-Code &#8211; LBF<\/b><span class=\"ez-toc-section-end\"><\/span><\/h4>\n<ul>\n<li>Auch genannt: Lee Bird Field<\/li>\n<li>St\u00e4dte in der N\u00e4he: North Platte (5 km)<\/li>\n<li>Fluggesellschaft(en): United Express<\/li>\n<\/ul>\n<h4><span class=\"ez-toc-section\" id=\"Regionalflughafen_West-Nebraska_-_IATA-Code_-_BFF\"><\/span><b>Regionalflughafen West-Nebraska \u2013 IATA-Code \u2013 BFF<\/b><span class=\"ez-toc-section-end\"><\/span><\/h4>\n<ul>\n<li>Auch genannt: William B. Heilig Field<\/li>\n<li>St\u00e4dte in der N\u00e4he: Scottsbluff (5 km)<\/li>\n<li>Fluggesellschaft(en): United Express<\/li>\n<\/ul>\n<h4><span class=\"ez-toc-section\" id=\"Stadtflughafen_Alliance_-_IATA-Code_-_AIA\"><\/span><b>Stadtflughafen Alliance \u2013 IATA-Code \u2013 AIA<\/b><span class=\"ez-toc-section-end\"><\/span><\/h4>\n<ul>\n<li>St\u00e4dte in der N\u00e4he: Allianz (5 km)<\/li>\n<li>Fluggesellschaft(en): Denver Air Connection<\/li>\n<\/ul>\n<h4><span class=\"ez-toc-section\" id=\"Stadtflughafen_Chadron_-_IATA-Code_-_CDR\"><\/span><b>Stadtflughafen Chadron \u2013 IATA-Code \u2013 CDR<\/b><span class=\"ez-toc-section-end\"><\/span><\/h4>\n<ul>\n<li>St\u00e4dte in der N\u00e4he: Chadron (8 km)<\/li>\n<li>Fluggesellschaft(en): Boutique Air<\/li>\n<\/ul>\n<h4><span class=\"ez-toc-section\" id=\"Regionalflughafen_McCook_Ben_Nelson-_IATA-Code_-_MCK\"><\/span><b>Regionalflughafen McCook Ben Nelson\u2013 IATA-Code \u2013 MCK<\/b><span class=\"ez-toc-section-end\"><\/span><\/h4>\n<ul>\n<li>St\u00e4dte in der N\u00e4he: McCook (4 km)<\/li>\n<li>Fluggesellschaft(en): Boutique Air<\/li>\n<\/ul>\n<h3><span class=\"ez-toc-section\" id=\"Flughafen_in_Nachbarstaaten\"><\/span>Flugh\u00e4fen in Nachbarstaaten<span class=\"ez-toc-section-end\"><\/span><\/h3>\n<table style=\"width: 100%; border-collapse: collapse;\" border=\"0\">\n<tbody>\n<tr style=\"height: 44px;\">\n<td style=\"width: 33.3333%; height: 44px;\"><a href=\"https:\/\/Traveling.com\/de\/blog\/flughaefen-iowa\/\">Flugh\u00e4fen in Iowa<\/a><\/td>\n<td style=\"width: 33.3333%; height: 44px;\"><a href=\"https:\/\/Traveling.com\/de\/blog\/flughaefen-kansas\/\">Flugh\u00e4fen in Kansas<\/a><\/td>\n<td style=\"width: 33.3333%; height: 44px;\"><a href=\"https:\/\/Traveling.com\/de\/blog\/flughaefen-south-dakota\/\">Flugh\u00e4fen in South Dakota<\/a><\/td>\n<\/tr>\n<tr style=\"height: 23px;\">\n<td style=\"width: 33.3333%; height: 23px;\"><a href=\"https:\/\/Traveling.com\/de\/blog\/flughaefen-colorado\/\">Flugh\u00e4fen in Colorado<\/a><\/td>\n<td style=\"width: 33.3333%; height: 23px;\"><a href=\"https:\/\/Traveling.com\/de\/blog\/flughaefen-wyoming\/\">Flugh\u00e4fen in Wyoming<\/a><\/td>\n<td style=\"width: 33.3333%; height: 23px;\"><a href=\"https:\/\/Traveling.com\/de\/blog\/flughaefen-missouri\/\">Flugh\u00e4fen in Missouri<\/a><\/td>\n<\/tr>\n<\/tbody>\n<\/table>\n<h3><span class=\"ez-toc-section\" id=\"Karte_der_Flughafen_in_Nebraska\"><\/span>Karte der Flugh\u00e4fen in Nebraska<span class=\"ez-toc-section-end\"><\/span><\/h3>\n\n\n<iframe src=\"https:\/\/www.google.com\/maps\/d\/u\/0\/embed?mid=1kOfWEZS2tUrrpI8y5Uk_mUA5A5oHJOle\" width=\"640\" height=\"480\"><\/iframe>\n","protected":false},"excerpt":{"rendered":"<p>Nur einer der Flugh\u00e4fen von Nebraska fertigt mehr als eine Million Passagiere pro Jahr ab. Der Eppley Airfield ist der wichtigste Flughafen des Staates und die naheliegende Wahl, wenn Sie nach Nebraska reisen. Neben zwei kleineren Flugh\u00e4fen ohne Drehkreuze haben wir einige Nicht-Hauptflugh\u00e4fen aufgenommen, die kommerzielle und Charterfl\u00fcge anbieten. Unten sind alle Flugh\u00e4fen in Nebraska [&hellip;]<\/p>\n<p><a class=\"more-link btn btn-primary\" href=\"https:\/\/traveling.com\/de\/blog\/flughaefen-nebraska\/\"> Continue reading&#8230;<\/a><\/p>\n","protected":false},"author":1,"featured_media":0,"parent":0,"menu_order":0,"comment_status":"closed","ping_status":"closed","template":"","meta":[],"yoast_head":"<!-- This site is optimized with the Yoast SEO plugin v19.8 - https:\/\/yoast.com\/wordpress\/plugins\/seo\/ -->\n<title>Nebraska Flugh\u00e4fen - IATA-Codes, Karte und Reiseinformationen<\/title>\n<meta name=\"description\" content=\"Eine vollst\u00e4ndige Liste aller Flugh\u00e4fen in Nebraska mit ihren IATA-Codes, Flughafenstandorten auf der Karte und Passagierzahlen.\" \/>\n<meta name=\"robots\" content=\"index, follow, max-snippet:-1, max-image-preview:large, max-video-preview:-1\" \/>\n<link rel=\"canonical\" href=\"https:\/\/traveling.com\/de\/blog\/flughaefen-nebraska\/\" \/>\n<meta property=\"og:locale\" content=\"en_GB\" \/>\n<meta property=\"og:type\" content=\"article\" \/>\n<meta property=\"og:title\" content=\"Nebraska Flugh\u00e4fen - IATA-Codes, Karte und Reiseinformationen\" \/>\n<meta property=\"og:description\" content=\"Eine vollst\u00e4ndige Liste aller Flugh\u00e4fen in Nebraska mit ihren IATA-Codes, Flughafenstandorten auf der Karte und Passagierzahlen.\" \/>\n<meta property=\"og:url\" content=\"https:\/\/traveling.com\/de\/blog\/flughaefen-nebraska\/\" \/>\n<meta property=\"og:site_name\" content=\"Traveling.com Blog\" \/>\n<meta property=\"article:modified_time\" content=\"2025-03-24T10:53:57+00:00\" \/>\n<meta name=\"twitter:card\" content=\"summary_large_image\" \/>\n<meta name=\"twitter:label1\" content=\"Est. reading time\" \/>\n\t<meta name=\"twitter:data1\" content=\"2 minutes\" \/>\n<script type=\"application\/ld+json\" class=\"yoast-schema-graph\">{\"@context\":\"https:\/\/schema.org\",\"@graph\":[{\"@type\":\"WebPage\",\"@id\":\"https:\/\/traveling.com\/de\/blog\/flughaefen-nebraska\/\",\"url\":\"https:\/\/traveling.com\/de\/blog\/flughaefen-nebraska\/\",\"name\":\"Nebraska Flugh\u00e4fen - IATA-Codes, Karte und Reiseinformationen\",\"isPartOf\":{\"@id\":\"https:\/\/traveling.com\/de\/blog\/#website\"},\"datePublished\":\"2021-07-07T07:00:59+00:00\",\"dateModified\":\"2025-03-24T10:53:57+00:00\",\"description\":\"Eine vollst\u00e4ndige Liste aller Flugh\u00e4fen in Nebraska mit ihren IATA-Codes, Flughafenstandorten auf der Karte und Passagierzahlen.\",\"breadcrumb\":{\"@id\":\"https:\/\/traveling.com\/de\/blog\/flughaefen-nebraska\/#breadcrumb\"},\"inLanguage\":\"en-GB\",\"potentialAction\":[{\"@type\":\"ReadAction\",\"target\":[\"https:\/\/traveling.com\/de\/blog\/flughaefen-nebraska\/\"]}]},{\"@type\":\"BreadcrumbList\",\"@id\":\"https:\/\/traveling.com\/de\/blog\/flughaefen-nebraska\/#breadcrumb\",\"itemListElement\":[{\"@type\":\"ListItem\",\"position\":1,\"name\":\"Home\",\"item\":\"https:\/\/traveling.com\/de\/blog\/\"},{\"@type\":\"ListItem\",\"position\":2,\"name\":\"Flugh\u00e4fen in Nebraska\"}]},{\"@type\":\"WebSite\",\"@id\":\"https:\/\/traveling.com\/de\/blog\/#website\",\"url\":\"https:\/\/traveling.com\/de\/blog\/\",\"name\":\"Traveling.com Blog\",\"description\":\"Dein Kompletter Reisef\u00fchrer\",\"potentialAction\":[{\"@type\":\"SearchAction\",\"target\":{\"@type\":\"EntryPoint\",\"urlTemplate\":\"https:\/\/traveling.com\/de\/blog\/?s={search_term_string}\"},\"query-input\":\"required name=search_term_string\"}],\"inLanguage\":\"en-GB\"}]}<\/script>\n<!-- \/ Yoast SEO plugin. -->","yoast_head_json":{"title":"Nebraska Flugh\u00e4fen - IATA-Codes, Karte und Reiseinformationen","description":"Eine vollst\u00e4ndige Liste aller Flugh\u00e4fen in Nebraska mit ihren IATA-Codes, Flughafenstandorten auf der Karte und Passagierzahlen.","robots":{"index":"index","follow":"follow","max-snippet":"max-snippet:-1","max-image-preview":"max-image-preview:large","max-video-preview":"max-video-preview:-1"},"canonical":"https:\/\/traveling.com\/de\/blog\/flughaefen-nebraska\/","og_locale":"en_GB","og_type":"article","og_title":"Nebraska Flugh\u00e4fen - IATA-Codes, Karte und Reiseinformationen","og_description":"Eine vollst\u00e4ndige Liste aller Flugh\u00e4fen in Nebraska mit ihren IATA-Codes, Flughafenstandorten auf der Karte und Passagierzahlen.","og_url":"https:\/\/traveling.com\/de\/blog\/flughaefen-nebraska\/","og_site_name":"Traveling.com Blog","article_modified_time":"2025-03-24T10:53:57+00:00","twitter_card":"summary_large_image","twitter_misc":{"Est. reading time":"2 minutes"},"schema":{"@context":"https:\/\/schema.org","@graph":[{"@type":"WebPage","@id":"https:\/\/traveling.com\/de\/blog\/flughaefen-nebraska\/","url":"https:\/\/traveling.com\/de\/blog\/flughaefen-nebraska\/","name":"Nebraska Flugh\u00e4fen - IATA-Codes, Karte und Reiseinformationen","isPartOf":{"@id":"https:\/\/traveling.com\/de\/blog\/#website"},"datePublished":"2021-07-07T07:00:59+00:00","dateModified":"2025-03-24T10:53:57+00:00","description":"Eine vollst\u00e4ndige Liste aller Flugh\u00e4fen in Nebraska mit ihren IATA-Codes, Flughafenstandorten auf der Karte und Passagierzahlen.","breadcrumb":{"@id":"https:\/\/traveling.com\/de\/blog\/flughaefen-nebraska\/#breadcrumb"},"inLanguage":"en-GB","potentialAction":[{"@type":"ReadAction","target":["https:\/\/traveling.com\/de\/blog\/flughaefen-nebraska\/"]}]},{"@type":"BreadcrumbList","@id":"https:\/\/traveling.com\/de\/blog\/flughaefen-nebraska\/#breadcrumb","itemListElement":[{"@type":"ListItem","position":1,"name":"Home","item":"https:\/\/traveling.com\/de\/blog\/"},{"@type":"ListItem","position":2,"name":"Flugh\u00e4fen in Nebraska"}]},{"@type":"WebSite","@id":"https:\/\/traveling.com\/de\/blog\/#website","url":"https:\/\/traveling.com\/de\/blog\/","name":"Traveling.com Blog","description":"Dein Kompletter Reisef\u00fchrer","potentialAction":[{"@type":"SearchAction","target":{"@type":"EntryPoint","urlTemplate":"https:\/\/traveling.com\/de\/blog\/?s={search_term_string}"},"query-input":"required name=search_term_string"}],"inLanguage":"en-GB"}]}},"_links":{"self":[{"href":"https:\/\/traveling.com\/de\/blog\/wp-json\/wp\/v2\/pages\/8396"}],"collection":[{"href":"https:\/\/traveling.com\/de\/blog\/wp-json\/wp\/v2\/pages"}],"about":[{"href":"https:\/\/traveling.com\/de\/blog\/wp-json\/wp\/v2\/types\/page"}],"author":[{"embeddable":true,"href":"https:\/\/traveling.com\/de\/blog\/wp-json\/wp\/v2\/users\/1"}],"replies":[{"embeddable":true,"href":"https:\/\/traveling.com\/de\/blog\/wp-json\/wp\/v2\/comments?post=8396"}],"version-history":[{"count":5,"href":"https:\/\/traveling.com\/de\/blog\/wp-json\/wp\/v2\/pages\/8396\/revisions"}],"predecessor-version":[{"id":8558,"href":"https:\/\/traveling.com\/de\/blog\/wp-json\/wp\/v2\/pages\/8396\/revisions\/8558"}],"wp:attachment":[{"href":"https:\/\/traveling.com\/de\/blog\/wp-json\/wp\/v2\/media?parent=8396"}],"curies":[{"name":"wp","href":"https:\/\/api.w.org\/{rel}","templated":true}]}}