{"id":8406,"date":"2021-07-07T09:00:30","date_gmt":"2021-07-07T07:00:30","guid":{"rendered":"https:\/\/getbybus.com\/de\/blog\/?page_id=8406"},"modified":"2025-03-24T12:54:11","modified_gmt":"2025-03-24T10:54:11","slug":"flughaefen-new-jersey","status":"publish","type":"page","link":"https:\/\/traveling.com\/de\/blog\/flughaefen-new-jersey\/","title":{"rendered":"Flugh\u00e4fen in New Jersey"},"content":{"rendered":"<p>New Jersey hat nur <strong>3 von der FAA klassifizierte Flugh\u00e4fen<\/strong>, die kommerzielle Fl\u00fcge anbieten. Newark und Atlantic City Airport sind die beiden beliebtesten Flugh\u00e4fen von New Jersey und die einzigen mit nennenswerten Passagierzahlen. Der Flughafen Newark ist eine m\u00f6gliche Alternative zu den Flugh\u00e4fen von NYC, w\u00e4hrend der Flughafen Atlantic City Reisende an die Atlantikk\u00fcste in NJ bedient. Wir haben jedoch auch eine Tabelle mit anderen nahegelegenen Flugh\u00e4fen in anderen Bundesstaaten hinzugef\u00fcgt. Verpassen Sie auch nicht unsere <strong>Karte der Flugh\u00e4fen in New Jersey<\/strong> am Ende des Textes.<\/p>\n<h3><span class=\"ez-toc-section\" id=\"Liste_der_Flughafen\"><\/span>Liste der Flugh\u00e4fen<span class=\"ez-toc-section-end\"><\/span><\/h3>\n<h4><span class=\"ez-toc-section\" id=\"Internationaler_Flughafen_Newark_Liberty_-_IATA-Code_-_EWR_463_Mio_Passagiere\"><\/span><b>Internationaler Flughafen Newark Liberty \u2013 IATA-Code \u2013 EWR (~46,3 Mio. Passagiere)<\/b><span class=\"ez-toc-section-end\"><\/span><\/h4>\n<p><strong>Der Internationale Flughafen Newark<\/strong> ist der gr\u00f6\u00dfte in New Jersey und einer der verkehrsreichsten US-Flugh\u00e4fen an der Ostk\u00fcste. Er liegt zwischen Newark City und Elizabeth City. Genauer gesagt betr\u00e4gt die Entfernung nach Newark etwa 5 km und nach Elizabeth 4 km. Der nahe gelegene Manhattan Borough von NYC ist etwa 15 Kilometer entfernt. Es gibt etwa 50 Fluggesellschaften am Flughafen EWR, und <strong>United Airlines<\/strong> hat den Flughafen als drittgr\u00f6\u00dftes Drehkreuz. <strong>British Airways <\/strong>und <strong>Virgin<\/strong> bieten ebenfalls eine betr\u00e4chtliche Anzahl t\u00e4glicher Fl\u00fcge an. Die An- und Abreise zum Flughafen ist auf verschiedene Weise m\u00f6glich. AirTrain, NJ Public Transit, Shuttles, Taxis und Limousinen stehen zur Verf\u00fcgung. Daher kann der Flughafen Newark ein praktischer Ersatz f\u00fcr andere NYC-Flugh\u00e4fen in der N\u00e4he sein.<\/p>\n<h4><span class=\"ez-toc-section\" id=\"Internationaler_Flughafen_Atlantic_City_-_IATA-Code_-_ACY_12_Mio_Passagiere\"><\/span><b>Internationaler Flughafen Atlantic City \u2013 IATA-Code \u2013 ACY (~ 1,2 Mio. Passagiere)<\/b><span class=\"ez-toc-section-end\"><\/span><\/h4>\n<p><strong>Der Flughafen Atlantic City<\/strong> ist der zweitgr\u00f6\u00dfte Flughafen von New Jersey und die erste Wahl f\u00fcr alle, die in ein Resort in Atlantic City reisen. Die Entfernung vom Flughafen zur Stadt betr\u00e4gt ca. 16 km. Um dorthin zu gelangen, k\u00f6nnen Passagiere zwischen NJ Public Transit, Flughafen-Shuttles und Taxis w\u00e4hlen. Spirit Airlines ist derzeit die einzige Fluggesellschaft, die am Flughafen operiert. Dennoch fertigt der Flughafen jedes Jahr mehr als eine Million Passagiere ab. Der Flughafen ACY ist eine h\u00e4ufige Wahl, wenn Sie in andere St\u00e4dte an der Atlantikk\u00fcste von New Jersey reisen.<\/p>\n<h4><span class=\"ez-toc-section\" id=\"Flughafen_Trenton_Mercer_-_IATA-Code_-_TTN\"><\/span><b>Flughafen Trenton Mercer \u2013 IATA-Code \u2013 TTN<\/b><span class=\"ez-toc-section-end\"><\/span><\/h4>\n<ul>\n<li>St\u00e4dte in der N\u00e4he: Trenton (6,5 km)<\/li>\n<li>Fluggesellschaft(en): Frontier <\/li>\n<\/ul>\n<h4><span class=\"ez-toc-section\" id=\"Flughafen_Essex_County_-_IATA-Code_-_CDW\"><\/span><b>Flughafen Essex County \u2013 IATA-Code \u2013 CDW<\/b><span class=\"ez-toc-section-end\"><\/span><\/h4>\n<ul>\n<li>Auch genannt: Flughafen Caldwell<\/li>\n<li>St\u00e4dte in der N\u00e4he: Caldwell (4 km)<\/li>\n<li>Fluggesellschaft(en): Tropic Ocean Airways<\/li>\n<\/ul>\n<h3><span class=\"ez-toc-section\" id=\"Flughafen_in_Nachbarstaaten\"><\/span>Flugh\u00e4fen in Nachbarstaaten<span class=\"ez-toc-section-end\"><\/span><\/h3>\n<table style=\"width: 100%; border-collapse: collapse;\" border=\"0\">\n<tbody>\n<tr>\n<td style=\"width: 33.3333%;\"><a href=\"https:\/\/Traveling.com\/de\/blog\/flughaefen-pennsylvania\/\">Flugh\u00e4fen in Pennsylvania<\/a><\/td>\n<td style=\"width: 33.3333%;\"><a href=\"https:\/\/Traveling.com\/de\/blog\/flughaefen-delaware\/\">Flugh\u00e4fen in Delaware<\/a><\/td>\n<td style=\"width: 33.3333%;\"><a href=\"https:\/\/Traveling.com\/de\/blog\/flughaefen-new-york\/\">Flugh\u00e4fen in New York<\/a><\/td>\n<\/tr>\n<\/tbody>\n<\/table>\n<h3><span class=\"ez-toc-section\" id=\"Karte_der_Flughafen_in_New_Jersey\"><\/span>Karte der Flugh\u00e4fen in New Jersey<span class=\"ez-toc-section-end\"><\/span><\/h3>\n\n\n<iframe src=\"https:\/\/www.google.com\/maps\/d\/u\/0\/embed?mid=1UADoXS6s2bxI1xem4yZv4ncgRVje2Pw0\" width=\"640\" height=\"480\"><\/iframe>\n","protected":false},"excerpt":{"rendered":"<p>New Jersey hat nur 3 von der FAA klassifizierte Flugh\u00e4fen, die kommerzielle Fl\u00fcge anbieten. Newark und Atlantic City Airport sind die beiden beliebtesten Flugh\u00e4fen von New Jersey und die einzigen mit nennenswerten Passagierzahlen. Der Flughafen Newark ist eine m\u00f6gliche Alternative zu den Flugh\u00e4fen von NYC, w\u00e4hrend der Flughafen Atlantic City Reisende an die Atlantikk\u00fcste in [&hellip;]<\/p>\n<p><a class=\"more-link btn btn-primary\" href=\"https:\/\/traveling.com\/de\/blog\/flughaefen-new-jersey\/\"> Continue reading&#8230;<\/a><\/p>\n","protected":false},"author":1,"featured_media":0,"parent":0,"menu_order":0,"comment_status":"closed","ping_status":"closed","template":"","meta":[],"yoast_head":"<!-- This site is optimized with the Yoast SEO plugin v19.8 - https:\/\/yoast.com\/wordpress\/plugins\/seo\/ -->\n<title>New Jersey Flugh\u00e4fen - IATA-Codes, Karte und Reiseinformationen<\/title>\n<meta name=\"description\" content=\"Eine vollst\u00e4ndige Liste aller Flugh\u00e4fen in New Jersey mit ihren IATA-Codes, Flughafenstandorten auf der Karte und Passagierzahlen.\" \/>\n<meta name=\"robots\" content=\"index, follow, max-snippet:-1, max-image-preview:large, max-video-preview:-1\" \/>\n<link rel=\"canonical\" href=\"https:\/\/traveling.com\/de\/blog\/flughaefen-new-jersey\/\" \/>\n<meta property=\"og:locale\" content=\"en_GB\" \/>\n<meta property=\"og:type\" content=\"article\" \/>\n<meta property=\"og:title\" content=\"New Jersey Flugh\u00e4fen - IATA-Codes, Karte und Reiseinformationen\" \/>\n<meta property=\"og:description\" content=\"Eine vollst\u00e4ndige Liste aller Flugh\u00e4fen in New Jersey mit ihren IATA-Codes, Flughafenstandorten auf der Karte und Passagierzahlen.\" \/>\n<meta property=\"og:url\" content=\"https:\/\/traveling.com\/de\/blog\/flughaefen-new-jersey\/\" \/>\n<meta property=\"og:site_name\" content=\"Traveling.com Blog\" \/>\n<meta property=\"article:modified_time\" content=\"2025-03-24T10:54:11+00:00\" \/>\n<meta name=\"twitter:card\" content=\"summary_large_image\" \/>\n<meta name=\"twitter:label1\" content=\"Est. reading time\" \/>\n\t<meta name=\"twitter:data1\" content=\"2 minutes\" \/>\n<script type=\"application\/ld+json\" class=\"yoast-schema-graph\">{\"@context\":\"https:\/\/schema.org\",\"@graph\":[{\"@type\":\"WebPage\",\"@id\":\"https:\/\/traveling.com\/de\/blog\/flughaefen-new-jersey\/\",\"url\":\"https:\/\/traveling.com\/de\/blog\/flughaefen-new-jersey\/\",\"name\":\"New Jersey Flugh\u00e4fen - IATA-Codes, Karte und Reiseinformationen\",\"isPartOf\":{\"@id\":\"https:\/\/traveling.com\/de\/blog\/#website\"},\"datePublished\":\"2021-07-07T07:00:30+00:00\",\"dateModified\":\"2025-03-24T10:54:11+00:00\",\"description\":\"Eine vollst\u00e4ndige Liste aller Flugh\u00e4fen in New Jersey mit ihren IATA-Codes, Flughafenstandorten auf der Karte und Passagierzahlen.\",\"breadcrumb\":{\"@id\":\"https:\/\/traveling.com\/de\/blog\/flughaefen-new-jersey\/#breadcrumb\"},\"inLanguage\":\"en-GB\",\"potentialAction\":[{\"@type\":\"ReadAction\",\"target\":[\"https:\/\/traveling.com\/de\/blog\/flughaefen-new-jersey\/\"]}]},{\"@type\":\"BreadcrumbList\",\"@id\":\"https:\/\/traveling.com\/de\/blog\/flughaefen-new-jersey\/#breadcrumb\",\"itemListElement\":[{\"@type\":\"ListItem\",\"position\":1,\"name\":\"Home\",\"item\":\"https:\/\/traveling.com\/de\/blog\/\"},{\"@type\":\"ListItem\",\"position\":2,\"name\":\"Flugh\u00e4fen in New Jersey\"}]},{\"@type\":\"WebSite\",\"@id\":\"https:\/\/traveling.com\/de\/blog\/#website\",\"url\":\"https:\/\/traveling.com\/de\/blog\/\",\"name\":\"Traveling.com Blog\",\"description\":\"Dein Kompletter Reisef\u00fchrer\",\"potentialAction\":[{\"@type\":\"SearchAction\",\"target\":{\"@type\":\"EntryPoint\",\"urlTemplate\":\"https:\/\/traveling.com\/de\/blog\/?s={search_term_string}\"},\"query-input\":\"required name=search_term_string\"}],\"inLanguage\":\"en-GB\"}]}<\/script>\n<!-- \/ Yoast SEO plugin. -->","yoast_head_json":{"title":"New Jersey Flugh\u00e4fen - IATA-Codes, Karte und Reiseinformationen","description":"Eine vollst\u00e4ndige Liste aller Flugh\u00e4fen in New Jersey mit ihren IATA-Codes, Flughafenstandorten auf der Karte und Passagierzahlen.","robots":{"index":"index","follow":"follow","max-snippet":"max-snippet:-1","max-image-preview":"max-image-preview:large","max-video-preview":"max-video-preview:-1"},"canonical":"https:\/\/traveling.com\/de\/blog\/flughaefen-new-jersey\/","og_locale":"en_GB","og_type":"article","og_title":"New Jersey Flugh\u00e4fen - IATA-Codes, Karte und Reiseinformationen","og_description":"Eine vollst\u00e4ndige Liste aller Flugh\u00e4fen in New Jersey mit ihren IATA-Codes, Flughafenstandorten auf der Karte und Passagierzahlen.","og_url":"https:\/\/traveling.com\/de\/blog\/flughaefen-new-jersey\/","og_site_name":"Traveling.com Blog","article_modified_time":"2025-03-24T10:54:11+00:00","twitter_card":"summary_large_image","twitter_misc":{"Est. reading time":"2 minutes"},"schema":{"@context":"https:\/\/schema.org","@graph":[{"@type":"WebPage","@id":"https:\/\/traveling.com\/de\/blog\/flughaefen-new-jersey\/","url":"https:\/\/traveling.com\/de\/blog\/flughaefen-new-jersey\/","name":"New Jersey Flugh\u00e4fen - IATA-Codes, Karte und Reiseinformationen","isPartOf":{"@id":"https:\/\/traveling.com\/de\/blog\/#website"},"datePublished":"2021-07-07T07:00:30+00:00","dateModified":"2025-03-24T10:54:11+00:00","description":"Eine vollst\u00e4ndige Liste aller Flugh\u00e4fen in New Jersey mit ihren IATA-Codes, Flughafenstandorten auf der Karte und Passagierzahlen.","breadcrumb":{"@id":"https:\/\/traveling.com\/de\/blog\/flughaefen-new-jersey\/#breadcrumb"},"inLanguage":"en-GB","potentialAction":[{"@type":"ReadAction","target":["https:\/\/traveling.com\/de\/blog\/flughaefen-new-jersey\/"]}]},{"@type":"BreadcrumbList","@id":"https:\/\/traveling.com\/de\/blog\/flughaefen-new-jersey\/#breadcrumb","itemListElement":[{"@type":"ListItem","position":1,"name":"Home","item":"https:\/\/traveling.com\/de\/blog\/"},{"@type":"ListItem","position":2,"name":"Flugh\u00e4fen in New Jersey"}]},{"@type":"WebSite","@id":"https:\/\/traveling.com\/de\/blog\/#website","url":"https:\/\/traveling.com\/de\/blog\/","name":"Traveling.com Blog","description":"Dein Kompletter Reisef\u00fchrer","potentialAction":[{"@type":"SearchAction","target":{"@type":"EntryPoint","urlTemplate":"https:\/\/traveling.com\/de\/blog\/?s={search_term_string}"},"query-input":"required name=search_term_string"}],"inLanguage":"en-GB"}]}},"_links":{"self":[{"href":"https:\/\/traveling.com\/de\/blog\/wp-json\/wp\/v2\/pages\/8406"}],"collection":[{"href":"https:\/\/traveling.com\/de\/blog\/wp-json\/wp\/v2\/pages"}],"about":[{"href":"https:\/\/traveling.com\/de\/blog\/wp-json\/wp\/v2\/types\/page"}],"author":[{"embeddable":true,"href":"https:\/\/traveling.com\/de\/blog\/wp-json\/wp\/v2\/users\/1"}],"replies":[{"embeddable":true,"href":"https:\/\/traveling.com\/de\/blog\/wp-json\/wp\/v2\/comments?post=8406"}],"version-history":[{"count":4,"href":"https:\/\/traveling.com\/de\/blog\/wp-json\/wp\/v2\/pages\/8406\/revisions"}],"predecessor-version":[{"id":8563,"href":"https:\/\/traveling.com\/de\/blog\/wp-json\/wp\/v2\/pages\/8406\/revisions\/8563"}],"wp:attachment":[{"href":"https:\/\/traveling.com\/de\/blog\/wp-json\/wp\/v2\/media?parent=8406"}],"curies":[{"name":"wp","href":"https:\/\/api.w.org\/{rel}","templated":true}]}}