{"id":8435,"date":"2021-07-07T09:00:33","date_gmt":"2021-07-07T07:00:33","guid":{"rendered":"https:\/\/getbybus.com\/de\/blog\/?page_id=8435"},"modified":"2025-03-24T12:54:13","modified_gmt":"2025-03-24T10:54:13","slug":"flughaefen-oklahoma","status":"publish","type":"page","link":"https:\/\/traveling.com\/de\/blog\/flughaefen-oklahoma\/","title":{"rendered":"Flugh\u00e4fen in Oklahoma"},"content":{"rendered":"<p>Der Bundesstaat Oklahoma hat derzeit nur <strong>4 Flugh\u00e4fen mit t\u00e4glichen Linienfl\u00fcgen<\/strong>, wobei der Oklahoma City Airport und der Tulsa Airport den Gro\u00dfteil des Verkehrs abwickeln. Bei den verbleibenden beiden ist American Eagle die einzige Fluggesellschaft, die dort operiert. Da einige Passagiere bei Reisen nach Oklahoma m\u00f6glicherweise einen Flughafen in einem anderen Bundesstaat anfliegen, haben wir eine Tabelle mit Flugh\u00e4fen in anderen, nahegelegenen Bundesstaaten beigef\u00fcgt. Sehen Sie sich die <strong>Karte der Flugh\u00e4fen in Oklahoma<\/strong> am Ende des Beitrags an.<\/p>\n<h3><span class=\"ez-toc-section\" id=\"Liste_der_Flughafen\"><\/span>Liste der Flugh\u00e4fen<span class=\"ez-toc-section-end\"><\/span><\/h3>\n<h4><span class=\"ez-toc-section\" id=\"Flughafen_Will_Rogers_World_-_IATA-Code_-_OKC_4_Mio_Passagiere\"><\/span><b>Flughafen Will Rogers World \u2013 IATA-Code \u2013 OKC (~ 4 Mio. Passagiere)<\/b><span class=\"ez-toc-section-end\"><\/span><\/h4>\n<p><strong>Flughafen Will Rogers<\/strong> oder Flughafen Oklahoma City ist ein kleiner US-Flughafen, der den Gro\u00dfraum Oklahoma City bedient. Er liegt 8 km nordwestlich des Stadtzentrums und bedient Inlandsfl\u00fcge, haupts\u00e4chlich \u00fcber Southwest Airlines. Das \u00f6ffentliche Bussystem Embark f\u00e4hrt regelm\u00e4\u00dfig vom Flughafen ab. Alternativ gibt es auch Vans, Shuttles und Taxis.<\/p>\n<h4><span class=\"ez-toc-section\" id=\"Internationaler_Flughafen_Tulsa_-_IATA-Code_-_TUL_3_Mio_Passagiere\"><\/span><b>Internationaler Flughafen Tulsa \u2013 IATA-Code \u2013 TUL (~ 3 Mio. Passagiere)<\/b><span class=\"ez-toc-section-end\"><\/span><\/h4>\n<p><strong>Der Flughafen Tulsa<\/strong> ist Oklahomas zweitgr\u00f6\u00dfter Flughafen. Alle gro\u00dfen US-Fluggesellschaften bieten ganzj\u00e4hrig Fl\u00fcge nach Tulsa an. Statistisch gesehen f\u00fchrt Dallas den Weg als das am besten verbundene Ziel. Abgesehen von Tulsa ist der Flughafen praktisch, wenn Sie zu nahe gelegenen Orten wie Broken Arrow und Muskogee reisen.<\/p>\n<h4><span class=\"ez-toc-section\" id=\"Regionalflughafen_Lawton-Fort_Sill-_IATA-Code_-_LAW\"><\/span><b>Regionalflughafen Lawton-Fort Sill\u2013 IATA-Code \u2013 LAW<\/b><span class=\"ez-toc-section-end\"><\/span><\/h4>\n<ul>\n<li>St\u00e4dte in der N\u00e4he: Lawton (3,5 km)<\/li>\n<li>Fluggesellschaft(en): American Eagle<\/li>\n<\/ul>\n<h4><span class=\"ez-toc-section\" id=\"Regionalflughafen_Stillwater_-_IATA-Code_-_SWO\"><\/span><b>Regionalflughafen Stillwater \u2013 IATA-Code \u2013 SWO<\/b><span class=\"ez-toc-section-end\"><\/span><\/h4>\n<ul>\n<li>St\u00e4dte in der N\u00e4he: Stillwater (5 km)<\/li>\n<li>Fluggesellschaft(en): American Eagle<\/li>\n<\/ul>\n<h3><span class=\"ez-toc-section\" id=\"Flughafen_in_Nachbarstaaten\"><\/span>Flugh\u00e4fen in Nachbarstaaten<span class=\"ez-toc-section-end\"><\/span><\/h3>\n<table style=\"width: 100%; border-collapse: collapse;\" border=\"0\">\n<tbody>\n<tr>\n<td style=\"width: 33.3333%;\"><a href=\"https:\/\/Traveling.com\/de\/blog\/flughaefen-texas\/\">Flugh\u00e4fen in Texas<\/a><\/td>\n<td style=\"width: 33.3333%;\"><a href=\"https:\/\/Traveling.com\/de\/blog\/flughaefen-arkansas\/\">Flugh\u00e4fen in Arkansas<\/a><\/td>\n<td style=\"width: 33.3333%;\"><a href=\"https:\/\/Traveling.com\/de\/blog\/flughaefen-kansas\/\">Flugh\u00e4fen in Kansas<\/a><\/td>\n<\/tr>\n<tr>\n<td style=\"width: 33.3333%;\"><a href=\"https:\/\/Traveling.com\/de\/blog\/flughaefen-missouri\/\">Flugh\u00e4fen in Missouri<\/a><\/td>\n<td style=\"width: 33.3333%;\"><a href=\"https:\/\/Traveling.com\/de\/blog\/flughaefen-colorado\/\">Flugh\u00e4fen in Colorado<\/a><\/td>\n<td style=\"width: 33.3333%;\"><a href=\"https:\/\/Traveling.com\/de\/blog\/flughaefen-new-mexico\/\">Flugh\u00e4fen in New Mexico<\/a><\/td>\n<\/tr>\n<\/tbody>\n<\/table>\n<h3><span class=\"ez-toc-section\" id=\"Karte_der_Flughafen_in_Oklahoma\"><\/span>Karte der Flugh\u00e4fen in Oklahoma<span class=\"ez-toc-section-end\"><\/span><\/h3>\n\n\n<iframe src=\"https:\/\/www.google.com\/maps\/d\/u\/0\/embed?mid=1TrApmZL9-3ZXdfo9vCv3NYthgCX41ReG\" width=\"640\" height=\"480\"><\/iframe>\n","protected":false},"excerpt":{"rendered":"<p>Der Bundesstaat Oklahoma hat derzeit nur 4 Flugh\u00e4fen mit t\u00e4glichen Linienfl\u00fcgen, wobei der Oklahoma City Airport und der Tulsa Airport den Gro\u00dfteil des Verkehrs abwickeln. Bei den verbleibenden beiden ist American Eagle die einzige Fluggesellschaft, die dort operiert. Da einige Passagiere bei Reisen nach Oklahoma m\u00f6glicherweise einen Flughafen in einem anderen Bundesstaat anfliegen, haben wir [&hellip;]<\/p>\n<p><a class=\"more-link btn btn-primary\" href=\"https:\/\/traveling.com\/de\/blog\/flughaefen-oklahoma\/\"> Continue reading&#8230;<\/a><\/p>\n","protected":false},"author":1,"featured_media":0,"parent":0,"menu_order":0,"comment_status":"closed","ping_status":"closed","template":"","meta":[],"yoast_head":"<!-- This site is optimized with the Yoast SEO plugin v19.8 - https:\/\/yoast.com\/wordpress\/plugins\/seo\/ -->\n<title>Oklahoma Flugh\u00e4fen - IATA-Codes, Karte und Reiseinformationen<\/title>\n<meta name=\"description\" content=\"Eine vollst\u00e4ndige Liste aller Flugh\u00e4fen in Oklahoma mit ihren IATA-Codes, Flughafenstandorten auf der Karte und Passagierzahlen.\" \/>\n<meta name=\"robots\" content=\"index, follow, max-snippet:-1, max-image-preview:large, max-video-preview:-1\" \/>\n<link rel=\"canonical\" href=\"https:\/\/traveling.com\/de\/blog\/flughaefen-oklahoma\/\" \/>\n<meta property=\"og:locale\" content=\"en_GB\" \/>\n<meta property=\"og:type\" content=\"article\" \/>\n<meta property=\"og:title\" content=\"Oklahoma Flugh\u00e4fen - IATA-Codes, Karte und Reiseinformationen\" \/>\n<meta property=\"og:description\" content=\"Eine vollst\u00e4ndige Liste aller Flugh\u00e4fen in Oklahoma mit ihren IATA-Codes, Flughafenstandorten auf der Karte und Passagierzahlen.\" \/>\n<meta property=\"og:url\" content=\"https:\/\/traveling.com\/de\/blog\/flughaefen-oklahoma\/\" \/>\n<meta property=\"og:site_name\" content=\"Traveling.com Blog\" \/>\n<meta property=\"article:modified_time\" content=\"2025-03-24T10:54:13+00:00\" \/>\n<meta name=\"twitter:card\" content=\"summary_large_image\" \/>\n<meta name=\"twitter:label1\" content=\"Est. reading time\" \/>\n\t<meta name=\"twitter:data1\" content=\"1 minute\" \/>\n<script type=\"application\/ld+json\" class=\"yoast-schema-graph\">{\"@context\":\"https:\/\/schema.org\",\"@graph\":[{\"@type\":\"WebPage\",\"@id\":\"https:\/\/traveling.com\/de\/blog\/flughaefen-oklahoma\/\",\"url\":\"https:\/\/traveling.com\/de\/blog\/flughaefen-oklahoma\/\",\"name\":\"Oklahoma Flugh\u00e4fen - IATA-Codes, Karte und Reiseinformationen\",\"isPartOf\":{\"@id\":\"https:\/\/traveling.com\/de\/blog\/#website\"},\"datePublished\":\"2021-07-07T07:00:33+00:00\",\"dateModified\":\"2025-03-24T10:54:13+00:00\",\"description\":\"Eine vollst\u00e4ndige Liste aller Flugh\u00e4fen in Oklahoma mit ihren IATA-Codes, Flughafenstandorten auf der Karte und Passagierzahlen.\",\"breadcrumb\":{\"@id\":\"https:\/\/traveling.com\/de\/blog\/flughaefen-oklahoma\/#breadcrumb\"},\"inLanguage\":\"en-GB\",\"potentialAction\":[{\"@type\":\"ReadAction\",\"target\":[\"https:\/\/traveling.com\/de\/blog\/flughaefen-oklahoma\/\"]}]},{\"@type\":\"BreadcrumbList\",\"@id\":\"https:\/\/traveling.com\/de\/blog\/flughaefen-oklahoma\/#breadcrumb\",\"itemListElement\":[{\"@type\":\"ListItem\",\"position\":1,\"name\":\"Home\",\"item\":\"https:\/\/traveling.com\/de\/blog\/\"},{\"@type\":\"ListItem\",\"position\":2,\"name\":\"Flugh\u00e4fen in Oklahoma\"}]},{\"@type\":\"WebSite\",\"@id\":\"https:\/\/traveling.com\/de\/blog\/#website\",\"url\":\"https:\/\/traveling.com\/de\/blog\/\",\"name\":\"Traveling.com Blog\",\"description\":\"Dein Kompletter Reisef\u00fchrer\",\"potentialAction\":[{\"@type\":\"SearchAction\",\"target\":{\"@type\":\"EntryPoint\",\"urlTemplate\":\"https:\/\/traveling.com\/de\/blog\/?s={search_term_string}\"},\"query-input\":\"required name=search_term_string\"}],\"inLanguage\":\"en-GB\"}]}<\/script>\n<!-- \/ Yoast SEO plugin. -->","yoast_head_json":{"title":"Oklahoma Flugh\u00e4fen - IATA-Codes, Karte und Reiseinformationen","description":"Eine vollst\u00e4ndige Liste aller Flugh\u00e4fen in Oklahoma mit ihren IATA-Codes, Flughafenstandorten auf der Karte und Passagierzahlen.","robots":{"index":"index","follow":"follow","max-snippet":"max-snippet:-1","max-image-preview":"max-image-preview:large","max-video-preview":"max-video-preview:-1"},"canonical":"https:\/\/traveling.com\/de\/blog\/flughaefen-oklahoma\/","og_locale":"en_GB","og_type":"article","og_title":"Oklahoma Flugh\u00e4fen - IATA-Codes, Karte und Reiseinformationen","og_description":"Eine vollst\u00e4ndige Liste aller Flugh\u00e4fen in Oklahoma mit ihren IATA-Codes, Flughafenstandorten auf der Karte und Passagierzahlen.","og_url":"https:\/\/traveling.com\/de\/blog\/flughaefen-oklahoma\/","og_site_name":"Traveling.com Blog","article_modified_time":"2025-03-24T10:54:13+00:00","twitter_card":"summary_large_image","twitter_misc":{"Est. reading time":"1 minute"},"schema":{"@context":"https:\/\/schema.org","@graph":[{"@type":"WebPage","@id":"https:\/\/traveling.com\/de\/blog\/flughaefen-oklahoma\/","url":"https:\/\/traveling.com\/de\/blog\/flughaefen-oklahoma\/","name":"Oklahoma Flugh\u00e4fen - IATA-Codes, Karte und Reiseinformationen","isPartOf":{"@id":"https:\/\/traveling.com\/de\/blog\/#website"},"datePublished":"2021-07-07T07:00:33+00:00","dateModified":"2025-03-24T10:54:13+00:00","description":"Eine vollst\u00e4ndige Liste aller Flugh\u00e4fen in Oklahoma mit ihren IATA-Codes, Flughafenstandorten auf der Karte und Passagierzahlen.","breadcrumb":{"@id":"https:\/\/traveling.com\/de\/blog\/flughaefen-oklahoma\/#breadcrumb"},"inLanguage":"en-GB","potentialAction":[{"@type":"ReadAction","target":["https:\/\/traveling.com\/de\/blog\/flughaefen-oklahoma\/"]}]},{"@type":"BreadcrumbList","@id":"https:\/\/traveling.com\/de\/blog\/flughaefen-oklahoma\/#breadcrumb","itemListElement":[{"@type":"ListItem","position":1,"name":"Home","item":"https:\/\/traveling.com\/de\/blog\/"},{"@type":"ListItem","position":2,"name":"Flugh\u00e4fen in Oklahoma"}]},{"@type":"WebSite","@id":"https:\/\/traveling.com\/de\/blog\/#website","url":"https:\/\/traveling.com\/de\/blog\/","name":"Traveling.com Blog","description":"Dein Kompletter Reisef\u00fchrer","potentialAction":[{"@type":"SearchAction","target":{"@type":"EntryPoint","urlTemplate":"https:\/\/traveling.com\/de\/blog\/?s={search_term_string}"},"query-input":"required name=search_term_string"}],"inLanguage":"en-GB"}]}},"_links":{"self":[{"href":"https:\/\/traveling.com\/de\/blog\/wp-json\/wp\/v2\/pages\/8435"}],"collection":[{"href":"https:\/\/traveling.com\/de\/blog\/wp-json\/wp\/v2\/pages"}],"about":[{"href":"https:\/\/traveling.com\/de\/blog\/wp-json\/wp\/v2\/types\/page"}],"author":[{"embeddable":true,"href":"https:\/\/traveling.com\/de\/blog\/wp-json\/wp\/v2\/users\/1"}],"replies":[{"embeddable":true,"href":"https:\/\/traveling.com\/de\/blog\/wp-json\/wp\/v2\/comments?post=8435"}],"version-history":[{"count":2,"href":"https:\/\/traveling.com\/de\/blog\/wp-json\/wp\/v2\/pages\/8435\/revisions"}],"predecessor-version":[{"id":8575,"href":"https:\/\/traveling.com\/de\/blog\/wp-json\/wp\/v2\/pages\/8435\/revisions\/8575"}],"wp:attachment":[{"href":"https:\/\/traveling.com\/de\/blog\/wp-json\/wp\/v2\/media?parent=8435"}],"curies":[{"name":"wp","href":"https:\/\/api.w.org\/{rel}","templated":true}]}}