{"id":8450,"date":"2021-07-07T09:00:46","date_gmt":"2021-07-07T07:00:46","guid":{"rendered":"https:\/\/getbybus.com\/de\/blog\/?page_id=8450"},"modified":"2025-03-24T12:57:19","modified_gmt":"2025-03-24T10:57:19","slug":"flughaefen-tennessee","status":"publish","type":"page","link":"https:\/\/traveling.com\/de\/blog\/flughaefen-tennessee\/","title":{"rendered":"Flugh\u00e4fen in Tennessee"},"content":{"rendered":"<p>Der Flugverkehr des Staates <strong>Tennessee<\/strong> konzentriert sich auf 2 Flugh\u00e4fen \u2013 den Flughafen Nashville und den Flughafen Memphis. Beide haben regelm\u00e4\u00dfige internationale Fl\u00fcge sowie Inlandsfl\u00fcge in gr\u00f6\u00dfere US-St\u00e4dte. Gro\u00dfe US-Fluggesellschaften wie Delta, American und United bieten alle t\u00e4gliche Fl\u00fcge zu diesen Flugh\u00e4fen an. Die kleineren Flugh\u00e4fen in Tennessee bieten haupts\u00e4chlich Regionalfl\u00fcge an, normalerweise \u00fcber Allegiant Air, American und Delta Air Lines. Damit Sie sich leichter vorstellen k\u00f6nnen, wo sich die einzelnen Flugh\u00e4fen befinden, haben wir am Ende eine <strong>Karte der Flugh\u00e4fen in Tennessee<\/strong> hinzugef\u00fcgt.<\/p>\n<h3><span class=\"ez-toc-section\" id=\"Liste_der_Flughafen\"><\/span>Liste der Flugh\u00e4fen<span class=\"ez-toc-section-end\"><\/span><\/h3>\n<h4><span class=\"ez-toc-section\" id=\"Internationaler_Flughafen_Nashville_-_IATA-Code_-_BNA_18_Mio_Passagiere\"><\/span><b>Internationaler Flughafen Nashville \u2013 IATA-Code \u2013 BNA (~ 18 Mio. Passagiere)<\/b><span class=\"ez-toc-section-end\"><\/span><\/h4>\n<p><strong>Der Flughafen Nashville<\/strong> ist einer der mittelgro\u00dfen US-Flugh\u00e4fen und bedient die Stadt Nashville. Die Entfernung zur Stadt betr\u00e4gt etwa 10 Kilometer. Mehr als 15 Fluggesellschaften bedienen den Flughafen mit etwa 500 t\u00e4glichen Abfl\u00fcgen. Was die Ziele angeht, verbindet der Flughafen BNA Nashville mit gro\u00dfen US-St\u00e4dten und einigen europ\u00e4ischen Flugh\u00e4fen. Dar\u00fcber hinaus ist Southwest Airlines die Fluggesellschaft mit den meisten Passagieren am Flughafen.<\/p>\n<h4><span class=\"ez-toc-section\" id=\"Internationaler_Flughafen_Memphis_-_IATA-Code_-_MEM_45_Mio_Passagiere\"><\/span><b>Internationaler Flughafen Memphis \u2013 IATA-Code \u2013 MEM (~ 4,5 Mio. Passagiere)<\/b><span class=\"ez-toc-section-end\"><\/span><\/h4>\n<p><strong>Der Flughafen Memphis<\/strong> ist ein internationaler Flughafen, der Memphis und das gesamte Shelby County bedient. Der Flughafen liegt 11 km s\u00fcd\u00f6stlich der Stadt und bedient haupts\u00e4chlich Inlandsfl\u00fcge. Der Flughafen verf\u00fcgt \u00fcber ein Terminal f\u00fcr etwa 5 Millionen Passagiere, haupts\u00e4chlich von Delta und Southwest Airlines. Was die Transportm\u00f6glichkeiten betrifft, gibt es \u00f6ffentliche Verkehrsmittel MATA, Shuttles und Taxis.<\/p>\n<h4><span class=\"ez-toc-section\" id=\"Flughafen_McGhee_Tyson_-_IATA-Code_-_TYS\"><\/span><b>Flughafen McGhee Tyson \u2013 IATA-Code \u2013 TYS<\/b><span class=\"ez-toc-section-end\"><\/span><\/h4>\n<ul>\n<li>St\u00e4dte in der N\u00e4he: Knoxville (17 km)<\/li>\n<li>Fluggesellschaft(en): Allegiant Air, Delta, Frontier<\/li>\n<\/ul>\n<h4><span class=\"ez-toc-section\" id=\"Stadtflughafen_Chattanooga_-_IATA-Code_-_CHA\"><\/span><b>Stadtflughafen Chattanooga \u2013 IATA-Code \u2013 CHA<\/b><span class=\"ez-toc-section-end\"><\/span><\/h4>\n<ul>\n<li>Auch genannt: Lovell Field<\/li>\n<li>St\u00e4dte in der N\u00e4he: Chattanooga (8 km)<\/li>\n<li>Fluggesellschaft(en): Allegiant Air, American, Delta<\/li>\n<\/ul>\n<h4><span class=\"ez-toc-section\" id=\"Regionalflughafen_Tri-Cities_-_IATA-Code_-_TRI\"><\/span><b>Regionalflughafen Tri-Cities \u2013 IATA-Code \u2013 TRI<\/b><span class=\"ez-toc-section-end\"><\/span><\/h4>\n<ul>\n<li>St\u00e4dte in der N\u00e4he: Kingsport (20 km), Bristol (25 km), Johnson City (25 km)<\/li>\n<li>Fluggesellschaft(en): Allegiant Air, American, Delta<\/li>\n<\/ul>\n<h4><span class=\"ez-toc-section\" id=\"Regionalflughafen_McKellar-Sipes_-_IATA-Code_-_MKL\"><\/span><b>Regionalflughafen McKellar\u2013Sipes \u2013 IATA-Code \u2013 MKL<\/b><span class=\"ez-toc-section-end\"><\/span><\/h4>\n<ul>\n<li>St\u00e4dte in der N\u00e4he: Jackson (10 km)<\/li>\n<li>Fluggesellschaft(en): Air Choice One<\/li>\n<\/ul>\n<h3><span class=\"ez-toc-section\" id=\"Flughafen_in_Nachbarstaaten\"><\/span>Flugh\u00e4fen in Nachbarstaaten<span class=\"ez-toc-section-end\"><\/span><\/h3>\n<table style=\"width: 100%; border-collapse: collapse;\" border=\"0\">\n<tbody>\n<tr>\n<td style=\"width: 25%;\"><a href=\"https:\/\/Traveling.com\/de\/blog\/flughaefen-kentucky\/\">Flugh\u00e4fen in Kentucky<\/a><\/td>\n<td style=\"width: 25%;\"><a href=\"https:\/\/Traveling.com\/de\/blog\/flughaefen-georgia\/\">Flugh\u00e4fen in Georgia<\/a><\/td>\n<td style=\"width: 25%;\"><a href=\"https:\/\/Traveling.com\/de\/blog\/flughaefen-north-carolina\/\">Flugh\u00e4fen in North Carolina<\/a><\/td>\n<td style=\"width: 25%;\"><a href=\"https:\/\/Traveling.com\/de\/blog\/flughaefen-alabama\/\">Flugh\u00e4fen in Alabama<\/a><\/td>\n<\/tr>\n<tr>\n<td style=\"width: 25%;\"><a href=\"https:\/\/Traveling.com\/de\/blog\/flughaefen-virginia\/\">Flugh\u00e4fen in Virginia<\/a><\/td>\n<td style=\"width: 25%;\"><a href=\"https:\/\/Traveling.com\/de\/blog\/flughaefen-mississippi\/\">Flugh\u00e4fen in Mississippi<\/a><\/td>\n<td style=\"width: 25%;\"><a href=\"https:\/\/Traveling.com\/de\/blog\/flughaefen-missouri\/\">Flugh\u00e4fen in Missouri<\/a><\/td>\n<td style=\"width: 25%;\"><a href=\"https:\/\/Traveling.com\/de\/blog\/flughaefen-arkansas\/\">Flugh\u00e4fen in Arkansas<\/a><\/td>\n<\/tr>\n<\/tbody>\n<\/table>\n<h3><span class=\"ez-toc-section\" id=\"Karte_der_Flughafen_in_Tennessee\"><\/span>Karte der Flugh\u00e4fen in Tennessee<span class=\"ez-toc-section-end\"><\/span><\/h3>\n\n\n<iframe src=\"https:\/\/www.google.com\/maps\/d\/u\/0\/embed?mid=1FoL1dXp6d60OP1OgUwqeO9GNa_SV0d6t\" width=\"640\" height=\"480\"><\/iframe>\n","protected":false},"excerpt":{"rendered":"<p>Der Flugverkehr des Staates Tennessee konzentriert sich auf 2 Flugh\u00e4fen \u2013 den Flughafen Nashville und den Flughafen Memphis. Beide haben regelm\u00e4\u00dfige internationale Fl\u00fcge sowie Inlandsfl\u00fcge in gr\u00f6\u00dfere US-St\u00e4dte. Gro\u00dfe US-Fluggesellschaften wie Delta, American und United bieten alle t\u00e4gliche Fl\u00fcge zu diesen Flugh\u00e4fen an. Die kleineren Flugh\u00e4fen in Tennessee bieten haupts\u00e4chlich Regionalfl\u00fcge an, normalerweise \u00fcber Allegiant [&hellip;]<\/p>\n<p><a class=\"more-link btn btn-primary\" href=\"https:\/\/traveling.com\/de\/blog\/flughaefen-tennessee\/\"> Continue reading&#8230;<\/a><\/p>\n","protected":false},"author":1,"featured_media":0,"parent":0,"menu_order":0,"comment_status":"closed","ping_status":"closed","template":"","meta":[],"yoast_head":"<!-- This site is optimized with the Yoast SEO plugin v19.8 - https:\/\/yoast.com\/wordpress\/plugins\/seo\/ -->\n<title>Tennessee Flugh\u00e4fen - IATA-Codes, Karte und Reiseinformationen<\/title>\n<meta name=\"description\" content=\"Eine vollst\u00e4ndige Liste aller Flugh\u00e4fen in Tennessee mit ihren IATA-Codes, Flughafenstandorten auf der Karte und Passagierzahlen.\" \/>\n<meta name=\"robots\" content=\"index, follow, max-snippet:-1, max-image-preview:large, max-video-preview:-1\" \/>\n<link rel=\"canonical\" href=\"https:\/\/traveling.com\/de\/blog\/flughaefen-tennessee\/\" \/>\n<meta property=\"og:locale\" content=\"en_GB\" \/>\n<meta property=\"og:type\" content=\"article\" \/>\n<meta property=\"og:title\" content=\"Tennessee Flugh\u00e4fen - IATA-Codes, Karte und Reiseinformationen\" \/>\n<meta property=\"og:description\" content=\"Eine vollst\u00e4ndige Liste aller Flugh\u00e4fen in Tennessee mit ihren IATA-Codes, Flughafenstandorten auf der Karte und Passagierzahlen.\" \/>\n<meta property=\"og:url\" content=\"https:\/\/traveling.com\/de\/blog\/flughaefen-tennessee\/\" \/>\n<meta property=\"og:site_name\" content=\"Traveling.com Blog\" \/>\n<meta property=\"article:modified_time\" content=\"2025-03-24T10:57:19+00:00\" \/>\n<meta name=\"twitter:card\" content=\"summary_large_image\" \/>\n<meta name=\"twitter:label1\" content=\"Est. reading time\" \/>\n\t<meta name=\"twitter:data1\" content=\"2 minutes\" \/>\n<script type=\"application\/ld+json\" class=\"yoast-schema-graph\">{\"@context\":\"https:\/\/schema.org\",\"@graph\":[{\"@type\":\"WebPage\",\"@id\":\"https:\/\/traveling.com\/de\/blog\/flughaefen-tennessee\/\",\"url\":\"https:\/\/traveling.com\/de\/blog\/flughaefen-tennessee\/\",\"name\":\"Tennessee Flugh\u00e4fen - IATA-Codes, Karte und Reiseinformationen\",\"isPartOf\":{\"@id\":\"https:\/\/traveling.com\/de\/blog\/#website\"},\"datePublished\":\"2021-07-07T07:00:46+00:00\",\"dateModified\":\"2025-03-24T10:57:19+00:00\",\"description\":\"Eine vollst\u00e4ndige Liste aller Flugh\u00e4fen in Tennessee mit ihren IATA-Codes, Flughafenstandorten auf der Karte und Passagierzahlen.\",\"breadcrumb\":{\"@id\":\"https:\/\/traveling.com\/de\/blog\/flughaefen-tennessee\/#breadcrumb\"},\"inLanguage\":\"en-GB\",\"potentialAction\":[{\"@type\":\"ReadAction\",\"target\":[\"https:\/\/traveling.com\/de\/blog\/flughaefen-tennessee\/\"]}]},{\"@type\":\"BreadcrumbList\",\"@id\":\"https:\/\/traveling.com\/de\/blog\/flughaefen-tennessee\/#breadcrumb\",\"itemListElement\":[{\"@type\":\"ListItem\",\"position\":1,\"name\":\"Home\",\"item\":\"https:\/\/traveling.com\/de\/blog\/\"},{\"@type\":\"ListItem\",\"position\":2,\"name\":\"Flugh\u00e4fen in Tennessee\"}]},{\"@type\":\"WebSite\",\"@id\":\"https:\/\/traveling.com\/de\/blog\/#website\",\"url\":\"https:\/\/traveling.com\/de\/blog\/\",\"name\":\"Traveling.com Blog\",\"description\":\"Dein Kompletter Reisef\u00fchrer\",\"potentialAction\":[{\"@type\":\"SearchAction\",\"target\":{\"@type\":\"EntryPoint\",\"urlTemplate\":\"https:\/\/traveling.com\/de\/blog\/?s={search_term_string}\"},\"query-input\":\"required name=search_term_string\"}],\"inLanguage\":\"en-GB\"}]}<\/script>\n<!-- \/ Yoast SEO plugin. -->","yoast_head_json":{"title":"Tennessee Flugh\u00e4fen - IATA-Codes, Karte und Reiseinformationen","description":"Eine vollst\u00e4ndige Liste aller Flugh\u00e4fen in Tennessee mit ihren IATA-Codes, Flughafenstandorten auf der Karte und Passagierzahlen.","robots":{"index":"index","follow":"follow","max-snippet":"max-snippet:-1","max-image-preview":"max-image-preview:large","max-video-preview":"max-video-preview:-1"},"canonical":"https:\/\/traveling.com\/de\/blog\/flughaefen-tennessee\/","og_locale":"en_GB","og_type":"article","og_title":"Tennessee Flugh\u00e4fen - IATA-Codes, Karte und Reiseinformationen","og_description":"Eine vollst\u00e4ndige Liste aller Flugh\u00e4fen in Tennessee mit ihren IATA-Codes, Flughafenstandorten auf der Karte und Passagierzahlen.","og_url":"https:\/\/traveling.com\/de\/blog\/flughaefen-tennessee\/","og_site_name":"Traveling.com Blog","article_modified_time":"2025-03-24T10:57:19+00:00","twitter_card":"summary_large_image","twitter_misc":{"Est. reading time":"2 minutes"},"schema":{"@context":"https:\/\/schema.org","@graph":[{"@type":"WebPage","@id":"https:\/\/traveling.com\/de\/blog\/flughaefen-tennessee\/","url":"https:\/\/traveling.com\/de\/blog\/flughaefen-tennessee\/","name":"Tennessee Flugh\u00e4fen - IATA-Codes, Karte und Reiseinformationen","isPartOf":{"@id":"https:\/\/traveling.com\/de\/blog\/#website"},"datePublished":"2021-07-07T07:00:46+00:00","dateModified":"2025-03-24T10:57:19+00:00","description":"Eine vollst\u00e4ndige Liste aller Flugh\u00e4fen in Tennessee mit ihren IATA-Codes, Flughafenstandorten auf der Karte und Passagierzahlen.","breadcrumb":{"@id":"https:\/\/traveling.com\/de\/blog\/flughaefen-tennessee\/#breadcrumb"},"inLanguage":"en-GB","potentialAction":[{"@type":"ReadAction","target":["https:\/\/traveling.com\/de\/blog\/flughaefen-tennessee\/"]}]},{"@type":"BreadcrumbList","@id":"https:\/\/traveling.com\/de\/blog\/flughaefen-tennessee\/#breadcrumb","itemListElement":[{"@type":"ListItem","position":1,"name":"Home","item":"https:\/\/traveling.com\/de\/blog\/"},{"@type":"ListItem","position":2,"name":"Flugh\u00e4fen in Tennessee"}]},{"@type":"WebSite","@id":"https:\/\/traveling.com\/de\/blog\/#website","url":"https:\/\/traveling.com\/de\/blog\/","name":"Traveling.com Blog","description":"Dein Kompletter Reisef\u00fchrer","potentialAction":[{"@type":"SearchAction","target":{"@type":"EntryPoint","urlTemplate":"https:\/\/traveling.com\/de\/blog\/?s={search_term_string}"},"query-input":"required name=search_term_string"}],"inLanguage":"en-GB"}]}},"_links":{"self":[{"href":"https:\/\/traveling.com\/de\/blog\/wp-json\/wp\/v2\/pages\/8450"}],"collection":[{"href":"https:\/\/traveling.com\/de\/blog\/wp-json\/wp\/v2\/pages"}],"about":[{"href":"https:\/\/traveling.com\/de\/blog\/wp-json\/wp\/v2\/types\/page"}],"author":[{"embeddable":true,"href":"https:\/\/traveling.com\/de\/blog\/wp-json\/wp\/v2\/users\/1"}],"replies":[{"embeddable":true,"href":"https:\/\/traveling.com\/de\/blog\/wp-json\/wp\/v2\/comments?post=8450"}],"version-history":[{"count":5,"href":"https:\/\/traveling.com\/de\/blog\/wp-json\/wp\/v2\/pages\/8450\/revisions"}],"predecessor-version":[{"id":8588,"href":"https:\/\/traveling.com\/de\/blog\/wp-json\/wp\/v2\/pages\/8450\/revisions\/8588"}],"wp:attachment":[{"href":"https:\/\/traveling.com\/de\/blog\/wp-json\/wp\/v2\/media?parent=8450"}],"curies":[{"name":"wp","href":"https:\/\/api.w.org\/{rel}","templated":true}]}}