{"id":8465,"date":"2021-07-07T09:00:04","date_gmt":"2021-07-07T07:00:04","guid":{"rendered":"https:\/\/getbybus.com\/de\/blog\/?page_id=8465"},"modified":"2025-03-24T12:57:21","modified_gmt":"2025-03-24T10:57:21","slug":"flughaefen-vermont","status":"publish","type":"page","link":"https:\/\/traveling.com\/de\/blog\/flughaefen-vermont\/","title":{"rendered":"Flugh\u00e4fen in Vermont"},"content":{"rendered":"<p><strong>Vermont<\/strong> ist der US-Bundesstaat an der Grenze zu Kanada. Der einzige nennenswerte Flughafen ist der in Burlington. Der zweitgr\u00f6\u00dfte Flughafen, der Flughafen Rutland, wickelt nur inl\u00e4ndische und internationale Fl\u00fcge ab. Da es nur 3 kommerzielle Flugh\u00e4fen in Vermont gibt, haben wir alternativ eine Tabelle mit nahegelegenen Flugh\u00e4fen in anderen Bundesstaaten hinzugef\u00fcgt. Au\u00dferdem befindet sich <strong>am Ende des Beitrags eine Karte der Flugh\u00e4fen in Vermont<\/strong>.<\/p>\n<h3><span class=\"ez-toc-section\" id=\"Liste_der_Flughafen\"><\/span>Liste der Flugh\u00e4fen<span class=\"ez-toc-section-end\"><\/span><\/h3>\n<h4><span class=\"ez-toc-section\" id=\"Internationaler_Flughafen_Burlington_-_IATA-Code_-_BTV_05_Mio_Passagiere\"><\/span><b>Internationaler Flughafen Burlington \u2013 IATA-Code \u2013 BTV (~ 0,5 Mio. Passagiere)<\/b><span class=\"ez-toc-section-end\"><\/span><\/h4>\n<p><strong>Flughafen Burlington<\/strong> ist der gr\u00f6\u00dfte in Vermont und im Grunde der einzige Flughafen mit nennenswertem Passagieraufkommen. Der Flughafen liegt 6 km \u00f6stlich des Zentrums von Burlington. Derzeit gibt es 8 Fluggesellschaften am Flughafen, die sowohl ganzj\u00e4hrige als auch saisonale Fl\u00fcge anbieten. Unter ihnen bef\u00f6rdern jetBlue, Delta und American die meisten Passagiere. Die Purple Line #12 verbindet den BTV-Flughafen mit der Stadt. Andere Optionen sind Taxis und gemeinsame Fahrten.<\/p>\n<h4><span class=\"ez-toc-section\" id=\"Regionalflughafen_Rutland_-_Southern_Vermont_-_IATA-Code_-_RUT\"><\/span><b>Regionalflughafen Rutland \u2013 Southern Vermont \u2013 IATA-Code \u2013 RUT<\/b><span class=\"ez-toc-section-end\"><\/span><\/h4>\n<ul>\n<li>St\u00e4dte in der N\u00e4he: Rutland (9 km)<\/li>\n<li>Fluggesellschaft(en): Cape Air<\/li>\n<\/ul>\n<h4><span class=\"ez-toc-section\" id=\"Flughafen_Morrisville-Stowe_State_-_IATA-Code_-_MVL\"><\/span><b>Flughafen Morrisville\u2013Stowe State \u2013 IATA-Code \u2013 MVL<\/b><span class=\"ez-toc-section-end\"><\/span><\/h4>\n<ul>\n<li>St\u00e4dte in der N\u00e4he: Morrisville (3 km)<\/li>\n<li>Fluggesellschaft(en): Tradewind Aviation<\/li>\n<\/ul>\n<h3><span class=\"ez-toc-section\" id=\"Flughafen_in_Nachbarstaaten\"><\/span>Flugh\u00e4fen in Nachbarstaaten<span class=\"ez-toc-section-end\"><\/span><\/h3>\n<table style=\"width: 100%; border-collapse: collapse;\" border=\"0\">\n<tbody>\n<tr>\n<td style=\"width: 33.3333%;\"><a href=\"https:\/\/Traveling.com\/de\/blog\/flughaefen-new-hampshire\/\">Flugh\u00e4fen in New Hampshire<\/a><\/td>\n<td style=\"width: 33.3333%;\"><a href=\"https:\/\/Traveling.com\/de\/blog\/flughaefen-new-york\/\">Flugh\u00e4fen in New York<\/a><\/td>\n<td style=\"width: 33.3333%;\"><a href=\"https:\/\/Traveling.com\/de\/blog\/flughaefen-massachusetts\/\">Flugh\u00e4fen in Massachusetts<\/a><\/td>\n<\/tr>\n<\/tbody>\n<\/table>\n<h3><span class=\"ez-toc-section\" id=\"Karte_der_Flughafen_in_Vermont\"><\/span>Karte der Flugh\u00e4fen in Vermont<span class=\"ez-toc-section-end\"><\/span><\/h3>\n\n\n<iframe src=\"https:\/\/www.google.com\/maps\/d\/u\/0\/embed?mid=1QVOqYtZ1JMepSTjxV0haeh_DeQKO7_4-\" width=\"640\" height=\"480\"><\/iframe>\n","protected":false},"excerpt":{"rendered":"<p>Vermont ist der US-Bundesstaat an der Grenze zu Kanada. Der einzige nennenswerte Flughafen ist der in Burlington. Der zweitgr\u00f6\u00dfte Flughafen, der Flughafen Rutland, wickelt nur inl\u00e4ndische und internationale Fl\u00fcge ab. Da es nur 3 kommerzielle Flugh\u00e4fen in Vermont gibt, haben wir alternativ eine Tabelle mit nahegelegenen Flugh\u00e4fen in anderen Bundesstaaten hinzugef\u00fcgt. Au\u00dferdem befindet sich am [&hellip;]<\/p>\n<p><a class=\"more-link btn btn-primary\" href=\"https:\/\/traveling.com\/de\/blog\/flughaefen-vermont\/\"> Continue reading&#8230;<\/a><\/p>\n","protected":false},"author":1,"featured_media":0,"parent":0,"menu_order":0,"comment_status":"closed","ping_status":"closed","template":"","meta":[],"yoast_head":"<!-- This site is optimized with the Yoast SEO plugin v19.8 - https:\/\/yoast.com\/wordpress\/plugins\/seo\/ -->\n<title>Vermont Flugh\u00e4fen - IATA-Codes, Karte und Reiseinformationen<\/title>\n<meta name=\"description\" content=\"Eine vollst\u00e4ndige Liste aller Flugh\u00e4fen in Vermont mit ihren IATA-Codes, Flughafenstandorten auf der Karte und Passagierzahlen.\" \/>\n<meta name=\"robots\" content=\"index, follow, max-snippet:-1, max-image-preview:large, max-video-preview:-1\" \/>\n<link rel=\"canonical\" href=\"https:\/\/traveling.com\/de\/blog\/flughaefen-vermont\/\" \/>\n<meta property=\"og:locale\" content=\"en_GB\" \/>\n<meta property=\"og:type\" content=\"article\" \/>\n<meta property=\"og:title\" content=\"Vermont Flugh\u00e4fen - IATA-Codes, Karte und Reiseinformationen\" \/>\n<meta property=\"og:description\" content=\"Eine vollst\u00e4ndige Liste aller Flugh\u00e4fen in Vermont mit ihren IATA-Codes, Flughafenstandorten auf der Karte und Passagierzahlen.\" \/>\n<meta property=\"og:url\" content=\"https:\/\/traveling.com\/de\/blog\/flughaefen-vermont\/\" \/>\n<meta property=\"og:site_name\" content=\"Traveling.com Blog\" \/>\n<meta property=\"article:modified_time\" content=\"2025-03-24T10:57:21+00:00\" \/>\n<meta name=\"twitter:card\" content=\"summary_large_image\" \/>\n<meta name=\"twitter:label1\" content=\"Est. reading time\" \/>\n\t<meta name=\"twitter:data1\" content=\"1 minute\" \/>\n<script type=\"application\/ld+json\" class=\"yoast-schema-graph\">{\"@context\":\"https:\/\/schema.org\",\"@graph\":[{\"@type\":\"WebPage\",\"@id\":\"https:\/\/traveling.com\/de\/blog\/flughaefen-vermont\/\",\"url\":\"https:\/\/traveling.com\/de\/blog\/flughaefen-vermont\/\",\"name\":\"Vermont Flugh\u00e4fen - IATA-Codes, Karte und Reiseinformationen\",\"isPartOf\":{\"@id\":\"https:\/\/traveling.com\/de\/blog\/#website\"},\"datePublished\":\"2021-07-07T07:00:04+00:00\",\"dateModified\":\"2025-03-24T10:57:21+00:00\",\"description\":\"Eine vollst\u00e4ndige Liste aller Flugh\u00e4fen in Vermont mit ihren IATA-Codes, Flughafenstandorten auf der Karte und Passagierzahlen.\",\"breadcrumb\":{\"@id\":\"https:\/\/traveling.com\/de\/blog\/flughaefen-vermont\/#breadcrumb\"},\"inLanguage\":\"en-GB\",\"potentialAction\":[{\"@type\":\"ReadAction\",\"target\":[\"https:\/\/traveling.com\/de\/blog\/flughaefen-vermont\/\"]}]},{\"@type\":\"BreadcrumbList\",\"@id\":\"https:\/\/traveling.com\/de\/blog\/flughaefen-vermont\/#breadcrumb\",\"itemListElement\":[{\"@type\":\"ListItem\",\"position\":1,\"name\":\"Home\",\"item\":\"https:\/\/traveling.com\/de\/blog\/\"},{\"@type\":\"ListItem\",\"position\":2,\"name\":\"Flugh\u00e4fen in Vermont\"}]},{\"@type\":\"WebSite\",\"@id\":\"https:\/\/traveling.com\/de\/blog\/#website\",\"url\":\"https:\/\/traveling.com\/de\/blog\/\",\"name\":\"Traveling.com Blog\",\"description\":\"Dein Kompletter Reisef\u00fchrer\",\"potentialAction\":[{\"@type\":\"SearchAction\",\"target\":{\"@type\":\"EntryPoint\",\"urlTemplate\":\"https:\/\/traveling.com\/de\/blog\/?s={search_term_string}\"},\"query-input\":\"required name=search_term_string\"}],\"inLanguage\":\"en-GB\"}]}<\/script>\n<!-- \/ Yoast SEO plugin. -->","yoast_head_json":{"title":"Vermont Flugh\u00e4fen - IATA-Codes, Karte und Reiseinformationen","description":"Eine vollst\u00e4ndige Liste aller Flugh\u00e4fen in Vermont mit ihren IATA-Codes, Flughafenstandorten auf der Karte und Passagierzahlen.","robots":{"index":"index","follow":"follow","max-snippet":"max-snippet:-1","max-image-preview":"max-image-preview:large","max-video-preview":"max-video-preview:-1"},"canonical":"https:\/\/traveling.com\/de\/blog\/flughaefen-vermont\/","og_locale":"en_GB","og_type":"article","og_title":"Vermont Flugh\u00e4fen - IATA-Codes, Karte und Reiseinformationen","og_description":"Eine vollst\u00e4ndige Liste aller Flugh\u00e4fen in Vermont mit ihren IATA-Codes, Flughafenstandorten auf der Karte und Passagierzahlen.","og_url":"https:\/\/traveling.com\/de\/blog\/flughaefen-vermont\/","og_site_name":"Traveling.com Blog","article_modified_time":"2025-03-24T10:57:21+00:00","twitter_card":"summary_large_image","twitter_misc":{"Est. reading time":"1 minute"},"schema":{"@context":"https:\/\/schema.org","@graph":[{"@type":"WebPage","@id":"https:\/\/traveling.com\/de\/blog\/flughaefen-vermont\/","url":"https:\/\/traveling.com\/de\/blog\/flughaefen-vermont\/","name":"Vermont Flugh\u00e4fen - IATA-Codes, Karte und Reiseinformationen","isPartOf":{"@id":"https:\/\/traveling.com\/de\/blog\/#website"},"datePublished":"2021-07-07T07:00:04+00:00","dateModified":"2025-03-24T10:57:21+00:00","description":"Eine vollst\u00e4ndige Liste aller Flugh\u00e4fen in Vermont mit ihren IATA-Codes, Flughafenstandorten auf der Karte und Passagierzahlen.","breadcrumb":{"@id":"https:\/\/traveling.com\/de\/blog\/flughaefen-vermont\/#breadcrumb"},"inLanguage":"en-GB","potentialAction":[{"@type":"ReadAction","target":["https:\/\/traveling.com\/de\/blog\/flughaefen-vermont\/"]}]},{"@type":"BreadcrumbList","@id":"https:\/\/traveling.com\/de\/blog\/flughaefen-vermont\/#breadcrumb","itemListElement":[{"@type":"ListItem","position":1,"name":"Home","item":"https:\/\/traveling.com\/de\/blog\/"},{"@type":"ListItem","position":2,"name":"Flugh\u00e4fen in Vermont"}]},{"@type":"WebSite","@id":"https:\/\/traveling.com\/de\/blog\/#website","url":"https:\/\/traveling.com\/de\/blog\/","name":"Traveling.com Blog","description":"Dein Kompletter Reisef\u00fchrer","potentialAction":[{"@type":"SearchAction","target":{"@type":"EntryPoint","urlTemplate":"https:\/\/traveling.com\/de\/blog\/?s={search_term_string}"},"query-input":"required name=search_term_string"}],"inLanguage":"en-GB"}]}},"_links":{"self":[{"href":"https:\/\/traveling.com\/de\/blog\/wp-json\/wp\/v2\/pages\/8465"}],"collection":[{"href":"https:\/\/traveling.com\/de\/blog\/wp-json\/wp\/v2\/pages"}],"about":[{"href":"https:\/\/traveling.com\/de\/blog\/wp-json\/wp\/v2\/types\/page"}],"author":[{"embeddable":true,"href":"https:\/\/traveling.com\/de\/blog\/wp-json\/wp\/v2\/users\/1"}],"replies":[{"embeddable":true,"href":"https:\/\/traveling.com\/de\/blog\/wp-json\/wp\/v2\/comments?post=8465"}],"version-history":[{"count":2,"href":"https:\/\/traveling.com\/de\/blog\/wp-json\/wp\/v2\/pages\/8465\/revisions"}],"predecessor-version":[{"id":8593,"href":"https:\/\/traveling.com\/de\/blog\/wp-json\/wp\/v2\/pages\/8465\/revisions\/8593"}],"wp:attachment":[{"href":"https:\/\/traveling.com\/de\/blog\/wp-json\/wp\/v2\/media?parent=8465"}],"curies":[{"name":"wp","href":"https:\/\/api.w.org\/{rel}","templated":true}]}}