{"id":8473,"date":"2021-07-07T09:00:55","date_gmt":"2021-07-07T07:00:55","guid":{"rendered":"https:\/\/getbybus.com\/de\/blog\/?page_id=8473"},"modified":"2025-03-24T12:57:22","modified_gmt":"2025-03-24T10:57:22","slug":"flughaefen-west-virginia","status":"publish","type":"page","link":"https:\/\/traveling.com\/de\/blog\/flughaefen-west-virginia\/","title":{"rendered":"Flugh\u00e4fen in West Virginia"},"content":{"rendered":"<p>Alle Flugh\u00e4fen in West Virginia werden als <em>kleine<\/em>&#8211; oder <em>Nicht-Hub<\/em>-Flugh\u00e4fen kategorisiert. Sie haben nur Inlands- und Regionalfl\u00fcge in US-St\u00e4dte. Insgesamt gibt es <strong>in West Virginia 7 Flugh\u00e4fen<\/strong>, die Passagiere f\u00fcr kommerzielle und Charterfl\u00fcge nutzen k\u00f6nnen. Flughafen Yeager und Flughafen Tri-State sind die verkehrsreichsten im Bundesstaat. Um besser zu verstehen, wo sich die einzelnen Flugh\u00e4fen befinden, haben wir am Ende des Beitrags eine <strong>Karte der Flugh\u00e4fen<\/strong> hinzugef\u00fcgt.<\/p>\n<h3><span class=\"ez-toc-section\" id=\"Liste_der_Flughafen\"><\/span>Liste der Flugh\u00e4fen<span class=\"ez-toc-section-end\"><\/span><\/h3>\n<h4><span class=\"ez-toc-section\" id=\"Flughafen_Yeager_-_IATA-Code_-_CRW\"><\/span><b>Flughafen Yeager \u2013 IATA-Code \u2013 CRW<\/b><span class=\"ez-toc-section-end\"><\/span><\/h4>\n<ul>\n<li>St\u00e4dte in der N\u00e4he: Charleston (6 km)<\/li>\n<li>Fluggesellschaft(en): American, Delta, United, Spirit<\/li>\n<\/ul>\n<h4><span class=\"ez-toc-section\" id=\"Flughafen_Tri-State_-_IATA-Code_-_HTS\"><\/span><b>Flughafen <\/b><b>Tri-State <\/b><b>\u2013 IATA-Code \u2013 HTS<\/b><span class=\"ez-toc-section-end\"><\/span><\/h4>\n<ul>\n<li>Auch genannt: Milton J. Ferguson Field<\/li>\n<li>St\u00e4dte in der N\u00e4he: Huntington (5 km)<\/li>\n<li>Fluggesellschaft(en): Allegiant Air, American Eagle<\/li>\n<\/ul>\n<h4><span class=\"ez-toc-section\" id=\"Flughafen_North_Central_West_Virginia_-_IATA-Code_-_CKB\"><\/span><b>Flughafen North Central West Virginia \u2013 IATA-Code \u2013 CKB<\/b><span class=\"ez-toc-section-end\"><\/span><\/h4>\n<ul>\n<li>Auch genannt: Harrison-Marion Regional<\/li>\n<li>St\u00e4dte in der N\u00e4he: Bridgeport (1,5 km), Clarksburg (8 km)<\/li>\n<li>Fluggesellschaft(en): Allegiant Air, United Express<\/li>\n<\/ul>\n<h4><span class=\"ez-toc-section\" id=\"Stadtischer_Flughafen_Morgantown_-_IATA-Code_-_MGW\"><\/span><b>St\u00e4dtischer Flughafen Morgantown \u2013 IATA-Code \u2013 MGW<\/b><span class=\"ez-toc-section-end\"><\/span><\/h4>\n<ul>\n<li>Auch genannt: Walter L. Bill Hart Field<\/li>\n<li>St\u00e4dte in der N\u00e4he: Morgantown (5 km)<\/li>\n<li>Fluggesellschaft(en): Southern Airways<\/li>\n<\/ul>\n<h4><span class=\"ez-toc-section\" id=\"Flughafen_Raleigh_County_Memorial_-_IATA-Code_-_BKW\"><\/span><b>Flughafen <\/b><b>Raleigh County Memorial \u2013 IATA-Code \u2013 BKW<\/b><span class=\"ez-toc-section-end\"><\/span><\/h4>\n<ul>\n<li>St\u00e4dte in der N\u00e4he: Beckley (5 km)<\/li>\n<li>Fluggesellschaft(en): Contour Airlines<\/li>\n<\/ul>\n<h4><span class=\"ez-toc-section\" id=\"Flughafen_Greenbrier_Valley_-_IATA-Code_-_LWB\"><\/span><b>Flughafen Greenbrier Valley \u2013 IATA-Code \u2013 LWB<\/b><span class=\"ez-toc-section-end\"><\/span><\/h4>\n<ul>\n<li>St\u00e4dte in der N\u00e4he: Lewisburg (5 km)<\/li>\n<li>Fluggesellschaft(en): United Express<\/li>\n<\/ul>\n<h4><span class=\"ez-toc-section\" id=\"Regionalflughafen_Mid-Ohio_Valley_-_IATA-Code_-_PKB\"><\/span><b>Regionalflughafen Mid-Ohio Valley \u2013 IATA-Code \u2013 PKB<\/b><span class=\"ez-toc-section-end\"><\/span><\/h4>\n<ul>\n<li>Auch genannt: Wood County Airport; Gill Robb Wilson Field<\/li>\n<li>St\u00e4dte in der N\u00e4he: Parkersburg (10 km)<\/li>\n<li>Fluggesellschaft(en): Contour Airlines<\/li>\n<\/ul>\n<h3><span class=\"ez-toc-section\" id=\"Flughafen_in_Nachbarstaaten\"><\/span>Flugh\u00e4fen in Nachbarstaaten<span class=\"ez-toc-section-end\"><\/span><\/h3>\n<table style=\"width: 100%; border-collapse: collapse;\" border=\"0\">\n<tbody>\n<tr style=\"height: 44px;\">\n<td style=\"width: 20%; height: 44px;\"><a href=\"https:\/\/Traveling.com\/de\/blog\/flughaefen-virginia\/\">Flugh\u00e4fen in Virginia<\/a><\/td>\n<td style=\"width: 20%; height: 44px;\"><a href=\"https:\/\/Traveling.com\/de\/blog\/flughaefen-ohio\/\">Flugh\u00e4fen in Ohio<\/a><\/td>\n<td style=\"width: 20%; height: 44px;\"><a href=\"https:\/\/Traveling.com\/de\/blog\/flughaefen-pennsylvania\/\">Flugh\u00e4fen in Pennsylvania<\/a><\/td>\n<td style=\"width: 20%; height: 44px;\"><a href=\"https:\/\/Traveling.com\/de\/blog\/flughaefen-maryland\/\">Flugh\u00e4fen in Marlyand<\/a><\/td>\n<td style=\"width: 20%; height: 44px;\"><a href=\"https:\/\/Traveling.com\/de\/blog\/flughaefen-kentucky\/\">Flugh\u00e4fen in Kentucky<\/a><\/td>\n<\/tr>\n<\/tbody>\n<\/table>\n<h3><span class=\"ez-toc-section\" id=\"Karte_der_Flughafen_in_West_Virginia\"><\/span>Karte der Flugh\u00e4fen in West Virginia<span class=\"ez-toc-section-end\"><\/span><\/h3>\n\n\n<iframe src=\"https:\/\/www.google.com\/maps\/d\/u\/0\/embed?mid=1sGN3fgUy-_VEvf98vxInXUFv4L_lrrcx\" width=\"640\" height=\"480\"><\/iframe>\n","protected":false},"excerpt":{"rendered":"<p>Alle Flugh\u00e4fen in West Virginia werden als kleine&#8211; oder Nicht-Hub-Flugh\u00e4fen kategorisiert. Sie haben nur Inlands- und Regionalfl\u00fcge in US-St\u00e4dte. Insgesamt gibt es in West Virginia 7 Flugh\u00e4fen, die Passagiere f\u00fcr kommerzielle und Charterfl\u00fcge nutzen k\u00f6nnen. Flughafen Yeager und Flughafen Tri-State sind die verkehrsreichsten im Bundesstaat. Um besser zu verstehen, wo sich die einzelnen Flugh\u00e4fen befinden, [&hellip;]<\/p>\n<p><a class=\"more-link btn btn-primary\" href=\"https:\/\/traveling.com\/de\/blog\/flughaefen-west-virginia\/\"> Continue reading&#8230;<\/a><\/p>\n","protected":false},"author":1,"featured_media":0,"parent":0,"menu_order":0,"comment_status":"closed","ping_status":"closed","template":"","meta":[],"yoast_head":"<!-- This site is optimized with the Yoast SEO plugin v19.8 - https:\/\/yoast.com\/wordpress\/plugins\/seo\/ -->\n<title>West Virginia Flugh\u00e4fen - IATA-Codes, Karte und Reiseinformationen<\/title>\n<meta name=\"description\" content=\"Eine vollst\u00e4ndige Liste aller Flugh\u00e4fen in West Virginia mit ihren IATA-Codes, Flughafenstandorten auf der Karte und Passagierzahlen.\" \/>\n<meta name=\"robots\" content=\"index, follow, max-snippet:-1, max-image-preview:large, max-video-preview:-1\" \/>\n<link rel=\"canonical\" href=\"https:\/\/traveling.com\/de\/blog\/flughaefen-west-virginia\/\" \/>\n<meta property=\"og:locale\" content=\"en_GB\" \/>\n<meta property=\"og:type\" content=\"article\" \/>\n<meta property=\"og:title\" content=\"West Virginia Flugh\u00e4fen - IATA-Codes, Karte und Reiseinformationen\" \/>\n<meta property=\"og:description\" content=\"Eine vollst\u00e4ndige Liste aller Flugh\u00e4fen in West Virginia mit ihren IATA-Codes, Flughafenstandorten auf der Karte und Passagierzahlen.\" \/>\n<meta property=\"og:url\" content=\"https:\/\/traveling.com\/de\/blog\/flughaefen-west-virginia\/\" \/>\n<meta property=\"og:site_name\" content=\"Traveling.com Blog\" \/>\n<meta property=\"article:modified_time\" content=\"2025-03-24T10:57:22+00:00\" \/>\n<meta name=\"twitter:card\" content=\"summary_large_image\" \/>\n<meta name=\"twitter:label1\" content=\"Est. reading time\" \/>\n\t<meta name=\"twitter:data1\" content=\"1 minute\" \/>\n<script type=\"application\/ld+json\" class=\"yoast-schema-graph\">{\"@context\":\"https:\/\/schema.org\",\"@graph\":[{\"@type\":\"WebPage\",\"@id\":\"https:\/\/traveling.com\/de\/blog\/flughaefen-west-virginia\/\",\"url\":\"https:\/\/traveling.com\/de\/blog\/flughaefen-west-virginia\/\",\"name\":\"West Virginia Flugh\u00e4fen - IATA-Codes, Karte und Reiseinformationen\",\"isPartOf\":{\"@id\":\"https:\/\/traveling.com\/de\/blog\/#website\"},\"datePublished\":\"2021-07-07T07:00:55+00:00\",\"dateModified\":\"2025-03-24T10:57:22+00:00\",\"description\":\"Eine vollst\u00e4ndige Liste aller Flugh\u00e4fen in West Virginia mit ihren IATA-Codes, Flughafenstandorten auf der Karte und Passagierzahlen.\",\"breadcrumb\":{\"@id\":\"https:\/\/traveling.com\/de\/blog\/flughaefen-west-virginia\/#breadcrumb\"},\"inLanguage\":\"en-GB\",\"potentialAction\":[{\"@type\":\"ReadAction\",\"target\":[\"https:\/\/traveling.com\/de\/blog\/flughaefen-west-virginia\/\"]}]},{\"@type\":\"BreadcrumbList\",\"@id\":\"https:\/\/traveling.com\/de\/blog\/flughaefen-west-virginia\/#breadcrumb\",\"itemListElement\":[{\"@type\":\"ListItem\",\"position\":1,\"name\":\"Home\",\"item\":\"https:\/\/traveling.com\/de\/blog\/\"},{\"@type\":\"ListItem\",\"position\":2,\"name\":\"Flugh\u00e4fen in West Virginia\"}]},{\"@type\":\"WebSite\",\"@id\":\"https:\/\/traveling.com\/de\/blog\/#website\",\"url\":\"https:\/\/traveling.com\/de\/blog\/\",\"name\":\"Traveling.com Blog\",\"description\":\"Dein Kompletter Reisef\u00fchrer\",\"potentialAction\":[{\"@type\":\"SearchAction\",\"target\":{\"@type\":\"EntryPoint\",\"urlTemplate\":\"https:\/\/traveling.com\/de\/blog\/?s={search_term_string}\"},\"query-input\":\"required name=search_term_string\"}],\"inLanguage\":\"en-GB\"}]}<\/script>\n<!-- \/ Yoast SEO plugin. -->","yoast_head_json":{"title":"West Virginia Flugh\u00e4fen - IATA-Codes, Karte und Reiseinformationen","description":"Eine vollst\u00e4ndige Liste aller Flugh\u00e4fen in West Virginia mit ihren IATA-Codes, Flughafenstandorten auf der Karte und Passagierzahlen.","robots":{"index":"index","follow":"follow","max-snippet":"max-snippet:-1","max-image-preview":"max-image-preview:large","max-video-preview":"max-video-preview:-1"},"canonical":"https:\/\/traveling.com\/de\/blog\/flughaefen-west-virginia\/","og_locale":"en_GB","og_type":"article","og_title":"West Virginia Flugh\u00e4fen - IATA-Codes, Karte und Reiseinformationen","og_description":"Eine vollst\u00e4ndige Liste aller Flugh\u00e4fen in West Virginia mit ihren IATA-Codes, Flughafenstandorten auf der Karte und Passagierzahlen.","og_url":"https:\/\/traveling.com\/de\/blog\/flughaefen-west-virginia\/","og_site_name":"Traveling.com Blog","article_modified_time":"2025-03-24T10:57:22+00:00","twitter_card":"summary_large_image","twitter_misc":{"Est. reading time":"1 minute"},"schema":{"@context":"https:\/\/schema.org","@graph":[{"@type":"WebPage","@id":"https:\/\/traveling.com\/de\/blog\/flughaefen-west-virginia\/","url":"https:\/\/traveling.com\/de\/blog\/flughaefen-west-virginia\/","name":"West Virginia Flugh\u00e4fen - IATA-Codes, Karte und Reiseinformationen","isPartOf":{"@id":"https:\/\/traveling.com\/de\/blog\/#website"},"datePublished":"2021-07-07T07:00:55+00:00","dateModified":"2025-03-24T10:57:22+00:00","description":"Eine vollst\u00e4ndige Liste aller Flugh\u00e4fen in West Virginia mit ihren IATA-Codes, Flughafenstandorten auf der Karte und Passagierzahlen.","breadcrumb":{"@id":"https:\/\/traveling.com\/de\/blog\/flughaefen-west-virginia\/#breadcrumb"},"inLanguage":"en-GB","potentialAction":[{"@type":"ReadAction","target":["https:\/\/traveling.com\/de\/blog\/flughaefen-west-virginia\/"]}]},{"@type":"BreadcrumbList","@id":"https:\/\/traveling.com\/de\/blog\/flughaefen-west-virginia\/#breadcrumb","itemListElement":[{"@type":"ListItem","position":1,"name":"Home","item":"https:\/\/traveling.com\/de\/blog\/"},{"@type":"ListItem","position":2,"name":"Flugh\u00e4fen in West Virginia"}]},{"@type":"WebSite","@id":"https:\/\/traveling.com\/de\/blog\/#website","url":"https:\/\/traveling.com\/de\/blog\/","name":"Traveling.com Blog","description":"Dein Kompletter Reisef\u00fchrer","potentialAction":[{"@type":"SearchAction","target":{"@type":"EntryPoint","urlTemplate":"https:\/\/traveling.com\/de\/blog\/?s={search_term_string}"},"query-input":"required name=search_term_string"}],"inLanguage":"en-GB"}]}},"_links":{"self":[{"href":"https:\/\/traveling.com\/de\/blog\/wp-json\/wp\/v2\/pages\/8473"}],"collection":[{"href":"https:\/\/traveling.com\/de\/blog\/wp-json\/wp\/v2\/pages"}],"about":[{"href":"https:\/\/traveling.com\/de\/blog\/wp-json\/wp\/v2\/types\/page"}],"author":[{"embeddable":true,"href":"https:\/\/traveling.com\/de\/blog\/wp-json\/wp\/v2\/users\/1"}],"replies":[{"embeddable":true,"href":"https:\/\/traveling.com\/de\/blog\/wp-json\/wp\/v2\/comments?post=8473"}],"version-history":[{"count":2,"href":"https:\/\/traveling.com\/de\/blog\/wp-json\/wp\/v2\/pages\/8473\/revisions"}],"predecessor-version":[{"id":8599,"href":"https:\/\/traveling.com\/de\/blog\/wp-json\/wp\/v2\/pages\/8473\/revisions\/8599"}],"wp:attachment":[{"href":"https:\/\/traveling.com\/de\/blog\/wp-json\/wp\/v2\/media?parent=8473"}],"curies":[{"name":"wp","href":"https:\/\/api.w.org\/{rel}","templated":true}]}}