{"id":8480,"date":"2021-07-07T09:00:00","date_gmt":"2021-07-07T07:00:00","guid":{"rendered":"https:\/\/getbybus.com\/de\/blog\/?page_id=8480"},"modified":"2025-03-24T12:53:17","modified_gmt":"2025-03-24T10:53:17","slug":"flughaefen-amerikanisch-samoa","status":"publish","type":"page","link":"https:\/\/traveling.com\/de\/blog\/flughaefen-amerikanisch-samoa\/","title":{"rendered":"Flugh\u00e4fen in Amerikanisch-Samoa"},"content":{"rendered":"<p><strong>Amerikanisch-Samoa<\/strong>, ein nicht rechtsf\u00e4higes US-Territorium, hat nur einen Flughafen mit Linienfl\u00fcgen. Der Flughafen Pago Pago bietet regelm\u00e4\u00dfige inl\u00e4ndische und internationale Fl\u00fcge zu diesem Inselstandort an. Es gibt noch zwei weitere Flugh\u00e4fen in Amerikanisch-Samoa f\u00fcr die allgemeine Luftfahrt, aber wir haben sie hier nicht ber\u00fccksichtigt, da sie keine kommerziellen Fl\u00fcge anbieten. Den Lageplan des Flughafens finden Sie auf der Karte am Ende des Beitrags.<\/p>\n<h4><strong>Internationaler Flughafen Pago Pago \u2013 IATA-Code \u2013 PPG<\/strong><\/h4>\n<ul>\n<li>Auch genannt: Flughafen Tafuna<\/li>\n<li>Nahe gelegene Stadt(e): Pago Pago (11 km)<\/li>\n<li>Fluggesellschaft(en): Hawaiian Airlines, Inter Island Airways, Talofa Airways, Samoa Airways<\/li>\n<\/ul>\n<h3>Karte der Flugh\u00e4fen in Amerikanisch-Samoa<\/h3>\n\n\n<iframe src=\"https:\/\/www.google.com\/maps\/d\/u\/0\/embed?mid=1sYcmzpLcF-cjyEMb8IsFoMPnUknhN9Uy\" width=\"640\" height=\"480\"><\/iframe>\n","protected":false},"excerpt":{"rendered":"<p>Amerikanisch-Samoa, ein nicht rechtsf\u00e4higes US-Territorium, hat nur einen Flughafen mit Linienfl\u00fcgen. Der Flughafen Pago Pago bietet regelm\u00e4\u00dfige inl\u00e4ndische und internationale Fl\u00fcge zu diesem Inselstandort an. Es gibt noch zwei weitere Flugh\u00e4fen in Amerikanisch-Samoa f\u00fcr die allgemeine Luftfahrt, aber wir haben sie hier nicht ber\u00fccksichtigt, da sie keine kommerziellen Fl\u00fcge anbieten. Den Lageplan des Flughafens finden [&hellip;]<\/p>\n<p><a class=\"more-link btn btn-primary\" href=\"https:\/\/traveling.com\/de\/blog\/flughaefen-amerikanisch-samoa\/\"> Continue reading&#8230;<\/a><\/p>\n","protected":false},"author":1,"featured_media":0,"parent":0,"menu_order":0,"comment_status":"closed","ping_status":"closed","template":"","meta":[],"yoast_head":"<!-- This site is optimized with the Yoast SEO plugin v19.8 - https:\/\/yoast.com\/wordpress\/plugins\/seo\/ -->\n<title>Amerikanisch-Samoa Flugh\u00e4fen - IATA-Codes, Karte und Reiseinfos<\/title>\n<meta name=\"description\" content=\"Eine vollst\u00e4ndige Liste aller Flugh\u00e4fen in Amerikanisch-Samoa mit ihren IATA-Codes, Flughafenstandorten auf der Karte und Passagierzahlen.\" \/>\n<meta name=\"robots\" content=\"index, follow, max-snippet:-1, max-image-preview:large, max-video-preview:-1\" \/>\n<link rel=\"canonical\" href=\"https:\/\/traveling.com\/de\/blog\/flughaefen-amerikanisch-samoa\/\" \/>\n<meta property=\"og:locale\" content=\"en_GB\" \/>\n<meta property=\"og:type\" content=\"article\" \/>\n<meta property=\"og:title\" content=\"Amerikanisch-Samoa Flugh\u00e4fen - IATA-Codes, Karte und Reiseinfos\" \/>\n<meta property=\"og:description\" content=\"Eine vollst\u00e4ndige Liste aller Flugh\u00e4fen in Amerikanisch-Samoa mit ihren IATA-Codes, Flughafenstandorten auf der Karte und Passagierzahlen.\" \/>\n<meta property=\"og:url\" content=\"https:\/\/traveling.com\/de\/blog\/flughaefen-amerikanisch-samoa\/\" \/>\n<meta property=\"og:site_name\" content=\"Traveling.com Blog\" \/>\n<meta property=\"article:modified_time\" content=\"2025-03-24T10:53:17+00:00\" \/>\n<meta name=\"twitter:card\" content=\"summary_large_image\" \/>\n<meta name=\"twitter:label1\" content=\"Est. reading time\" \/>\n\t<meta name=\"twitter:data1\" content=\"1 minute\" \/>\n<script type=\"application\/ld+json\" class=\"yoast-schema-graph\">{\"@context\":\"https:\/\/schema.org\",\"@graph\":[{\"@type\":\"WebPage\",\"@id\":\"https:\/\/traveling.com\/de\/blog\/flughaefen-amerikanisch-samoa\/\",\"url\":\"https:\/\/traveling.com\/de\/blog\/flughaefen-amerikanisch-samoa\/\",\"name\":\"Amerikanisch-Samoa Flugh\u00e4fen - IATA-Codes, Karte und Reiseinfos\",\"isPartOf\":{\"@id\":\"https:\/\/traveling.com\/de\/blog\/#website\"},\"datePublished\":\"2021-07-07T07:00:00+00:00\",\"dateModified\":\"2025-03-24T10:53:17+00:00\",\"description\":\"Eine vollst\u00e4ndige Liste aller Flugh\u00e4fen in Amerikanisch-Samoa mit ihren IATA-Codes, Flughafenstandorten auf der Karte und Passagierzahlen.\",\"breadcrumb\":{\"@id\":\"https:\/\/traveling.com\/de\/blog\/flughaefen-amerikanisch-samoa\/#breadcrumb\"},\"inLanguage\":\"en-GB\",\"potentialAction\":[{\"@type\":\"ReadAction\",\"target\":[\"https:\/\/traveling.com\/de\/blog\/flughaefen-amerikanisch-samoa\/\"]}]},{\"@type\":\"BreadcrumbList\",\"@id\":\"https:\/\/traveling.com\/de\/blog\/flughaefen-amerikanisch-samoa\/#breadcrumb\",\"itemListElement\":[{\"@type\":\"ListItem\",\"position\":1,\"name\":\"Home\",\"item\":\"https:\/\/traveling.com\/de\/blog\/\"},{\"@type\":\"ListItem\",\"position\":2,\"name\":\"Flugh\u00e4fen in Amerikanisch-Samoa\"}]},{\"@type\":\"WebSite\",\"@id\":\"https:\/\/traveling.com\/de\/blog\/#website\",\"url\":\"https:\/\/traveling.com\/de\/blog\/\",\"name\":\"Traveling.com Blog\",\"description\":\"Dein Kompletter Reisef\u00fchrer\",\"potentialAction\":[{\"@type\":\"SearchAction\",\"target\":{\"@type\":\"EntryPoint\",\"urlTemplate\":\"https:\/\/traveling.com\/de\/blog\/?s={search_term_string}\"},\"query-input\":\"required name=search_term_string\"}],\"inLanguage\":\"en-GB\"}]}<\/script>\n<!-- \/ Yoast SEO plugin. -->","yoast_head_json":{"title":"Amerikanisch-Samoa Flugh\u00e4fen - IATA-Codes, Karte und Reiseinfos","description":"Eine vollst\u00e4ndige Liste aller Flugh\u00e4fen in Amerikanisch-Samoa mit ihren IATA-Codes, Flughafenstandorten auf der Karte und Passagierzahlen.","robots":{"index":"index","follow":"follow","max-snippet":"max-snippet:-1","max-image-preview":"max-image-preview:large","max-video-preview":"max-video-preview:-1"},"canonical":"https:\/\/traveling.com\/de\/blog\/flughaefen-amerikanisch-samoa\/","og_locale":"en_GB","og_type":"article","og_title":"Amerikanisch-Samoa Flugh\u00e4fen - IATA-Codes, Karte und Reiseinfos","og_description":"Eine vollst\u00e4ndige Liste aller Flugh\u00e4fen in Amerikanisch-Samoa mit ihren IATA-Codes, Flughafenstandorten auf der Karte und Passagierzahlen.","og_url":"https:\/\/traveling.com\/de\/blog\/flughaefen-amerikanisch-samoa\/","og_site_name":"Traveling.com Blog","article_modified_time":"2025-03-24T10:53:17+00:00","twitter_card":"summary_large_image","twitter_misc":{"Est. reading time":"1 minute"},"schema":{"@context":"https:\/\/schema.org","@graph":[{"@type":"WebPage","@id":"https:\/\/traveling.com\/de\/blog\/flughaefen-amerikanisch-samoa\/","url":"https:\/\/traveling.com\/de\/blog\/flughaefen-amerikanisch-samoa\/","name":"Amerikanisch-Samoa Flugh\u00e4fen - IATA-Codes, Karte und Reiseinfos","isPartOf":{"@id":"https:\/\/traveling.com\/de\/blog\/#website"},"datePublished":"2021-07-07T07:00:00+00:00","dateModified":"2025-03-24T10:53:17+00:00","description":"Eine vollst\u00e4ndige Liste aller Flugh\u00e4fen in Amerikanisch-Samoa mit ihren IATA-Codes, Flughafenstandorten auf der Karte und Passagierzahlen.","breadcrumb":{"@id":"https:\/\/traveling.com\/de\/blog\/flughaefen-amerikanisch-samoa\/#breadcrumb"},"inLanguage":"en-GB","potentialAction":[{"@type":"ReadAction","target":["https:\/\/traveling.com\/de\/blog\/flughaefen-amerikanisch-samoa\/"]}]},{"@type":"BreadcrumbList","@id":"https:\/\/traveling.com\/de\/blog\/flughaefen-amerikanisch-samoa\/#breadcrumb","itemListElement":[{"@type":"ListItem","position":1,"name":"Home","item":"https:\/\/traveling.com\/de\/blog\/"},{"@type":"ListItem","position":2,"name":"Flugh\u00e4fen in Amerikanisch-Samoa"}]},{"@type":"WebSite","@id":"https:\/\/traveling.com\/de\/blog\/#website","url":"https:\/\/traveling.com\/de\/blog\/","name":"Traveling.com Blog","description":"Dein Kompletter Reisef\u00fchrer","potentialAction":[{"@type":"SearchAction","target":{"@type":"EntryPoint","urlTemplate":"https:\/\/traveling.com\/de\/blog\/?s={search_term_string}"},"query-input":"required name=search_term_string"}],"inLanguage":"en-GB"}]}},"_links":{"self":[{"href":"https:\/\/traveling.com\/de\/blog\/wp-json\/wp\/v2\/pages\/8480"}],"collection":[{"href":"https:\/\/traveling.com\/de\/blog\/wp-json\/wp\/v2\/pages"}],"about":[{"href":"https:\/\/traveling.com\/de\/blog\/wp-json\/wp\/v2\/types\/page"}],"author":[{"embeddable":true,"href":"https:\/\/traveling.com\/de\/blog\/wp-json\/wp\/v2\/users\/1"}],"replies":[{"embeddable":true,"href":"https:\/\/traveling.com\/de\/blog\/wp-json\/wp\/v2\/comments?post=8480"}],"version-history":[{"count":2,"href":"https:\/\/traveling.com\/de\/blog\/wp-json\/wp\/v2\/pages\/8480\/revisions"}],"predecessor-version":[{"id":8482,"href":"https:\/\/traveling.com\/de\/blog\/wp-json\/wp\/v2\/pages\/8480\/revisions\/8482"}],"wp:attachment":[{"href":"https:\/\/traveling.com\/de\/blog\/wp-json\/wp\/v2\/media?parent=8480"}],"curies":[{"name":"wp","href":"https:\/\/api.w.org\/{rel}","templated":true}]}}