{"id":8489,"date":"2021-07-07T09:00:51","date_gmt":"2021-07-07T07:00:51","guid":{"rendered":"https:\/\/getbybus.com\/de\/blog\/?page_id=8489"},"modified":"2025-03-24T12:54:14","modified_gmt":"2025-03-24T10:54:14","slug":"flughaefen-puerto-rico","status":"publish","type":"page","link":"https:\/\/traveling.com\/de\/blog\/flughaefen-puerto-rico\/","title":{"rendered":"Flugh\u00e4fen in Puerto Rico"},"content":{"rendered":"<p><strong>Puerto Rico<\/strong> ist ein beliebtes Touristenziel, also kein Wunder, dass es mehrere Flugh\u00e4fen gibt, aus denen Sie w\u00e4hlen k\u00f6nnen, wenn Sie zu diesem Ziel reisen. Insgesamt gibt es <strong>8 Flugh\u00e4fen in Puerto Rico<\/strong> mit Linienfl\u00fcgen. Nachfolgend finden Sie die vollst\u00e4ndige Liste der Flugh\u00e4fen, geordnet nach der Anzahl der j\u00e4hrlichen Passagiere. Sehen Sie sich die <strong>Karte der Flugh\u00e4fen in Puerto Rico<\/strong> am Ende dieses Beitrags an.<\/p>\n<h3><span class=\"ez-toc-section\" id=\"Liste_der_Flughafen\"><\/span>Liste der Flugh\u00e4fen<span class=\"ez-toc-section-end\"><\/span><\/h3>\n<h4><span class=\"ez-toc-section\" id=\"Internationaler_Flughafen_San_Juan_Luis_Munoz_Marin_-_IATA-Code_-_SJU_8_Mio_Passagiere\"><\/span><b>Internationaler Flughafen San Juan Luis Mu\u00f1oz Mar\u00edn \u2013 IATA-Code \u2013 SJU (~ 8 Mio. Passagiere)<\/b><span class=\"ez-toc-section-end\"><\/span><\/h4>\n<p><strong>Der Flughafen San Juan<\/strong> ist der gr\u00f6\u00dfte Flughafen in Puerto Rico und befindet sich im Vorort Carolina, 5 km s\u00fcd\u00f6stlich von San Juan. Der Flughafen fertigt j\u00e4hrlich etwa 8 Millionen Passagiere ab, haupts\u00e4chlich von jetBlue, American und Southwest Airlines. Daneben gibt es noch andere Fluggesellschaften, die ganzj\u00e4hrige und saisonale Fl\u00fcge anbieten. Der Flughafen dient auch als Zufluchtsort in die Karibik. Was den Transport angeht, k\u00f6nnen die Passagiere zwischen Taxis, Taxis und Mietwagen w\u00e4hlen.<\/p>\n<h4><span class=\"ez-toc-section\" id=\"Internationaler_Flughafen_Rafael_Hernandez_-_IATA-Code_-_BQN\"><\/span><b>Internationaler Flughafen Rafael Hern\u00e1ndez \u2013 IATA-Code \u2013 BQN<\/b><span class=\"ez-toc-section-end\"><\/span><\/h4>\n<ul>\n<li>St\u00e4dte in der N\u00e4he: Aguadilla (9 km)<\/li>\n<li>Fluggesellschaft(en): jetBlue, Spirit, Prinair<\/li>\n<\/ul>\n<h4><span class=\"ez-toc-section\" id=\"Internationaler_Flughafen_Mercedita_-_IATA-Code_-_AIM\"><\/span><b>Internationaler Flughafen Mercedita \u2013 IATA-Code \u2013 AIM<\/b><span class=\"ez-toc-section-end\"><\/span><\/h4>\n<ul>\n<li>St\u00e4dte in der N\u00e4he: Ponce (6 km)<\/li>\n<li>Fluggesellschaft(en): jetBlue<\/li>\n<\/ul>\n<h4><span class=\"ez-toc-section\" id=\"Flughafen_Antonio_Rivera_Rodriguez_-_IATA-Code_-_VQS\"><\/span><b>Flughafen Antonio Rivera Rodr\u00edguez \u2013 IATA-Code \u2013 VQS<\/b><span class=\"ez-toc-section-end\"><\/span><\/h4>\n<ul>\n<li>St\u00e4dte in der N\u00e4he: Vieques Island<\/li>\n<li>Fluggesellschaft(en): Cape Air, Air Sunshine, Air Flamenco, Vieques Air Link<\/li>\n<\/ul>\n<h4><span class=\"ez-toc-section\" id=\"Flughafen_Jose_Aponte_de_la_Torre_-_IATA-Code_-_NRR\"><\/span><b>Flughafen Jos\u00e9 Aponte de la Torre \u2013 IATA-Code \u2013 NRR<\/b><span class=\"ez-toc-section-end\"><\/span><\/h4>\n<ul>\n<li>St\u00e4dte in der N\u00e4he: Ceiba (4 km)<\/li>\n<li>Fluggesellschaft(en): Air Flamenco, Vieques Air Link<\/li>\n<\/ul>\n<h4><span class=\"ez-toc-section\" id=\"Flughafen_Benjamin_Rivera_Noriega_-_IATA-Code_-_CPX\"><\/span><b>Flughafen Benjam\u00edn Rivera Noriega \u2013 IATA-Code \u2013 CPX<\/b><span class=\"ez-toc-section-end\"><\/span><\/h4>\n<ul>\n<li>St\u00e4dte in der N\u00e4he: Insel Culebra<\/li>\n<li>Fluggesellschaft(en): Air Flamenco, Vieques Air Link, Cape Air<\/li>\n<\/ul>\n<h4><span class=\"ez-toc-section\" id=\"Flughafen_Fernando_Luis_Ribas_Dominicci_-_IATA-Code_-_SIG\"><\/span><b>Flughafen Fernando Luis Ribas Dominicci \u2013 IATA-Code \u2013 SIG<\/b><span class=\"ez-toc-section-end\"><\/span><\/h4>\n<ul>\n<li>Auch genannt: Flughafen Isla Grande<\/li>\n<li>St\u00e4dte in der N\u00e4he: Tinian Island<\/li>\n<li>Fluggesellschaft(en): Air Flamenco, Vieques Air Link<\/li>\n<\/ul>\n<h4><span class=\"ez-toc-section\" id=\"Flughafen_Eugenio_Maria_de_Hostos_-_IATA-Code_-_MAZ\"><\/span><b>Flughafen Eugenio Mar\u00eda de Hostos \u2013 IATA-Code \u2013 MAZ<\/b><span class=\"ez-toc-section-end\"><\/span><\/h4>\n<ul>\n<li>St\u00e4dte in der N\u00e4he: Mayag\u00fcez (6 km)<\/li>\n<li>Fluggesellschaft(en): Cape Air<\/li>\n<\/ul>\n<h3><span class=\"ez-toc-section\" id=\"Karte_der_Flughafen_in_Puerto_Rico\"><\/span>Karte der Flugh\u00e4fen in Puerto Rico<span class=\"ez-toc-section-end\"><\/span><\/h3>\n\n\n<iframe src=\"https:\/\/www.google.com\/maps\/d\/u\/0\/embed?mid=10ICR9S8-tr1hLYq1dnMZNMTXVkCZXltT\" width=\"640\" height=\"480\"><\/iframe>\n","protected":false},"excerpt":{"rendered":"<p>Puerto Rico ist ein beliebtes Touristenziel, also kein Wunder, dass es mehrere Flugh\u00e4fen gibt, aus denen Sie w\u00e4hlen k\u00f6nnen, wenn Sie zu diesem Ziel reisen. Insgesamt gibt es 8 Flugh\u00e4fen in Puerto Rico mit Linienfl\u00fcgen. Nachfolgend finden Sie die vollst\u00e4ndige Liste der Flugh\u00e4fen, geordnet nach der Anzahl der j\u00e4hrlichen Passagiere. Sehen Sie sich die Karte [&hellip;]<\/p>\n<p><a class=\"more-link btn btn-primary\" href=\"https:\/\/traveling.com\/de\/blog\/flughaefen-puerto-rico\/\"> Continue reading&#8230;<\/a><\/p>\n","protected":false},"author":1,"featured_media":0,"parent":0,"menu_order":0,"comment_status":"closed","ping_status":"closed","template":"","meta":[],"yoast_head":"<!-- This site is optimized with the Yoast SEO plugin v19.8 - https:\/\/yoast.com\/wordpress\/plugins\/seo\/ -->\n<title>Puerto Rico Flugh\u00e4fen - IATA-Codes, Karte und Reiseinformationen<\/title>\n<meta name=\"description\" content=\"Eine vollst\u00e4ndige Liste aller Flugh\u00e4fen in Puerto Rico mit ihren IATA-Codes, Flughafenstandorten auf der Karte und Passagierzahlen.\" \/>\n<meta name=\"robots\" content=\"index, follow, max-snippet:-1, max-image-preview:large, max-video-preview:-1\" \/>\n<link rel=\"canonical\" href=\"https:\/\/traveling.com\/de\/blog\/flughaefen-puerto-rico\/\" \/>\n<meta property=\"og:locale\" content=\"en_GB\" \/>\n<meta property=\"og:type\" content=\"article\" \/>\n<meta property=\"og:title\" content=\"Puerto Rico Flugh\u00e4fen - IATA-Codes, Karte und Reiseinformationen\" \/>\n<meta property=\"og:description\" content=\"Eine vollst\u00e4ndige Liste aller Flugh\u00e4fen in Puerto Rico mit ihren IATA-Codes, Flughafenstandorten auf der Karte und Passagierzahlen.\" \/>\n<meta property=\"og:url\" content=\"https:\/\/traveling.com\/de\/blog\/flughaefen-puerto-rico\/\" \/>\n<meta property=\"og:site_name\" content=\"Traveling.com Blog\" \/>\n<meta property=\"article:modified_time\" content=\"2025-03-24T10:54:14+00:00\" \/>\n<meta name=\"twitter:card\" content=\"summary_large_image\" \/>\n<meta name=\"twitter:label1\" content=\"Est. reading time\" \/>\n\t<meta name=\"twitter:data1\" content=\"2 minutes\" \/>\n<script type=\"application\/ld+json\" class=\"yoast-schema-graph\">{\"@context\":\"https:\/\/schema.org\",\"@graph\":[{\"@type\":\"WebPage\",\"@id\":\"https:\/\/traveling.com\/de\/blog\/flughaefen-puerto-rico\/\",\"url\":\"https:\/\/traveling.com\/de\/blog\/flughaefen-puerto-rico\/\",\"name\":\"Puerto Rico Flugh\u00e4fen - IATA-Codes, Karte und Reiseinformationen\",\"isPartOf\":{\"@id\":\"https:\/\/traveling.com\/de\/blog\/#website\"},\"datePublished\":\"2021-07-07T07:00:51+00:00\",\"dateModified\":\"2025-03-24T10:54:14+00:00\",\"description\":\"Eine vollst\u00e4ndige Liste aller Flugh\u00e4fen in Puerto Rico mit ihren IATA-Codes, Flughafenstandorten auf der Karte und Passagierzahlen.\",\"breadcrumb\":{\"@id\":\"https:\/\/traveling.com\/de\/blog\/flughaefen-puerto-rico\/#breadcrumb\"},\"inLanguage\":\"en-GB\",\"potentialAction\":[{\"@type\":\"ReadAction\",\"target\":[\"https:\/\/traveling.com\/de\/blog\/flughaefen-puerto-rico\/\"]}]},{\"@type\":\"BreadcrumbList\",\"@id\":\"https:\/\/traveling.com\/de\/blog\/flughaefen-puerto-rico\/#breadcrumb\",\"itemListElement\":[{\"@type\":\"ListItem\",\"position\":1,\"name\":\"Home\",\"item\":\"https:\/\/traveling.com\/de\/blog\/\"},{\"@type\":\"ListItem\",\"position\":2,\"name\":\"Flugh\u00e4fen in Puerto Rico\"}]},{\"@type\":\"WebSite\",\"@id\":\"https:\/\/traveling.com\/de\/blog\/#website\",\"url\":\"https:\/\/traveling.com\/de\/blog\/\",\"name\":\"Traveling.com Blog\",\"description\":\"Dein Kompletter Reisef\u00fchrer\",\"potentialAction\":[{\"@type\":\"SearchAction\",\"target\":{\"@type\":\"EntryPoint\",\"urlTemplate\":\"https:\/\/traveling.com\/de\/blog\/?s={search_term_string}\"},\"query-input\":\"required name=search_term_string\"}],\"inLanguage\":\"en-GB\"}]}<\/script>\n<!-- \/ Yoast SEO plugin. -->","yoast_head_json":{"title":"Puerto Rico Flugh\u00e4fen - IATA-Codes, Karte und Reiseinformationen","description":"Eine vollst\u00e4ndige Liste aller Flugh\u00e4fen in Puerto Rico mit ihren IATA-Codes, Flughafenstandorten auf der Karte und Passagierzahlen.","robots":{"index":"index","follow":"follow","max-snippet":"max-snippet:-1","max-image-preview":"max-image-preview:large","max-video-preview":"max-video-preview:-1"},"canonical":"https:\/\/traveling.com\/de\/blog\/flughaefen-puerto-rico\/","og_locale":"en_GB","og_type":"article","og_title":"Puerto Rico Flugh\u00e4fen - IATA-Codes, Karte und Reiseinformationen","og_description":"Eine vollst\u00e4ndige Liste aller Flugh\u00e4fen in Puerto Rico mit ihren IATA-Codes, Flughafenstandorten auf der Karte und Passagierzahlen.","og_url":"https:\/\/traveling.com\/de\/blog\/flughaefen-puerto-rico\/","og_site_name":"Traveling.com Blog","article_modified_time":"2025-03-24T10:54:14+00:00","twitter_card":"summary_large_image","twitter_misc":{"Est. reading time":"2 minutes"},"schema":{"@context":"https:\/\/schema.org","@graph":[{"@type":"WebPage","@id":"https:\/\/traveling.com\/de\/blog\/flughaefen-puerto-rico\/","url":"https:\/\/traveling.com\/de\/blog\/flughaefen-puerto-rico\/","name":"Puerto Rico Flugh\u00e4fen - IATA-Codes, Karte und Reiseinformationen","isPartOf":{"@id":"https:\/\/traveling.com\/de\/blog\/#website"},"datePublished":"2021-07-07T07:00:51+00:00","dateModified":"2025-03-24T10:54:14+00:00","description":"Eine vollst\u00e4ndige Liste aller Flugh\u00e4fen in Puerto Rico mit ihren IATA-Codes, Flughafenstandorten auf der Karte und Passagierzahlen.","breadcrumb":{"@id":"https:\/\/traveling.com\/de\/blog\/flughaefen-puerto-rico\/#breadcrumb"},"inLanguage":"en-GB","potentialAction":[{"@type":"ReadAction","target":["https:\/\/traveling.com\/de\/blog\/flughaefen-puerto-rico\/"]}]},{"@type":"BreadcrumbList","@id":"https:\/\/traveling.com\/de\/blog\/flughaefen-puerto-rico\/#breadcrumb","itemListElement":[{"@type":"ListItem","position":1,"name":"Home","item":"https:\/\/traveling.com\/de\/blog\/"},{"@type":"ListItem","position":2,"name":"Flugh\u00e4fen in Puerto Rico"}]},{"@type":"WebSite","@id":"https:\/\/traveling.com\/de\/blog\/#website","url":"https:\/\/traveling.com\/de\/blog\/","name":"Traveling.com Blog","description":"Dein Kompletter Reisef\u00fchrer","potentialAction":[{"@type":"SearchAction","target":{"@type":"EntryPoint","urlTemplate":"https:\/\/traveling.com\/de\/blog\/?s={search_term_string}"},"query-input":"required name=search_term_string"}],"inLanguage":"en-GB"}]}},"_links":{"self":[{"href":"https:\/\/traveling.com\/de\/blog\/wp-json\/wp\/v2\/pages\/8489"}],"collection":[{"href":"https:\/\/traveling.com\/de\/blog\/wp-json\/wp\/v2\/pages"}],"about":[{"href":"https:\/\/traveling.com\/de\/blog\/wp-json\/wp\/v2\/types\/page"}],"author":[{"embeddable":true,"href":"https:\/\/traveling.com\/de\/blog\/wp-json\/wp\/v2\/users\/1"}],"replies":[{"embeddable":true,"href":"https:\/\/traveling.com\/de\/blog\/wp-json\/wp\/v2\/comments?post=8489"}],"version-history":[{"count":2,"href":"https:\/\/traveling.com\/de\/blog\/wp-json\/wp\/v2\/pages\/8489\/revisions"}],"predecessor-version":[{"id":8491,"href":"https:\/\/traveling.com\/de\/blog\/wp-json\/wp\/v2\/pages\/8489\/revisions\/8491"}],"wp:attachment":[{"href":"https:\/\/traveling.com\/de\/blog\/wp-json\/wp\/v2\/media?parent=8489"}],"curies":[{"name":"wp","href":"https:\/\/api.w.org\/{rel}","templated":true}]}}