{"id":2092,"date":"2016-11-03T14:47:06","date_gmt":"2016-11-03T13:47:06","guid":{"rendered":"https:\/\/getbybus.com\/en\/blog\/?page_id=2092"},"modified":"2025-03-24T10:02:35","modified_gmt":"2025-03-24T09:02:35","slug":"czech-airports","status":"publish","type":"page","link":"https:\/\/traveling.com\/en\/blog\/czech-airports\/","title":{"rendered":"Czech airports"},"content":{"rendered":"<p style=\"text-align: justify;\">In Czech Republic there are <strong>currently 5 international airports<\/strong>, in majority of cases flying to Prague airport is the best option, but in some case the smaller airport might be an alternative option. <strong>If you are travelling to the southern part of Czech Republic<\/strong> you should also check flights to Vienna as an alternative options. At the end of the post you can see <strong>map with all airport in Czech Republic<\/strong> and the neighboring countries.<\/p>\n<h4 style=\"text-align: justify;\"><span class=\"ez-toc-section\" id=\"Prague_Airport_-_IATA_code_PRG\"><\/span><strong><span style=\"color: #2a2a2a;\">Prague Airport <\/span>&#8211; \u00a0IATA code PRG <\/strong><span class=\"ez-toc-section-end\"><\/span><\/h4>\n<p style=\"text-align: justify;\"><strong>~ 17 Mio. passengers<\/strong><\/p>\n<p style=\"text-align: justify;\">Obviously the <strong>Prague V\u00e1clav Havel Airport<\/strong> is the busiest airport in Czech republic, the airport is located about 10 km west of the Prague center in the Prague-Ruzyne area. From the airport, you can get to the centre of town in 30 minutes, <a href=\"https:\/\/Traveling.com\/en\/blog\/airport-prague\/\">read how to here<\/a>. The Airport serves as a <strong>main hub for <a href=\"https:\/\/www.csa.cz\/countryselect\/\">Czech airlines<\/a> and is an important base for Wizz air and Ryanair<\/strong>, in total more than 50 airlines operate lines from over 100 cities to the airport in Prague.<strong> If you fly to Prague and need to continue to other cities<\/strong> in Czech Republic you can do so <a href=\"https:\/\/Traveling.com\/en\/blog\/prague-train-station\/\">from Prague railway station<\/a> or e.g from the <a href=\"https:\/\/Traveling.com\/en\/blog\/prague-florenc-bus-station\/\">Florence bus station<\/a> from both you have connection to all larger cities in the country as well as several international destinations.<\/p>\n<h4 style=\"text-align: justify;\"><span class=\"ez-toc-section\" id=\"Brno_Airport_-_IATA_code_BRQ\"><\/span><strong><span style=\"color: #2a2a2a;\">Brno Airport <\/span>&#8211; \u00a0IATA code BRQ <\/strong><span class=\"ez-toc-section-end\"><\/span><\/h4>\n<p style=\"text-align: justify;\"><strong>~ 500.000. passengers<\/strong><\/p>\n<p style=\"text-align: justify;\">The <a href=\"https:\/\/Traveling.com\/en\/blog\/brno-airport\/\"><strong>Brno\u2013Tu\u0159any Airport<\/strong><\/a> is significantly smaller than the airport in Prague, but it still have quite a few connection especially in the summer season where <strong>many Czech people travel on holiday from the airport<\/strong>. Whole year there are flights from <strong>Munich and London and Eindhoven in the Netherlands.<\/strong> Brno airport is located 14 km southeast of the city center, from the airport there is public bus to the main bus station, trips takes about 20 minutes. <a href=\"https:\/\/Traveling.com\/en\/bus-from-brno\">From the bus station<\/a> you cave buses to most cities in Czech republic.<\/p>\n<div id=\"attachment_2565\" style=\"width: 1034px\" class=\"wp-caption aligncenter\"><img aria-describedby=\"caption-attachment-2565\" decoding=\"async\" class=\"size-full wp-image-2565\" src=\"https:\/\/Traveling.com\/en\/blog\/wp-content\/uploads\/2016\/11\/Czech-airports.jpg\" alt=\"Airports Czech Repulic\" width=\"1024\" height=\"683\" srcset=\"https:\/\/d2bgjx2gb489de.cloudfront.net\/gbb-blogs\/wp-content\/uploads\/2016\/11\/24203200\/Czech-airports.jpg 1024w, https:\/\/d2bgjx2gb489de.cloudfront.net\/gbb-blogs\/wp-content\/uploads\/2016\/11\/24203200\/Czech-airports-300x200.jpg 300w, https:\/\/d2bgjx2gb489de.cloudfront.net\/gbb-blogs\/wp-content\/uploads\/2016\/11\/24203200\/Czech-airports-768x512.jpg 768w\" sizes=\"(max-width: 1024px) 100vw, 1024px\" \/><p id=\"caption-attachment-2565\" class=\"wp-caption-text\">Ryanair plane at the runway<\/p><\/div>\n<h4 style=\"text-align: justify;\"><span class=\"ez-toc-section\" id=\"Ostrava_Airport_-_IATA_code_OSR\"><\/span><strong><span style=\"color: #2a2a2a;\">Ostrava Airport <\/span>&#8211; \u00a0IATA code OSR <\/strong><span class=\"ez-toc-section-end\"><\/span><\/h4>\n<p style=\"text-align: justify;\"><strong>~ 300.000 passengers<\/strong><\/p>\n<p style=\"text-align: justify;\">The <strong>Leo\u0161 Jan\u00e1\u010dek Airport Ostrava<\/strong> is another airport mainly used for seasonal planes to holiday destinations in the southern part of Europe, whole year operating lines include a <strong>domestic departure to Prague as well as Ryanair connection to Bergamo and London<\/strong>. The airport is located 22 km southwest of the city center, getting to the center of town is possible with public bus or train from the airport. Do to it&#8217;s located the airport is also used by many Polish people living in the region <strong>around Rybnik and Bielsko-Biala<\/strong>.<\/p>\n<h4 style=\"text-align: justify;\"><span class=\"ez-toc-section\" id=\"Karlovy_Vary_Airport_-_IATA_code_KLV\"><\/span><strong><span style=\"color: #2a2a2a;\">Karlovy Vary Airport <\/span>&#8211; \u00a0IATA code KLV <\/strong><span class=\"ez-toc-section-end\"><\/span><\/h4>\n<p style=\"text-align: justify;\"><strong>~ 60.000 passengers<\/strong><\/p>\n<p style=\"text-align: justify;\">The Karlovy Vary Airport is the <strong>4th largest airport in Czech republic<\/strong>, the airport is located about 6 km from Karlovy Vary centre, city bus line nr. 8 drive to and from the airport. Currently the airport is mainly used for air traffic to and from Russia, in <strong>2015 more than 95% of all passengers was from Russia<\/strong>.<\/p>\n<h4 style=\"text-align: justify;\"><span class=\"ez-toc-section\" id=\"Pardubice_Airport_-_IATA_code_PED\"><\/span><strong><span style=\"color: #2a2a2a;\">Pardubice Airport <\/span>&#8211; \u00a0IATA code PED <\/strong><span class=\"ez-toc-section-end\"><\/span><\/h4>\n<p style=\"text-align: justify;\"><strong>~ 100.000 passengers<\/strong><\/p>\n<p style=\"text-align: justify;\">The Pardubice Airport is currently <strong>the smallest airport in Czech republic measured on yearly passengers<\/strong>, currently the airport is used more or less only during the summer season, where there it several scheduled flights to popular european <strong>holiday destinations like e.g Burgas, Antalya and Rhodes<\/strong>. In addition the airport is used to for charter flights from Russia. The airport is located only 5 km southwest of the Pardubice centre. From the airport there is public bus to the main railway and bus station<\/p>\n<h4 style=\"text-align: justify;\"><span class=\"ez-toc-section\" id=\"Good_to_know_when_travelling_to_and_from_Czech_republic_by_Plane\"><\/span><strong>Good to know when travelling to and from Czech republic by Plane<\/strong><span class=\"ez-toc-section-end\"><\/span><\/h4>\n<p style=\"text-align: justify;\">The currency in Czech is Czech koruna (CZK) so make sure bring or grab some local currency from an ATM machine at the airport, you will need to local currency to pay for transportation from the airport.<\/p>\n<p style=\"text-align: justify;\">The Czech word for Airport is \u201cLeti\u0161t\u011b\u201d, can be useful to know when you have to check timetables or other material containing information about the airport.<\/p>\n<h4><span class=\"ez-toc-section\" id=\"Airports_in_the_neighboring_countries\"><\/span><strong>Airports in the neighboring countries<\/strong><span class=\"ez-toc-section-end\"><\/span><\/h4>\n<table>\n<tbody>\n<tr>\n<td style=\"text-align: center;\"><a href=\"https:\/\/Traveling.com\/en\/blog\/slovak-airports\/\">Airports in Slovakia<\/a><\/td>\n<td style=\"text-align: center;\"><a href=\"https:\/\/Traveling.com\/en\/blog\/austrian-airports\/\">Airports in Austria<\/a><\/td>\n<td style=\"text-align: center;\"><a href=\"https:\/\/Traveling.com\/en\/blog\/airports-in-germany\/\">Airports in Germany<\/a><\/td>\n<\/tr>\n<tr>\n<td style=\"text-align: center;\"><a href=\"https:\/\/Traveling.com\/en\/blog\/airports-in-poland\/\">Airports in Poland<\/a><\/td>\n<td><\/td>\n<td><\/td>\n<\/tr>\n<\/tbody>\n<\/table>\n<p style=\"text-align: justify;\">Map with airports in Czech republic, as well as the neighboring countries<br \/>\n<iframe src=\"https:\/\/www.google.com\/maps\/d\/embed?mid=1yRytVBNqvD70JxUF-fhkIBrFVyE\" width=\"736\" height=\"552\"><\/iframe><\/p>\n","protected":false},"excerpt":{"rendered":"<p>In Czech Republic there are currently 5 international airports, in majority of cases flying to Prague airport is the best option, but in some case the smaller airport might be an alternative option. If you are travelling to the southern part of Czech Republic you should also check flights to Vienna as an alternative options. [&hellip;]<\/p>\n<p><a class=\"more-link btn btn-primary\" href=\"https:\/\/traveling.com\/en\/blog\/czech-airports\/\"> Continue reading&#8230;<\/a><\/p>\n","protected":false},"author":1,"featured_media":0,"parent":0,"menu_order":0,"comment_status":"open","ping_status":"closed","template":"","meta":[],"yoast_head":"<!-- This site is optimized with the Yoast SEO plugin v19.8 - https:\/\/yoast.com\/wordpress\/plugins\/seo\/ -->\n<title>Airports in Czech Republic, map, codes and arrival info<\/title>\n<meta name=\"description\" content=\"List of Czech airports with airport codes and arrival information, map of domestic and international airports in Czech Republic with number of passengers\" \/>\n<meta name=\"robots\" content=\"index, follow, max-snippet:-1, max-image-preview:large, max-video-preview:-1\" \/>\n<link rel=\"canonical\" href=\"https:\/\/traveling.com\/en\/blog\/czech-airports\/\" \/>\n<meta property=\"og:locale\" content=\"en_GB\" \/>\n<meta property=\"og:type\" content=\"article\" \/>\n<meta property=\"og:title\" content=\"Airports in Czech Republic, map, codes and arrival info\" \/>\n<meta property=\"og:description\" content=\"List of Czech airports with airport codes and arrival information, map of domestic and international airports in Czech Republic with number of passengers\" \/>\n<meta property=\"og:url\" content=\"https:\/\/traveling.com\/en\/blog\/czech-airports\/\" \/>\n<meta property=\"og:site_name\" content=\"Traveling.com Blog\" \/>\n<meta property=\"article:publisher\" content=\"https:\/\/www.facebook.com\/getbybus\" \/>\n<meta property=\"article:modified_time\" content=\"2025-03-24T09:02:35+00:00\" \/>\n<meta property=\"og:image\" content=\"https:\/\/getbybus.com\/en\/blog\/wp-content\/uploads\/2016\/11\/Czech-airports.jpg\" \/>\n<meta name=\"twitter:card\" content=\"summary_large_image\" \/>\n<meta name=\"twitter:site\" content=\"@GetByBus\" \/>\n<meta name=\"twitter:label1\" content=\"Est. reading time\" \/>\n\t<meta name=\"twitter:data1\" content=\"3 minutes\" \/>\n<script type=\"application\/ld+json\" class=\"yoast-schema-graph\">{\"@context\":\"https:\/\/schema.org\",\"@graph\":[{\"@type\":\"WebPage\",\"@id\":\"https:\/\/traveling.com\/en\/blog\/czech-airports\/\",\"url\":\"https:\/\/traveling.com\/en\/blog\/czech-airports\/\",\"name\":\"Airports in Czech Republic, map, codes and arrival info\",\"isPartOf\":{\"@id\":\"https:\/\/traveling.com\/en\/blog\/#website\"},\"datePublished\":\"2016-11-03T13:47:06+00:00\",\"dateModified\":\"2025-03-24T09:02:35+00:00\",\"description\":\"List of Czech airports with airport codes and arrival information, map of domestic and international airports in Czech Republic with number of passengers\",\"breadcrumb\":{\"@id\":\"https:\/\/traveling.com\/en\/blog\/czech-airports\/#breadcrumb\"},\"inLanguage\":\"en-GB\",\"potentialAction\":[{\"@type\":\"ReadAction\",\"target\":[\"https:\/\/traveling.com\/en\/blog\/czech-airports\/\"]}]},{\"@type\":\"BreadcrumbList\",\"@id\":\"https:\/\/traveling.com\/en\/blog\/czech-airports\/#breadcrumb\",\"itemListElement\":[{\"@type\":\"ListItem\",\"position\":1,\"name\":\"Home\",\"item\":\"https:\/\/traveling.com\/en\/blog\/\"},{\"@type\":\"ListItem\",\"position\":2,\"name\":\"Czech airports\"}]},{\"@type\":\"WebSite\",\"@id\":\"https:\/\/traveling.com\/en\/blog\/#website\",\"url\":\"https:\/\/traveling.com\/en\/blog\/\",\"name\":\"Traveling.com Blog\",\"description\":\"Your Expert Guide to Every Journey\",\"potentialAction\":[{\"@type\":\"SearchAction\",\"target\":{\"@type\":\"EntryPoint\",\"urlTemplate\":\"https:\/\/traveling.com\/en\/blog\/?s={search_term_string}\"},\"query-input\":\"required name=search_term_string\"}],\"inLanguage\":\"en-GB\"}]}<\/script>\n<!-- \/ Yoast SEO plugin. -->","yoast_head_json":{"title":"Airports in Czech Republic, map, codes and arrival info","description":"List of Czech airports with airport codes and arrival information, map of domestic and international airports in Czech Republic with number of passengers","robots":{"index":"index","follow":"follow","max-snippet":"max-snippet:-1","max-image-preview":"max-image-preview:large","max-video-preview":"max-video-preview:-1"},"canonical":"https:\/\/traveling.com\/en\/blog\/czech-airports\/","og_locale":"en_GB","og_type":"article","og_title":"Airports in Czech Republic, map, codes and arrival info","og_description":"List of Czech airports with airport codes and arrival information, map of domestic and international airports in Czech Republic with number of passengers","og_url":"https:\/\/traveling.com\/en\/blog\/czech-airports\/","og_site_name":"Traveling.com Blog","article_publisher":"https:\/\/www.facebook.com\/getbybus","article_modified_time":"2025-03-24T09:02:35+00:00","og_image":[{"url":"https:\/\/getbybus.com\/en\/blog\/wp-content\/uploads\/2016\/11\/Czech-airports.jpg"}],"twitter_card":"summary_large_image","twitter_site":"@GetByBus","twitter_misc":{"Est. reading time":"3 minutes"},"schema":{"@context":"https:\/\/schema.org","@graph":[{"@type":"WebPage","@id":"https:\/\/traveling.com\/en\/blog\/czech-airports\/","url":"https:\/\/traveling.com\/en\/blog\/czech-airports\/","name":"Airports in Czech Republic, map, codes and arrival info","isPartOf":{"@id":"https:\/\/traveling.com\/en\/blog\/#website"},"datePublished":"2016-11-03T13:47:06+00:00","dateModified":"2025-03-24T09:02:35+00:00","description":"List of Czech airports with airport codes and arrival information, map of domestic and international airports in Czech Republic with number of passengers","breadcrumb":{"@id":"https:\/\/traveling.com\/en\/blog\/czech-airports\/#breadcrumb"},"inLanguage":"en-GB","potentialAction":[{"@type":"ReadAction","target":["https:\/\/traveling.com\/en\/blog\/czech-airports\/"]}]},{"@type":"BreadcrumbList","@id":"https:\/\/traveling.com\/en\/blog\/czech-airports\/#breadcrumb","itemListElement":[{"@type":"ListItem","position":1,"name":"Home","item":"https:\/\/traveling.com\/en\/blog\/"},{"@type":"ListItem","position":2,"name":"Czech airports"}]},{"@type":"WebSite","@id":"https:\/\/traveling.com\/en\/blog\/#website","url":"https:\/\/traveling.com\/en\/blog\/","name":"Traveling.com Blog","description":"Your Expert Guide to Every Journey","potentialAction":[{"@type":"SearchAction","target":{"@type":"EntryPoint","urlTemplate":"https:\/\/traveling.com\/en\/blog\/?s={search_term_string}"},"query-input":"required name=search_term_string"}],"inLanguage":"en-GB"}]}},"_links":{"self":[{"href":"https:\/\/traveling.com\/en\/blog\/wp-json\/wp\/v2\/pages\/2092"}],"collection":[{"href":"https:\/\/traveling.com\/en\/blog\/wp-json\/wp\/v2\/pages"}],"about":[{"href":"https:\/\/traveling.com\/en\/blog\/wp-json\/wp\/v2\/types\/page"}],"author":[{"embeddable":true,"href":"https:\/\/traveling.com\/en\/blog\/wp-json\/wp\/v2\/users\/1"}],"replies":[{"embeddable":true,"href":"https:\/\/traveling.com\/en\/blog\/wp-json\/wp\/v2\/comments?post=2092"}],"version-history":[{"count":13,"href":"https:\/\/traveling.com\/en\/blog\/wp-json\/wp\/v2\/pages\/2092\/revisions"}],"predecessor-version":[{"id":26427,"href":"https:\/\/traveling.com\/en\/blog\/wp-json\/wp\/v2\/pages\/2092\/revisions\/26427"}],"wp:attachment":[{"href":"https:\/\/traveling.com\/en\/blog\/wp-json\/wp\/v2\/media?parent=2092"}],"curies":[{"name":"wp","href":"https:\/\/api.w.org\/{rel}","templated":true}]}}