{"id":5620,"date":"2018-03-29T13:05:26","date_gmt":"2018-03-29T12:05:26","guid":{"rendered":"https:\/\/getbybus.com\/en\/blog\/?page_id=5620"},"modified":"2025-03-24T10:01:15","modified_gmt":"2025-03-24T09:01:15","slug":"airports-in-norway","status":"publish","type":"page","link":"https:\/\/traveling.com\/en\/blog\/airports-in-norway\/","title":{"rendered":"Airports in Norway"},"content":{"rendered":"<p style=\"text-align: justify;\"><span style=\"font-weight: 400;\">In Norway there are <\/span><b>98 airports in total<\/b><span style=\"font-weight: 400;\">, 45 of which operate public flights, including one heliport, V\u00e6r\u00f8y. Those airports are owned by the government\u2019s airport operator, Avinor. <\/span><a href=\"https:\/\/Traveling.com\/en\/blog\/top-10-reasons-why-visit-norway\/\"><span style=\"font-weight: 400;\">Norway<\/span><\/a><span style=\"font-weight: 400;\"> is the <\/span><b>country in Europe with the most airline trips per capita<\/b><span style=\"font-weight: 400;\">. The routes from Oslo to Trondheim, Bergen and Stavanger are all amongst the ten busiest in Europe. <\/span><\/p>\n<p style=\"text-align: justify;\"><span style=\"font-weight: 400;\">Norwegian airports serve mainly as hubs for <\/span><b>Norwegian Air Shuttle, Scandinavian Airlines and low-cost Ryanair and Wider\u00f8e<\/b><span style=\"font-weight: 400;\">.<\/span><\/p>\n<h4 style=\"text-align: justify;\"><span class=\"ez-toc-section\" id=\"Oslo_Airport_-_IATA_code_OSL\"><\/span><b><span style=\"color: #2a2a2a;\">Oslo Airport <\/span>&#8211; IATA code OSL <\/b><span class=\"ez-toc-section-end\"><\/span><\/h4>\n<p style=\"text-align: justify;\"><b>~ 28 mio. passengers<\/b><\/p>\n<p style=\"text-align: justify;\"><span style=\"font-weight: 400;\">Oslo Airport is the <\/span><b>main international airport serving the region of Oslo<\/b><span style=\"font-weight: 400;\">, Norway\u2019s capital and most populous city. It is a hub for Scandinavian Airlines and an operating base for Norwegian Air Shuttle, connecting to <\/span><b>26 domestic and more than 150 international destinations<\/b><span style=\"font-weight: 400;\">. The airport handles about 27 million passengers per year, which makes it the <\/span><b>second-busiest airport in the Nordic countries<\/b><span style=\"font-weight: 400;\"> and the nineteenth-busiest in Europe. It is located 35 km northeast of Oslo, at Gardermoen in Akershus county. The airport is connected to the city center by the high-speed railway Gardermoen Line served by trains and Flytoget. The percentage of passengers using public transport to <\/span><a href=\"https:\/\/Traveling.com\/en\/blog\/oslo-airport\/\"><span style=\"font-weight: 400;\">get to and from the Oslo Airport<\/span><\/a><span style=\"font-weight: 400;\"> is one of the highest in the world (70%). Oslo is also served by the <\/span><b>low-fare airport Torp in Sandefjord<\/b><span style=\"font-weight: 400;\">, situated 119 km to the south of downtown Oslo.<\/span><\/p>\n<p style=\"text-align: justify;\"><a class=\"lightbox\" href=\"https:\/\/Traveling.com\/en\/blog\/wp-content\/uploads\/2018\/03\/Oslo-Airport.jpg\"><img decoding=\"async\" class=\"alignnone size-full wp-image-5635\" src=\"https:\/\/Traveling.com\/en\/blog\/wp-content\/uploads\/2018\/03\/Oslo-Airport.jpg\" alt=\"\" width=\"1024\" height=\"683\" srcset=\"https:\/\/d2bgjx2gb489de.cloudfront.net\/gbb-blogs\/wp-content\/uploads\/2018\/03\/29122638\/Oslo-Airport.jpg 1024w, https:\/\/d2bgjx2gb489de.cloudfront.net\/gbb-blogs\/wp-content\/uploads\/2018\/03\/29122638\/Oslo-Airport-300x200.jpg 300w, https:\/\/d2bgjx2gb489de.cloudfront.net\/gbb-blogs\/wp-content\/uploads\/2018\/03\/29122638\/Oslo-Airport-768x512.jpg 768w\" sizes=\"(max-width: 1024px) 100vw, 1024px\" \/><\/a><\/p>\n<h4 style=\"text-align: justify;\"><span class=\"ez-toc-section\" id=\"Bergen_Airport_-_IATA_code_BGO\"><\/span><b><span style=\"color: #2a2a2a;\">Bergen Airport <\/span>&#8211; IATA code BGO<\/b><span class=\"ez-toc-section-end\"><\/span><\/h4>\n<p style=\"text-align: justify;\"><b>~ 6 mio. passengers<\/b><\/p>\n<p style=\"text-align: justify;\"><span style=\"font-weight: 400;\">Bergen Airport is an <\/span><b>international airport located at Flesland in Bergen<\/b><span style=\"font-weight: 400;\">, a city in Hordaland county. Opened in 1955, it is the <\/span><b>second-busiest airport in Norway<\/b><span style=\"font-weight: 400;\">, with more than 6 000 000 passengers a year. Scandinavian Airlines (SAS), Norwegian Air Shuttle and Wider\u00f8e are the largest airlines operating at the airport. The route to Oslo Airport, Gardermoen is among the busiest in Europe. The airport has <\/span><b>36 direct routes from major European cities<\/b><span style=\"font-weight: 400;\">, especially Amsterdam, Copenhagen and London. Most of the domestic flights are operated by Scandinavian Airlines, Norwegian and Wider\u00f8e. The Airport Bus takes about <\/span><b>30 minutes to the city centre<\/b><span style=\"font-weight: 400;\">, where you easily can get around the region by train from the Bergen Railway Station, by boat from Strandkaiterminalen or by bus from Bystasjonen. <a href=\"https:\/\/Traveling.com\/en\/blog\/airport-bergen\/\">The airport bus departs every 10 minutes<\/a> during daytime, and there are also some departures during night.<\/span><\/p>\n<h4 style=\"text-align: justify;\"><span class=\"ez-toc-section\" id=\"Trondheim_Airport_-_IATA_code_TRD\"><\/span><b><span style=\"color: #2a2a2a;\">Trondheim Airport <\/span>&#8211; IATA code TRD<\/b><span class=\"ez-toc-section-end\"><\/span><\/h4>\n<p style=\"text-align: justify;\"><b>~ 4 mio. passengers<\/b><\/p>\n<p style=\"text-align: justify;\"><span style=\"font-weight: 400;\">Trondheim Airport is an<\/span><b> international airport serving the city of Trondheim in S\u00f8r-Tr\u00f8ndelag county<\/b><span style=\"font-weight: 400;\">. It is located in V\u00e6rnes, only 19 km east of Trondheim. It shares facilities with V\u00e6rnes Air Station of the Royal Norwegian Air Force. The airport handles over 4 million passenger per year, making it the <\/span><b>third-busiest airport in Norway<\/b><span style=\"font-weight: 400;\">. It has two terminals, one for domestic and one for international traffic. The airport also features an integrated railway station and an airport hotel. The main airlines at Trondheim Airport are Scandinavian Airlines, Norwegian Air Shuttle and Wider\u00f8e, for all of which V\u00e6rnes is a focus city. The main route to Oslo is among the busiest in Europe. In total, the airport connects to <\/span><b>17 domestic and 21 international destinations, as well as 18 charter destionations<\/b><span style=\"font-weight: 400;\">. It is very simple to <a href=\"https:\/\/Traveling.com\/en\/blog\/airport-trondheim\/\">get to Trondheim by airport bus <\/a><\/span><b>Nettbuss or Unibuss (or by NSB train)<\/b><span style=\"font-weight: 400;\">. Buses are very frequent and correspond with the arrival times.<\/span><\/p>\n<h4 style=\"text-align: justify;\"><span class=\"ez-toc-section\" id=\"Stavanger_Airport_-_IATA_code_SVG\"><\/span><b><span style=\"color: #2a2a2a;\">Stavanger Airport <\/span>&#8211; IATA code SVG <\/b><span class=\"ez-toc-section-end\"><\/span><\/h4>\n<p style=\"text-align: justify;\"><b>~ 4.5 mio. passengers<\/b><\/p>\n<p style=\"text-align: justify;\"><span style=\"font-weight: 400;\">Stavanger Airport is an <\/span><b>international airport serving the city of Stavanger <\/b><span style=\"font-weight: 400;\">in Rogaland county in Norway. The airport is located 11 km southwest of Stavanger city centre, in the municipality of Sola. It is Norway\u2019s<\/span><b> fourth busiest airport, with both fixed-wing aircraft and helicopter traffic<\/b><span style=\"font-weight: 400;\"> for the offshore North Sea oil installations. In 2017, the airport handled over 4,5 million passengers. Five airlines offer domestic flights to nine destinations, while ten airlines feature international flights to 37 destinations. The <\/span><b>busiest route is Sola &#8211; Oslo Gardermoen, with approximately 28 daily flights<\/b><span style=\"font-weight: 400;\">. Nearby, there is an aeronautical museum, <\/span><b>Flyhistorisk Museum<\/b><span style=\"font-weight: 400;\">, so in case you extra time, pay a visit. <a href=\"https:\/\/Traveling.com\/en\/blog\/airport-stavanger\/\">From the airport you can reach cities of Stavanger, Bryne and Sandnes in less than 30 minutes<\/a>, but you can also visit <\/span><span style=\"font-weight: 400;\">other places in the region<\/span><span style=\"font-weight: 400;\">.\u00a0<\/span><\/p>\n<p style=\"text-align: justify;\"><a class=\"lightbox\" href=\"https:\/\/Traveling.com\/en\/blog\/wp-content\/uploads\/2018\/03\/Stavanger.jpg\"><img decoding=\"async\" class=\"alignnone size-full wp-image-5636\" src=\"https:\/\/Traveling.com\/en\/blog\/wp-content\/uploads\/2018\/03\/Stavanger.jpg\" alt=\"\" width=\"1024\" height=\"686\" srcset=\"https:\/\/d2bgjx2gb489de.cloudfront.net\/gbb-blogs\/wp-content\/uploads\/2018\/03\/29130430\/Stavanger.jpg 1024w, https:\/\/d2bgjx2gb489de.cloudfront.net\/gbb-blogs\/wp-content\/uploads\/2018\/03\/29130430\/Stavanger-300x201.jpg 300w, https:\/\/d2bgjx2gb489de.cloudfront.net\/gbb-blogs\/wp-content\/uploads\/2018\/03\/29130430\/Stavanger-768x515.jpg 768w\" sizes=\"(max-width: 1024px) 100vw, 1024px\" \/><\/a><\/p>\n<h4 style=\"text-align: justify;\"><span class=\"ez-toc-section\" id=\"Tromso_Airport_-_IATA_code_TOS\"><\/span><b><span style=\"color: #2a2a2a;\">Troms\u00f8 Airport <\/span>&#8211; IATA code TOS <\/b><span class=\"ez-toc-section-end\"><\/span><\/h4>\n<p style=\"text-align: justify;\"><b>~ 2 mio. passengers)<\/b><\/p>\n<p style=\"text-align: justify;\"><span style=\"font-weight: 400;\">Troms\u00f8 Airport is an <\/span><b>international airport located at Langnes in Troms\u00f8<\/b><span style=\"font-weight: 400;\">, Norway. It handles around 2 million passengers per year, which makes it the fifth-busiest airport in the country. <\/span><b>10 airlines operate both international and domestic routes<\/b><span style=\"font-weight: 400;\"> from TOS. Scandinavian Airlines has the most flights in and out of Tromso\/Langnes Airport with 433 flights every month. Troms\u00f8 became and still is the <\/span><b>main hub for <a href=\"https:\/\/www.wideroe.no\/en\">Wider\u00f8e&#8217;s regional flights<\/a> to Finnmark<\/b><span style=\"font-weight: 400;\">. Troms\u00f8 Airport is located northwest of the city on the island of Troms\u00f8ya. The E8 motorway is located near the airport, via this road and road 862 Troms\u00f8 Airport is easily accessible. The city of Troms\u00f8 is easily accessible by <\/span><a href=\"https:\/\/Traveling.com\/en\/blog\/airport-tromso\/\">airport express coach<\/a> <span style=\"font-weight: 400;\">(Flybussen) in less than 15 minutes or by local bus line nr. 40 and 42. <\/span><\/p>\n<h3 style=\"text-align: justify;\"><span class=\"ez-toc-section\" id=\"Smaller_airports\"><\/span>Smaller airports<span class=\"ez-toc-section-end\"><\/span><\/h3>\n<p style=\"text-align: justify;\"><b><span style=\"color: #2a2a2a;\">Sandefjord Torp Airport<\/span> &#8211; IATA code TRF &#8211; (<\/b><b>~ 2 mio. passengers)<\/b><\/p>\n<ul style=\"text-align: justify;\">\n<li style=\"font-weight: 400;\"><span style=\"font-weight: 400;\"><strong>Also called: <\/strong><a href=\"https:\/\/Traveling.com\/en\/blog\/sandefjord-airport\/\">Torp Sandefjord Airport <\/a><\/span><\/li>\n<li style=\"font-weight: 400;\"><span style=\"font-weight: 400;\"><strong>Nearby cities: <\/strong>Sandefjord, T\u00f8nsberg, Drammen, Oslo, Stavanger<\/span><\/li>\n<li style=\"font-weight: 400;\"><span style=\"font-weight: 400;\"><strong>To Sandefjord from the airport: <\/strong>TIMEkspressen &#8211; 20 min<\/span><\/li>\n<\/ul>\n<p style=\"text-align: justify;\"><b><span style=\"color: #2a2a2a;\">Bod\u00f8 Airport<\/span> &#8211; IATA code BOO &#8211; (~ 1.8 mio. passengers)<\/b><\/p>\n<ul style=\"text-align: justify;\">\n<li style=\"font-weight: 400;\"><span style=\"font-weight: 400;\"><strong>Also called: <\/strong>\/<\/span><\/li>\n<li style=\"font-weight: 400;\"><span style=\"font-weight: 400;\"><strong>Nearby cities: <\/strong>Bod\u00f8, Skivika, L\u00f8psmarka, M\u00f8rkved, Bertnes<\/span><\/li>\n<li style=\"font-weight: 400;\"><span style=\"font-weight: 400;\"><a href=\"https:\/\/Traveling.com\/en\/blog\/bodo-airport\/\">To Bod\u00f8 from the airport<\/a><strong>: <\/strong>public bus &#8211; 10 min<\/span><\/li>\n<\/ul>\n<p style=\"text-align: justify;\"><b><span style=\"color: #2a2a2a;\">\u00c5lesund Airport<\/span> &#8211; IATA code AES &#8211; (~ 1 mio. passengers)<\/b><\/p>\n<ul style=\"text-align: justify;\">\n<li style=\"font-weight: 400;\"><span style=\"font-weight: 400;\"><strong>Also called: <\/strong><a href=\"https:\/\/Traveling.com\/en\/blog\/alesund-airport\/\">\u00c5lesund Vigra Airport<\/a><\/span><\/li>\n<li style=\"font-weight: 400;\"><span style=\"font-weight: 400;\"><strong>Nearby cities: <\/strong>Vigra, Roald, Gj\u00f8sund<\/span><\/li>\n<li style=\"font-weight: 400;\"><span style=\"font-weight: 400;\"><strong>To \u00c5lesund from the airport: <\/strong>airport shuttle &#8211; 25 min<\/span><\/li>\n<\/ul>\n<p style=\"text-align: justify;\"><b><span style=\"color: #2a2a2a;\">Kristiansand Airport<\/span> &#8211; IATA code KRS &#8211; (~ 1 mio. passengers)<\/b><\/p>\n<ul style=\"text-align: justify;\">\n<li style=\"font-weight: 400;\"><span style=\"font-weight: 400;\"><strong>Also called: <\/strong>Kristiansand Kjevik Airport<\/span><\/li>\n<li style=\"font-weight: 400;\"><span style=\"font-weight: 400;\"><strong>Nearby cities: <\/strong>Ryen, Krageboen, Kristiansand<\/span><\/li>\n<li style=\"font-weight: 400;\"><span style=\"font-weight: 400;\"><strong>To Kristiansand from the airport: <\/strong>public bus &#8211; 25 min<\/span><\/li>\n<\/ul>\n<p style=\"text-align: justify;\"><b><span style=\"color: #2a2a2a;\">Harstad\/Narvik Airport<\/span> &#8211; IATA code EVE &#8211; (~ 0.7 mio. passengers)<\/b><\/p>\n<ul style=\"text-align: justify;\">\n<li style=\"font-weight: 400;\"><span style=\"font-weight: 400;\"><strong>Also called: <\/strong>\/<\/span><\/li>\n<li style=\"font-weight: 400;\"><span style=\"font-weight: 400;\"><strong>Nearby cities:<\/strong> Harstad, Narvik, Evenskjer, Ramsund, Fjelldal<\/span><\/li>\n<li style=\"font-weight: 400;\"><span style=\"font-weight: 400;\"><strong>To Harstad from the airport: <\/strong>Flybuss &#8211; 50 min<\/span><\/li>\n<li style=\"font-weight: 400;\"><span style=\"font-weight: 400;\"><strong>To Narvik from the airport: <\/strong>Flybuss &#8211; 75 min<\/span><\/li>\n<\/ul>\n<p style=\"text-align: justify;\"><b><span style=\"color: #2a2a2a;\">Haugesund Airport<\/span> &#8211; IATA code HAU &#8211; (~ 0.7 mio. passengers)<\/b><\/p>\n<ul style=\"text-align: justify;\">\n<li style=\"font-weight: 400;\"><span style=\"font-weight: 400;\"><strong>Also called: <\/strong>Haugesund Karm\u00f8y Airport<\/span><\/li>\n<li style=\"font-weight: 400;\"><span style=\"font-weight: 400;\"><strong>Nearby cities: <\/strong>Haugesund, Fosen, Karm\u00f8y, Avaldsnes<\/span><\/li>\n<li style=\"font-weight: 400;\"><span style=\"font-weight: 400;\"><strong>To Haugesund from the airport: <\/strong>airport shuttle &#8211; 30 min<\/span><\/li>\n<\/ul>\n<p style=\"text-align: justify;\"><b><span style=\"color: #2a2a2a;\">Molde Airport<\/span> &#8211; IATA code MOL &#8211; (~ 0.5 mio. passengers)<\/b><\/p>\n<ul>\n<li style=\"font-weight: 400; text-align: justify;\"><span style=\"font-weight: 400;\"><strong>Also called: <\/strong>\/<\/span><\/li>\n<li style=\"font-weight: 400; text-align: justify;\"><span style=\"font-weight: 400;\"><strong>Nearby cities: <\/strong>Molde, Malme, Hjelset<\/span><\/li>\n<li style=\"font-weight: 400; text-align: justify;\"><span style=\"font-weight: 400;\"><strong>To Molde from the airport: <\/strong>airport shuttle &#8211; 20 min<\/span><\/li>\n<\/ul>\n","protected":false},"excerpt":{"rendered":"<p>In Norway there are 98 airports in total, 45 of which operate public flights, including one heliport, V\u00e6r\u00f8y. Those airports are owned by the government\u2019s airport operator, Avinor. Norway is the country in Europe with the most airline trips per capita. The routes from Oslo to Trondheim, Bergen and Stavanger are all amongst the ten [&hellip;]<\/p>\n<p><a class=\"more-link btn btn-primary\" href=\"https:\/\/traveling.com\/en\/blog\/airports-in-norway\/\"> Continue reading&#8230;<\/a><\/p>\n","protected":false},"author":1,"featured_media":0,"parent":0,"menu_order":0,"comment_status":"open","ping_status":"closed","template":"","meta":[],"yoast_head":"<!-- This site is optimized with the Yoast SEO plugin v19.8 - https:\/\/yoast.com\/wordpress\/plugins\/seo\/ -->\n<title>Airports in Norway, codes, map, arrival info on Norwegian airports<\/title>\n<meta name=\"description\" content=\"List of Norwegian airports with airport codes and arrival information, map of domestic and international airports in Norway with number of passengers\" \/>\n<meta name=\"robots\" content=\"index, follow, max-snippet:-1, max-image-preview:large, max-video-preview:-1\" \/>\n<link rel=\"canonical\" href=\"https:\/\/traveling.com\/en\/blog\/airports-in-norway\/\" \/>\n<meta property=\"og:locale\" content=\"en_GB\" \/>\n<meta property=\"og:type\" content=\"article\" \/>\n<meta property=\"og:title\" content=\"Airports in Norway, codes, map, arrival info on Norwegian airports\" \/>\n<meta property=\"og:description\" content=\"List of Norwegian airports with airport codes and arrival information, map of domestic and international airports in Norway with number of passengers\" \/>\n<meta property=\"og:url\" content=\"https:\/\/traveling.com\/en\/blog\/airports-in-norway\/\" \/>\n<meta property=\"og:site_name\" content=\"Traveling.com Blog\" \/>\n<meta property=\"article:publisher\" content=\"https:\/\/www.facebook.com\/getbybus\" \/>\n<meta property=\"article:modified_time\" content=\"2025-03-24T09:01:15+00:00\" \/>\n<meta property=\"og:image\" content=\"https:\/\/getbybus.com\/en\/blog\/wp-content\/uploads\/2018\/03\/Oslo-Airport.jpg\" \/>\n<meta name=\"twitter:card\" content=\"summary_large_image\" \/>\n<meta name=\"twitter:site\" content=\"@GetByBus\" \/>\n<meta name=\"twitter:label1\" content=\"Est. reading time\" \/>\n\t<meta name=\"twitter:data1\" content=\"5 minutes\" \/>\n<script type=\"application\/ld+json\" class=\"yoast-schema-graph\">{\"@context\":\"https:\/\/schema.org\",\"@graph\":[{\"@type\":\"WebPage\",\"@id\":\"https:\/\/traveling.com\/en\/blog\/airports-in-norway\/\",\"url\":\"https:\/\/traveling.com\/en\/blog\/airports-in-norway\/\",\"name\":\"Airports in Norway, codes, map, arrival info on Norwegian airports\",\"isPartOf\":{\"@id\":\"https:\/\/traveling.com\/en\/blog\/#website\"},\"datePublished\":\"2018-03-29T12:05:26+00:00\",\"dateModified\":\"2025-03-24T09:01:15+00:00\",\"description\":\"List of Norwegian airports with airport codes and arrival information, map of domestic and international airports in Norway with number of passengers\",\"breadcrumb\":{\"@id\":\"https:\/\/traveling.com\/en\/blog\/airports-in-norway\/#breadcrumb\"},\"inLanguage\":\"en-GB\",\"potentialAction\":[{\"@type\":\"ReadAction\",\"target\":[\"https:\/\/traveling.com\/en\/blog\/airports-in-norway\/\"]}]},{\"@type\":\"BreadcrumbList\",\"@id\":\"https:\/\/traveling.com\/en\/blog\/airports-in-norway\/#breadcrumb\",\"itemListElement\":[{\"@type\":\"ListItem\",\"position\":1,\"name\":\"Home\",\"item\":\"https:\/\/traveling.com\/en\/blog\/\"},{\"@type\":\"ListItem\",\"position\":2,\"name\":\"Airports in Norway\"}]},{\"@type\":\"WebSite\",\"@id\":\"https:\/\/traveling.com\/en\/blog\/#website\",\"url\":\"https:\/\/traveling.com\/en\/blog\/\",\"name\":\"Traveling.com Blog\",\"description\":\"Your Expert Guide to Every Journey\",\"potentialAction\":[{\"@type\":\"SearchAction\",\"target\":{\"@type\":\"EntryPoint\",\"urlTemplate\":\"https:\/\/traveling.com\/en\/blog\/?s={search_term_string}\"},\"query-input\":\"required name=search_term_string\"}],\"inLanguage\":\"en-GB\"}]}<\/script>\n<!-- \/ Yoast SEO plugin. -->","yoast_head_json":{"title":"Airports in Norway, codes, map, arrival info on Norwegian airports","description":"List of Norwegian airports with airport codes and arrival information, map of domestic and international airports in Norway with number of passengers","robots":{"index":"index","follow":"follow","max-snippet":"max-snippet:-1","max-image-preview":"max-image-preview:large","max-video-preview":"max-video-preview:-1"},"canonical":"https:\/\/traveling.com\/en\/blog\/airports-in-norway\/","og_locale":"en_GB","og_type":"article","og_title":"Airports in Norway, codes, map, arrival info on Norwegian airports","og_description":"List of Norwegian airports with airport codes and arrival information, map of domestic and international airports in Norway with number of passengers","og_url":"https:\/\/traveling.com\/en\/blog\/airports-in-norway\/","og_site_name":"Traveling.com Blog","article_publisher":"https:\/\/www.facebook.com\/getbybus","article_modified_time":"2025-03-24T09:01:15+00:00","og_image":[{"url":"https:\/\/getbybus.com\/en\/blog\/wp-content\/uploads\/2018\/03\/Oslo-Airport.jpg"}],"twitter_card":"summary_large_image","twitter_site":"@GetByBus","twitter_misc":{"Est. reading time":"5 minutes"},"schema":{"@context":"https:\/\/schema.org","@graph":[{"@type":"WebPage","@id":"https:\/\/traveling.com\/en\/blog\/airports-in-norway\/","url":"https:\/\/traveling.com\/en\/blog\/airports-in-norway\/","name":"Airports in Norway, codes, map, arrival info on Norwegian airports","isPartOf":{"@id":"https:\/\/traveling.com\/en\/blog\/#website"},"datePublished":"2018-03-29T12:05:26+00:00","dateModified":"2025-03-24T09:01:15+00:00","description":"List of Norwegian airports with airport codes and arrival information, map of domestic and international airports in Norway with number of passengers","breadcrumb":{"@id":"https:\/\/traveling.com\/en\/blog\/airports-in-norway\/#breadcrumb"},"inLanguage":"en-GB","potentialAction":[{"@type":"ReadAction","target":["https:\/\/traveling.com\/en\/blog\/airports-in-norway\/"]}]},{"@type":"BreadcrumbList","@id":"https:\/\/traveling.com\/en\/blog\/airports-in-norway\/#breadcrumb","itemListElement":[{"@type":"ListItem","position":1,"name":"Home","item":"https:\/\/traveling.com\/en\/blog\/"},{"@type":"ListItem","position":2,"name":"Airports in Norway"}]},{"@type":"WebSite","@id":"https:\/\/traveling.com\/en\/blog\/#website","url":"https:\/\/traveling.com\/en\/blog\/","name":"Traveling.com Blog","description":"Your Expert Guide to Every Journey","potentialAction":[{"@type":"SearchAction","target":{"@type":"EntryPoint","urlTemplate":"https:\/\/traveling.com\/en\/blog\/?s={search_term_string}"},"query-input":"required name=search_term_string"}],"inLanguage":"en-GB"}]}},"_links":{"self":[{"href":"https:\/\/traveling.com\/en\/blog\/wp-json\/wp\/v2\/pages\/5620"}],"collection":[{"href":"https:\/\/traveling.com\/en\/blog\/wp-json\/wp\/v2\/pages"}],"about":[{"href":"https:\/\/traveling.com\/en\/blog\/wp-json\/wp\/v2\/types\/page"}],"author":[{"embeddable":true,"href":"https:\/\/traveling.com\/en\/blog\/wp-json\/wp\/v2\/users\/1"}],"replies":[{"embeddable":true,"href":"https:\/\/traveling.com\/en\/blog\/wp-json\/wp\/v2\/comments?post=5620"}],"version-history":[{"count":13,"href":"https:\/\/traveling.com\/en\/blog\/wp-json\/wp\/v2\/pages\/5620\/revisions"}],"predecessor-version":[{"id":25020,"href":"https:\/\/traveling.com\/en\/blog\/wp-json\/wp\/v2\/pages\/5620\/revisions\/25020"}],"wp:attachment":[{"href":"https:\/\/traveling.com\/en\/blog\/wp-json\/wp\/v2\/media?parent=5620"}],"curies":[{"name":"wp","href":"https:\/\/api.w.org\/{rel}","templated":true}]}}