{"id":10275,"date":"2021-02-23T09:00:20","date_gmt":"2021-02-23T07:00:20","guid":{"rendered":"https:\/\/getbybus.com\/hr\/blog\/?page_id=10275"},"modified":"2025-03-24T12:58:38","modified_gmt":"2025-03-24T10:58:38","slug":"zracne-luke-na-novom-zelandu","status":"publish","type":"page","link":"https:\/\/traveling.com\/hr\/blog\/zracne-luke-na-novom-zelandu\/","title":{"rendered":"Zra\u010dne luke na Novom Zelandu"},"content":{"rendered":"<p><strong>Novi Zeland<\/strong> je u posljednjih nekoliko godina postao jedna od najatraktivnijih destinacija.<\/p>\n<p>Veli\u010danstveno zelenilo krajolika i op\u0107e poznato gostoprimstvo stanovnika \u010dine ovu oto\u010dnu zemlju nezaobilaznom destinacijom. Ako planirate putovanje na Novi Zeland, ispod mo\u017eete prona\u0107i detaljan vodi\u010d za regionalne i me\u0111unarodne zra\u010dne luke na Novom Zelandu.<\/p>\n<p>Pogledajte i <strong>kartu novozelandskih zra\u010dnih luka<\/strong> na kraju ove objave<b>.<\/b><\/p>\n<p><\/p>\n<h3><span class=\"ez-toc-section\" id=\"Zracna_luka_Auckland_-_IATA_Kod_-_AKL\"><\/span>Zra\u010dna luka Auckland \u2013 IATA Kod \u2013 AKL<span class=\"ez-toc-section-end\"><\/span><\/h3>\n<p><span style=\"color: #2a2a2a;\"><strong>Otprilike 21.000.000 putnika<\/strong><\/span><\/p>\n<p><strong>Zra\u010dna luka Auckland<\/strong> najprometnija je me\u0111unarodna zra\u010dna luka na Novom Zelandu, a godi\u0161nje kroz nju pro\u0111e vi\u0161e od 20 milijuna putnika.&nbsp;<\/p>\n<p>Zra\u010dna luka Auckland sredi\u0161te je nekoliko zrakoplovnih prijevoznika, uklju\u010duju\u0107i <strong>Air New Zealand, Jetstar Airways <\/strong>i <strong>Virgin Australia<\/strong>. Nalazi se oko 20 kilometara ju\u017eno od Aucklanda, a iz zra\u010dne luke do grada mo\u017eete do\u0107i na nekoliko na\u010dina, uklju\u010duju\u0107i autobus zra\u010dne luke, javni prijevoz i usluge taksija. <a href=\"https:\/\/Traveling.com\/hr\/blog\/zracna-luka-auckland\/\">Zra\u010dna luka Auckland<\/a> dobar je izbor ako \u017eelite posjetiti gradove u regijama Northland i Waikato, poput <strong>Whangareija, Hamiltona<\/strong> ili Taurange.<\/p>\n<h3><span class=\"ez-toc-section\" id=\"Zracna_luka_Christchurch_-_IATA_Kod_-_CHC\"><\/span><strong>Zra\u010dna luka Christchurch \u2013 IATA Kod \u2013 CHC<\/strong><span class=\"ez-toc-section-end\"><\/span><\/h3>\n<p><span style=\"color: #2a2a2a;\"><strong>Otprilike 7.000.000 putnika<\/strong><\/span><\/p>\n<p>Druga najprometnija zra\u010dna luka na Novom Zelandu smje\u0161tena je na Ju\u017enom otoku i opslu\u017euje grad Christchurch. Kroz <strong>Zra\u010dnu luku Christchurch<\/strong> godi\u0161nje pro\u0111e oko 7 milijuna putnika, a ima redovite me\u0111unarodne letove iz gradova poput Melbournea, Sydneya i Dubaija.<\/p>\n<p><strong>Air New Zealand, Emirates i Qantas Airways<\/strong> neki su od prijevoznika koji nude redovne letove do Zra\u010dne luke Christchurch. Za sve koji posje\u0107uju regiju Canterbury i gradove <strong>Timaru, Akaroa ili Nacionalni park Aoraki\/Mount Cook<\/strong>, Zra\u010dna luka Christchurch zasigurno je najbolja opcija. Nalazi se oko 13 km sjeverozapadno od grada. Do grada mo\u017eete do\u0107i javnim prijevozom Metro Red Bus, kao i autobusom zra\u010dne luke ili taksijem.<\/p>\n<h3><span class=\"ez-toc-section\" id=\"Zracna_luka_Wellington_-_IATA_Kod_-_WLG\"><\/span>Zra\u010dna luka Wellington \u2013 IATA Kod \u2013 WLG<span class=\"ez-toc-section-end\"><\/span><\/h3>\n<p><span style=\"color: #2a2a2a;\"><strong>Otprilike 6.500.000 putnika<\/strong><\/span><\/p>\n<p>Me\u0111unarodna <strong>Zra\u010dna luka Wellington<\/strong> nalazi se u Wellingtonu, glavnom gradu Novog Zelanda. S ne\u0161to vi\u0161e od 6 milijuna putnika godi\u0161nje, jedna je <a href=\"https:\/\/Traveling.com\/hr\/blog\/zracna-luka-wellington\/\">od najprometnijih zra\u010dnih luka<\/a> na Novom Zelandu. Iz i do zra\u010dne luke me\u0111unarodne letove uglavnom nude <strong>Air New Zealand, Singapore Airlines <\/strong>i <strong>Virgin<\/strong>. Zbog svog polo\u017eaja Zra\u010dna luka Wellington dobar je izbor za one koji putuju u regije Marlborough, Nelson i Tasman. Iz grada Wellington lako mo\u017eete do\u0107i do <strong>nacionalnih parkova Kahurangi i jezera Nelson<\/strong>. Zra\u010dna luka nalazi se oko 6 km jugoisto\u010dno od grada. Do zra\u010dne luke se mo\u017ee do\u0107i autobusom Airport Flyer, taksijem i unamjenim automobilom.&nbsp;<\/p>\n<h3><span class=\"ez-toc-section\" id=\"Zracna_luka_Queenstown_-_IATA_Kod_-_ZQN\"><\/span>Zra\u010dna luka Queenstown \u2013 IATA Kod \u2013 ZQN&nbsp;<span class=\"ez-toc-section-end\"><\/span><\/h3>\n<p><span style=\"color: #2a2a2a;\"><strong>Otprilike 2.000.000 putnika<\/strong><\/span><\/p>\n<p>Me\u0111unarodna <strong>Zra\u010dna luka Queenstown<\/strong> nalazi se u regiji Otago, u ju\u017enom dijelu Ju\u017enog otoka. Zra\u010dna luka trenutno nudi letove s 4 glavne zrakoplovne tvrtke &#8211; <strong>Jetstar i Air New Zealand<\/strong> za doma\u0107e letove te <strong>Qantas Airways i Virgin Australia<\/strong> za me\u0111unarodne letove. Zra\u010dna luka nalazi se oko 8 km sjeveroisto\u010dno od centra Queenstowna i dobra je opcija za one koji posje\u0107uju zapadni dio Novog Zelanda, posebno ako je rije\u010d o nacionalnim parkovima poput <strong>Fiordlanda<\/strong> i <strong>Mount Aspiringa<\/strong>. Kako bi do\u0161li u Queenstown, putnici mogu koristiti javni autobusni prijevoz Orbus, taksi i unajmljeni automobil.<\/p>\n<h3><span class=\"ez-toc-section\" id=\"Zracna_luka_Dunedin_-_IATA_Kod_-_DUD\"><\/span>Zra\u010dna luka Dunedin \u2013 IATA Kod \u2013 DUD<span class=\"ez-toc-section-end\"><\/span><\/h3>\n<p><span style=\"color: #2a2a2a;\"><strong>Otprilike 1.000.000 putnika<\/strong><\/span><\/p>\n<p>Poznata kao i <strong>Zra\u010dna luka Momona, Zra\u010dna luka Dunedin<\/strong> tako\u0111er se nalazi u regiji Otago, a opslu\u017euje grad Dunedin. S ne\u0161to vi\u0161e od milijun putnika, rije\u010d je o petoj najprometnijoj zra\u010dnoj luci na Novom Zelandu. Iako nudi me\u0111unarodne letove, uglavnom upravlja doma\u0107im linijama do Aucklanda, Christchurcha i Wellingtona. Nalazi se u blizini ju\u017enih gradova kao \u0161to su <strong>Milton, Balclutha i Gore<\/strong>, pa mo\u017ee biti dobra alternativa Zra\u010dnoj luci Invercargill. Udaljenost izme\u0111u zra\u010dne luke i grada je oko 22 km, a do tamo putnici mogu do\u0107i autobusom zra\u010dne luke ili taksijem.<\/p>\n<h3><span class=\"ez-toc-section\" id=\"Zracna_luka_Nelson_-_IATA_Kod_-_NSN\"><\/span>Zra\u010dna luka Nelson \u2013 IATA Kod \u2013 NSN<span class=\"ez-toc-section-end\"><\/span><\/h3>\n<p><span style=\"color: #2a2a2a;\"><strong>Otprilike 1.000.000 putnika<\/strong><\/span><\/p>\n<p><strong>Zra\u010dna luka Nelson<\/strong> jedna je od regionalnih novozelandskih zra\u010dnih luka, a nalazi se 8 kilometara jugozapadno od centra grada Nelsona. Do grada mo\u017eete do\u0107i autobusom zra\u010dne luke Super Shuttle ili taksijem. Kroz zra\u010dnu luku pro\u0111e oko 1 milijun putnika godi\u0161nje, a uglavnom se radi o letovima do gradova kao \u0161to su Auckland, Wellington i Christchurch. Osim <strong>Jetstara<\/strong>, u zra\u010dnoj luci posluju i manje tvrtke, a to su <strong>SoundsAir, Air2There<\/strong> i <strong>Originair<\/strong>. Ova zra\u010dna luka dobar je izbor za sve koji planiraju posjetiti Nelson ili regiju Tasman, jer je njena lokacija idealna za put prema prema sjevernim dijelovima Ju\u017enog otoka.<\/p>\n<div id=\"attachment_17111\" style=\"width: 1034px\" class=\"wp-caption alignnone\"><img aria-describedby=\"caption-attachment-17111\" decoding=\"async\" class=\"wp-image-17111 size-full\" src=\"https:\/\/d2bgjx2gb489de.cloudfront.net\/gbb-blogs\/wp-content\/uploads\/2020\/03\/19165429\/Queenstown-Airport.jpg\" alt=\"Avion Air New Zealand slije\u0107e u Zra\u010dnu luku Queenstown&nbsp;\" width=\"1024\" height=\"684\"><p id=\"caption-attachment-17111\" class=\"wp-caption-text\">Avion Air New Zealand slije\u0107e u Zra\u010dnu luku Queenstown&nbsp;<\/p><\/div>\n<h3><span class=\"ez-toc-section\" id=\"Zracna_luka_Hawkes_Bay_-_IATA_Kod_-_NPE\"><\/span>Zra\u010dna luka Hawke\u2019s Bay \u2013 IATA Kod \u2013 NPE<span class=\"ez-toc-section-end\"><\/span><\/h3>\n<p><span style=\"color: #2a2a2a;\"><strong>Otprilike 750.000 putnika<\/strong><\/span><\/p>\n<p>Poznatiji kao <strong>Zra\u010dna luka Napier<\/strong>, NPE je regionalna zra\u010dna luka u novozelandskoj regiji Hawke&#8217;s Bay, smje\u0161tena samo 5 kilometara od grada Napiera. Pro\u0161le godine kroz zra\u010dnu luku je pro\u0161lo oko 750.000 putnika, uglavnom na doma\u0107im letovima do gradova poput Gisbornea i Hamiltona. Obli\u017enji gradovi <strong>Hastings, Napier<\/strong> i <strong>Clive<\/strong> nalaze se oko 20 minuta od zra\u010dne luke. Iako je relativno mala, popularnost ove zra\u010dne luke raste, \u0161to se vidi i po broju putnika. Do grada Napera mo\u017eete do\u0107i taksijem i autobusom zra\u010dne luke.<\/p>\n<h3><span class=\"ez-toc-section\" id=\"Zracna_luka_Palmerston_North_-_IATA_Kod_-_PMR\"><\/span>Zra\u010dna luka Palmerston North \u2013 IATA Kod \u2013 PMR<span class=\"ez-toc-section-end\"><\/span><\/h3>\n<p><span style=\"color: #2a2a2a;\"><strong>Otprilike 650.000 putnika<\/strong><\/span><\/p>\n<p><strong>Zra\u010dna luka Palmerston North<\/strong>, s gotovo 700.000 putnika, 8. je najprometnija zra\u010dna luka na Novom Zelandu, a nalazi se oko 6 km sjeveroisto\u010dno od centra grada Palmerston North. Do grada se mo\u017ee do\u0107i autobusom zra\u010dne luke, a ako planirate posjetiti obli\u017enje pla\u017ee, najam automobila i taksiji mogu se dogovoriti izravno u zra\u010dnoj luci.&nbsp;&nbsp;<\/p>\n<h3><span class=\"ez-toc-section\" id=\"Zracna_luka_Tauranga_-_IATA_Kod_-_TRG\"><\/span>Zra\u010dna luka Tauranga \u2013 IATA Kod \u2013 TRG<span class=\"ez-toc-section-end\"><\/span><\/h3>\n<p><span style=\"color: #2a2a2a;\"><strong>Otprilike 475.000 putnika<\/strong><\/span><\/p>\n<p><strong>Zra\u010dna luka Tauranga<\/strong> jo\u0161 je jedna regionalna zra\u010dna luka na Novom Zelandu. Nalazi se 3 kilometra od grada Taurange, a do grada se mo\u017ee do\u0107i autobusom zra\u010dne luke i taksijem. Pro\u0161le godine kroz zra\u010dnu luku je pro\u0161lo oko 500.000 putnika, uglavnom na doma\u0107m letovima. Zra\u010dna luka Tauranga najbli\u017ea je zra\u010dna luka svim najve\u0107im gradovima u regiji Bay of Plenty, kao \u0161to su <strong>Rotorue<\/strong> i <strong>Whakatanea<\/strong>, tako da je dobra opcija ako \u017eelite posjetiti ove gradove. Do i od zra\u010dne luke mo\u017eete do\u0107i taksijem, unajmljenim automobilom i vozilima zra\u010dne luke .<\/p>\n<h3><span class=\"ez-toc-section\" id=\"Zracna_luka_New_Plymouth_-_IATA_Kod_-_NPL\"><\/span>Zra\u010dna luka New Plymouth \u2013 IATA Kod \u2013 NPL<span class=\"ez-toc-section-end\"><\/span><\/h3>\n<p><span style=\"color: #2a2a2a;\"><strong>Otprilike 450.000 putnika<\/strong><\/span><\/p>\n<p>Smje\u0161tena na zapadnoj obali Sjevernog otoka, <strong>Zra\u010dna luka New Plymouth<\/strong> opslu\u017euje grad New Plymouth i druge gradove u regiji Taranaki. Zra\u010dna luka se nalazi oko 12 kilometara sjeverno od grada, do kojeg se mo\u017ee do\u0107i autobusom, taksijem i unajmljenim automobilom. Tako\u0111er, <strong>planina Taranaki i Nacionalni park Whanganui<\/strong> nalaze se u blizini zra\u010dne luke. Pro\u0161le godine zra\u010dna luka kroz zra\u010dnu luku je pro\u0161lo 455.000 putnika, \u0161to je 6 posto vi\u0161e u odnosu na prethodnu godinu.<\/p>\n<h3><span class=\"ez-toc-section\" id=\"Zracna_luka_Hamilton_-_IATA_Kod_-_HLZ\"><\/span>Zra\u010dna luka Hamilton \u2013 IATA Kod \u2013 HLZ&nbsp;<span class=\"ez-toc-section-end\"><\/span><\/h3>\n<p><span style=\"color: #2a2a2a;\"><strong>Otprilike 380.000 putnika<\/strong><\/span><\/p>\n<p><strong>Zra\u010dna luka Hamilton<\/strong> nalazi se oko 15 kilometara ju\u017eno od grada Hamiltona. Pro\u0161le godine kroz zra\u010dnu luku je pro\u0161lo oko 380.000 putnika, uglavnom na doma\u0107im letovima <strong>Air New Zealand<\/strong> i manje zrakoplovne tvrtke <strong>Sunari<\/strong>. Lokacija zra\u010dne luke prikladna je za posjet nekoliko destinacija na Sjevernom otoku, kao \u0161to su <strong>Taurange, Rotorue i jezera Taupo<\/strong>. Aerolink Shuttle, zajedno s nekoliko rent-a-car i taksi usluga nude prijevoz iz zra\u010dne luke.<\/p>\n<h3><span class=\"ez-toc-section\" id=\"Zracna_luka_Invercargill_-_IATA_Kod_-_IVC\"><\/span>Zra\u010dna luka Invercargill \u2013 IATA Kod \u2013 IVC<span class=\"ez-toc-section-end\"><\/span><\/h3>\n<p><span style=\"color: #2a2a2a;\"><strong>Otprilike 320.000 putnika<\/strong><\/span><\/p>\n<p><strong>Zra\u010dna luka Invercargill<\/strong> najju\u017enija je zra\u010dna luka Novog Zelanda, a nalazi se oko 2 kilometra od grada i nudi svakodnevne letove do i iz Christchurcha. Godi\u0161nje kroz zra\u010dnu luku pro\u0111e oko 300.000 putnika, a svi putuju s tvrtkom <strong>Air New Zealand<\/strong>. Zbog svog polo\u017eaja najbolja je opcija za sve koji putuju u regiju Southland, naj\u010de\u0161\u0107e u gradove <strong>Gore<\/strong> i <strong>Balcluthe<\/strong>. Do grada Invercargill nema javnog prijevoza, ali iz i do zra\u010dne luke mo\u017ee se do\u0107i autobusom zra\u010dne luke i taksijem.<\/p>\n<h3><span class=\"ez-toc-section\" id=\"Zracna_luka_Blenheim_-_IATA_Kod_-_BHE\"><\/span>Zra\u010dna luka Blenheim \u2013 IATA Kod \u2013 BHE<span class=\"ez-toc-section-end\"><\/span><\/h3>\n<p><strong>Otprilike 315.000 putnika<\/strong><\/p>\n<p>Poznata i kao <strong>Zra\u010dna luka Woodbourne<\/strong> i (ponekad) <strong>Zra\u010dna luka Marlborough<\/strong>, trenutno je to mala zra\u010dna luka sa samo 2 zrakoplovne tvrtke. Pro\u0161le godine kroz nju je pro\u0161lo vi\u0161e od 300.000 putnika. Nalazi se oko 10 kilometara zapadno od grada Blenheima i 100 kilometara od grada Nelsona. Autobusi ne prometuju do zra\u010dne luke, stoga je jedina mogu\u0107nost naru\u010diti taksi ili unajmiti automobil.<\/p>\n<h3><span class=\"ez-toc-section\" id=\"Zracna_luka_Rotorua_-_IATA_Kod_-_ROT\"><\/span>Zra\u010dna luka Rotorua \u2013 IATA Kod \u2013 ROT<span class=\"ez-toc-section-end\"><\/span><\/h3>\n<p><span style=\"color: #2a2a2a;\"><strong>Otprilike 265.000 putnika<\/strong><\/span><\/p>\n<p><strong>Zra\u010dna luka Rotorua<\/strong> jedna je od malih regionalnih zra\u010dnih luka na Novom Zelandu, a nalazi se oko 7 kilometara sjeveroisto\u010dno od grada Rotorue. Do grada se mo\u017ee do\u0107i javnim autobusom, autobusom zra\u010dne luke i taksijem. Dr\u017eite na umu kako se nalazi u centru Sjevernog otoka, pa je prikladna za sve koji putuju u gradove u okolici jezera <strong>Rotorua i Rotoiti. Air New Zealand<\/strong> glavni je prijevoznik za Zra\u010dnu luku Rotorua, a nudi letove do ve\u0107ih gradova u zemlji.<\/p>\n<div id=\"attachment_17120\" style=\"width: 1034px\" class=\"wp-caption alignnone\"><img aria-describedby=\"caption-attachment-17120\" decoding=\"async\" class=\"wp-image-17120 size-full\" src=\"https:\/\/d2bgjx2gb489de.cloudfront.net\/gbb-blogs\/wp-content\/uploads\/2020\/03\/19172458\/Auckland-Airport-Welcome-sign.jpg\" alt=\"Znak dobrodo\u0161lice u Zra\u010dnoj luci Auckland\" width=\"1024\" height=\"684\"><p id=\"caption-attachment-17120\" class=\"wp-caption-text\">Znak dobrodo\u0161lice u Zra\u010dnoj luci Auckland<\/p><\/div>\n<h3><span class=\"ez-toc-section\" id=\"Manje_zracne_luke_za_domace_letove_na_Novom_Zelandu\"><\/span>Manje zra\u010dne luke za doma\u0107e letove na Novom Zelandu<span class=\"ez-toc-section-end\"><\/span><\/h3>\n<p><span style=\"color: #2a2a2a;\"><strong>Zra\u010dna luka Chatham Islands<\/strong><\/span> \u2013 IATA Kod \u2013 CHT<\/p>\n<ul>\n<li aria-level=\"1\">Poznata i kao: Zra\u010dna luka Tuuta<\/li>\n<li aria-level=\"1\">Zrakoplovni prijevoznici: Air Chathams<\/li>\n<li aria-level=\"1\">Gradovi u blizini: Chatham Islands<\/li>\n<\/ul>\n<p><span style=\"color: #2a2a2a;\"><strong>Zra\u010dna luka Gisborne<\/strong><\/span> \u2013 IATA Kod \u2013 GIS<\/p>\n<ul>\n<li aria-level=\"1\">Zrakoplovni prijevoznici: Air New Zealand, SunAir<\/li>\n<li aria-level=\"1\">Gradovi u blizini: Te Urewera, Tolaga Bay, Tokomaru Bay<\/li>\n<\/ul>\n<p><span style=\"color: #2a2a2a;\"><strong>Aerodrom Great Barrier<\/strong><\/span> \u2013 IATA Kod \u2013 GBZ<\/p>\n<ul>\n<li aria-level=\"1\">Zrakoplovni prijevoznici: SunAir, BarrierAir, Flight Hauraki<\/li>\n<li aria-level=\"1\">Gradovi u blizini: Great Barrier Island<\/li>\n<\/ul>\n<p><span style=\"color: #2a2a2a;\"><strong>Zra\u010dna luka Hokitika<\/strong><\/span> \u2013 IATA Kod \u2013 HKK<\/p>\n<ul>\n<li aria-level=\"1\">Zrakoplovni prijevoznici: Air New Zealand<\/li>\n<li aria-level=\"1\">Gradovi u blizini: Ruatapu, Greymouth, Westport<\/li>\n<\/ul>\n<p><span style=\"color: #2a2a2a;\"><strong>Zra\u010dna luka Kaitaia<\/strong> <\/span>\u2013 IATA Kod \u2013 KAT<\/p>\n<ul>\n<li aria-level=\"1\">Zrakoplovni prijevoznici: Barrier Air<\/li>\n<li aria-level=\"1\">Gradovi u blizini: Kaitaia, Ahipara<\/li>\n<\/ul>\n<p><span style=\"color: #2a2a2a;\"><strong>Zra\u010dna luka Kerikeri<\/strong><\/span> \u2013 IATA Kod \u2013 KKE<\/p>\n<ul>\n<li aria-level=\"1\">Poznata i kao: Zra\u010dna luka Bay of Islands<\/li>\n<li aria-level=\"1\">Zrakoplovni prijevoznici: Air New Zealand<\/li>\n<li aria-level=\"1\">Gradovi u blizini: Kerikeri, Auckland<\/li>\n<\/ul>\n<p><span style=\"color: #2a2a2a;\"><strong>Zra\u010dna luka Kapiti Coast<\/strong><\/span> \u2013 IATA Kod \u2013 PPQ<\/p>\n<ul>\n<li aria-level=\"1\">Zrakoplovni prijevoznici: Air Chathams, SoundsAir<\/li>\n<li aria-level=\"1\">Gradovi u blizini: Paraparaumu, Paekakariki, Wellington<\/li>\n<\/ul>\n<p><span style=\"color: #2a2a2a;\"><strong>Aerodrom Picton<\/strong> <\/span>\u2013 IATA Kod \u2013 PCN<\/p>\n<ul>\n<li aria-level=\"1\">Zrakoplovni prijevoznici: SoundsAir<\/li>\n<li aria-level=\"1\">Gradovi u blizini: Koromiko, Blenheim, Nelson<\/li>\n<\/ul>\n<p><strong><span style=\"color: #2a2a2a;\">Zra\u010dna luka<\/span> <span style=\"color: #2a2a2a;\">Taupo<\/span><\/strong> \u2013 IATA Kod \u2013 TUO<\/p>\n<ul>\n<li aria-level=\"1\">Zrakoplovni prijevoznici: Air New Zealand, SoundsAir<\/li>\n<li aria-level=\"1\">Gradovi u blizini: Wairakei, Rotorua<\/li>\n<\/ul>\n<p><span style=\"color: #2a2a2a;\"><strong>Zra\u010dna luka Timaru<\/strong><\/span> \u2013 IATA Kod \u2013 TIU<\/p>\n<ul>\n<li aria-level=\"1\">Zrakoplovni prijevoznici: Air New Zealand<\/li>\n<li aria-level=\"1\">Gradovi u blizini: Christchurch, Akaroa, Ashburton<\/li>\n<\/ul>\n<p><span style=\"color: #2a2a2a;\"><strong>Zra\u010dna luka Whangarei<\/strong><\/span> \u2013 IATA Kod \u2013 WRE<\/p>\n<ul>\n<li aria-level=\"1\">Zrakoplovni prijevoznici: Air New Zealand<\/li>\n<li aria-level=\"1\">Gradovi u blizini: Dargaville, Kawakawa<\/li>\n<\/ul>\n<p><span style=\"color: #2a2a2a;\"><strong>Zra\u010dna luka Whanganui<\/strong><\/span> \u2013 IATA Kod \u2013 WAG<\/p>\n<ul>\n<li aria-level=\"1\">Zrakoplovni prijevoznici: Air Chathams<\/li>\n<li aria-level=\"1\">Gradovi u blizini: Palmerston North, Whanganui National Park<\/li>\n<\/ul>\n<p><span style=\"color: #2a2a2a;\"><strong>Zra\u010dna luka Whakatane<\/strong><\/span> \u2013 IATA Kod \u2013 WHK<\/p>\n<ul>\n<li aria-level=\"1\">Zrakoplovni prijevoznici: Air Chathams<\/li>\n<li aria-level=\"1\">Gradovi u blizini: Tauranga, Rotorua<\/li>\n<\/ul>\n<h3><span class=\"ez-toc-section\" id=\"Karta_zracnih_luka_na_Novom_Zelandu\"><\/span>Karta zra\u010dnih luka na Novom Zelandu<span class=\"ez-toc-section-end\"><\/span><\/h3>\n\n\n<iframe src=\"https:\/\/www.google.com\/maps\/d\/u\/0\/embed?mid=1YApr7QUfzI8IaMJiacPJo6OeVxUfBa5o\" width=\"640\" height=\"480\"><\/iframe>\n","protected":false},"excerpt":{"rendered":"<p>Novi Zeland je u posljednjih nekoliko godina postao jedna od najatraktivnijih destinacija. Veli\u010danstveno zelenilo krajolika i op\u0107e poznato gostoprimstvo stanovnika \u010dine ovu oto\u010dnu zemlju nezaobilaznom destinacijom. Ako planirate putovanje na Novi Zeland, ispod mo\u017eete prona\u0107i detaljan vodi\u010d za regionalne i me\u0111unarodne zra\u010dne luke na Novom Zelandu. Pogledajte i kartu novozelandskih zra\u010dnih luka na kraju ove [&hellip;]<\/p>\n<p><a class=\"more-link btn btn-primary\" href=\"https:\/\/traveling.com\/hr\/blog\/zracne-luke-na-novom-zelandu\/\"> Continue reading&#8230;<\/a><\/p>\n","protected":false},"author":1,"featured_media":0,"parent":0,"menu_order":0,"comment_status":"closed","ping_status":"closed","template":"","meta":[],"yoast_head":"<!-- This site is optimized with the Yoast SEO plugin v19.8 - https:\/\/yoast.com\/wordpress\/plugins\/seo\/ -->\n<title>Zra\u010dne luke na Novom Zelandu IATA kodovi, karta i informacije<\/title>\n<meta name=\"description\" content=\"Popis zra\u010dnih luka na Novom Zelandu, broj putnika i kod zra\u010dne luke. Karta me\u0111unarodnih i doma\u0107ih novozelandskih zra\u010dnih luka koje nude redovne letove.\" \/>\n<meta name=\"robots\" content=\"index, follow, max-snippet:-1, max-image-preview:large, max-video-preview:-1\" \/>\n<link rel=\"canonical\" href=\"https:\/\/traveling.com\/hr\/blog\/zracne-luke-na-novom-zelandu\/\" \/>\n<meta property=\"og:locale\" content=\"hr_HR\" \/>\n<meta property=\"og:type\" content=\"article\" \/>\n<meta property=\"og:title\" content=\"Zra\u010dne luke na Novom Zelandu IATA kodovi, karta i informacije\" \/>\n<meta property=\"og:description\" content=\"Popis zra\u010dnih luka na Novom Zelandu, broj putnika i kod zra\u010dne luke. Karta me\u0111unarodnih i doma\u0107ih novozelandskih zra\u010dnih luka koje nude redovne letove.\" \/>\n<meta property=\"og:url\" content=\"https:\/\/traveling.com\/hr\/blog\/zracne-luke-na-novom-zelandu\/\" \/>\n<meta property=\"og:site_name\" content=\"Traveling.com Blog\" \/>\n<meta property=\"article:modified_time\" content=\"2025-03-24T10:58:38+00:00\" \/>\n<meta property=\"og:image\" content=\"https:\/\/d2bgjx2gb489de.cloudfront.net\/gbb-blogs\/wp-content\/uploads\/2020\/03\/19165429\/Queenstown-Airport.jpg\" \/>\n<meta name=\"twitter:card\" content=\"summary_large_image\" \/>\n<meta name=\"twitter:label1\" content=\"Est. reading time\" \/>\n\t<meta name=\"twitter:data1\" content=\"9 minutes\" \/>\n<script type=\"application\/ld+json\" class=\"yoast-schema-graph\">{\"@context\":\"https:\/\/schema.org\",\"@graph\":[{\"@type\":\"WebPage\",\"@id\":\"https:\/\/traveling.com\/hr\/blog\/zracne-luke-na-novom-zelandu\/\",\"url\":\"https:\/\/traveling.com\/hr\/blog\/zracne-luke-na-novom-zelandu\/\",\"name\":\"Zra\u010dne luke na Novom Zelandu IATA kodovi, karta i informacije\",\"isPartOf\":{\"@id\":\"https:\/\/traveling.com\/hr\/blog\/#website\"},\"datePublished\":\"2021-02-23T07:00:20+00:00\",\"dateModified\":\"2025-03-24T10:58:38+00:00\",\"description\":\"Popis zra\u010dnih luka na Novom Zelandu, broj putnika i kod zra\u010dne luke. Karta me\u0111unarodnih i doma\u0107ih novozelandskih zra\u010dnih luka koje nude redovne letove.\",\"breadcrumb\":{\"@id\":\"https:\/\/traveling.com\/hr\/blog\/zracne-luke-na-novom-zelandu\/#breadcrumb\"},\"inLanguage\":\"hr\",\"potentialAction\":[{\"@type\":\"ReadAction\",\"target\":[\"https:\/\/traveling.com\/hr\/blog\/zracne-luke-na-novom-zelandu\/\"]}]},{\"@type\":\"BreadcrumbList\",\"@id\":\"https:\/\/traveling.com\/hr\/blog\/zracne-luke-na-novom-zelandu\/#breadcrumb\",\"itemListElement\":[{\"@type\":\"ListItem\",\"position\":1,\"name\":\"Home\",\"item\":\"https:\/\/traveling.com\/hr\/blog\/\"},{\"@type\":\"ListItem\",\"position\":2,\"name\":\"Zra\u010dne luke na Novom Zelandu\"}]},{\"@type\":\"WebSite\",\"@id\":\"https:\/\/traveling.com\/hr\/blog\/#website\",\"url\":\"https:\/\/traveling.com\/hr\/blog\/\",\"name\":\"Traveling.com Blog\",\"description\":\"Tvoj najbolji vodi\u010d na putovanju\",\"potentialAction\":[{\"@type\":\"SearchAction\",\"target\":{\"@type\":\"EntryPoint\",\"urlTemplate\":\"https:\/\/traveling.com\/hr\/blog\/?s={search_term_string}\"},\"query-input\":\"required name=search_term_string\"}],\"inLanguage\":\"hr\"}]}<\/script>\n<!-- \/ Yoast SEO plugin. -->","yoast_head_json":{"title":"Zra\u010dne luke na Novom Zelandu IATA kodovi, karta i informacije","description":"Popis zra\u010dnih luka na Novom Zelandu, broj putnika i kod zra\u010dne luke. Karta me\u0111unarodnih i doma\u0107ih novozelandskih zra\u010dnih luka koje nude redovne letove.","robots":{"index":"index","follow":"follow","max-snippet":"max-snippet:-1","max-image-preview":"max-image-preview:large","max-video-preview":"max-video-preview:-1"},"canonical":"https:\/\/traveling.com\/hr\/blog\/zracne-luke-na-novom-zelandu\/","og_locale":"hr_HR","og_type":"article","og_title":"Zra\u010dne luke na Novom Zelandu IATA kodovi, karta i informacije","og_description":"Popis zra\u010dnih luka na Novom Zelandu, broj putnika i kod zra\u010dne luke. Karta me\u0111unarodnih i doma\u0107ih novozelandskih zra\u010dnih luka koje nude redovne letove.","og_url":"https:\/\/traveling.com\/hr\/blog\/zracne-luke-na-novom-zelandu\/","og_site_name":"Traveling.com Blog","article_modified_time":"2025-03-24T10:58:38+00:00","og_image":[{"url":"https:\/\/d2bgjx2gb489de.cloudfront.net\/gbb-blogs\/wp-content\/uploads\/2020\/03\/19165429\/Queenstown-Airport.jpg"}],"twitter_card":"summary_large_image","twitter_misc":{"Est. reading time":"9 minutes"},"schema":{"@context":"https:\/\/schema.org","@graph":[{"@type":"WebPage","@id":"https:\/\/traveling.com\/hr\/blog\/zracne-luke-na-novom-zelandu\/","url":"https:\/\/traveling.com\/hr\/blog\/zracne-luke-na-novom-zelandu\/","name":"Zra\u010dne luke na Novom Zelandu IATA kodovi, karta i informacije","isPartOf":{"@id":"https:\/\/traveling.com\/hr\/blog\/#website"},"datePublished":"2021-02-23T07:00:20+00:00","dateModified":"2025-03-24T10:58:38+00:00","description":"Popis zra\u010dnih luka na Novom Zelandu, broj putnika i kod zra\u010dne luke. Karta me\u0111unarodnih i doma\u0107ih novozelandskih zra\u010dnih luka koje nude redovne letove.","breadcrumb":{"@id":"https:\/\/traveling.com\/hr\/blog\/zracne-luke-na-novom-zelandu\/#breadcrumb"},"inLanguage":"hr","potentialAction":[{"@type":"ReadAction","target":["https:\/\/traveling.com\/hr\/blog\/zracne-luke-na-novom-zelandu\/"]}]},{"@type":"BreadcrumbList","@id":"https:\/\/traveling.com\/hr\/blog\/zracne-luke-na-novom-zelandu\/#breadcrumb","itemListElement":[{"@type":"ListItem","position":1,"name":"Home","item":"https:\/\/traveling.com\/hr\/blog\/"},{"@type":"ListItem","position":2,"name":"Zra\u010dne luke na Novom Zelandu"}]},{"@type":"WebSite","@id":"https:\/\/traveling.com\/hr\/blog\/#website","url":"https:\/\/traveling.com\/hr\/blog\/","name":"Traveling.com Blog","description":"Tvoj najbolji vodi\u010d na putovanju","potentialAction":[{"@type":"SearchAction","target":{"@type":"EntryPoint","urlTemplate":"https:\/\/traveling.com\/hr\/blog\/?s={search_term_string}"},"query-input":"required name=search_term_string"}],"inLanguage":"hr"}]}},"_links":{"self":[{"href":"https:\/\/traveling.com\/hr\/blog\/wp-json\/wp\/v2\/pages\/10275"}],"collection":[{"href":"https:\/\/traveling.com\/hr\/blog\/wp-json\/wp\/v2\/pages"}],"about":[{"href":"https:\/\/traveling.com\/hr\/blog\/wp-json\/wp\/v2\/types\/page"}],"author":[{"embeddable":true,"href":"https:\/\/traveling.com\/hr\/blog\/wp-json\/wp\/v2\/users\/1"}],"replies":[{"embeddable":true,"href":"https:\/\/traveling.com\/hr\/blog\/wp-json\/wp\/v2\/comments?post=10275"}],"version-history":[{"count":6,"href":"https:\/\/traveling.com\/hr\/blog\/wp-json\/wp\/v2\/pages\/10275\/revisions"}],"predecessor-version":[{"id":10281,"href":"https:\/\/traveling.com\/hr\/blog\/wp-json\/wp\/v2\/pages\/10275\/revisions\/10281"}],"wp:attachment":[{"href":"https:\/\/traveling.com\/hr\/blog\/wp-json\/wp\/v2\/media?parent=10275"}],"curies":[{"name":"wp","href":"https:\/\/api.w.org\/{rel}","templated":true}]}}