{"id":10565,"date":"2021-05-30T09:00:04","date_gmt":"2021-05-30T07:00:04","guid":{"rendered":"https:\/\/getbybus.com\/hr\/blog\/?page_id=10565"},"modified":"2025-03-24T13:00:29","modified_gmt":"2025-03-24T11:00:29","slug":"zracne-luke-urugvaj","status":"publish","type":"page","link":"https:\/\/traveling.com\/hr\/blog\/zracne-luke-urugvaj\/","title":{"rendered":"Zra\u010dne luke u Urugvaju\u00a0"},"content":{"rendered":"<p>Urugvaj je me\u0111u najmanjim zemljama Ju\u017ene Amerike, a nalazi se izme\u0111u Argentine i Brazila. Poznat je po svojoj dugoj obali, proizvodnji vina i posebnoj kulturi. U <strong>Urugvaju postoji ukupno 13 zra\u010dnih luka<\/strong>, a glavne su Zra\u010dna luka Montevideo i Zra\u010dna luka Punta del Este. Ispod mo\u017eete prona\u0107i popis zra\u010dnih luka te <strong>kartu svih zra\u010dnih luka u Urugvaju<\/strong>.<\/p>\n<h4><span style=\"color: #2a2a2a;\">Zra\u010dna luka Montevideo <\/span>\u2013 IATA Kod \u2013 MVD<\/h4>\n<p style=\"font-size:12px\">Otprilike 2 milijuna putnika<\/p>\n<p>Najve\u0107a zra\u010dna luka u Urugvaju je <strong>Me\u0111unarodna zra\u010dna luka Carrasco<\/strong>, poznata i kao <strong>Me\u0111unarodna zra\u010dna luka General Ces\u00e1reo L. Berisso<\/strong>. Nalazi se u \u010detvrti Carrasco i opslu\u017euje glavni grad Urugvaja, <strong>Montevideo<\/strong>. Najprometnija je zra\u010dna luka u zemlji, a kroz nju godi\u0161nje pro\u0111e preko 2 milijuna putnika. Iz zra\u010dne luke upravlja nekoliko zrakoplovnih prijevoznika koji nude linije prema ostatku Ju\u017ene Amerike, ali i Sjevernoj Americi i Europi. Zra\u010dna luka je sredi\u0161te za <strong>Amazonas Uruguay<\/strong>, a ostali ve\u0107i zrakoplovni prijevoznici su <strong>Gol Airlines<\/strong> i <strong>LATAM<\/strong>. Zra\u010dna luka se nalazi oko 18 km od centra grada Montevidea. Do grada se mo\u017ee do\u0107i autobusom, taksijem ili privatnim transferom. U blizini se nalazi i nekoliko drugih destinacija, kao \u0161to su <strong>Ciudad de la Costa<\/strong>, <strong>Las Piedras<\/strong> i <strong>Maldonado<\/strong>.<\/p>\n<h4><span style=\"color: #2a2a2a;\">Zra\u010dna luka Punta del Este<\/span> \u2013 IATA Kod \u2013 PDP<\/h4>\n<p style=\"font-size:12px\">Otprilike 160.000 putnika<\/p>\n<p><strong>Me\u0111unarodna zra\u010dna luka Capit\u00e1n de Corbeta Carlos A. Curbelo<\/strong><b>,<\/b> kako je u potpunosti nazvana, opslu\u017euje popularno urugvajsko odmarali\u0161te, <strong>Punta del Este<\/strong> i grad <strong>Maldonado<\/strong>. Poznata je i kao Me\u0111unarodna zra\u010dna luka Laguna del Sauce, a druga je najve\u0107a zra\u010dna luka u Urugvaju. Godi\u0161nje kroz zra\u010dnu luku pro\u0111e oko 160 000 putnika. Me\u0111u zrakoplovnim prijevoznicima koji nude letove do i iz&nbsp; zra\u010dne lukoe su <strong>Aerolineas Argentinas<\/strong>, <strong>Azul Brazilian Airlines<\/strong> i <strong>Flybondi<\/strong>. Zra\u010dna luka se nalazi oko 15 km od centra grada Maldonada i oko 20 km od centra Punta del Este. Do oba grada mo\u017ee se&nbsp; do\u0107i gradskim autobusom, taksijem ili privatnim transferom. Druge destinacije u blizini su El Tesoro, Manantiales, El Chorro i San Carlos.<\/p>\n<p><span style=\"color: #2a2a2a;\"><b>Zra\u010dna luka<\/b> <b>Rivera <\/b><\/span><b>\u2013 IATA Kod \u2013 RVY<\/b><\/p>\n<ul>\n<li aria-level=\"1\">Poznata i kao: Me\u0111unarodna zra\u010dna luka Pres. Gral. \u00d3scar D. Gestido<\/li>\n<li aria-level=\"1\">Zrakoplovni prijevoznici: Azul Brazilian Airlines<\/li>\n<li aria-level=\"1\">Gradovi u blizini: Rivera, Paso Ataques, Tranqueras<\/li>\n<\/ul>\n<p><span style=\"color: #2a2a2a;\"><b>Zra\u010dna luka Salto <\/b><\/span><b>\u2013 IATA Kod \u2013 STY<\/b><\/p>\n<ul>\n<li aria-level=\"1\">Poznata i kao: Me\u0111unarodna zra\u010dna luka Nueva Hesp\u00e9rides<\/li>\n<li aria-level=\"1\">Gradovi u blizini: Salto, Arenitas Blancas, Concordia (Argentina)<\/li>\n<\/ul>\n<p><span style=\"color: #2a2a2a;\"><b>Zra\u010dna luka<\/b> <b>Artigas <\/b><\/span><b>\u2013 IATA Kod \u2013 ATI<\/b><\/p>\n<ul>\n<li aria-level=\"1\">Gradovi u blizini: Artigas, Cerro Ejido, Pintadito<\/li>\n<\/ul>\n<p><span style=\"color: #2a2a2a;\"><b>Zra\u010dna luka<\/b> <b>Bella Union <\/b><\/span><b>\u2013 IATA Kod \u2013 BUV<\/b><\/p>\n<ul>\n<li aria-level=\"1\">Poznata i kao: Zra\u010dna luka Placeres<\/li>\n<li aria-level=\"1\">Gradovi u blizini: Bella Union, Mones Quintela, Cainsa<\/li>\n<\/ul>\n<p><span style=\"color: #2a2a2a;\"><b>Zra\u010dna luka<\/b> <b>Colonia <\/b><\/span><b>\u2013 IATA Kod \u2013 CYR<\/b><\/p>\n<ul>\n<li aria-level=\"1\">Poznata i kao: Zra\u010dna luka Laguna de los Patos<\/li>\n<li aria-level=\"1\">Gradovi u blizini: Colonia del Sacramento, Riachuelo, Balneario Artilleros<\/li>\n<\/ul>\n<p><span style=\"color: #2a2a2a;\"><b>Zra\u010dna luka<\/b> <b>Durazno <\/b><\/span><b>\u2013 IATA Kod \u2013 DZO<\/b><\/p>\n<ul>\n<li aria-level=\"1\">Poznata i kao: Me\u0111unarodna zra\u010dna luka Santa Bernardina<\/li>\n<li aria-level=\"1\">Gradovi u blizini: Durazno, Santa Bernardina<\/li>\n<\/ul>\n<p><span style=\"color: #2a2a2a;\"><b>Zra\u010dna luka<\/b> <b>Melo <\/b><\/span><b>\u2013 IATA Kod \u2013 MLZ<\/b><\/p>\n<ul>\n<li aria-level=\"1\">Poznata i kao: Me\u0111unarodna zra\u010dna luka Cerro Largo<\/li>\n<li aria-level=\"1\">Gradovi u blizini: Melo, Isidoro Nobilia, Fraile Muerto<\/li>\n<\/ul>\n<p><span style=\"color: #2a2a2a;\"><b>Zra\u010dna luka<\/b> <b>Paysandu <\/b><\/span><b>\u2013 IATA Kod \u2013 PDU<\/b><\/p>\n<ul>\n<li aria-level=\"1\">Poznata i kao: Me\u0111unarodna zra\u010dna luka Tydeo Larre Borges<\/li>\n<li aria-level=\"1\">Gradovi u blizini: Paysandu, Esperanza, Constancia<\/li>\n<\/ul>\n<p><span style=\"color: #2a2a2a;\"><b>Zra\u010dna luka<\/b> <b>Tacuarembo <\/b><\/span><b>\u2013 IATA Kod \u2013 TAW<\/b><\/p>\n<ul>\n<li aria-level=\"1\">Gradovi u blizini: Tacuarembo, Balneario Ipor\u00e1, Paso Bonilla<\/li>\n<\/ul>\n<p><span style=\"color: #2a2a2a;\"><b>Zra\u010dna luka<\/b> <b>Treinta y Tres <\/b><\/span><b>\u2013 IATA Kod \u2013 TYT<\/b><\/p>\n<ul>\n<li aria-level=\"1\">Gradovi u blizini: Treinta y Tres, Villa Sara<\/li>\n<\/ul>\n<p><span style=\"color: #2a2a2a;\"><b>Zra\u010dna luka<\/b> <\/span><b><span style=\"color: #2a2a2a;\">Vichadero<\/span> <\/b><b>\u2013 IATA Kod \u2013 VCH<\/b><\/p>\n<ul>\n<li aria-level=\"1\">Gradovi u blizini: Vichadero, Paso Hospital<\/li>\n<\/ul>\n<h3><b>Karta zra\u010dnih luka u Urugvaju<\/b><\/h3>\n\n\n<iframe src=\"https:\/\/www.google.com\/maps\/d\/u\/0\/embed?mid=1hR-pjEhNorZzVota9LeEYfrSlulzS0rV\" width=\"640\" height=\"480\"><\/iframe>\n","protected":false},"excerpt":{"rendered":"<p>Urugvaj je me\u0111u najmanjim zemljama Ju\u017ene Amerike, a nalazi se izme\u0111u Argentine i Brazila. Poznat je po svojoj dugoj obali, proizvodnji vina i posebnoj kulturi. U Urugvaju postoji ukupno 13 zra\u010dnih luka, a glavne su Zra\u010dna luka Montevideo i Zra\u010dna luka Punta del Este. Ispod mo\u017eete prona\u0107i popis zra\u010dnih luka te kartu svih zra\u010dnih luka [&hellip;]<\/p>\n<p><a class=\"more-link btn btn-primary\" href=\"https:\/\/traveling.com\/hr\/blog\/zracne-luke-urugvaj\/\"> Continue reading&#8230;<\/a><\/p>\n","protected":false},"author":1,"featured_media":0,"parent":0,"menu_order":0,"comment_status":"closed","ping_status":"closed","template":"","meta":[],"yoast_head":"<!-- This site is optimized with the Yoast SEO plugin v19.8 - https:\/\/yoast.com\/wordpress\/plugins\/seo\/ -->\n<title>Zra\u010dne luke u Urugvaju\u00a0 - IATA kodovi, karta i ostale informacije<\/title>\n<meta name=\"description\" content=\"Popis zra\u010dnih luka u Urugvaju s brojevima putnika godi\u0161nje i IATA kodovima. Karta svih me\u0111unarodnih i doma\u0107ih zra\u010dnih luka u Urugvaju.\" \/>\n<meta name=\"robots\" content=\"index, follow, max-snippet:-1, max-image-preview:large, max-video-preview:-1\" \/>\n<link rel=\"canonical\" href=\"https:\/\/traveling.com\/hr\/blog\/zracne-luke-urugvaj\/\" \/>\n<meta property=\"og:locale\" content=\"hr_HR\" \/>\n<meta property=\"og:type\" content=\"article\" \/>\n<meta property=\"og:title\" content=\"Zra\u010dne luke u Urugvaju\u00a0 - IATA kodovi, karta i ostale informacije\" \/>\n<meta property=\"og:description\" content=\"Popis zra\u010dnih luka u Urugvaju s brojevima putnika godi\u0161nje i IATA kodovima. Karta svih me\u0111unarodnih i doma\u0107ih zra\u010dnih luka u Urugvaju.\" \/>\n<meta property=\"og:url\" content=\"https:\/\/traveling.com\/hr\/blog\/zracne-luke-urugvaj\/\" \/>\n<meta property=\"og:site_name\" content=\"Traveling.com Blog\" \/>\n<meta property=\"article:modified_time\" content=\"2025-03-24T11:00:29+00:00\" \/>\n<meta name=\"twitter:card\" content=\"summary_large_image\" \/>\n<meta name=\"twitter:label1\" content=\"Est. reading time\" \/>\n\t<meta name=\"twitter:data1\" content=\"3 minutes\" \/>\n<script type=\"application\/ld+json\" class=\"yoast-schema-graph\">{\"@context\":\"https:\/\/schema.org\",\"@graph\":[{\"@type\":\"WebPage\",\"@id\":\"https:\/\/traveling.com\/hr\/blog\/zracne-luke-urugvaj\/\",\"url\":\"https:\/\/traveling.com\/hr\/blog\/zracne-luke-urugvaj\/\",\"name\":\"Zra\u010dne luke u Urugvaju\u00a0 - IATA kodovi, karta i ostale informacije\",\"isPartOf\":{\"@id\":\"https:\/\/traveling.com\/hr\/blog\/#website\"},\"datePublished\":\"2021-05-30T07:00:04+00:00\",\"dateModified\":\"2025-03-24T11:00:29+00:00\",\"description\":\"Popis zra\u010dnih luka u Urugvaju s brojevima putnika godi\u0161nje i IATA kodovima. Karta svih me\u0111unarodnih i doma\u0107ih zra\u010dnih luka u Urugvaju.\",\"breadcrumb\":{\"@id\":\"https:\/\/traveling.com\/hr\/blog\/zracne-luke-urugvaj\/#breadcrumb\"},\"inLanguage\":\"hr\",\"potentialAction\":[{\"@type\":\"ReadAction\",\"target\":[\"https:\/\/traveling.com\/hr\/blog\/zracne-luke-urugvaj\/\"]}]},{\"@type\":\"BreadcrumbList\",\"@id\":\"https:\/\/traveling.com\/hr\/blog\/zracne-luke-urugvaj\/#breadcrumb\",\"itemListElement\":[{\"@type\":\"ListItem\",\"position\":1,\"name\":\"Home\",\"item\":\"https:\/\/traveling.com\/hr\/blog\/\"},{\"@type\":\"ListItem\",\"position\":2,\"name\":\"Zra\u010dne luke u Urugvaju\u00a0\"}]},{\"@type\":\"WebSite\",\"@id\":\"https:\/\/traveling.com\/hr\/blog\/#website\",\"url\":\"https:\/\/traveling.com\/hr\/blog\/\",\"name\":\"Traveling.com Blog\",\"description\":\"Tvoj najbolji vodi\u010d na putovanju\",\"potentialAction\":[{\"@type\":\"SearchAction\",\"target\":{\"@type\":\"EntryPoint\",\"urlTemplate\":\"https:\/\/traveling.com\/hr\/blog\/?s={search_term_string}\"},\"query-input\":\"required name=search_term_string\"}],\"inLanguage\":\"hr\"}]}<\/script>\n<!-- \/ Yoast SEO plugin. -->","yoast_head_json":{"title":"Zra\u010dne luke u Urugvaju\u00a0 - IATA kodovi, karta i ostale informacije","description":"Popis zra\u010dnih luka u Urugvaju s brojevima putnika godi\u0161nje i IATA kodovima. Karta svih me\u0111unarodnih i doma\u0107ih zra\u010dnih luka u Urugvaju.","robots":{"index":"index","follow":"follow","max-snippet":"max-snippet:-1","max-image-preview":"max-image-preview:large","max-video-preview":"max-video-preview:-1"},"canonical":"https:\/\/traveling.com\/hr\/blog\/zracne-luke-urugvaj\/","og_locale":"hr_HR","og_type":"article","og_title":"Zra\u010dne luke u Urugvaju\u00a0 - IATA kodovi, karta i ostale informacije","og_description":"Popis zra\u010dnih luka u Urugvaju s brojevima putnika godi\u0161nje i IATA kodovima. Karta svih me\u0111unarodnih i doma\u0107ih zra\u010dnih luka u Urugvaju.","og_url":"https:\/\/traveling.com\/hr\/blog\/zracne-luke-urugvaj\/","og_site_name":"Traveling.com Blog","article_modified_time":"2025-03-24T11:00:29+00:00","twitter_card":"summary_large_image","twitter_misc":{"Est. reading time":"3 minutes"},"schema":{"@context":"https:\/\/schema.org","@graph":[{"@type":"WebPage","@id":"https:\/\/traveling.com\/hr\/blog\/zracne-luke-urugvaj\/","url":"https:\/\/traveling.com\/hr\/blog\/zracne-luke-urugvaj\/","name":"Zra\u010dne luke u Urugvaju\u00a0 - IATA kodovi, karta i ostale informacije","isPartOf":{"@id":"https:\/\/traveling.com\/hr\/blog\/#website"},"datePublished":"2021-05-30T07:00:04+00:00","dateModified":"2025-03-24T11:00:29+00:00","description":"Popis zra\u010dnih luka u Urugvaju s brojevima putnika godi\u0161nje i IATA kodovima. Karta svih me\u0111unarodnih i doma\u0107ih zra\u010dnih luka u Urugvaju.","breadcrumb":{"@id":"https:\/\/traveling.com\/hr\/blog\/zracne-luke-urugvaj\/#breadcrumb"},"inLanguage":"hr","potentialAction":[{"@type":"ReadAction","target":["https:\/\/traveling.com\/hr\/blog\/zracne-luke-urugvaj\/"]}]},{"@type":"BreadcrumbList","@id":"https:\/\/traveling.com\/hr\/blog\/zracne-luke-urugvaj\/#breadcrumb","itemListElement":[{"@type":"ListItem","position":1,"name":"Home","item":"https:\/\/traveling.com\/hr\/blog\/"},{"@type":"ListItem","position":2,"name":"Zra\u010dne luke u Urugvaju\u00a0"}]},{"@type":"WebSite","@id":"https:\/\/traveling.com\/hr\/blog\/#website","url":"https:\/\/traveling.com\/hr\/blog\/","name":"Traveling.com Blog","description":"Tvoj najbolji vodi\u010d na putovanju","potentialAction":[{"@type":"SearchAction","target":{"@type":"EntryPoint","urlTemplate":"https:\/\/traveling.com\/hr\/blog\/?s={search_term_string}"},"query-input":"required name=search_term_string"}],"inLanguage":"hr"}]}},"_links":{"self":[{"href":"https:\/\/traveling.com\/hr\/blog\/wp-json\/wp\/v2\/pages\/10565"}],"collection":[{"href":"https:\/\/traveling.com\/hr\/blog\/wp-json\/wp\/v2\/pages"}],"about":[{"href":"https:\/\/traveling.com\/hr\/blog\/wp-json\/wp\/v2\/types\/page"}],"author":[{"embeddable":true,"href":"https:\/\/traveling.com\/hr\/blog\/wp-json\/wp\/v2\/users\/1"}],"replies":[{"embeddable":true,"href":"https:\/\/traveling.com\/hr\/blog\/wp-json\/wp\/v2\/comments?post=10565"}],"version-history":[{"count":4,"href":"https:\/\/traveling.com\/hr\/blog\/wp-json\/wp\/v2\/pages\/10565\/revisions"}],"predecessor-version":[{"id":10604,"href":"https:\/\/traveling.com\/hr\/blog\/wp-json\/wp\/v2\/pages\/10565\/revisions\/10604"}],"wp:attachment":[{"href":"https:\/\/traveling.com\/hr\/blog\/wp-json\/wp\/v2\/media?parent=10565"}],"curies":[{"name":"wp","href":"https:\/\/api.w.org\/{rel}","templated":true}]}}