{"id":11000,"date":"2021-07-04T09:00:40","date_gmt":"2021-07-04T07:00:40","guid":{"rendered":"https:\/\/getbybus.com\/hr\/blog\/?page_id=11000"},"modified":"2025-03-24T12:58:55","modified_gmt":"2025-03-24T10:58:55","slug":"zracne-luke-colorado","status":"publish","type":"page","link":"https:\/\/traveling.com\/hr\/blog\/zracne-luke-colorado\/","title":{"rendered":"Zra\u010dne luke u Coloradu\u00a0"},"content":{"rendered":"<p><strong>Zra\u010dne luke u Coloradu<\/strong> usredoto\u010dene su oko zra\u010dne luke Denver, jedine zra\u010dne luke s velikim \u010dvori\u0161tem u dr\u017eavi. Osim DEN-a, postoji jo\u0161 8 zra\u010dnih luka s malim \u010dvori\u0161tem i <i>nonhub <\/i>zra\u010dnih luka. Me\u0111utim, ve\u0107ina njih mo\u017ee primiti sve vrste zrakoplova, \u0161to \u010dini putovanje u Colorado prili\u010dno jednostavnim. American Eagle, Delta Connection, United i Allegiant Air neki su zrakoplovni prijevoznici koji posluju u zra\u010dnim lukama u Coloradu. Na kraju objave mo\u017eete prona\u0107i <strong>kartu zra\u010dnih luka u Coloradu<\/strong> gdje mo\u017eete i provjeriti koja je zra\u010dna luka najbli\u017ea \u017eeljenom odredi\u0161tu.<\/p>\n<h3><span class=\"ez-toc-section\" id=\"Popis_zracnih_luka\"><\/span>Popis zra\u010dnih luka<span class=\"ez-toc-section-end\"><\/span><\/h3>\n<h4><span class=\"ez-toc-section\" id=\"Medunarodna_zracna_luka_Denver_-_IATA_Kod_-_DEN_69_M_Putnika\"><\/span><span style=\"color: #2a2a2a;\">Me\u0111unarodna zra\u010dna luka Denver<\/span> \u2013 IATA Kod \u2013 DEN (~ 69 M Putnika)<span class=\"ez-toc-section-end\"><\/span><\/h4>\n<p><strong>Me\u0111unarodna zra\u010dna luka Denver<\/strong> najve\u0107a je me\u0111unarodna zra\u010dna luka u Coloradu i jedna od najprometnijih ameri\u010dkih zra\u010dnih luka. Opslu\u017euje grad Denver i okolicu. Udaljenost izme\u0111u zra\u010dne luke DIA i Denvera je oko 40 km. Do Denvera se mo\u017ee do\u0107i \u017eeljezni\u010dkom linijom RTD-a, kao i javnim autobusnim linijama (tako\u0111er RTD transport), ali i \u010darter autobusom, limuzinom i taksijem. Zra\u010dna luka Denver glavna je baza za <strong>Southwest Airlines<\/strong>, ali obna\u0161a i velik broj letova <strong>Uniteda i Frontiera<\/strong>. LA, Phoenix i Chicago su&nbsp; najpopularnije doma\u0107e linije, a Cancun i London me\u0111unarodne.<\/p>\n<h4><span class=\"ez-toc-section\" id=\"Zracna_luka_Colorado_Springs_-_IATA_Kod_-_COS\"><\/span><span style=\"color: #2a2a2a;\">Zra\u010dna luka Colorado Springs<\/span> \u2013 IATA Kod \u2013 COS<span class=\"ez-toc-section-end\"><\/span><\/h4>\n<ul>\n<li aria-level=\"1\">Gradovi u blizini: Colorado Springs (10 km)<\/li>\n<li aria-level=\"1\">Zrakoplovni prijevoznici: American Airlines, Delta, United, Frontier<\/li>\n<\/ul>\n<h4><span class=\"ez-toc-section\" id=\"Zracna_luka_AspenPitkin_County_-_IATA_Kod_-_ASE\"><\/span><span style=\"color: #2a2a2a;\">Zra\u010dna luka Aspen\/Pitkin County<\/span> \u2013 IATA Kod \u2013 ASE<span class=\"ez-toc-section-end\"><\/span><\/h4>\n<ul>\n<li aria-level=\"1\">Poznata i kao: Sardy Field<\/li>\n<li aria-level=\"1\">Gradovi u blizini: Aspen (6 km)<\/li>\n<li aria-level=\"1\">Zrakoplovni prijevoznici: American Eagle, Delta Connection, United Express<\/li>\n<\/ul>\n<h4><span class=\"ez-toc-section\" id=\"Regionalna_zracna_luka_Grand_Junction_-_IATA_Kod_-_GJT\"><\/span><span style=\"color: #2a2a2a;\">Regionalna zra\u010dna luka Grand Junction<\/span> \u2013 IATA Kod \u2013 GJT<span class=\"ez-toc-section-end\"><\/span><\/h4>\n<ul>\n<li aria-level=\"1\">Poznata i kao: Walker Field<\/li>\n<li aria-level=\"1\">Gradovi u blizini: Grand Junction (5 km)<\/li>\n<li aria-level=\"1\">Zrakoplovni prijevoznici: American Eagle, Delta Connection, Allegiant Air<\/li>\n<\/ul>\n<h4><span class=\"ez-toc-section\" id=\"Zracna_luka_Durango-La_Plata_County_-_IATA_Kod_-_DRO\"><\/span><span style=\"color: #2a2a2a;\">Zra\u010dna luka Durango-La Plata County<\/span> \u2013 IATA Kod \u2013 DRO<span class=\"ez-toc-section-end\"><\/span><\/h4>\n<ul>\n<li aria-level=\"1\">Gradovi u blizini: Durango (19 km)<\/li>\n<li aria-level=\"1\">Zrakoplovni prijevoznici: American Eagle, United Express<\/li>\n<\/ul>\n<h4><span class=\"ez-toc-section\" id=\"Zracna_luka_Vail_Eagle_County_-_IATA_Kod_-_EGE\"><\/span><span style=\"color: #2a2a2a;\">Zra\u010dna luka Vail Eagle County<\/span> \u2013 IATA Kod \u2013 EGE<span class=\"ez-toc-section-end\"><\/span><\/h4>\n<ul>\n<li aria-level=\"1\">Gradovi u blizini: Eagle (6 km), Vail (59 km)<\/li>\n<li aria-level=\"1\">Zrakoplovni prijevoznici: American Airlines, United, Delta<\/li>\n<\/ul>\n<h4><span class=\"ez-toc-section\" id=\"Regionalna_zracna_luka_Montrose_-_IATA_Kod_-_MTJ\"><\/span><span style=\"color: #2a2a2a;\">Regionalna zra\u010dna luka Montrose<\/span> \u2013 IATA Kod \u2013 MTJ<span class=\"ez-toc-section-end\"><\/span><\/h4>\n<ul>\n<li aria-level=\"1\">Gradovi u blizini: Montrose (2.5 km), Black Canyon (25 km)<\/li>\n<li aria-level=\"1\">Zrakoplovni prijevoznici: American Airlines, United, Delta<\/li>\n<\/ul>\n<h4><span class=\"ez-toc-section\" id=\"Zracna_luka_Hayden_-_IATA_Kod_-_HDN\"><\/span><span style=\"color: #2a2a2a;\">Zra\u010dna luka Hayden<\/span> \u2013 IATA Kod \u2013 HDN<span class=\"ez-toc-section-end\"><\/span><\/h4>\n<ul>\n<li aria-level=\"1\">Poznata i kao: Regionalna zra\u010dna luka Yampa Valley<\/li>\n<li aria-level=\"1\">Gradovi u blizini: Steamboat Springs (40 km)<\/li>\n<li aria-level=\"1\">Zrakoplovni prijevoznici: American Airlines, Delta, United, jetBlue<\/li>\n<\/ul>\n<h4><span class=\"ez-toc-section\" id=\"Zracna_luka_Gunnison_County_-_IATA_Kod_-_GUC\"><\/span><span style=\"color: #2a2a2a;\">Zra\u010dna luka Gunnison County<\/span> \u2013 IATA Kod \u2013 GUC<span class=\"ez-toc-section-end\"><\/span><\/h4>\n<ul>\n<li aria-level=\"1\">Poznata i kao: Regionalna zra\u010dna luka Gunnison-Crested Butte<\/li>\n<li aria-level=\"1\">Gradovi u blizini: Gunnison (1.5 km)<\/li>\n<li aria-level=\"1\">Zrakoplovni prijevoznici: American Airlines, United<\/li>\n<\/ul>\n<h4><span class=\"ez-toc-section\" id=\"Zracna_luka_opcine_Cortez_-_IATA_Kod_-_CEZ\"><\/span><span style=\"color: #2a2a2a;\">Zra\u010dna luka op\u0107ine Cortez<\/span> \u2013 IATA Kod \u2013 CEZ<span class=\"ez-toc-section-end\"><\/span><\/h4>\n<ul>\n<li aria-level=\"1\">Gradovi u blizini: Cortez (5 km)<\/li>\n<li aria-level=\"1\">Zrakoplovni prijevoznici: Boutique Air<\/li>\n<\/ul>\n<h4><span class=\"ez-toc-section\" id=\"Zracna_luka_Pueblo_Memorial_-_IATA_Kod_-_PUB\"><\/span><span style=\"color: #2a2a2a;\">Zra\u010dna luka Pueblo Memorial<\/span> \u2013 IATA Kod \u2013 PUB<span class=\"ez-toc-section-end\"><\/span><\/h4>\n<ul>\n<li aria-level=\"1\">Gradovi u blizini: Pueblo (10 km)<\/li>\n<li aria-level=\"1\">Zrakoplovni prijevoznici: United Express<\/li>\n<\/ul>\n<h4><span class=\"ez-toc-section\" id=\"Regionalna_zracna_luka_San_Luis_Valley_-_IATA_Kod_-_ALS\"><\/span><span style=\"color: #2a2a2a;\">Regionalna zra\u010dna luka San Luis Valley<\/span> \u2013 IATA Kod \u2013 ALS<span class=\"ez-toc-section-end\"><\/span><\/h4>\n<ul>\n<li aria-level=\"1\">Poznata i kao: Bergman Field<\/li>\n<li aria-level=\"1\">Gradovi u blizini: Alamosa (4 km)<\/li>\n<li aria-level=\"1\">Zrakoplovni prijevoznici: Boutique Air<\/li>\n<\/ul>\n<h4><span class=\"ez-toc-section\" id=\"Regionalna_zracna_luka_Telluride_-_IATA_Kod_-_TEX\"><\/span><span style=\"color: #2a2a2a;\">Regionalna zra\u010dna luka Telluride<\/span> \u2013 IATA Kod \u2013 TEX<span class=\"ez-toc-section-end\"><\/span><\/h4>\n<ul>\n<li aria-level=\"1\">Gradovi u blizini: Telluride (9 km)<\/li>\n<li aria-level=\"1\">Zrakoplovni prijevoznici: Boutique Air, Denver Air Connection<\/li>\n<\/ul>\n<h4><span class=\"ez-toc-section\" id=\"Zracna_luka_Centennial_-_IATA_Kod_-_APA\"><\/span><span style=\"color: #2a2a2a;\">Zra\u010dna luka Centennial<\/span> \u2013 IATA Kod \u2013 APA<span class=\"ez-toc-section-end\"><\/span><\/h4>\n<ul>\n<li aria-level=\"1\">Gradovi u blizini: Denver (28 km)<\/li>\n<li aria-level=\"1\">Zrakoplovni prijevoznici: Key Lime Air<\/li>\n<\/ul>\n<h3><span class=\"ez-toc-section\" id=\"Zracne_luke_u_obliznjim_saveznim_drzavama\"><\/span>Zra\u010dne luke u obli\u017enjim saveznim dr\u017eavama<span class=\"ez-toc-section-end\"><\/span><\/h3>\n<table>\n<tbody>\n<tr>\n<td style=\"text-align: center;\">Zra\u010dne luke u Novom Meksiku<\/td>\n<td style=\"text-align: center;\">Zra\u010dne luke u Utah<\/td>\n<td style=\"text-align: center;\">Zra\u010dne luke u Wyomingu<\/td>\n<\/tr>\n<tr>\n<td style=\"text-align: center;\">Zra\u010dne luke u Nebraski<\/td>\n<td style=\"text-align: center;\">Zra\u010dne luke u Kansasu<\/td>\n<td style=\"text-align: center;\">Zra\u010dne luke u Oklahomi<\/td>\n<\/tr>\n<\/tbody>\n<\/table>\n<h3><span class=\"ez-toc-section\" id=\"Karta_zracnih_luka_u_Coloradu\"><\/span>Karta zra\u010dnih luka u Coloradu<span class=\"ez-toc-section-end\"><\/span><\/h3>\n\n\n<iframe src=\"https:\/\/www.google.com\/maps\/d\/u\/0\/embed?mid=1siUohP3KsGPWm8pNxlNFD6Il6l-zaXwt\" width=\"640\" height=\"480\"><\/iframe>\n","protected":false},"excerpt":{"rendered":"<p>Zra\u010dne luke u Coloradu usredoto\u010dene su oko zra\u010dne luke Denver, jedine zra\u010dne luke s velikim \u010dvori\u0161tem u dr\u017eavi. Osim DEN-a, postoji jo\u0161 8 zra\u010dnih luka s malim \u010dvori\u0161tem i nonhub zra\u010dnih luka. Me\u0111utim, ve\u0107ina njih mo\u017ee primiti sve vrste zrakoplova, \u0161to \u010dini putovanje u Colorado prili\u010dno jednostavnim. American Eagle, Delta Connection, United i Allegiant Air [&hellip;]<\/p>\n<p><a class=\"more-link btn btn-primary\" href=\"https:\/\/traveling.com\/hr\/blog\/zracne-luke-colorado\/\"> Continue reading&#8230;<\/a><\/p>\n","protected":false},"author":1,"featured_media":0,"parent":0,"menu_order":0,"comment_status":"closed","ping_status":"closed","template":"","meta":[],"yoast_head":"<!-- This site is optimized with the Yoast SEO plugin v19.8 - https:\/\/yoast.com\/wordpress\/plugins\/seo\/ -->\n<title>Zra\u010dne luke u Coloradu - IATA Kodovi, Karta zra\u010dnih luka i informacije<\/title>\n<meta name=\"description\" content=\"Popis svih zra\u010dnih luka u saveznoj dr\u017eavi Colorado, kao i IATA kodovi, karta zra\u010dnih luka u Coloradu i broj putnika godi\u0161nje.\" \/>\n<meta name=\"robots\" content=\"index, follow, max-snippet:-1, max-image-preview:large, max-video-preview:-1\" \/>\n<link rel=\"canonical\" href=\"https:\/\/traveling.com\/hr\/blog\/zracne-luke-colorado\/\" \/>\n<meta property=\"og:locale\" content=\"hr_HR\" \/>\n<meta property=\"og:type\" content=\"article\" \/>\n<meta property=\"og:title\" content=\"Zra\u010dne luke u Coloradu - IATA Kodovi, Karta zra\u010dnih luka i informacije\" \/>\n<meta property=\"og:description\" content=\"Popis svih zra\u010dnih luka u saveznoj dr\u017eavi Colorado, kao i IATA kodovi, karta zra\u010dnih luka u Coloradu i broj putnika godi\u0161nje.\" \/>\n<meta property=\"og:url\" content=\"https:\/\/traveling.com\/hr\/blog\/zracne-luke-colorado\/\" \/>\n<meta property=\"og:site_name\" content=\"Traveling.com Blog\" \/>\n<meta property=\"article:modified_time\" content=\"2025-03-24T10:58:55+00:00\" \/>\n<meta name=\"twitter:card\" content=\"summary_large_image\" \/>\n<meta name=\"twitter:label1\" content=\"Est. reading time\" \/>\n\t<meta name=\"twitter:data1\" content=\"3 minutes\" \/>\n<script type=\"application\/ld+json\" class=\"yoast-schema-graph\">{\"@context\":\"https:\/\/schema.org\",\"@graph\":[{\"@type\":\"WebPage\",\"@id\":\"https:\/\/traveling.com\/hr\/blog\/zracne-luke-colorado\/\",\"url\":\"https:\/\/traveling.com\/hr\/blog\/zracne-luke-colorado\/\",\"name\":\"Zra\u010dne luke u Coloradu - IATA Kodovi, Karta zra\u010dnih luka i informacije\",\"isPartOf\":{\"@id\":\"https:\/\/traveling.com\/hr\/blog\/#website\"},\"datePublished\":\"2021-07-04T07:00:40+00:00\",\"dateModified\":\"2025-03-24T10:58:55+00:00\",\"description\":\"Popis svih zra\u010dnih luka u saveznoj dr\u017eavi Colorado, kao i IATA kodovi, karta zra\u010dnih luka u Coloradu i broj putnika godi\u0161nje.\",\"breadcrumb\":{\"@id\":\"https:\/\/traveling.com\/hr\/blog\/zracne-luke-colorado\/#breadcrumb\"},\"inLanguage\":\"hr\",\"potentialAction\":[{\"@type\":\"ReadAction\",\"target\":[\"https:\/\/traveling.com\/hr\/blog\/zracne-luke-colorado\/\"]}]},{\"@type\":\"BreadcrumbList\",\"@id\":\"https:\/\/traveling.com\/hr\/blog\/zracne-luke-colorado\/#breadcrumb\",\"itemListElement\":[{\"@type\":\"ListItem\",\"position\":1,\"name\":\"Home\",\"item\":\"https:\/\/traveling.com\/hr\/blog\/\"},{\"@type\":\"ListItem\",\"position\":2,\"name\":\"Zra\u010dne luke u Coloradu\u00a0\"}]},{\"@type\":\"WebSite\",\"@id\":\"https:\/\/traveling.com\/hr\/blog\/#website\",\"url\":\"https:\/\/traveling.com\/hr\/blog\/\",\"name\":\"Traveling.com Blog\",\"description\":\"Tvoj najbolji vodi\u010d na putovanju\",\"potentialAction\":[{\"@type\":\"SearchAction\",\"target\":{\"@type\":\"EntryPoint\",\"urlTemplate\":\"https:\/\/traveling.com\/hr\/blog\/?s={search_term_string}\"},\"query-input\":\"required name=search_term_string\"}],\"inLanguage\":\"hr\"}]}<\/script>\n<!-- \/ Yoast SEO plugin. -->","yoast_head_json":{"title":"Zra\u010dne luke u Coloradu - IATA Kodovi, Karta zra\u010dnih luka i informacije","description":"Popis svih zra\u010dnih luka u saveznoj dr\u017eavi Colorado, kao i IATA kodovi, karta zra\u010dnih luka u Coloradu i broj putnika godi\u0161nje.","robots":{"index":"index","follow":"follow","max-snippet":"max-snippet:-1","max-image-preview":"max-image-preview:large","max-video-preview":"max-video-preview:-1"},"canonical":"https:\/\/traveling.com\/hr\/blog\/zracne-luke-colorado\/","og_locale":"hr_HR","og_type":"article","og_title":"Zra\u010dne luke u Coloradu - IATA Kodovi, Karta zra\u010dnih luka i informacije","og_description":"Popis svih zra\u010dnih luka u saveznoj dr\u017eavi Colorado, kao i IATA kodovi, karta zra\u010dnih luka u Coloradu i broj putnika godi\u0161nje.","og_url":"https:\/\/traveling.com\/hr\/blog\/zracne-luke-colorado\/","og_site_name":"Traveling.com Blog","article_modified_time":"2025-03-24T10:58:55+00:00","twitter_card":"summary_large_image","twitter_misc":{"Est. reading time":"3 minutes"},"schema":{"@context":"https:\/\/schema.org","@graph":[{"@type":"WebPage","@id":"https:\/\/traveling.com\/hr\/blog\/zracne-luke-colorado\/","url":"https:\/\/traveling.com\/hr\/blog\/zracne-luke-colorado\/","name":"Zra\u010dne luke u Coloradu - IATA Kodovi, Karta zra\u010dnih luka i informacije","isPartOf":{"@id":"https:\/\/traveling.com\/hr\/blog\/#website"},"datePublished":"2021-07-04T07:00:40+00:00","dateModified":"2025-03-24T10:58:55+00:00","description":"Popis svih zra\u010dnih luka u saveznoj dr\u017eavi Colorado, kao i IATA kodovi, karta zra\u010dnih luka u Coloradu i broj putnika godi\u0161nje.","breadcrumb":{"@id":"https:\/\/traveling.com\/hr\/blog\/zracne-luke-colorado\/#breadcrumb"},"inLanguage":"hr","potentialAction":[{"@type":"ReadAction","target":["https:\/\/traveling.com\/hr\/blog\/zracne-luke-colorado\/"]}]},{"@type":"BreadcrumbList","@id":"https:\/\/traveling.com\/hr\/blog\/zracne-luke-colorado\/#breadcrumb","itemListElement":[{"@type":"ListItem","position":1,"name":"Home","item":"https:\/\/traveling.com\/hr\/blog\/"},{"@type":"ListItem","position":2,"name":"Zra\u010dne luke u Coloradu\u00a0"}]},{"@type":"WebSite","@id":"https:\/\/traveling.com\/hr\/blog\/#website","url":"https:\/\/traveling.com\/hr\/blog\/","name":"Traveling.com Blog","description":"Tvoj najbolji vodi\u010d na putovanju","potentialAction":[{"@type":"SearchAction","target":{"@type":"EntryPoint","urlTemplate":"https:\/\/traveling.com\/hr\/blog\/?s={search_term_string}"},"query-input":"required name=search_term_string"}],"inLanguage":"hr"}]}},"_links":{"self":[{"href":"https:\/\/traveling.com\/hr\/blog\/wp-json\/wp\/v2\/pages\/11000"}],"collection":[{"href":"https:\/\/traveling.com\/hr\/blog\/wp-json\/wp\/v2\/pages"}],"about":[{"href":"https:\/\/traveling.com\/hr\/blog\/wp-json\/wp\/v2\/types\/page"}],"author":[{"embeddable":true,"href":"https:\/\/traveling.com\/hr\/blog\/wp-json\/wp\/v2\/users\/1"}],"replies":[{"embeddable":true,"href":"https:\/\/traveling.com\/hr\/blog\/wp-json\/wp\/v2\/comments?post=11000"}],"version-history":[{"count":6,"href":"https:\/\/traveling.com\/hr\/blog\/wp-json\/wp\/v2\/pages\/11000\/revisions"}],"predecessor-version":[{"id":11097,"href":"https:\/\/traveling.com\/hr\/blog\/wp-json\/wp\/v2\/pages\/11000\/revisions\/11097"}],"wp:attachment":[{"href":"https:\/\/traveling.com\/hr\/blog\/wp-json\/wp\/v2\/media?parent=11000"}],"curies":[{"name":"wp","href":"https:\/\/api.w.org\/{rel}","templated":true}]}}