{"id":11058,"date":"2021-07-11T09:00:59","date_gmt":"2021-07-11T07:00:59","guid":{"rendered":"https:\/\/getbybus.com\/hr\/blog\/?page_id=11058"},"modified":"2025-03-24T12:59:11","modified_gmt":"2025-03-24T10:59:11","slug":"zracne-luke-illinois","status":"publish","type":"page","link":"https:\/\/traveling.com\/hr\/blog\/zracne-luke-illinois\/","title":{"rendered":"Zra\u010dne luke u Illinoisu"},"content":{"rendered":"<p>Dr\u017eava Illinois ima zna\u010dajan broj me\u0111unarodnih zra\u010dnih luka. Zra\u010dne luke u Chicagu imaju najve\u0107i broj putnika. No, postoji jo\u0161 nekoliko srednjih i malih zra\u010dnih luka prikladnih za posjet Illinoisu. FAA klasificira ukupno <strong>11 zra\u010dnih luka u Illinoisu<\/strong> koje nude komercijalne letove. Zra\u010dna luka O\u2019Hare i Zra\u010dna luka Midway su najprometnije, a na tre\u0107em mjestu je Zra\u010dna luka Moline. \u0160to se ti\u010de zrakoplovnih prijevoznika, svi glavni ameri\u010dki zrakoplovni prijevoznici posluju u ve\u0107im zra\u010dnim lukama, dok manji (regionalni) zrakoplovni prijevoznici opslu\u017euju manje zra\u010dne luke. Pogledajte i <strong>kartu zra\u010dnih luka u Illinoisu<\/strong> na kraju objave.<\/p>\n<h3><span class=\"ez-toc-section\" id=\"Popis_zracnih_luka\"><\/span>Popis zra\u010dnih luka&nbsp;<span class=\"ez-toc-section-end\"><\/span><\/h3>\n<h4><span class=\"ez-toc-section\" id=\"Medunarodna_zracna_luka_Chicago_OHare_-_IATA_Kod_-_ORD_83_M_Putnika\"><\/span><span style=\"color: #2a2a2a;\">Me\u0111unarodna zra\u010dna luka Chicago O\u2019Hare<\/span> \u2013 IATA Kod \u2013 ORD (~ 83 M Putnika)<span class=\"ez-toc-section-end\"><\/span><\/h4>\n<p><strong>Me\u0111unarodna zra\u010dna luka Chicago O\u2019Hare<\/strong> glavna je zra\u010dna luka u Illinoisu, a poznata je i kao Zra\u010dna luka O\u2019Hare. Trenutno je 6. najprometnija zra\u010dna luka na svijetu, i jedna od 3 najprometnije ameri\u010dke zra\u010dne luke. Zra\u010dna luka ima 4 velika terminala i vi\u0161e od 190 ulaza. O\u2019Hare je <strong>jedna od tri zra\u010dne luke koja opslu\u017euje Chicago<\/strong>, a druga je Zra\u010dna luka Midway. Nalazi se oko 23 km od centra Chicaga. Glavno je sredi\u0161te <strong>United Airlinesa i American Airlinesa<\/strong>, ali nudi i letove nekih niskotarifnih prijevoznika. Postoje stotine dnevnih letova od i do zra\u010dne luke, ali New York i Los Angeles su najpopularnije destinacije. Do Chicaga i drugih gradova u okolici se mo\u017ee do\u0107i na nekoliko na\u010dina.<\/p>\n<h4><span class=\"ez-toc-section\" id=\"Medunarodna_zracna_luka_Chicago_Midway_-_IATA_Kod_-_MDW_22_M_Putnika\"><\/span><span style=\"color: #2a2a2a;\">Me\u0111unarodna zra\u010dna luka Chicago Midway<\/span> \u2013 IATA Kod \u2013 MDW (~ 22 M Putnika)<span class=\"ez-toc-section-end\"><\/span><\/h4>\n<p><strong>Zra\u010dna luka Chicago Midway<\/strong> druga je glavna zra\u010dna luka koja opslu\u017euje Chicago i <strong>najbli\u017ea je zra\u010dna luka gradu<\/strong>. Nalazi se oko 13 km od poslovne \u010detvrti Chicaga. <strong>Southwest Airlines<\/strong> glavni je prijevoznik u zra\u010dnoj luci, dok su Atlanta i Denver glavna odredi\u0161ta. Zra\u010dna luka Midway ima veliki terminal s 3 dvorane, a podru\u010dje zra\u010dne luke se trenutno pro\u0161iruje. Chicago Transit Authority nudi javni prijevoz do zra\u010dne luke (Orange Line). Na raspolaganju su i autobusi zra\u010dne luke, taksi i iznajmljivanje automobila.<\/p>\n<h4><span class=\"ez-toc-section\" id=\"Zracna_luka_Moline_-_IATA_Kod_-_MLI\"><\/span><span style=\"color: #2a2a2a;\">Zra\u010dna luka Moline<\/span> \u2013 IATA Kod \u2013 MLI<span class=\"ez-toc-section-end\"><\/span><\/h4>\n<ul>\n<li aria-level=\"1\">Poznata i kao: Me\u0111unarodna zra\u010dna luka Quad City&nbsp;<\/li>\n<li aria-level=\"1\">Gradovi u blizini: Moline (5 km), Davenport (15 km)<\/li>\n<li aria-level=\"1\">Zrakoplovni prijevoznici: Allegiant Air, American, United, Delta<\/li>\n<\/ul>\n<h4><span class=\"ez-toc-section\" id=\"Zracna_luka_Greater_Peoria_-_IATA_Kod_-_PIA\"><\/span><span style=\"color: #2a2a2a;\">Zra\u010dna luka Greater Peoria<\/span> \u2013 IATA Kod \u2013 PIA<span class=\"ez-toc-section-end\"><\/span><\/h4>\n<ul>\n<li aria-level=\"1\">Poznata i kao: Me\u0111unarodna zra\u010dna luka General Wayne A. Downing Peoria&nbsp;<\/li>\n<li aria-level=\"1\">Gradovi u blizini: Peoria (9 km)<\/li>\n<li aria-level=\"1\">Zrakoplovni prijevoznici: Allegiant Air, American, United, Delta<\/li>\n<\/ul>\n<h4><span class=\"ez-toc-section\" id=\"Zracna_luka_Bloomington_-_Normal_-_IATA_Kod_-_BMI\"><\/span><span style=\"color: #2a2a2a;\">Zra\u010dna luka Bloomington<\/span> \u2013 Normal \u2013 IATA Kod \u2013 BMI<span class=\"ez-toc-section-end\"><\/span><\/h4>\n<ul>\n<li aria-level=\"1\">Poznata i kao: Regionalna tra\u010dna luka Central Illinois&nbsp;<\/li>\n<li aria-level=\"1\">Gradovi u blizini: Bloomington (4 km), Normal (4.5 km)<\/li>\n<li aria-level=\"1\">Zrakoplovni prijevoznici: Allegiant Air, American, Frontier, Delta<\/li>\n<\/ul>\n<h4><span class=\"ez-toc-section\" id=\"Medunarodna_zracna_luka_Chicago_Rockford_-_IATA_Kod_-_RFD\"><\/span><span style=\"color: #2a2a2a;\">Me\u0111unarodna zra\u010dna luka Chicago Rockford<\/span> \u2013 IATA Kod \u2013 RFD<span class=\"ez-toc-section-end\"><\/span><\/h4>\n<ul>\n<li aria-level=\"1\">Gradovi u blizini: Rockford (6 km), Chicago (136 km)<\/li>\n<li aria-level=\"1\">Zrakoplovni prijevoznici: Allegiant Air<\/li>\n<\/ul>\n<h4><span class=\"ez-toc-section\" id=\"Zracna_luka_Springfield_-_IATA_Kod_-_SPI\"><\/span><span style=\"color: #2a2a2a;\">Zra\u010dna luka Springfield<\/span> \u2013 IATA Kod \u2013 SPI<span class=\"ez-toc-section-end\"><\/span><\/h4>\n<ul>\n<li aria-level=\"1\">Poznata i kao: Zra\u010dna luka Abraham Lincoln Capital&nbsp;<\/li>\n<li aria-level=\"1\">Gradovi u blizini: Springfield (6 km)<\/li>\n<li aria-level=\"1\">Zrakoplovni prijevoznici: Allegiant Air, American, United<\/li>\n<\/ul>\n<h4><span class=\"ez-toc-section\" id=\"Zracna_luka_Champaign_-_IATA_Kod_-_CMI\"><\/span><span style=\"color: #2a2a2a;\">Zra\u010dna luka Champaign<\/span> \u2013 IATA Kod \u2013 CMI<span class=\"ez-toc-section-end\"><\/span><\/h4>\n<ul>\n<li aria-level=\"1\">Poznata i kao: Zra\u010dna luka University of Illinois \u2013 Willard&nbsp;<\/li>\n<li aria-level=\"1\">Gradovi u blizini: Champaign (9 km)<\/li>\n<li aria-level=\"1\">Zrakoplovni prijevoznici: American Eagle<\/li>\n<\/ul>\n<h4><span class=\"ez-toc-section\" id=\"Zracna_luka_Belleville_-_IATA_Kod_-_BLV\"><\/span><span style=\"color: #2a2a2a;\">Zra\u010dna luka Belleville<\/span> \u2013 IATA Kod \u2013 BLV<span class=\"ez-toc-section-end\"><\/span><\/h4>\n<ul>\n<li aria-level=\"1\">Poznata i kao: Zra\u010dna luka MidAmerica St. Louis&nbsp;<\/li>\n<li aria-level=\"1\">Gradovi u blizini: Belleville (26 km)<\/li>\n<li aria-level=\"1\">Zrakoplovni prijevoznici: Allegiant Air<\/li>\n<\/ul>\n<h4><span class=\"ez-toc-section\" id=\"Zracna_luka_Marion_-_IATA_Kod_-_MWA\"><\/span><span style=\"color: #2a2a2a;\">Zra\u010dna luka Marion<\/span> \u2013 IATA Kod \u2013 MWA<span class=\"ez-toc-section-end\"><\/span><\/h4>\n<ul>\n<li aria-level=\"1\">Poznata i kao: Regionalna zra\u010dna luka Williamson County&nbsp;<\/li>\n<li aria-level=\"1\">Gradovi u blizini: Marion (7 km)<\/li>\n<li aria-level=\"1\">Zrakoplovni prijevoznici: Cape Air<\/li>\n<\/ul>\n<h4><span class=\"ez-toc-section\" id=\"Regionalna_zracna_luka_Quincy_-_IATA_Kod_-_UIN\"><\/span><span style=\"color: #2a2a2a;\">Regionalna zra\u010dna luka Quincy<\/span> \u2013 IATA Kod \u2013 UIN<span class=\"ez-toc-section-end\"><\/span><\/h4>\n<ul>\n<li aria-level=\"1\">Poznata i kao: Baldwin Field<\/li>\n<li aria-level=\"1\">Gradovi u blizini: Quincy (19 km)<\/li>\n<li aria-level=\"1\">Zrakoplovni prijevoznici: Cape Air<\/li>\n<\/ul>\n<h3><span class=\"ez-toc-section\" id=\"Zracne_luke_u_susjednim_saveznim_drzavama\"><\/span>Zra\u010dne luke u susjednim saveznim dr\u017eavama<span class=\"ez-toc-section-end\"><\/span><\/h3>\n<table>\n<tbody>\n<tr>\n<td style=\"text-align: center;\">\n<p>Zra\u010dne luke u Michiganu<\/p>\n<\/td>\n<td style=\"text-align: center;\">\n<p>Zra\u010dne luke u Wisconsinu<\/p>\n<\/td>\n<td style=\"text-align: center;\">\n<p>Zra\u010dne luke u Missouriju<\/p>\n<\/td>\n<\/tr>\n<tr>\n<td style=\"text-align: center;\">\n<p>Zra\u010dne luke u Iowi<\/p>\n<\/td>\n<td style=\"text-align: center;\">\n<p>Zra\u010dne luke u Kentuckyju<\/p>\n<\/td>\n<td style=\"text-align: center;\">\n<p>Zra\u010dne luke u Indiani<\/p>\n<\/td>\n<\/tr>\n<\/tbody>\n<\/table>\n<h3><span class=\"ez-toc-section\" id=\"Karta_zracnih_luka_u_Illinoisu\"><\/span>Karta zra\u010dnih luka u Illinoisu<span class=\"ez-toc-section-end\"><\/span><\/h3>\n\n\n<iframe src=\"https:\/\/www.google.com\/maps\/d\/u\/0\/embed?mid=1mAjpKUyWm18sT1-WQaNdn4HCrOX6xKjm\" width=\"640\" height=\"480\"><\/iframe>\n","protected":false},"excerpt":{"rendered":"<p>Dr\u017eava Illinois ima zna\u010dajan broj me\u0111unarodnih zra\u010dnih luka. Zra\u010dne luke u Chicagu imaju najve\u0107i broj putnika. No, postoji jo\u0161 nekoliko srednjih i malih zra\u010dnih luka prikladnih za posjet Illinoisu. FAA klasificira ukupno 11 zra\u010dnih luka u Illinoisu koje nude komercijalne letove. Zra\u010dna luka O\u2019Hare i Zra\u010dna luka Midway su najprometnije, a na tre\u0107em mjestu je [&hellip;]<\/p>\n<p><a class=\"more-link btn btn-primary\" href=\"https:\/\/traveling.com\/hr\/blog\/zracne-luke-illinois\/\"> Continue reading&#8230;<\/a><\/p>\n","protected":false},"author":1,"featured_media":0,"parent":0,"menu_order":0,"comment_status":"closed","ping_status":"closed","template":"","meta":[],"yoast_head":"<!-- This site is optimized with the Yoast SEO plugin v19.8 - https:\/\/yoast.com\/wordpress\/plugins\/seo\/ -->\n<title>Zra\u010dne luke u Illinoisu - IATA kodovi, karta i ostale informacije<\/title>\n<meta name=\"description\" content=\"Popis zra\u010dnih luka u saveznoj dr\u017eavi Illinoisu, IATA kodovi, karta lokacija zra\u010dnih luka i broj putnika godi\u0161nje u zra\u010dnim lukama u Illinoisu.\" \/>\n<meta name=\"robots\" content=\"index, follow, max-snippet:-1, max-image-preview:large, max-video-preview:-1\" \/>\n<link rel=\"canonical\" href=\"https:\/\/traveling.com\/hr\/blog\/zracne-luke-illinois\/\" \/>\n<meta property=\"og:locale\" content=\"hr_HR\" \/>\n<meta property=\"og:type\" content=\"article\" \/>\n<meta property=\"og:title\" content=\"Zra\u010dne luke u Illinoisu - IATA kodovi, karta i ostale informacije\" \/>\n<meta property=\"og:description\" content=\"Popis zra\u010dnih luka u saveznoj dr\u017eavi Illinoisu, IATA kodovi, karta lokacija zra\u010dnih luka i broj putnika godi\u0161nje u zra\u010dnim lukama u Illinoisu.\" \/>\n<meta property=\"og:url\" content=\"https:\/\/traveling.com\/hr\/blog\/zracne-luke-illinois\/\" \/>\n<meta property=\"og:site_name\" content=\"Traveling.com Blog\" \/>\n<meta property=\"article:modified_time\" content=\"2025-03-24T10:59:11+00:00\" \/>\n<meta name=\"twitter:card\" content=\"summary_large_image\" \/>\n<meta name=\"twitter:label1\" content=\"Est. reading time\" \/>\n\t<meta name=\"twitter:data1\" content=\"3 minutes\" \/>\n<script type=\"application\/ld+json\" class=\"yoast-schema-graph\">{\"@context\":\"https:\/\/schema.org\",\"@graph\":[{\"@type\":\"WebPage\",\"@id\":\"https:\/\/traveling.com\/hr\/blog\/zracne-luke-illinois\/\",\"url\":\"https:\/\/traveling.com\/hr\/blog\/zracne-luke-illinois\/\",\"name\":\"Zra\u010dne luke u Illinoisu - IATA kodovi, karta i ostale informacije\",\"isPartOf\":{\"@id\":\"https:\/\/traveling.com\/hr\/blog\/#website\"},\"datePublished\":\"2021-07-11T07:00:59+00:00\",\"dateModified\":\"2025-03-24T10:59:11+00:00\",\"description\":\"Popis zra\u010dnih luka u saveznoj dr\u017eavi Illinoisu, IATA kodovi, karta lokacija zra\u010dnih luka i broj putnika godi\u0161nje u zra\u010dnim lukama u Illinoisu.\",\"breadcrumb\":{\"@id\":\"https:\/\/traveling.com\/hr\/blog\/zracne-luke-illinois\/#breadcrumb\"},\"inLanguage\":\"hr\",\"potentialAction\":[{\"@type\":\"ReadAction\",\"target\":[\"https:\/\/traveling.com\/hr\/blog\/zracne-luke-illinois\/\"]}]},{\"@type\":\"BreadcrumbList\",\"@id\":\"https:\/\/traveling.com\/hr\/blog\/zracne-luke-illinois\/#breadcrumb\",\"itemListElement\":[{\"@type\":\"ListItem\",\"position\":1,\"name\":\"Home\",\"item\":\"https:\/\/traveling.com\/hr\/blog\/\"},{\"@type\":\"ListItem\",\"position\":2,\"name\":\"Zra\u010dne luke u Illinoisu\"}]},{\"@type\":\"WebSite\",\"@id\":\"https:\/\/traveling.com\/hr\/blog\/#website\",\"url\":\"https:\/\/traveling.com\/hr\/blog\/\",\"name\":\"Traveling.com Blog\",\"description\":\"Tvoj najbolji vodi\u010d na putovanju\",\"potentialAction\":[{\"@type\":\"SearchAction\",\"target\":{\"@type\":\"EntryPoint\",\"urlTemplate\":\"https:\/\/traveling.com\/hr\/blog\/?s={search_term_string}\"},\"query-input\":\"required name=search_term_string\"}],\"inLanguage\":\"hr\"}]}<\/script>\n<!-- \/ Yoast SEO plugin. -->","yoast_head_json":{"title":"Zra\u010dne luke u Illinoisu - IATA kodovi, karta i ostale informacije","description":"Popis zra\u010dnih luka u saveznoj dr\u017eavi Illinoisu, IATA kodovi, karta lokacija zra\u010dnih luka i broj putnika godi\u0161nje u zra\u010dnim lukama u Illinoisu.","robots":{"index":"index","follow":"follow","max-snippet":"max-snippet:-1","max-image-preview":"max-image-preview:large","max-video-preview":"max-video-preview:-1"},"canonical":"https:\/\/traveling.com\/hr\/blog\/zracne-luke-illinois\/","og_locale":"hr_HR","og_type":"article","og_title":"Zra\u010dne luke u Illinoisu - IATA kodovi, karta i ostale informacije","og_description":"Popis zra\u010dnih luka u saveznoj dr\u017eavi Illinoisu, IATA kodovi, karta lokacija zra\u010dnih luka i broj putnika godi\u0161nje u zra\u010dnim lukama u Illinoisu.","og_url":"https:\/\/traveling.com\/hr\/blog\/zracne-luke-illinois\/","og_site_name":"Traveling.com Blog","article_modified_time":"2025-03-24T10:59:11+00:00","twitter_card":"summary_large_image","twitter_misc":{"Est. reading time":"3 minutes"},"schema":{"@context":"https:\/\/schema.org","@graph":[{"@type":"WebPage","@id":"https:\/\/traveling.com\/hr\/blog\/zracne-luke-illinois\/","url":"https:\/\/traveling.com\/hr\/blog\/zracne-luke-illinois\/","name":"Zra\u010dne luke u Illinoisu - IATA kodovi, karta i ostale informacije","isPartOf":{"@id":"https:\/\/traveling.com\/hr\/blog\/#website"},"datePublished":"2021-07-11T07:00:59+00:00","dateModified":"2025-03-24T10:59:11+00:00","description":"Popis zra\u010dnih luka u saveznoj dr\u017eavi Illinoisu, IATA kodovi, karta lokacija zra\u010dnih luka i broj putnika godi\u0161nje u zra\u010dnim lukama u Illinoisu.","breadcrumb":{"@id":"https:\/\/traveling.com\/hr\/blog\/zracne-luke-illinois\/#breadcrumb"},"inLanguage":"hr","potentialAction":[{"@type":"ReadAction","target":["https:\/\/traveling.com\/hr\/blog\/zracne-luke-illinois\/"]}]},{"@type":"BreadcrumbList","@id":"https:\/\/traveling.com\/hr\/blog\/zracne-luke-illinois\/#breadcrumb","itemListElement":[{"@type":"ListItem","position":1,"name":"Home","item":"https:\/\/traveling.com\/hr\/blog\/"},{"@type":"ListItem","position":2,"name":"Zra\u010dne luke u Illinoisu"}]},{"@type":"WebSite","@id":"https:\/\/traveling.com\/hr\/blog\/#website","url":"https:\/\/traveling.com\/hr\/blog\/","name":"Traveling.com Blog","description":"Tvoj najbolji vodi\u010d na putovanju","potentialAction":[{"@type":"SearchAction","target":{"@type":"EntryPoint","urlTemplate":"https:\/\/traveling.com\/hr\/blog\/?s={search_term_string}"},"query-input":"required name=search_term_string"}],"inLanguage":"hr"}]}},"_links":{"self":[{"href":"https:\/\/traveling.com\/hr\/blog\/wp-json\/wp\/v2\/pages\/11058"}],"collection":[{"href":"https:\/\/traveling.com\/hr\/blog\/wp-json\/wp\/v2\/pages"}],"about":[{"href":"https:\/\/traveling.com\/hr\/blog\/wp-json\/wp\/v2\/types\/page"}],"author":[{"embeddable":true,"href":"https:\/\/traveling.com\/hr\/blog\/wp-json\/wp\/v2\/users\/1"}],"replies":[{"embeddable":true,"href":"https:\/\/traveling.com\/hr\/blog\/wp-json\/wp\/v2\/comments?post=11058"}],"version-history":[{"count":3,"href":"https:\/\/traveling.com\/hr\/blog\/wp-json\/wp\/v2\/pages\/11058\/revisions"}],"predecessor-version":[{"id":11088,"href":"https:\/\/traveling.com\/hr\/blog\/wp-json\/wp\/v2\/pages\/11058\/revisions\/11088"}],"wp:attachment":[{"href":"https:\/\/traveling.com\/hr\/blog\/wp-json\/wp\/v2\/media?parent=11058"}],"curies":[{"name":"wp","href":"https:\/\/api.w.org\/{rel}","templated":true}]}}