{"id":11230,"date":"2021-08-07T09:00:07","date_gmt":"2021-08-07T07:00:07","guid":{"rendered":"https:\/\/getbybus.com\/hr\/blog\/?page_id=11230"},"modified":"2025-03-24T12:59:30","modified_gmt":"2025-03-24T10:59:30","slug":"zracne-luke-maine","status":"publish","type":"page","link":"https:\/\/traveling.com\/hr\/blog\/zracne-luke-maine\/","title":{"rendered":"Zra\u010dne luke u Maineu"},"content":{"rendered":"<p>Maine se nalazi u sjeveroisto\u010dnom dijelu SAD-a. Popularno je turisti\u010dko odredi\u0161te, posebno za susjedne Kana\u0111ane. Me\u0111utim, samo <strong>\u0161est zra\u010dnih luka u Maineu<\/strong> nudi komercijalne i charter letove. Od tih \u0161est, samo Zra\u010dna luka Portland ima zna\u010dajan broj putnika. Ostale zra\u010dne luke nalaze se u manjim gradovima i slu\u017ee kao alternative za uglavnom regionalne letove. Zrakoplovni prijevoznik Cape Air nudi najve\u0107i broj letova u tim zra\u010dnim lukama. Ako zra\u010dne luke u Maineu nisu optimalne za va\u0161e putovanje, mo\u017eete pogledati zra\u010dne luke u Massachusettsu. Tako\u0111er pogledajte i na\u0161u <strong>kartu zra\u010dnih luka u Maineu<\/strong> na kraju objave.<\/p>\n<h3><span class=\"ez-toc-section\" id=\"Popis_zracnih_luka\"><\/span>Popis zra\u010dnih luka<span class=\"ez-toc-section-end\"><\/span><\/h3>\n<h4><span class=\"ez-toc-section\" id=\"Medunarodna_zracna_luka_Portland_-_IATA_Kod_-_PWM_21_M_Putnika\"><\/span><span style=\"color: #2a2a2a;\">Me\u0111unarodna zra\u010dna luka Portland<\/span> \u2013 IATA Kod \u2013 PWM (~ 2.1 M Putnika)<span class=\"ez-toc-section-end\"><\/span><\/h4>\n<p><strong>Zra\u010dna luka Portland<\/strong> najprometnija je zra\u010dna luka u Maineu, a nalazi se oko 2.5 km od centra Portlanda. Popularna je me\u0111u niskotarifnim prijevoznicima kao \u0161to su <strong>jetBlue<\/strong> i <strong>Southwest<\/strong>, \u0161to je \u010dini uobi\u010dajenim izborom za putnike. Prostor zra\u010dne luke bi se trebao pro\u0161iriti kroz nekoliko narednih godina. \u0160to se ti\u010de glavnih linija, New York i Baltimore su najpopularnije destinacije. Zra\u010dna luka primarno nudi doma\u0107e linije, no ima i neke me\u0111unarodne. Zra\u010dna luka Portland ujedno je prili\u010dno blizu ljetnih odmarali\u0161ta u okolici, kao \u0161to su Old Orchard Beach i Kennebunkport.<\/p>\n<h4><span class=\"ez-toc-section\" id=\"Medunarodna_zracna_luka_Bangor_-_IATA_Kod_-_BGR\"><\/span><span style=\"color: #2a2a2a;\">Me\u0111unarodna zra\u010dna luka Bangor<\/span> \u2013 IATA Kod \u2013 BGR<span class=\"ez-toc-section-end\"><\/span><\/h4>\n<ul>\n<li aria-level=\"1\">Gradovi u blizini: Bangor (4.5 km)<\/li>\n<li aria-level=\"1\">Zrakoplovni prijevoznici: Allegiant Air, American, United<\/li>\n<\/ul>\n<h4><span class=\"ez-toc-section\" id=\"Regionalna_zracna_luka_Knox_County_-_IATA_Kod_-_RKD\"><\/span><span style=\"color: #2a2a2a;\">Regionalna zra\u010dna luka Knox County<\/span> \u2013 IATA Kod \u2013 RKD<span class=\"ez-toc-section-end\"><\/span><\/h4>\n<ul>\n<li aria-level=\"1\">Gradovi u blizini: Rockland (6 km)<\/li>\n<li aria-level=\"1\">Zrakoplovni prijevoznici: Cape Air<\/li>\n<\/ul>\n<h4><span class=\"ez-toc-section\" id=\"Medunarodna_zracna_luka_Presque_Isle_-_IATA_Kod_-_PQI\"><\/span><span style=\"color: #2a2a2a;\">Me\u0111unarodna zra\u010dna luka Presque Isle<\/span> \u2013 IATA Kod \u2013 PQI<span class=\"ez-toc-section-end\"><\/span><\/h4>\n<ul>\n<li aria-level=\"1\">Poznata i kao: Regionalna zra\u010dna luka Northern Maine otok Presque\u00a0<\/li>\n<li aria-level=\"1\">Gradovi u blizini: Presque Isle (1.5 km)<\/li>\n<li aria-level=\"1\">Zrakoplovni prijevoznici: United Express<\/li>\n<\/ul>\n<h4><span class=\"ez-toc-section\" id=\"Zracna_luka_Augusta_State_-_IATA_Kod_-_AUG\"><\/span><span style=\"color: #2a2a2a;\">Zra\u010dna luka Augusta State<\/span> \u2013 IATA Kod \u2013 AUG<span class=\"ez-toc-section-end\"><\/span><\/h4>\n<ul>\n<li aria-level=\"1\">Gradovi u blizini: Augusta (2 km)<\/li>\n<li aria-level=\"1\">Zrakoplovni prijevoznici: Cape Air<\/li>\n<\/ul>\n<h4><span class=\"ez-toc-section\" id=\"Zracna_luka_Hancock_County-Bar_Harbor_-_IATA_Kod_-_BHB\"><\/span><span style=\"color: #2a2a2a;\">Zra\u010dna luka Hancock County\u2013Bar Harbor<\/span> \u2013 IATA Kod \u2013 BHB<span class=\"ez-toc-section-end\"><\/span><\/h4>\n<ul>\n<li aria-level=\"1\">Gradovi u blizini: Bar Harbor (15 km)<\/li>\n<li aria-level=\"1\">Zrakoplovni prijevoznici: Cape Air, Silver Airways<\/li>\n<\/ul>\n<h3><span class=\"ez-toc-section\" id=\"Zracne_luke_u_susjednim_saveznim_drzavama\"><\/span>Zra\u010dne luke u susjednim saveznim dr\u017eavama<span class=\"ez-toc-section-end\"><\/span><\/h3>\n<table>\n<tbody>\n<tr>\n<td style=\"text-align: center;\">\n<p>Zra\u010dne luke u Novom Hampshireu\u00a0<\/p>\n<\/td>\n<td style=\"text-align: center;\">\n<p>Zra\u010dne luke u Massachusettsu<\/p>\n<\/td>\n<\/tr>\n<\/tbody>\n<\/table>\n<h3><span class=\"ez-toc-section\" id=\"Karta_zracnih_luka_u_Maineu\"><\/span>Karta zra\u010dnih luka u Maineu<span class=\"ez-toc-section-end\"><\/span><\/h3>\n\n\n<iframe src=\"https:\/\/www.google.com\/maps\/d\/u\/0\/embed?mid=12KUUF4BfCn08tbi8Hjm8CudqjTxxm5RN\" width=\"640\" height=\"480\"><\/iframe>\n","protected":false},"excerpt":{"rendered":"<p>Maine se nalazi u sjeveroisto\u010dnom dijelu SAD-a. Popularno je turisti\u010dko odredi\u0161te, posebno za susjedne Kana\u0111ane. Me\u0111utim, samo \u0161est zra\u010dnih luka u Maineu nudi komercijalne i charter letove. Od tih \u0161est, samo Zra\u010dna luka Portland ima zna\u010dajan broj putnika. Ostale zra\u010dne luke nalaze se u manjim gradovima i slu\u017ee kao alternative za uglavnom regionalne letove. Zrakoplovni [&hellip;]<\/p>\n<p><a class=\"more-link btn btn-primary\" href=\"https:\/\/traveling.com\/hr\/blog\/zracne-luke-maine\/\"> Continue reading&#8230;<\/a><\/p>\n","protected":false},"author":1,"featured_media":0,"parent":0,"menu_order":0,"comment_status":"closed","ping_status":"closed","template":"","meta":[],"yoast_head":"<!-- This site is optimized with the Yoast SEO plugin v19.8 - https:\/\/yoast.com\/wordpress\/plugins\/seo\/ -->\n<title>Zra\u010dne luke u Maineu - IATA kodovi, karta i ostale informacije<\/title>\n<meta name=\"description\" content=\"Popis zra\u010dnih luka u saveznoj dr\u017eavi Maine, IATA kodovi, karta lokacija zra\u010dnih luka i broj putnika godi\u0161nje u zra\u010dnim lukama u Maineu.\" \/>\n<meta name=\"robots\" content=\"index, follow, max-snippet:-1, max-image-preview:large, max-video-preview:-1\" \/>\n<link rel=\"canonical\" href=\"https:\/\/traveling.com\/hr\/blog\/zracne-luke-maine\/\" \/>\n<meta property=\"og:locale\" content=\"hr_HR\" \/>\n<meta property=\"og:type\" content=\"article\" \/>\n<meta property=\"og:title\" content=\"Zra\u010dne luke u Maineu - IATA kodovi, karta i ostale informacije\" \/>\n<meta property=\"og:description\" content=\"Popis zra\u010dnih luka u saveznoj dr\u017eavi Maine, IATA kodovi, karta lokacija zra\u010dnih luka i broj putnika godi\u0161nje u zra\u010dnim lukama u Maineu.\" \/>\n<meta property=\"og:url\" content=\"https:\/\/traveling.com\/hr\/blog\/zracne-luke-maine\/\" \/>\n<meta property=\"og:site_name\" content=\"Traveling.com Blog\" \/>\n<meta property=\"article:modified_time\" content=\"2025-03-24T10:59:30+00:00\" \/>\n<meta name=\"twitter:card\" content=\"summary_large_image\" \/>\n<meta name=\"twitter:label1\" content=\"Est. reading time\" \/>\n\t<meta name=\"twitter:data1\" content=\"2 minutes\" \/>\n<script type=\"application\/ld+json\" class=\"yoast-schema-graph\">{\"@context\":\"https:\/\/schema.org\",\"@graph\":[{\"@type\":\"WebPage\",\"@id\":\"https:\/\/traveling.com\/hr\/blog\/zracne-luke-maine\/\",\"url\":\"https:\/\/traveling.com\/hr\/blog\/zracne-luke-maine\/\",\"name\":\"Zra\u010dne luke u Maineu - IATA kodovi, karta i ostale informacije\",\"isPartOf\":{\"@id\":\"https:\/\/traveling.com\/hr\/blog\/#website\"},\"datePublished\":\"2021-08-07T07:00:07+00:00\",\"dateModified\":\"2025-03-24T10:59:30+00:00\",\"description\":\"Popis zra\u010dnih luka u saveznoj dr\u017eavi Maine, IATA kodovi, karta lokacija zra\u010dnih luka i broj putnika godi\u0161nje u zra\u010dnim lukama u Maineu.\",\"breadcrumb\":{\"@id\":\"https:\/\/traveling.com\/hr\/blog\/zracne-luke-maine\/#breadcrumb\"},\"inLanguage\":\"hr\",\"potentialAction\":[{\"@type\":\"ReadAction\",\"target\":[\"https:\/\/traveling.com\/hr\/blog\/zracne-luke-maine\/\"]}]},{\"@type\":\"BreadcrumbList\",\"@id\":\"https:\/\/traveling.com\/hr\/blog\/zracne-luke-maine\/#breadcrumb\",\"itemListElement\":[{\"@type\":\"ListItem\",\"position\":1,\"name\":\"Home\",\"item\":\"https:\/\/traveling.com\/hr\/blog\/\"},{\"@type\":\"ListItem\",\"position\":2,\"name\":\"Zra\u010dne luke u Maineu\"}]},{\"@type\":\"WebSite\",\"@id\":\"https:\/\/traveling.com\/hr\/blog\/#website\",\"url\":\"https:\/\/traveling.com\/hr\/blog\/\",\"name\":\"Traveling.com Blog\",\"description\":\"Tvoj najbolji vodi\u010d na putovanju\",\"potentialAction\":[{\"@type\":\"SearchAction\",\"target\":{\"@type\":\"EntryPoint\",\"urlTemplate\":\"https:\/\/traveling.com\/hr\/blog\/?s={search_term_string}\"},\"query-input\":\"required name=search_term_string\"}],\"inLanguage\":\"hr\"}]}<\/script>\n<!-- \/ Yoast SEO plugin. -->","yoast_head_json":{"title":"Zra\u010dne luke u Maineu - IATA kodovi, karta i ostale informacije","description":"Popis zra\u010dnih luka u saveznoj dr\u017eavi Maine, IATA kodovi, karta lokacija zra\u010dnih luka i broj putnika godi\u0161nje u zra\u010dnim lukama u Maineu.","robots":{"index":"index","follow":"follow","max-snippet":"max-snippet:-1","max-image-preview":"max-image-preview:large","max-video-preview":"max-video-preview:-1"},"canonical":"https:\/\/traveling.com\/hr\/blog\/zracne-luke-maine\/","og_locale":"hr_HR","og_type":"article","og_title":"Zra\u010dne luke u Maineu - IATA kodovi, karta i ostale informacije","og_description":"Popis zra\u010dnih luka u saveznoj dr\u017eavi Maine, IATA kodovi, karta lokacija zra\u010dnih luka i broj putnika godi\u0161nje u zra\u010dnim lukama u Maineu.","og_url":"https:\/\/traveling.com\/hr\/blog\/zracne-luke-maine\/","og_site_name":"Traveling.com Blog","article_modified_time":"2025-03-24T10:59:30+00:00","twitter_card":"summary_large_image","twitter_misc":{"Est. reading time":"2 minutes"},"schema":{"@context":"https:\/\/schema.org","@graph":[{"@type":"WebPage","@id":"https:\/\/traveling.com\/hr\/blog\/zracne-luke-maine\/","url":"https:\/\/traveling.com\/hr\/blog\/zracne-luke-maine\/","name":"Zra\u010dne luke u Maineu - IATA kodovi, karta i ostale informacije","isPartOf":{"@id":"https:\/\/traveling.com\/hr\/blog\/#website"},"datePublished":"2021-08-07T07:00:07+00:00","dateModified":"2025-03-24T10:59:30+00:00","description":"Popis zra\u010dnih luka u saveznoj dr\u017eavi Maine, IATA kodovi, karta lokacija zra\u010dnih luka i broj putnika godi\u0161nje u zra\u010dnim lukama u Maineu.","breadcrumb":{"@id":"https:\/\/traveling.com\/hr\/blog\/zracne-luke-maine\/#breadcrumb"},"inLanguage":"hr","potentialAction":[{"@type":"ReadAction","target":["https:\/\/traveling.com\/hr\/blog\/zracne-luke-maine\/"]}]},{"@type":"BreadcrumbList","@id":"https:\/\/traveling.com\/hr\/blog\/zracne-luke-maine\/#breadcrumb","itemListElement":[{"@type":"ListItem","position":1,"name":"Home","item":"https:\/\/traveling.com\/hr\/blog\/"},{"@type":"ListItem","position":2,"name":"Zra\u010dne luke u Maineu"}]},{"@type":"WebSite","@id":"https:\/\/traveling.com\/hr\/blog\/#website","url":"https:\/\/traveling.com\/hr\/blog\/","name":"Traveling.com Blog","description":"Tvoj najbolji vodi\u010d na putovanju","potentialAction":[{"@type":"SearchAction","target":{"@type":"EntryPoint","urlTemplate":"https:\/\/traveling.com\/hr\/blog\/?s={search_term_string}"},"query-input":"required name=search_term_string"}],"inLanguage":"hr"}]}},"_links":{"self":[{"href":"https:\/\/traveling.com\/hr\/blog\/wp-json\/wp\/v2\/pages\/11230"}],"collection":[{"href":"https:\/\/traveling.com\/hr\/blog\/wp-json\/wp\/v2\/pages"}],"about":[{"href":"https:\/\/traveling.com\/hr\/blog\/wp-json\/wp\/v2\/types\/page"}],"author":[{"embeddable":true,"href":"https:\/\/traveling.com\/hr\/blog\/wp-json\/wp\/v2\/users\/1"}],"replies":[{"embeddable":true,"href":"https:\/\/traveling.com\/hr\/blog\/wp-json\/wp\/v2\/comments?post=11230"}],"version-history":[{"count":1,"href":"https:\/\/traveling.com\/hr\/blog\/wp-json\/wp\/v2\/pages\/11230\/revisions"}],"predecessor-version":[{"id":11231,"href":"https:\/\/traveling.com\/hr\/blog\/wp-json\/wp\/v2\/pages\/11230\/revisions\/11231"}],"wp:attachment":[{"href":"https:\/\/traveling.com\/hr\/blog\/wp-json\/wp\/v2\/media?parent=11230"}],"curies":[{"name":"wp","href":"https:\/\/api.w.org\/{rel}","templated":true}]}}