{"id":11334,"date":"2021-09-03T09:00:34","date_gmt":"2021-09-03T07:00:34","guid":{"rendered":"https:\/\/getbybus.com\/hr\/blog\/?page_id=11334"},"modified":"2025-03-24T12:59:31","modified_gmt":"2025-03-24T10:59:31","slug":"zracne-luke-massachusetts","status":"publish","type":"page","link":"https:\/\/traveling.com\/hr\/blog\/zracne-luke-massachusetts\/","title":{"rendered":"Zra\u010dne luke u Massachusettsu"},"content":{"rendered":"<p>Massachusetts ima <strong>osam zra\u010dnih luka<\/strong> koje nude cjelogodi\u0161nje komercijalne i \u010darter letove. Od tih osam, Zra\u010dna luka Boston jedina je sa zna\u010dajnim prometom u usporedbi s drugim zra\u010dnim lukama u SAD-u. Upravlja ve\u0107inom me\u0111unarodnih letova do Massachusettsa. Ostale zra\u010dne luke u Massachusettsu primarno su usredoto\u010dene na regionalne i doma\u0107e sezonske linije. Cape Air, jetBlue, American Eagle i Delta Connection samo su neki zrakoplovnih prijevoznici koji posluju u ovim zra\u010dnim lukama. Da bsute bolje organizirali svoje putovanje, na kraju objave smo uklju\u010dili i <strong>kartu zra\u010dnih luka u Massachusettsu<\/strong>.<\/p>\n<h3><span class=\"ez-toc-section\" id=\"Popis_zracnih_luka\"><\/span>Popis zra\u010dnih luka<span class=\"ez-toc-section-end\"><\/span><\/h3>\n<h4><span class=\"ez-toc-section\" id=\"Medunarodna_zracna_luka_Boston_Logan_-_IATA_Kod_-_BOS_425_M_Putnika\"><\/span><span style=\"color: #2a2a2a;\">Me\u0111unarodna zra\u010dna luka Boston Logan<\/span> \u2013 IATA Kod \u2013 BOS (~ 42.5 M Putnika)<span class=\"ez-toc-section-end\"><\/span><\/h4>\n<p><strong>Me\u0111unarodna zra\u010dna luka Boston<\/strong> najve\u0107a je zra\u010dna luka na podru\u010dju Nove Engleske i jedna od 20 najprometnijih ameri\u010dkih zra\u010dnih luka. Nalazi se u isto\u010dnom Bostonu, oko 3 km od centra grada. Ima \u010detiri velika terminala koji slu\u017ee za putnike desetak zrakoplovnih prijevoznika. <strong>Delta, Cape Air<\/strong> i niskotarifni <strong>jetBlue<\/strong> koriste Zra\u010dnu luku Logan kao glavno sredi\u0161te za letove. Zra\u010dna luka nazvana je po generalu Edwardu Lawrenceu Loganu, bostonskom ratnom heroju. Danas zra\u010dna luka BOS ima stotine direktnih letova, a Atlanta, Chicago i London glavne su destinacije. Do zra\u010dne luke se mo\u017ee do\u0107i podzemnom \u017eeljeznicom, javnim autobusnim linijama, taksijem, autobusom zra\u010dne luke, pa \u010dak i trajektima.<\/p>\n<h4><span class=\"ez-toc-section\" id=\"Memorijalna_zracna_luka_Nantucket_-_IATA_Kod_-_ACK\"><\/span><span style=\"color: #2a2a2a;\">Memorijalna zra\u010dna luka Nantucket<\/span> \u2013 IATA Kod \u2013 ACK<span class=\"ez-toc-section-end\"><\/span><\/h4>\n<ul>\n<li aria-level=\"1\">Gradovi u blizini: Nantucket (5 km)<\/li>\n<li aria-level=\"1\">Zrakoplovni prijevoznici: American, Delta, jetBlue, Cape Air<\/li>\n<\/ul>\n<h4><span class=\"ez-toc-section\" id=\"Regionalna_zracna_luka_Worcester_-_IATA_Kod_-_ORH\"><\/span><span style=\"color: #2a2a2a;\">Regionalna zra\u010dna luka Worcester<\/span> \u2013 IATA Kod \u2013 ORH<span class=\"ez-toc-section-end\"><\/span><\/h4>\n<ul>\n<li aria-level=\"1\">Gradovi u blizini: Worcester (5 km), Auburn (10 km)<\/li>\n<li aria-level=\"1\">Zrakoplovni prijevoznici: American, Delta, jetBlue<\/li>\n<\/ul>\n<h4><span class=\"ez-toc-section\" id=\"Zracna_luka_Marthas_Vineyard_-_IATA_Kod_-_MVY\"><\/span><span style=\"color: #2a2a2a;\">Zra\u010dna luka Martha\u2019s Vineyard<\/span> \u2013 IATA Kod \u2013 MVY<span class=\"ez-toc-section-end\"><\/span><\/h4>\n<ul>\n<li aria-level=\"1\">Gradovi u blizini: Vineyard Haven (5 km)<\/li>\n<li aria-level=\"1\">Zrakoplovni prijevoznici: American, Delta, jetBlue<\/li>\n<\/ul>\n<h4><span class=\"ez-toc-section\" id=\"Zracna_luka_opcine_Barnstable_-_IATA_Kod_-_HYA\"><\/span><span style=\"color: #2a2a2a;\">Zra\u010dna luka op\u0107ine Barnstable<\/span> \u2013 IATA Kod \u2013 HYA<span class=\"ez-toc-section-end\"><\/span><\/h4>\n<ul>\n<li aria-level=\"1\">Poznata i kao: Boardman\/Polando Field<\/li>\n<li aria-level=\"1\">Gradovi u blizini: Hyannis (1.5 km)<\/li>\n<li aria-level=\"1\">Zrakoplovni prijevoznici: Cape Air, Nantucket Airlines, jetBlue<\/li>\n<\/ul>\n<h4><span class=\"ez-toc-section\" id=\"Zracna_luka_opcine_Provincetown_-_IATA_Kod_-_PVC\"><\/span><span style=\"color: #2a2a2a;\">Zra\u010dna luka op\u0107ine Provincetown<\/span> \u2013 IATA Kod \u2013 PVC<span class=\"ez-toc-section-end\"><\/span><\/h4>\n<ul>\n<li aria-level=\"1\">Gradovi u blizini: Provincetown (3 km)<\/li>\n<li aria-level=\"1\">Zrakoplovni prijevoznici: Cape Air<\/li>\n<\/ul>\n<h4><span class=\"ez-toc-section\" id=\"Regionalna_zracna_luka_New_Bedford_-_IATA_Kod_-_EWB\"><\/span><span style=\"color: #2a2a2a;\">Regionalna zra\u010dna luka New Bedford<\/span> \u2013 IATA Kod \u2013 EWB<span class=\"ez-toc-section-end\"><\/span><\/h4>\n<ul>\n<li aria-level=\"1\">Gradovi u blizini: New Bedford (5 km)<\/li>\n<li aria-level=\"1\">Zrakoplovni prijevoznici: Cape Air<\/li>\n<\/ul>\n<h4><span class=\"ez-toc-section\" id=\"Memorijalna_zracna_luka_Norwood_-_IATA_Kod_-_OWD\"><\/span><span style=\"color: #2a2a2a;\">Memorijalna zra\u010dna luka Norwood<\/span> \u2013 IATA Kod \u2013 OWD<span class=\"ez-toc-section-end\"><\/span><\/h4>\n<ul>\n<li aria-level=\"1\">Gradovi u blizini: Norwood (3 km)<\/li>\n<li aria-level=\"1\">Zrakoplovni prijevoznici: Southern Airways<\/li>\n<\/ul>\n<h3><span class=\"ez-toc-section\" id=\"Zracne_luke_u_susjednim_saveznim_drzavama\"><\/span>Zra\u010dne luke u susjednim saveznim dr\u017eavama<span class=\"ez-toc-section-end\"><\/span><\/h3>\n<table>\n<tbody>\n<tr>\n<td style=\"text-align: center;\">\n<p>Zra\u010dne luke u Novom Hampshireu<\/p>\n<\/td>\n<td style=\"text-align: center;\">\n<p>Zra\u010dne luke u Connecticutu<\/p>\n<\/td>\n<td style=\"text-align: center;\">\n<p>Zra\u010dne luke u New Yorku<\/p>\n<\/td>\n<td style=\"text-align: center;\">\n<p>Zra\u010dne luke u Rhode Islandu<\/p>\n<\/td>\n<td style=\"text-align: center;\">\n<p>Zra\u010dne luke u Vermontu<\/p>\n<\/td>\n<\/tr>\n<\/tbody>\n<\/table>\n<h3><span class=\"ez-toc-section\" id=\"Karta_zracnih_luka_u_Massachusettsu\"><\/span>Karta zra\u010dnih luka u Massachusettsu<span class=\"ez-toc-section-end\"><\/span><\/h3>\n\n\n<iframe src=\"https:\/\/www.google.com\/maps\/d\/u\/0\/embed?mid=1dleHq7wnOMn2HK1dGR9VQwfBv5CijDUT\" width=\"640\" height=\"480\"><\/iframe>\n","protected":false},"excerpt":{"rendered":"<p>Massachusetts ima osam zra\u010dnih luka koje nude cjelogodi\u0161nje komercijalne i \u010darter letove. Od tih osam, Zra\u010dna luka Boston jedina je sa zna\u010dajnim prometom u usporedbi s drugim zra\u010dnim lukama u SAD-u. Upravlja ve\u0107inom me\u0111unarodnih letova do Massachusettsa. Ostale zra\u010dne luke u Massachusettsu primarno su usredoto\u010dene na regionalne i doma\u0107e sezonske linije. Cape Air, jetBlue, American [&hellip;]<\/p>\n<p><a class=\"more-link btn btn-primary\" href=\"https:\/\/traveling.com\/hr\/blog\/zracne-luke-massachusetts\/\"> Continue reading&#8230;<\/a><\/p>\n","protected":false},"author":1,"featured_media":0,"parent":0,"menu_order":0,"comment_status":"closed","ping_status":"closed","template":"","meta":[],"yoast_head":"<!-- This site is optimized with the Yoast SEO plugin v19.8 - https:\/\/yoast.com\/wordpress\/plugins\/seo\/ -->\n<title>Zra\u010dne luke u Massachusettsu - IATA kodovi, karta i ostale informacije<\/title>\n<meta name=\"description\" content=\"Popis zra\u010dnih luka u saveznoj dr\u017eavi Massachusetts, IATA kodovi, karta lokacija zra\u010dnih luka i broj putnika godi\u0161nje u zra\u010dnim lukama u Massachusettsu.\" \/>\n<meta name=\"robots\" content=\"index, follow, max-snippet:-1, max-image-preview:large, max-video-preview:-1\" \/>\n<link rel=\"canonical\" href=\"https:\/\/traveling.com\/hr\/blog\/zracne-luke-massachusetts\/\" \/>\n<meta property=\"og:locale\" content=\"hr_HR\" \/>\n<meta property=\"og:type\" content=\"article\" \/>\n<meta property=\"og:title\" content=\"Zra\u010dne luke u Massachusettsu - IATA kodovi, karta i ostale informacije\" \/>\n<meta property=\"og:description\" content=\"Popis zra\u010dnih luka u saveznoj dr\u017eavi Massachusetts, IATA kodovi, karta lokacija zra\u010dnih luka i broj putnika godi\u0161nje u zra\u010dnim lukama u Massachusettsu.\" \/>\n<meta property=\"og:url\" content=\"https:\/\/traveling.com\/hr\/blog\/zracne-luke-massachusetts\/\" \/>\n<meta property=\"og:site_name\" content=\"Traveling.com Blog\" \/>\n<meta property=\"article:modified_time\" content=\"2025-03-24T10:59:31+00:00\" \/>\n<meta name=\"twitter:card\" content=\"summary_large_image\" \/>\n<meta name=\"twitter:label1\" content=\"Est. reading time\" \/>\n\t<meta name=\"twitter:data1\" content=\"2 minutes\" \/>\n<script type=\"application\/ld+json\" class=\"yoast-schema-graph\">{\"@context\":\"https:\/\/schema.org\",\"@graph\":[{\"@type\":\"WebPage\",\"@id\":\"https:\/\/traveling.com\/hr\/blog\/zracne-luke-massachusetts\/\",\"url\":\"https:\/\/traveling.com\/hr\/blog\/zracne-luke-massachusetts\/\",\"name\":\"Zra\u010dne luke u Massachusettsu - IATA kodovi, karta i ostale informacije\",\"isPartOf\":{\"@id\":\"https:\/\/traveling.com\/hr\/blog\/#website\"},\"datePublished\":\"2021-09-03T07:00:34+00:00\",\"dateModified\":\"2025-03-24T10:59:31+00:00\",\"description\":\"Popis zra\u010dnih luka u saveznoj dr\u017eavi Massachusetts, IATA kodovi, karta lokacija zra\u010dnih luka i broj putnika godi\u0161nje u zra\u010dnim lukama u Massachusettsu.\",\"breadcrumb\":{\"@id\":\"https:\/\/traveling.com\/hr\/blog\/zracne-luke-massachusetts\/#breadcrumb\"},\"inLanguage\":\"hr\",\"potentialAction\":[{\"@type\":\"ReadAction\",\"target\":[\"https:\/\/traveling.com\/hr\/blog\/zracne-luke-massachusetts\/\"]}]},{\"@type\":\"BreadcrumbList\",\"@id\":\"https:\/\/traveling.com\/hr\/blog\/zracne-luke-massachusetts\/#breadcrumb\",\"itemListElement\":[{\"@type\":\"ListItem\",\"position\":1,\"name\":\"Home\",\"item\":\"https:\/\/traveling.com\/hr\/blog\/\"},{\"@type\":\"ListItem\",\"position\":2,\"name\":\"Zra\u010dne luke u Massachusettsu\"}]},{\"@type\":\"WebSite\",\"@id\":\"https:\/\/traveling.com\/hr\/blog\/#website\",\"url\":\"https:\/\/traveling.com\/hr\/blog\/\",\"name\":\"Traveling.com Blog\",\"description\":\"Tvoj najbolji vodi\u010d na putovanju\",\"potentialAction\":[{\"@type\":\"SearchAction\",\"target\":{\"@type\":\"EntryPoint\",\"urlTemplate\":\"https:\/\/traveling.com\/hr\/blog\/?s={search_term_string}\"},\"query-input\":\"required name=search_term_string\"}],\"inLanguage\":\"hr\"}]}<\/script>\n<!-- \/ Yoast SEO plugin. -->","yoast_head_json":{"title":"Zra\u010dne luke u Massachusettsu - IATA kodovi, karta i ostale informacije","description":"Popis zra\u010dnih luka u saveznoj dr\u017eavi Massachusetts, IATA kodovi, karta lokacija zra\u010dnih luka i broj putnika godi\u0161nje u zra\u010dnim lukama u Massachusettsu.","robots":{"index":"index","follow":"follow","max-snippet":"max-snippet:-1","max-image-preview":"max-image-preview:large","max-video-preview":"max-video-preview:-1"},"canonical":"https:\/\/traveling.com\/hr\/blog\/zracne-luke-massachusetts\/","og_locale":"hr_HR","og_type":"article","og_title":"Zra\u010dne luke u Massachusettsu - IATA kodovi, karta i ostale informacije","og_description":"Popis zra\u010dnih luka u saveznoj dr\u017eavi Massachusetts, IATA kodovi, karta lokacija zra\u010dnih luka i broj putnika godi\u0161nje u zra\u010dnim lukama u Massachusettsu.","og_url":"https:\/\/traveling.com\/hr\/blog\/zracne-luke-massachusetts\/","og_site_name":"Traveling.com Blog","article_modified_time":"2025-03-24T10:59:31+00:00","twitter_card":"summary_large_image","twitter_misc":{"Est. reading time":"2 minutes"},"schema":{"@context":"https:\/\/schema.org","@graph":[{"@type":"WebPage","@id":"https:\/\/traveling.com\/hr\/blog\/zracne-luke-massachusetts\/","url":"https:\/\/traveling.com\/hr\/blog\/zracne-luke-massachusetts\/","name":"Zra\u010dne luke u Massachusettsu - IATA kodovi, karta i ostale informacije","isPartOf":{"@id":"https:\/\/traveling.com\/hr\/blog\/#website"},"datePublished":"2021-09-03T07:00:34+00:00","dateModified":"2025-03-24T10:59:31+00:00","description":"Popis zra\u010dnih luka u saveznoj dr\u017eavi Massachusetts, IATA kodovi, karta lokacija zra\u010dnih luka i broj putnika godi\u0161nje u zra\u010dnim lukama u Massachusettsu.","breadcrumb":{"@id":"https:\/\/traveling.com\/hr\/blog\/zracne-luke-massachusetts\/#breadcrumb"},"inLanguage":"hr","potentialAction":[{"@type":"ReadAction","target":["https:\/\/traveling.com\/hr\/blog\/zracne-luke-massachusetts\/"]}]},{"@type":"BreadcrumbList","@id":"https:\/\/traveling.com\/hr\/blog\/zracne-luke-massachusetts\/#breadcrumb","itemListElement":[{"@type":"ListItem","position":1,"name":"Home","item":"https:\/\/traveling.com\/hr\/blog\/"},{"@type":"ListItem","position":2,"name":"Zra\u010dne luke u Massachusettsu"}]},{"@type":"WebSite","@id":"https:\/\/traveling.com\/hr\/blog\/#website","url":"https:\/\/traveling.com\/hr\/blog\/","name":"Traveling.com Blog","description":"Tvoj najbolji vodi\u010d na putovanju","potentialAction":[{"@type":"SearchAction","target":{"@type":"EntryPoint","urlTemplate":"https:\/\/traveling.com\/hr\/blog\/?s={search_term_string}"},"query-input":"required name=search_term_string"}],"inLanguage":"hr"}]}},"_links":{"self":[{"href":"https:\/\/traveling.com\/hr\/blog\/wp-json\/wp\/v2\/pages\/11334"}],"collection":[{"href":"https:\/\/traveling.com\/hr\/blog\/wp-json\/wp\/v2\/pages"}],"about":[{"href":"https:\/\/traveling.com\/hr\/blog\/wp-json\/wp\/v2\/types\/page"}],"author":[{"embeddable":true,"href":"https:\/\/traveling.com\/hr\/blog\/wp-json\/wp\/v2\/users\/1"}],"replies":[{"embeddable":true,"href":"https:\/\/traveling.com\/hr\/blog\/wp-json\/wp\/v2\/comments?post=11334"}],"version-history":[{"count":1,"href":"https:\/\/traveling.com\/hr\/blog\/wp-json\/wp\/v2\/pages\/11334\/revisions"}],"predecessor-version":[{"id":11335,"href":"https:\/\/traveling.com\/hr\/blog\/wp-json\/wp\/v2\/pages\/11334\/revisions\/11335"}],"wp:attachment":[{"href":"https:\/\/traveling.com\/hr\/blog\/wp-json\/wp\/v2\/media?parent=11334"}],"curies":[{"name":"wp","href":"https:\/\/api.w.org\/{rel}","templated":true}]}}