{"id":11390,"date":"2021-09-10T09:00:43","date_gmt":"2021-09-10T07:00:43","guid":{"rendered":"https:\/\/getbybus.com\/hr\/blog\/?page_id=11390"},"modified":"2025-03-24T12:59:32","modified_gmt":"2025-03-24T10:59:32","slug":"zracne-luke-missouri","status":"publish","type":"page","link":"https:\/\/traveling.com\/hr\/blog\/zracne-luke-missouri\/","title":{"rendered":"Zra\u010dne luke u Missouriju"},"content":{"rendered":"<p>U Missouriju\u00a0 postoje 2 srednje velike i 3 manje zra\u010dne luke koje nude redovne komercijalne letove. Zra\u010dni promet zra\u010dnih luka u Missouriju primarno se odvija u dvije zra\u010dne luke &#8211; Zra\u010dnoj luci St. Louis i Zra\u010dnoj luci Kansas City. Kroz ove dvije zra\u010dne luke godi\u0161nje pro\u0111e vi\u0161e od 20 milijuna putnika. Tri preostale zra\u010dne luke su regionalne, a redovni doma\u0107i letovi su samo prema gradovima u americi. Pored ovih pet, uklju\u010dili smo nekoliko zra\u010dnih luka op\u0107eg zrakoplovstva koje nude samo jednu aktivnu liniju. Obavezno pogledajte i <strong>kartu zra\u010dnih luka u Missouriju<\/strong> na kraju objave.<\/p>\n<h3><span class=\"ez-toc-section\" id=\"Popis_zracnih_luka\"><\/span>Popis zra\u010dnih luka<span class=\"ez-toc-section-end\"><\/span><\/h3>\n<h4><span class=\"ez-toc-section\" id=\"Medunarodna_zracna_luka_St_Louis_Lambert_-_IATA_Kod_-_STL_155_M_Putnika\"><\/span>Me\u0111unarodna zra\u010dna luka St. Louis Lambert \u2013 IATA Kod \u2013 STL (~ 15.5 M Putnika)<span class=\"ez-toc-section-end\"><\/span><\/h4>\n<p><strong>Me\u0111unarodna zra\u010dna luka St. Louis<\/strong> najve\u0107a je i najprometnija zra\u010dna luka u Missouriju. Nalazi se oko 23 km sjeverozapadno od St. Louisa, a kroz nju godi\u0161nje pro\u0111e vi\u0161e od 15 milijuna putnika. Naziva se i zra\u010dna luka Lambert te je sredi\u0161te zrakoplovnih prijevoznika <strong>Air Choice One<\/strong> i <strong>Cap Air<\/strong>. Jedna je od dvije zra\u010dne luke koje opslu\u017euju podru\u010dje St. Louisa, a druga je Zra\u010dna luka MidAmerica. Ove dvije zra\u010dne luke primarno nude doma\u0107e linije, a Atlanta i Denver su najpopularnije destinacije. Do i od zra\u010dne luke mo\u017ee se do\u0107i MetroLink vlakovima, lokalnim autobusnim linijama, autobusima zra\u010dne luke i taksijima.\u00a0<\/p>\n<h4><span class=\"ez-toc-section\" id=\"Medunarodna_zracna_luka_Kansas_City_-_IATA_Kod_-_MCI_118_M_Putnika\"><\/span>Me\u0111unarodna zra\u010dna luka Kansas City \u2013 IATA Kod \u2013 MCI (~ 11.8 M Putnika)\u00a0<span class=\"ez-toc-section-end\"><\/span><\/h4>\n<p><strong>Zra\u010dna luka Kansas City<\/strong> jedna je od srednjih ameri\u010dkih zra\u010dnih luka, a nalazi se oko 23 km od centra Kansas Cityja. Prija\u0161nji naziv zra\u010dne luke je Me\u0111unarodna zra\u010dna luka Mid-Continent. Godi\u0161nje kroz zra\u010dnu luku pro\u0111e oko 12 milijuna putnika. <strong>Southwest i Delta Airlines<\/strong> glavni su prijevoznici, a Denver, Atlanta i Chicago najpopularnije destinacije. Zra\u010dna luka ima 3 terminala, svaki od njih ima 20-30 ulaza. Kao i kod ve\u0107ine ve\u0107ih zra\u010dnih luka u SAD-u, do zra\u010dne luke se mo\u017ee do\u0107i metro autobusom, autobusom zra\u010dne luke, zajedni\u010dkom vo\u017enjom i taksijem.\u00a0<\/p>\n<h4><span class=\"ez-toc-section\" id=\"Nacionalna_zracna_luka_Springfield-Branson_-_IATA_Kod_-_SGF\"><\/span><span style=\"color: #2a2a2a;\">Nacionalna zra\u010dna luka Springfield-Branson<\/span> \u2013 IATA Kod \u2013 SGF<span class=\"ez-toc-section-end\"><\/span><\/h4>\n<ul>\n<li aria-level=\"1\">Poznata i kao: Zra\u010dna luka okrug Springfield\u2013Greene County\u00a0<\/li>\n<li aria-level=\"1\">Gradovi u blizini: Springfield (8 km)<\/li>\n<li aria-level=\"1\">Zrakoplovni prijevoznici: Delta, American, Allegiant Air, United<\/li>\n<\/ul>\n<h4><span class=\"ez-toc-section\" id=\"Regionalna_zracna_luka_Columbia_-_IATA_Kod_-_COU\"><\/span><span style=\"color: #2a2a2a;\">Regionalna zra\u010dna luka Columbia<\/span> \u2013 IATA Kod \u2013 COU<span class=\"ez-toc-section-end\"><\/span><\/h4>\n<ul>\n<li aria-level=\"1\">Gradovi u blizini: Columbia (19 km)<\/li>\n<li aria-level=\"1\">Zrakoplovni prijevoznici: American Eagle, United<\/li>\n<\/ul>\n<h4><span class=\"ez-toc-section\" id=\"Regionalna_zracna_luka_Joplin_-_IATA_Kod_-_JLN\"><\/span><span style=\"color: #2a2a2a;\">Regionalna zra\u010dna luka Joplin<\/span> \u2013 IATA Kod \u2013 JLN<span class=\"ez-toc-section-end\"><\/span><\/h4>\n<ul>\n<li aria-level=\"1\">Gradovi u blizini: Webb City (3 km), Joplin(6.5 km)<\/li>\n<li aria-level=\"1\">Zrakoplovni prijevoznici: American Eagle<\/li>\n<\/ul>\n<h4><span class=\"ez-toc-section\" id=\"Regionalna_zracna_luka_Cape_Girardeau_-_IATA_Kod_-_CGI\"><\/span><span style=\"color: #2a2a2a;\">Regionalna zra\u010dna luka Cape Girardeau<\/span> \u2013 IATA Kod \u2013 CGI<span class=\"ez-toc-section-end\"><\/span><\/h4>\n<ul>\n<li aria-level=\"1\">Gradovi u blizini: Cape Girardeau (9 km)<\/li>\n<li aria-level=\"1\">Zrakoplovni prijevoznici: United Express<\/li>\n<\/ul>\n<h4><span class=\"ez-toc-section\" id=\"Regionalna_zracna_luka_Waynesville-St_Robert_-_IATA_Kod_-_TBN\"><\/span><span style=\"color: #2a2a2a;\">Regionalna zra\u010dna luka Waynesville-St. Robert<\/span> \u2013 IATA Kod \u2013 TBN<span class=\"ez-toc-section-end\"><\/span><\/h4>\n<ul>\n<li aria-level=\"1\">Poznata i kao: Regionalna zra\u010dna luka Waynesville Forney Field<\/li>\n<li aria-level=\"1\">Gradovi u blizini: Fort Leonard Wood (4 km)<\/li>\n<li aria-level=\"1\">Zrakoplovni prijevoznici: Contour Airlines<\/li>\n<\/ul>\n<h4><span class=\"ez-toc-section\" id=\"Regionalna_zracna_luka_Kirksville_-_IATA_Kod_-_IRK\"><\/span><span style=\"color: #2a2a2a;\">Regionalna zra\u010dna luka Kirksville<\/span> \u2013 IATA Kod \u2013 IRK<span class=\"ez-toc-section-end\"><\/span><\/h4>\n<ul>\n<li aria-level=\"1\">Gradovi u blizini: Kirksville (6 km)<\/li>\n<li aria-level=\"1\">Zrakoplovni prijevoznici: Cape Air<\/li>\n<\/ul>\n<h4><span class=\"ez-toc-section\" id=\"Zracna_luka_Branson_Airport_-_IATA_Kod_-_BKG\"><\/span><span style=\"color: #2a2a2a;\">Zra\u010dna luka Branson Airport<\/span> \u2013 IATA Kod \u2013 BKG<span class=\"ez-toc-section-end\"><\/span><\/h4>\n<ul>\n<li aria-level=\"1\">Gradovi u blizini: Branson (15 km)<\/li>\n<li aria-level=\"1\">Zrakoplovni prijevoznici: Frontier Airlines<\/li>\n<\/ul>\n<h3><span class=\"ez-toc-section\" id=\"Zracne_luke_u_susjednim_saveznim_drzavama\"><\/span>Zra\u010dne luke u susjednim saveznim dr\u017eavama<span class=\"ez-toc-section-end\"><\/span><\/h3>\n<table>\n<tbody>\n<tr>\n<td style=\"text-align: center;\">\n<p>Zra\u010dne luke u Kansasu<\/p>\n<\/td>\n<td style=\"text-align: center;\">\n<p>Zra\u010dne luke u Illinoisu<\/p>\n<\/td>\n<td style=\"text-align: center;\">\n<p>Zra\u010dne luke u Arkansasu<\/p>\n<\/td>\n<td style=\"text-align: center;\">\n<p>Zra\u010dne luke u Iowi<\/p>\n<\/td>\n<\/tr>\n<tr>\n<td style=\"text-align: center;\">\n<p>Zra\u010dne luke u Tennesseeju<\/p>\n<\/td>\n<td style=\"text-align: center;\">\n<p>Zra\u010dne luke u Kentuckyju<\/p>\n<\/td>\n<td style=\"text-align: center;\">\n<p>Zra\u010dne luke u Nebraski<\/p>\n<\/td>\n<td style=\"text-align: center;\">\n<p>Zra\u010dne luke u Oklahomi<\/p>\n<\/td>\n<\/tr>\n<\/tbody>\n<\/table>\n<h3><span class=\"ez-toc-section\" id=\"Karta_zracnih_luka_u_Missouriju\"><\/span>Karta zra\u010dnih luka u Missouriju<span class=\"ez-toc-section-end\"><\/span><\/h3>\n\n\n<iframe src=\"https:\/\/www.google.com\/maps\/d\/u\/0\/embed?mid=1zOqSrmFpBPlChDa6ICgUffhkHfarnqm4\" width=\"640\" height=\"480\"><\/iframe>\n","protected":false},"excerpt":{"rendered":"<p>U Missouriju\u00a0 postoje 2 srednje velike i 3 manje zra\u010dne luke koje nude redovne komercijalne letove. Zra\u010dni promet zra\u010dnih luka u Missouriju primarno se odvija u dvije zra\u010dne luke &#8211; Zra\u010dnoj luci St. Louis i Zra\u010dnoj luci Kansas City. Kroz ove dvije zra\u010dne luke godi\u0161nje pro\u0111e vi\u0161e od 20 milijuna putnika. Tri preostale zra\u010dne luke [&hellip;]<\/p>\n<p><a class=\"more-link btn btn-primary\" href=\"https:\/\/traveling.com\/hr\/blog\/zracne-luke-missouri\/\"> Continue reading&#8230;<\/a><\/p>\n","protected":false},"author":1,"featured_media":0,"parent":0,"menu_order":0,"comment_status":"closed","ping_status":"closed","template":"","meta":[],"yoast_head":"<!-- This site is optimized with the Yoast SEO plugin v19.8 - https:\/\/yoast.com\/wordpress\/plugins\/seo\/ -->\n<title>Zra\u010dne luke u Missouriju - IATA kodovi, karta i ostale informacije<\/title>\n<meta name=\"description\" content=\"Popis zra\u010dnih luka u saveznoj dr\u017eavi Missouri, IATA kodovi, karta lokacija zra\u010dnih luka i broj putnika godi\u0161nje u zra\u010dnim lukama u Missouriju.\" \/>\n<meta name=\"robots\" content=\"index, follow, max-snippet:-1, max-image-preview:large, max-video-preview:-1\" \/>\n<link rel=\"canonical\" href=\"https:\/\/traveling.com\/hr\/blog\/zracne-luke-missouri\/\" \/>\n<meta property=\"og:locale\" content=\"hr_HR\" \/>\n<meta property=\"og:type\" content=\"article\" \/>\n<meta property=\"og:title\" content=\"Zra\u010dne luke u Missouriju - IATA kodovi, karta i ostale informacije\" \/>\n<meta property=\"og:description\" content=\"Popis zra\u010dnih luka u saveznoj dr\u017eavi Missouri, IATA kodovi, karta lokacija zra\u010dnih luka i broj putnika godi\u0161nje u zra\u010dnim lukama u Missouriju.\" \/>\n<meta property=\"og:url\" content=\"https:\/\/traveling.com\/hr\/blog\/zracne-luke-missouri\/\" \/>\n<meta property=\"og:site_name\" content=\"Traveling.com Blog\" \/>\n<meta property=\"article:modified_time\" content=\"2025-03-24T10:59:32+00:00\" \/>\n<meta name=\"twitter:card\" content=\"summary_large_image\" \/>\n<meta name=\"twitter:label1\" content=\"Est. reading time\" \/>\n\t<meta name=\"twitter:data1\" content=\"3 minutes\" \/>\n<script type=\"application\/ld+json\" class=\"yoast-schema-graph\">{\"@context\":\"https:\/\/schema.org\",\"@graph\":[{\"@type\":\"WebPage\",\"@id\":\"https:\/\/traveling.com\/hr\/blog\/zracne-luke-missouri\/\",\"url\":\"https:\/\/traveling.com\/hr\/blog\/zracne-luke-missouri\/\",\"name\":\"Zra\u010dne luke u Missouriju - IATA kodovi, karta i ostale informacije\",\"isPartOf\":{\"@id\":\"https:\/\/traveling.com\/hr\/blog\/#website\"},\"datePublished\":\"2021-09-10T07:00:43+00:00\",\"dateModified\":\"2025-03-24T10:59:32+00:00\",\"description\":\"Popis zra\u010dnih luka u saveznoj dr\u017eavi Missouri, IATA kodovi, karta lokacija zra\u010dnih luka i broj putnika godi\u0161nje u zra\u010dnim lukama u Missouriju.\",\"breadcrumb\":{\"@id\":\"https:\/\/traveling.com\/hr\/blog\/zracne-luke-missouri\/#breadcrumb\"},\"inLanguage\":\"hr\",\"potentialAction\":[{\"@type\":\"ReadAction\",\"target\":[\"https:\/\/traveling.com\/hr\/blog\/zracne-luke-missouri\/\"]}]},{\"@type\":\"BreadcrumbList\",\"@id\":\"https:\/\/traveling.com\/hr\/blog\/zracne-luke-missouri\/#breadcrumb\",\"itemListElement\":[{\"@type\":\"ListItem\",\"position\":1,\"name\":\"Home\",\"item\":\"https:\/\/traveling.com\/hr\/blog\/\"},{\"@type\":\"ListItem\",\"position\":2,\"name\":\"Zra\u010dne luke u Missouriju\"}]},{\"@type\":\"WebSite\",\"@id\":\"https:\/\/traveling.com\/hr\/blog\/#website\",\"url\":\"https:\/\/traveling.com\/hr\/blog\/\",\"name\":\"Traveling.com Blog\",\"description\":\"Tvoj najbolji vodi\u010d na putovanju\",\"potentialAction\":[{\"@type\":\"SearchAction\",\"target\":{\"@type\":\"EntryPoint\",\"urlTemplate\":\"https:\/\/traveling.com\/hr\/blog\/?s={search_term_string}\"},\"query-input\":\"required name=search_term_string\"}],\"inLanguage\":\"hr\"}]}<\/script>\n<!-- \/ Yoast SEO plugin. -->","yoast_head_json":{"title":"Zra\u010dne luke u Missouriju - IATA kodovi, karta i ostale informacije","description":"Popis zra\u010dnih luka u saveznoj dr\u017eavi Missouri, IATA kodovi, karta lokacija zra\u010dnih luka i broj putnika godi\u0161nje u zra\u010dnim lukama u Missouriju.","robots":{"index":"index","follow":"follow","max-snippet":"max-snippet:-1","max-image-preview":"max-image-preview:large","max-video-preview":"max-video-preview:-1"},"canonical":"https:\/\/traveling.com\/hr\/blog\/zracne-luke-missouri\/","og_locale":"hr_HR","og_type":"article","og_title":"Zra\u010dne luke u Missouriju - IATA kodovi, karta i ostale informacije","og_description":"Popis zra\u010dnih luka u saveznoj dr\u017eavi Missouri, IATA kodovi, karta lokacija zra\u010dnih luka i broj putnika godi\u0161nje u zra\u010dnim lukama u Missouriju.","og_url":"https:\/\/traveling.com\/hr\/blog\/zracne-luke-missouri\/","og_site_name":"Traveling.com Blog","article_modified_time":"2025-03-24T10:59:32+00:00","twitter_card":"summary_large_image","twitter_misc":{"Est. reading time":"3 minutes"},"schema":{"@context":"https:\/\/schema.org","@graph":[{"@type":"WebPage","@id":"https:\/\/traveling.com\/hr\/blog\/zracne-luke-missouri\/","url":"https:\/\/traveling.com\/hr\/blog\/zracne-luke-missouri\/","name":"Zra\u010dne luke u Missouriju - IATA kodovi, karta i ostale informacije","isPartOf":{"@id":"https:\/\/traveling.com\/hr\/blog\/#website"},"datePublished":"2021-09-10T07:00:43+00:00","dateModified":"2025-03-24T10:59:32+00:00","description":"Popis zra\u010dnih luka u saveznoj dr\u017eavi Missouri, IATA kodovi, karta lokacija zra\u010dnih luka i broj putnika godi\u0161nje u zra\u010dnim lukama u Missouriju.","breadcrumb":{"@id":"https:\/\/traveling.com\/hr\/blog\/zracne-luke-missouri\/#breadcrumb"},"inLanguage":"hr","potentialAction":[{"@type":"ReadAction","target":["https:\/\/traveling.com\/hr\/blog\/zracne-luke-missouri\/"]}]},{"@type":"BreadcrumbList","@id":"https:\/\/traveling.com\/hr\/blog\/zracne-luke-missouri\/#breadcrumb","itemListElement":[{"@type":"ListItem","position":1,"name":"Home","item":"https:\/\/traveling.com\/hr\/blog\/"},{"@type":"ListItem","position":2,"name":"Zra\u010dne luke u Missouriju"}]},{"@type":"WebSite","@id":"https:\/\/traveling.com\/hr\/blog\/#website","url":"https:\/\/traveling.com\/hr\/blog\/","name":"Traveling.com Blog","description":"Tvoj najbolji vodi\u010d na putovanju","potentialAction":[{"@type":"SearchAction","target":{"@type":"EntryPoint","urlTemplate":"https:\/\/traveling.com\/hr\/blog\/?s={search_term_string}"},"query-input":"required name=search_term_string"}],"inLanguage":"hr"}]}},"_links":{"self":[{"href":"https:\/\/traveling.com\/hr\/blog\/wp-json\/wp\/v2\/pages\/11390"}],"collection":[{"href":"https:\/\/traveling.com\/hr\/blog\/wp-json\/wp\/v2\/pages"}],"about":[{"href":"https:\/\/traveling.com\/hr\/blog\/wp-json\/wp\/v2\/types\/page"}],"author":[{"embeddable":true,"href":"https:\/\/traveling.com\/hr\/blog\/wp-json\/wp\/v2\/users\/1"}],"replies":[{"embeddable":true,"href":"https:\/\/traveling.com\/hr\/blog\/wp-json\/wp\/v2\/comments?post=11390"}],"version-history":[{"count":1,"href":"https:\/\/traveling.com\/hr\/blog\/wp-json\/wp\/v2\/pages\/11390\/revisions"}],"predecessor-version":[{"id":11391,"href":"https:\/\/traveling.com\/hr\/blog\/wp-json\/wp\/v2\/pages\/11390\/revisions\/11391"}],"wp:attachment":[{"href":"https:\/\/traveling.com\/hr\/blog\/wp-json\/wp\/v2\/media?parent=11390"}],"curies":[{"name":"wp","href":"https:\/\/api.w.org\/{rel}","templated":true}]}}