{"id":11395,"date":"2021-09-10T09:00:34","date_gmt":"2021-09-10T07:00:34","guid":{"rendered":"https:\/\/getbybus.com\/hr\/blog\/?page_id=11395"},"modified":"2025-03-24T12:59:32","modified_gmt":"2025-03-24T10:59:32","slug":"zracne-luke-nebraska","status":"publish","type":"page","link":"https:\/\/traveling.com\/hr\/blog\/zracne-luke-nebraska\/","title":{"rendered":"Zra\u010dne luke u Nebraski"},"content":{"rendered":"<p>Samo jedna od zra\u010dnih luka u Nebraski godi\u0161nje prihvati vi\u0161e od milijun putnika. Zra\u010dna luka Eppley glavna je zra\u010dna luka u dr\u017eavi i o\u010diti izbor ako putujete u Nebrasku. Uz dvije manje <i>nonhub <\/i>zra\u010dne luke, uklju\u010dili smo i neke sporedne zra\u010dne luke koje nude komercijalne i \u010darter letove. Ispod su navedene sve zra\u010dne luke u Nebraski, a na kraju objave se nalazi i karta zra\u010dnih luka u Nebraski.<\/p>\n<h4><span class=\"ez-toc-section\" id=\"Aerodrom_Omaha_Eppley_-_IATA_Kod_-_OMA_5_M_Putnika\"><\/span>Aerodrom Omaha Eppley \u2013 IATA Kod \u2013 OMA (~ 5 M Putnika)<span class=\"ez-toc-section-end\"><\/span><\/h4>\n<p><strong>Aerodrom Eppley<\/strong> najve\u0107a je zra\u010dna luka u Nebraski i jedina koja se klasificira kao jedna od glavnih ameri\u010dkih zra\u010dnih luka. Zra\u010dna luka primarno nudi doma\u0107e linije. Ve\u0107ina putnika leti za Denver, Chicago i Atlantu. Zra\u010dna luka opslu\u017euje grad Omahu, a nalazi se oko 5 km sjeveroisto\u010dno od centra grada. Trenutno ima 3 putni\u010dka terminala, a neki zrakoplovni prijevoznici koji posluju u zra\u010dnoj luci su Frontier, Delta i Southwest Airlines. ParkOMA Economy Shuttles naj\u010de\u0161\u0107i su prijevoz od i do zra\u010dne luke. Me\u0111utim, postoje i druge opcije poput taksija i najma automobila.<\/p>\n<h3><span class=\"ez-toc-section\" id=\"Manje_zracne_luke\"><\/span>Manje zra\u010dne luke<span class=\"ez-toc-section-end\"><\/span><\/h3>\n<h4><span class=\"ez-toc-section\" id=\"Regionalna_zracna_luka_Central_Nebraska_-_IATA_Kod_-_GRI\"><\/span><span style=\"color: #2a2a2a;\">Regionalna zra\u010dna luka Central Nebraska<\/span> \u2013 IATA Kod \u2013 GRI<span class=\"ez-toc-section-end\"><\/span><\/h4>\n<ul>\n<li aria-level=\"1\">Gradovi u blizini: Grand Island (5 km)<\/li>\n<li aria-level=\"1\">Zrakoplovni prijevoznici: Allegiant Air, American Eagle<\/li>\n<\/ul>\n<h4><span class=\"ez-toc-section\" id=\"Zracna_luka_Lincoln_-_IATA_Kod_-_LNK\"><\/span><span style=\"color: #2a2a2a;\">Zra\u010dna luka Lincoln<\/span> \u2013 IATA Kod \u2013 LNK<span class=\"ez-toc-section-end\"><\/span><\/h4>\n<ul>\n<li aria-level=\"1\">Poznata i kao: Zra\u010dna luka op\u0107ine Lincoln\u00a0<\/li>\n<li aria-level=\"1\">Gradovi u blizini: Lincoln (7.5 km)<\/li>\n<li aria-level=\"1\">Zrakoplovni prijevoznici: Delta, American, Frontier<\/li>\n<\/ul>\n<h4><span class=\"ez-toc-section\" id=\"Regionalna_zracna_luka_Kearney_-_IATA_Kod_-_EAR\"><\/span><span style=\"color: #2a2a2a;\">Regionalna zra\u010dna luka Kearney<\/span> \u2013 IATA Kod \u2013 EAR<span class=\"ez-toc-section-end\"><\/span><\/h4>\n<ul>\n<li aria-level=\"1\">Gradovi u blizini: Kearney (8 km)<\/li>\n<li aria-level=\"1\">Zrakoplovni prijevoznici: United Express<\/li>\n<\/ul>\n<h4><span class=\"ez-toc-section\" id=\"Regionalna_zracna_luka_North_Platte_-_IATA_Kod_-_LBF\"><\/span><span style=\"color: #2a2a2a;\">Regionalna zra\u010dna luka North Platte<\/span> \u2013 IATA Kod \u2013 LBF<span class=\"ez-toc-section-end\"><\/span><\/h4>\n<ul>\n<li aria-level=\"1\">Poznata i kao: Lee Bird Field<\/li>\n<li aria-level=\"1\">Gradovi u blizini: North Platte (5 km)<\/li>\n<li aria-level=\"1\">Zrakoplovni prijevoznici: United Express<\/li>\n<\/ul>\n<h4><span class=\"ez-toc-section\" id=\"Regionalna_zracna_luka_Western_Nebraska_-_IATA_Kod_-_BFF\"><\/span><span style=\"color: #2a2a2a;\">Regionalna zra\u010dna luka Western Nebraska<\/span> \u2013 IATA Kod \u2013 BFF<span class=\"ez-toc-section-end\"><\/span><\/h4>\n<ul>\n<li aria-level=\"1\">Poznata i kao: William B. Heilig Field<\/li>\n<li aria-level=\"1\">Gradovi u blizini: Scottsbluff (5 km)<\/li>\n<li aria-level=\"1\">Zrakoplovni prijevoznici: United Express<\/li>\n<\/ul>\n<h4><span class=\"ez-toc-section\" id=\"Zracna_luka_opcine_Alliance_-_IATA_Kod_-_AIA\"><\/span><span style=\"color: #2a2a2a;\">Zra\u010dna luka op\u0107ine Alliance<\/span> \u2013 IATA Kod \u2013 AIA<span class=\"ez-toc-section-end\"><\/span><\/h4>\n<ul>\n<li aria-level=\"1\">Gradovi u blizini: Alliance (5 km)<\/li>\n<li aria-level=\"1\">Zrakoplovni prijevoznici: Denver Air Connection<\/li>\n<\/ul>\n<h4><span class=\"ez-toc-section\" id=\"Zracna_luka_opcine_Chadron_-_IATA_Kod_-_CDR\"><\/span><span style=\"color: #2a2a2a;\">Zra\u010dna luka op\u0107ine Chadron<\/span> \u2013 IATA Kod \u2013 CDR<span class=\"ez-toc-section-end\"><\/span><\/h4>\n<ul>\n<li aria-level=\"1\">Gradovi u blizini: Chadron (8 km)<\/li>\n<li aria-level=\"1\">Zrakoplovni prijevoznici: Boutique Air<\/li>\n<\/ul>\n<h4><span class=\"ez-toc-section\" id=\"Regionalna_zracna_luka_McCook_Ben_Nelson_-_IATA_Kod_-_MCK\"><\/span><span style=\"color: #2a2a2a;\">Regionalna zra\u010dna luka McCook Ben Nelson<\/span> \u2013 IATA Kod \u2013 MCK<span class=\"ez-toc-section-end\"><\/span><\/h4>\n<ul>\n<li aria-level=\"1\">Gradovi u blizini: McCook (4 km)<\/li>\n<li aria-level=\"1\">Zrakoplovni prijevoznici: Boutique Air<\/li>\n<\/ul>\n<h3><span class=\"ez-toc-section\" id=\"Zracne_luke_u_susjednim_saveznim_drzavama\"><\/span>Zra\u010dne luke u susjednim saveznim dr\u017eavama<span class=\"ez-toc-section-end\"><\/span><\/h3>\n<table>\n<tbody>\n<tr>\n<td style=\"text-align: center;\">\n<p>Zra\u010dne luke u Iowi<\/p>\n<\/td>\n<td style=\"text-align: center;\">\n<p>Zra\u010dne luke u Kansasu<\/p>\n<\/td>\n<td style=\"text-align: center;\">\n<p>Zra\u010dne luke u Ju\u017enoj Dakoti<\/p>\n<\/td>\n<\/tr>\n<tr>\n<td style=\"text-align: center;\">\n<p>Zra\u010dne luke u Coloradu<\/p>\n<\/td>\n<td style=\"text-align: center;\">\n<p>Airports in Wyomingu<\/p>\n<\/td>\n<td style=\"text-align: center;\">\n<p>Zra\u010dne luke u Missouriju<\/p>\n<\/td>\n<\/tr>\n<\/tbody>\n<\/table>\n<h3><span class=\"ez-toc-section\" id=\"Karta_zracnih_luka_u_Nebraski\"><\/span>Karta zra\u010dnih luka u Nebraski<span class=\"ez-toc-section-end\"><\/span><\/h3>\n\n\n<iframe src=\"https:\/\/www.google.com\/maps\/d\/u\/0\/embed?mid=1kOfWEZS2tUrrpI8y5Uk_mUA5A5oHJOle\" width=\"640\" height=\"480\"><\/iframe>\n","protected":false},"excerpt":{"rendered":"<p>Samo jedna od zra\u010dnih luka u Nebraski godi\u0161nje prihvati vi\u0161e od milijun putnika. Zra\u010dna luka Eppley glavna je zra\u010dna luka u dr\u017eavi i o\u010diti izbor ako putujete u Nebrasku. Uz dvije manje nonhub zra\u010dne luke, uklju\u010dili smo i neke sporedne zra\u010dne luke koje nude komercijalne i \u010darter letove. Ispod su navedene sve zra\u010dne luke u [&hellip;]<\/p>\n<p><a class=\"more-link btn btn-primary\" href=\"https:\/\/traveling.com\/hr\/blog\/zracne-luke-nebraska\/\"> Continue reading&#8230;<\/a><\/p>\n","protected":false},"author":1,"featured_media":0,"parent":0,"menu_order":0,"comment_status":"closed","ping_status":"closed","template":"","meta":[],"yoast_head":"<!-- This site is optimized with the Yoast SEO plugin v19.8 - https:\/\/yoast.com\/wordpress\/plugins\/seo\/ -->\n<title>Zra\u010dne luke u Nebraski - IATA kodovi, karta i ostale informacije<\/title>\n<meta name=\"description\" content=\"Popis zra\u010dnih luka u saveznoj dr\u017eavi Nebraski, IATA kodovi, karta lokacija zra\u010dnih luka i broj putnika godi\u0161nje u zra\u010dnim lukama u Nebraski.\" \/>\n<meta name=\"robots\" content=\"index, follow, max-snippet:-1, max-image-preview:large, max-video-preview:-1\" \/>\n<link rel=\"canonical\" href=\"https:\/\/traveling.com\/hr\/blog\/zracne-luke-nebraska\/\" \/>\n<meta property=\"og:locale\" content=\"hr_HR\" \/>\n<meta property=\"og:type\" content=\"article\" \/>\n<meta property=\"og:title\" content=\"Zra\u010dne luke u Nebraski - IATA kodovi, karta i ostale informacije\" \/>\n<meta property=\"og:description\" content=\"Popis zra\u010dnih luka u saveznoj dr\u017eavi Nebraski, IATA kodovi, karta lokacija zra\u010dnih luka i broj putnika godi\u0161nje u zra\u010dnim lukama u Nebraski.\" \/>\n<meta property=\"og:url\" content=\"https:\/\/traveling.com\/hr\/blog\/zracne-luke-nebraska\/\" \/>\n<meta property=\"og:site_name\" content=\"Traveling.com Blog\" \/>\n<meta property=\"article:modified_time\" content=\"2025-03-24T10:59:32+00:00\" \/>\n<meta name=\"twitter:card\" content=\"summary_large_image\" \/>\n<meta name=\"twitter:label1\" content=\"Est. reading time\" \/>\n\t<meta name=\"twitter:data1\" content=\"2 minutes\" \/>\n<script type=\"application\/ld+json\" class=\"yoast-schema-graph\">{\"@context\":\"https:\/\/schema.org\",\"@graph\":[{\"@type\":\"WebPage\",\"@id\":\"https:\/\/traveling.com\/hr\/blog\/zracne-luke-nebraska\/\",\"url\":\"https:\/\/traveling.com\/hr\/blog\/zracne-luke-nebraska\/\",\"name\":\"Zra\u010dne luke u Nebraski - IATA kodovi, karta i ostale informacije\",\"isPartOf\":{\"@id\":\"https:\/\/traveling.com\/hr\/blog\/#website\"},\"datePublished\":\"2021-09-10T07:00:34+00:00\",\"dateModified\":\"2025-03-24T10:59:32+00:00\",\"description\":\"Popis zra\u010dnih luka u saveznoj dr\u017eavi Nebraski, IATA kodovi, karta lokacija zra\u010dnih luka i broj putnika godi\u0161nje u zra\u010dnim lukama u Nebraski.\",\"breadcrumb\":{\"@id\":\"https:\/\/traveling.com\/hr\/blog\/zracne-luke-nebraska\/#breadcrumb\"},\"inLanguage\":\"hr\",\"potentialAction\":[{\"@type\":\"ReadAction\",\"target\":[\"https:\/\/traveling.com\/hr\/blog\/zracne-luke-nebraska\/\"]}]},{\"@type\":\"BreadcrumbList\",\"@id\":\"https:\/\/traveling.com\/hr\/blog\/zracne-luke-nebraska\/#breadcrumb\",\"itemListElement\":[{\"@type\":\"ListItem\",\"position\":1,\"name\":\"Home\",\"item\":\"https:\/\/traveling.com\/hr\/blog\/\"},{\"@type\":\"ListItem\",\"position\":2,\"name\":\"Zra\u010dne luke u Nebraski\"}]},{\"@type\":\"WebSite\",\"@id\":\"https:\/\/traveling.com\/hr\/blog\/#website\",\"url\":\"https:\/\/traveling.com\/hr\/blog\/\",\"name\":\"Traveling.com Blog\",\"description\":\"Tvoj najbolji vodi\u010d na putovanju\",\"potentialAction\":[{\"@type\":\"SearchAction\",\"target\":{\"@type\":\"EntryPoint\",\"urlTemplate\":\"https:\/\/traveling.com\/hr\/blog\/?s={search_term_string}\"},\"query-input\":\"required name=search_term_string\"}],\"inLanguage\":\"hr\"}]}<\/script>\n<!-- \/ Yoast SEO plugin. -->","yoast_head_json":{"title":"Zra\u010dne luke u Nebraski - IATA kodovi, karta i ostale informacije","description":"Popis zra\u010dnih luka u saveznoj dr\u017eavi Nebraski, IATA kodovi, karta lokacija zra\u010dnih luka i broj putnika godi\u0161nje u zra\u010dnim lukama u Nebraski.","robots":{"index":"index","follow":"follow","max-snippet":"max-snippet:-1","max-image-preview":"max-image-preview:large","max-video-preview":"max-video-preview:-1"},"canonical":"https:\/\/traveling.com\/hr\/blog\/zracne-luke-nebraska\/","og_locale":"hr_HR","og_type":"article","og_title":"Zra\u010dne luke u Nebraski - IATA kodovi, karta i ostale informacije","og_description":"Popis zra\u010dnih luka u saveznoj dr\u017eavi Nebraski, IATA kodovi, karta lokacija zra\u010dnih luka i broj putnika godi\u0161nje u zra\u010dnim lukama u Nebraski.","og_url":"https:\/\/traveling.com\/hr\/blog\/zracne-luke-nebraska\/","og_site_name":"Traveling.com Blog","article_modified_time":"2025-03-24T10:59:32+00:00","twitter_card":"summary_large_image","twitter_misc":{"Est. reading time":"2 minutes"},"schema":{"@context":"https:\/\/schema.org","@graph":[{"@type":"WebPage","@id":"https:\/\/traveling.com\/hr\/blog\/zracne-luke-nebraska\/","url":"https:\/\/traveling.com\/hr\/blog\/zracne-luke-nebraska\/","name":"Zra\u010dne luke u Nebraski - IATA kodovi, karta i ostale informacije","isPartOf":{"@id":"https:\/\/traveling.com\/hr\/blog\/#website"},"datePublished":"2021-09-10T07:00:34+00:00","dateModified":"2025-03-24T10:59:32+00:00","description":"Popis zra\u010dnih luka u saveznoj dr\u017eavi Nebraski, IATA kodovi, karta lokacija zra\u010dnih luka i broj putnika godi\u0161nje u zra\u010dnim lukama u Nebraski.","breadcrumb":{"@id":"https:\/\/traveling.com\/hr\/blog\/zracne-luke-nebraska\/#breadcrumb"},"inLanguage":"hr","potentialAction":[{"@type":"ReadAction","target":["https:\/\/traveling.com\/hr\/blog\/zracne-luke-nebraska\/"]}]},{"@type":"BreadcrumbList","@id":"https:\/\/traveling.com\/hr\/blog\/zracne-luke-nebraska\/#breadcrumb","itemListElement":[{"@type":"ListItem","position":1,"name":"Home","item":"https:\/\/traveling.com\/hr\/blog\/"},{"@type":"ListItem","position":2,"name":"Zra\u010dne luke u Nebraski"}]},{"@type":"WebSite","@id":"https:\/\/traveling.com\/hr\/blog\/#website","url":"https:\/\/traveling.com\/hr\/blog\/","name":"Traveling.com Blog","description":"Tvoj najbolji vodi\u010d na putovanju","potentialAction":[{"@type":"SearchAction","target":{"@type":"EntryPoint","urlTemplate":"https:\/\/traveling.com\/hr\/blog\/?s={search_term_string}"},"query-input":"required name=search_term_string"}],"inLanguage":"hr"}]}},"_links":{"self":[{"href":"https:\/\/traveling.com\/hr\/blog\/wp-json\/wp\/v2\/pages\/11395"}],"collection":[{"href":"https:\/\/traveling.com\/hr\/blog\/wp-json\/wp\/v2\/pages"}],"about":[{"href":"https:\/\/traveling.com\/hr\/blog\/wp-json\/wp\/v2\/types\/page"}],"author":[{"embeddable":true,"href":"https:\/\/traveling.com\/hr\/blog\/wp-json\/wp\/v2\/users\/1"}],"replies":[{"embeddable":true,"href":"https:\/\/traveling.com\/hr\/blog\/wp-json\/wp\/v2\/comments?post=11395"}],"version-history":[{"count":1,"href":"https:\/\/traveling.com\/hr\/blog\/wp-json\/wp\/v2\/pages\/11395\/revisions"}],"predecessor-version":[{"id":11396,"href":"https:\/\/traveling.com\/hr\/blog\/wp-json\/wp\/v2\/pages\/11395\/revisions\/11396"}],"wp:attachment":[{"href":"https:\/\/traveling.com\/hr\/blog\/wp-json\/wp\/v2\/media?parent=11395"}],"curies":[{"name":"wp","href":"https:\/\/api.w.org\/{rel}","templated":true}]}}