{"id":11399,"date":"2021-09-11T09:00:29","date_gmt":"2021-09-11T07:00:29","guid":{"rendered":"https:\/\/getbybus.com\/hr\/blog\/?page_id=11399"},"modified":"2025-03-24T12:59:33","modified_gmt":"2025-03-24T10:59:33","slug":"zracne-luke-new-jersey","status":"publish","type":"page","link":"https:\/\/traveling.com\/hr\/blog\/zracne-luke-new-jersey\/","title":{"rendered":"Zra\u010dne luke u New Jerseyju"},"content":{"rendered":"<p>New Jersey ima <strong>samo 3 FAA klasificirane zra\u010dne luke<\/strong> koje nude komercijalne letove. Newark i Zra\u010dna luka Atlantic City dvije su najpopularnije zra\u010dne luke u New Jerseyu i jedine sa zna\u010dajnim brojem putnika. Zra\u010dna luka Newark je alternativa zra\u010dnim lukama u New Yorku, dok Zra\u010dna luka Atlantic City slu\u017ei putnicima koji idu na obalu Atlatnika u saveznoj dr\u017eavi New York. U objavu smo dodali i tablicu drugih obli\u017enjih zra\u010dnih luka u susjednim saveznim dr\u017eavama. Na kraju objave se nalazi i <strong>karta zra\u010dnih luka u New Jerseyu<\/strong>.<\/p>\n<h3><span class=\"ez-toc-section\" id=\"Popis_zracnih_luka\"><\/span>Popis zra\u010dnih luka<span class=\"ez-toc-section-end\"><\/span><\/h3>\n<h4><span class=\"ez-toc-section\" id=\"Medunarodna_zracna_luka_Newark_Liberty_-_IATA_Kod_-_EWR_463_M_Putnika\"><\/span><span style=\"color: #2a2a2a;\">Me\u0111unarodna zra\u010dna luka Newark Liberty<\/span> \u2013 IATA Kod \u2013 EWR (~46.3 M Putnika)<span class=\"ez-toc-section-end\"><\/span><\/h4>\n<p><strong>Zra\u010dna luka Newark Metropolitan<\/strong> najve\u0107a je u New Jerseyu i jedna je od najprometnijih ameri\u010dkih zra\u010dnih luka na isto\u010dnoj obali. Nalazi se izme\u0111u gradova Newark i Elizabeth. To\u010dnije, udaljenost do Newarka je oko 5 km, a do Elizabeth 4 km. Manhattan u New Yorku nalazi se oko 15 kilometara od zra\u010dne luke. U zra\u010dnoj luci EWR posluje oko 50 zrakoplovnih prijevoznika, a ujedno je i tre\u0107e najve\u0107e \u010dvori\u0161te za <strong>United Airlines<\/strong>. <strong>British Airways<\/strong> i <strong>Virgin<\/strong> tako\u0111er imaju zna\u010dajan broj letova dnevno. Do i iz zra\u010dne luke mo\u017ee se do\u0107i na nekoliko na\u010dina. Na raspolaganju su AirTrain, NJ Public Transit, autobusi zra\u010dne luke, taksiji i limuzine. Stoga Zra\u010dna luka Newark mo\u017ee biti dobra alternativa za druge zra\u010dne luke u blizini New Yorka.<\/p>\n<h4><span class=\"ez-toc-section\" id=\"Medunarodna_zracna_luka_Atlantic_City_-_IATA_Kod_-_ACY_12_M_Putnika\"><\/span><span style=\"color: #2a2a2a;\">Me\u0111unarodna zra\u010dna luka Atlantic City<\/span> \u2013 IATA Kod \u2013 ACY (~ 1.2 M Putnika)<span class=\"ez-toc-section-end\"><\/span><\/h4>\n<p><strong>Zra\u010dna luka Atlantic City<\/strong> druga je najprometnija zra\u010dna luka u saveznoj dr\u017eavi New York i primarni izbor za sve koji putuju u Atlantic City. Udaljenost od zra\u010dne luke do grada je oko 16 km. Do Atlantic Cityja mo\u017ee se do\u0107i linijama NJ Public Transita, autobusom zra\u010dne luke i taksijem. Spirit Airlines trenutno je jedini prijevoznik koji posluje u zra\u010dnoj luci, unato\u010d tome, zra\u010dna luka svake godine prihvati vi\u0161e od milijun putnika. Zra\u010dna luka ACY \u010dest je odabir prilikom putovanja u druge gradove na obali Atlantika i u okoliciNew Jerseyja.\u00a0<\/p>\n<h4><span class=\"ez-toc-section\" id=\"Zracna_luka_Trenton_Mercer_-_IATA_Kod_-_TTN\"><\/span><span style=\"color: #2a2a2a;\"><b>Z<\/b>ra\u010dna luka Trenton Mercer<\/span> \u2013 IATA Kod \u2013 TTN<span class=\"ez-toc-section-end\"><\/span><\/h4>\n<ul>\n<li aria-level=\"1\">Gradovi u blizini: Trenton (6.5 km)<\/li>\n<li aria-level=\"1\">Zrakoplovni prijevoznici: Frontier\u00a0<\/li>\n<\/ul>\n<h4><span class=\"ez-toc-section\" id=\"Zracna_luka_Essex_County_-_IATA_Kod_-_CDW\"><\/span><span style=\"color: #2a2a2a;\">Zra\u010dna luka Essex County<\/span> \u2013 IATA Kod \u2013 CDW<span class=\"ez-toc-section-end\"><\/span><\/h4>\n<ul>\n<li aria-level=\"1\">Poznata i kao: Zra\u010dna luka Caldwell\u00a0<\/li>\n<li aria-level=\"1\">Gradovi u blizini: Caldwell (4 km)<\/li>\n<li aria-level=\"1\">Zrakoplovni prijevoznici: Tropic Ocean Airways<\/li>\n<\/ul>\n<h3><span class=\"ez-toc-section\" id=\"Zracne_luke_u_susjednim_saveznim_drzavama\"><\/span>Zra\u010dne luke u susjednim saveznim dr\u017eavama<span class=\"ez-toc-section-end\"><\/span><\/h3>\n<table>\n<tbody>\n<tr>\n<td style=\"text-align: center;\">\n<p>Zra\u010dne luke u Pennsylvaniji<\/p>\n<\/td>\n<td style=\"text-align: center;\">\n<p>Zra\u010dne luke u Delawareu<\/p>\n<\/td>\n<td style=\"text-align: center;\">\n<p>Zra\u010dne luke u New Yorku<\/p>\n<\/td>\n<\/tr>\n<\/tbody>\n<\/table>\n<h3><span class=\"ez-toc-section\" id=\"Karta_zracnih_luka_u_New_Jerseyju\"><\/span>Karta zra\u010dnih luka u New Jerseyju<span class=\"ez-toc-section-end\"><\/span><\/h3>\n\n\n<iframe src=\"https:\/\/www.google.com\/maps\/d\/u\/0\/embed?mid=1UADoXS6s2bxI1xem4yZv4ncgRVje2Pw0\" width=\"640\" height=\"480\"><\/iframe>\n","protected":false},"excerpt":{"rendered":"<p>New Jersey ima samo 3 FAA klasificirane zra\u010dne luke koje nude komercijalne letove. Newark i Zra\u010dna luka Atlantic City dvije su najpopularnije zra\u010dne luke u New Jerseyu i jedine sa zna\u010dajnim brojem putnika. Zra\u010dna luka Newark je alternativa zra\u010dnim lukama u New Yorku, dok Zra\u010dna luka Atlantic City slu\u017ei putnicima koji idu na obalu Atlatnika [&hellip;]<\/p>\n<p><a class=\"more-link btn btn-primary\" href=\"https:\/\/traveling.com\/hr\/blog\/zracne-luke-new-jersey\/\"> Continue reading&#8230;<\/a><\/p>\n","protected":false},"author":1,"featured_media":0,"parent":0,"menu_order":0,"comment_status":"closed","ping_status":"closed","template":"","meta":[],"yoast_head":"<!-- This site is optimized with the Yoast SEO plugin v19.8 - https:\/\/yoast.com\/wordpress\/plugins\/seo\/ -->\n<title>Zra\u010dne luke u New Jerseyju - IATA kodovi, karta i ostale informacije<\/title>\n<meta name=\"description\" content=\"Popis zra\u010dnih luka u saveznoj dr\u017eavi New Jersey, IATA kodovi, karta lokacija zra\u010dnih luka i broj putnika godi\u0161nje u zra\u010dnim lukama u New Jerseyju.\" \/>\n<meta name=\"robots\" content=\"index, follow, max-snippet:-1, max-image-preview:large, max-video-preview:-1\" \/>\n<link rel=\"canonical\" href=\"https:\/\/traveling.com\/hr\/blog\/zracne-luke-new-jersey\/\" \/>\n<meta property=\"og:locale\" content=\"hr_HR\" \/>\n<meta property=\"og:type\" content=\"article\" \/>\n<meta property=\"og:title\" content=\"Zra\u010dne luke u New Jerseyju - IATA kodovi, karta i ostale informacije\" \/>\n<meta property=\"og:description\" content=\"Popis zra\u010dnih luka u saveznoj dr\u017eavi New Jersey, IATA kodovi, karta lokacija zra\u010dnih luka i broj putnika godi\u0161nje u zra\u010dnim lukama u New Jerseyju.\" \/>\n<meta property=\"og:url\" content=\"https:\/\/traveling.com\/hr\/blog\/zracne-luke-new-jersey\/\" \/>\n<meta property=\"og:site_name\" content=\"Traveling.com Blog\" \/>\n<meta property=\"article:modified_time\" content=\"2025-03-24T10:59:33+00:00\" \/>\n<meta name=\"twitter:card\" content=\"summary_large_image\" \/>\n<meta name=\"twitter:label1\" content=\"Est. reading time\" \/>\n\t<meta name=\"twitter:data1\" content=\"2 minutes\" \/>\n<script type=\"application\/ld+json\" class=\"yoast-schema-graph\">{\"@context\":\"https:\/\/schema.org\",\"@graph\":[{\"@type\":\"WebPage\",\"@id\":\"https:\/\/traveling.com\/hr\/blog\/zracne-luke-new-jersey\/\",\"url\":\"https:\/\/traveling.com\/hr\/blog\/zracne-luke-new-jersey\/\",\"name\":\"Zra\u010dne luke u New Jerseyju - IATA kodovi, karta i ostale informacije\",\"isPartOf\":{\"@id\":\"https:\/\/traveling.com\/hr\/blog\/#website\"},\"datePublished\":\"2021-09-11T07:00:29+00:00\",\"dateModified\":\"2025-03-24T10:59:33+00:00\",\"description\":\"Popis zra\u010dnih luka u saveznoj dr\u017eavi New Jersey, IATA kodovi, karta lokacija zra\u010dnih luka i broj putnika godi\u0161nje u zra\u010dnim lukama u New Jerseyju.\",\"breadcrumb\":{\"@id\":\"https:\/\/traveling.com\/hr\/blog\/zracne-luke-new-jersey\/#breadcrumb\"},\"inLanguage\":\"hr\",\"potentialAction\":[{\"@type\":\"ReadAction\",\"target\":[\"https:\/\/traveling.com\/hr\/blog\/zracne-luke-new-jersey\/\"]}]},{\"@type\":\"BreadcrumbList\",\"@id\":\"https:\/\/traveling.com\/hr\/blog\/zracne-luke-new-jersey\/#breadcrumb\",\"itemListElement\":[{\"@type\":\"ListItem\",\"position\":1,\"name\":\"Home\",\"item\":\"https:\/\/traveling.com\/hr\/blog\/\"},{\"@type\":\"ListItem\",\"position\":2,\"name\":\"Zra\u010dne luke u New Jerseyju\"}]},{\"@type\":\"WebSite\",\"@id\":\"https:\/\/traveling.com\/hr\/blog\/#website\",\"url\":\"https:\/\/traveling.com\/hr\/blog\/\",\"name\":\"Traveling.com Blog\",\"description\":\"Tvoj najbolji vodi\u010d na putovanju\",\"potentialAction\":[{\"@type\":\"SearchAction\",\"target\":{\"@type\":\"EntryPoint\",\"urlTemplate\":\"https:\/\/traveling.com\/hr\/blog\/?s={search_term_string}\"},\"query-input\":\"required name=search_term_string\"}],\"inLanguage\":\"hr\"}]}<\/script>\n<!-- \/ Yoast SEO plugin. -->","yoast_head_json":{"title":"Zra\u010dne luke u New Jerseyju - IATA kodovi, karta i ostale informacije","description":"Popis zra\u010dnih luka u saveznoj dr\u017eavi New Jersey, IATA kodovi, karta lokacija zra\u010dnih luka i broj putnika godi\u0161nje u zra\u010dnim lukama u New Jerseyju.","robots":{"index":"index","follow":"follow","max-snippet":"max-snippet:-1","max-image-preview":"max-image-preview:large","max-video-preview":"max-video-preview:-1"},"canonical":"https:\/\/traveling.com\/hr\/blog\/zracne-luke-new-jersey\/","og_locale":"hr_HR","og_type":"article","og_title":"Zra\u010dne luke u New Jerseyju - IATA kodovi, karta i ostale informacije","og_description":"Popis zra\u010dnih luka u saveznoj dr\u017eavi New Jersey, IATA kodovi, karta lokacija zra\u010dnih luka i broj putnika godi\u0161nje u zra\u010dnim lukama u New Jerseyju.","og_url":"https:\/\/traveling.com\/hr\/blog\/zracne-luke-new-jersey\/","og_site_name":"Traveling.com Blog","article_modified_time":"2025-03-24T10:59:33+00:00","twitter_card":"summary_large_image","twitter_misc":{"Est. reading time":"2 minutes"},"schema":{"@context":"https:\/\/schema.org","@graph":[{"@type":"WebPage","@id":"https:\/\/traveling.com\/hr\/blog\/zracne-luke-new-jersey\/","url":"https:\/\/traveling.com\/hr\/blog\/zracne-luke-new-jersey\/","name":"Zra\u010dne luke u New Jerseyju - IATA kodovi, karta i ostale informacije","isPartOf":{"@id":"https:\/\/traveling.com\/hr\/blog\/#website"},"datePublished":"2021-09-11T07:00:29+00:00","dateModified":"2025-03-24T10:59:33+00:00","description":"Popis zra\u010dnih luka u saveznoj dr\u017eavi New Jersey, IATA kodovi, karta lokacija zra\u010dnih luka i broj putnika godi\u0161nje u zra\u010dnim lukama u New Jerseyju.","breadcrumb":{"@id":"https:\/\/traveling.com\/hr\/blog\/zracne-luke-new-jersey\/#breadcrumb"},"inLanguage":"hr","potentialAction":[{"@type":"ReadAction","target":["https:\/\/traveling.com\/hr\/blog\/zracne-luke-new-jersey\/"]}]},{"@type":"BreadcrumbList","@id":"https:\/\/traveling.com\/hr\/blog\/zracne-luke-new-jersey\/#breadcrumb","itemListElement":[{"@type":"ListItem","position":1,"name":"Home","item":"https:\/\/traveling.com\/hr\/blog\/"},{"@type":"ListItem","position":2,"name":"Zra\u010dne luke u New Jerseyju"}]},{"@type":"WebSite","@id":"https:\/\/traveling.com\/hr\/blog\/#website","url":"https:\/\/traveling.com\/hr\/blog\/","name":"Traveling.com Blog","description":"Tvoj najbolji vodi\u010d na putovanju","potentialAction":[{"@type":"SearchAction","target":{"@type":"EntryPoint","urlTemplate":"https:\/\/traveling.com\/hr\/blog\/?s={search_term_string}"},"query-input":"required name=search_term_string"}],"inLanguage":"hr"}]}},"_links":{"self":[{"href":"https:\/\/traveling.com\/hr\/blog\/wp-json\/wp\/v2\/pages\/11399"}],"collection":[{"href":"https:\/\/traveling.com\/hr\/blog\/wp-json\/wp\/v2\/pages"}],"about":[{"href":"https:\/\/traveling.com\/hr\/blog\/wp-json\/wp\/v2\/types\/page"}],"author":[{"embeddable":true,"href":"https:\/\/traveling.com\/hr\/blog\/wp-json\/wp\/v2\/users\/1"}],"replies":[{"embeddable":true,"href":"https:\/\/traveling.com\/hr\/blog\/wp-json\/wp\/v2\/comments?post=11399"}],"version-history":[{"count":1,"href":"https:\/\/traveling.com\/hr\/blog\/wp-json\/wp\/v2\/pages\/11399\/revisions"}],"predecessor-version":[{"id":11400,"href":"https:\/\/traveling.com\/hr\/blog\/wp-json\/wp\/v2\/pages\/11399\/revisions\/11400"}],"wp:attachment":[{"href":"https:\/\/traveling.com\/hr\/blog\/wp-json\/wp\/v2\/media?parent=11399"}],"curies":[{"name":"wp","href":"https:\/\/api.w.org\/{rel}","templated":true}]}}