{"id":11404,"date":"2021-09-13T09:00:02","date_gmt":"2021-09-13T07:00:02","guid":{"rendered":"https:\/\/getbybus.com\/hr\/blog\/?page_id=11404"},"modified":"2025-03-24T12:59:33","modified_gmt":"2025-03-24T10:59:33","slug":"zracne-luke-newfoundland-i-labrador","status":"publish","type":"page","link":"https:\/\/traveling.com\/hr\/blog\/zracne-luke-newfoundland-i-labrador\/","title":{"rendered":"Zra\u010dne luke u Newfoundlandu i Labradoru"},"content":{"rendered":"<p>U provinciji Newfoundland i Labrador postoji ukupno <strong>17 zra\u010dnih luka koje imaju redovne letove<\/strong>. Najve\u0107a zra\u010dna luka je St Johns na otoku Newfoundland, a slijedi je Zra\u010dna luka Deer Lake. Ispod mo\u017eete prona\u0107i osnovne informacije o svim tim zra\u010dnim lukama, a na kraju objave se nalazi i <strong>karta zra\u010dnih luka u provinciji Newfoundland i Labrador<\/strong>.<\/p>\n<h3><span class=\"ez-toc-section\" id=\"Popis_zracnih_luka\"><\/span>Popis zra\u010dnih luka<span class=\"ez-toc-section-end\"><\/span><\/h3>\n<h4><span class=\"ez-toc-section\" id=\"Medunarodna_zracna_luka_St_Johns_-_IATA_Kod_-_YYT_15_M_Putnika\"><\/span><span style=\"color: #2a2a2a;\">Me\u0111unarodna zra\u010dna luka St. John\u2019s\u00a0<\/span> \u2013 IATA Kod \u2013 YYT (~ 1.5 M Putnika)<span class=\"ez-toc-section-end\"><\/span><\/h4>\n<p>Zra\u010dna luka St John&#8217;s najprometnija je zra\u010dna luka u Newfoundlandu, a nalazi se na poluotoku Avelon, oko 8 km sjeverno od St John&#8217;sa. Zra\u010dna luka ima cjelogodi\u0161nje letove za Toronto, Halifax, Saint-Pierre, Deer Lake i nekoliko drugih doma\u0107ih destinacija, a tijekom ljetne sezone dostupno je i nekoliko me\u0111unarodnih linija. Zrakoplovni prijevoznici koji posluju u zra\u010dnoj luci su Air Canada, Air Canada Express i Pal Airlines. Do zra\u010dne luke se mo\u017ee do\u0107i Metrobusovom linijom broj 14.<\/p>\n<h4><span class=\"ez-toc-section\" id=\"Regionalna_zracna_luka_Deer_Lake_-_IATA_Kod_-_YDF_03_M_Putnika\"><\/span><span style=\"color: #2a2a2a;\">Regionalna zra\u010dna luka Deer Lake<\/span>\u00a0 \u2013 IATA Kod \u2013 YDF (~ 0.3 M Putnika)<span class=\"ez-toc-section-end\"><\/span><\/h4>\n<p>Zra\u010dna luka Deer Lake nalazi se na zapadu Newfoundlanda, otprilike 5 km od centra Deer Lakea. Cijele godine na raspolaganju su letovi za St. Johns, Toronto, Halifax, kao i nekoliko drugih doma\u0107ih destinacija, a tijekom ljetne sezone na raspolaganju su i letovi za Kubu i Dominikansku republiku. Neki zrakoplovni prijevoznici koji posluju u zra\u010dnoj luci su Air Canada Express, Air Canada Rouge, Pal Airlines. Nema redovnog prijevoza izme\u0111u zra\u010dne luke i grada.<\/p>\n<h4><span class=\"ez-toc-section\" id=\"Medunarodna_zracna_luka_Gander_-_IATA_Kod_-_YQX_02_M_Putnika\"><\/span><span style=\"color: #2a2a2a;\">Me\u0111unarodna zra\u010dna luka Gander\u00a0<\/span> \u2013 IATA Kod \u2013 YQX (~ 0.2 M Putnika)<span class=\"ez-toc-section-end\"><\/span><\/h4>\n<p>Zra\u010dna luka Gander tre\u0107a je najva\u017enija zra\u010dna luka na Newfoundlandu, a nalazi se oko 3 km jugoisto\u010dno od centra Gandera. Air Canada Express i PAL Airlines imaju cijelogodi\u0161nje letove do Goose Baya, Halifaxa, St. John\u2019sa i Wabusha. Tijekom ljetne sezone postoje letovi za Halifax, Toronto i Varadero, kojima upravljaju Sunwing Airlines i WestJet Encore. Nema redovnog prijevoza izme\u0111u zra\u010dne luke i grada.<\/p>\n<h4><span class=\"ez-toc-section\" id=\"Zracna_luka_Wabush_-_IATA_Kod_-_YWK\"><\/span><span style=\"color: #2a2a2a;\">Zra\u010dna luka Wabush\u00a0<\/span> \u2013 IATA Kod \u2013 YWK<span class=\"ez-toc-section-end\"><\/span><\/h4>\n<p>Zra\u010dna luka Wabush ili Labrador nalazi se na zapadu Labradora, 3 km od Wabusha i 4 km od grada Labradora. Zrakoplovni prijevoznici Pascan Aviation, PAL Airlines, Air Canada Express, Air Inuit imaju cjelogodi\u0161nje linije prema nekoliko doma\u0107ih destinacija kao \u0161to su Montreal, St John\u2019s i Quebec. Izme\u0111u zra\u010dne luke i grada Wabusha ili grada Labradora ne postoji javni prijevoz.<\/p>\n<h3><span class=\"ez-toc-section\" id=\"Manje_zracne_luke\"><\/span>Manje zra\u010dne luke<span class=\"ez-toc-section-end\"><\/span><\/h3>\n<h4><span class=\"ez-toc-section\" id=\"Zracna_luka_Black_Tickle_-_IATA_Kod_-_YBI_-_Island_of_Ponds\"><\/span><span style=\"color: #2a2a2a;\">Zra\u010dna luka Black Tickle\u00a0<\/span> \u2013 IATA Kod \u2013 YBI\u00a0 \u2013 Island of Ponds<span class=\"ez-toc-section-end\"><\/span><\/h4>\n<ul>\n<li aria-level=\"1\">Gradovi u blizini: Black Tickle (2 km)<\/li>\n<li aria-level=\"1\">Zrakoplovni prijevoznici: Air Labrador<\/li>\n<\/ul>\n<h4><span class=\"ez-toc-section\" id=\"Zracna_luka_Cartwright_-_IATA_Kod_-_YRF\"><\/span><span style=\"color: #2a2a2a;\">Zra\u010dna luka Cartwright<\/span>\u00a0 \u2013 IATA Kod \u2013 YRF<span class=\"ez-toc-section-end\"><\/span><\/h4>\n<ul>\n<li aria-level=\"1\">Gradovi u blizini: Cartwright (6 km)<\/li>\n<li aria-level=\"1\">Zrakoplovni prijevoznici:\u00a0 Air Labrador<\/li>\n<\/ul>\n<h4><span class=\"ez-toc-section\" id=\"Zracna_luka_Charlottetown_-_IATA_Kod_-_YHG\"><\/span><span style=\"color: #2a2a2a;\">Zra\u010dna luka Charlottetown\u00a0<\/span> \u2013 IATA Kod \u2013 YHG<span class=\"ez-toc-section-end\"><\/span><\/h4>\n<ul>\n<li aria-level=\"1\">Gradovi u blizini: Charlottetown Labrador (0.5 km)<\/li>\n<li aria-level=\"1\">Zrakoplovni prijevoznici:\u00a0 Air Labrador<\/li>\n<\/ul>\n<h4><span class=\"ez-toc-section\" id=\"Zracna_luka_Churchill_Falls_-_IATA_Kod_-_ZUM\"><\/span><span style=\"color: #2a2a2a;\">Zra\u010dna luka Churchill Falls\u00a0<\/span> \u2013 IATA Kod \u2013 ZUM<span class=\"ez-toc-section-end\"><\/span><\/h4>\n<ul>\n<li aria-level=\"1\">Gradovi u blizini: Churchill Falls (6 km)<\/li>\n<li aria-level=\"1\">Zrakoplovni prijevoznici: PAL Airlines<\/li>\n<\/ul>\n<h4><span class=\"ez-toc-section\" id=\"Zracna_luka_Hopedale_-_IATA_Kod_-_YHO\"><\/span><span style=\"color: #2a2a2a;\">Zra\u010dna luka Hopedale<\/span>\u00a0 \u2013 IATA Kod \u2013 YHO<span class=\"ez-toc-section-end\"><\/span><\/h4>\n<ul>\n<li aria-level=\"1\">Gradovi u blizini: Hopedale (2 km)<\/li>\n<li aria-level=\"1\">Zrakoplovni prijevoznici: PAL Airlines<\/li>\n<\/ul>\n<h4><span class=\"ez-toc-section\" id=\"Zracna_luka_Makkovik_-_IATA_Kod_-_YMN\"><\/span><span style=\"color: #2a2a2a;\">Zra\u010dna luka Makkovik\u00a0<\/span> \u2013 IATA Kod \u2013 YMN<span class=\"ez-toc-section-end\"><\/span><\/h4>\n<ul>\n<li aria-level=\"1\">Gradovi u blizini: Makkovik (1 km)<\/li>\n<li aria-level=\"1\">Zrakoplovni prijevoznici: PAL Airlines<\/li>\n<\/ul>\n<h4><span class=\"ez-toc-section\" id=\"Zracna_luka_Marys_Harbour_-_IATA_Kod_-_YMH\"><\/span><span style=\"color: #2a2a2a;\">Zra\u010dna luka Mary\u2019s Harbour\u00a0<\/span> \u2013 IATA Kod \u2013 YMH<span class=\"ez-toc-section-end\"><\/span><\/h4>\n<ul>\n<li aria-level=\"1\">Gradovi u blizini: Mary\u2019s Harbor (0.5 km)<\/li>\n<li aria-level=\"1\">Zrakoplovni prijevoznici: Air Borealis<\/li>\n<\/ul>\n<h4><span class=\"ez-toc-section\" id=\"Zracna_luka_Nain_-_IATA_Kod_-_YDP\"><\/span><span style=\"color: #2a2a2a;\">Zra\u010dna luka Nain<\/span>\u00a0 \u2013 IATA Kod \u2013 YDP<span class=\"ez-toc-section-end\"><\/span><\/h4>\n<ul>\n<li aria-level=\"1\">Gradovi u blizini: Nain (0.5 km)<\/li>\n<li aria-level=\"1\">Zrakoplovni prijevoznici: PAL Airlines<\/li>\n<\/ul>\n<h4><span class=\"ez-toc-section\" id=\"Zracna_luka_Port_Hope_Simpson_-_IATA_Kod_-_YHA\"><\/span><span style=\"color: #2a2a2a;\">Zra\u010dna luka Port Hope Simpson\u00a0<\/span> \u2013 IATA Kod \u2013 YHA<span class=\"ez-toc-section-end\"><\/span><\/h4>\n<ul>\n<li aria-level=\"1\">Gradovi u blizini: Port Hope Simpson (1.5 km)<\/li>\n<li aria-level=\"1\">Zrakoplovni prijevoznici: Air Labrador<\/li>\n<\/ul>\n<h4><span class=\"ez-toc-section\" id=\"Zracna_luka_Postville_-_IATA_Kod_-_YSO\"><\/span><span style=\"color: #2a2a2a;\">Zra\u010dna luka Postville<\/span>\u00a0 \u2013 IATA Kod \u2013 YSO<span class=\"ez-toc-section-end\"><\/span><\/h4>\n<ul>\n<li aria-level=\"1\">Gradovi u blizini: Postville (0.5 km)<\/li>\n<li aria-level=\"1\">Zrakoplovni prijevoznici: PAL Airlines<\/li>\n<\/ul>\n<h4><span class=\"ez-toc-section\" id=\"Zracna_luka_Rigolet_-_IATA_Kod_-_YRG\"><\/span><span style=\"color: #2a2a2a;\">Zra\u010dna luka Rigolet\u00a0<\/span> \u2013 IATA Kod \u2013 YRG<span class=\"ez-toc-section-end\"><\/span><\/h4>\n<ul>\n<li aria-level=\"1\">Gradovi u blizini: Rigolet (0.5 km)<\/li>\n<li aria-level=\"1\">Zrakoplovni prijevoznici: Provincial Airlines<\/li>\n<\/ul>\n<h4><span class=\"ez-toc-section\" id=\"Zracna_luka_St_Anthony_-_IATA_Kod_-_YAY\"><\/span><span style=\"color: #2a2a2a;\">Zra\u010dna luka St. Anthony<\/span>\u00a0 \u2013 IATA Kod \u2013 YAY<span class=\"ez-toc-section-end\"><\/span><\/h4>\n<ul>\n<li aria-level=\"1\">Gradovi u blizini: St. Anthony (50 km)<\/li>\n<li aria-level=\"1\">Zrakoplovni prijevoznici: PAL Airlines<\/li>\n<\/ul>\n<h4><span class=\"ez-toc-section\" id=\"Medunarodna_zracna_luka_Stephenville_-_IATA_Kod_-_YJT\"><\/span><span style=\"color: #2a2a2a;\">Me\u0111unarodna zra\u010dna luka Stephenville<\/span>\u00a0 \u2013 IATA Kod \u2013 YJT<span class=\"ez-toc-section-end\"><\/span><\/h4>\n<ul>\n<li aria-level=\"1\">Gradovi u blizini: Stephenville (1 km)<\/li>\n<li aria-level=\"1\">Zrakoplovni prijevoznici: Air Saint-Pierre, Porter Airlines<\/li>\n<\/ul>\n<h3><span class=\"ez-toc-section\" id=\"Zracne_luke_u_susjednim_provincijama\"><\/span>Zra\u010dne luke u susjednim provincijama<span class=\"ez-toc-section-end\"><\/span><\/h3>\n<table>\n<tbody>\n<tr>\n<td style=\"text-align: center;\">\n<p>Zra\u010dne luke u Nunavutu<\/p>\n<\/td>\n<td style=\"text-align: center;\">\n<p>Zra\u010dne luke u Quebecu<\/p>\n<\/td>\n<\/tr>\n<\/tbody>\n<\/table>\n<h3><span class=\"ez-toc-section\" id=\"Karta_zracnih_luka_u_Newfoundlandu_i_Labradoru\"><\/span>Karta zra\u010dnih luka u Newfoundlandu i Labradoru\u00a0<span class=\"ez-toc-section-end\"><\/span><\/h3>\n\n\n<iframe src=\"https:\/\/www.google.com\/maps\/d\/u\/1\/embed?mid=1naXrrsAQmiIshGfPI-od8gErVIwMS0eR\" width=\"640\" height=\"480\"><\/iframe>\n","protected":false},"excerpt":{"rendered":"<p>U provinciji Newfoundland i Labrador postoji ukupno 17 zra\u010dnih luka koje imaju redovne letove. Najve\u0107a zra\u010dna luka je St Johns na otoku Newfoundland, a slijedi je Zra\u010dna luka Deer Lake. Ispod mo\u017eete prona\u0107i osnovne informacije o svim tim zra\u010dnim lukama, a na kraju objave se nalazi i karta zra\u010dnih luka u provinciji Newfoundland i Labrador. [&hellip;]<\/p>\n<p><a class=\"more-link btn btn-primary\" href=\"https:\/\/traveling.com\/hr\/blog\/zracne-luke-newfoundland-i-labrador\/\"> Continue reading&#8230;<\/a><\/p>\n","protected":false},"author":1,"featured_media":0,"parent":0,"menu_order":0,"comment_status":"closed","ping_status":"closed","template":"","meta":[],"yoast_head":"<!-- This site is optimized with the Yoast SEO plugin v19.8 - https:\/\/yoast.com\/wordpress\/plugins\/seo\/ -->\n<title>Zra\u010dne luke u Newfoundlandu i Labradoru - IATA kodovi i ostale informacije<\/title>\n<meta name=\"description\" content=\"Popis zra\u010dnih luka u u Newfoundlandu i Labradoru, broj putnika godi\u0161nje, IATA kodovi, karta me\u0111unarodnih i doma\u0107ih zra\u010dnih luka u Newfoundlandu i Labradoru\" \/>\n<meta name=\"robots\" content=\"index, follow, max-snippet:-1, max-image-preview:large, max-video-preview:-1\" \/>\n<link rel=\"canonical\" href=\"https:\/\/traveling.com\/hr\/blog\/zracne-luke-newfoundland-i-labrador\/\" \/>\n<meta property=\"og:locale\" content=\"hr_HR\" \/>\n<meta property=\"og:type\" content=\"article\" \/>\n<meta property=\"og:title\" content=\"Zra\u010dne luke u Newfoundlandu i Labradoru - IATA kodovi i ostale informacije\" \/>\n<meta property=\"og:description\" content=\"Popis zra\u010dnih luka u u Newfoundlandu i Labradoru, broj putnika godi\u0161nje, IATA kodovi, karta me\u0111unarodnih i doma\u0107ih zra\u010dnih luka u Newfoundlandu i Labradoru\" \/>\n<meta property=\"og:url\" content=\"https:\/\/traveling.com\/hr\/blog\/zracne-luke-newfoundland-i-labrador\/\" \/>\n<meta property=\"og:site_name\" content=\"Traveling.com Blog\" \/>\n<meta property=\"article:modified_time\" content=\"2025-03-24T10:59:33+00:00\" \/>\n<meta name=\"twitter:card\" content=\"summary_large_image\" \/>\n<meta name=\"twitter:label1\" content=\"Est. reading time\" \/>\n\t<meta name=\"twitter:data1\" content=\"3 minutes\" \/>\n<script type=\"application\/ld+json\" class=\"yoast-schema-graph\">{\"@context\":\"https:\/\/schema.org\",\"@graph\":[{\"@type\":\"WebPage\",\"@id\":\"https:\/\/traveling.com\/hr\/blog\/zracne-luke-newfoundland-i-labrador\/\",\"url\":\"https:\/\/traveling.com\/hr\/blog\/zracne-luke-newfoundland-i-labrador\/\",\"name\":\"Zra\u010dne luke u Newfoundlandu i Labradoru - IATA kodovi i ostale informacije\",\"isPartOf\":{\"@id\":\"https:\/\/traveling.com\/hr\/blog\/#website\"},\"datePublished\":\"2021-09-13T07:00:02+00:00\",\"dateModified\":\"2025-03-24T10:59:33+00:00\",\"description\":\"Popis zra\u010dnih luka u u Newfoundlandu i Labradoru, broj putnika godi\u0161nje, IATA kodovi, karta me\u0111unarodnih i doma\u0107ih zra\u010dnih luka u Newfoundlandu i Labradoru\",\"breadcrumb\":{\"@id\":\"https:\/\/traveling.com\/hr\/blog\/zracne-luke-newfoundland-i-labrador\/#breadcrumb\"},\"inLanguage\":\"hr\",\"potentialAction\":[{\"@type\":\"ReadAction\",\"target\":[\"https:\/\/traveling.com\/hr\/blog\/zracne-luke-newfoundland-i-labrador\/\"]}]},{\"@type\":\"BreadcrumbList\",\"@id\":\"https:\/\/traveling.com\/hr\/blog\/zracne-luke-newfoundland-i-labrador\/#breadcrumb\",\"itemListElement\":[{\"@type\":\"ListItem\",\"position\":1,\"name\":\"Home\",\"item\":\"https:\/\/traveling.com\/hr\/blog\/\"},{\"@type\":\"ListItem\",\"position\":2,\"name\":\"Zra\u010dne luke u Newfoundlandu i Labradoru\"}]},{\"@type\":\"WebSite\",\"@id\":\"https:\/\/traveling.com\/hr\/blog\/#website\",\"url\":\"https:\/\/traveling.com\/hr\/blog\/\",\"name\":\"Traveling.com Blog\",\"description\":\"Tvoj najbolji vodi\u010d na putovanju\",\"potentialAction\":[{\"@type\":\"SearchAction\",\"target\":{\"@type\":\"EntryPoint\",\"urlTemplate\":\"https:\/\/traveling.com\/hr\/blog\/?s={search_term_string}\"},\"query-input\":\"required name=search_term_string\"}],\"inLanguage\":\"hr\"}]}<\/script>\n<!-- \/ Yoast SEO plugin. -->","yoast_head_json":{"title":"Zra\u010dne luke u Newfoundlandu i Labradoru - IATA kodovi i ostale informacije","description":"Popis zra\u010dnih luka u u Newfoundlandu i Labradoru, broj putnika godi\u0161nje, IATA kodovi, karta me\u0111unarodnih i doma\u0107ih zra\u010dnih luka u Newfoundlandu i Labradoru","robots":{"index":"index","follow":"follow","max-snippet":"max-snippet:-1","max-image-preview":"max-image-preview:large","max-video-preview":"max-video-preview:-1"},"canonical":"https:\/\/traveling.com\/hr\/blog\/zracne-luke-newfoundland-i-labrador\/","og_locale":"hr_HR","og_type":"article","og_title":"Zra\u010dne luke u Newfoundlandu i Labradoru - IATA kodovi i ostale informacije","og_description":"Popis zra\u010dnih luka u u Newfoundlandu i Labradoru, broj putnika godi\u0161nje, IATA kodovi, karta me\u0111unarodnih i doma\u0107ih zra\u010dnih luka u Newfoundlandu i Labradoru","og_url":"https:\/\/traveling.com\/hr\/blog\/zracne-luke-newfoundland-i-labrador\/","og_site_name":"Traveling.com Blog","article_modified_time":"2025-03-24T10:59:33+00:00","twitter_card":"summary_large_image","twitter_misc":{"Est. reading time":"3 minutes"},"schema":{"@context":"https:\/\/schema.org","@graph":[{"@type":"WebPage","@id":"https:\/\/traveling.com\/hr\/blog\/zracne-luke-newfoundland-i-labrador\/","url":"https:\/\/traveling.com\/hr\/blog\/zracne-luke-newfoundland-i-labrador\/","name":"Zra\u010dne luke u Newfoundlandu i Labradoru - IATA kodovi i ostale informacije","isPartOf":{"@id":"https:\/\/traveling.com\/hr\/blog\/#website"},"datePublished":"2021-09-13T07:00:02+00:00","dateModified":"2025-03-24T10:59:33+00:00","description":"Popis zra\u010dnih luka u u Newfoundlandu i Labradoru, broj putnika godi\u0161nje, IATA kodovi, karta me\u0111unarodnih i doma\u0107ih zra\u010dnih luka u Newfoundlandu i Labradoru","breadcrumb":{"@id":"https:\/\/traveling.com\/hr\/blog\/zracne-luke-newfoundland-i-labrador\/#breadcrumb"},"inLanguage":"hr","potentialAction":[{"@type":"ReadAction","target":["https:\/\/traveling.com\/hr\/blog\/zracne-luke-newfoundland-i-labrador\/"]}]},{"@type":"BreadcrumbList","@id":"https:\/\/traveling.com\/hr\/blog\/zracne-luke-newfoundland-i-labrador\/#breadcrumb","itemListElement":[{"@type":"ListItem","position":1,"name":"Home","item":"https:\/\/traveling.com\/hr\/blog\/"},{"@type":"ListItem","position":2,"name":"Zra\u010dne luke u Newfoundlandu i Labradoru"}]},{"@type":"WebSite","@id":"https:\/\/traveling.com\/hr\/blog\/#website","url":"https:\/\/traveling.com\/hr\/blog\/","name":"Traveling.com Blog","description":"Tvoj najbolji vodi\u010d na putovanju","potentialAction":[{"@type":"SearchAction","target":{"@type":"EntryPoint","urlTemplate":"https:\/\/traveling.com\/hr\/blog\/?s={search_term_string}"},"query-input":"required name=search_term_string"}],"inLanguage":"hr"}]}},"_links":{"self":[{"href":"https:\/\/traveling.com\/hr\/blog\/wp-json\/wp\/v2\/pages\/11404"}],"collection":[{"href":"https:\/\/traveling.com\/hr\/blog\/wp-json\/wp\/v2\/pages"}],"about":[{"href":"https:\/\/traveling.com\/hr\/blog\/wp-json\/wp\/v2\/types\/page"}],"author":[{"embeddable":true,"href":"https:\/\/traveling.com\/hr\/blog\/wp-json\/wp\/v2\/users\/1"}],"replies":[{"embeddable":true,"href":"https:\/\/traveling.com\/hr\/blog\/wp-json\/wp\/v2\/comments?post=11404"}],"version-history":[{"count":1,"href":"https:\/\/traveling.com\/hr\/blog\/wp-json\/wp\/v2\/pages\/11404\/revisions"}],"predecessor-version":[{"id":11405,"href":"https:\/\/traveling.com\/hr\/blog\/wp-json\/wp\/v2\/pages\/11404\/revisions\/11405"}],"wp:attachment":[{"href":"https:\/\/traveling.com\/hr\/blog\/wp-json\/wp\/v2\/media?parent=11404"}],"curies":[{"name":"wp","href":"https:\/\/api.w.org\/{rel}","templated":true}]}}