{"id":11442,"date":"2021-09-15T09:00:32","date_gmt":"2021-09-15T07:00:32","guid":{"rendered":"https:\/\/getbybus.com\/hr\/blog\/?page_id=11442"},"modified":"2025-03-24T12:59:34","modified_gmt":"2025-03-24T10:59:34","slug":"zracne-luke-novi-hampshire","status":"publish","type":"page","link":"https:\/\/traveling.com\/hr\/blog\/zracne-luke-novi-hampshire\/","title":{"rendered":"Zra\u010dne luke u Novom Hampshireu"},"content":{"rendered":"<p>Dr\u017eava Novi Hampshire ima samo 3 zra\u010dne luke koje nude komercijalne letove. Od te tri zra\u010dne luke, jedino Zra\u010dna luka Manchester broji vi\u0161e od milijun putnika godi\u0161nje. Upravo zato je ova zra\u010dna luka odli\u010dan izbor za sve koji zrakoplovom putuju u Novi Hampshire. Pored zra\u010dnih luka Nobog Hampshirea, u ovu objavu smo uklju\u010dili i malu tablicu obli\u017enjih zra\u010dnih luka u susjednim saveznim dr\u017eavama. Svakako pogledajte i na\u0161u <strong>kartu zra\u010dnih luka u Novom Hampshireu<\/strong> koja se nalazi na kraju objave.<\/p>\n<h3><span class=\"ez-toc-section\" id=\"Popis_zracnih_luka\"><\/span>Popis zra\u010dnih luka<span class=\"ez-toc-section-end\"><\/span><\/h3>\n<h4><span class=\"ez-toc-section\" id=\"Regionalna_zracna_luka_Manchester-Boston_-_IATA_Kod_-_MHT_18_M_Putnika\"><\/span><span style=\"color: #2a2a2a;\">Regionalna zra\u010dna luka Manchester\u2013Boston<\/span> \u2013 IATA Kod \u2013 MHT (~ 1.8 M Putnika)<span class=\"ez-toc-section-end\"><\/span><\/h4>\n<p><strong>Zra\u010dna luka Manchester<\/strong> opslu\u017euje grad Manchester, u saveznoj dr\u017eavi Novi Hampshire. Nalazi se oko 5 kilometara ju\u017eno od centra grada i mo\u017ee poslu\u017eiti kao alternativa ako putujete u Boston. Udaljenost do Bostona je oko 80 km. <strong>Southwest Airlines, Delta i United<\/strong> nude najve\u0107i broj letova, a Baltimore je najpopularnija destinacija. Do Zra\u010dne luke mo\u017ee se do\u0107i taksijem, limuzinama i autobusima zra\u010dne luke, kao i Greyhounda i Manchester Transit Authority autobusima.<\/p>\n<h4><span class=\"ez-toc-section\" id=\"Zracna_luka_opcine_Lebanon_-_IATA_Kod_-_LEB\"><\/span><span style=\"color: #2a2a2a;\">Zra\u010dna luka op\u0107ine Lebanon<\/span> \u2013 IATA Kod \u2013 LEB<span class=\"ez-toc-section-end\"><\/span><\/h4>\n<ul>\n<li aria-level=\"1\">Gradovi u blizini: Lebanon (6 km)<\/li>\n<li aria-level=\"1\">Zrakoplovni prijevoznici: Cape Air<\/li>\n<\/ul>\n<h4><span class=\"ez-toc-section\" id=\"Medunarodna_zracna_luka_Portsmouth_Pease_-_IATA_Kod_-_PSM\"><\/span><span style=\"color: #2a2a2a;\">Me\u0111unarodna zra\u010dna luka Portsmouth Pease<\/span> \u2013 IATA Kod \u2013 PSM<span class=\"ez-toc-section-end\"><\/span><\/h4>\n<ul>\n<li aria-level=\"1\">Poznata i kao: Me\u0111unarodna zra\u010dna luka Pease\u00a0<\/li>\n<li aria-level=\"1\">Gradovi u blizini: Portsmouth (2 km)<\/li>\n<li aria-level=\"1\">Zrakoplovni prijevoznici: Allegiant Air<\/li>\n<\/ul>\n<h3><span class=\"ez-toc-section\" id=\"Zracne_luke_u_susjednim_saveznim_drzavama\"><\/span>Zra\u010dne luke u susjednim saveznim dr\u017eavama<span class=\"ez-toc-section-end\"><\/span><\/h3>\n<table>\n<tbody>\n<tr>\n<td style=\"text-align: center;\">\n<p>Zra\u010dne luke u Massachusettsu<\/p>\n<\/td>\n<td style=\"text-align: center;\">\n<p>Zra\u010dne luke u Maineu<\/p>\n<\/td>\n<td style=\"text-align: center;\">\n<p>Zra\u010dne luke u Vermontu<\/p>\n<\/td>\n<\/tr>\n<\/tbody>\n<\/table>\n<h3><span class=\"ez-toc-section\" id=\"Karta_zracnih_luka_u_Novom_Hampshireu\"><\/span>Karta zra\u010dnih luka u Novom Hampshireu<span class=\"ez-toc-section-end\"><\/span><\/h3>\n\n\n<iframe src=\"https:\/\/www.google.com\/maps\/d\/u\/0\/embed?mid=18xl0zDRelTvkvaRFATklgYHMHCwFp8Gc\" width=\"640\" height=\"480\"><\/iframe>\n","protected":false},"excerpt":{"rendered":"<p>Dr\u017eava Novi Hampshire ima samo 3 zra\u010dne luke koje nude komercijalne letove. Od te tri zra\u010dne luke, jedino Zra\u010dna luka Manchester broji vi\u0161e od milijun putnika godi\u0161nje. Upravo zato je ova zra\u010dna luka odli\u010dan izbor za sve koji zrakoplovom putuju u Novi Hampshire. Pored zra\u010dnih luka Nobog Hampshirea, u ovu objavu smo uklju\u010dili i malu [&hellip;]<\/p>\n<p><a class=\"more-link btn btn-primary\" href=\"https:\/\/traveling.com\/hr\/blog\/zracne-luke-novi-hampshire\/\"> Continue reading&#8230;<\/a><\/p>\n","protected":false},"author":1,"featured_media":0,"parent":0,"menu_order":0,"comment_status":"closed","ping_status":"closed","template":"","meta":[],"yoast_head":"<!-- This site is optimized with the Yoast SEO plugin v19.8 - https:\/\/yoast.com\/wordpress\/plugins\/seo\/ -->\n<title>Zra\u010dne luke u Novom Nampshireu - IATA kodovi, karta i ostale informacije<\/title>\n<meta name=\"description\" content=\"Popis zra\u010dnih luka u saveznoj dr\u017eavi Novi Hampshire, IATA kodovi, karta lokacija zra\u010dnih luka i broj putnika godi\u0161nje u zra\u010dnim lukama u Novom Hampshireu.\" \/>\n<meta name=\"robots\" content=\"index, follow, max-snippet:-1, max-image-preview:large, max-video-preview:-1\" \/>\n<link rel=\"canonical\" href=\"https:\/\/traveling.com\/hr\/blog\/zracne-luke-novi-hampshire\/\" \/>\n<meta property=\"og:locale\" content=\"hr_HR\" \/>\n<meta property=\"og:type\" content=\"article\" \/>\n<meta property=\"og:title\" content=\"Zra\u010dne luke u Novom Nampshireu - IATA kodovi, karta i ostale informacije\" \/>\n<meta property=\"og:description\" content=\"Popis zra\u010dnih luka u saveznoj dr\u017eavi Novi Hampshire, IATA kodovi, karta lokacija zra\u010dnih luka i broj putnika godi\u0161nje u zra\u010dnim lukama u Novom Hampshireu.\" \/>\n<meta property=\"og:url\" content=\"https:\/\/traveling.com\/hr\/blog\/zracne-luke-novi-hampshire\/\" \/>\n<meta property=\"og:site_name\" content=\"Traveling.com Blog\" \/>\n<meta property=\"article:modified_time\" content=\"2025-03-24T10:59:34+00:00\" \/>\n<meta name=\"twitter:card\" content=\"summary_large_image\" \/>\n<meta name=\"twitter:label1\" content=\"Est. reading time\" \/>\n\t<meta name=\"twitter:data1\" content=\"1 minute\" \/>\n<script type=\"application\/ld+json\" class=\"yoast-schema-graph\">{\"@context\":\"https:\/\/schema.org\",\"@graph\":[{\"@type\":\"WebPage\",\"@id\":\"https:\/\/traveling.com\/hr\/blog\/zracne-luke-novi-hampshire\/\",\"url\":\"https:\/\/traveling.com\/hr\/blog\/zracne-luke-novi-hampshire\/\",\"name\":\"Zra\u010dne luke u Novom Nampshireu - IATA kodovi, karta i ostale informacije\",\"isPartOf\":{\"@id\":\"https:\/\/traveling.com\/hr\/blog\/#website\"},\"datePublished\":\"2021-09-15T07:00:32+00:00\",\"dateModified\":\"2025-03-24T10:59:34+00:00\",\"description\":\"Popis zra\u010dnih luka u saveznoj dr\u017eavi Novi Hampshire, IATA kodovi, karta lokacija zra\u010dnih luka i broj putnika godi\u0161nje u zra\u010dnim lukama u Novom Hampshireu.\",\"breadcrumb\":{\"@id\":\"https:\/\/traveling.com\/hr\/blog\/zracne-luke-novi-hampshire\/#breadcrumb\"},\"inLanguage\":\"hr\",\"potentialAction\":[{\"@type\":\"ReadAction\",\"target\":[\"https:\/\/traveling.com\/hr\/blog\/zracne-luke-novi-hampshire\/\"]}]},{\"@type\":\"BreadcrumbList\",\"@id\":\"https:\/\/traveling.com\/hr\/blog\/zracne-luke-novi-hampshire\/#breadcrumb\",\"itemListElement\":[{\"@type\":\"ListItem\",\"position\":1,\"name\":\"Home\",\"item\":\"https:\/\/traveling.com\/hr\/blog\/\"},{\"@type\":\"ListItem\",\"position\":2,\"name\":\"Zra\u010dne luke u Novom Hampshireu\"}]},{\"@type\":\"WebSite\",\"@id\":\"https:\/\/traveling.com\/hr\/blog\/#website\",\"url\":\"https:\/\/traveling.com\/hr\/blog\/\",\"name\":\"Traveling.com Blog\",\"description\":\"Tvoj najbolji vodi\u010d na putovanju\",\"potentialAction\":[{\"@type\":\"SearchAction\",\"target\":{\"@type\":\"EntryPoint\",\"urlTemplate\":\"https:\/\/traveling.com\/hr\/blog\/?s={search_term_string}\"},\"query-input\":\"required name=search_term_string\"}],\"inLanguage\":\"hr\"}]}<\/script>\n<!-- \/ Yoast SEO plugin. -->","yoast_head_json":{"title":"Zra\u010dne luke u Novom Nampshireu - IATA kodovi, karta i ostale informacije","description":"Popis zra\u010dnih luka u saveznoj dr\u017eavi Novi Hampshire, IATA kodovi, karta lokacija zra\u010dnih luka i broj putnika godi\u0161nje u zra\u010dnim lukama u Novom Hampshireu.","robots":{"index":"index","follow":"follow","max-snippet":"max-snippet:-1","max-image-preview":"max-image-preview:large","max-video-preview":"max-video-preview:-1"},"canonical":"https:\/\/traveling.com\/hr\/blog\/zracne-luke-novi-hampshire\/","og_locale":"hr_HR","og_type":"article","og_title":"Zra\u010dne luke u Novom Nampshireu - IATA kodovi, karta i ostale informacije","og_description":"Popis zra\u010dnih luka u saveznoj dr\u017eavi Novi Hampshire, IATA kodovi, karta lokacija zra\u010dnih luka i broj putnika godi\u0161nje u zra\u010dnim lukama u Novom Hampshireu.","og_url":"https:\/\/traveling.com\/hr\/blog\/zracne-luke-novi-hampshire\/","og_site_name":"Traveling.com Blog","article_modified_time":"2025-03-24T10:59:34+00:00","twitter_card":"summary_large_image","twitter_misc":{"Est. reading time":"1 minute"},"schema":{"@context":"https:\/\/schema.org","@graph":[{"@type":"WebPage","@id":"https:\/\/traveling.com\/hr\/blog\/zracne-luke-novi-hampshire\/","url":"https:\/\/traveling.com\/hr\/blog\/zracne-luke-novi-hampshire\/","name":"Zra\u010dne luke u Novom Nampshireu - IATA kodovi, karta i ostale informacije","isPartOf":{"@id":"https:\/\/traveling.com\/hr\/blog\/#website"},"datePublished":"2021-09-15T07:00:32+00:00","dateModified":"2025-03-24T10:59:34+00:00","description":"Popis zra\u010dnih luka u saveznoj dr\u017eavi Novi Hampshire, IATA kodovi, karta lokacija zra\u010dnih luka i broj putnika godi\u0161nje u zra\u010dnim lukama u Novom Hampshireu.","breadcrumb":{"@id":"https:\/\/traveling.com\/hr\/blog\/zracne-luke-novi-hampshire\/#breadcrumb"},"inLanguage":"hr","potentialAction":[{"@type":"ReadAction","target":["https:\/\/traveling.com\/hr\/blog\/zracne-luke-novi-hampshire\/"]}]},{"@type":"BreadcrumbList","@id":"https:\/\/traveling.com\/hr\/blog\/zracne-luke-novi-hampshire\/#breadcrumb","itemListElement":[{"@type":"ListItem","position":1,"name":"Home","item":"https:\/\/traveling.com\/hr\/blog\/"},{"@type":"ListItem","position":2,"name":"Zra\u010dne luke u Novom Hampshireu"}]},{"@type":"WebSite","@id":"https:\/\/traveling.com\/hr\/blog\/#website","url":"https:\/\/traveling.com\/hr\/blog\/","name":"Traveling.com Blog","description":"Tvoj najbolji vodi\u010d na putovanju","potentialAction":[{"@type":"SearchAction","target":{"@type":"EntryPoint","urlTemplate":"https:\/\/traveling.com\/hr\/blog\/?s={search_term_string}"},"query-input":"required name=search_term_string"}],"inLanguage":"hr"}]}},"_links":{"self":[{"href":"https:\/\/traveling.com\/hr\/blog\/wp-json\/wp\/v2\/pages\/11442"}],"collection":[{"href":"https:\/\/traveling.com\/hr\/blog\/wp-json\/wp\/v2\/pages"}],"about":[{"href":"https:\/\/traveling.com\/hr\/blog\/wp-json\/wp\/v2\/types\/page"}],"author":[{"embeddable":true,"href":"https:\/\/traveling.com\/hr\/blog\/wp-json\/wp\/v2\/users\/1"}],"replies":[{"embeddable":true,"href":"https:\/\/traveling.com\/hr\/blog\/wp-json\/wp\/v2\/comments?post=11442"}],"version-history":[{"count":1,"href":"https:\/\/traveling.com\/hr\/blog\/wp-json\/wp\/v2\/pages\/11442\/revisions"}],"predecessor-version":[{"id":11443,"href":"https:\/\/traveling.com\/hr\/blog\/wp-json\/wp\/v2\/pages\/11442\/revisions\/11443"}],"wp:attachment":[{"href":"https:\/\/traveling.com\/hr\/blog\/wp-json\/wp\/v2\/media?parent=11442"}],"curies":[{"name":"wp","href":"https:\/\/api.w.org\/{rel}","templated":true}]}}