{"id":11444,"date":"2021-09-16T09:00:00","date_gmt":"2021-09-16T07:00:00","guid":{"rendered":"https:\/\/getbybus.com\/hr\/blog\/?page_id=11444"},"modified":"2025-03-24T12:59:35","modified_gmt":"2025-03-24T10:59:35","slug":"zracne-luke-novi-meksiko","status":"publish","type":"page","link":"https:\/\/traveling.com\/hr\/blog\/zracne-luke-novi-meksiko\/","title":{"rendered":"Zra\u010dne luke u Novom Meksiku"},"content":{"rendered":"<p>Postoji <strong>5 zra\u010dnih luka u Novom Meksiku<\/strong> koje nude dnevne letove, no jedino Zra\u010dna luka Albuquerque ima zna\u010dajan broj putnika. Druge zra\u010dne luke u Novom Meksiku su regionalne, s letovima do drugih gradova u Novom Meksiku i Kaliforniji. Pored ovih pet zra\u010dnih luka, uklju\u010dili smo i manje zra\u010dne luke op\u0107eg zrakoplovstva. Svakako pogledajte i <strong>kartu zra\u010dnih <\/strong>luka u Novom Meksiku kako biste vidjeli gdje se svaka nalazi.<\/p>\n<h3><span class=\"ez-toc-section\" id=\"Popis_zracnih_luka\"><\/span>Popis zra\u010dnih luka<span class=\"ez-toc-section-end\"><\/span><\/h3>\n<h4><span class=\"ez-toc-section\" id=\"Medunarodna_zracna_luka_Albuquerque_-_IATA_Kod_-_ABQ_55_M_Putnika\"><\/span><span style=\"color: #2a2a2a;\">Me\u0111unarodna zra\u010dna luka Albuquerque<\/span> \u2013 IATA Kod \u2013 ABQ (~ 5.5 M Putnika<b>)<\/b><span class=\"ez-toc-section-end\"><\/span><\/h4>\n<p><strong>Zra\u010dna luka Albuquerque<\/strong> glavna je zra\u010dna luka u saveznoj dr\u017eavi Novi meksiko. Osim Albuquerquea, slu\u017ei i \u0161irem podru\u010dju Santa Fea i Las Vegasa. Nalazi se 5 kilometara jugozapadno od centra Albuquerquea. Zra\u010dna luka ima 1 terminal i 25 ulaza. Deseci zrakoplovnih prijevoznika posluju u zra\u010dnoj luci, od ve\u0107ih <strong>Southwest Airlinesa i Delte<\/strong>, do niskotarifnih <strong>jetBluea i Frontiera<\/strong>. Ve\u0107ina putnika dolazi iz doma\u0107ih destinacija, kao \u0161to su Phoenix i Dallas. Do zra\u010dne luke mo\u017ee se do\u0107i ABQ Ridejavnim linijama, unajmljenim automobilom, vlakovi, limuzinom i jo\u0161 nekim opcijama.<\/p>\n<h4><span class=\"ez-toc-section\" id=\"Regionalna_zracna_luka_Santa_Fe_-_IATA_Kod_-_SAF\"><\/span><span style=\"color: #2a2a2a;\">Regionalna zra\u010dna luka Santa Fe<\/span> \u2013 IATA Kod \u2013 SAF<span class=\"ez-toc-section-end\"><\/span><\/h4>\n<ul>\n<li aria-level=\"1\">Gradovi u blizini: Santa Fe (16 km)<\/li>\n<li aria-level=\"1\">Zrakoplovni prijevoznici: American Eagle, United<\/li>\n<\/ul>\n<h4><span class=\"ez-toc-section\" id=\"Medunarodni_zracni_centar_Roswell_-_IATA_Kod_-_ROW\"><\/span><span style=\"color: #2a2a2a;\">Me\u0111unarodni zra\u010dni centar Roswell<\/span> \u2013 IATA Kod \u2013 ROW<span class=\"ez-toc-section-end\"><\/span><\/h4>\n<ul>\n<li aria-level=\"1\">Gradovi u blizini: Roswell (11 km)<\/li>\n<li aria-level=\"1\">Zrakoplovni prijevoznici: American Eagle<\/li>\n<\/ul>\n<h4><span class=\"ez-toc-section\" id=\"Regionalna_zracna_luka_Lea_County_-_IATA_Kod_-_HOB\"><\/span><span style=\"color: #2a2a2a;\">Regionalna zra\u010dna luka Lea County<\/span> \u2013 IATA Kod \u2013 HOB<span class=\"ez-toc-section-end\"><\/span><\/h4>\n<ul>\n<li aria-level=\"1\">Gradovi u blizini: Hobbs (6 km)<\/li>\n<li aria-level=\"1\">Zrakoplovni prijevoznici: American Eagle<\/li>\n<\/ul>\n<h4><span class=\"ez-toc-section\" id=\"Zracna_luka_opcina_Clovis_-_IATA_Kod_-_CVN\"><\/span><span style=\"color: #2a2a2a;\">Zra\u010dna luka op\u0107ina Clovis<\/span> \u2013 IATA Kod \u2013 CVN<span class=\"ez-toc-section-end\"><\/span><\/h4>\n<ul>\n<li aria-level=\"1\">Gradovi u blizini: Clovis (11 km)<\/li>\n<li aria-level=\"1\">Zrakoplovni prijevoznici: Denver Air, Boutique Air<\/li>\n<\/ul>\n<h4><span class=\"ez-toc-section\" id=\"Zracni_terminal_Cavern_City_-_IATA_Kod_-_CNM\"><\/span><span style=\"color: #2a2a2a;\">Zra\u010dni terminal Cavern City<\/span> \u2013 IATA Kod \u2013 CNM<span class=\"ez-toc-section-end\"><\/span><\/h4>\n<ul>\n<li aria-level=\"1\">Gradovi u blizini: Carisbad (9 km)<\/li>\n<li aria-level=\"1\">Zrakoplovni prijevoznici: Boutique Air<\/li>\n<\/ul>\n<h4><span class=\"ez-toc-section\" id=\"Zracna_luka_Grant_County_-_IATA_Kod_-_SVC\"><\/span><span style=\"color: #2a2a2a;\">Zra\u010dna luka Grant County<\/span> \u2013 IATA Kod \u2013 SVC<span class=\"ez-toc-section-end\"><\/span><\/h4>\n<ul>\n<li aria-level=\"1\">Gradovi u blizini: Silver City (19 km)<\/li>\n<li aria-level=\"1\">Zrakoplovni prijevoznici: Advanced Air<\/li>\n<\/ul>\n<h4><span class=\"ez-toc-section\" id=\"Regionalna_zracna_luka_Taos_-_IATA_Kod_-_TSM\"><\/span><span style=\"color: #2a2a2a;\">Regionalna zra\u010dna luka Taos<\/span> \u2013 IATA Kod \u2013 TSM<span class=\"ez-toc-section-end\"><\/span><\/h4>\n<ul>\n<li aria-level=\"1\">Gradovi u blizini: Taos (15 km)<\/li>\n<li aria-level=\"1\">Zrakoplovni prijevoznici: Taos Air<\/li>\n<\/ul>\n<h3><span class=\"ez-toc-section\" id=\"Zracne_luke_u_susjednim_saveznim_drzavama\"><\/span>Zra\u010dne luke u susjednim saveznim dr\u017eavama<span class=\"ez-toc-section-end\"><\/span><\/h3>\n<table>\n<tbody>\n<tr>\n<td style=\"text-align: center;\">\n<p>Zra\u010dne luke u Texasu<\/p>\n<\/td>\n<td style=\"text-align: center;\">\n<p>Zra\u010dne luke u Arizoni<\/p>\n<\/td>\n<td style=\"text-align: center;\">\n<p>Zra\u010dne luke u Coloradu<\/p>\n<\/td>\n<td style=\"text-align: center;\">\n<p>Zra\u010dne luke u Utahu<\/p>\n<\/td>\n<td style=\"text-align: center;\">\n<p>Zra\u010dne luke u Oklahomi<\/p>\n<\/td>\n<\/tr>\n<\/tbody>\n<\/table>\n<h3><span class=\"ez-toc-section\" id=\"Karta_zracnih_luka_u_Novom_Meksiku\"><\/span>Karta zra\u010dnih luka u Novom Meksiku<span class=\"ez-toc-section-end\"><\/span><\/h3>\n\n\n<iframe src=\"https:\/\/www.google.com\/maps\/d\/u\/0\/embed?mid=1_47DZYTfaIrOq2avKUMJhOPF16PoypN7\" width=\"640\" height=\"480\"><\/iframe>\n","protected":false},"excerpt":{"rendered":"<p>Postoji 5 zra\u010dnih luka u Novom Meksiku koje nude dnevne letove, no jedino Zra\u010dna luka Albuquerque ima zna\u010dajan broj putnika. Druge zra\u010dne luke u Novom Meksiku su regionalne, s letovima do drugih gradova u Novom Meksiku i Kaliforniji. Pored ovih pet zra\u010dnih luka, uklju\u010dili smo i manje zra\u010dne luke op\u0107eg zrakoplovstva. Svakako pogledajte i kartu [&hellip;]<\/p>\n<p><a class=\"more-link btn btn-primary\" href=\"https:\/\/traveling.com\/hr\/blog\/zracne-luke-novi-meksiko\/\"> Continue reading&#8230;<\/a><\/p>\n","protected":false},"author":1,"featured_media":0,"parent":0,"menu_order":0,"comment_status":"closed","ping_status":"closed","template":"","meta":[],"yoast_head":"<!-- This site is optimized with the Yoast SEO plugin v19.8 - https:\/\/yoast.com\/wordpress\/plugins\/seo\/ -->\n<title>Zra\u010dne luke u Novom Meksiku - IATA kodovi, karta i ostale informacije<\/title>\n<meta name=\"description\" content=\"Popis zra\u010dnih luka u saveznoj dr\u017eavi Novi Meksiko, IATA kodovi, karta lokacija zra\u010dnih luka i broj putnika godi\u0161nje u zra\u010dnim lukama u Novom Meksiku.\" \/>\n<meta name=\"robots\" content=\"index, follow, max-snippet:-1, max-image-preview:large, max-video-preview:-1\" \/>\n<link rel=\"canonical\" href=\"https:\/\/traveling.com\/hr\/blog\/zracne-luke-novi-meksiko\/\" \/>\n<meta property=\"og:locale\" content=\"hr_HR\" \/>\n<meta property=\"og:type\" content=\"article\" \/>\n<meta property=\"og:title\" content=\"Zra\u010dne luke u Novom Meksiku - IATA kodovi, karta i ostale informacije\" \/>\n<meta property=\"og:description\" content=\"Popis zra\u010dnih luka u saveznoj dr\u017eavi Novi Meksiko, IATA kodovi, karta lokacija zra\u010dnih luka i broj putnika godi\u0161nje u zra\u010dnim lukama u Novom Meksiku.\" \/>\n<meta property=\"og:url\" content=\"https:\/\/traveling.com\/hr\/blog\/zracne-luke-novi-meksiko\/\" \/>\n<meta property=\"og:site_name\" content=\"Traveling.com Blog\" \/>\n<meta property=\"article:modified_time\" content=\"2025-03-24T10:59:35+00:00\" \/>\n<meta name=\"twitter:card\" content=\"summary_large_image\" \/>\n<meta name=\"twitter:label1\" content=\"Est. reading time\" \/>\n\t<meta name=\"twitter:data1\" content=\"2 minutes\" \/>\n<script type=\"application\/ld+json\" class=\"yoast-schema-graph\">{\"@context\":\"https:\/\/schema.org\",\"@graph\":[{\"@type\":\"WebPage\",\"@id\":\"https:\/\/traveling.com\/hr\/blog\/zracne-luke-novi-meksiko\/\",\"url\":\"https:\/\/traveling.com\/hr\/blog\/zracne-luke-novi-meksiko\/\",\"name\":\"Zra\u010dne luke u Novom Meksiku - IATA kodovi, karta i ostale informacije\",\"isPartOf\":{\"@id\":\"https:\/\/traveling.com\/hr\/blog\/#website\"},\"datePublished\":\"2021-09-16T07:00:00+00:00\",\"dateModified\":\"2025-03-24T10:59:35+00:00\",\"description\":\"Popis zra\u010dnih luka u saveznoj dr\u017eavi Novi Meksiko, IATA kodovi, karta lokacija zra\u010dnih luka i broj putnika godi\u0161nje u zra\u010dnim lukama u Novom Meksiku.\",\"breadcrumb\":{\"@id\":\"https:\/\/traveling.com\/hr\/blog\/zracne-luke-novi-meksiko\/#breadcrumb\"},\"inLanguage\":\"hr\",\"potentialAction\":[{\"@type\":\"ReadAction\",\"target\":[\"https:\/\/traveling.com\/hr\/blog\/zracne-luke-novi-meksiko\/\"]}]},{\"@type\":\"BreadcrumbList\",\"@id\":\"https:\/\/traveling.com\/hr\/blog\/zracne-luke-novi-meksiko\/#breadcrumb\",\"itemListElement\":[{\"@type\":\"ListItem\",\"position\":1,\"name\":\"Home\",\"item\":\"https:\/\/traveling.com\/hr\/blog\/\"},{\"@type\":\"ListItem\",\"position\":2,\"name\":\"Zra\u010dne luke u Novom Meksiku\"}]},{\"@type\":\"WebSite\",\"@id\":\"https:\/\/traveling.com\/hr\/blog\/#website\",\"url\":\"https:\/\/traveling.com\/hr\/blog\/\",\"name\":\"Traveling.com Blog\",\"description\":\"Tvoj najbolji vodi\u010d na putovanju\",\"potentialAction\":[{\"@type\":\"SearchAction\",\"target\":{\"@type\":\"EntryPoint\",\"urlTemplate\":\"https:\/\/traveling.com\/hr\/blog\/?s={search_term_string}\"},\"query-input\":\"required name=search_term_string\"}],\"inLanguage\":\"hr\"}]}<\/script>\n<!-- \/ Yoast SEO plugin. -->","yoast_head_json":{"title":"Zra\u010dne luke u Novom Meksiku - IATA kodovi, karta i ostale informacije","description":"Popis zra\u010dnih luka u saveznoj dr\u017eavi Novi Meksiko, IATA kodovi, karta lokacija zra\u010dnih luka i broj putnika godi\u0161nje u zra\u010dnim lukama u Novom Meksiku.","robots":{"index":"index","follow":"follow","max-snippet":"max-snippet:-1","max-image-preview":"max-image-preview:large","max-video-preview":"max-video-preview:-1"},"canonical":"https:\/\/traveling.com\/hr\/blog\/zracne-luke-novi-meksiko\/","og_locale":"hr_HR","og_type":"article","og_title":"Zra\u010dne luke u Novom Meksiku - IATA kodovi, karta i ostale informacije","og_description":"Popis zra\u010dnih luka u saveznoj dr\u017eavi Novi Meksiko, IATA kodovi, karta lokacija zra\u010dnih luka i broj putnika godi\u0161nje u zra\u010dnim lukama u Novom Meksiku.","og_url":"https:\/\/traveling.com\/hr\/blog\/zracne-luke-novi-meksiko\/","og_site_name":"Traveling.com Blog","article_modified_time":"2025-03-24T10:59:35+00:00","twitter_card":"summary_large_image","twitter_misc":{"Est. reading time":"2 minutes"},"schema":{"@context":"https:\/\/schema.org","@graph":[{"@type":"WebPage","@id":"https:\/\/traveling.com\/hr\/blog\/zracne-luke-novi-meksiko\/","url":"https:\/\/traveling.com\/hr\/blog\/zracne-luke-novi-meksiko\/","name":"Zra\u010dne luke u Novom Meksiku - IATA kodovi, karta i ostale informacije","isPartOf":{"@id":"https:\/\/traveling.com\/hr\/blog\/#website"},"datePublished":"2021-09-16T07:00:00+00:00","dateModified":"2025-03-24T10:59:35+00:00","description":"Popis zra\u010dnih luka u saveznoj dr\u017eavi Novi Meksiko, IATA kodovi, karta lokacija zra\u010dnih luka i broj putnika godi\u0161nje u zra\u010dnim lukama u Novom Meksiku.","breadcrumb":{"@id":"https:\/\/traveling.com\/hr\/blog\/zracne-luke-novi-meksiko\/#breadcrumb"},"inLanguage":"hr","potentialAction":[{"@type":"ReadAction","target":["https:\/\/traveling.com\/hr\/blog\/zracne-luke-novi-meksiko\/"]}]},{"@type":"BreadcrumbList","@id":"https:\/\/traveling.com\/hr\/blog\/zracne-luke-novi-meksiko\/#breadcrumb","itemListElement":[{"@type":"ListItem","position":1,"name":"Home","item":"https:\/\/traveling.com\/hr\/blog\/"},{"@type":"ListItem","position":2,"name":"Zra\u010dne luke u Novom Meksiku"}]},{"@type":"WebSite","@id":"https:\/\/traveling.com\/hr\/blog\/#website","url":"https:\/\/traveling.com\/hr\/blog\/","name":"Traveling.com Blog","description":"Tvoj najbolji vodi\u010d na putovanju","potentialAction":[{"@type":"SearchAction","target":{"@type":"EntryPoint","urlTemplate":"https:\/\/traveling.com\/hr\/blog\/?s={search_term_string}"},"query-input":"required name=search_term_string"}],"inLanguage":"hr"}]}},"_links":{"self":[{"href":"https:\/\/traveling.com\/hr\/blog\/wp-json\/wp\/v2\/pages\/11444"}],"collection":[{"href":"https:\/\/traveling.com\/hr\/blog\/wp-json\/wp\/v2\/pages"}],"about":[{"href":"https:\/\/traveling.com\/hr\/blog\/wp-json\/wp\/v2\/types\/page"}],"author":[{"embeddable":true,"href":"https:\/\/traveling.com\/hr\/blog\/wp-json\/wp\/v2\/users\/1"}],"replies":[{"embeddable":true,"href":"https:\/\/traveling.com\/hr\/blog\/wp-json\/wp\/v2\/comments?post=11444"}],"version-history":[{"count":2,"href":"https:\/\/traveling.com\/hr\/blog\/wp-json\/wp\/v2\/pages\/11444\/revisions"}],"predecessor-version":[{"id":11446,"href":"https:\/\/traveling.com\/hr\/blog\/wp-json\/wp\/v2\/pages\/11444\/revisions\/11446"}],"wp:attachment":[{"href":"https:\/\/traveling.com\/hr\/blog\/wp-json\/wp\/v2\/media?parent=11444"}],"curies":[{"name":"wp","href":"https:\/\/api.w.org\/{rel}","templated":true}]}}