{"id":11447,"date":"2021-09-16T09:00:16","date_gmt":"2021-09-16T07:00:16","guid":{"rendered":"https:\/\/getbybus.com\/hr\/blog\/?page_id=11447"},"modified":"2025-03-24T13:00:13","modified_gmt":"2025-03-24T11:00:13","slug":"zracne-luke-nunavut","status":"publish","type":"page","link":"https:\/\/traveling.com\/hr\/blog\/zracne-luke-nunavut\/","title":{"rendered":"Zra\u010dne luke u Nunavutu"},"content":{"rendered":"<p>U Nunavutu u osnovi nema ve\u0107ih ili srednjih zra\u010dnih luka. Jedine dvije zra\u010dne luke koje su povezane s ve\u0107im brojem destinacija su Zra\u010dna luka Rankin Inlet i Zra\u010dna luka Iqaluit. Ispod smo naveli popis svih zra\u010dnih luka u Nunavutu, a na kraju objave smo naveli i <strong>kartu zra\u010dnih luka u Nunavutu<\/strong>.<\/p>\n<h3><span class=\"ez-toc-section\" id=\"Manje_zracne_luke\"><\/span>Manje zra\u010dne luke<span class=\"ez-toc-section-end\"><\/span><\/h3>\n<p>Kao \u0161to je ve\u0107 spomenuto, u Nunavutu nema ve\u0107ih zra\u010dnih luka, no postoji velik broj malih ili vrlo malih zra\u010dnih luka, kao \u0161to mo\u017eete vidjeti kod popisa zra\u010dnih luka ispod. Zrakoplovni prijevoznici koji obavljaju letove u Nunavutu su: Calm Air, Kivalliq Air, Nolinor Aviation, Canadian North, Air Inuit, Nolinor Aviation i Kenn Borek Air.<\/p>\n<h4><span class=\"ez-toc-section\" id=\"Zracna_luka_Coral_Harbour_-_IATA_Kod_YZS\"><\/span><span style=\"color: #2a2a2a;\">Zra\u010dna luka Coral Harbour<\/span>\u00a0 \u2013 IATA Kod YZS<span class=\"ez-toc-section-end\"><\/span><\/h4>\n<h4><span class=\"ez-toc-section\" id=\"Zracna_luka_Pangnirtung_-_IATA_Kod_YXP\"><\/span><span style=\"color: #2a2a2a;\">Zra\u010dna luka Pangnirtung<\/span>\u00a0 \u2013 IATA Kod YXP<span class=\"ez-toc-section-end\"><\/span><\/h4>\n<h4><span class=\"ez-toc-section\" id=\"Zracna_luka_Whale_Cove_-_IATA_Kod_YXN\"><\/span><span style=\"color: #2a2a2a;\">Zra\u010dna luka Whale Cove<\/span>\u00a0 \u2013 IATA Kod YXN<span class=\"ez-toc-section-end\"><\/span><\/h4>\n<h4><span class=\"ez-toc-section\" id=\"Zracna_luka_Qikiqtarjuaq_-_IATA_Kod_YVM\"><\/span><span style=\"color: #2a2a2a;\">Zra\u010dna luka Qikiqtarjuaq<\/span>\u00a0 \u2013 IATA Kod YVM<span class=\"ez-toc-section-end\"><\/span><\/h4>\n<h4><span class=\"ez-toc-section\" id=\"Zracna_luka_Hall_Beach_-_IATA_Kod_YUX\"><\/span><span style=\"color: #2a2a2a;\">Zra\u010dna luka Hall Beach<\/span>\u00a0 \u2013 IATA Kod YUX<span class=\"ez-toc-section-end\"><\/span><\/h4>\n<h4><span class=\"ez-toc-section\" id=\"Zracna_luka_Naujaat_-_IATA_Kod_YUT\"><\/span><span style=\"color: #2a2a2a;\">Zra\u010dna luka Naujaat<\/span>\u00a0 \u2013 IATA Kod YUT<span class=\"ez-toc-section-end\"><\/span><\/h4>\n<h4><span class=\"ez-toc-section\" id=\"Zracna_luka_Cape_Dorset_-_IATA_Kod_YTE\"><\/span><span style=\"color: #2a2a2a;\">Zra\u010dna luka Cape Dorset\u00a0<\/span> \u2013 IATA Kod YTE<span class=\"ez-toc-section-end\"><\/span><\/h4>\n<h4><span class=\"ez-toc-section\" id=\"Zracna_luka_Sanikiluaq_-_IATA_Kod_YSK\"><\/span><span style=\"color: #2a2a2a;\">Zra\u010dna luka Sanikiluaq<\/span>\u00a0 \u2013 IATA Kod YSK<span class=\"ez-toc-section-end\"><\/span><\/h4>\n<h4><span class=\"ez-toc-section\" id=\"Zracna_luka_Rankin_Inlet_-_IATA_Kod_YRT\"><\/span><span style=\"color: #2a2a2a;\">Zra\u010dna luka Rankin Inlet<\/span>\u00a0 \u2013 IATA Kod YRT<span class=\"ez-toc-section-end\"><\/span><\/h4>\n<h4><span class=\"ez-toc-section\" id=\"Zracna_luka_Resolute_Bay_-_IATA_Kod_YRB\"><\/span><span style=\"color: #2a2a2a;\">Zra\u010dna luka Resolute Bay<\/span>\u00a0 \u2013 IATA Kod YRB<span class=\"ez-toc-section-end\"><\/span><\/h4>\n<h4><span class=\"ez-toc-section\" id=\"Aerodrom_Mary_River_-_IATA_Kod_YMV\"><\/span><span style=\"color: #2a2a2a;\">Aerodrom Mary River<\/span> \u2013 IATA Kod YMV<span class=\"ez-toc-section-end\"><\/span><\/h4>\n<h4><span class=\"ez-toc-section\" id=\"Zracna_luka_Kimmirut_-_IATA_Kod_YLC\"><\/span><span style=\"color: #2a2a2a;\">Zra\u010dna luka Kimmirut<\/span>\u00a0 \u2013 IATA Kod YLC<span class=\"ez-toc-section-end\"><\/span><\/h4>\n<h4><span class=\"ez-toc-section\" id=\"Zracna_luka_Pond_Inlet_-_IATA_Kod_YIO\"><\/span><span style=\"color: #2a2a2a;\">Zra\u010dna luka Pond Inlet<\/span>\u00a0 \u2013 IATA Kod YIO<span class=\"ez-toc-section-end\"><\/span><\/h4>\n<h4><span class=\"ez-toc-section\" id=\"Zracna_luka_Gjoa_Haven_-_IATA_Kod_YHK\"><\/span><span style=\"color: #2a2a2a;\">Zra\u010dna luka Gjoa Haven<\/span>\u00a0 \u2013 IATA Kod YHK<span class=\"ez-toc-section-end\"><\/span><\/h4>\n<h4><span class=\"ez-toc-section\" id=\"Zracna_luka_Grise_Fiord_-_IATA_Kod_YGZ\"><\/span><span style=\"color: #2a2a2a;\">Zra\u010dna luka Grise Fiord<\/span>\u00a0 \u2013 IATA Kod YGZ<span class=\"ez-toc-section-end\"><\/span><\/h4>\n<h4><span class=\"ez-toc-section\" id=\"Zracna_luka_Igloolik_-_IATA_Kod_YGT\"><\/span><span style=\"color: #2a2a2a;\">Zra\u010dna luka Igloolik<\/span>\u00a0 \u2013 IATA Kod YGT<span class=\"ez-toc-section-end\"><\/span><\/h4>\n<h4><span class=\"ez-toc-section\" id=\"Zracna_luka_Iqaluit_-_IATA_Kod_YFB\"><\/span><span style=\"color: #2a2a2a;\">Zra\u010dna luka Iqaluit\u00a0<\/span> \u2013 IATA Kod YFB<span class=\"ez-toc-section-end\"><\/span><\/h4>\n<h4><span class=\"ez-toc-section\" id=\"Zracna_luka_Arviat_-_IATA_Kod_YEK\"><\/span><span style=\"color: #2a2a2a;\">Zra\u010dna luka Arviat\u00a0<\/span> \u2013 IATA Kod YEK<span class=\"ez-toc-section-end\"><\/span><\/h4>\n<h4><span class=\"ez-toc-section\" id=\"Zracna_luka_Clyde_River_-_IATA_Kod_YCY\"><\/span><span style=\"color: #2a2a2a;\">Zra\u010dna luka Clyde River\u00a0<\/span> \u2013 IATA Kod YCY<span class=\"ez-toc-section-end\"><\/span><\/h4>\n<h4><span class=\"ez-toc-section\" id=\"Zracna_luka_Chesterfield_Inlet_-_IATA_Kod_YCS\"><\/span><span style=\"color: #2a2a2a;\">Zra\u010dna luka Chesterfield Inlet<\/span> \u2013 IATA Kod YCS<span class=\"ez-toc-section-end\"><\/span><\/h4>\n<h4><span class=\"ez-toc-section\" id=\"Zracna_luka_Kugluktuk_-_IATA_Kod_YCO\"><\/span><span style=\"color: #2a2a2a;\">Zra\u010dna luka Kugluktuk<\/span>\u00a0 \u2013 IATA Kod YCO<span class=\"ez-toc-section-end\"><\/span><\/h4>\n<h4><span class=\"ez-toc-section\" id=\"Zracna_luka_Cambridge_Bay_-_IATA_Kod_YCB\"><\/span><span style=\"color: #2a2a2a;\">Zra\u010dna luka Cambridge Bay<\/span>\u00a0 \u2013 IATA Kod YCB<span class=\"ez-toc-section-end\"><\/span><\/h4>\n<h4><span class=\"ez-toc-section\" id=\"Zracna_luka_Baker_Lake_-_IATA_Kod_YBK\"><\/span><span style=\"color: #2a2a2a;\">Zra\u010dna luka Baker Lake\u00a0<\/span> \u2013 IATA Kod YBK<span class=\"ez-toc-section-end\"><\/span><\/h4>\n<h4><span class=\"ez-toc-section\" id=\"Zracna_luka_Kugaaruk_-_IATA_Kod_YBB\"><\/span><span style=\"color: #2a2a2a;\">Zra\u010dna luka Kugaaruk<\/span>\u00a0 \u2013 IATA Kod YBB<span class=\"ez-toc-section-end\"><\/span><\/h4>\n<h4><span class=\"ez-toc-section\" id=\"Zracna_luka_Arctic_Bay_-_IATA_Kod_YAB\"><\/span><span style=\"color: #2a2a2a;\">Zra\u010dna luka Arctic Bay\u00a0<\/span> \u2013 IATA Kod YAB<span class=\"ez-toc-section-end\"><\/span><\/h4>\n<h3><span class=\"ez-toc-section\" id=\"Zracne_luke_u_susjednim_provincijama\"><\/span>Zra\u010dne luke u susjednim provincijama<span class=\"ez-toc-section-end\"><\/span><\/h3>\n<table>\n<tbody>\n<tr>\n<td style=\"text-align: center;\">\n<p>Zra\u010dne luke u Sjeverozapadnim Teritorijima<\/p>\n<\/td>\n<td style=\"text-align: center;\">\n<p>Zra\u010dne luke u Manitobi<\/p>\n<\/td>\n<\/tr>\n<\/tbody>\n<\/table>\n<h3><span class=\"ez-toc-section\" id=\"Karta_zracnih_luka_u_Nunavutu\"><\/span>Karta zra\u010dnih luka u Nunavutu<span class=\"ez-toc-section-end\"><\/span><\/h3>\n\n\n<iframe src=\"https:\/\/www.google.com\/maps\/d\/u\/1\/embed?mid=1yN9WpR9aZYvfS4RZPdQTRVSQrLxDkjJz\" width=\"640\" height=\"480\"><\/iframe>\n","protected":false},"excerpt":{"rendered":"<p>U Nunavutu u osnovi nema ve\u0107ih ili srednjih zra\u010dnih luka. Jedine dvije zra\u010dne luke koje su povezane s ve\u0107im brojem destinacija su Zra\u010dna luka Rankin Inlet i Zra\u010dna luka Iqaluit. Ispod smo naveli popis svih zra\u010dnih luka u Nunavutu, a na kraju objave smo naveli i kartu zra\u010dnih luka u Nunavutu. Manje zra\u010dne luke Kao [&hellip;]<\/p>\n<p><a class=\"more-link btn btn-primary\" href=\"https:\/\/traveling.com\/hr\/blog\/zracne-luke-nunavut\/\"> Continue reading&#8230;<\/a><\/p>\n","protected":false},"author":1,"featured_media":0,"parent":0,"menu_order":0,"comment_status":"closed","ping_status":"closed","template":"","meta":[],"yoast_head":"<!-- This site is optimized with the Yoast SEO plugin v19.8 - https:\/\/yoast.com\/wordpress\/plugins\/seo\/ -->\n<title>Zra\u010dne luke u Nunavutu - IATA kodovi i ostale informacije<\/title>\n<meta name=\"description\" content=\"Popis zra\u010dnih luka u u Nunavutu, broj putnika godi\u0161nje, IATA kodovi, karta me\u0111unarodnih i doma\u0107ih zra\u010dnih luka u Nunavutu.\" \/>\n<meta name=\"robots\" content=\"index, follow, max-snippet:-1, max-image-preview:large, max-video-preview:-1\" \/>\n<link rel=\"canonical\" href=\"https:\/\/traveling.com\/hr\/blog\/zracne-luke-nunavut\/\" \/>\n<meta property=\"og:locale\" content=\"hr_HR\" \/>\n<meta property=\"og:type\" content=\"article\" \/>\n<meta property=\"og:title\" content=\"Zra\u010dne luke u Nunavutu - IATA kodovi i ostale informacije\" \/>\n<meta property=\"og:description\" content=\"Popis zra\u010dnih luka u u Nunavutu, broj putnika godi\u0161nje, IATA kodovi, karta me\u0111unarodnih i doma\u0107ih zra\u010dnih luka u Nunavutu.\" \/>\n<meta property=\"og:url\" content=\"https:\/\/traveling.com\/hr\/blog\/zracne-luke-nunavut\/\" \/>\n<meta property=\"og:site_name\" content=\"Traveling.com Blog\" \/>\n<meta property=\"article:modified_time\" content=\"2025-03-24T11:00:13+00:00\" \/>\n<meta name=\"twitter:card\" content=\"summary_large_image\" \/>\n<meta name=\"twitter:label1\" content=\"Est. reading time\" \/>\n\t<meta name=\"twitter:data1\" content=\"2 minutes\" \/>\n<script type=\"application\/ld+json\" class=\"yoast-schema-graph\">{\"@context\":\"https:\/\/schema.org\",\"@graph\":[{\"@type\":\"WebPage\",\"@id\":\"https:\/\/traveling.com\/hr\/blog\/zracne-luke-nunavut\/\",\"url\":\"https:\/\/traveling.com\/hr\/blog\/zracne-luke-nunavut\/\",\"name\":\"Zra\u010dne luke u Nunavutu - IATA kodovi i ostale informacije\",\"isPartOf\":{\"@id\":\"https:\/\/traveling.com\/hr\/blog\/#website\"},\"datePublished\":\"2021-09-16T07:00:16+00:00\",\"dateModified\":\"2025-03-24T11:00:13+00:00\",\"description\":\"Popis zra\u010dnih luka u u Nunavutu, broj putnika godi\u0161nje, IATA kodovi, karta me\u0111unarodnih i doma\u0107ih zra\u010dnih luka u Nunavutu.\",\"breadcrumb\":{\"@id\":\"https:\/\/traveling.com\/hr\/blog\/zracne-luke-nunavut\/#breadcrumb\"},\"inLanguage\":\"hr\",\"potentialAction\":[{\"@type\":\"ReadAction\",\"target\":[\"https:\/\/traveling.com\/hr\/blog\/zracne-luke-nunavut\/\"]}]},{\"@type\":\"BreadcrumbList\",\"@id\":\"https:\/\/traveling.com\/hr\/blog\/zracne-luke-nunavut\/#breadcrumb\",\"itemListElement\":[{\"@type\":\"ListItem\",\"position\":1,\"name\":\"Home\",\"item\":\"https:\/\/traveling.com\/hr\/blog\/\"},{\"@type\":\"ListItem\",\"position\":2,\"name\":\"Zra\u010dne luke u Nunavutu\"}]},{\"@type\":\"WebSite\",\"@id\":\"https:\/\/traveling.com\/hr\/blog\/#website\",\"url\":\"https:\/\/traveling.com\/hr\/blog\/\",\"name\":\"Traveling.com Blog\",\"description\":\"Tvoj najbolji vodi\u010d na putovanju\",\"potentialAction\":[{\"@type\":\"SearchAction\",\"target\":{\"@type\":\"EntryPoint\",\"urlTemplate\":\"https:\/\/traveling.com\/hr\/blog\/?s={search_term_string}\"},\"query-input\":\"required name=search_term_string\"}],\"inLanguage\":\"hr\"}]}<\/script>\n<!-- \/ Yoast SEO plugin. -->","yoast_head_json":{"title":"Zra\u010dne luke u Nunavutu - IATA kodovi i ostale informacije","description":"Popis zra\u010dnih luka u u Nunavutu, broj putnika godi\u0161nje, IATA kodovi, karta me\u0111unarodnih i doma\u0107ih zra\u010dnih luka u Nunavutu.","robots":{"index":"index","follow":"follow","max-snippet":"max-snippet:-1","max-image-preview":"max-image-preview:large","max-video-preview":"max-video-preview:-1"},"canonical":"https:\/\/traveling.com\/hr\/blog\/zracne-luke-nunavut\/","og_locale":"hr_HR","og_type":"article","og_title":"Zra\u010dne luke u Nunavutu - IATA kodovi i ostale informacije","og_description":"Popis zra\u010dnih luka u u Nunavutu, broj putnika godi\u0161nje, IATA kodovi, karta me\u0111unarodnih i doma\u0107ih zra\u010dnih luka u Nunavutu.","og_url":"https:\/\/traveling.com\/hr\/blog\/zracne-luke-nunavut\/","og_site_name":"Traveling.com Blog","article_modified_time":"2025-03-24T11:00:13+00:00","twitter_card":"summary_large_image","twitter_misc":{"Est. reading time":"2 minutes"},"schema":{"@context":"https:\/\/schema.org","@graph":[{"@type":"WebPage","@id":"https:\/\/traveling.com\/hr\/blog\/zracne-luke-nunavut\/","url":"https:\/\/traveling.com\/hr\/blog\/zracne-luke-nunavut\/","name":"Zra\u010dne luke u Nunavutu - IATA kodovi i ostale informacije","isPartOf":{"@id":"https:\/\/traveling.com\/hr\/blog\/#website"},"datePublished":"2021-09-16T07:00:16+00:00","dateModified":"2025-03-24T11:00:13+00:00","description":"Popis zra\u010dnih luka u u Nunavutu, broj putnika godi\u0161nje, IATA kodovi, karta me\u0111unarodnih i doma\u0107ih zra\u010dnih luka u Nunavutu.","breadcrumb":{"@id":"https:\/\/traveling.com\/hr\/blog\/zracne-luke-nunavut\/#breadcrumb"},"inLanguage":"hr","potentialAction":[{"@type":"ReadAction","target":["https:\/\/traveling.com\/hr\/blog\/zracne-luke-nunavut\/"]}]},{"@type":"BreadcrumbList","@id":"https:\/\/traveling.com\/hr\/blog\/zracne-luke-nunavut\/#breadcrumb","itemListElement":[{"@type":"ListItem","position":1,"name":"Home","item":"https:\/\/traveling.com\/hr\/blog\/"},{"@type":"ListItem","position":2,"name":"Zra\u010dne luke u Nunavutu"}]},{"@type":"WebSite","@id":"https:\/\/traveling.com\/hr\/blog\/#website","url":"https:\/\/traveling.com\/hr\/blog\/","name":"Traveling.com Blog","description":"Tvoj najbolji vodi\u010d na putovanju","potentialAction":[{"@type":"SearchAction","target":{"@type":"EntryPoint","urlTemplate":"https:\/\/traveling.com\/hr\/blog\/?s={search_term_string}"},"query-input":"required name=search_term_string"}],"inLanguage":"hr"}]}},"_links":{"self":[{"href":"https:\/\/traveling.com\/hr\/blog\/wp-json\/wp\/v2\/pages\/11447"}],"collection":[{"href":"https:\/\/traveling.com\/hr\/blog\/wp-json\/wp\/v2\/pages"}],"about":[{"href":"https:\/\/traveling.com\/hr\/blog\/wp-json\/wp\/v2\/types\/page"}],"author":[{"embeddable":true,"href":"https:\/\/traveling.com\/hr\/blog\/wp-json\/wp\/v2\/users\/1"}],"replies":[{"embeddable":true,"href":"https:\/\/traveling.com\/hr\/blog\/wp-json\/wp\/v2\/comments?post=11447"}],"version-history":[{"count":2,"href":"https:\/\/traveling.com\/hr\/blog\/wp-json\/wp\/v2\/pages\/11447\/revisions"}],"predecessor-version":[{"id":11449,"href":"https:\/\/traveling.com\/hr\/blog\/wp-json\/wp\/v2\/pages\/11447\/revisions\/11449"}],"wp:attachment":[{"href":"https:\/\/traveling.com\/hr\/blog\/wp-json\/wp\/v2\/media?parent=11447"}],"curies":[{"name":"wp","href":"https:\/\/api.w.org\/{rel}","templated":true}]}}