{"id":11453,"date":"2021-09-17T09:00:19","date_gmt":"2021-09-17T07:00:19","guid":{"rendered":"https:\/\/getbybus.com\/hr\/blog\/?page_id=11453"},"modified":"2025-03-24T13:00:13","modified_gmt":"2025-03-24T11:00:13","slug":"zracne-luke-oklahoma","status":"publish","type":"page","link":"https:\/\/traveling.com\/hr\/blog\/zracne-luke-oklahoma\/","title":{"rendered":"Zra\u010dne luke u Oklahomi"},"content":{"rendered":"<p>Dr\u017eava Oklahoma trenutno ima samo <b>4 zra\u010dne luke s redovnim dnevnim letovima<\/b>, a ve\u0107inu prometa obavljaju Zra\u010dna luka Oklahoma City i Zra\u010dna luka Tulsa. \u0160to se ti\u010de preostale dvije, American Eagle jedini je zrakoplovni prijevoznik koji posluje u njima. Ukoliko odlu\u010dite letjeti u susjednu dr\u017eavu prilikom posjeta Oklahomi, naveli smo i tablicu zra\u010dnih luka u susjednim saveznim dr\u017eavama. Na kraju objave se nalazi i<b> karta zra\u010dnih luka u Oklahomi<\/b>.<\/p>\n<h3><span class=\"ez-toc-section\" id=\"Popis_zracnih_luka\"><\/span>Popis zra\u010dnih luka<span class=\"ez-toc-section-end\"><\/span><\/h3>\n<h4><span class=\"ez-toc-section\" id=\"Zracna_luka_Will_Rogers_World_-_IATA_Kod_-_OKC_4_M_Putnika\"><\/span><span style=\"color: #2a2a2a;\">Zra\u010dna luka Will Rogers World<\/span> \u2013 IATA Kod \u2013 OKC (~ 4 M Putnika)<span class=\"ez-toc-section-end\"><\/span><\/h4>\n<p><strong>Zra\u010dna luka Will Rogers<\/strong> ili Zra\u010dna luka Oklahoma City zra\u010dna je luka s malim \u010dvori\u0161tem, a opslu\u017euje \u0161ire podru\u010dje Oklahoma Cityja. Nalazi se oko 8 km sjeverozapadno od centra grada, a slu\u017ei za doma\u0107e linije koje naj\u010de\u0161\u0107e nudi Southwest Airlines. Javne autobusne linije Embark redovito kre\u0107u iz zra\u010dne luke, na raspolaganju su i kombiji, autobusi zra\u010dne luke i taksiji.<\/p>\n<h4><span class=\"ez-toc-section\" id=\"Medunarodna_zracna_luka_Tulsa_-_IATA_Kod_-_TUL_3_M_Putnika\"><\/span><span style=\"color: #2a2a2a;\">Me\u0111unarodna zra\u010dna luka Tulsa<\/span> \u2013 IATA Kod \u2013 TUL (~ 3 M Putnika)<span class=\"ez-toc-section-end\"><\/span><\/h4>\n<p><strong>Zra\u010dna luka Tulsa <\/strong>druga je najve\u0107a zra\u010dna luka u Oklahomi. Svi glavni ameri\u010dki zrakoplovni prijevoznici nude cjelogodi\u0161nje letove za Tulsu. Statisti\u010dki gledano, Dallas prednja\u010di kao najbolje povezano odredi\u0161te. Osim Tulse, zra\u010dna luka je prikladna za putovanja do obli\u017enjih gradova, kao \u0161to su Broken Arrow i Muskogee.<\/p>\n<h4><span class=\"ez-toc-section\" id=\"Regionalna_zracna_luka_Lawton-Fort_Sill_-_IATA_Kod_-_LAW\"><\/span><span style=\"color: #2a2a2a;\">Regionalna zra\u010dna luka Lawton\u2013Fort Sill<\/span> \u2013 IATA Kod \u2013 LAW<span class=\"ez-toc-section-end\"><\/span><\/h4>\n<ul>\n<li aria-level=\"1\">Gradovi u blizini: Lawton (3.5 km)<\/li>\n<li aria-level=\"1\">Zrakoplovni prijevoznici: American Eagle<\/li>\n<\/ul>\n<h4><span class=\"ez-toc-section\" id=\"Regionalna_zracna_luka_Stillwater_-_IATA_Kod_-_SWO\"><\/span><span style=\"color: #2a2a2a;\">Regionalna zra\u010dna luka Stillwater<\/span> \u2013 IATA Kod \u2013 SWO<span class=\"ez-toc-section-end\"><\/span><\/h4>\n<ul>\n<li aria-level=\"1\">Gradovi u blizini: Stillwater (5 km)<\/li>\n<li aria-level=\"1\">Zrakoplovni prijevoznici: American Eagle<\/li>\n<\/ul>\n<h3><span class=\"ez-toc-section\" id=\"Zracne_luke_u_susjednim_saveznim_drzavama\"><\/span>Zra\u010dne luke u susjednim saveznim dr\u017eavama<span class=\"ez-toc-section-end\"><\/span><\/h3>\n<table>\n<tbody>\n<tr>\n<td style=\"text-align: center;\">\n<p>Zra\u010dne luke u Teksasu<\/p>\n<\/td>\n<td style=\"text-align: center;\">\n<p>Zra\u010dne luke u Arkansasu<\/p>\n<\/td>\n<td style=\"text-align: center;\">\n<p>Zra\u010dne luke u Kansasu<\/p>\n<\/td>\n<\/tr>\n<tr>\n<td style=\"text-align: center;\">\n<p>Zra\u010dne luke u Missouriju<\/p>\n<\/td>\n<td style=\"text-align: center;\">\n<p>Zra\u010dne luke u Coloradu<\/p>\n<\/td>\n<td style=\"text-align: center;\">\n<p>Zra\u010dne luke u Novom Meksiku<\/p>\n<\/td>\n<\/tr>\n<\/tbody>\n<\/table>\n<h3><span class=\"ez-toc-section\" id=\"Karta_zracnih_luka_u_Oklahomi\"><\/span>Karta zra\u010dnih luka u Oklahomi<span class=\"ez-toc-section-end\"><\/span><\/h3>\n\n\n<iframe src=\"https:\/\/www.google.com\/maps\/d\/u\/0\/embed?mid=1TrApmZL9-3ZXdfo9vCv3NYthgCX41ReG\" width=\"640\" height=\"480\"><\/iframe>\n","protected":false},"excerpt":{"rendered":"<p>Dr\u017eava Oklahoma trenutno ima samo 4 zra\u010dne luke s redovnim dnevnim letovima, a ve\u0107inu prometa obavljaju Zra\u010dna luka Oklahoma City i Zra\u010dna luka Tulsa. \u0160to se ti\u010de preostale dvije, American Eagle jedini je zrakoplovni prijevoznik koji posluje u njima. Ukoliko odlu\u010dite letjeti u susjednu dr\u017eavu prilikom posjeta Oklahomi, naveli smo i tablicu zra\u010dnih luka u [&hellip;]<\/p>\n<p><a class=\"more-link btn btn-primary\" href=\"https:\/\/traveling.com\/hr\/blog\/zracne-luke-oklahoma\/\"> Continue reading&#8230;<\/a><\/p>\n","protected":false},"author":1,"featured_media":0,"parent":0,"menu_order":0,"comment_status":"closed","ping_status":"closed","template":"","meta":[],"yoast_head":"<!-- This site is optimized with the Yoast SEO plugin v19.8 - https:\/\/yoast.com\/wordpress\/plugins\/seo\/ -->\n<title>Zra\u010dne luke u Oklahomi - IATA kodovi, karta i ostale informacije<\/title>\n<meta name=\"description\" content=\"Popis zra\u010dnih luka u saveznoj dr\u017eavi Oklahomi, IATA kodovi, karta lokacija zra\u010dnih luka i broj putnika godi\u0161nje u zra\u010dnim lukama u Oklahomi.\" \/>\n<meta name=\"robots\" content=\"index, follow, max-snippet:-1, max-image-preview:large, max-video-preview:-1\" \/>\n<link rel=\"canonical\" href=\"https:\/\/traveling.com\/hr\/blog\/zracne-luke-oklahoma\/\" \/>\n<meta property=\"og:locale\" content=\"hr_HR\" \/>\n<meta property=\"og:type\" content=\"article\" \/>\n<meta property=\"og:title\" content=\"Zra\u010dne luke u Oklahomi - IATA kodovi, karta i ostale informacije\" \/>\n<meta property=\"og:description\" content=\"Popis zra\u010dnih luka u saveznoj dr\u017eavi Oklahomi, IATA kodovi, karta lokacija zra\u010dnih luka i broj putnika godi\u0161nje u zra\u010dnim lukama u Oklahomi.\" \/>\n<meta property=\"og:url\" content=\"https:\/\/traveling.com\/hr\/blog\/zracne-luke-oklahoma\/\" \/>\n<meta property=\"og:site_name\" content=\"Traveling.com Blog\" \/>\n<meta property=\"article:modified_time\" content=\"2025-03-24T11:00:13+00:00\" \/>\n<meta name=\"twitter:card\" content=\"summary_large_image\" \/>\n<meta name=\"twitter:label1\" content=\"Est. reading time\" \/>\n\t<meta name=\"twitter:data1\" content=\"2 minutes\" \/>\n<script type=\"application\/ld+json\" class=\"yoast-schema-graph\">{\"@context\":\"https:\/\/schema.org\",\"@graph\":[{\"@type\":\"WebPage\",\"@id\":\"https:\/\/traveling.com\/hr\/blog\/zracne-luke-oklahoma\/\",\"url\":\"https:\/\/traveling.com\/hr\/blog\/zracne-luke-oklahoma\/\",\"name\":\"Zra\u010dne luke u Oklahomi - IATA kodovi, karta i ostale informacije\",\"isPartOf\":{\"@id\":\"https:\/\/traveling.com\/hr\/blog\/#website\"},\"datePublished\":\"2021-09-17T07:00:19+00:00\",\"dateModified\":\"2025-03-24T11:00:13+00:00\",\"description\":\"Popis zra\u010dnih luka u saveznoj dr\u017eavi Oklahomi, IATA kodovi, karta lokacija zra\u010dnih luka i broj putnika godi\u0161nje u zra\u010dnim lukama u Oklahomi.\",\"breadcrumb\":{\"@id\":\"https:\/\/traveling.com\/hr\/blog\/zracne-luke-oklahoma\/#breadcrumb\"},\"inLanguage\":\"hr\",\"potentialAction\":[{\"@type\":\"ReadAction\",\"target\":[\"https:\/\/traveling.com\/hr\/blog\/zracne-luke-oklahoma\/\"]}]},{\"@type\":\"BreadcrumbList\",\"@id\":\"https:\/\/traveling.com\/hr\/blog\/zracne-luke-oklahoma\/#breadcrumb\",\"itemListElement\":[{\"@type\":\"ListItem\",\"position\":1,\"name\":\"Home\",\"item\":\"https:\/\/traveling.com\/hr\/blog\/\"},{\"@type\":\"ListItem\",\"position\":2,\"name\":\"Zra\u010dne luke u Oklahomi\"}]},{\"@type\":\"WebSite\",\"@id\":\"https:\/\/traveling.com\/hr\/blog\/#website\",\"url\":\"https:\/\/traveling.com\/hr\/blog\/\",\"name\":\"Traveling.com Blog\",\"description\":\"Tvoj najbolji vodi\u010d na putovanju\",\"potentialAction\":[{\"@type\":\"SearchAction\",\"target\":{\"@type\":\"EntryPoint\",\"urlTemplate\":\"https:\/\/traveling.com\/hr\/blog\/?s={search_term_string}\"},\"query-input\":\"required name=search_term_string\"}],\"inLanguage\":\"hr\"}]}<\/script>\n<!-- \/ Yoast SEO plugin. -->","yoast_head_json":{"title":"Zra\u010dne luke u Oklahomi - IATA kodovi, karta i ostale informacije","description":"Popis zra\u010dnih luka u saveznoj dr\u017eavi Oklahomi, IATA kodovi, karta lokacija zra\u010dnih luka i broj putnika godi\u0161nje u zra\u010dnim lukama u Oklahomi.","robots":{"index":"index","follow":"follow","max-snippet":"max-snippet:-1","max-image-preview":"max-image-preview:large","max-video-preview":"max-video-preview:-1"},"canonical":"https:\/\/traveling.com\/hr\/blog\/zracne-luke-oklahoma\/","og_locale":"hr_HR","og_type":"article","og_title":"Zra\u010dne luke u Oklahomi - IATA kodovi, karta i ostale informacije","og_description":"Popis zra\u010dnih luka u saveznoj dr\u017eavi Oklahomi, IATA kodovi, karta lokacija zra\u010dnih luka i broj putnika godi\u0161nje u zra\u010dnim lukama u Oklahomi.","og_url":"https:\/\/traveling.com\/hr\/blog\/zracne-luke-oklahoma\/","og_site_name":"Traveling.com Blog","article_modified_time":"2025-03-24T11:00:13+00:00","twitter_card":"summary_large_image","twitter_misc":{"Est. reading time":"2 minutes"},"schema":{"@context":"https:\/\/schema.org","@graph":[{"@type":"WebPage","@id":"https:\/\/traveling.com\/hr\/blog\/zracne-luke-oklahoma\/","url":"https:\/\/traveling.com\/hr\/blog\/zracne-luke-oklahoma\/","name":"Zra\u010dne luke u Oklahomi - IATA kodovi, karta i ostale informacije","isPartOf":{"@id":"https:\/\/traveling.com\/hr\/blog\/#website"},"datePublished":"2021-09-17T07:00:19+00:00","dateModified":"2025-03-24T11:00:13+00:00","description":"Popis zra\u010dnih luka u saveznoj dr\u017eavi Oklahomi, IATA kodovi, karta lokacija zra\u010dnih luka i broj putnika godi\u0161nje u zra\u010dnim lukama u Oklahomi.","breadcrumb":{"@id":"https:\/\/traveling.com\/hr\/blog\/zracne-luke-oklahoma\/#breadcrumb"},"inLanguage":"hr","potentialAction":[{"@type":"ReadAction","target":["https:\/\/traveling.com\/hr\/blog\/zracne-luke-oklahoma\/"]}]},{"@type":"BreadcrumbList","@id":"https:\/\/traveling.com\/hr\/blog\/zracne-luke-oklahoma\/#breadcrumb","itemListElement":[{"@type":"ListItem","position":1,"name":"Home","item":"https:\/\/traveling.com\/hr\/blog\/"},{"@type":"ListItem","position":2,"name":"Zra\u010dne luke u Oklahomi"}]},{"@type":"WebSite","@id":"https:\/\/traveling.com\/hr\/blog\/#website","url":"https:\/\/traveling.com\/hr\/blog\/","name":"Traveling.com Blog","description":"Tvoj najbolji vodi\u010d na putovanju","potentialAction":[{"@type":"SearchAction","target":{"@type":"EntryPoint","urlTemplate":"https:\/\/traveling.com\/hr\/blog\/?s={search_term_string}"},"query-input":"required name=search_term_string"}],"inLanguage":"hr"}]}},"_links":{"self":[{"href":"https:\/\/traveling.com\/hr\/blog\/wp-json\/wp\/v2\/pages\/11453"}],"collection":[{"href":"https:\/\/traveling.com\/hr\/blog\/wp-json\/wp\/v2\/pages"}],"about":[{"href":"https:\/\/traveling.com\/hr\/blog\/wp-json\/wp\/v2\/types\/page"}],"author":[{"embeddable":true,"href":"https:\/\/traveling.com\/hr\/blog\/wp-json\/wp\/v2\/users\/1"}],"replies":[{"embeddable":true,"href":"https:\/\/traveling.com\/hr\/blog\/wp-json\/wp\/v2\/comments?post=11453"}],"version-history":[{"count":2,"href":"https:\/\/traveling.com\/hr\/blog\/wp-json\/wp\/v2\/pages\/11453\/revisions"}],"predecessor-version":[{"id":11455,"href":"https:\/\/traveling.com\/hr\/blog\/wp-json\/wp\/v2\/pages\/11453\/revisions\/11455"}],"wp:attachment":[{"href":"https:\/\/traveling.com\/hr\/blog\/wp-json\/wp\/v2\/media?parent=11453"}],"curies":[{"name":"wp","href":"https:\/\/api.w.org\/{rel}","templated":true}]}}