{"id":11458,"date":"2021-09-17T09:00:58","date_gmt":"2021-09-17T07:00:58","guid":{"rendered":"https:\/\/getbybus.com\/hr\/blog\/?page_id=11458"},"modified":"2025-03-24T13:00:14","modified_gmt":"2025-03-24T11:00:14","slug":"zracne-luke-oregon","status":"publish","type":"page","link":"https:\/\/traveling.com\/hr\/blog\/zracne-luke-oregon\/","title":{"rendered":"Zra\u010dne luke u Oregonu"},"content":{"rendered":"<p>Kada govorimo o zra\u010dnim lukama u Oregonu, u osnovi postoji samo jednu prioritetnu zra\u010dnu luku za putnike. Kroz PDX godi\u0161nje pro\u0111e vi\u0161e od 20 milijuna putnika, a putnici su je proglasili <a href=\"https:\/\/Traveling.com\/hr\/blog\/najbolje-zracne-luke-na-svijetu\/\">19. najboljom zra\u010dnom lukom na svijetu<\/a>. Ostale zra\u010dne luke su regionalne i povezuju Oregonske gradove s ostalim gradovima Zapadne obale. Alaska Airlines uobi\u010dajeni je prijevoznik u manjim zra\u010dnim lukama u Oregonu. Kako biste bolje razumjeli gdje se nalazi svaka zra\u010dna luka, pogledajte <strong>kartu zra\u010dnih luka u Oregonu<\/strong> na kraju objave.<\/p>\n<h3><span class=\"ez-toc-section\" id=\"Popis_zracnih_luka\"><\/span>Popis zra\u010dnih luka<span class=\"ez-toc-section-end\"><\/span><\/h3>\n<h4><span class=\"ez-toc-section\" id=\"Medunarodna_zracna_luka_Portland_-_IATA_Kod_-_PDX_20_M_Putnika\"><\/span><span style=\"color: #2a2a2a;\">Me\u0111unarodna zra\u010dna luka Portland<\/span> \u2013 IATA Kod \u2013 PDX (~ 20 M Putnika)<span class=\"ez-toc-section-end\"><\/span><\/h4>\n<p><strong>Me\u0111unarodna zra\u010dna luka Portland<\/strong>, poznata i kao PDX, najve\u0107a je zra\u010dna luka u Oregonu. Svake godine preuzme oko 20 milijuna putnika, a ve\u0107ina ih dolazi letovima <strong>Alaska Airlinesa, Americana i Delte<\/strong>. Osim ameri\u010dkih ruta, PDX ima i redovne letove za Kanadu, Europu i Meksiko. \u0160tovi\u0161e, prema raznim anketama \u010desto je rangirana kao najbolja ameri\u010dka zra\u010dna luka. PDX se nalazi oko 17 km sjeveroisto\u010dno od centra Portlanda. Do grada se mo\u017ee do\u0107i javnim linijama TRIMET-a, autobusa zra\u010dne luke i taksija.<\/p>\n<h4><span class=\"ez-toc-section\" id=\"Zracna_luka_Eugene_-_IATA_Kod_-_EUG\"><\/span><span style=\"color: #2a2a2a;\">Zra\u010dna luka Eugene<\/span> \u2013 IATA Kod \u2013 EUG<span class=\"ez-toc-section-end\"><\/span><\/h4>\n<ul>\n<li aria-level=\"1\">Poznata i kao: Mahlon Sweet Field<\/li>\n<li aria-level=\"1\">Gradovi u blizini: Eugene (11 km)<\/li>\n<li aria-level=\"1\">Zrakoplovni prijevoznici: Alaska Airlines, American, Delta<\/li>\n<\/ul>\n<h4><span class=\"ez-toc-section\" id=\"Medunarodna_zracna_luka_Rogue_Valley_Medford_-_IATA_Kod_-_MFR\"><\/span><span style=\"color: #2a2a2a;\">Me\u0111unarodna zra\u010dna luka Rogue Valley Medford<\/span> \u2013 IATA Kod \u2013 MFR<span class=\"ez-toc-section-end\"><\/span><\/h4>\n<ul>\n<li aria-level=\"1\">Gradovi u blizini: Medford (5.5 km)<\/li>\n<li aria-level=\"1\">Zrakoplovni prijevoznici: Alaska Airlines, American, Delta<\/li>\n<\/ul>\n<h4><span class=\"ez-toc-section\" id=\"Zracna_luka_opcine_Redmond_-_IATA_Kod_-_RDM\"><\/span><span style=\"color: #2a2a2a;\">Zra\u010dna luka op\u0107ine Redmond<\/span> \u2013 IATA Kod \u2013 RDM<span class=\"ez-toc-section-end\"><\/span><\/h4>\n<ul>\n<li aria-level=\"1\">Poznata i kao: Roberts Field<\/li>\n<li aria-level=\"1\">Gradovi u blizini: Redmond (4 km)<\/li>\n<li aria-level=\"1\">Zrakoplovni prijevoznici: Alaska Airlines, Allegiant Air, Delta<\/li>\n<\/ul>\n<h4><span class=\"ez-toc-section\" id=\"Regionalna_zracna_luka_Southwest_Oregon_-_IATA_Kod_-_OTH\"><\/span><span style=\"color: #2a2a2a;\">Regionalna zra\u010dna luka Southwest Oregon<\/span> \u2013 IATA Kod \u2013 OTH<span class=\"ez-toc-section-end\"><\/span><\/h4>\n<ul>\n<li aria-level=\"1\">Poznata i kao: Zra\u010dna luka op\u0107ine North Bend\u00a0<\/li>\n<li aria-level=\"1\">Gradovi u blizini: North Bend (2 km)<\/li>\n<li aria-level=\"1\">Zrakoplovni prijevoznici: United Express<\/li>\n<\/ul>\n<h3><span class=\"ez-toc-section\" id=\"Zracne_luke_u_susjednim_saveznim_drzavama\"><\/span>Zra\u010dne luke u susjednim saveznim dr\u017eavama<span class=\"ez-toc-section-end\"><\/span><\/h3>\n<table>\n<tbody>\n<tr>\n<td style=\"text-align: center;\">\n<p>Zra\u010dne luke u Washingtonu<\/p>\n<\/td>\n<td style=\"text-align: center;\">\n<p>Zra\u010dne luke u Kaliforniji<\/p>\n<\/td>\n<\/tr>\n<tr>\n<td style=\"text-align: center;\">\n<p>Zra\u010dne luke u Idahou<\/p>\n<\/td>\n<td style=\"text-align: center;\">\n<p>Zra\u010dne luke u Nevadi<\/p>\n<\/td>\n<\/tr>\n<\/tbody>\n<\/table>\n<h3><span class=\"ez-toc-section\" id=\"Karta_zracnih_luka_u_Oregonu\"><\/span>Karta zra\u010dnih luka u Oregonu<span class=\"ez-toc-section-end\"><\/span><\/h3>\n\n\n<iframe src=\"https:\/\/www.google.com\/maps\/d\/u\/0\/embed?mid=1R4VBkkTQ1PNpFs3kzxqSAOyJ4JSmlOk5\" width=\"640\" height=\"480\"><\/iframe>\n","protected":false},"excerpt":{"rendered":"<p>Kada govorimo o zra\u010dnim lukama u Oregonu, u osnovi postoji samo jednu prioritetnu zra\u010dnu luku za putnike. Kroz PDX godi\u0161nje pro\u0111e vi\u0161e od 20 milijuna putnika, a putnici su je proglasili 19. najboljom zra\u010dnom lukom na svijetu. Ostale zra\u010dne luke su regionalne i povezuju Oregonske gradove s ostalim gradovima Zapadne obale. Alaska Airlines uobi\u010dajeni je [&hellip;]<\/p>\n<p><a class=\"more-link btn btn-primary\" href=\"https:\/\/traveling.com\/hr\/blog\/zracne-luke-oregon\/\"> Continue reading&#8230;<\/a><\/p>\n","protected":false},"author":1,"featured_media":0,"parent":0,"menu_order":0,"comment_status":"closed","ping_status":"closed","template":"","meta":[],"yoast_head":"<!-- This site is optimized with the Yoast SEO plugin v19.8 - https:\/\/yoast.com\/wordpress\/plugins\/seo\/ -->\n<title>Zra\u010dne luke u Oregonu - IATA kodovi, karta i ostale informacije<\/title>\n<meta name=\"description\" content=\"Popis zra\u010dnih luka u saveznoj dr\u017eavi Oregon, IATA kodovi, karta lokacija zra\u010dnih luka i broj putnika godi\u0161nje u zra\u010dnim lukama u Oregonu.\" \/>\n<meta name=\"robots\" content=\"index, follow, max-snippet:-1, max-image-preview:large, max-video-preview:-1\" \/>\n<link rel=\"canonical\" href=\"https:\/\/traveling.com\/hr\/blog\/zracne-luke-oregon\/\" \/>\n<meta property=\"og:locale\" content=\"hr_HR\" \/>\n<meta property=\"og:type\" content=\"article\" \/>\n<meta property=\"og:title\" content=\"Zra\u010dne luke u Oregonu - IATA kodovi, karta i ostale informacije\" \/>\n<meta property=\"og:description\" content=\"Popis zra\u010dnih luka u saveznoj dr\u017eavi Oregon, IATA kodovi, karta lokacija zra\u010dnih luka i broj putnika godi\u0161nje u zra\u010dnim lukama u Oregonu.\" \/>\n<meta property=\"og:url\" content=\"https:\/\/traveling.com\/hr\/blog\/zracne-luke-oregon\/\" \/>\n<meta property=\"og:site_name\" content=\"Traveling.com Blog\" \/>\n<meta property=\"article:modified_time\" content=\"2025-03-24T11:00:14+00:00\" \/>\n<meta name=\"twitter:card\" content=\"summary_large_image\" \/>\n<meta name=\"twitter:label1\" content=\"Est. reading time\" \/>\n\t<meta name=\"twitter:data1\" content=\"2 minutes\" \/>\n<script type=\"application\/ld+json\" class=\"yoast-schema-graph\">{\"@context\":\"https:\/\/schema.org\",\"@graph\":[{\"@type\":\"WebPage\",\"@id\":\"https:\/\/traveling.com\/hr\/blog\/zracne-luke-oregon\/\",\"url\":\"https:\/\/traveling.com\/hr\/blog\/zracne-luke-oregon\/\",\"name\":\"Zra\u010dne luke u Oregonu - IATA kodovi, karta i ostale informacije\",\"isPartOf\":{\"@id\":\"https:\/\/traveling.com\/hr\/blog\/#website\"},\"datePublished\":\"2021-09-17T07:00:58+00:00\",\"dateModified\":\"2025-03-24T11:00:14+00:00\",\"description\":\"Popis zra\u010dnih luka u saveznoj dr\u017eavi Oregon, IATA kodovi, karta lokacija zra\u010dnih luka i broj putnika godi\u0161nje u zra\u010dnim lukama u Oregonu.\",\"breadcrumb\":{\"@id\":\"https:\/\/traveling.com\/hr\/blog\/zracne-luke-oregon\/#breadcrumb\"},\"inLanguage\":\"hr\",\"potentialAction\":[{\"@type\":\"ReadAction\",\"target\":[\"https:\/\/traveling.com\/hr\/blog\/zracne-luke-oregon\/\"]}]},{\"@type\":\"BreadcrumbList\",\"@id\":\"https:\/\/traveling.com\/hr\/blog\/zracne-luke-oregon\/#breadcrumb\",\"itemListElement\":[{\"@type\":\"ListItem\",\"position\":1,\"name\":\"Home\",\"item\":\"https:\/\/traveling.com\/hr\/blog\/\"},{\"@type\":\"ListItem\",\"position\":2,\"name\":\"Zra\u010dne luke u Oregonu\"}]},{\"@type\":\"WebSite\",\"@id\":\"https:\/\/traveling.com\/hr\/blog\/#website\",\"url\":\"https:\/\/traveling.com\/hr\/blog\/\",\"name\":\"Traveling.com Blog\",\"description\":\"Tvoj najbolji vodi\u010d na putovanju\",\"potentialAction\":[{\"@type\":\"SearchAction\",\"target\":{\"@type\":\"EntryPoint\",\"urlTemplate\":\"https:\/\/traveling.com\/hr\/blog\/?s={search_term_string}\"},\"query-input\":\"required name=search_term_string\"}],\"inLanguage\":\"hr\"}]}<\/script>\n<!-- \/ Yoast SEO plugin. -->","yoast_head_json":{"title":"Zra\u010dne luke u Oregonu - IATA kodovi, karta i ostale informacije","description":"Popis zra\u010dnih luka u saveznoj dr\u017eavi Oregon, IATA kodovi, karta lokacija zra\u010dnih luka i broj putnika godi\u0161nje u zra\u010dnim lukama u Oregonu.","robots":{"index":"index","follow":"follow","max-snippet":"max-snippet:-1","max-image-preview":"max-image-preview:large","max-video-preview":"max-video-preview:-1"},"canonical":"https:\/\/traveling.com\/hr\/blog\/zracne-luke-oregon\/","og_locale":"hr_HR","og_type":"article","og_title":"Zra\u010dne luke u Oregonu - IATA kodovi, karta i ostale informacije","og_description":"Popis zra\u010dnih luka u saveznoj dr\u017eavi Oregon, IATA kodovi, karta lokacija zra\u010dnih luka i broj putnika godi\u0161nje u zra\u010dnim lukama u Oregonu.","og_url":"https:\/\/traveling.com\/hr\/blog\/zracne-luke-oregon\/","og_site_name":"Traveling.com Blog","article_modified_time":"2025-03-24T11:00:14+00:00","twitter_card":"summary_large_image","twitter_misc":{"Est. reading time":"2 minutes"},"schema":{"@context":"https:\/\/schema.org","@graph":[{"@type":"WebPage","@id":"https:\/\/traveling.com\/hr\/blog\/zracne-luke-oregon\/","url":"https:\/\/traveling.com\/hr\/blog\/zracne-luke-oregon\/","name":"Zra\u010dne luke u Oregonu - IATA kodovi, karta i ostale informacije","isPartOf":{"@id":"https:\/\/traveling.com\/hr\/blog\/#website"},"datePublished":"2021-09-17T07:00:58+00:00","dateModified":"2025-03-24T11:00:14+00:00","description":"Popis zra\u010dnih luka u saveznoj dr\u017eavi Oregon, IATA kodovi, karta lokacija zra\u010dnih luka i broj putnika godi\u0161nje u zra\u010dnim lukama u Oregonu.","breadcrumb":{"@id":"https:\/\/traveling.com\/hr\/blog\/zracne-luke-oregon\/#breadcrumb"},"inLanguage":"hr","potentialAction":[{"@type":"ReadAction","target":["https:\/\/traveling.com\/hr\/blog\/zracne-luke-oregon\/"]}]},{"@type":"BreadcrumbList","@id":"https:\/\/traveling.com\/hr\/blog\/zracne-luke-oregon\/#breadcrumb","itemListElement":[{"@type":"ListItem","position":1,"name":"Home","item":"https:\/\/traveling.com\/hr\/blog\/"},{"@type":"ListItem","position":2,"name":"Zra\u010dne luke u Oregonu"}]},{"@type":"WebSite","@id":"https:\/\/traveling.com\/hr\/blog\/#website","url":"https:\/\/traveling.com\/hr\/blog\/","name":"Traveling.com Blog","description":"Tvoj najbolji vodi\u010d na putovanju","potentialAction":[{"@type":"SearchAction","target":{"@type":"EntryPoint","urlTemplate":"https:\/\/traveling.com\/hr\/blog\/?s={search_term_string}"},"query-input":"required name=search_term_string"}],"inLanguage":"hr"}]}},"_links":{"self":[{"href":"https:\/\/traveling.com\/hr\/blog\/wp-json\/wp\/v2\/pages\/11458"}],"collection":[{"href":"https:\/\/traveling.com\/hr\/blog\/wp-json\/wp\/v2\/pages"}],"about":[{"href":"https:\/\/traveling.com\/hr\/blog\/wp-json\/wp\/v2\/types\/page"}],"author":[{"embeddable":true,"href":"https:\/\/traveling.com\/hr\/blog\/wp-json\/wp\/v2\/users\/1"}],"replies":[{"embeddable":true,"href":"https:\/\/traveling.com\/hr\/blog\/wp-json\/wp\/v2\/comments?post=11458"}],"version-history":[{"count":1,"href":"https:\/\/traveling.com\/hr\/blog\/wp-json\/wp\/v2\/pages\/11458\/revisions"}],"predecessor-version":[{"id":11459,"href":"https:\/\/traveling.com\/hr\/blog\/wp-json\/wp\/v2\/pages\/11458\/revisions\/11459"}],"wp:attachment":[{"href":"https:\/\/traveling.com\/hr\/blog\/wp-json\/wp\/v2\/media?parent=11458"}],"curies":[{"name":"wp","href":"https:\/\/api.w.org\/{rel}","templated":true}]}}