{"id":11462,"date":"2021-09-15T09:00:52","date_gmt":"2021-09-15T07:00:52","guid":{"rendered":"https:\/\/getbybus.com\/hr\/blog\/?page_id=11462"},"modified":"2025-03-24T13:00:15","modified_gmt":"2025-03-24T11:00:15","slug":"zracne-luke-portoriko","status":"publish","type":"page","link":"https:\/\/traveling.com\/hr\/blog\/zracne-luke-portoriko\/","title":{"rendered":"Zra\u010dne luke u Portoriku"},"content":{"rendered":"<p><strong>Portoriko<\/strong> je popularno turisti\u010dko odredi\u0161te, pa nije neobi\u010dna \u010dinjenica kako pri putovanju u Portoriko mo\u017eete birati izme\u0111u nekoliko zra\u010dnih luka. Na otoku se nalazi <strong>8 zra\u010dnih luka<\/strong> koje nude redovne letove. Ispod mo\u017eete prona\u0107i popis svih zra\u010dnih luka, poredan prema broju putnika godi\u0161nje. Na kraju objave se nalazi i <strong>karta zra\u010dnih luka u Portoriku<\/strong>.<\/p>\n<h3><span class=\"ez-toc-section\" id=\"Popis_zracnih_luka\"><\/span>Popis zra\u010dnih luka<span class=\"ez-toc-section-end\"><\/span><\/h3>\n<h4><span class=\"ez-toc-section\" id=\"Medunarodna_zracna_luka_San_Juan_Luis_Munoz_Marin_-_IATA_Kod_-_SJU_8_M_Putnika\"><\/span><span style=\"color: #2a2a2a;\">Me\u0111unarodna zra\u010dna luka San Juan Luis Mu\u00f1oz Mar\u00edn<\/span> \u2013 IATA Kod \u2013 SJU (~ 8 M Putnika)<span class=\"ez-toc-section-end\"><\/span><\/h4>\n<p><strong>Zra\u010dna luka San Juan<\/strong> najve\u0107a je zra\u010dna luka u Portoriku, a nalazi se u predgra\u0111u Caroline, oko 5 km jugoisto\u010dno od San Juana. Kroz zra\u010dnu luku godi\u0161nje pro\u0111e oko 8 milijuna putnika, a uglavnom dolaze s zrakoplovnim prijevoznicima kao \u0161to su jetBlue, American i Southwest Airlines. Uz navedene i mnogi drugi zrakoplovni prijevoznici nude cjelogodi\u0161nje i sezonske letove. Zra\u010dna luka tako\u0111er slu\u017ei kao alternativa za one koji putuju na Karibe. \u0160to se ti\u010de prijevoza, putnici mogu birati izme\u0111u taksija i najma automobila.<\/p>\n<h4><span class=\"ez-toc-section\" id=\"Medunarodna_zracna_luka_Rafael_Hernandez_-_IATA_Kod_-_BQN\"><\/span><span style=\"color: #2a2a2a;\">Me\u0111unarodna zra\u010dna luka Rafael Hern\u00e1ndez<\/span> \u2013 IATA Kod \u2013 BQN<span class=\"ez-toc-section-end\"><\/span><\/h4>\n<ul>\n<li aria-level=\"1\">Gradovi u blizini: Aguadilla (9 km)<\/li>\n<li aria-level=\"1\">Zrakoplovni prijevoznici: jetBlue, Spirit, Prinair<\/li>\n<\/ul>\n<h4><span class=\"ez-toc-section\" id=\"Medunarodna_zracna_luka_Mercedita_-_IATA_Kod_-_AIM\"><\/span><span style=\"color: #2a2a2a;\">Me\u0111unarodna zra\u010dna luka Mercedita<\/span> \u2013 IATA Kod \u2013 AIM<span class=\"ez-toc-section-end\"><\/span><\/h4>\n<ul>\n<li aria-level=\"1\">Gradovi u blizini: Ponce (6 km)<\/li>\n<li aria-level=\"1\">Zrakoplovni prijevoznici: jetBlue<\/li>\n<\/ul>\n<h4><span class=\"ez-toc-section\" id=\"Zracna_luka_Antonio_Rivera_Rodriguez_-_IATA_Kod_-_VQS\"><\/span><span style=\"color: #2a2a2a;\">Zra\u010dna luka Antonio Rivera Rodr\u00edguez<\/span> \u2013 IATA Kod \u2013 VQS<span class=\"ez-toc-section-end\"><\/span><\/h4>\n<ul>\n<li aria-level=\"1\">Gradovi u blizini: Otok Vieques\u00a0<\/li>\n<li aria-level=\"1\">Zrakoplovni prijevoznici: Cape Air, Air Sunshine, Air Flamenco, Vieques Air Link<\/li>\n<\/ul>\n<h4><span class=\"ez-toc-section\" id=\"Zracna_luka_Jose_Aponte_de_la_Torre_-_IATA_Kod_-_NRR\"><\/span><span style=\"color: #2a2a2a;\">Zra\u010dna luka Jos\u00e9 Aponte de la Torre<\/span> \u2013 IATA Kod \u2013 NRR<span class=\"ez-toc-section-end\"><\/span><\/h4>\n<ul>\n<li aria-level=\"1\">Gradovi u blizini: Ceiba (4 km)<\/li>\n<li aria-level=\"1\">Zrakoplovni prijevoznici: Air Flamenco, Vieques Air Link<\/li>\n<\/ul>\n<h4><span class=\"ez-toc-section\" id=\"Zracna_luka_Benjamin_Rivera_Noriega_-_IATA_Kod_-_CPX\"><\/span><span style=\"color: #2a2a2a;\">Zra\u010dna luka Benjam\u00edn Rivera Noriega<\/span> \u2013 IATA Kod \u2013 CPX<span class=\"ez-toc-section-end\"><\/span><\/h4>\n<ul>\n<li aria-level=\"1\">Gradovi u blizini: Culebra Island<\/li>\n<li aria-level=\"1\">Zrakoplovni prijevoznici: Air Flamenco, Vieques Air Link, Cape Air<\/li>\n<\/ul>\n<h4><span class=\"ez-toc-section\" id=\"Zracna_luka_Fernando_Luis_Ribas_Dominicci_-_IATA_Kod_-_SIG\"><\/span><span style=\"color: #2a2a2a;\">Zra\u010dna luka Fernando Luis Ribas Dominicci<\/span> \u2013 IATA Kod \u2013 SIG<span class=\"ez-toc-section-end\"><\/span><\/h4>\n<ul>\n<li aria-level=\"1\">Poznata i kao: Zra\u010dna luka Isla Grande\u00a0<\/li>\n<li aria-level=\"1\">Gradovi u blizini: Otok Tinian\u00a0<\/li>\n<li aria-level=\"1\">Zrakoplovni prijevoznici: Air Flamenco, Vieques Air Link<\/li>\n<\/ul>\n<h4><span class=\"ez-toc-section\" id=\"Zracna_luka_Eugenio_Maria_de_Hostos_-_IATA_Kod_-_MAZ\"><\/span><span style=\"color: #2a2a2a;\">Zra\u010dna luka Eugenio Mar\u00eda de Hostos<\/span> \u2013 IATA Kod \u2013 MAZ<span class=\"ez-toc-section-end\"><\/span><\/h4>\n<ul>\n<li aria-level=\"1\">Gradovi u blizini: Mayag\u00fcez (6 km)<\/li>\n<li aria-level=\"1\">Zrakoplovni prijevoznici: Cape Air<\/li>\n<\/ul>\n<h3><span class=\"ez-toc-section\" id=\"Karta_zracnih_luka_u_Portoriku\"><\/span>Karta zra\u010dnih luka u Portoriku<span class=\"ez-toc-section-end\"><\/span><\/h3>\n\n\n<iframe src=\"https:\/\/www.google.com\/maps\/d\/u\/0\/embed?mid=10ICR9S8-tr1hLYq1dnMZNMTXVkCZXltT\" width=\"640\" height=\"480\"><\/iframe>\n","protected":false},"excerpt":{"rendered":"<p>Portoriko je popularno turisti\u010dko odredi\u0161te, pa nije neobi\u010dna \u010dinjenica kako pri putovanju u Portoriko mo\u017eete birati izme\u0111u nekoliko zra\u010dnih luka. Na otoku se nalazi 8 zra\u010dnih luka koje nude redovne letove. Ispod mo\u017eete prona\u0107i popis svih zra\u010dnih luka, poredan prema broju putnika godi\u0161nje. Na kraju objave se nalazi i karta zra\u010dnih luka u Portoriku. Popis [&hellip;]<\/p>\n<p><a class=\"more-link btn btn-primary\" href=\"https:\/\/traveling.com\/hr\/blog\/zracne-luke-portoriko\/\"> Continue reading&#8230;<\/a><\/p>\n","protected":false},"author":1,"featured_media":0,"parent":0,"menu_order":0,"comment_status":"closed","ping_status":"closed","template":"","meta":[],"yoast_head":"<!-- This site is optimized with the Yoast SEO plugin v19.8 - https:\/\/yoast.com\/wordpress\/plugins\/seo\/ -->\n<title>Zra\u010dne luke u Portoriku - IATA kodovi, karta i ostale informacije<\/title>\n<meta name=\"description\" content=\"Popis zra\u010dnih luka u Potroriku s brojevima putnika godi\u0161nje i IATA kodovima. Karta svih me\u0111unarodnih i doma\u0107ih zra\u010dnih luka u Potroriku.\" \/>\n<meta name=\"robots\" content=\"index, follow, max-snippet:-1, max-image-preview:large, max-video-preview:-1\" \/>\n<link rel=\"canonical\" href=\"https:\/\/traveling.com\/hr\/blog\/zracne-luke-portoriko\/\" \/>\n<meta property=\"og:locale\" content=\"hr_HR\" \/>\n<meta property=\"og:type\" content=\"article\" \/>\n<meta property=\"og:title\" content=\"Zra\u010dne luke u Portoriku - IATA kodovi, karta i ostale informacije\" \/>\n<meta property=\"og:description\" content=\"Popis zra\u010dnih luka u Potroriku s brojevima putnika godi\u0161nje i IATA kodovima. Karta svih me\u0111unarodnih i doma\u0107ih zra\u010dnih luka u Potroriku.\" \/>\n<meta property=\"og:url\" content=\"https:\/\/traveling.com\/hr\/blog\/zracne-luke-portoriko\/\" \/>\n<meta property=\"og:site_name\" content=\"Traveling.com Blog\" \/>\n<meta property=\"article:modified_time\" content=\"2025-03-24T11:00:15+00:00\" \/>\n<meta name=\"twitter:card\" content=\"summary_large_image\" \/>\n<meta name=\"twitter:label1\" content=\"Est. reading time\" \/>\n\t<meta name=\"twitter:data1\" content=\"2 minutes\" \/>\n<script type=\"application\/ld+json\" class=\"yoast-schema-graph\">{\"@context\":\"https:\/\/schema.org\",\"@graph\":[{\"@type\":\"WebPage\",\"@id\":\"https:\/\/traveling.com\/hr\/blog\/zracne-luke-portoriko\/\",\"url\":\"https:\/\/traveling.com\/hr\/blog\/zracne-luke-portoriko\/\",\"name\":\"Zra\u010dne luke u Portoriku - IATA kodovi, karta i ostale informacije\",\"isPartOf\":{\"@id\":\"https:\/\/traveling.com\/hr\/blog\/#website\"},\"datePublished\":\"2021-09-15T07:00:52+00:00\",\"dateModified\":\"2025-03-24T11:00:15+00:00\",\"description\":\"Popis zra\u010dnih luka u Potroriku s brojevima putnika godi\u0161nje i IATA kodovima. Karta svih me\u0111unarodnih i doma\u0107ih zra\u010dnih luka u Potroriku.\",\"breadcrumb\":{\"@id\":\"https:\/\/traveling.com\/hr\/blog\/zracne-luke-portoriko\/#breadcrumb\"},\"inLanguage\":\"hr\",\"potentialAction\":[{\"@type\":\"ReadAction\",\"target\":[\"https:\/\/traveling.com\/hr\/blog\/zracne-luke-portoriko\/\"]}]},{\"@type\":\"BreadcrumbList\",\"@id\":\"https:\/\/traveling.com\/hr\/blog\/zracne-luke-portoriko\/#breadcrumb\",\"itemListElement\":[{\"@type\":\"ListItem\",\"position\":1,\"name\":\"Home\",\"item\":\"https:\/\/traveling.com\/hr\/blog\/\"},{\"@type\":\"ListItem\",\"position\":2,\"name\":\"Zra\u010dne luke u Portoriku\"}]},{\"@type\":\"WebSite\",\"@id\":\"https:\/\/traveling.com\/hr\/blog\/#website\",\"url\":\"https:\/\/traveling.com\/hr\/blog\/\",\"name\":\"Traveling.com Blog\",\"description\":\"Tvoj najbolji vodi\u010d na putovanju\",\"potentialAction\":[{\"@type\":\"SearchAction\",\"target\":{\"@type\":\"EntryPoint\",\"urlTemplate\":\"https:\/\/traveling.com\/hr\/blog\/?s={search_term_string}\"},\"query-input\":\"required name=search_term_string\"}],\"inLanguage\":\"hr\"}]}<\/script>\n<!-- \/ Yoast SEO plugin. -->","yoast_head_json":{"title":"Zra\u010dne luke u Portoriku - IATA kodovi, karta i ostale informacije","description":"Popis zra\u010dnih luka u Potroriku s brojevima putnika godi\u0161nje i IATA kodovima. Karta svih me\u0111unarodnih i doma\u0107ih zra\u010dnih luka u Potroriku.","robots":{"index":"index","follow":"follow","max-snippet":"max-snippet:-1","max-image-preview":"max-image-preview:large","max-video-preview":"max-video-preview:-1"},"canonical":"https:\/\/traveling.com\/hr\/blog\/zracne-luke-portoriko\/","og_locale":"hr_HR","og_type":"article","og_title":"Zra\u010dne luke u Portoriku - IATA kodovi, karta i ostale informacije","og_description":"Popis zra\u010dnih luka u Potroriku s brojevima putnika godi\u0161nje i IATA kodovima. Karta svih me\u0111unarodnih i doma\u0107ih zra\u010dnih luka u Potroriku.","og_url":"https:\/\/traveling.com\/hr\/blog\/zracne-luke-portoriko\/","og_site_name":"Traveling.com Blog","article_modified_time":"2025-03-24T11:00:15+00:00","twitter_card":"summary_large_image","twitter_misc":{"Est. reading time":"2 minutes"},"schema":{"@context":"https:\/\/schema.org","@graph":[{"@type":"WebPage","@id":"https:\/\/traveling.com\/hr\/blog\/zracne-luke-portoriko\/","url":"https:\/\/traveling.com\/hr\/blog\/zracne-luke-portoriko\/","name":"Zra\u010dne luke u Portoriku - IATA kodovi, karta i ostale informacije","isPartOf":{"@id":"https:\/\/traveling.com\/hr\/blog\/#website"},"datePublished":"2021-09-15T07:00:52+00:00","dateModified":"2025-03-24T11:00:15+00:00","description":"Popis zra\u010dnih luka u Potroriku s brojevima putnika godi\u0161nje i IATA kodovima. Karta svih me\u0111unarodnih i doma\u0107ih zra\u010dnih luka u Potroriku.","breadcrumb":{"@id":"https:\/\/traveling.com\/hr\/blog\/zracne-luke-portoriko\/#breadcrumb"},"inLanguage":"hr","potentialAction":[{"@type":"ReadAction","target":["https:\/\/traveling.com\/hr\/blog\/zracne-luke-portoriko\/"]}]},{"@type":"BreadcrumbList","@id":"https:\/\/traveling.com\/hr\/blog\/zracne-luke-portoriko\/#breadcrumb","itemListElement":[{"@type":"ListItem","position":1,"name":"Home","item":"https:\/\/traveling.com\/hr\/blog\/"},{"@type":"ListItem","position":2,"name":"Zra\u010dne luke u Portoriku"}]},{"@type":"WebSite","@id":"https:\/\/traveling.com\/hr\/blog\/#website","url":"https:\/\/traveling.com\/hr\/blog\/","name":"Traveling.com Blog","description":"Tvoj najbolji vodi\u010d na putovanju","potentialAction":[{"@type":"SearchAction","target":{"@type":"EntryPoint","urlTemplate":"https:\/\/traveling.com\/hr\/blog\/?s={search_term_string}"},"query-input":"required name=search_term_string"}],"inLanguage":"hr"}]}},"_links":{"self":[{"href":"https:\/\/traveling.com\/hr\/blog\/wp-json\/wp\/v2\/pages\/11462"}],"collection":[{"href":"https:\/\/traveling.com\/hr\/blog\/wp-json\/wp\/v2\/pages"}],"about":[{"href":"https:\/\/traveling.com\/hr\/blog\/wp-json\/wp\/v2\/types\/page"}],"author":[{"embeddable":true,"href":"https:\/\/traveling.com\/hr\/blog\/wp-json\/wp\/v2\/users\/1"}],"replies":[{"embeddable":true,"href":"https:\/\/traveling.com\/hr\/blog\/wp-json\/wp\/v2\/comments?post=11462"}],"version-history":[{"count":2,"href":"https:\/\/traveling.com\/hr\/blog\/wp-json\/wp\/v2\/pages\/11462\/revisions"}],"predecessor-version":[{"id":11465,"href":"https:\/\/traveling.com\/hr\/blog\/wp-json\/wp\/v2\/pages\/11462\/revisions\/11465"}],"wp:attachment":[{"href":"https:\/\/traveling.com\/hr\/blog\/wp-json\/wp\/v2\/media?parent=11462"}],"curies":[{"name":"wp","href":"https:\/\/api.w.org\/{rel}","templated":true}]}}