{"id":11466,"date":"2021-09-18T09:00:55","date_gmt":"2021-09-18T07:00:55","guid":{"rendered":"https:\/\/getbybus.com\/hr\/blog\/?page_id=11466"},"modified":"2025-03-24T13:00:15","modified_gmt":"2025-03-24T11:00:15","slug":"zracne-luke-quebec","status":"publish","type":"page","link":"https:\/\/traveling.com\/hr\/blog\/zracne-luke-quebec\/","title":{"rendered":"Zra\u010dne luke u Quebecu"},"content":{"rendered":"<p>Provincija Quebec druga je kanadska provincija po broju stanovnika. U Quebecu se nalazi <strong>vi\u0161e od 40 zra\u010dnih luka<\/strong>, a mnoge manje se nalaze u manje gustom sjevernom dijelu pokrajine. Ispod mo\u017eete prona\u0107i neke osnovne informacije o zra\u010dnim lukama u Quebecu, kao i kartu zra\u010dnih luka u Quebecu.<\/p>\n<h3><span class=\"ez-toc-section\" id=\"Popis_zracnih_luka\"><\/span>Popis zra\u010dnih luka<span class=\"ez-toc-section-end\"><\/span><\/h3>\n<h4><span class=\"ez-toc-section\" id=\"Meduanrodna_zracna_luka_Elliott_Trudeau_-_IATA_Kod_YUL_20_M_Putnika\"><\/span><span style=\"color: #2a2a2a;\">Me\u0111uanrodna zra\u010dna luka Elliott Trudeau<\/span> \u2013 IATA Kod: YUL (~ 20 M Putnika)<span class=\"ez-toc-section-end\"><\/span><\/h4>\n<p>Zra\u010dna luka Montr\u00e9al \u2013 Trudeau tre\u0107a je po broju putnika zra\u010dna luka u Kanadi, a nalazi se 18 km zapadno od centra Montreala. Zra\u010dna luka jedno je od glavnih \u010dvori\u0161ta za Air Canadu, Air Canada Express, Air Canada Rouge i Air Transat, a svi nude velik broj doma\u0107ih i me\u0111unarodnih letova. Ukupno oko 35 zrakoplovnih prijevoznika obavlja letove prema razli\u010ditim svjetskim destinacijama. Prijevoz izme\u0111u zra\u010dne luke i centra Montreala, kao i predgra\u0111a i gradova u blizini dobro je organiziran.<\/p>\n<h4><span class=\"ez-toc-section\" id=\"Zracna_luka_Quebec_City_-_IATA_Kod_YQB_18_M_Putnika\"><\/span><span style=\"color: #2a2a2a;\">Zra\u010dna luka Qu\u00e9bec City<\/span> \u2013 IATA Kod: YQB (~ 1.8 M Putnika)<span class=\"ez-toc-section-end\"><\/span><\/h4>\n<p>Me\u0111unarodna zra\u010dna luka Jean Lesage druga je najve\u0107a zra\u010dna luka u Quebecu. Nalazi se 14 km zapadno od centra grada Quebeca. Otprilike 10 zrakoplovnih prijevoznika nudio redovne letove od zra\u010dne luke do doma\u0107ih i me\u0111unarodnih destinacija, a najvi\u0161e polazaka imaju Air Transat i Sunwing Airlines. Zra\u010dna luka nudi velik broj sezonskih letova, uglavnom do destinacija na Karibima. Autobusne linije 76 i 80 povezuju zra\u010dnu luku s gradom.<\/p>\n<h4><span class=\"ez-toc-section\" id=\"Zracna_luka_Sept-Iles_-_IATA_Kod_YZV_01_M_Putnika\"><\/span><span style=\"color: #2a2a2a;\">Zra\u010dna luka Sept-\u00celes<\/span> \u2013 IATA Kod: YZV (~ 0.1 M Putnika)<span class=\"ez-toc-section-end\"><\/span><\/h4>\n<p>Zra\u010dna luka Sept-\u00celes manja je doma\u0107a zra\u010dna luka, a nalazi se 9 km isto\u010dno od centra grada Sept-\u00celes. Zra\u010dna luka nudi cjelogodi\u0161nje redovne letove prema oko 15 kanadskih zra\u010dnih luka, a najbolje su povezani Montr\u00e9al \u2013 Trudeau i Quebec City. Zrakoplovni prijevoznici koji nude redovne letove iz zra\u010dne luke su Air Canada Express, Air Inuit, Air Liaison, PAL Airlines, Pascan Aviation. Izme\u0111u zra\u010dne luke i grada ne postoji organizirani javni prijevoz.<\/p>\n<h3><span class=\"ez-toc-section\" id=\"Manje_zracne_luke\"><\/span>Manje zra\u010dne luke\u00a0<span class=\"ez-toc-section-end\"><\/span><\/h3>\n<h4><span class=\"ez-toc-section\" id=\"Zracna_luka_Akulivik_-_IATA_Kod_AKV\"><\/span><span style=\"color: #2a2a2a;\">Zra\u010dna luka Akulivik<\/span> \u2013 IATA Kod: AKV<span class=\"ez-toc-section-end\"><\/span><\/h4>\n<ul>\n<li aria-level=\"1\">Gradovi u blizini: Akulivik<\/li>\n<li aria-level=\"1\">Zrakoplovni prijevoznici: Air Inuit<\/li>\n<\/ul>\n<h4><span class=\"ez-toc-section\" id=\"Zracna_luka_Aupaluk_-_IATA_Kod_YPJ\"><\/span><span style=\"color: #2a2a2a;\">Zra\u010dna luka Aupaluk<\/span> \u2013 IATA Kod: YPJ<span class=\"ez-toc-section-end\"><\/span><\/h4>\n<ul>\n<li aria-level=\"1\">Gradovi u blizini: Aupaluk<\/li>\n<li aria-level=\"1\">Zrakoplovni prijevoznici: Air Inuit<\/li>\n<\/ul>\n<h4><span class=\"ez-toc-section\" id=\"Zracna_luka_Baie-Comeau_-_IATA_Kod_YBC\"><\/span><span style=\"color: #2a2a2a;\">Zra\u010dna luka Baie-Comeau<\/span> \u2013 IATA Kod: YBC<span class=\"ez-toc-section-end\"><\/span><\/h4>\n<ul>\n<li aria-level=\"1\">Gradovi u blizini: Baie-Comeau (18 km)<\/li>\n<li aria-level=\"1\">Zrakoplovni prijevoznici: Air Canada Express, Air Liaison<\/li>\n<\/ul>\n<h4><span class=\"ez-toc-section\" id=\"Zracna_luka_Bonaventure_-_IATA_Kod_YVB\"><\/span><span style=\"color: #2a2a2a;\">Zra\u010dna luka Bonaventure<\/span> \u2013 IATA Kod: YVB<span class=\"ez-toc-section-end\"><\/span><\/h4>\n<ul>\n<li aria-level=\"1\">Gradovi u blizini: Bonaventure (5 km)<\/li>\n<li aria-level=\"1\">Zrakoplovni prijevoznici: Pascan Aviation<\/li>\n<\/ul>\n<h4><span class=\"ez-toc-section\" id=\"Zracna_luka_Chevery_-_IATA_Kod_YHR\"><\/span><span style=\"color: #2a2a2a;\">Zra\u010dna luka Chevery<\/span> \u2013 IATA Kod: YHR<span class=\"ez-toc-section-end\"><\/span><\/h4>\n<ul>\n<li aria-level=\"1\">Gradovi u blizini: Chevery (2 km)<\/li>\n<li aria-level=\"1\">Zrakoplovni prijevoznici: PAL Airlines<\/li>\n<\/ul>\n<h4><span class=\"ez-toc-section\" id=\"Zracna_luka_ChibougamauChapais_-_IATA_Kod_YMT\"><\/span><span style=\"color: #2a2a2a;\">Zra\u010dna luka Chibougamau\/Chapais<\/span> \u2013 IATA Kod: YMT<span class=\"ez-toc-section-end\"><\/span><\/h4>\n<ul>\n<li aria-level=\"1\">Gradovi u blizini: Chibougamau (21 km), Chapais (27 km)<\/li>\n<li aria-level=\"1\">Zrakoplovni prijevoznici: Air Creebec<\/li>\n<\/ul>\n<h4><span class=\"ez-toc-section\" id=\"Zracna_luka_Chisasibi_-_IATA_Kod_YKU\"><\/span><span style=\"color: #2a2a2a;\">Zra\u010dna luka Chisasibi<\/span> \u2013 IATA Kod: YKU<span class=\"ez-toc-section-end\"><\/span><\/h4>\n<ul>\n<li aria-level=\"1\">Gradovi u blizini: Chisasibi (1 km)<\/li>\n<li aria-level=\"1\">Zrakoplovni prijevoznici: Air Creebec<\/li>\n<\/ul>\n<h4><span class=\"ez-toc-section\" id=\"Zracna_luka_Eastmain_River_-_IATA_Kod_ZEM\"><\/span><span style=\"color: #2a2a2a;\">Zra\u010dna luka Eastmain River<\/span> \u2013 IATA Kod: ZEM<span class=\"ez-toc-section-end\"><\/span><\/h4>\n<ul>\n<li aria-level=\"1\">Gradovi u blizini: Eastmain (1 km)<\/li>\n<li aria-level=\"1\">Zrakoplovni prijevoznici: Air Creebec<\/li>\n<\/ul>\n<h4><span class=\"ez-toc-section\" id=\"Zracna_luka_Gaspe_-_IATA_Kod_YGP\"><\/span><span style=\"color: #2a2a2a;\">Zra\u010dna luka Gasp\u00e9<\/span> \u2013 IATA Kod: YGP<span class=\"ez-toc-section-end\"><\/span><\/h4>\n<ul>\n<li aria-level=\"1\">Poznata i kao: Zra\u010dna luka Michel-Pouliot Gasp\u00e9\u00a0<\/li>\n<li aria-level=\"1\">Gradovi u blizini: Gasp\u00e9 (9 km)<\/li>\n<li aria-level=\"1\">Zrakoplovni prijevoznici: Air Canada Express<\/li>\n<\/ul>\n<h4><span class=\"ez-toc-section\" id=\"Zracna_luka_Gatineau-Ottawa_Executive_-_IATA_Kod_YND\"><\/span><span style=\"color: #2a2a2a;\">Zra\u010dna luka Gatineau-Ottawa Executive<\/span> \u2013 IATA Kod: YND<span class=\"ez-toc-section-end\"><\/span><\/h4>\n<ul>\n<li aria-level=\"1\">Poznata i kao: Zra\u010dna luka Ottawa\/Gatineau\u00a0<\/li>\n<li aria-level=\"1\">Gradovi u blizini: Gatineau (16 km), Ottawa (24 km)<\/li>\n<li aria-level=\"1\">Zrakoplovni prijevoznici: Air Liaison, NextJet Canada (Propair)<\/li>\n<\/ul>\n<h4><span class=\"ez-toc-section\" id=\"Zracna_luka_Havre_Saint-Pierre_-_IATA_Kod_YGV\"><\/span><span style=\"color: #2a2a2a;\">Zra\u010dna luka Havre Saint-Pierre<\/span> \u2013 IATA Kod: YGV<span class=\"ez-toc-section-end\"><\/span><\/h4>\n<ul>\n<li aria-level=\"1\">Gradovi u blizini: Havre-Saint-Pierre (5 km)<\/li>\n<li aria-level=\"1\">Zrakoplovni prijevoznici: Air Liaison<\/li>\n<\/ul>\n<h4><span class=\"ez-toc-section\" id=\"Zracna_luka_Iles-de-la-Madeleine_-_IATA_Kod_YGR\"><\/span><span style=\"color: #2a2a2a;\">Zra\u010dna luka \u00celes-de-la-Madeleine<\/span> \u2013 IATA Kod: YGR<span class=\"ez-toc-section-end\"><\/span><\/h4>\n<ul>\n<li aria-level=\"1\">Gradovi u blizini:\u00a0<\/li>\n<li aria-level=\"1\">Zrakoplovni prijevoznici: Air Canada Express, Air Saint-Pierre, Pascan Aviation<\/li>\n<\/ul>\n<h4><span class=\"ez-toc-section\" id=\"Zracna_luka_Inukjuak_-_IATA_Kod_YPH\"><\/span><span style=\"color: #2a2a2a;\">Zra\u010dna luka Inukjuak<\/span> \u2013 IATA Kod: YPH<span class=\"ez-toc-section-end\"><\/span><\/h4>\n<ul>\n<li aria-level=\"1\">Gradovi u blizini: Inukjuak (2 km)<\/li>\n<li aria-level=\"1\">Zrakoplovni prijevoznici: Air Inuit<\/li>\n<\/ul>\n<h4><span class=\"ez-toc-section\" id=\"Zracna_luka_Ivujivik_-_IATA_Kod_YIK\"><\/span><span style=\"color: #2a2a2a;\">Zra\u010dna luka Ivujivik<\/span> \u2013 IATA Kod: YIK<span class=\"ez-toc-section-end\"><\/span><\/h4>\n<ul>\n<li aria-level=\"1\">Gradovi u blizini: Ivujivik<\/li>\n<li aria-level=\"1\">Zrakoplovni prijevoznici: Air Inuit<\/li>\n<\/ul>\n<h4><span class=\"ez-toc-section\" id=\"Zracna_luka_Kangiqsualujjuaq_Zracna_luka_Georges_River_-_IATA_Kod_XGR\"><\/span><span style=\"color: #2a2a2a;\">Zra\u010dna luka Kangiqsualujjuaq \/ Zra\u010dna luka Georges River<\/span> \u2013 IATA Kod: XGR<span class=\"ez-toc-section-end\"><\/span><\/h4>\n<ul>\n<li aria-level=\"1\">Gradovi u blizini: Kangiqsualujjuaq (2 km)<\/li>\n<li aria-level=\"1\">Zrakoplovni prijevoznici: Air Inuit<\/li>\n<\/ul>\n<h4><span class=\"ez-toc-section\" id=\"Zracna_luka_Kangirsuk_-_IATA_Kod_YKG\"><\/span><span style=\"color: #2a2a2a;\">Zra\u010dna luka Kangirsuk<\/span> \u2013 IATA Kod: YKG<span class=\"ez-toc-section-end\"><\/span><\/h4>\n<ul>\n<li aria-level=\"1\">Gradovi u blizini:\u00a0<\/li>\n<li aria-level=\"1\">Zrakoplovni prijevoznici: Air Inuit<\/li>\n<\/ul>\n<h4><span class=\"ez-toc-section\" id=\"Zracna_luka_KattiniqDonaldson_-_IATA_Kod_YAU\"><\/span><span style=\"color: #2a2a2a;\">Zra\u010dna luka Kattiniq\/Donaldson<\/span> \u2013 IATA Kod: YAU<span class=\"ez-toc-section-end\"><\/span><\/h4>\n<ul>\n<li aria-level=\"1\">Gradovi u blizini: Katinniq (23 km)<\/li>\n<li aria-level=\"1\">Zrakoplovni prijevoznici: Air Inuit<\/li>\n<\/ul>\n<h4><span class=\"ez-toc-section\" id=\"Zracna_luka_Kuujjuaq_-_IATA_Kod_YVP\"><\/span><span style=\"color: #2a2a2a;\">Zra\u010dna luka Kuujjuaq<\/span> \u2013 IATA Kod: YVP<span class=\"ez-toc-section-end\"><\/span><\/h4>\n<ul>\n<li aria-level=\"1\">Gradovi u blizini: Kuujjuaq (1.5 km)<\/li>\n<li aria-level=\"1\">Zrakoplovni prijevoznici: Air Inuit, Canadian North<\/li>\n<\/ul>\n<h4><span class=\"ez-toc-section\" id=\"Zracna_luka_Kuujjuarapik_-_IATA_Kod_YGW\"><\/span><span style=\"color: #2a2a2a;\">Zra\u010dna luka Kuujjuarapik<\/span> \u2013 IATA Kod: YGW<span class=\"ez-toc-section-end\"><\/span><\/h4>\n<ul>\n<li aria-level=\"1\">Gradovi u blizini: Kuujjuarapik<\/li>\n<li aria-level=\"1\">Zrakoplovni prijevoznici: Air Creebec, Air Inuit<\/li>\n<\/ul>\n<h4><span class=\"ez-toc-section\" id=\"Zracna_luka_La_Grande_Riviere_-_IATA_Kod_YGL\"><\/span><span style=\"color: #2a2a2a;\">Zra\u010dna luka La Grande Rivi\u00e8re<\/span> \u2013 IATA Kod: YGL<span class=\"ez-toc-section-end\"><\/span><\/h4>\n<ul>\n<li aria-level=\"1\">Gradovi u blizini:\u00a0<\/li>\n<li aria-level=\"1\">Zrakoplovni prijevoznici: Air Inuit<\/li>\n<\/ul>\n<h4><span class=\"ez-toc-section\" id=\"Zracna_luka_La_Romaine_-_IATA_Kod_ZGS\"><\/span><span style=\"color: #2a2a2a;\">Zra\u010dna luka La Romaine<\/span> \u2013 IATA Kod: ZGS<span class=\"ez-toc-section-end\"><\/span><\/h4>\n<ul>\n<li aria-level=\"1\">Gradovi u blizini: La Romaine (7 km)<\/li>\n<li aria-level=\"1\">Zrakoplovni prijevoznici: Air Liaison, PAL Airlines<\/li>\n<\/ul>\n<h4><span class=\"ez-toc-section\" id=\"Zracna_luka_La_Tabatiere_-_IATA_Kod_ZLT\"><\/span><span style=\"color: #2a2a2a;\">Zra\u010dna luka La Tabati\u00e8re<\/span> \u2013 IATA Kod: ZLT<span class=\"ez-toc-section-end\"><\/span><\/h4>\n<ul>\n<li aria-level=\"1\">Gradovi u blizini:\u00a0<\/li>\n<li aria-level=\"1\">Zrakoplovni prijevoznici: PAL Airlines<\/li>\n<\/ul>\n<h4><span class=\"ez-toc-section\" id=\"Zracna_luka_Lourdes-de-Blanc-Sablon_-_IATA_Kod_YBX\"><\/span><span style=\"color: #2a2a2a;\">Zra\u010dna luka Lourdes-de-Blanc-Sablon<\/span> \u2013 IATA Kod: YBX<span class=\"ez-toc-section-end\"><\/span><\/h4>\n<ul>\n<li aria-level=\"1\">Gradovi u blizini: Lourdes-de-Blanc-Sablon (5 km)<\/li>\n<li aria-level=\"1\">Zrakoplovni prijevoznici: Air Liaison, PAL Airlines<\/li>\n<\/ul>\n<h4><span class=\"ez-toc-section\" id=\"Zracna_luka_Mont-Joli_-_IATA_Kod_YYY\"><\/span><span style=\"color: #2a2a2a;\">Zra\u010dna luka Mont-Joli<\/span> \u2013 IATA Kod: YYY<span class=\"ez-toc-section-end\"><\/span><\/h4>\n<ul>\n<li aria-level=\"1\">Gradovi u blizini: Mont-Joli (3 Km), Rimouski (35 km)<\/li>\n<li aria-level=\"1\">Zrakoplovni prijevoznici:\u00a0 Air Canada Express, Air Inuit, Chrono Aviation, PAL Airlines, Pascan Aviation, Sunwing Airlines<\/li>\n<\/ul>\n<h4><span class=\"ez-toc-section\" id=\"Zracna_luka_MontrealSaint-Hubert_-_IATA_Kod_YHU\"><\/span><span style=\"color: #2a2a2a;\">Zra\u010dna luka Montr\u00e9al\/Saint-Hubert<\/span> \u2013 IATA Kod: YHU<span class=\"ez-toc-section-end\"><\/span><\/h4>\n<ul>\n<li aria-level=\"1\">Gradovi u blizini: Saint-Hubert (2 km), Montreal (14 km)<\/li>\n<li aria-level=\"1\">Zrakoplovni prijevoznici: Pascan Aviation<\/li>\n<\/ul>\n<h4><span class=\"ez-toc-section\" id=\"Zracna_luka_Natashquan_-_IATA_Kod_YNA\"><\/span><span style=\"color: #2a2a2a;\">Zra\u010dna luka Natashquan<\/span> \u2013 IATA Kod: YNA<span class=\"ez-toc-section-end\"><\/span><\/h4>\n<ul>\n<li aria-level=\"1\">Gradovi u blizini: Natashquan (3.5 km), Les Galets (2.5 km)<\/li>\n<li aria-level=\"1\">Zrakoplovni prijevoznici: Air Liaison, PAL Airlines<\/li>\n<\/ul>\n<h4><span class=\"ez-toc-section\" id=\"Zracna_luka_Nemiscau_-_IATA_Kod_YNS\"><\/span><span style=\"color: #2a2a2a;\">Zra\u010dna luka Nemiscau<\/span> \u2013 IATA Kod: YNS<span class=\"ez-toc-section-end\"><\/span><\/h4>\n<ul>\n<li aria-level=\"1\">Gradovi u blizini:\u00a0<\/li>\n<li aria-level=\"1\">Zrakoplovni prijevoznici: Air Creebec<\/li>\n<\/ul>\n<h4><span class=\"ez-toc-section\" id=\"Zracna_luka_Port-Menier_-_IATA_Kod_YPN\"><\/span><span style=\"color: #2a2a2a;\">Zra\u010dna luka Port-Menier<\/span> \u2013 IATA Kod: YPN<span class=\"ez-toc-section-end\"><\/span><\/h4>\n<ul>\n<li aria-level=\"1\">Gradovi u blizini: Port-Menier (7 km)<\/li>\n<li aria-level=\"1\">Zrakoplovni prijevoznici: Air Inuit, Air Liaison, Chrono Aviation<\/li>\n<\/ul>\n<h4><span class=\"ez-toc-section\" id=\"Zracna_luka_Quaqtaq_-_IATA_Kod_YQC\"><\/span><span style=\"color: #2a2a2a;\">Zra\u010dna luka Quaqtaq<\/span> \u2013 IATA Kod: YQC<span class=\"ez-toc-section-end\"><\/span><\/h4>\n<ul>\n<li aria-level=\"1\">Gradovi u blizini: Quaqtaq<\/li>\n<li aria-level=\"1\">Zrakoplovni prijevoznici: Air Inuit<\/li>\n<\/ul>\n<h4><span class=\"ez-toc-section\" id=\"Rouyn-Noranda_-_IATA_Kod_YUY\"><\/span><span style=\"color: #2a2a2a;\">Rouyn-Noranda<\/span> \u2013 IATA Kod: YUY<span class=\"ez-toc-section-end\"><\/span><\/h4>\n<ul>\n<li aria-level=\"1\">Gradovi u blizini: Rouyn-Noranda (15 km)<\/li>\n<li aria-level=\"1\">Zrakoplovni prijevoznici: Air Canada Express, Air Creebec, Air Liaison, Glencore, Hydro-Quebec<\/li>\n<\/ul>\n<h4><span class=\"ez-toc-section\" id=\"Zracna_luka_Saint-Augustin_-_IATA_Kod_YIF\"><\/span><span style=\"color: #2a2a2a;\">Zra\u010dna luka Saint-Augustin<\/span> \u2013 IATA Kod: YIF<span class=\"ez-toc-section-end\"><\/span><\/h4>\n<ul>\n<li aria-level=\"1\">Gradovi u blizini: Saint-Augustin (2 km)<\/li>\n<li aria-level=\"1\">Zrakoplovni prijevoznici: Air Liaison, PAL Airlines<\/li>\n<\/ul>\n<h4><span class=\"ez-toc-section\" id=\"Zracna_luka_Salluit_-_IATA_Kod_YZG\"><\/span><span style=\"color: #2a2a2a;\">Zra\u010dna luka Salluit<\/span> \u2013 IATA Kod: YZG<span class=\"ez-toc-section-end\"><\/span><\/h4>\n<ul>\n<li aria-level=\"1\">Gradovi u blizini: Salluit (3 km)<\/li>\n<li aria-level=\"1\">Zrakoplovni prijevoznici: Air Inuit<\/li>\n<\/ul>\n<h4><span class=\"ez-toc-section\" id=\"Zracna_luka_Schefferville_-_IATA_Kod_YKL\"><\/span><span style=\"color: #2a2a2a;\">Zra\u010dna luka Schefferville<\/span> \u2013 IATA Kod: YKL<span class=\"ez-toc-section-end\"><\/span><\/h4>\n<ul>\n<li aria-level=\"1\">Gradovi u blizini: Schefferville\u00a0<\/li>\n<li aria-level=\"1\">Zrakoplovni prijevoznici: Air Inuit<\/li>\n<\/ul>\n<h4><span class=\"ez-toc-section\" id=\"Zracna_luka_Tasiujaq_-_IATA_Kod_YTQ\"><\/span><span style=\"color: #2a2a2a;\">Zra\u010dna luka Tasiujaq<\/span> \u2013 IATA Kod: YTQ<span class=\"ez-toc-section-end\"><\/span><\/h4>\n<ul>\n<li aria-level=\"1\">Gradovi u blizini: Tasiujaq (3 km)<\/li>\n<li aria-level=\"1\">Zrakoplovni prijevoznici: Air Inuit<\/li>\n<\/ul>\n<h4><span class=\"ez-toc-section\" id=\"Zracna_luka_Tete-a-La-Baleine_-_IATA_Kod_ZTB\"><\/span><span style=\"color: #2a2a2a;\">Zra\u010dna luka T\u00eate-\u00e0-La-Baleine<\/span> \u2013 IATA Kod: ZTB<span class=\"ez-toc-section-end\"><\/span><\/h4>\n<ul>\n<li aria-level=\"1\">Gradovi u blizini:\u00a0<\/li>\n<li aria-level=\"1\">Zrakoplovni prijevoznici: PAL Airlines<\/li>\n<\/ul>\n<h4><span class=\"ez-toc-section\" id=\"Zracna_luka_Umiujaq_-_IATA_Kod_YUD\"><\/span><span style=\"color: #2a2a2a;\">Zra\u010dna luka Umiujaq<\/span> \u2013 IATA Kod: YUD<span class=\"ez-toc-section-end\"><\/span><\/h4>\n<ul>\n<li aria-level=\"1\">Gradovi u blizini: Umiujaq (2 km)<\/li>\n<li aria-level=\"1\">Zrakoplovni prijevoznici: Air Inuit<\/li>\n<\/ul>\n<h4><span class=\"ez-toc-section\" id=\"Zracna_luka_Val-dOr_-_IATA_Kod_YVO\"><\/span><span style=\"color: #2a2a2a;\">Zra\u010dna luka Val-d\u2019Or<\/span> \u2013 IATA Kod: YVO<span class=\"ez-toc-section-end\"><\/span><\/h4>\n<ul>\n<li aria-level=\"1\">Gradovi u blizini: Val-d\u2019Or (5 km)<\/li>\n<li aria-level=\"1\">Zrakoplovni prijevoznici: Air Canada Express, Air Creebec, Air Inuit, Nolinor Aviation, Sunwing Airlines<\/li>\n<\/ul>\n<h4><span class=\"ez-toc-section\" id=\"Zracna_luka_Waskaganish_-_IATA_Kod_YKQ\"><\/span><span style=\"color: #2a2a2a;\">Zra\u010dna luka Waskaganish<\/span> \u2013 IATA Kod: YKQ<span class=\"ez-toc-section-end\"><\/span><\/h4>\n<ul>\n<li aria-level=\"1\">Gradovi u blizini: Waskaganish\u00a0<\/li>\n<li aria-level=\"1\">Zrakoplovni prijevoznici: Air Creebec<\/li>\n<\/ul>\n<h4><span class=\"ez-toc-section\" id=\"Zracna_luka_Wemindji_-_IATA_Kod_YNC\"><\/span><span style=\"color: #2a2a2a;\">Zra\u010dna luka Wemindji<\/span> \u2013 IATA Kod: YNC<span class=\"ez-toc-section-end\"><\/span><\/h4>\n<ul>\n<li aria-level=\"1\">Gradovi u blizini: Wemindji (1.5 km)<\/li>\n<li aria-level=\"1\">Zrakoplovni prijevoznici: Air Creebec<\/li>\n<\/ul>\n<h3><span class=\"ez-toc-section\" id=\"Zracne_luke_u_susjednim_provincijama\"><\/span>Zra\u010dne luke u susjednim provincijama<span class=\"ez-toc-section-end\"><\/span><\/h3>\n<table>\n<tbody>\n<tr>\n<td style=\"text-align: center;\">\n<p>Zra\u010dne luke u Ontariju<\/p>\n<\/td>\n<td style=\"text-align: center;\">\n<p>Zra\u010dne luke u Novom Brunswicku<\/p>\n<\/td>\n<td style=\"text-align: center;\">\n<p>Zra\u010dne luke u Newfoundlandu and Labradoru<\/p>\n<\/td>\n<\/tr>\n<\/tbody>\n<\/table>\n<h3><span class=\"ez-toc-section\" id=\"Karta_zracnih_luka_u_Quebecu\"><\/span>Karta zra\u010dnih luka u Quebecu<span class=\"ez-toc-section-end\"><\/span><\/h3>\n\n\n<iframe src=\"https:\/\/www.google.com\/maps\/d\/u\/1\/embed?mid=1v_xp4Zt6Blnwo_pY8ElHE6LgAaDjg5yS\" width=\"640\" height=\"480\"><\/iframe>\n","protected":false},"excerpt":{"rendered":"<p>Provincija Quebec druga je kanadska provincija po broju stanovnika. U Quebecu se nalazi vi\u0161e od 40 zra\u010dnih luka, a mnoge manje se nalaze u manje gustom sjevernom dijelu pokrajine. Ispod mo\u017eete prona\u0107i neke osnovne informacije o zra\u010dnim lukama u Quebecu, kao i kartu zra\u010dnih luka u Quebecu. Popis zra\u010dnih luka Me\u0111uanrodna zra\u010dna luka Elliott Trudeau [&hellip;]<\/p>\n<p><a class=\"more-link btn btn-primary\" href=\"https:\/\/traveling.com\/hr\/blog\/zracne-luke-quebec\/\"> Continue reading&#8230;<\/a><\/p>\n","protected":false},"author":1,"featured_media":0,"parent":0,"menu_order":0,"comment_status":"closed","ping_status":"closed","template":"","meta":[],"yoast_head":"<!-- This site is optimized with the Yoast SEO plugin v19.8 - https:\/\/yoast.com\/wordpress\/plugins\/seo\/ -->\n<title>Zra\u010dne luke u Quebecu - IATA kodovi, karta i ostale informacije<\/title>\n<meta name=\"description\" content=\"Popis zra\u010dnih luka u Quebecu s brojevima putnika godi\u0161nje i IATA kodovima. Karta svih me\u0111unarodnih i doma\u0107ih zra\u010dnih luka u Quebecu.\" \/>\n<meta name=\"robots\" content=\"index, follow, max-snippet:-1, max-image-preview:large, max-video-preview:-1\" \/>\n<link rel=\"canonical\" href=\"https:\/\/traveling.com\/hr\/blog\/zracne-luke-quebec\/\" \/>\n<meta property=\"og:locale\" content=\"hr_HR\" \/>\n<meta property=\"og:type\" content=\"article\" \/>\n<meta property=\"og:title\" content=\"Zra\u010dne luke u Quebecu - IATA kodovi, karta i ostale informacije\" \/>\n<meta property=\"og:description\" content=\"Popis zra\u010dnih luka u Quebecu s brojevima putnika godi\u0161nje i IATA kodovima. Karta svih me\u0111unarodnih i doma\u0107ih zra\u010dnih luka u Quebecu.\" \/>\n<meta property=\"og:url\" content=\"https:\/\/traveling.com\/hr\/blog\/zracne-luke-quebec\/\" \/>\n<meta property=\"og:site_name\" content=\"Traveling.com Blog\" \/>\n<meta property=\"article:modified_time\" content=\"2025-03-24T11:00:15+00:00\" \/>\n<meta name=\"twitter:card\" content=\"summary_large_image\" \/>\n<meta name=\"twitter:label1\" content=\"Est. reading time\" \/>\n\t<meta name=\"twitter:data1\" content=\"5 minutes\" \/>\n<script type=\"application\/ld+json\" class=\"yoast-schema-graph\">{\"@context\":\"https:\/\/schema.org\",\"@graph\":[{\"@type\":\"WebPage\",\"@id\":\"https:\/\/traveling.com\/hr\/blog\/zracne-luke-quebec\/\",\"url\":\"https:\/\/traveling.com\/hr\/blog\/zracne-luke-quebec\/\",\"name\":\"Zra\u010dne luke u Quebecu - IATA kodovi, karta i ostale informacije\",\"isPartOf\":{\"@id\":\"https:\/\/traveling.com\/hr\/blog\/#website\"},\"datePublished\":\"2021-09-18T07:00:55+00:00\",\"dateModified\":\"2025-03-24T11:00:15+00:00\",\"description\":\"Popis zra\u010dnih luka u Quebecu s brojevima putnika godi\u0161nje i IATA kodovima. Karta svih me\u0111unarodnih i doma\u0107ih zra\u010dnih luka u Quebecu.\",\"breadcrumb\":{\"@id\":\"https:\/\/traveling.com\/hr\/blog\/zracne-luke-quebec\/#breadcrumb\"},\"inLanguage\":\"hr\",\"potentialAction\":[{\"@type\":\"ReadAction\",\"target\":[\"https:\/\/traveling.com\/hr\/blog\/zracne-luke-quebec\/\"]}]},{\"@type\":\"BreadcrumbList\",\"@id\":\"https:\/\/traveling.com\/hr\/blog\/zracne-luke-quebec\/#breadcrumb\",\"itemListElement\":[{\"@type\":\"ListItem\",\"position\":1,\"name\":\"Home\",\"item\":\"https:\/\/traveling.com\/hr\/blog\/\"},{\"@type\":\"ListItem\",\"position\":2,\"name\":\"Zra\u010dne luke u Quebecu\"}]},{\"@type\":\"WebSite\",\"@id\":\"https:\/\/traveling.com\/hr\/blog\/#website\",\"url\":\"https:\/\/traveling.com\/hr\/blog\/\",\"name\":\"Traveling.com Blog\",\"description\":\"Tvoj najbolji vodi\u010d na putovanju\",\"potentialAction\":[{\"@type\":\"SearchAction\",\"target\":{\"@type\":\"EntryPoint\",\"urlTemplate\":\"https:\/\/traveling.com\/hr\/blog\/?s={search_term_string}\"},\"query-input\":\"required name=search_term_string\"}],\"inLanguage\":\"hr\"}]}<\/script>\n<!-- \/ Yoast SEO plugin. -->","yoast_head_json":{"title":"Zra\u010dne luke u Quebecu - IATA kodovi, karta i ostale informacije","description":"Popis zra\u010dnih luka u Quebecu s brojevima putnika godi\u0161nje i IATA kodovima. Karta svih me\u0111unarodnih i doma\u0107ih zra\u010dnih luka u Quebecu.","robots":{"index":"index","follow":"follow","max-snippet":"max-snippet:-1","max-image-preview":"max-image-preview:large","max-video-preview":"max-video-preview:-1"},"canonical":"https:\/\/traveling.com\/hr\/blog\/zracne-luke-quebec\/","og_locale":"hr_HR","og_type":"article","og_title":"Zra\u010dne luke u Quebecu - IATA kodovi, karta i ostale informacije","og_description":"Popis zra\u010dnih luka u Quebecu s brojevima putnika godi\u0161nje i IATA kodovima. Karta svih me\u0111unarodnih i doma\u0107ih zra\u010dnih luka u Quebecu.","og_url":"https:\/\/traveling.com\/hr\/blog\/zracne-luke-quebec\/","og_site_name":"Traveling.com Blog","article_modified_time":"2025-03-24T11:00:15+00:00","twitter_card":"summary_large_image","twitter_misc":{"Est. reading time":"5 minutes"},"schema":{"@context":"https:\/\/schema.org","@graph":[{"@type":"WebPage","@id":"https:\/\/traveling.com\/hr\/blog\/zracne-luke-quebec\/","url":"https:\/\/traveling.com\/hr\/blog\/zracne-luke-quebec\/","name":"Zra\u010dne luke u Quebecu - IATA kodovi, karta i ostale informacije","isPartOf":{"@id":"https:\/\/traveling.com\/hr\/blog\/#website"},"datePublished":"2021-09-18T07:00:55+00:00","dateModified":"2025-03-24T11:00:15+00:00","description":"Popis zra\u010dnih luka u Quebecu s brojevima putnika godi\u0161nje i IATA kodovima. Karta svih me\u0111unarodnih i doma\u0107ih zra\u010dnih luka u Quebecu.","breadcrumb":{"@id":"https:\/\/traveling.com\/hr\/blog\/zracne-luke-quebec\/#breadcrumb"},"inLanguage":"hr","potentialAction":[{"@type":"ReadAction","target":["https:\/\/traveling.com\/hr\/blog\/zracne-luke-quebec\/"]}]},{"@type":"BreadcrumbList","@id":"https:\/\/traveling.com\/hr\/blog\/zracne-luke-quebec\/#breadcrumb","itemListElement":[{"@type":"ListItem","position":1,"name":"Home","item":"https:\/\/traveling.com\/hr\/blog\/"},{"@type":"ListItem","position":2,"name":"Zra\u010dne luke u Quebecu"}]},{"@type":"WebSite","@id":"https:\/\/traveling.com\/hr\/blog\/#website","url":"https:\/\/traveling.com\/hr\/blog\/","name":"Traveling.com Blog","description":"Tvoj najbolji vodi\u010d na putovanju","potentialAction":[{"@type":"SearchAction","target":{"@type":"EntryPoint","urlTemplate":"https:\/\/traveling.com\/hr\/blog\/?s={search_term_string}"},"query-input":"required name=search_term_string"}],"inLanguage":"hr"}]}},"_links":{"self":[{"href":"https:\/\/traveling.com\/hr\/blog\/wp-json\/wp\/v2\/pages\/11466"}],"collection":[{"href":"https:\/\/traveling.com\/hr\/blog\/wp-json\/wp\/v2\/pages"}],"about":[{"href":"https:\/\/traveling.com\/hr\/blog\/wp-json\/wp\/v2\/types\/page"}],"author":[{"embeddable":true,"href":"https:\/\/traveling.com\/hr\/blog\/wp-json\/wp\/v2\/users\/1"}],"replies":[{"embeddable":true,"href":"https:\/\/traveling.com\/hr\/blog\/wp-json\/wp\/v2\/comments?post=11466"}],"version-history":[{"count":1,"href":"https:\/\/traveling.com\/hr\/blog\/wp-json\/wp\/v2\/pages\/11466\/revisions"}],"predecessor-version":[{"id":11467,"href":"https:\/\/traveling.com\/hr\/blog\/wp-json\/wp\/v2\/pages\/11466\/revisions\/11467"}],"wp:attachment":[{"href":"https:\/\/traveling.com\/hr\/blog\/wp-json\/wp\/v2\/media?parent=11466"}],"curies":[{"name":"wp","href":"https:\/\/api.w.org\/{rel}","templated":true}]}}