{"id":11474,"date":"2021-09-19T09:00:10","date_gmt":"2021-09-19T07:00:10","guid":{"rendered":"https:\/\/getbybus.com\/hr\/blog\/?page_id=11474"},"modified":"2025-03-24T13:00:16","modified_gmt":"2025-03-24T11:00:16","slug":"zracne-luke-sjeverna-dakota","status":"publish","type":"page","link":"https:\/\/traveling.com\/hr\/blog\/zracne-luke-sjeverna-dakota\/","title":{"rendered":"Zra\u010dne luke u Sjevernoj Dakoti"},"content":{"rendered":"<p>Sjeverna Dakota trenutno ima <strong>8 zra\u010dnih luka <\/strong>koje nude redovne dnevne letove. Sve su male i <i>nonhub<\/i> zra\u010dne luke Sjeverne Dakote. Zra\u010dna luka Hector je najprometnija, a slijede je Zra\u010dna luka Bismarck i Minot. Navedene tri zra\u010dne luke nose najve\u0107i broj putnika, oko 2 milijuna godi\u0161nje. U nastavku smo naveli sve zra\u010dne luke u Sjevernoj Dakoti, zajedno s kartom svih zra\u010dnih luka u Sjevernoj Dakoti.<\/p>\n<h3><span class=\"ez-toc-section\" id=\"Popis_zracnih_luka\"><\/span>Popis zra\u010dnih luka<span class=\"ez-toc-section-end\"><\/span><\/h3>\n<h4><span class=\"ez-toc-section\" id=\"Medunarodna_zracna_luka_Hector_-_IATA_Kod_-_FAR_1_M_Putnika\"><\/span><span style=\"color: #2a2a2a;\">Me\u0111unarodna zra\u010dna luka Hector<\/span> \u2013 IATA Kod \u2013 FAR (~ 1 M Putnika)<span class=\"ez-toc-section-end\"><\/span><\/h4>\n<p><strong>Zra\u010dna luka Hector<\/strong> jedna je od ameri\u010dkih zra\u010dnih luka s malim \u010dvori\u0161tem, a opslu\u017euje grad Fargo i Cass County u sjevernoj Dakoti. Najprometnija je zra\u010dna luka u dr\u017eavi, a 7 zrakoplovnih prijevoznika trenutno nude na stotine letova dnevno. Minneapolis i Chicago najpopularnije su destinacije tijekom cijele godine, ali u ponudi su i sezonski letovi. Zra\u010dna luka FAR nalazi se oko 7 kilometara sjeverno od Farga, a do grada se mo\u017ee do\u0107i autobusom, vlakom, taksijem i unajmljenim automobilom.<\/p>\n<h4><span class=\"ez-toc-section\" id=\"Zracna_luka_opcine_Bismarck_-_IATA_Kod_-_BIS\"><\/span><span style=\"color: #2a2a2a;\">Zra\u010dna luka op\u0107ine Bismarck<\/span> \u2013 IATA Kod \u2013 BIS<span class=\"ez-toc-section-end\"><\/span><\/h4>\n<ul>\n<li aria-level=\"1\">Gradovi u blizini: Bismarck (5 km)<\/li>\n<li aria-level=\"1\">Zrakoplovni prijevoznici: American Eagle, Allegiant Air, Delta<\/li>\n<\/ul>\n<h4><span class=\"ez-toc-section\" id=\"Medunarodna_zracna_luka_Minot_-_IATA_Kod_-_MOT\"><\/span><span style=\"color: #2a2a2a;\">Me\u0111unarodna zra\u010dna luka Minot<\/span> \u2013 IATA Kod \u2013 MOT<span class=\"ez-toc-section-end\"><\/span><\/h4>\n<ul>\n<li aria-level=\"1\">Gradovi u blizini: Minot (3.5 km)<\/li>\n<li aria-level=\"1\">Zrakoplovni prijevoznici: United, Allegiant Air, Delta<\/li>\n<\/ul>\n<h4><span class=\"ez-toc-section\" id=\"Medunarodna_zracna_luka_Grand_Forks_-_IATA_Kod_-_GFK\"><\/span><span style=\"color: #2a2a2a;\">Me\u0111unarodna zra\u010dna luka Grand Forks<\/span> \u2013 IATA Kod \u2013 GFK<span class=\"ez-toc-section-end\"><\/span><\/h4>\n<ul>\n<li aria-level=\"1\">Poznata i kao: Me\u0111unarodna zra\u010dna luka Mark Andrews<\/li>\n<li aria-level=\"1\">Gradovi u blizini: Grand Forks (8 km)<\/li>\n<li aria-level=\"1\">Zrakoplovni prijevoznici: Delta, Allegiant Air<\/li>\n<\/ul>\n<h4><span class=\"ez-toc-section\" id=\"Medunarodna_zracna_luka_Sloulin_Field_-_IATA_Kod_-_ISN\"><\/span><span style=\"color: #2a2a2a;\">Me\u0111unarodna zra\u010dna luka Sloulin Field<\/span> \u2013 IATA Kod \u2013 ISN<span class=\"ez-toc-section-end\"><\/span><\/h4>\n<ul>\n<li aria-level=\"1\">Gradovi u blizini: Williston (3.5 km)<\/li>\n<li aria-level=\"1\">Zrakoplovni prijevoznici: Delta, United Express<\/li>\n<\/ul>\n<h4><span class=\"ez-toc-section\" id=\"Regionalna_zracna_luka_Dickinson_Theodore_Roosevelt_-_IATA_Kod_-_DIK\"><\/span><span style=\"color: #2a2a2a;\">Regionalna zra\u010dna luka Dickinson Theodore Roosevelt<\/span> \u2013 IATA Kod \u2013 DIK<span class=\"ez-toc-section-end\"><\/span><\/h4>\n<ul>\n<li aria-level=\"1\">Gradovi u blizini: Dickinson (9 km)<\/li>\n<li aria-level=\"1\">Zrakoplovni prijevoznici: United Express<\/li>\n<\/ul>\n<h4><span class=\"ez-toc-section\" id=\"Regionalna_zracna_luka_Jamestown_-_IATA_Kod_-_JMS\"><\/span><span style=\"color: #2a2a2a;\">Regionalna zra\u010dna luka Jamestown<\/span> \u2013 IATA Kod \u2013 JMS<span class=\"ez-toc-section-end\"><\/span><\/h4>\n<ul>\n<li aria-level=\"1\">Gradovi u blizini: Jamestown (4 km)<\/li>\n<li aria-level=\"1\">Zrakoplovni prijevoznici: United Express<\/li>\n<\/ul>\n<h4><span class=\"ez-toc-section\" id=\"Regionalna_zracna_luka_Devils_Lake_-_IATA_Kod_-_DVL\"><\/span><span style=\"color: #2a2a2a;\">Regionalna zra\u010dna luka Devils Lake<\/span> \u2013 IATA Kod \u2013 DVL<span class=\"ez-toc-section-end\"><\/span><\/h4>\n<ul>\n<li aria-level=\"1\">Gradovi u blizini: Devils Lake (4 km)<\/li>\n<li aria-level=\"1\">Zrakoplovni prijevoznici: United Express<\/li>\n<\/ul>\n<h4><span class=\"ez-toc-section\" id=\"Medunarodna_zracna_luka_Williston_Basin_-_IATA_Kod_-_XWA\"><\/span><span style=\"color: #2a2a2a;\">Me\u0111unarodna zra\u010dna luka Williston Basin<\/span> \u2013 IATA Kod \u2013 XWA<span class=\"ez-toc-section-end\"><\/span><\/h4>\n<ul>\n<li aria-level=\"1\">Gradovi u blizini: Williston (16 km)<\/li>\n<li aria-level=\"1\">Zrakoplovni prijevoznici: United Express, Delta Connection<\/li>\n<\/ul>\n<h3><span class=\"ez-toc-section\" id=\"Zracne_luke_u_susjednim_saveznim_drzavama\"><\/span>Zra\u010dne luke u susjednim saveznim dr\u017eavama<span class=\"ez-toc-section-end\"><\/span><\/h3>\n<table>\n<tbody>\n<tr>\n<td style=\"text-align: center;\">Zra\u010dne luke u Ju\u017enoj Dakoti<\/td>\n<td style=\"text-align: center;\">Zra\u010dne luke u Minnesoti<\/td>\n<td style=\"text-align: center;\">Zra\u010dne luke u Montani<\/td>\n<\/tr>\n<\/tbody>\n<\/table>\n<h3><span class=\"ez-toc-section\" id=\"Karta_zracnih_luka_u_Sjevernoj_Dakoti\"><\/span>Karta zra\u010dnih luka u Sjevernoj Dakoti<span class=\"ez-toc-section-end\"><\/span><\/h3>\n<p>&lt;iframe src=&#8221;https:\/\/www.google.com\/maps\/d\/u\/0\/embed?mid=14jkPkyxviMOGitFKEQA3pbOPxwQoGw3F&#8221; width=&#8221;640&#8243; height=&#8221;480&#8243;&gt;&lt;\/iframe&gt;<\/p>\n","protected":false},"excerpt":{"rendered":"<p>Sjeverna Dakota trenutno ima 8 zra\u010dnih luka koje nude redovne dnevne letove. Sve su male i nonhub zra\u010dne luke Sjeverne Dakote. Zra\u010dna luka Hector je najprometnija, a slijede je Zra\u010dna luka Bismarck i Minot. Navedene tri zra\u010dne luke nose najve\u0107i broj putnika, oko 2 milijuna godi\u0161nje. U nastavku smo naveli sve zra\u010dne luke u Sjevernoj [&hellip;]<\/p>\n<p><a class=\"more-link btn btn-primary\" href=\"https:\/\/traveling.com\/hr\/blog\/zracne-luke-sjeverna-dakota\/\"> Continue reading&#8230;<\/a><\/p>\n","protected":false},"author":1,"featured_media":0,"parent":0,"menu_order":0,"comment_status":"closed","ping_status":"closed","template":"","meta":[],"yoast_head":"<!-- This site is optimized with the Yoast SEO plugin v19.8 - https:\/\/yoast.com\/wordpress\/plugins\/seo\/ -->\n<title>Zra\u010dne luke u Sjevernoj Dakoti - IATA kodovi, karta i ostale informacije<\/title>\n<meta name=\"description\" content=\"Popis zra\u010dnih luka u Sjevernoj Dakoti, IATA kodovi, karta lokacija zra\u010dnih luka i broj putnika godi\u0161nje u zra\u010dnim lukama u Sjevernoj Dakoti.\" \/>\n<meta name=\"robots\" content=\"index, follow, max-snippet:-1, max-image-preview:large, max-video-preview:-1\" \/>\n<link rel=\"canonical\" href=\"https:\/\/traveling.com\/hr\/blog\/zracne-luke-sjeverna-dakota\/\" \/>\n<meta property=\"og:locale\" content=\"hr_HR\" \/>\n<meta property=\"og:type\" content=\"article\" \/>\n<meta property=\"og:title\" content=\"Zra\u010dne luke u Sjevernoj Dakoti - IATA kodovi, karta i ostale informacije\" \/>\n<meta property=\"og:description\" content=\"Popis zra\u010dnih luka u Sjevernoj Dakoti, IATA kodovi, karta lokacija zra\u010dnih luka i broj putnika godi\u0161nje u zra\u010dnim lukama u Sjevernoj Dakoti.\" \/>\n<meta property=\"og:url\" content=\"https:\/\/traveling.com\/hr\/blog\/zracne-luke-sjeverna-dakota\/\" \/>\n<meta property=\"og:site_name\" content=\"Traveling.com Blog\" \/>\n<meta property=\"article:modified_time\" content=\"2025-03-24T11:00:16+00:00\" \/>\n<meta name=\"twitter:card\" content=\"summary_large_image\" \/>\n<meta name=\"twitter:label1\" content=\"Est. reading time\" \/>\n\t<meta name=\"twitter:data1\" content=\"2 minutes\" \/>\n<script type=\"application\/ld+json\" class=\"yoast-schema-graph\">{\"@context\":\"https:\/\/schema.org\",\"@graph\":[{\"@type\":\"WebPage\",\"@id\":\"https:\/\/traveling.com\/hr\/blog\/zracne-luke-sjeverna-dakota\/\",\"url\":\"https:\/\/traveling.com\/hr\/blog\/zracne-luke-sjeverna-dakota\/\",\"name\":\"Zra\u010dne luke u Sjevernoj Dakoti - IATA kodovi, karta i ostale informacije\",\"isPartOf\":{\"@id\":\"https:\/\/traveling.com\/hr\/blog\/#website\"},\"datePublished\":\"2021-09-19T07:00:10+00:00\",\"dateModified\":\"2025-03-24T11:00:16+00:00\",\"description\":\"Popis zra\u010dnih luka u Sjevernoj Dakoti, IATA kodovi, karta lokacija zra\u010dnih luka i broj putnika godi\u0161nje u zra\u010dnim lukama u Sjevernoj Dakoti.\",\"breadcrumb\":{\"@id\":\"https:\/\/traveling.com\/hr\/blog\/zracne-luke-sjeverna-dakota\/#breadcrumb\"},\"inLanguage\":\"hr\",\"potentialAction\":[{\"@type\":\"ReadAction\",\"target\":[\"https:\/\/traveling.com\/hr\/blog\/zracne-luke-sjeverna-dakota\/\"]}]},{\"@type\":\"BreadcrumbList\",\"@id\":\"https:\/\/traveling.com\/hr\/blog\/zracne-luke-sjeverna-dakota\/#breadcrumb\",\"itemListElement\":[{\"@type\":\"ListItem\",\"position\":1,\"name\":\"Home\",\"item\":\"https:\/\/traveling.com\/hr\/blog\/\"},{\"@type\":\"ListItem\",\"position\":2,\"name\":\"Zra\u010dne luke u Sjevernoj Dakoti\"}]},{\"@type\":\"WebSite\",\"@id\":\"https:\/\/traveling.com\/hr\/blog\/#website\",\"url\":\"https:\/\/traveling.com\/hr\/blog\/\",\"name\":\"Traveling.com Blog\",\"description\":\"Tvoj najbolji vodi\u010d na putovanju\",\"potentialAction\":[{\"@type\":\"SearchAction\",\"target\":{\"@type\":\"EntryPoint\",\"urlTemplate\":\"https:\/\/traveling.com\/hr\/blog\/?s={search_term_string}\"},\"query-input\":\"required name=search_term_string\"}],\"inLanguage\":\"hr\"}]}<\/script>\n<!-- \/ Yoast SEO plugin. -->","yoast_head_json":{"title":"Zra\u010dne luke u Sjevernoj Dakoti - IATA kodovi, karta i ostale informacije","description":"Popis zra\u010dnih luka u Sjevernoj Dakoti, IATA kodovi, karta lokacija zra\u010dnih luka i broj putnika godi\u0161nje u zra\u010dnim lukama u Sjevernoj Dakoti.","robots":{"index":"index","follow":"follow","max-snippet":"max-snippet:-1","max-image-preview":"max-image-preview:large","max-video-preview":"max-video-preview:-1"},"canonical":"https:\/\/traveling.com\/hr\/blog\/zracne-luke-sjeverna-dakota\/","og_locale":"hr_HR","og_type":"article","og_title":"Zra\u010dne luke u Sjevernoj Dakoti - IATA kodovi, karta i ostale informacije","og_description":"Popis zra\u010dnih luka u Sjevernoj Dakoti, IATA kodovi, karta lokacija zra\u010dnih luka i broj putnika godi\u0161nje u zra\u010dnim lukama u Sjevernoj Dakoti.","og_url":"https:\/\/traveling.com\/hr\/blog\/zracne-luke-sjeverna-dakota\/","og_site_name":"Traveling.com Blog","article_modified_time":"2025-03-24T11:00:16+00:00","twitter_card":"summary_large_image","twitter_misc":{"Est. reading time":"2 minutes"},"schema":{"@context":"https:\/\/schema.org","@graph":[{"@type":"WebPage","@id":"https:\/\/traveling.com\/hr\/blog\/zracne-luke-sjeverna-dakota\/","url":"https:\/\/traveling.com\/hr\/blog\/zracne-luke-sjeverna-dakota\/","name":"Zra\u010dne luke u Sjevernoj Dakoti - IATA kodovi, karta i ostale informacije","isPartOf":{"@id":"https:\/\/traveling.com\/hr\/blog\/#website"},"datePublished":"2021-09-19T07:00:10+00:00","dateModified":"2025-03-24T11:00:16+00:00","description":"Popis zra\u010dnih luka u Sjevernoj Dakoti, IATA kodovi, karta lokacija zra\u010dnih luka i broj putnika godi\u0161nje u zra\u010dnim lukama u Sjevernoj Dakoti.","breadcrumb":{"@id":"https:\/\/traveling.com\/hr\/blog\/zracne-luke-sjeverna-dakota\/#breadcrumb"},"inLanguage":"hr","potentialAction":[{"@type":"ReadAction","target":["https:\/\/traveling.com\/hr\/blog\/zracne-luke-sjeverna-dakota\/"]}]},{"@type":"BreadcrumbList","@id":"https:\/\/traveling.com\/hr\/blog\/zracne-luke-sjeverna-dakota\/#breadcrumb","itemListElement":[{"@type":"ListItem","position":1,"name":"Home","item":"https:\/\/traveling.com\/hr\/blog\/"},{"@type":"ListItem","position":2,"name":"Zra\u010dne luke u Sjevernoj Dakoti"}]},{"@type":"WebSite","@id":"https:\/\/traveling.com\/hr\/blog\/#website","url":"https:\/\/traveling.com\/hr\/blog\/","name":"Traveling.com Blog","description":"Tvoj najbolji vodi\u010d na putovanju","potentialAction":[{"@type":"SearchAction","target":{"@type":"EntryPoint","urlTemplate":"https:\/\/traveling.com\/hr\/blog\/?s={search_term_string}"},"query-input":"required name=search_term_string"}],"inLanguage":"hr"}]}},"_links":{"self":[{"href":"https:\/\/traveling.com\/hr\/blog\/wp-json\/wp\/v2\/pages\/11474"}],"collection":[{"href":"https:\/\/traveling.com\/hr\/blog\/wp-json\/wp\/v2\/pages"}],"about":[{"href":"https:\/\/traveling.com\/hr\/blog\/wp-json\/wp\/v2\/types\/page"}],"author":[{"embeddable":true,"href":"https:\/\/traveling.com\/hr\/blog\/wp-json\/wp\/v2\/users\/1"}],"replies":[{"embeddable":true,"href":"https:\/\/traveling.com\/hr\/blog\/wp-json\/wp\/v2\/comments?post=11474"}],"version-history":[{"count":3,"href":"https:\/\/traveling.com\/hr\/blog\/wp-json\/wp\/v2\/pages\/11474\/revisions"}],"predecessor-version":[{"id":11494,"href":"https:\/\/traveling.com\/hr\/blog\/wp-json\/wp\/v2\/pages\/11474\/revisions\/11494"}],"wp:attachment":[{"href":"https:\/\/traveling.com\/hr\/blog\/wp-json\/wp\/v2\/media?parent=11474"}],"curies":[{"name":"wp","href":"https:\/\/api.w.org\/{rel}","templated":true}]}}