{"id":11524,"date":"2021-09-26T09:00:42","date_gmt":"2021-09-26T07:00:42","guid":{"rendered":"https:\/\/getbybus.com\/hr\/blog\/?page_id=11524"},"modified":"2025-03-24T13:00:29","modified_gmt":"2025-03-24T11:00:29","slug":"zracne-luke-utah","status":"publish","type":"page","link":"https:\/\/traveling.com\/hr\/blog\/zracne-luke-utah\/","title":{"rendered":"Zra\u010dne luke u Utahu"},"content":{"rendered":"<p>Od svih <strong>Zra\u010dnih luka u Utahu<\/strong>, Zra\u010dna luka Lake City nosi najvi\u0161e putni\u010dkog prometa u cijeloj\u00a0 saveznoj dr\u017eavi. U osnovi je to jedina me\u0111unarodna zra\u010dna luka u Utahu, dok ostale zra\u010dne luke uglavnom nude doma\u0107e i regionalne letove. Na ovaj smo popis uvrstili i jednu zra\u010dnu luku s \u010darter letovima, zajedno s zra\u010dnim lukama s malim \u010dvori\u0161tima i <i>nonhub <\/i>zra\u010dnim lukama. Tako\u0111er pogledajte <strong>kartu zra\u010dnih luka u Utahu<\/strong> koja se nalazi na kraju objave.<\/p>\n<h3><span class=\"ez-toc-section\" id=\"Popis_zracnih_luka\"><\/span>Popis zra\u010dnih luka<span class=\"ez-toc-section-end\"><\/span><\/h3>\n<h4><span class=\"ez-toc-section\" id=\"Medunarodna_zracna_luka_Salt_Lake_City_-_IATA_Kod_-_SLC_25_M_Putnika\"><\/span><span style=\"color: #2a2a2a;\">Me\u0111unarodna zra\u010dna luka Salt Lake City<\/span> \u2013 IATA Kod \u2013 SLC (~ 25 M Putnika)<span class=\"ez-toc-section-end\"><\/span><\/h4>\n<p><strong>Zra\u010dna luka Salt Lake City<\/strong> jedna je od ve\u0107ih ameri\u010dkih zra\u010dnih luka koja broji oko 25 milijuna putnika godi\u0161nje. Nalazi se 6,5 km zapadno od glavnog grada. U zra\u010dnoj luci posluje 12 zrakoplovnih prijevoznika koji nude letove prema vi\u0161e od 90 odredi\u0161ta. Delta Airlines nosi oko 50 posto ukupnog prometa, a slijede SkyWest i Southwest Airlines. Do grada mo\u017eete do\u0107i unaprijed dogovorenim prijevozom, autobusom zura\u010dne luke, taksijem i limuzinom.<\/p>\n<h4><span class=\"ez-toc-section\" id=\"Regionalna_zracna_luka_St_George_-_IATA_Kod_-_SGU\"><\/span><span style=\"color: #2a2a2a;\">Regionalna zra\u010dna luka St. George<\/span> \u2013 IATA Kod \u2013 SGU<span class=\"ez-toc-section-end\"><\/span><\/h4>\n<ul>\n<li aria-level=\"1\">Gradovi u blizini: St. George (9 km)<\/li>\n<li aria-level=\"1\">Zrakoplovni prijevoznici: American, United, Delta<\/li>\n<\/ul>\n<h4><span class=\"ez-toc-section\" id=\"Zracna_luka_opcine_Provo_-_IATA_Kod_-_PVU\"><\/span><span style=\"color: #2a2a2a;\">Zra\u010dna luka op\u0107ine Provo<\/span> \u2013 IATA Kod \u2013 PVU<span class=\"ez-toc-section-end\"><\/span><\/h4>\n<ul>\n<li aria-level=\"1\">Gradovi u blizini: Provo (3 km)<\/li>\n<li aria-level=\"1\"><span style=\"color: #2a2a2a;\">Zrakoplovni prijevoznici: Allegiant Air<\/span><\/li>\n<\/ul>\n<h4><span class=\"ez-toc-section\" id=\"Zracna_luka_Ogden-Hinckley_-_IATA_Kod_-_OGD\"><\/span><span style=\"color: #2a2a2a;\">Zra\u010dna luka Ogden-Hinckley<\/span> \u2013 IATA Kod \u2013 OGD<span class=\"ez-toc-section-end\"><\/span><\/h4>\n<ul>\n<li aria-level=\"1\">Gradovi u blizini: Ogden (6 km)<\/li>\n<li aria-level=\"1\">Zrakoplovni prijevoznici: Allegiant Air<\/li>\n<\/ul>\n<h4><span class=\"ez-toc-section\" id=\"Regionalna_zracna_luka_Cedar_City_-_IATA_Kod_-_CDC\"><\/span><span style=\"color: #2a2a2a;\">Regionalna zra\u010dna luka Cedar City<\/span> \u2013 IATA Kod \u2013 CDC<span class=\"ez-toc-section-end\"><\/span><\/h4>\n<ul>\n<li aria-level=\"1\">Gradovi u blizini: Cedar City (4 km)<\/li>\n<li aria-level=\"1\">Zrakoplovni prijevoznici: Delta<\/li>\n<\/ul>\n<h4><span class=\"ez-toc-section\" id=\"Regionalna_zracna_luka_Vernal_-_IATA_Kod_-_VEL\"><\/span><span style=\"color: #2a2a2a;\">Regionalna zra\u010dna luka Vernal<\/span> \u2013 IATA Kod \u2013 VEL<span class=\"ez-toc-section-end\"><\/span><\/h4>\n<ul>\n<li aria-level=\"1\">Gradovi u blizini: Vernal (1.5 km)<\/li>\n<li aria-level=\"1\">Zrakoplovni prijevoznici: United<\/li>\n<\/ul>\n<h4><span class=\"ez-toc-section\" id=\"Canyonlands_Field_-_IATA_Kod_-_CNY\"><\/span><span style=\"color: #2a2a2a;\">Canyonlands Field<\/span> \u2013 IATA Kod \u2013 CNY<span class=\"ez-toc-section-end\"><\/span><\/h4>\n<ul>\n<li aria-level=\"1\">Gradovi u blizini: Moab (34 km)<\/li>\n<li aria-level=\"1\">Zrakoplovni prijevoznici: United<\/li>\n<\/ul>\n<h4><span class=\"ez-toc-section\" id=\"Zracna_luka_Wendover_-_IATA_Kod_-_ENV\"><\/span><span style=\"color: #2a2a2a;\">Zra\u010dna luka Wendover<\/span> \u2013 IATA Kod \u2013 ENV<span class=\"ez-toc-section-end\"><\/span><\/h4>\n<ul>\n<li aria-level=\"1\">Gradovi u blizini: Wendover (3 km)<\/li>\n<li aria-level=\"1\">Zrakoplovni prijevoznici: Swift Air<\/li>\n<\/ul>\n<h3><span class=\"ez-toc-section\" id=\"Zracne_luke_u_susjednim_saveznim_drzavama\"><\/span>Zra\u010dne luke u susjednim saveznim dr\u017eavama<span class=\"ez-toc-section-end\"><\/span><\/h3>\n<table>\n<tbody>\n<tr>\n<td style=\"text-align: center;\">\n<p>Zra\u010dne luke u Arizoni<\/p>\n<\/td>\n<td style=\"text-align: center;\">\n<p>Zra\u010dne luke u Nevadi<\/p>\n<\/td>\n<td style=\"text-align: center;\">\n<p>Zra\u010dne luke u Idahoju<\/p>\n<\/td>\n<\/tr>\n<tr>\n<td style=\"text-align: center;\">\n<p>Zra\u010dne luke u Coloradu<\/p>\n<\/td>\n<td style=\"text-align: center;\">\n<p>Zra\u010dne luke u Wyomingu<\/p>\n<\/td>\n<td style=\"text-align: center;\">\n<p>Zra\u010dne luke u Novom Meksiku\u00a0<\/p>\n<\/td>\n<\/tr>\n<\/tbody>\n<\/table>\n<h3><span class=\"ez-toc-section\" id=\"Karta_zracnih_luka_u_Utahu\"><\/span>Karta zra\u010dnih luka u Utahu<span class=\"ez-toc-section-end\"><\/span><\/h3>\n\n\n<iframe src=\"https:\/\/www.google.com\/maps\/d\/u\/0\/embed?mid=1LDdkPj1QbXlAMSrFws6LlWZs-K8qrzM9\" width=\"640\" height=\"480\"><\/iframe>\n","protected":false},"excerpt":{"rendered":"<p>Od svih Zra\u010dnih luka u Utahu, Zra\u010dna luka Lake City nosi najvi\u0161e putni\u010dkog prometa u cijeloj\u00a0 saveznoj dr\u017eavi. U osnovi je to jedina me\u0111unarodna zra\u010dna luka u Utahu, dok ostale zra\u010dne luke uglavnom nude doma\u0107e i regionalne letove. Na ovaj smo popis uvrstili i jednu zra\u010dnu luku s \u010darter letovima, zajedno s zra\u010dnim lukama s [&hellip;]<\/p>\n<p><a class=\"more-link btn btn-primary\" href=\"https:\/\/traveling.com\/hr\/blog\/zracne-luke-utah\/\"> Continue reading&#8230;<\/a><\/p>\n","protected":false},"author":1,"featured_media":0,"parent":0,"menu_order":0,"comment_status":"closed","ping_status":"closed","template":"","meta":[],"yoast_head":"<!-- This site is optimized with the Yoast SEO plugin v19.8 - https:\/\/yoast.com\/wordpress\/plugins\/seo\/ -->\n<title>Zra\u010dne luke u Utahu - IATA kodovi, karta i ostale informacije<\/title>\n<meta name=\"description\" content=\"Popis zra\u010dnih luka u saveznoj dr\u017eavi Utah, IATA kodovi, karta lokacija zra\u010dnih luka i broj putnika godi\u0161nje u zra\u010dnim lukama u Utahu.\" \/>\n<meta name=\"robots\" content=\"index, follow, max-snippet:-1, max-image-preview:large, max-video-preview:-1\" \/>\n<link rel=\"canonical\" href=\"https:\/\/traveling.com\/hr\/blog\/zracne-luke-utah\/\" \/>\n<meta property=\"og:locale\" content=\"hr_HR\" \/>\n<meta property=\"og:type\" content=\"article\" \/>\n<meta property=\"og:title\" content=\"Zra\u010dne luke u Utahu - IATA kodovi, karta i ostale informacije\" \/>\n<meta property=\"og:description\" content=\"Popis zra\u010dnih luka u saveznoj dr\u017eavi Utah, IATA kodovi, karta lokacija zra\u010dnih luka i broj putnika godi\u0161nje u zra\u010dnim lukama u Utahu.\" \/>\n<meta property=\"og:url\" content=\"https:\/\/traveling.com\/hr\/blog\/zracne-luke-utah\/\" \/>\n<meta property=\"og:site_name\" content=\"Traveling.com Blog\" \/>\n<meta property=\"article:modified_time\" content=\"2025-03-24T11:00:29+00:00\" \/>\n<meta name=\"twitter:card\" content=\"summary_large_image\" \/>\n<meta name=\"twitter:label1\" content=\"Est. reading time\" \/>\n\t<meta name=\"twitter:data1\" content=\"2 minutes\" \/>\n<script type=\"application\/ld+json\" class=\"yoast-schema-graph\">{\"@context\":\"https:\/\/schema.org\",\"@graph\":[{\"@type\":\"WebPage\",\"@id\":\"https:\/\/traveling.com\/hr\/blog\/zracne-luke-utah\/\",\"url\":\"https:\/\/traveling.com\/hr\/blog\/zracne-luke-utah\/\",\"name\":\"Zra\u010dne luke u Utahu - IATA kodovi, karta i ostale informacije\",\"isPartOf\":{\"@id\":\"https:\/\/traveling.com\/hr\/blog\/#website\"},\"datePublished\":\"2021-09-26T07:00:42+00:00\",\"dateModified\":\"2025-03-24T11:00:29+00:00\",\"description\":\"Popis zra\u010dnih luka u saveznoj dr\u017eavi Utah, IATA kodovi, karta lokacija zra\u010dnih luka i broj putnika godi\u0161nje u zra\u010dnim lukama u Utahu.\",\"breadcrumb\":{\"@id\":\"https:\/\/traveling.com\/hr\/blog\/zracne-luke-utah\/#breadcrumb\"},\"inLanguage\":\"hr\",\"potentialAction\":[{\"@type\":\"ReadAction\",\"target\":[\"https:\/\/traveling.com\/hr\/blog\/zracne-luke-utah\/\"]}]},{\"@type\":\"BreadcrumbList\",\"@id\":\"https:\/\/traveling.com\/hr\/blog\/zracne-luke-utah\/#breadcrumb\",\"itemListElement\":[{\"@type\":\"ListItem\",\"position\":1,\"name\":\"Home\",\"item\":\"https:\/\/traveling.com\/hr\/blog\/\"},{\"@type\":\"ListItem\",\"position\":2,\"name\":\"Zra\u010dne luke u Utahu\"}]},{\"@type\":\"WebSite\",\"@id\":\"https:\/\/traveling.com\/hr\/blog\/#website\",\"url\":\"https:\/\/traveling.com\/hr\/blog\/\",\"name\":\"Traveling.com Blog\",\"description\":\"Tvoj najbolji vodi\u010d na putovanju\",\"potentialAction\":[{\"@type\":\"SearchAction\",\"target\":{\"@type\":\"EntryPoint\",\"urlTemplate\":\"https:\/\/traveling.com\/hr\/blog\/?s={search_term_string}\"},\"query-input\":\"required name=search_term_string\"}],\"inLanguage\":\"hr\"}]}<\/script>\n<!-- \/ Yoast SEO plugin. -->","yoast_head_json":{"title":"Zra\u010dne luke u Utahu - IATA kodovi, karta i ostale informacije","description":"Popis zra\u010dnih luka u saveznoj dr\u017eavi Utah, IATA kodovi, karta lokacija zra\u010dnih luka i broj putnika godi\u0161nje u zra\u010dnim lukama u Utahu.","robots":{"index":"index","follow":"follow","max-snippet":"max-snippet:-1","max-image-preview":"max-image-preview:large","max-video-preview":"max-video-preview:-1"},"canonical":"https:\/\/traveling.com\/hr\/blog\/zracne-luke-utah\/","og_locale":"hr_HR","og_type":"article","og_title":"Zra\u010dne luke u Utahu - IATA kodovi, karta i ostale informacije","og_description":"Popis zra\u010dnih luka u saveznoj dr\u017eavi Utah, IATA kodovi, karta lokacija zra\u010dnih luka i broj putnika godi\u0161nje u zra\u010dnim lukama u Utahu.","og_url":"https:\/\/traveling.com\/hr\/blog\/zracne-luke-utah\/","og_site_name":"Traveling.com Blog","article_modified_time":"2025-03-24T11:00:29+00:00","twitter_card":"summary_large_image","twitter_misc":{"Est. reading time":"2 minutes"},"schema":{"@context":"https:\/\/schema.org","@graph":[{"@type":"WebPage","@id":"https:\/\/traveling.com\/hr\/blog\/zracne-luke-utah\/","url":"https:\/\/traveling.com\/hr\/blog\/zracne-luke-utah\/","name":"Zra\u010dne luke u Utahu - IATA kodovi, karta i ostale informacije","isPartOf":{"@id":"https:\/\/traveling.com\/hr\/blog\/#website"},"datePublished":"2021-09-26T07:00:42+00:00","dateModified":"2025-03-24T11:00:29+00:00","description":"Popis zra\u010dnih luka u saveznoj dr\u017eavi Utah, IATA kodovi, karta lokacija zra\u010dnih luka i broj putnika godi\u0161nje u zra\u010dnim lukama u Utahu.","breadcrumb":{"@id":"https:\/\/traveling.com\/hr\/blog\/zracne-luke-utah\/#breadcrumb"},"inLanguage":"hr","potentialAction":[{"@type":"ReadAction","target":["https:\/\/traveling.com\/hr\/blog\/zracne-luke-utah\/"]}]},{"@type":"BreadcrumbList","@id":"https:\/\/traveling.com\/hr\/blog\/zracne-luke-utah\/#breadcrumb","itemListElement":[{"@type":"ListItem","position":1,"name":"Home","item":"https:\/\/traveling.com\/hr\/blog\/"},{"@type":"ListItem","position":2,"name":"Zra\u010dne luke u Utahu"}]},{"@type":"WebSite","@id":"https:\/\/traveling.com\/hr\/blog\/#website","url":"https:\/\/traveling.com\/hr\/blog\/","name":"Traveling.com Blog","description":"Tvoj najbolji vodi\u010d na putovanju","potentialAction":[{"@type":"SearchAction","target":{"@type":"EntryPoint","urlTemplate":"https:\/\/traveling.com\/hr\/blog\/?s={search_term_string}"},"query-input":"required name=search_term_string"}],"inLanguage":"hr"}]}},"_links":{"self":[{"href":"https:\/\/traveling.com\/hr\/blog\/wp-json\/wp\/v2\/pages\/11524"}],"collection":[{"href":"https:\/\/traveling.com\/hr\/blog\/wp-json\/wp\/v2\/pages"}],"about":[{"href":"https:\/\/traveling.com\/hr\/blog\/wp-json\/wp\/v2\/types\/page"}],"author":[{"embeddable":true,"href":"https:\/\/traveling.com\/hr\/blog\/wp-json\/wp\/v2\/users\/1"}],"replies":[{"embeddable":true,"href":"https:\/\/traveling.com\/hr\/blog\/wp-json\/wp\/v2\/comments?post=11524"}],"version-history":[{"count":1,"href":"https:\/\/traveling.com\/hr\/blog\/wp-json\/wp\/v2\/pages\/11524\/revisions"}],"predecessor-version":[{"id":11525,"href":"https:\/\/traveling.com\/hr\/blog\/wp-json\/wp\/v2\/pages\/11524\/revisions\/11525"}],"wp:attachment":[{"href":"https:\/\/traveling.com\/hr\/blog\/wp-json\/wp\/v2\/media?parent=11524"}],"curies":[{"name":"wp","href":"https:\/\/api.w.org\/{rel}","templated":true}]}}