{"id":17706,"date":"2023-03-24T09:00:00","date_gmt":"2023-03-24T07:00:00","guid":{"rendered":"https:\/\/getbybus.com\/hr\/blog\/?page_id=17706"},"modified":"2025-03-24T12:58:53","modified_gmt":"2025-03-24T10:58:53","slug":"zracne-luke-u-bosni-i-hercegovini","status":"publish","type":"page","link":"https:\/\/traveling.com\/hr\/blog\/zracne-luke-u-bosni-i-hercegovini\/","title":{"rendered":"Zra\u010dne luke u Bosni i Hercegovini"},"content":{"rendered":"\n<p>Bosna i Hercegovina je <strong>zemlja bogata kulturom i prirodnim ljepotama<\/strong> te predstavlja raskr\u0161\u0107e brojnih civilizacija i kultura. Ako letite u BiH, dobro je znati kako <strong>postoje 4 me\u0111unarodne zra\u010dne luke<\/strong> i nekolicina manjih zra\u010dnih luka. Predstavit \u0107emo vam 4 me\u0111unarodne zra\u010dne luke u BiH, a na kraju objave nalazi se i <strong>karta svih zra\u010dnih luka u BiH<\/strong> kako bi se lak\u0161e isplanirali va\u0161e putovanje.&nbsp;<\/p>\n\n\n\n<h4><span class=\"ez-toc-section\" id=\"Zracna_luka_Sarajevo_-_IATA_kod_SJJ\"><\/span><strong><mark style=\"background-color:rgba(0, 0, 0, 0);color:#2a2a2a\" class=\"has-inline-color\">Zra\u010dna luka Sarajevo<\/mark> \u2013\u00a0 IATA kod SJJ<\/strong><span class=\"ez-toc-section-end\"><\/span><\/h4>\n\n\n\n<p><strong>~ 1.3 milijuna putnika godi\u0161nje<\/strong><\/p>\n\n\n\n<p>Nije neobi\u010dno kako je najprometnija zra\u010dna luka u Bosni i Hercegovini <strong>upravo zra\u010dna luka u Sarajevu<\/strong>. Nalazi se nekih 8 km vo\u017enje od centra Sarajeva, <a href=\"https:\/\/Traveling.com\/hr\/blog\/zracna-luka-sarajevo\/\">a ovdje mo\u017eete pro\u010ditati vi\u0161e informacija tome kako do\u0107i do zra\u010dne luke<\/a>. Zra\u010dna luka ima <strong>cjelogodi\u0161nje letove prema gradovima kao \u0161to su Ljubljana, Beograd, Zagreb, Bruxelles, Istanbul<\/strong>, ali i nekim gradovima u Njema\u010dkoj, uz nekoliko sezonskih letova. <strong>Ako putujete prema drugim destinacijama u Bosni<\/strong>, to mo\u017eete sa \u017eeljezni\u010dkog ili jo\u0161 bolje sa <a href=\"https:\/\/Traveling.com\/hr\/autobus-sarajevo\">autobusnog kolodvora u Sarajevu<\/a> koji nudi linije prema sa ostatku dr\u017eave.<\/p>\n\n\n\n<h4><span class=\"ez-toc-section\" id=\"Zracna_luka_Tuzla_-_IATA_kod_TZL\"><\/span><strong><mark style=\"background-color:rgba(0, 0, 0, 0);color:#2a2a2a\" class=\"has-inline-color\">Zra\u010dna luka Tuzla <\/mark>\u2013 IATA kod TZL<\/strong><span class=\"ez-toc-section-end\"><\/span><\/h4>\n\n\n\n<p><strong>~ 500.000 putnika godi\u0161nje<\/strong><\/p>\n\n\n\n<p>Zra\u010dna luka Tuzla <strong>druga je najve\u0107a zra\u010dna luka u Bosni<\/strong>, a nalazi se oko 14 km jugoisto\u010dno od centra Tuzle.&nbsp; Cijena taksija do centra grada je oko 10-12 eura, svakako dogovorite cijenu prije ulaska u taksi. U zra\u010dnoj luci tako\u0111er postoji i <strong>shuttle bus za Tuzlu, Sarajevo i Banja Luku<\/strong>. Ako trebate do\u0107i do drugog grada, trebali biste i\u0107i do <a href=\"https:\/\/Traveling.com\/hr\/autobus-tuzla\">autobusnog kolodvora u Tuzli<\/a>, gdje mo\u017eete prona\u0107i autobusne linije za ve\u0107inu dijelova Bosne. Gotovo sve letove od i do Zra\u010dne luke Tuzla obavlja Ma\u0111arski WIZZ Air, koji zra\u010dnu luku koristi kao \u010dvori\u0161te.<\/p>\n\n\n\n<h4><span class=\"ez-toc-section\" id=\"Zracna_luka_Mostar_-_IATA_kod_OMO\"><\/span><strong><mark style=\"background-color:rgba(0, 0, 0, 0);color:#2a2a2a\" class=\"has-inline-color\">Zra\u010dna luka Mostar<\/mark> \u2013 IATA kod OMO<\/strong><span class=\"ez-toc-section-end\"><\/span><\/h4>\n\n\n\n<p><strong>~ 300 putnika godi\u0161nje<\/strong><\/p>\n\n\n\n<p>Zra\u010dna luka Mostar tre\u0107a je najprometnija zra\u010dna luka u Bosni i Hercegovini. Nalazi se <strong>7,5 km ju\u017eno\/jugoisto\u010dno od centra Mostara<\/strong>. Od zra\u010dne luke do grada je prili\u010dno jednostavno do\u0107i, <a href=\"https:\/\/Traveling.com\/hr\/blog\/autobus-zracna-luka-mostar\/\">a detaljnije informacije mo\u017eete prona\u0107i ovdje<\/a>. Ako \u017eelite <strong>putovati u npr. Me\u0111ugorje ili druga mjesta u Bosni<\/strong>, trebate rezervirati transfer izravno iz zra\u010dne luke ili oti\u0107i na <a href=\"https:\/\/Traveling.com\/hr\/autobus-mostar\">autobusni kolodvor u Mostaru<\/a>, gdje mo\u017eete prona\u0107i autobusne linije prema mnogim drugim destinacijama u dr\u017eavi. Zasad nema cjelogodi\u0161njih letova prema Zra\u010dnoj luci Mostar, ali postoji velik broj <strong>sezonskih letova, kao npr. iz Rima, Milana, Bergama i mnogih drugih talijanskih gradova<\/strong>. Dr\u017eite na umu kako od 2015. Godine broj putnika koji lete do Zra\u010dne luke Mostar drasti\u010dno opada i kako su neki letovi ukinuti. Alternativa Zra\u010dnoj luci Mostar su Sarajevo i Split u Hrvatskoj.<\/p>\n\n\n\n<h4><span class=\"ez-toc-section\" id=\"Zracna_luka_Banja_Luka_-_IATA_kod_BNX\"><\/span><strong><mark style=\"background-color:rgba(0, 0, 0, 0);color:#2a2a2a\" class=\"has-inline-color\">Zra\u010dna luka Banja Luka<\/mark> \u2013 IATA kod BNX\u00a0<\/strong><span class=\"ez-toc-section-end\"><\/span><\/h4>\n\n\n\n<p><strong>~ 200.000 putnika godi\u0161nje<\/strong><\/p>\n\n\n\n<p>Zra\u010dna luka Banja Luka, poznata i kao Zra\u010dna luka Mahovljani nalazi se oko 25 km sjeveroisto\u010dno od centra grada. Na\u017ealost, <strong>nema autobusnih linija iz zra\u010dne luke do grada<\/strong>, pa biste trebali ili naru\u010diti taksi ili pje\u0161ice oti\u0111ite do glavne ceste, koja se nalazi 800 metara od terminala, tu se mo\u017eete ukrcati na autobus za Banja Luku. <a href=\"https:\/\/Traveling.com\/hr\/autobus-banja-luka\">Autobusni kolodvor Banja Luka<\/a> povezan je s ve\u0107im dijelom Bosne. Trenutno jedini redoviti let do i od Zra\u010dne luke je <strong>let Air Srbije za Beograd<\/strong>.<\/p>\n\n\n\n<p><strong>Ostale zra\u010dne luke u Bosni i Hercegovini<\/strong><\/p>\n\n\n\n<p>Postoji nekoliko manjih zra\u010dnih luka s travnatim uzletno-sletnim pistama, uklju\u010duju\u0107i <strong>Zra\u010dnu luku Biha\u0107 Golubi\u0107, Zra\u010dnu luku Glamo\u010d, Zra\u010dnu luku Prijedor Urije i Zra\u010dnu luku Livno Stipe Kri\u0161to<\/strong>, trenutno nema planova za uvo\u0111enje komercijalnog prometa ni u jednu od ovih zra\u010dnih luka.<\/p>\n\n\n\n<figure class=\"wp-block-table\"><table><tbody><tr><td class=\"has-text-align-center\" data-align=\"center\"><strong>Zra\u010dne luke u Hrvatskoj<\/strong><\/td><td class=\"has-text-align-center\" data-align=\"center\"><strong>Zra\u010dne luke u Srbiji<\/strong><\/td><td class=\"has-text-align-center\" data-align=\"center\"><strong>Zra\u010dne luke u Crnoj Gori<\/strong><\/td><\/tr><\/tbody><\/table><\/figure>\n\n\n\n<p><strong>Karta zra\u010dnih luka u Bosni i Hercegovini te susjednim zemljama:<\/strong><\/p>\n\n\n\n<iframe src=\"https:\/\/www.google.com\/maps\/d\/embed?mid=1fEhiunX4GFauzrQzfs5ygTpknVY&#038;ehbc=2E312F\" width=\"640\" height=\"480\"><\/iframe>\n\n\n\n<p class=\"has-text-align-right\">Prevela: Antonia Petri\u010devi\u0107<\/p>\n\n\n\n<p class=\"has-text-align-right\">Izvorni \u010dlanak: Zra\u010dne luke u Bosni i Hercegovini<\/p>\n","protected":false},"excerpt":{"rendered":"<p>Bosna i Hercegovina je zemlja bogata kulturom i prirodnim ljepotama te predstavlja raskr\u0161\u0107e brojnih civilizacija i kultura. Ako letite u BiH, dobro je znati kako postoje 4 me\u0111unarodne zra\u010dne luke i nekolicina manjih zra\u010dnih luka. Predstavit \u0107emo vam 4 me\u0111unarodne zra\u010dne luke u BiH, a na kraju objave nalazi se i karta svih zra\u010dnih luka [&hellip;]<\/p>\n<p><a class=\"more-link btn btn-primary\" href=\"https:\/\/traveling.com\/hr\/blog\/zracne-luke-u-bosni-i-hercegovini\/\"> Continue reading&#8230;<\/a><\/p>\n","protected":false},"author":1,"featured_media":0,"parent":0,"menu_order":0,"comment_status":"closed","ping_status":"closed","template":"","meta":[],"yoast_head":"<!-- This site is optimized with the Yoast SEO plugin v19.8 - https:\/\/yoast.com\/wordpress\/plugins\/seo\/ -->\n<title>Zra\u010dne luke u Bosni i Hercegovini, karta, kodovi i informacije<\/title>\n<meta name=\"description\" content=\"Popis zra\u010dnih luka u Bosni i Hercegovini, kodovi, informacije o dolasku, karta doma\u0107ih i me\u0111unarodnih zra\u010dnih luka u BiH s brojem putnika.\" \/>\n<meta name=\"robots\" content=\"index, follow, max-snippet:-1, max-image-preview:large, max-video-preview:-1\" \/>\n<link rel=\"canonical\" href=\"https:\/\/traveling.com\/hr\/blog\/zracne-luke-u-bosni-i-hercegovini\/\" \/>\n<meta property=\"og:locale\" content=\"hr_HR\" \/>\n<meta property=\"og:type\" content=\"article\" \/>\n<meta property=\"og:title\" content=\"Zra\u010dne luke u Bosni i Hercegovini, karta, kodovi i informacije\" \/>\n<meta property=\"og:description\" content=\"Popis zra\u010dnih luka u Bosni i Hercegovini, kodovi, informacije o dolasku, karta doma\u0107ih i me\u0111unarodnih zra\u010dnih luka u BiH s brojem putnika.\" \/>\n<meta property=\"og:url\" content=\"https:\/\/traveling.com\/hr\/blog\/zracne-luke-u-bosni-i-hercegovini\/\" \/>\n<meta property=\"og:site_name\" content=\"Traveling.com Blog\" \/>\n<meta property=\"article:modified_time\" content=\"2025-03-24T10:58:53+00:00\" \/>\n<meta name=\"twitter:card\" content=\"summary_large_image\" \/>\n<meta name=\"twitter:label1\" content=\"Est. reading time\" \/>\n\t<meta name=\"twitter:data1\" content=\"3 minutes\" \/>\n<script type=\"application\/ld+json\" class=\"yoast-schema-graph\">{\"@context\":\"https:\/\/schema.org\",\"@graph\":[{\"@type\":\"WebPage\",\"@id\":\"https:\/\/traveling.com\/hr\/blog\/zracne-luke-u-bosni-i-hercegovini\/\",\"url\":\"https:\/\/traveling.com\/hr\/blog\/zracne-luke-u-bosni-i-hercegovini\/\",\"name\":\"Zra\u010dne luke u Bosni i Hercegovini, karta, kodovi i informacije\",\"isPartOf\":{\"@id\":\"https:\/\/traveling.com\/hr\/blog\/#website\"},\"datePublished\":\"2023-03-24T07:00:00+00:00\",\"dateModified\":\"2025-03-24T10:58:53+00:00\",\"description\":\"Popis zra\u010dnih luka u Bosni i Hercegovini, kodovi, informacije o dolasku, karta doma\u0107ih i me\u0111unarodnih zra\u010dnih luka u BiH s brojem putnika.\",\"breadcrumb\":{\"@id\":\"https:\/\/traveling.com\/hr\/blog\/zracne-luke-u-bosni-i-hercegovini\/#breadcrumb\"},\"inLanguage\":\"hr\",\"potentialAction\":[{\"@type\":\"ReadAction\",\"target\":[\"https:\/\/traveling.com\/hr\/blog\/zracne-luke-u-bosni-i-hercegovini\/\"]}]},{\"@type\":\"BreadcrumbList\",\"@id\":\"https:\/\/traveling.com\/hr\/blog\/zracne-luke-u-bosni-i-hercegovini\/#breadcrumb\",\"itemListElement\":[{\"@type\":\"ListItem\",\"position\":1,\"name\":\"Home\",\"item\":\"https:\/\/traveling.com\/hr\/blog\/\"},{\"@type\":\"ListItem\",\"position\":2,\"name\":\"Zra\u010dne luke u Bosni i Hercegovini\"}]},{\"@type\":\"WebSite\",\"@id\":\"https:\/\/traveling.com\/hr\/blog\/#website\",\"url\":\"https:\/\/traveling.com\/hr\/blog\/\",\"name\":\"Traveling.com Blog\",\"description\":\"Tvoj najbolji vodi\u010d na putovanju\",\"potentialAction\":[{\"@type\":\"SearchAction\",\"target\":{\"@type\":\"EntryPoint\",\"urlTemplate\":\"https:\/\/traveling.com\/hr\/blog\/?s={search_term_string}\"},\"query-input\":\"required name=search_term_string\"}],\"inLanguage\":\"hr\"}]}<\/script>\n<!-- \/ Yoast SEO plugin. -->","yoast_head_json":{"title":"Zra\u010dne luke u Bosni i Hercegovini, karta, kodovi i informacije","description":"Popis zra\u010dnih luka u Bosni i Hercegovini, kodovi, informacije o dolasku, karta doma\u0107ih i me\u0111unarodnih zra\u010dnih luka u BiH s brojem putnika.","robots":{"index":"index","follow":"follow","max-snippet":"max-snippet:-1","max-image-preview":"max-image-preview:large","max-video-preview":"max-video-preview:-1"},"canonical":"https:\/\/traveling.com\/hr\/blog\/zracne-luke-u-bosni-i-hercegovini\/","og_locale":"hr_HR","og_type":"article","og_title":"Zra\u010dne luke u Bosni i Hercegovini, karta, kodovi i informacije","og_description":"Popis zra\u010dnih luka u Bosni i Hercegovini, kodovi, informacije o dolasku, karta doma\u0107ih i me\u0111unarodnih zra\u010dnih luka u BiH s brojem putnika.","og_url":"https:\/\/traveling.com\/hr\/blog\/zracne-luke-u-bosni-i-hercegovini\/","og_site_name":"Traveling.com Blog","article_modified_time":"2025-03-24T10:58:53+00:00","twitter_card":"summary_large_image","twitter_misc":{"Est. reading time":"3 minutes"},"schema":{"@context":"https:\/\/schema.org","@graph":[{"@type":"WebPage","@id":"https:\/\/traveling.com\/hr\/blog\/zracne-luke-u-bosni-i-hercegovini\/","url":"https:\/\/traveling.com\/hr\/blog\/zracne-luke-u-bosni-i-hercegovini\/","name":"Zra\u010dne luke u Bosni i Hercegovini, karta, kodovi i informacije","isPartOf":{"@id":"https:\/\/traveling.com\/hr\/blog\/#website"},"datePublished":"2023-03-24T07:00:00+00:00","dateModified":"2025-03-24T10:58:53+00:00","description":"Popis zra\u010dnih luka u Bosni i Hercegovini, kodovi, informacije o dolasku, karta doma\u0107ih i me\u0111unarodnih zra\u010dnih luka u BiH s brojem putnika.","breadcrumb":{"@id":"https:\/\/traveling.com\/hr\/blog\/zracne-luke-u-bosni-i-hercegovini\/#breadcrumb"},"inLanguage":"hr","potentialAction":[{"@type":"ReadAction","target":["https:\/\/traveling.com\/hr\/blog\/zracne-luke-u-bosni-i-hercegovini\/"]}]},{"@type":"BreadcrumbList","@id":"https:\/\/traveling.com\/hr\/blog\/zracne-luke-u-bosni-i-hercegovini\/#breadcrumb","itemListElement":[{"@type":"ListItem","position":1,"name":"Home","item":"https:\/\/traveling.com\/hr\/blog\/"},{"@type":"ListItem","position":2,"name":"Zra\u010dne luke u Bosni i Hercegovini"}]},{"@type":"WebSite","@id":"https:\/\/traveling.com\/hr\/blog\/#website","url":"https:\/\/traveling.com\/hr\/blog\/","name":"Traveling.com Blog","description":"Tvoj najbolji vodi\u010d na putovanju","potentialAction":[{"@type":"SearchAction","target":{"@type":"EntryPoint","urlTemplate":"https:\/\/traveling.com\/hr\/blog\/?s={search_term_string}"},"query-input":"required name=search_term_string"}],"inLanguage":"hr"}]}},"_links":{"self":[{"href":"https:\/\/traveling.com\/hr\/blog\/wp-json\/wp\/v2\/pages\/17706"}],"collection":[{"href":"https:\/\/traveling.com\/hr\/blog\/wp-json\/wp\/v2\/pages"}],"about":[{"href":"https:\/\/traveling.com\/hr\/blog\/wp-json\/wp\/v2\/types\/page"}],"author":[{"embeddable":true,"href":"https:\/\/traveling.com\/hr\/blog\/wp-json\/wp\/v2\/users\/1"}],"replies":[{"embeddable":true,"href":"https:\/\/traveling.com\/hr\/blog\/wp-json\/wp\/v2\/comments?post=17706"}],"version-history":[{"count":2,"href":"https:\/\/traveling.com\/hr\/blog\/wp-json\/wp\/v2\/pages\/17706\/revisions"}],"predecessor-version":[{"id":17708,"href":"https:\/\/traveling.com\/hr\/blog\/wp-json\/wp\/v2\/pages\/17706\/revisions\/17708"}],"wp:attachment":[{"href":"https:\/\/traveling.com\/hr\/blog\/wp-json\/wp\/v2\/media?parent=17706"}],"curies":[{"name":"wp","href":"https:\/\/api.w.org\/{rel}","templated":true}]}}