{"id":17741,"date":"2023-04-07T09:00:00","date_gmt":"2023-04-07T07:00:00","guid":{"rendered":"https:\/\/getbybus.com\/hr\/blog\/?page_id=17741"},"modified":"2025-03-24T12:58:52","modified_gmt":"2025-03-24T10:58:52","slug":"zracne-luke-u-austriji","status":"publish","type":"page","link":"https:\/\/traveling.com\/hr\/blog\/zracne-luke-u-austriji\/","title":{"rendered":"Zra\u010dne luke u Austriji"},"content":{"rendered":"\n<p>U Austriji postoji <strong>6 me\u0111unarodnih zra\u010dnih luka<\/strong>. Nije nimalo iznena\u0111uju\u0107e \u0161to se najprometnija zra\u010dna luka nalazi u Be\u010du, glavnom gradu Austrije.<\/p>\n\n\n\n<p>Ako putujete u Austriju <strong>na skijanje<\/strong>, u tom bi slu\u010daju za vas bolji izbor mogle biti zra\u010dne luke u Innsbrucku ili u <a href=\"https:\/\/Traveling.com\/hr\/blog\/zracna-luka-salzburg\/\">Salzburgu<\/a>.&nbsp;<\/p>\n\n\n\n<h2><span class=\"ez-toc-section\" id=\"Zracna_luka_Bec_-_IATA_kod_VIE\"><\/span>Zra\u010dna luka Be\u010d&nbsp; \u2013 IATA kod VIE&nbsp;<span class=\"ez-toc-section-end\"><\/span><\/h2>\n\n\n\n<p><strong>~ 30 milijuna putnika godi\u0161nje<\/strong><\/p>\n\n\n\n<p>Me\u0111unarodna zra\u010dna luka Be\u010d <strong>najve\u0107a je zra\u010dna luka u Austriji i glavno <\/strong><strong>\u010dvori\u0161te <\/strong><strong>austrijskih zra\u010dnih prijevoznika<\/strong>.&nbsp;&nbsp;<\/p>\n\n\n\n<p>Zra\u010dna luka nalazi se u Schwechatu, oko 18 km jugoisto\u010dno od centra grada. Vo\u017enja <strong>CAT vlakom<\/strong> od <a href=\"https:\/\/Traveling.com\/hr\/blog\/autobus-zracna-luka-bec\/\">zra\u010dne luke do centra Be\u010da<\/a> traje ne\u0161to manje od 20 minuta.&nbsp;<\/p>\n\n\n\n<p>Iz zra\u010dne luke tako\u0111er mo\u017eete nastaviti putovanje autobusom do drugih gradova u Austriji, ali i do <a href=\"https:\/\/Traveling.com\/hr\/autobus-bec-zracna-luka-do-bratislava\">Bratislave<\/a>, <a href=\"https:\/\/Traveling.com\/hr\/autobus-bec-zracna-luka-do-prag\">Praga<\/a>, <a href=\"https:\/\/Traveling.com\/hr\/autobus-bec-zracna-luka-do-budimpe%C5%A1ta\">Budimpe\u0161te<\/a> i drugih me\u0111unarodnih odredi\u0161ta.<\/p>\n\n\n\n<p>Be\u010dka zra\u010dna luka odli\u010dna je opcija ako putujete u St. Polten, Wiener Neustadt te Graz, Linz i Wels.&nbsp;<\/p>\n\n\n\n<h2><span class=\"ez-toc-section\" id=\"Zracna_luka_Salzburg_-_IATA_kod_SZG\"><\/span>Zra\u010dna luka Salzburg \u2013 IATA kod SZG<span class=\"ez-toc-section-end\"><\/span><\/h2>\n\n\n\n<p><strong>~ 1.2 milijuna putnika godi\u0161nje<\/strong><\/p>\n\n\n\n<p>Zra\u010dna luka Salzburg ujedno se zove <a href=\"https:\/\/hr.wikipedia.org\/wiki\/Wolfgang_Amadeus_Mozart\"><strong>Wolfgang Amadeus Mozart<\/strong><\/a> i nalazi se samo nekoliko kilometara od centra Salzburga te se do nje mo\u017ee do\u0107i vlakom ili autobusom za 15 ili 20 minuta.<\/p>\n\n\n\n<p><strong>Budu\u0107i da je zra\u010dna luka Salzburg na putu za Ski Amade<\/strong>, drugo najve\u0107e skija\u0161ko podru\u010dje u Europi, postoji izravna veza od zra\u010dne luke do popularnih skijali\u0161ta kao \u0161to su <strong>St. Johann<\/strong> i <strong>Kitzb\u00fchel<\/strong>.&nbsp;<\/p>\n\n\n\n<p>Tako\u0111er, mo\u017eete <strong>putovati izravno u gradove St. Martin, Wei\u00dfbach, Saalfelden, Maishofen i Zell am See<\/strong>. Do ostalih odredi\u0161ta mo\u017eete do\u0107i iz glavnog \u017eeljezni\u010dkog ili <a href=\"https:\/\/Traveling.com\/hr\/autobus-salzburg\">glavnog autobusnog kolodvora u Salzburgu<\/a>.<\/p>\n\n\n\n<figure class=\"wp-block-image size-full\"><a href=\"https:\/\/Traveling.com\/hr\/blog\/wp-content\/uploads\/2023\/04\/Austrian-airports.jpg\"><img decoding=\"async\" width=\"1024\" height=\"683\" src=\"https:\/\/Traveling.com\/hr\/blog\/wp-content\/uploads\/2023\/04\/Austrian-airports.jpg\" alt=\"\" class=\"wp-image-17745\" srcset=\"https:\/\/d2bgjx2gb489de.cloudfront.net\/gbb-blogs\/wp-content\/uploads\/2023\/04\/06162346\/Austrian-airports.jpg 1024w, https:\/\/d2bgjx2gb489de.cloudfront.net\/gbb-blogs\/wp-content\/uploads\/2023\/04\/06162346\/Austrian-airports-300x200.jpg 300w, https:\/\/d2bgjx2gb489de.cloudfront.net\/gbb-blogs\/wp-content\/uploads\/2023\/04\/06162346\/Austrian-airports-768x512.jpg 768w\" sizes=\"(max-width: 1024px) 100vw, 1024px\" \/><\/a><figcaption>Polijetanje zrakoplova Lufthanse<\/figcaption><\/figure>\n\n\n\n<h2><span class=\"ez-toc-section\" id=\"Zracna_luka_Innsbruck_-_IATA_kod_INN\"><\/span>Zra\u010dna luka Innsbruck \u2013 IATA kod INN<span class=\"ez-toc-section-end\"><\/span><\/h2>\n\n\n\n<p><strong>~ 721.000 putnika godi\u0161nje<\/strong><\/p>\n\n\n\n<p><strong>Zra\u010dna luka u Innsbrucku druga je najve\u0107a &#8220;skija\u0161ka&#8221; zra\u010dna luka u Austriji <\/strong>i nalazi se samo 3 km od centra Innsbrucka. Od zra\u010dne luke do centra grada mo\u017eete do\u0107i autobusom zra\u010dne luke, a vo\u017enja traje oko 20 minuta.&nbsp;<\/p>\n\n\n\n<p>Unutar 3 sata vo\u017enje od Zra\u010dne luke Innsbruck nalazi se <a href=\"https:\/\/Traveling.com\/hr\/blog\/skijalista-u-austriji\/\"><strong>vi\u0161e od 400 skijali\u0161ta<\/strong><\/a>, a neka od najbli\u017eih su: <strong>Igls, Zell am Ziller, Worgl, Seefeld, Mutters, Soll i Solden<\/strong>.&nbsp;<\/p>\n\n\n\n<p>S glavnog autobusnog kolodvora u Innsbrucku imate opciju putovati do ve\u0107ine austrijskih odmarali\u0161ta. Ako \u017eelite putovati jo\u0161 udobnije, mo\u017eete rezervirati <strong>privatan transfer<\/strong> izravno iz Zra\u010dne luke Innsbruck.&nbsp;<\/p>\n\n\n\n<h2><span class=\"ez-toc-section\" id=\"Zracna_luka_Graz_-_IATA_kod_GRZ\"><\/span>Zra\u010dna luka Graz \u2013 IATA kod GRZ<span class=\"ez-toc-section-end\"><\/span><\/h2>\n\n\n\n<p><strong>~ 560.000 putnika godi\u0161nje<\/strong><\/p>\n\n\n\n<p>Zra\u010dna luka Graz nalazi se 9 km ju\u017eno od centra Graza.<\/p>\n\n\n\n<p><a href=\"https:\/\/Traveling.com\/hr\/blog\/autobus-zracne-luke-graz\/\">Od zra\u010dne luke do centra grada prometuje autobus ili S-Bahn<\/a>, a vo\u0107\u017enja traje oko 15 minuta.<\/p>\n\n\n\n<p>Ova zra\u010dna luka glavna je za jugoisto\u010dni dio Austrije i alternativna zra\u010dna luka za putnike iz sjeveroisto\u010dnog dijela Slovenije. Gradovi koji se nalaze u blizini su: <strong>Wolfsberg, Leibnitz, Gleisdorf i Feldbach<\/strong>.<\/p>\n\n\n\n<p>\u017deljezni\u010dki i <a href=\"https:\/\/Traveling.com\/hr\/autobus-graz\">autobusni kolodvor u Grazu<\/a> povezani su s ve\u0107inom gradova u regiji, kao i s nekoliko me\u0111unarodnih destinacija.&nbsp;<\/p>\n\n\n\n<h2><span class=\"ez-toc-section\" id=\"Zracna_luka_Linz_-_IATA_kod_LNZ\"><\/span>Zra\u010dna luka Linz \u2013 IATA kod LNZ<span class=\"ez-toc-section-end\"><\/span><\/h2>\n\n\n\n<p><strong>~ 200.000 putnika godi\u0161nje<\/strong><\/p>\n\n\n\n<p><strong>Zra\u010dna luka Blue Danube<\/strong> u Linzu se nalazi oko 13 km zapadno od grada. Do zra\u010dne luke se mo\u017ee sti\u0107i autobusnom linijom 601 za 20 minuta. Alternativa je kombinacija vlaka i autobusa zra\u010dne luke.<\/p>\n\n\n\n<p>Zra\u010dna luka Linz se ne nalazi u bilizini skijali\u0161ta poput zra\u010dnih luka Salzburg ili Innsbruck, ali let do nje i dalje je dobra opcija.&nbsp;<\/p>\n\n\n\n<p><strong>Trajanje vo\u017enje do nekih skijali\u0161ta <\/strong>u blizini Hinterstodera manje je od jednog sata.<\/p>\n\n\n\n<p><strong>Do Flachaua, Wagraina, St. Johanna\/Pongaua na skiweltu Amade mo\u017ee se sti\u0107i za 2 sata<\/strong>, do Gasteina i Zell am Zeea oko 2,5 sata, do Saalbacha i Kitzbuhela za manje od 3 sata.<\/p>\n\n\n\n<p>Najjednostavniji na\u010din da do\u0111ete do skijali\u0161ta je da unaprijed rezervirate <a href=\"https:\/\/getbytransfer.com\/\">privatan transfer<\/a> iz zra\u010dne luke.&nbsp;<\/p>\n\n\n\n<h2><span class=\"ez-toc-section\" id=\"Zracna_luka_Klagenfurt_-_IATA_kod_KLU\"><\/span>Zra\u010dna luka Klagenfurt \u2013 IATA kod KLU<span class=\"ez-toc-section-end\"><\/span><\/h2>\n\n\n\n<p><strong>~ 83.000 putnika godi\u0161nje<\/strong><\/p>\n\n\n\n<p><strong>Zra\u010dna luka K\u00e4rnten<\/strong> u Klagenfurtu najmanja je me\u0111unarodna zra\u010dna luka u Austriji. <strong>Nalazi se oko 4 km od centra grada<\/strong>. Do centra se mo\u017ee do\u0107i javnim autobusom ili <strong>S-bahn Klagenfurt Annabichlom<\/strong> koji se nalazi oko 10 minuta hoda od terminala.<\/p>\n\n\n\n<p>Iz zra\u010dne luke mo\u017eete sti\u0107i do sljede\u0107ih <strong>austrijskih skijali\u0161ta<\/strong> za manje od 3 sata: <strong>Gerlitzen, Bad Gestein, Alpendorf, <\/strong>i tako\u0111er do sljede\u0107ih skijali\u0161ta u Sloveniji: <strong>Kranjska Gora, Bled, Javornik, Vogel, Kobla<\/strong>.&nbsp;<\/p>\n\n\n\n<figure class=\"wp-block-table\"><table><tbody><tr><td>Zra\u010dne luke u Sloveniji<\/td><td>Zra\u010dne luke u Ma\u0111arskoj<\/td><td>Zra\u010dne luke u Slova\u010dkoj<\/td><\/tr><tr><td>Zra\u010dne luke u \u010ce\u0161koj<\/td><td><a href=\"https:\/\/Traveling.com\/hr\/blog\/zracne-luke-u-njemackoj\/?preview_id=14847&amp;preview_nonce=8d5e5fde7c&amp;preview=true\">Zra\u010dne luke u Njema\u010dkoj<\/a><\/td><td>Zra\u010dne luke u \u0160vicarskoj<\/td><\/tr><tr><td>Zra\u010dne luke u Italiji<\/td><td>&nbsp;<\/td><td>&nbsp;<\/td><\/tr><\/tbody><\/table><\/figure>\n\n\n\n<h2><span class=\"ez-toc-section\" id=\"Karta_zracnih_luka_u_Austriji\"><\/span>Karta zra\u010dnih luka u Austriji<span class=\"ez-toc-section-end\"><\/span><\/h2>\n\n\n\n<p>Na ovoj karti mo\u017eete vidjeti sve zra\u010dne luke u Austriji, kao i zra\u010dne luke u susjednim zemljama.<\/p>\n\n\n\n<iframe src=\"https:\/\/www.google.com\/maps\/d\/embed?mid=1yRytVBNqvD70JxUF-fhkIBrFVyE&#038;ehbc=2E312F\" width=\"640\" height=\"480\"><\/iframe>\n","protected":false},"excerpt":{"rendered":"<p>U Austriji postoji 6 me\u0111unarodnih zra\u010dnih luka. Nije nimalo iznena\u0111uju\u0107e \u0161to se najprometnija zra\u010dna luka nalazi u Be\u010du, glavnom gradu Austrije. Ako putujete u Austriju na skijanje, u tom bi slu\u010daju za vas bolji izbor mogle biti zra\u010dne luke u Innsbrucku ili u Salzburgu.&nbsp; Zra\u010dna luka Be\u010d&nbsp; \u2013 IATA kod VIE&nbsp; ~ 30 milijuna putnika [&hellip;]<\/p>\n<p><a class=\"more-link btn btn-primary\" href=\"https:\/\/traveling.com\/hr\/blog\/zracne-luke-u-austriji\/\"> Continue reading&#8230;<\/a><\/p>\n","protected":false},"author":1,"featured_media":0,"parent":0,"menu_order":0,"comment_status":"closed","ping_status":"closed","template":"","meta":[],"yoast_head":"<!-- This site is optimized with the Yoast SEO plugin v19.8 - https:\/\/yoast.com\/wordpress\/plugins\/seo\/ -->\n<title>Zra\u010dne luke u Austriji, karta, kodovi i informacije o dolasku<\/title>\n<meta name=\"description\" content=\"Popis zra\u010dnih luka u Austriji, kodovi zra\u010dnih luka i informacije o dolasku, karta zra\u010dnih luka u Austriji s brojem putnika.\" \/>\n<meta name=\"robots\" content=\"index, follow, max-snippet:-1, max-image-preview:large, max-video-preview:-1\" \/>\n<link rel=\"canonical\" href=\"https:\/\/traveling.com\/hr\/blog\/zracne-luke-u-austriji\/\" \/>\n<meta property=\"og:locale\" content=\"hr_HR\" \/>\n<meta property=\"og:type\" content=\"article\" \/>\n<meta property=\"og:title\" content=\"Zra\u010dne luke u Austriji, karta, kodovi i informacije o dolasku\" \/>\n<meta property=\"og:description\" content=\"Popis zra\u010dnih luka u Austriji, kodovi zra\u010dnih luka i informacije o dolasku, karta zra\u010dnih luka u Austriji s brojem putnika.\" \/>\n<meta property=\"og:url\" content=\"https:\/\/traveling.com\/hr\/blog\/zracne-luke-u-austriji\/\" \/>\n<meta property=\"og:site_name\" content=\"Traveling.com Blog\" \/>\n<meta property=\"article:modified_time\" content=\"2025-03-24T10:58:52+00:00\" \/>\n<meta property=\"og:image\" content=\"https:\/\/getbybus.com\/hr\/blog\/wp-content\/uploads\/2023\/04\/Austrian-airports.jpg\" \/>\n<meta name=\"twitter:card\" content=\"summary_large_image\" \/>\n<meta name=\"twitter:label1\" content=\"Est. reading time\" \/>\n\t<meta name=\"twitter:data1\" content=\"4 minutes\" \/>\n<script type=\"application\/ld+json\" class=\"yoast-schema-graph\">{\"@context\":\"https:\/\/schema.org\",\"@graph\":[{\"@type\":\"WebPage\",\"@id\":\"https:\/\/traveling.com\/hr\/blog\/zracne-luke-u-austriji\/\",\"url\":\"https:\/\/traveling.com\/hr\/blog\/zracne-luke-u-austriji\/\",\"name\":\"Zra\u010dne luke u Austriji, karta, kodovi i informacije o dolasku\",\"isPartOf\":{\"@id\":\"https:\/\/traveling.com\/hr\/blog\/#website\"},\"datePublished\":\"2023-04-07T07:00:00+00:00\",\"dateModified\":\"2025-03-24T10:58:52+00:00\",\"description\":\"Popis zra\u010dnih luka u Austriji, kodovi zra\u010dnih luka i informacije o dolasku, karta zra\u010dnih luka u Austriji s brojem putnika.\",\"breadcrumb\":{\"@id\":\"https:\/\/traveling.com\/hr\/blog\/zracne-luke-u-austriji\/#breadcrumb\"},\"inLanguage\":\"hr\",\"potentialAction\":[{\"@type\":\"ReadAction\",\"target\":[\"https:\/\/traveling.com\/hr\/blog\/zracne-luke-u-austriji\/\"]}]},{\"@type\":\"BreadcrumbList\",\"@id\":\"https:\/\/traveling.com\/hr\/blog\/zracne-luke-u-austriji\/#breadcrumb\",\"itemListElement\":[{\"@type\":\"ListItem\",\"position\":1,\"name\":\"Home\",\"item\":\"https:\/\/traveling.com\/hr\/blog\/\"},{\"@type\":\"ListItem\",\"position\":2,\"name\":\"Zra\u010dne luke u Austriji\"}]},{\"@type\":\"WebSite\",\"@id\":\"https:\/\/traveling.com\/hr\/blog\/#website\",\"url\":\"https:\/\/traveling.com\/hr\/blog\/\",\"name\":\"Traveling.com Blog\",\"description\":\"Tvoj najbolji vodi\u010d na putovanju\",\"potentialAction\":[{\"@type\":\"SearchAction\",\"target\":{\"@type\":\"EntryPoint\",\"urlTemplate\":\"https:\/\/traveling.com\/hr\/blog\/?s={search_term_string}\"},\"query-input\":\"required name=search_term_string\"}],\"inLanguage\":\"hr\"}]}<\/script>\n<!-- \/ Yoast SEO plugin. -->","yoast_head_json":{"title":"Zra\u010dne luke u Austriji, karta, kodovi i informacije o dolasku","description":"Popis zra\u010dnih luka u Austriji, kodovi zra\u010dnih luka i informacije o dolasku, karta zra\u010dnih luka u Austriji s brojem putnika.","robots":{"index":"index","follow":"follow","max-snippet":"max-snippet:-1","max-image-preview":"max-image-preview:large","max-video-preview":"max-video-preview:-1"},"canonical":"https:\/\/traveling.com\/hr\/blog\/zracne-luke-u-austriji\/","og_locale":"hr_HR","og_type":"article","og_title":"Zra\u010dne luke u Austriji, karta, kodovi i informacije o dolasku","og_description":"Popis zra\u010dnih luka u Austriji, kodovi zra\u010dnih luka i informacije o dolasku, karta zra\u010dnih luka u Austriji s brojem putnika.","og_url":"https:\/\/traveling.com\/hr\/blog\/zracne-luke-u-austriji\/","og_site_name":"Traveling.com Blog","article_modified_time":"2025-03-24T10:58:52+00:00","og_image":[{"url":"https:\/\/getbybus.com\/hr\/blog\/wp-content\/uploads\/2023\/04\/Austrian-airports.jpg"}],"twitter_card":"summary_large_image","twitter_misc":{"Est. reading time":"4 minutes"},"schema":{"@context":"https:\/\/schema.org","@graph":[{"@type":"WebPage","@id":"https:\/\/traveling.com\/hr\/blog\/zracne-luke-u-austriji\/","url":"https:\/\/traveling.com\/hr\/blog\/zracne-luke-u-austriji\/","name":"Zra\u010dne luke u Austriji, karta, kodovi i informacije o dolasku","isPartOf":{"@id":"https:\/\/traveling.com\/hr\/blog\/#website"},"datePublished":"2023-04-07T07:00:00+00:00","dateModified":"2025-03-24T10:58:52+00:00","description":"Popis zra\u010dnih luka u Austriji, kodovi zra\u010dnih luka i informacije o dolasku, karta zra\u010dnih luka u Austriji s brojem putnika.","breadcrumb":{"@id":"https:\/\/traveling.com\/hr\/blog\/zracne-luke-u-austriji\/#breadcrumb"},"inLanguage":"hr","potentialAction":[{"@type":"ReadAction","target":["https:\/\/traveling.com\/hr\/blog\/zracne-luke-u-austriji\/"]}]},{"@type":"BreadcrumbList","@id":"https:\/\/traveling.com\/hr\/blog\/zracne-luke-u-austriji\/#breadcrumb","itemListElement":[{"@type":"ListItem","position":1,"name":"Home","item":"https:\/\/traveling.com\/hr\/blog\/"},{"@type":"ListItem","position":2,"name":"Zra\u010dne luke u Austriji"}]},{"@type":"WebSite","@id":"https:\/\/traveling.com\/hr\/blog\/#website","url":"https:\/\/traveling.com\/hr\/blog\/","name":"Traveling.com Blog","description":"Tvoj najbolji vodi\u010d na putovanju","potentialAction":[{"@type":"SearchAction","target":{"@type":"EntryPoint","urlTemplate":"https:\/\/traveling.com\/hr\/blog\/?s={search_term_string}"},"query-input":"required name=search_term_string"}],"inLanguage":"hr"}]}},"_links":{"self":[{"href":"https:\/\/traveling.com\/hr\/blog\/wp-json\/wp\/v2\/pages\/17741"}],"collection":[{"href":"https:\/\/traveling.com\/hr\/blog\/wp-json\/wp\/v2\/pages"}],"about":[{"href":"https:\/\/traveling.com\/hr\/blog\/wp-json\/wp\/v2\/types\/page"}],"author":[{"embeddable":true,"href":"https:\/\/traveling.com\/hr\/blog\/wp-json\/wp\/v2\/users\/1"}],"replies":[{"embeddable":true,"href":"https:\/\/traveling.com\/hr\/blog\/wp-json\/wp\/v2\/comments?post=17741"}],"version-history":[{"count":4,"href":"https:\/\/traveling.com\/hr\/blog\/wp-json\/wp\/v2\/pages\/17741\/revisions"}],"predecessor-version":[{"id":17746,"href":"https:\/\/traveling.com\/hr\/blog\/wp-json\/wp\/v2\/pages\/17741\/revisions\/17746"}],"wp:attachment":[{"href":"https:\/\/traveling.com\/hr\/blog\/wp-json\/wp\/v2\/media?parent=17741"}],"curies":[{"name":"wp","href":"https:\/\/api.w.org\/{rel}","templated":true}]}}