{"id":18596,"date":"2020-10-15T11:29:00","date_gmt":"2020-10-15T09:29:00","guid":{"rendered":"https:\/\/getbybus.com\/hr\/blog\/?page_id=18596"},"modified":"2025-10-23T14:12:12","modified_gmt":"2025-10-23T12:12:12","slug":"popgbbsbox","status":"publish","type":"page","link":"https:\/\/traveling.com\/hr\/blog\/popgbbsbox\/","title":{"rendered":"15% popusta u Traveling.com mobilnoj aplikaciji"},"content":{"rendered":"\n<p>Ve\u0107 ti je dosta faksa?<\/p>\n\n\n\n<p>Tu smo da ti olak\u0161amo! Darujemo ti <strong>popust za putovanje<\/strong><sup>*<\/sup> bilo gdje u Hrvatskoj.<\/p>\n\n\n\n<p>\u017deli\u0161 posjetiti svoje ili oti\u0107i na izlet s ekipom? Ne treba\u0161 vi\u0161e \u010dekati da se povisi studentska satnica, sve \u0161to treba\u0161 je:<br><\/p>\n\n\n\n<ol>\n<li>Upisati svoju<strong> email<\/strong> adresu u nastavku<\/li>\n\n\n\n<li>Baciti oko na inbox &#8211; \u0161aljemo ti <strong>voucher s popustom<\/strong>!<\/li>\n\n\n\n<li>Izabrati gdje \u017eeli\u0161 putovati<\/li>\n<\/ol>\n\n\n<div class=\"\"><div class='_form_44'><\/div><script type='text\/javascript' src='https:\/\/getbybus.activehosted.com\/f\/embed.php?static=0&id=44&69F7D1DB2FC32&nostyles=0&preview=0'><\/script><\/div>\n\n\n<hr class=\"wp-block-separator has-css-opacity\"\/>\n\n\n\n<center><h3 class=\"has-text-align-center\"><span class=\"ez-toc-section\" id=\"Kupon_s_15_popusta_iskoristi_u_mobilnoj_aplikaciji_Travelingcom\"><\/span>Kupon s 15% popusta iskoristi u mobilnoj aplikaciji Traveling.com<span class=\"ez-toc-section-end\"><\/span><\/h3><\/center>\n\n\n\n<center><h3 class=\"has-text-color\" style=\"color:#2a2a2a\"><span class=\"ez-toc-section\" id=\"Ako_vec_nisi_preuzmi_nasu_Travelingcom_aplikaciju_ovdje\"><\/span>Ako ve\u0107 nisi, preuzmi na\u0161u Traveling.com aplikaciju ovdje:<span class=\"ez-toc-section-end\"><\/span><\/h3><\/center>\n\n\n\n<div class=\"is-layout-flex wp-container-3 wp-block-columns\">\n<div class=\"is-layout-flow wp-block-column\"><div class=\"wp-block-image\">\n<figure class=\"aligncenter size-large is-resized\"><a href=\"https:\/\/apps.apple.com\/hr\/app\/Traveling.com\/id973441890\"><img decoding=\"async\" src=\"https:\/\/d2bgjx2gb489de.cloudfront.net\/apps\/shared-images\/v1.0.69\/images\/icons\/appstore\/appstore-ico-us.svg\" alt=\"\" width=\"171\" height=\"51\"\/><\/a><\/figure><\/div><\/div>\n\n\n\n<div class=\"is-layout-flow wp-block-column\"><div class=\"wp-block-image\">\n<figure class=\"aligncenter size-large is-resized\"><a href=\"https:\/\/play.google.com\/store\/apps\/details?id=com.Traveling.com.mobile&amp;hl=en&amp;gl=US\"><img decoding=\"async\" src=\"https:\/\/d2bgjx2gb489de.cloudfront.net\/apps\/shared-images\/v1.0.69\/images\/icons\/googlestore\/google-play-ico-en.svg\" alt=\"\" width=\"169\" height=\"50\"\/><\/a><\/figure><\/div><\/div>\n<\/div>\n\n\n\n<hr class=\"wp-block-separator has-css-opacity\"\/>\n\n\n\n<h3><span class=\"ez-toc-section\" id=\"Zasto_Travelingcom_mobilna_aplikacija_Svi_polasci_na_tvom_dlanu\"><\/span><mark style=\"background-color:rgba(0, 0, 0, 0);color:#2a2a2a\" class=\"has-inline-color\">Za\u0161to Traveling.com mobilna aplikacija? Svi polasci na tvom dlanu!<\/mark><span class=\"ez-toc-section-end\"><\/span><\/h3>\n\n\n\n<p>Predstavljamo ti <strong>Traveling.com App<\/strong> &#8211; na\u0161u mobilnu aplikaciju u kojoj mo\u017ee\u0161 prona\u0107i sve <a href=\"https:\/\/Traveling.com\/hr\/\" target=\"_blank\" rel=\"noreferrer noopener\">Traveling.com<\/a> linije. <\/p>\n\n\n\n<p>Na ovaj na\u010din se svi polasci (autobusne i trajektne linije) nalaze na tvom dlanu. Putovanje nikada nije bilo jednostavnije!<\/p>\n\n\n\n<h4><span class=\"ez-toc-section\" id=\"Prednosti_koristenja_Travelingcom_mobilne_aplikacije\"><\/span><strong><mark style=\"background-color:rgba(0, 0, 0, 0);color:#2a2a2a\" class=\"has-inline-color\">Prednosti kori\u0161tenja Traveling.com mobilne aplikacije<\/mark><\/strong><span class=\"ez-toc-section-end\"><\/span><\/h4>\n\n\n\n<ul>\n<li><strong>Prona\u0111i najbolje rute i cijene za putovanja<br><\/strong>Traveling.com aplikacija omogu\u0107ava ti lako pretra\u017eivanje i uspore\u0111ivanje najboljih ruta i cijena za putovanja autobusom ili trajektom na jednom mjestu. Uz to, poma\u017ee ti u\u0161tedjeti vrijeme i novac.<br><\/li>\n\n\n\n<li><strong>Rezerviraj svoje karte brzo i jednostavno<br><\/strong>Zaboravi na \u017eongliranje izme\u0111u vi\u0161e web stranica \u2013 Traveling.com aplikacija ima sve \u0161to ti treba na jednom mjestu!<br><\/li>\n\n\n\n<li><strong>Pristupi svojim kartama dok si u pokretu<br><\/strong>Traveling.com aplikacija daje ti slobodu da pristupi\u0161 svojim kartama i va\u017enim informacijama o putovanju u bilo koje vrijeme i bilo gdje tijekom putovanja.<br><\/li>\n\n\n\n<li><strong>Putuj bez stresa<br><\/strong>Traveling.com mobilnu aplikaciju smo osmislili kako bi tvoje putovanje autobusom u\u010dinili \u0161to jednostavnijim. U njoj \u0107e\u0161 prona\u0107i sve informacije i alate potrebne za planiranje i u\u017eivanje u putovanju!<\/li>\n<\/ul>\n\n\n\n<hr class=\"wp-block-separator has-css-opacity\"\/>\n\n\n\n<h3><span class=\"ez-toc-section\" id=\"Clanci_koji_bi_te_mogli_zanimati\"><\/span>\u010clanci koji bi te mogli zanimati<span class=\"ez-toc-section-end\"><\/span><\/h3>\n\n\n\n<div class=\"is-layout-flow wp-block-group\"><div class=\"wp-block-group__inner-container\">\n<div class=\"is-layout-flex wp-container-7 wp-block-columns are-vertically-aligned-top .wp-block-columns.are-vertically-aligned-top { display: flex; } @media (max-width: 768px) flex-direction: column;\">\n<div class=\"is-layout-flow wp-block-column is-vertically-aligned-top\">\n<p class=\"has-text-align-left\"><a href=\"https:\/\/Traveling.com\/hr\/blog\/jesen-u-nacionalnom-parku-plitvicka-jezera\/\">Jesen u Nacionalnom parku Plitvi\u010dka jezera<\/a><\/p>\n<\/div>\n\n\n\n<div class=\"is-layout-flow wp-block-column is-vertically-aligned-top\">\n<p class=\"has-text-align-left\"><a href=\"https:\/\/Traveling.com\/hr\/blog\/najpopularnije-instagram-lokacije-u-hrvatskoj\/\">50 najpopularnijih Instagram lokacija u Hrvatskoj u 2023.<\/a><\/p>\n<\/div>\n\n\n\n<div class=\"is-layout-flow wp-block-column is-vertically-aligned-top\">\n<p><a href=\"https:\/\/Traveling.com\/hr\/blog\/jesen-u-nacionalnom-parku-krka\/\">Jesen u Nacionalnom parku Krka<\/a><\/p>\n<\/div>\n<\/div>\n<\/div><\/div>\n\n\n\n<p>Posjeti nas i na na\u0161em <a href=\"https:\/\/www.youtube.com\/@get-by\/featured\" target=\"_blank\" rel=\"noreferrer noopener\">YouTube<\/a> kanalu gdje dijelimo razne savjete o putovanjima.<\/p>\n","protected":false},"excerpt":{"rendered":"<p>Ve\u0107 ti je dosta faksa? Tu smo da ti olak\u0161amo! Darujemo ti popust za putovanje* bilo gdje u Hrvatskoj. \u017deli\u0161 posjetiti svoje ili oti\u0107i na izlet s ekipom? Ne treba\u0161 vi\u0161e \u010dekati da se povisi studentska satnica, sve \u0161to treba\u0161 je: Kupon s 15% popusta iskoristi u mobilnoj aplikaciji Traveling.com Ako ve\u0107 nisi, preuzmi na\u0161u [&hellip;]<\/p>\n<p><a class=\"more-link btn btn-primary\" href=\"https:\/\/traveling.com\/hr\/blog\/popgbbsbox\/\"> Continue reading&#8230;<\/a><\/p>\n","protected":false},"author":1,"featured_media":23699,"parent":0,"menu_order":199,"comment_status":"closed","ping_status":"closed","template":"page-single-column.php","meta":[],"yoast_head":"<!-- This site is optimized with the Yoast SEO plugin v19.8 - https:\/\/yoast.com\/wordpress\/plugins\/seo\/ -->\n<title>15% popusta u Traveling.com mobilnoj aplikaciji<\/title>\n<meta name=\"robots\" content=\"noindex, follow\" \/>\n<meta property=\"og:locale\" content=\"hr_HR\" \/>\n<meta property=\"og:type\" content=\"article\" \/>\n<meta property=\"og:title\" content=\"15% popusta u Traveling.com mobilnoj aplikaciji\" \/>\n<meta property=\"og:description\" content=\"Ve\u0107 ti je dosta faksa? Tu smo da ti olak\u0161amo! Darujemo ti popust za putovanje* bilo gdje u Hrvatskoj. \u017deli\u0161 posjetiti svoje ili oti\u0107i na izlet s ekipom? Ne treba\u0161 vi\u0161e \u010dekati da se povisi studentska satnica, sve \u0161to treba\u0161 je: Kupon s 15% popusta iskoristi u mobilnoj aplikaciji Traveling.com Ako ve\u0107 nisi, preuzmi na\u0161u [&hellip;] Continue reading...\" \/>\n<meta property=\"og:url\" content=\"https:\/\/traveling.com\/hr\/blog\/popgbbsbox\/\" \/>\n<meta property=\"og:site_name\" content=\"Traveling.com Blog\" \/>\n<meta property=\"article:modified_time\" content=\"2025-10-23T12:12:12+00:00\" \/>\n<meta property=\"og:image\" content=\"https:\/\/d2bgjx2gb489de.cloudfront.net\/gbb-blogs\/wp-content\/uploads\/2025\/09\/12103015\/Tvoja-Travel-Aplikacija-889-x-329-px.png\" \/>\n\t<meta property=\"og:image:width\" content=\"889\" \/>\n\t<meta property=\"og:image:height\" content=\"329\" \/>\n\t<meta property=\"og:image:type\" content=\"image\/png\" \/>\n<meta name=\"twitter:card\" content=\"summary_large_image\" \/>\n<meta name=\"twitter:label1\" content=\"Est. reading time\" \/>\n\t<meta name=\"twitter:data1\" content=\"2 minutes\" \/>\n<script type=\"application\/ld+json\" class=\"yoast-schema-graph\">{\"@context\":\"https:\/\/schema.org\",\"@graph\":[{\"@type\":\"WebPage\",\"@id\":\"https:\/\/traveling.com\/hr\/blog\/popgbbsbox\/\",\"url\":\"https:\/\/traveling.com\/hr\/blog\/popgbbsbox\/\",\"name\":\"15% popusta u Traveling.com mobilnoj aplikaciji\",\"isPartOf\":{\"@id\":\"https:\/\/traveling.com\/hr\/blog\/#website\"},\"datePublished\":\"2020-10-15T09:29:00+00:00\",\"dateModified\":\"2025-10-23T12:12:12+00:00\",\"breadcrumb\":{\"@id\":\"https:\/\/traveling.com\/hr\/blog\/popgbbsbox\/#breadcrumb\"},\"inLanguage\":\"hr\",\"potentialAction\":[{\"@type\":\"ReadAction\",\"target\":[\"https:\/\/traveling.com\/hr\/blog\/popgbbsbox\/\"]}]},{\"@type\":\"BreadcrumbList\",\"@id\":\"https:\/\/traveling.com\/hr\/blog\/popgbbsbox\/#breadcrumb\",\"itemListElement\":[{\"@type\":\"ListItem\",\"position\":1,\"name\":\"Home\",\"item\":\"https:\/\/traveling.com\/hr\/blog\/\"},{\"@type\":\"ListItem\",\"position\":2,\"name\":\"15% popusta u Traveling.com mobilnoj aplikaciji\"}]},{\"@type\":\"WebSite\",\"@id\":\"https:\/\/traveling.com\/hr\/blog\/#website\",\"url\":\"https:\/\/traveling.com\/hr\/blog\/\",\"name\":\"Traveling.com Blog\",\"description\":\"Tvoj najbolji vodi\u010d na putovanju\",\"potentialAction\":[{\"@type\":\"SearchAction\",\"target\":{\"@type\":\"EntryPoint\",\"urlTemplate\":\"https:\/\/traveling.com\/hr\/blog\/?s={search_term_string}\"},\"query-input\":\"required name=search_term_string\"}],\"inLanguage\":\"hr\"}]}<\/script>\n<!-- \/ Yoast SEO plugin. -->","yoast_head_json":{"title":"15% popusta u Traveling.com mobilnoj aplikaciji","robots":{"index":"noindex","follow":"follow"},"og_locale":"hr_HR","og_type":"article","og_title":"15% popusta u Traveling.com mobilnoj aplikaciji","og_description":"Ve\u0107 ti je dosta faksa? Tu smo da ti olak\u0161amo! Darujemo ti popust za putovanje* bilo gdje u Hrvatskoj. \u017deli\u0161 posjetiti svoje ili oti\u0107i na izlet s ekipom? Ne treba\u0161 vi\u0161e \u010dekati da se povisi studentska satnica, sve \u0161to treba\u0161 je: Kupon s 15% popusta iskoristi u mobilnoj aplikaciji Traveling.com Ako ve\u0107 nisi, preuzmi na\u0161u [&hellip;] Continue reading...","og_url":"https:\/\/traveling.com\/hr\/blog\/popgbbsbox\/","og_site_name":"Traveling.com Blog","article_modified_time":"2025-10-23T12:12:12+00:00","og_image":[{"width":889,"height":329,"url":"https:\/\/d2bgjx2gb489de.cloudfront.net\/gbb-blogs\/wp-content\/uploads\/2025\/09\/12103015\/Tvoja-Travel-Aplikacija-889-x-329-px.png","type":"image\/png"}],"twitter_card":"summary_large_image","twitter_misc":{"Est. reading time":"2 minutes"},"schema":{"@context":"https:\/\/schema.org","@graph":[{"@type":"WebPage","@id":"https:\/\/traveling.com\/hr\/blog\/popgbbsbox\/","url":"https:\/\/traveling.com\/hr\/blog\/popgbbsbox\/","name":"15% popusta u Traveling.com mobilnoj aplikaciji","isPartOf":{"@id":"https:\/\/traveling.com\/hr\/blog\/#website"},"datePublished":"2020-10-15T09:29:00+00:00","dateModified":"2025-10-23T12:12:12+00:00","breadcrumb":{"@id":"https:\/\/traveling.com\/hr\/blog\/popgbbsbox\/#breadcrumb"},"inLanguage":"hr","potentialAction":[{"@type":"ReadAction","target":["https:\/\/traveling.com\/hr\/blog\/popgbbsbox\/"]}]},{"@type":"BreadcrumbList","@id":"https:\/\/traveling.com\/hr\/blog\/popgbbsbox\/#breadcrumb","itemListElement":[{"@type":"ListItem","position":1,"name":"Home","item":"https:\/\/traveling.com\/hr\/blog\/"},{"@type":"ListItem","position":2,"name":"15% popusta u Traveling.com mobilnoj aplikaciji"}]},{"@type":"WebSite","@id":"https:\/\/traveling.com\/hr\/blog\/#website","url":"https:\/\/traveling.com\/hr\/blog\/","name":"Traveling.com Blog","description":"Tvoj najbolji vodi\u010d na putovanju","potentialAction":[{"@type":"SearchAction","target":{"@type":"EntryPoint","urlTemplate":"https:\/\/traveling.com\/hr\/blog\/?s={search_term_string}"},"query-input":"required name=search_term_string"}],"inLanguage":"hr"}]}},"_links":{"self":[{"href":"https:\/\/traveling.com\/hr\/blog\/wp-json\/wp\/v2\/pages\/18596"}],"collection":[{"href":"https:\/\/traveling.com\/hr\/blog\/wp-json\/wp\/v2\/pages"}],"about":[{"href":"https:\/\/traveling.com\/hr\/blog\/wp-json\/wp\/v2\/types\/page"}],"author":[{"embeddable":true,"href":"https:\/\/traveling.com\/hr\/blog\/wp-json\/wp\/v2\/users\/1"}],"replies":[{"embeddable":true,"href":"https:\/\/traveling.com\/hr\/blog\/wp-json\/wp\/v2\/comments?post=18596"}],"version-history":[{"count":68,"href":"https:\/\/traveling.com\/hr\/blog\/wp-json\/wp\/v2\/pages\/18596\/revisions"}],"predecessor-version":[{"id":23703,"href":"https:\/\/traveling.com\/hr\/blog\/wp-json\/wp\/v2\/pages\/18596\/revisions\/23703"}],"wp:featuredmedia":[{"embeddable":true,"href":"https:\/\/traveling.com\/hr\/blog\/wp-json\/wp\/v2\/media\/23699"}],"wp:attachment":[{"href":"https:\/\/traveling.com\/hr\/blog\/wp-json\/wp\/v2\/media?parent=18596"}],"curies":[{"name":"wp","href":"https:\/\/api.w.org\/{rel}","templated":true}]}}