{"id":341,"date":"2015-09-23T08:42:22","date_gmt":"2015-09-23T06:42:22","guid":{"rendered":"https:\/\/getbybus.com\/hr\/blog\/?page_id=341"},"modified":"2025-03-23T21:13:37","modified_gmt":"2025-03-23T19:13:37","slug":"odlaganje-prtljage-na-kolodvorima-u-hrvatskoj","status":"publish","type":"page","link":"https:\/\/traveling.com\/hr\/blog\/odlaganje-prtljage-na-kolodvorima-u-hrvatskoj\/","title":{"rendered":"Odlaganje prtljage na kolodvorima u Hrvatskoj"},"content":{"rendered":"\n<p>Tra\u017ei\u0161 mjesto gdje mo\u017ee\u0161 ostaviti prtljagu dok istra\u017euje\u0161 Hrvatsku? Bez obzira provodi\u0161 li cijeli dan u gradu ili samo \u010deka\u0161 sljede\u0107i autobus \u2014 imamo rje\u0161enje za tebe.<\/p>\n\n\n\n<p>Ovaj vodi\u010d \u0107e ti pomo\u0107i prona\u0107i skladi\u0161ta prtljage na autobusnim kolodvorima diljem Hrvatske \u2014 tako da mo\u017ee\u0161 istra\u017eivati bez tereta!<\/p>\n\n\n\n<h2><span class=\"ez-toc-section\" id=\"Odlaganje_prtljage_u_Sjevernoj_Hrvatskoj\"><\/span><strong>Odlaganje prtljage u Sjevernoj Hrvatskoj<\/strong><span class=\"ez-toc-section-end\"><\/span><\/h2>\n\n\n\n<h3><span class=\"ez-toc-section\" id=\"Zagreb\"><\/span><strong>Zagreb<\/strong><span class=\"ez-toc-section-end\"><\/span><\/h3>\n\n\n\n<p>Skladi\u0161te prtljage na <a href=\"https:\/\/traveling.com\/hr\/bus\/kolodvor\/autobusni-kolodvor-zagreb\">Autobusnom kolodvoru Zagreb<\/a> nalazi se unutar zgrade kolodvora na adresi Avenija Marina Dr\u017ei\u0107a 4, pokraj dolazne platforme 106.<br>Otvoreno je svaki dan od 6:00 do 22:00 sata. Mo\u017ee\u0161 ostaviti standardnu prtljagu (do 40 kg) uz naplatu po satu, s razli\u010ditim tarifama za ve\u0107e predmete poput bicikala ili skija. U blizini su tako\u0111er dostupne privatne opcije skladi\u0161tenja \u2014 provjeri cijene kod pru\u017eatelja jer se mogu mijenjati.<\/p>\n\n\n\n<h3><span class=\"ez-toc-section\" id=\"Karlovac\"><\/span>Karlovac<span class=\"ez-toc-section-end\"><\/span><\/h3>\n\n\n\n<p>Ako si u Karlovcu, dostupno ti je skladi\u0161te prtljage na <a href=\"https:\/\/traveling.com\/hr\/bus\/kolodvor\/autobusni-kolodvor-karlovac\">Autobusnom kolodvoru<\/a>. Kolodvor se nalazi na adresi Prilaz Ve\u0107eslava Holjevca 2. Za to\u010dne informacije o radnom vremenu i cijenama preporu\u010duje se da se obrati\u0161 izravno na kolodvor ili provjeri\u0161 na \u0161alteru po dolasku.<\/p>\n\n\n\n<h3><span class=\"ez-toc-section\" id=\"Varazdin\"><\/span>Vara\u017edin<span class=\"ez-toc-section-end\"><\/span><\/h3>\n\n\n\n<p><a href=\"https:\/\/traveling.com\/hr\/bus\/kolodvor\/autobusni-kolodvor-varazdin\">Autobusni kolodvor Vara\u017edin<\/a>, smje\u0161ten na adresi Zrinskih i Frankopana BB, nudi skladi\u0161te prtljage kako bi mogao\/la istra\u017eivati grad bez tereta. Informacije o radnom vremenu i cijenama mo\u017eda nisu dostupne online, ali osoblje na kolodvoru rado \u0107e ti pomo\u0107i.<\/p>\n\n\n\n<h2><span class=\"ez-toc-section\" id=\"Skladiste_prtljage_u_Zapadnoj_Hrvatskoj_Istra_i_Kvarner\"><\/span>Skladi\u0161te prtljage u Zapadnoj Hrvatskoj (Istra i Kvarner)<span class=\"ez-toc-section-end\"><\/span><\/h2>\n\n\n\n<h3><span class=\"ez-toc-section\" id=\"Rijeka\"><\/span>Rijeka<span class=\"ez-toc-section-end\"><\/span><\/h3>\n\n\n\n<p>Skladi\u0161te prtljage na <a href=\"https:\/\/traveling.com\/hr\/bus\/kolodvor\/autobusni-kolodvor-rijeka\">Autobusnom kolodvoru Rijeka<\/a> nalazi se unutar zgrade kolodvora na adresi \u017dabica 1, odmah pokraj kioska. Otvoreno je svaki dan od 6:00 do 22:00 sata. Mo\u017ee\u0161 ostaviti prtljagu uz naplatu po satu \u2014 za najnovije cijene provjeri izravno na kolodvoru.<\/p>\n\n\n\n<h3><span class=\"ez-toc-section\" id=\"Pula\"><\/span>Pula<span class=\"ez-toc-section-end\"><\/span><\/h3>\n\n\n\n<p>Skladi\u0161te prtljage na <a href=\"https:\/\/traveling.com\/hr\/bus\/kolodvor\/autobusni-kolodvor-pula\">Autobusnom kolodvoru Pula<\/a> nalazi se unutar zgrade kolodvora na adresi Trg 1. istarske brigade 1. Otvoreno je 24\/7, \u0161to ga \u010dini prakti\u010dnim rje\u0161enjem za ostavljanje prtljage dok istra\u017euje\u0161 grad. Skladi\u0161te je lako dostupno i jednostavno za kori\u0161tenje.<\/p>\n\n\n\n<h3><span class=\"ez-toc-section\" id=\"Rovinj\"><\/span>Rovinj<span class=\"ez-toc-section-end\"><\/span><\/h3>\n\n\n\n<p>Odlagali\u0161te prtljage na <a href=\"https:\/\/traveling.com\/hr\/bus\/kolodvor\/autobusni-kolodvor-rovinj\">Autobusnom kolodvoru Rovinj<\/a> nalazi se unutar zgrade kolodvora na adresi Trg na lokvi 6. Otvoreno je svaki dan od 6:00 do 20:00 sati, nude\u0107i prakti\u010dno mjesto za ostavljanje prtljage dok istra\u017euje\u0161 grad.<\/p>\n\n\n\n<h3><span class=\"ez-toc-section\" id=\"Porec\"><\/span>Pore\u010d<span class=\"ez-toc-section-end\"><\/span><\/h3>\n\n\n\n<p>Skladi\u0161te prtljage na <a href=\"https:\/\/traveling.com\/hr\/bus\/kolodvor\/autobusni-kolodvor-porec\">Autobusnom kolodvoru Pore\u010d<\/a> nalazi se unutar zgrade kolodvora na adresi Karla Huguesa 2. Otvoreno je svaki dan od 6:00 do 22:00 sata, pru\u017eaju\u0107i jednostavno rje\u0161enje za sigurno ostavljanje prtljage tijekom istra\u017eivanja grada.<\/p>\n\n\n\n<h3><span class=\"ez-toc-section\" id=\"Umag\"><\/span>Umag<span class=\"ez-toc-section-end\"><\/span><\/h3>\n\n\n\n<p>Odlaganje prtljage na <a href=\"https:\/\/traveling.com\/hr\/bus\/kolodvor\/autobusni-kolodvor-umag\">Autobusnom kolodvoru Umag<\/a> smje\u0161teno je na adresi Joakima Rakovca bb. Otvoreno je svaki dan od 6:00 do 20:00 sati, nude\u0107i prakti\u010dno rje\u0161enje za ostavljanje prtljage dok istra\u017euje\u0161 grad.<\/p>\n\n\n\n<h3><span class=\"ez-toc-section\" id=\"Crikvenica\"><\/span>Crikvenica<span class=\"ez-toc-section-end\"><\/span><\/h3>\n\n\n\n<p>Odlaganje prtljage na <a href=\"https:\/\/traveling.com\/hr\/bus\/kolodvor\/autobusni-kolodvor-crikvenica\">Autobusnom kolodvoru Crikvenica<\/a> nalazi se na adresi Nike Velja\u010di\u0107a 3. Obi\u010dno je otvoreno od ranog jutra do ve\u010deri, s produljenim radnim vremenom tijekom turisti\u010dke sezone. Iako detalji o radnom vremenu i cijenama mo\u017eda nisu dostupni online, odlaganje prtljage je obi\u010dno dostupno za putnike koji prolaze kroz Crikvenicu.<\/p>\n\n\n\n<h3><span class=\"ez-toc-section\" id=\"Novi_Vinodolski\"><\/span><strong>Novi Vinodolski<\/strong><span class=\"ez-toc-section-end\"><\/span><\/h3>\n\n\n\n<p>Ako treba\u0161 ostaviti prtljagu dok istra\u017euje\u0161 Novi Vinodolski, odlaganje prtljage dostupno je na <a href=\"https:\/\/traveling.com\/hr\/bus\/kolodvor\/autobusni-kolodvor-novi-vinodolski\">Autobusnom kolodvoru<\/a> na adresi Kralja Tomislava bb. Obi\u010dno radi od 6:15 do 21:15 sati tijekom sezone i od 7:00 do 19:30 sati izvan sezone, ali za najnovije informacije provjeri izravno na kolodvoru.<\/p>\n\n\n\n<h2><span class=\"ez-toc-section\" id=\"Odlaganje_prtljage_u_Istocnoj_Hrvatskoj\"><\/span><strong>Odlaganje prtljage u Isto\u010dnoj Hrvatskoj<\/strong><span class=\"ez-toc-section-end\"><\/span><\/h2>\n\n\n\n<h3><span class=\"ez-toc-section\" id=\"Osijek\"><\/span>Osijek<span class=\"ez-toc-section-end\"><\/span><\/h3>\n\n\n\n<p>Odlaganje prtljage na <a href=\"https:\/\/traveling.com\/hr\/bus\/kolodvor\/autobusni-kolodvor-osijek\">Autobusnom kolodvoru Osijek<\/a> dostupno je na adresi Bartola Ka\u0161i\u0107a 70. Kolodvor je udaljen oko 1 km od centra grada, \u0161to omogu\u0107uje lako istra\u017eivanje grada bez no\u0161enja prtljage.<\/p>\n\n\n\n<h3><span class=\"ez-toc-section\" id=\"Vukovar\"><\/span>Vukovar<span class=\"ez-toc-section-end\"><\/span><\/h3>\n\n\n\n<p><a href=\"https:\/\/traveling.com\/hr\/bus\/kolodvor\/autobusni-kolodvor-vukovar\">Autobusni kolodvor Vukovar<\/a>, smje\u0161ten na adresi Josipa Jurja Strossmayera 2, nudi uslugu odlaganja prtljage za putnike. Radno vrijeme obi\u010dno je od 6:00 do 22:00 sata, ali je preporu\u010dljivo provjeriti to\u010dne informacije na licu mjesta.<\/p>\n\n\n\n<h2><span class=\"ez-toc-section\" id=\"Odlaganje_prtljage_u_Juznoj_Hrvatskoj\"><\/span><strong>Odlaganje prtljage u Ju\u017enoj Hrvatskoj<\/strong><span class=\"ez-toc-section-end\"><\/span><\/h2>\n\n\n\n<h3><span class=\"ez-toc-section\" id=\"Zadar\"><\/span>Zadar<span class=\"ez-toc-section-end\"><\/span><\/h3>\n\n\n\n<p>Odlaganje prtljage na <a href=\"https:\/\/traveling.com\/hr\/bus\/kolodvor\/autobusni-kolodvor-zadar\">Autobusnom kolodvoru Zadar<\/a> nalazi se na adresi Ante Star\u010devi\u0107a 1. Objekt radi svakodnevno od 5:30 do 22:00 sata. Kolodvor nudi sigurnosno jamstvo za pohranjenu prtljagu do odre\u0111enog iznosa, pru\u017eaju\u0107i ti mir dok istra\u017euje\u0161 grad.<\/p>\n\n\n\n<h3><span class=\"ez-toc-section\" id=\"Sibenik\"><\/span>\u0160ibenik<span class=\"ez-toc-section-end\"><\/span><\/h3>\n\n\n\n<p><a href=\"https:\/\/traveling.com\/hr\/bus\/kolodvor\/autobusni-kolodvor-sibenik\">Autobusni kolodvor u \u0160ibeniku<\/a> nudi sigurno odlaganje prtljage na adresi Draga 14. Objekt radi svakodnevno od 6:00 do 22:00 sata, pru\u017eaju\u0107i sigurno mjesto za \u010duvanje prtljage dok istra\u017euje\u0161 grad.<\/p>\n\n\n\n<h3><span class=\"ez-toc-section\" id=\"Split\"><\/span>Split<span class=\"ez-toc-section-end\"><\/span><\/h3>\n\n\n\n<p>Odlaganje prtljage na <a href=\"https:\/\/traveling.com\/hr\/bus\/kolodvor\/autobusni-kolodvor-split\">Autobusnom kolodvoru Split<\/a> nalazi se na adresi Obala kneza Domagoja 12. Radi od 6:00 do 22:00 sata tijekom ljeta, a izvan sezone od 7:00 do 21:00 sat.<br>Ako ne prona\u0111e\u0161 mjesto za prtljagu na kolodvoru, postoji i skladi\u0161te na obli\u017enjoj \u017eeljezni\u010dkoj stanici sli\u010dnog radnog vremena. Osim toga, dostupne su i privatne opcije \u010duvanja prtljage u gradu.<\/p>\n\n\n\n<h3><span class=\"ez-toc-section\" id=\"Trogir\"><\/span>Trogir<span class=\"ez-toc-section-end\"><\/span><\/h3>\n\n\n\n<p>Ako tra\u017ei\u0161 mjesto za odlaganje prtljage u Trogiru, provjeri <a href=\"https:\/\/traveling.com\/hr\/bus\/kolodvor\/autobusni-kolodvor-trogir\">autobusni kolodvor<\/a> koji se nalazi na adresi Kneza Trpimira 2, oko 500 metara od starog grada. Osim na kolodvoru, dostupne su i privatne opcije skladi\u0161tenja u blizini.<\/p>\n\n\n\n<h3><span class=\"ez-toc-section\" id=\"Makarska\"><\/span>Makarska<span class=\"ez-toc-section-end\"><\/span><\/h3>\n\n\n\n<p>Skladi\u0161te prtljage na <a href=\"https:\/\/traveling.com\/hr\/bus\/kolodvor\/autobusni-kolodvor-makarska\">Autobusnom kolodvoru Makarska<\/a> nalazi se na adresi Ante Star\u010devi\u0107a 30. Kolodvor je smje\u0161ten u sredi\u0161tu grada, pokraj gradske luke. Centar grada nudi dodatne mogu\u0107nosti za \u010duvanje prtljage.<\/p>\n\n\n\n<h3><span class=\"ez-toc-section\" id=\"Dubrovnik\"><\/span><strong>Dubrovnik<\/strong><span class=\"ez-toc-section-end\"><\/span><\/h3>\n\n\n\n<p>Ured za odlaganje prtljage na <a href=\"https:\/\/traveling.com\/hr\/bus\/kolodvor\/autobusni-kolodvor-dubrovnik\">Autobusnom kolodvoru u Dubrovniku<\/a> smje\u0161ten je na adresi Obala Pape Ivana Pavla II 44A. Objekt radi svakodnevno od 6:30 do 22:00 sata, s pauzama od 9:00 do 9:30 i od 16:00 do 16:30 sati.<\/p>\n","protected":false},"excerpt":{"rendered":"<p>Tra\u017ei\u0161 mjesto gdje mo\u017ee\u0161 ostaviti prtljagu dok istra\u017euje\u0161 Hrvatsku? Bez obzira provodi\u0161 li cijeli dan u gradu ili samo \u010deka\u0161 sljede\u0107i autobus \u2014 imamo rje\u0161enje za tebe. Ovaj vodi\u010d \u0107e ti pomo\u0107i prona\u0107i skladi\u0161ta prtljage na autobusnim kolodvorima diljem Hrvatske \u2014 tako da mo\u017ee\u0161 istra\u017eivati bez tereta! Odlaganje prtljage u Sjevernoj Hrvatskoj Zagreb Skladi\u0161te prtljage [&hellip;]<\/p>\n<p><a class=\"more-link btn btn-primary\" href=\"https:\/\/traveling.com\/hr\/blog\/odlaganje-prtljage-na-kolodvorima-u-hrvatskoj\/\"> Continue reading&#8230;<\/a><\/p>\n","protected":false},"author":1,"featured_media":0,"parent":0,"menu_order":0,"comment_status":"open","ping_status":"closed","template":"","meta":[],"yoast_head":"<!-- This site is optimized with the Yoast SEO plugin v19.8 - https:\/\/yoast.com\/wordpress\/plugins\/seo\/ -->\n<title>Odlaganje prtljage na kolodvorima u Hrvatskoj<\/title>\n<meta name=\"description\" content=\"Otkrij opcije za odlaganje prtljage na autobusnim kolodvorima diljem Hrvatske. Oslobodi se stresa i u\u017eivaj u istra\u017eivanju bez brige!\" \/>\n<meta name=\"robots\" content=\"index, follow, max-snippet:-1, max-image-preview:large, max-video-preview:-1\" \/>\n<link rel=\"canonical\" href=\"https:\/\/traveling.com\/hr\/blog\/odlaganje-prtljage-na-kolodvorima-u-hrvatskoj\/\" \/>\n<meta property=\"og:locale\" content=\"hr_HR\" \/>\n<meta property=\"og:type\" content=\"article\" \/>\n<meta property=\"og:title\" content=\"Odlaganje prtljage na kolodvorima u Hrvatskoj\" \/>\n<meta property=\"og:description\" content=\"Otkrij opcije za odlaganje prtljage na autobusnim kolodvorima diljem Hrvatske. Oslobodi se stresa i u\u017eivaj u istra\u017eivanju bez brige!\" \/>\n<meta property=\"og:url\" content=\"https:\/\/traveling.com\/hr\/blog\/odlaganje-prtljage-na-kolodvorima-u-hrvatskoj\/\" \/>\n<meta property=\"og:site_name\" content=\"Traveling.com Blog\" \/>\n<meta property=\"article:modified_time\" content=\"2025-03-23T19:13:37+00:00\" \/>\n<meta name=\"twitter:card\" content=\"summary_large_image\" \/>\n<meta name=\"twitter:label1\" content=\"Est. reading time\" \/>\n\t<meta name=\"twitter:data1\" content=\"5 minutes\" \/>\n<script type=\"application\/ld+json\" class=\"yoast-schema-graph\">{\"@context\":\"https:\/\/schema.org\",\"@graph\":[{\"@type\":\"WebPage\",\"@id\":\"https:\/\/traveling.com\/hr\/blog\/odlaganje-prtljage-na-kolodvorima-u-hrvatskoj\/\",\"url\":\"https:\/\/traveling.com\/hr\/blog\/odlaganje-prtljage-na-kolodvorima-u-hrvatskoj\/\",\"name\":\"Odlaganje prtljage na kolodvorima u Hrvatskoj\",\"isPartOf\":{\"@id\":\"https:\/\/traveling.com\/hr\/blog\/#website\"},\"datePublished\":\"2015-09-23T06:42:22+00:00\",\"dateModified\":\"2025-03-23T19:13:37+00:00\",\"description\":\"Otkrij opcije za odlaganje prtljage na autobusnim kolodvorima diljem Hrvatske. Oslobodi se stresa i u\u017eivaj u istra\u017eivanju bez brige!\",\"breadcrumb\":{\"@id\":\"https:\/\/traveling.com\/hr\/blog\/odlaganje-prtljage-na-kolodvorima-u-hrvatskoj\/#breadcrumb\"},\"inLanguage\":\"hr\",\"potentialAction\":[{\"@type\":\"ReadAction\",\"target\":[\"https:\/\/traveling.com\/hr\/blog\/odlaganje-prtljage-na-kolodvorima-u-hrvatskoj\/\"]}]},{\"@type\":\"BreadcrumbList\",\"@id\":\"https:\/\/traveling.com\/hr\/blog\/odlaganje-prtljage-na-kolodvorima-u-hrvatskoj\/#breadcrumb\",\"itemListElement\":[{\"@type\":\"ListItem\",\"position\":1,\"name\":\"Home\",\"item\":\"https:\/\/traveling.com\/hr\/blog\/\"},{\"@type\":\"ListItem\",\"position\":2,\"name\":\"Odlaganje prtljage na kolodvorima u Hrvatskoj\"}]},{\"@type\":\"WebSite\",\"@id\":\"https:\/\/traveling.com\/hr\/blog\/#website\",\"url\":\"https:\/\/traveling.com\/hr\/blog\/\",\"name\":\"Traveling.com Blog\",\"description\":\"Tvoj najbolji vodi\u010d na putovanju\",\"potentialAction\":[{\"@type\":\"SearchAction\",\"target\":{\"@type\":\"EntryPoint\",\"urlTemplate\":\"https:\/\/traveling.com\/hr\/blog\/?s={search_term_string}\"},\"query-input\":\"required name=search_term_string\"}],\"inLanguage\":\"hr\"}]}<\/script>\n<!-- \/ Yoast SEO plugin. -->","yoast_head_json":{"title":"Odlaganje prtljage na kolodvorima u Hrvatskoj","description":"Otkrij opcije za odlaganje prtljage na autobusnim kolodvorima diljem Hrvatske. Oslobodi se stresa i u\u017eivaj u istra\u017eivanju bez brige!","robots":{"index":"index","follow":"follow","max-snippet":"max-snippet:-1","max-image-preview":"max-image-preview:large","max-video-preview":"max-video-preview:-1"},"canonical":"https:\/\/traveling.com\/hr\/blog\/odlaganje-prtljage-na-kolodvorima-u-hrvatskoj\/","og_locale":"hr_HR","og_type":"article","og_title":"Odlaganje prtljage na kolodvorima u Hrvatskoj","og_description":"Otkrij opcije za odlaganje prtljage na autobusnim kolodvorima diljem Hrvatske. Oslobodi se stresa i u\u017eivaj u istra\u017eivanju bez brige!","og_url":"https:\/\/traveling.com\/hr\/blog\/odlaganje-prtljage-na-kolodvorima-u-hrvatskoj\/","og_site_name":"Traveling.com Blog","article_modified_time":"2025-03-23T19:13:37+00:00","twitter_card":"summary_large_image","twitter_misc":{"Est. reading time":"5 minutes"},"schema":{"@context":"https:\/\/schema.org","@graph":[{"@type":"WebPage","@id":"https:\/\/traveling.com\/hr\/blog\/odlaganje-prtljage-na-kolodvorima-u-hrvatskoj\/","url":"https:\/\/traveling.com\/hr\/blog\/odlaganje-prtljage-na-kolodvorima-u-hrvatskoj\/","name":"Odlaganje prtljage na kolodvorima u Hrvatskoj","isPartOf":{"@id":"https:\/\/traveling.com\/hr\/blog\/#website"},"datePublished":"2015-09-23T06:42:22+00:00","dateModified":"2025-03-23T19:13:37+00:00","description":"Otkrij opcije za odlaganje prtljage na autobusnim kolodvorima diljem Hrvatske. Oslobodi se stresa i u\u017eivaj u istra\u017eivanju bez brige!","breadcrumb":{"@id":"https:\/\/traveling.com\/hr\/blog\/odlaganje-prtljage-na-kolodvorima-u-hrvatskoj\/#breadcrumb"},"inLanguage":"hr","potentialAction":[{"@type":"ReadAction","target":["https:\/\/traveling.com\/hr\/blog\/odlaganje-prtljage-na-kolodvorima-u-hrvatskoj\/"]}]},{"@type":"BreadcrumbList","@id":"https:\/\/traveling.com\/hr\/blog\/odlaganje-prtljage-na-kolodvorima-u-hrvatskoj\/#breadcrumb","itemListElement":[{"@type":"ListItem","position":1,"name":"Home","item":"https:\/\/traveling.com\/hr\/blog\/"},{"@type":"ListItem","position":2,"name":"Odlaganje prtljage na kolodvorima u Hrvatskoj"}]},{"@type":"WebSite","@id":"https:\/\/traveling.com\/hr\/blog\/#website","url":"https:\/\/traveling.com\/hr\/blog\/","name":"Traveling.com Blog","description":"Tvoj najbolji vodi\u010d na putovanju","potentialAction":[{"@type":"SearchAction","target":{"@type":"EntryPoint","urlTemplate":"https:\/\/traveling.com\/hr\/blog\/?s={search_term_string}"},"query-input":"required name=search_term_string"}],"inLanguage":"hr"}]}},"_links":{"self":[{"href":"https:\/\/traveling.com\/hr\/blog\/wp-json\/wp\/v2\/pages\/341"}],"collection":[{"href":"https:\/\/traveling.com\/hr\/blog\/wp-json\/wp\/v2\/pages"}],"about":[{"href":"https:\/\/traveling.com\/hr\/blog\/wp-json\/wp\/v2\/types\/page"}],"author":[{"embeddable":true,"href":"https:\/\/traveling.com\/hr\/blog\/wp-json\/wp\/v2\/users\/1"}],"replies":[{"embeddable":true,"href":"https:\/\/traveling.com\/hr\/blog\/wp-json\/wp\/v2\/comments?post=341"}],"version-history":[{"count":24,"href":"https:\/\/traveling.com\/hr\/blog\/wp-json\/wp\/v2\/pages\/341\/revisions"}],"predecessor-version":[{"id":22974,"href":"https:\/\/traveling.com\/hr\/blog\/wp-json\/wp\/v2\/pages\/341\/revisions\/22974"}],"wp:attachment":[{"href":"https:\/\/traveling.com\/hr\/blog\/wp-json\/wp\/v2\/media?parent=341"}],"curies":[{"name":"wp","href":"https:\/\/api.w.org\/{rel}","templated":true}]}}