{"id":17099,"date":"2025-03-25T23:38:32","date_gmt":"2025-03-25T23:38:32","guid":{"rendered":"https:\/\/getbybus.com\/it\/blog\/?page_id=17099"},"modified":"2025-04-15T16:01:50","modified_gmt":"2025-04-15T16:01:50","slug":"chi-siamo","status":"publish","type":"page","link":"https:\/\/traveling.com\/it\/blog\/chi-siamo\/","title":{"rendered":"Chi siamo"},"content":{"rendered":"\n<p>Ciao, viaggiatore!<\/p>\n\n\n\n<p>Benvenuto su Traveling.com, la tua guida per ogni tipo di viaggio. Che tu prenda un autobus per una citt\u00e0 vicina, salpi verso un\u2019isola nascosta o pianifichi un\u2019avventura, siamo qui per aiutarti a raggiungere la tua meta con facilit\u00e0.<\/p>\n\n\n\n<p>Viaggiare pu\u00f2 essere complicato (chi non ha mai perso una coincidenza o capito male?), ma siamo qui per semplificare il tuo viaggio e farti concentrarti su ci\u00f2 che conta: <strong>creare ricordi indimenticabili.<\/strong><\/p>\n\n\n\n<h2><span class=\"ez-toc-section\" id=\"Tutto_e_iniziato_con_un_post_sul_blog%E2%80%A6\"><\/span>Tutto \u00e8 iniziato con un post sul blog\u2026<span class=\"ez-toc-section-end\"><\/span><\/h2>\n\n\n\n<p>Ricordi GetByBus e GetByFerry? Queste piattaforme ben conosciute erano un punto di riferimento per trovare, confrontare e prenotare biglietti per autobus, traghetti e treni. Tutto \u00e8 iniziato circa 20 anni fa con una semplice passione per il travel blogging \u2014 un\u2019idea che col tempo si \u00e8 trasformata in qualcosa di molto pi\u00f9 grande. <\/p>\n\n\n\n<p>Oggi, siamo orgogliosi di essere Traveling.com, con un team di oltre 50 dipendenti impegnati a rendere la pianificazione dei tuoi viaggi semplice e divertente!<\/p>\n\n\n\n<hr class=\"wp-block-separator has-alpha-channel-opacity\"\/>\n\n\n\n<blockquote class=\"wp-block-quote is-style-large has-text-color\" style=\"color:#7e00d9;font-style:italic;font-weight:200\">\n<p class=\"has-black-color has-text-color\">Fernweh<\/p>\n<cite>\/\u02c8f\u025b\u0281nve\u02d0\/<br><br><em>nostalgia di luoghi lontani; il bisogno di viaggiare in posti nuovi; &#8220;mal di strada&#8221; o nostalgia di un posto in cui non sei mai stato<\/em><\/cite><\/blockquote>\n\n\n\n<hr class=\"wp-block-separator has-alpha-channel-opacity\"\/>\n\n\n\n<h2><span class=\"ez-toc-section\" id=\"Chi_ce_dietro_le_storie_di_Travelingcom\"><\/span>Chi c&#8217;\u00e8 dietro le storie di Traveling.com?<span class=\"ez-toc-section-end\"><\/span><\/h2>\n\n\n\n<p>Siamo Maja, Lucija e Ivana, tre amiche che hanno trasformato la nostra passione per i viaggi in una piattaforma per aiutare gli altri a fare lo stesso. Dopo aver visitato innumerevoli destinazioni, abbiamo raccolto storie, consigli e trucchi da condividere con te.<\/p>\n\n\n\n<p>Il nostro blog non riguarda solo la logistica; parliamo dell\u2019esperienza completa. Dai migliori modi per spostarsi alle raccomandazioni per il cibo locale, luoghi imperdibili, gemme nascoste e molto altro. Alla fine, siamo qui per condividere tutto con te: le vittorie, gli errori e i momenti che hanno reso indimenticabile il viaggio.<\/p>\n\n\n\n<p>Continua a leggere per scoprire di pi\u00f9 su chi siamo:<\/p>\n\n\n\n<hr class=\"wp-block-separator has-alpha-channel-opacity\"\/>\n\n\n\n<h3><span class=\"ez-toc-section\" id=\"Ivana_Keran\"><\/span>Ivana Keran<span class=\"ez-toc-section-end\"><\/span><\/h3>\n\n\n<div class=\"wp-block-image is-style-default\">\n<figure class=\"aligncenter size-thumbnail\"><img decoding=\"async\" width=\"150\" height=\"150\" src=\"https:\/\/d2bgjx2gb489de.cloudfront.net\/gbb-blogs\/wp-content\/uploads\/2025\/04\/09122219\/ivanaa-1-150x150.jpg\" alt=\"\" class=\"wp-image-20222\" srcset=\"https:\/\/d2bgjx2gb489de.cloudfront.net\/gbb-blogs\/wp-content\/uploads\/2025\/04\/09122219\/ivanaa-1-150x150.jpg 150w, https:\/\/d2bgjx2gb489de.cloudfront.net\/gbb-blogs\/wp-content\/uploads\/2025\/04\/09122219\/ivanaa-1-60x60.jpg 60w\" sizes=\"(max-width: 150px) 100vw, 150px\" \/><figcaption class=\"wp-element-caption\">Ivana<\/figcaption><\/figure><\/div>\n\n\n<p>Come parte di questo fantastico trio di blogger, Ivana tiene sempre una valigia pronta. Quando non sta scrivendo sul suo ultimo viaggio, la troverai probabilmente in una caffetteria accogliente e pet-friendly o a ballare tutta la notte con le sue amiche. Ma se la vedi per strada, non fermarla \u2014 \u00e8 sempre in ritardo al 100%!<\/p>\n\n\n\n<h4><span class=\"ez-toc-section\" id=\"Gli_articoli_piu_amati_di_Ivana\"><\/span>Gli articoli pi\u00f9 amati di Ivana<span class=\"ez-toc-section-end\"><\/span><\/h4>\n\n\n\n<ul>\n<li><a href=\"https:\/\/traveling.com\/en\/blog\/best-beaches-in-vietnam\/\">Best Beaches in Vietnam<\/a><\/li>\n\n\n\n<li><a href=\"https:\/\/traveling.com\/en\/blog\/nha-trang-airport\/\">Nha Trang Airport<\/a><\/li>\n\n\n\n<li><a href=\"https:\/\/traveling.com\/en\/blog\/most-popular-instagram-locations-in-serbia\/\">50 Most Popular Instagram Locations in Serbia<\/a><\/li>\n<\/ul>\n\n\n\n<hr class=\"wp-block-separator has-alpha-channel-opacity\"\/>\n\n\n\n<div class=\"is-content-justification-center is-layout-flex wp-container-1 wp-block-buttons\">\n<div class=\"wp-block-button\"><a class=\"wp-block-button__link has-white-color has-text-color has-background wp-element-button\" href=\"https:\/\/traveling.com\/it\/blog\/author\/ikeran\/\" style=\"border-radius:6px;background-color:#7e00d9\">Altro da Ivana<\/a><\/div>\n<\/div>\n\n\n\n<hr class=\"wp-block-separator has-alpha-channel-opacity\"\/>\n\n\n\n<h3><span class=\"ez-toc-section\" id=\"Lucija_Grgic\"><\/span>Lucija Grgi\u0107<span class=\"ez-toc-section-end\"><\/span><\/h3>\n\n\n<div class=\"wp-block-image is-style-default\">\n<figure class=\"aligncenter size-thumbnail\"><img decoding=\"async\" width=\"150\" height=\"150\" src=\"https:\/\/d2bgjx2gb489de.cloudfront.net\/gbb-blogs\/wp-content\/uploads\/2025\/04\/09122330\/luce-3-150x150.jpg\" alt=\"\" class=\"wp-image-20223\" srcset=\"https:\/\/d2bgjx2gb489de.cloudfront.net\/gbb-blogs\/wp-content\/uploads\/2025\/04\/09122330\/luce-3-150x150.jpg 150w, https:\/\/d2bgjx2gb489de.cloudfront.net\/gbb-blogs\/wp-content\/uploads\/2025\/04\/09122330\/luce-3-60x60.jpg 60w\" sizes=\"(max-width: 150px) 100vw, 150px\" \/><figcaption class=\"wp-element-caption\">Lucija<\/figcaption><\/figure><\/div>\n\n\n<p>Lucija \u00e8 una blogger della Croazia la cui passione per la scrittura \u00e8 nata presto e si \u00e8 accesa attraverso il travel blogging. Ha imparato molto scrivendo di luoghi meravigliosi in tutto il mondo. Per questo motivo, si \u00e8 data l\u2019obiettivo di scoprire quante pi\u00f9 gemme nascoste possibile. Ama esplorare posti nuovi e trasmettere la loro bellezza ai lettori attraverso la parola scritta.<\/p>\n\n\n\n<h4><span class=\"ez-toc-section\" id=\"Gli_articoli_piu_amati_di_Lucija\"><\/span>Gli articoli pi\u00f9 amati di Lucija<span class=\"ez-toc-section-end\"><\/span><\/h4>\n\n\n\n<ul>\n<li><a href=\"https:\/\/traveling.com\/en\/blog\/cancun-vs-cabo\/\">Cancun vs Cabo<\/a><\/li>\n\n\n\n<li><a href=\"https:\/\/traveling.com\/en\/blog\/best-small-towns-in-turkey\/\">Best Small Towns in Turkey<\/a><\/li>\n\n\n\n<li><a href=\"https:\/\/traveling.com\/en\/blog\/best-wine-regions-in-europe\/\">Best Wine Regions in Europe<\/a><\/li>\n<\/ul>\n\n\n\n<hr class=\"wp-block-separator has-alpha-channel-opacity\"\/>\n\n\n\n<div class=\"is-content-justification-center is-layout-flex wp-container-2 wp-block-buttons\">\n<div class=\"wp-block-button\"><a class=\"wp-block-button__link has-white-color has-text-color has-background wp-element-button\" href=\"https:\/\/traveling.com\/it\/blog\/author\/lgrgic\/\" style=\"border-radius:6px;background-color:#7e00d9\">Altro da Lucija<\/a><\/div>\n<\/div>\n\n\n\n<hr class=\"wp-block-separator has-alpha-channel-opacity\"\/>\n\n\n\n<h3><span class=\"ez-toc-section\" id=\"Maja_Tramontana\"><\/span>Maja Tramontana<span class=\"ez-toc-section-end\"><\/span><\/h3>\n\n\n<div class=\"wp-block-image is-style-default\">\n<figure class=\"aligncenter size-thumbnail\"><img decoding=\"async\" src=\"https:\/\/d2bgjx2gb489de.cloudfront.net\/gbb-blogs\/wp-content\/uploads\/2023\/11\/17133059\/maja-tramontana-150x150.png\" alt=\"maja\" class=\"wp-image-35516\"\/><figcaption class=\"wp-element-caption\">Maja<\/figcaption><\/figure><\/div>\n\n\n<p>Come blogger della Croazia, Maja ama le fughe nel fine settimana immersa nella natura, specialmente nelle isole croate e nei luoghi nascosti della Dalmazia. \u00c8 una vera mediterranea nel cuore, motivo per cui le piace tornare in Italia, Grecia e Turchia ancora e ancora. Quando non \u00e8 al computer a scrivere, la puoi trovare a godersi delizioso cibo e immergersi in nuove culture e lingue.<\/p>\n\n\n\n<h4><span class=\"ez-toc-section\" id=\"Gli_articoli_piu_amati_di_Maja\"><\/span>Gli articoli pi\u00f9 amati di Maja<span class=\"ez-toc-section-end\"><\/span><\/h4>\n\n\n\n<ul>\n<li><a href=\"https:\/\/traveling.com\/en\/blog\/istanbul-city-guide\/\">Istanbul City Guide<\/a><\/li>\n\n\n\n<li><a href=\"https:\/\/Traveling.com\/en\/blog\/best-ski-resorts-in-europe\/\">B<\/a><a href=\"https:\/\/traveling.com\/en\/blog\/best-ski-resorts-in-europe\/\">est Ski Resorts in Europe<\/a><\/li>\n\n\n\n<li><a href=\"https:\/\/traveling.com\/en\/blog\/erasmus-cities-in-italy\/\">Erasmus cities in Italy<\/a><\/li>\n<\/ul>\n\n\n\n<hr class=\"wp-block-separator has-alpha-channel-opacity\"\/>\n\n\n\n<div class=\"is-content-justification-center is-layout-flex wp-container-3 wp-block-buttons\">\n<div class=\"wp-block-button\"><a class=\"wp-block-button__link has-white-color has-text-color has-background wp-element-button\" href=\"https:\/\/traveling.com\/it\/blog\/author\/maja\/\" style=\"border-radius:6px;background-color:#7e00d9\">Altro da Maja<\/a><\/div>\n<\/div>\n\n\n\n<hr class=\"wp-block-separator has-alpha-channel-opacity\"\/>\n\n\n\n<h2><span class=\"ez-toc-section\" id=\"Cosa_puoi_aspettarti_da_noi\"><\/span>Cosa puoi aspettarti da noi?<span class=\"ez-toc-section-end\"><\/span><\/h2>\n\n\n\n<p>Su Traveling.com, sappiamo che ogni viaggio \u00e8 unico, ecco perch\u00e9 offriamo:<\/p>\n\n\n\n<ul>\n<li>Pianificazione di viaggio semplice: Autobus, traghetti, treni\u2014trovali e prenotali tutti in un unico posto.<\/li>\n\n\n\n<li>Guide sulle destinazioni: Scopri tutto, dai luoghi pi\u00f9 popolari ai tesori poco conosciuti.<\/li>\n\n\n\n<li>Consigli e trucchi: Impara a risparmiare tempo, denaro e stress durante i tuoi viaggi.<\/li>\n\n\n\n<li>Ispirazione a volont\u00e0: Immergiti in storie e consigli direttamente dai nostri viaggi.<\/li>\n\n\n\n<li>Approfondimenti da non perdere: Alcuni articoli richiedono un po&#8217; pi\u00f9 di ricerca (ok, un bel po&#8217;), ma ne vale la pena. Dai motivi per cui i bus sono pi\u00f9 ecologici ai nomi pi\u00f9 comuni dei viaggiatori e alle destinazioni top su Instagram, i nostri articoli ricchi di dati rendono il viaggio a volte davvero sorprendente.<\/li>\n<\/ul>\n\n\n\n<hr class=\"wp-block-separator has-alpha-channel-opacity\"\/>\n\n\n\n<h2><span class=\"ez-toc-section\" id=\"Perche_scegliere_Travelingcom\"><\/span>Perch\u00e9 scegliere Traveling.com?<span class=\"ez-toc-section-end\"><\/span><\/h2>\n\n\n\n<p>Perch\u00e9 ci siamo stati, abbiamo fatto tutto (e imparato da ogni passo, e errore). Sappiamo com&#8217;\u00e8 navigare in una stazione affollata, trovare un caff\u00e8 tranquillo fuori dai sentieri battuti o prendere l&#8217;ultimo traghetto della giornata. Ogni raccomandazione che facciamo si basa su esperienze reali, cos\u00ec puoi esplorare con fiducia.<\/p>\n\n\n\n<p>Con Traveling.com, non stai solo pianificando un viaggio\u2014entri a far parte di una comunit\u00e0 di viaggiatori che condividono la tua passione per l&#8217;esplorazione e l&#8217;avventura.<\/p>\n\n\n\n<p>Quindi, che tu voglia attraversare nuovi confini o rivisitare un posto preferito, siamo qui per rendere ogni viaggio un gioco da ragazzi. Prepara la valigia e partiamo insieme!<\/p>\n\n\n\n<hr class=\"wp-block-separator has-alpha-channel-opacity\"\/>\n\n\n\n<p>Vogliamo ringraziarti per averci seguito nel corso degli anni! Continua a leggere, perch\u00e9 abbiamo ancora tanto da condividere con te!<\/p>\n","protected":false},"excerpt":{"rendered":"<p>Ciao, viaggiatore! Benvenuto su Traveling.com, la tua guida per ogni tipo di viaggio. Che tu prenda un autobus per una citt\u00e0 vicina, salpi verso un\u2019isola nascosta o pianifichi un\u2019avventura, siamo qui per aiutarti a raggiungere la tua meta con facilit\u00e0. Viaggiare pu\u00f2 essere complicato (chi non ha mai perso una coincidenza o capito male?), ma [&hellip;]<\/p>\n<p><a class=\"more-link btn btn-primary\" href=\"https:\/\/traveling.com\/it\/blog\/chi-siamo\/\"> Continua a leggere\u2026<\/a><\/p>\n","protected":false},"author":1,"featured_media":0,"parent":0,"menu_order":0,"comment_status":"closed","ping_status":"closed","template":"page-single-column.php","meta":[],"yoast_head":"<!-- This site is optimized with the Yoast SEO plugin v19.8 - https:\/\/yoast.com\/wordpress\/plugins\/seo\/ -->\n<title>Chi Siamo - Traveling.com<\/title>\n<meta name=\"description\" content=\"Conosci il team di scrittori dietro il blog Traveling.com, dove condividiamo la nostra passione per i consigli di viaggio da tutto il mondo.\" \/>\n<meta name=\"robots\" content=\"index, follow, max-snippet:-1, max-image-preview:large, max-video-preview:-1\" \/>\n<link rel=\"canonical\" href=\"https:\/\/traveling.com\/it\/blog\/chi-siamo\/\" \/>\n<meta property=\"og:locale\" content=\"it_IT\" \/>\n<meta property=\"og:type\" content=\"article\" \/>\n<meta property=\"og:title\" content=\"Chi Siamo - Traveling.com\" \/>\n<meta property=\"og:description\" content=\"Conosci il team di scrittori dietro il blog Traveling.com, dove condividiamo la nostra passione per i consigli di viaggio da tutto il mondo.\" \/>\n<meta property=\"og:url\" content=\"https:\/\/traveling.com\/it\/blog\/chi-siamo\/\" \/>\n<meta property=\"og:site_name\" content=\"Traveling.com Blog\" \/>\n<meta property=\"article:modified_time\" content=\"2025-04-15T16:01:50+00:00\" \/>\n<meta property=\"og:image\" content=\"https:\/\/traveling.com\/it\/blog\/wp-content\/uploads\/2025\/04\/ivanaa-1-150x150.jpg\" \/>\n<meta name=\"twitter:card\" content=\"summary_large_image\" \/>\n<meta name=\"twitter:label1\" content=\"Est. reading time\" \/>\n\t<meta name=\"twitter:data1\" content=\"5 minutes\" \/>\n<script type=\"application\/ld+json\" class=\"yoast-schema-graph\">{\"@context\":\"https:\/\/schema.org\",\"@graph\":[{\"@type\":\"WebPage\",\"@id\":\"https:\/\/traveling.com\/it\/blog\/chi-siamo\/\",\"url\":\"https:\/\/traveling.com\/it\/blog\/chi-siamo\/\",\"name\":\"Chi Siamo - Traveling.com\",\"isPartOf\":{\"@id\":\"https:\/\/traveling.com\/it\/blog\/#website\"},\"datePublished\":\"2025-03-25T23:38:32+00:00\",\"dateModified\":\"2025-04-15T16:01:50+00:00\",\"description\":\"Conosci il team di scrittori dietro il blog Traveling.com, dove condividiamo la nostra passione per i consigli di viaggio da tutto il mondo.\",\"breadcrumb\":{\"@id\":\"https:\/\/traveling.com\/it\/blog\/chi-siamo\/#breadcrumb\"},\"inLanguage\":\"it-IT\",\"potentialAction\":[{\"@type\":\"ReadAction\",\"target\":[\"https:\/\/traveling.com\/it\/blog\/chi-siamo\/\"]}]},{\"@type\":\"BreadcrumbList\",\"@id\":\"https:\/\/traveling.com\/it\/blog\/chi-siamo\/#breadcrumb\",\"itemListElement\":[{\"@type\":\"ListItem\",\"position\":1,\"name\":\"Home\",\"item\":\"https:\/\/traveling.com\/it\/blog\/\"},{\"@type\":\"ListItem\",\"position\":2,\"name\":\"Chi siamo\"}]},{\"@type\":\"WebSite\",\"@id\":\"https:\/\/traveling.com\/it\/blog\/#website\",\"url\":\"https:\/\/traveling.com\/it\/blog\/\",\"name\":\"Traveling.com Blog\",\"description\":\"La Tua Guida di Viaggio Completa\",\"potentialAction\":[{\"@type\":\"SearchAction\",\"target\":{\"@type\":\"EntryPoint\",\"urlTemplate\":\"https:\/\/traveling.com\/it\/blog\/?s={search_term_string}\"},\"query-input\":\"required name=search_term_string\"}],\"inLanguage\":\"it-IT\"}]}<\/script>\n<!-- \/ Yoast SEO plugin. -->","yoast_head_json":{"title":"Chi Siamo - Traveling.com","description":"Conosci il team di scrittori dietro il blog Traveling.com, dove condividiamo la nostra passione per i consigli di viaggio da tutto il mondo.","robots":{"index":"index","follow":"follow","max-snippet":"max-snippet:-1","max-image-preview":"max-image-preview:large","max-video-preview":"max-video-preview:-1"},"canonical":"https:\/\/traveling.com\/it\/blog\/chi-siamo\/","og_locale":"it_IT","og_type":"article","og_title":"Chi Siamo - Traveling.com","og_description":"Conosci il team di scrittori dietro il blog Traveling.com, dove condividiamo la nostra passione per i consigli di viaggio da tutto il mondo.","og_url":"https:\/\/traveling.com\/it\/blog\/chi-siamo\/","og_site_name":"Traveling.com Blog","article_modified_time":"2025-04-15T16:01:50+00:00","og_image":[{"url":"https:\/\/traveling.com\/it\/blog\/wp-content\/uploads\/2025\/04\/ivanaa-1-150x150.jpg"}],"twitter_card":"summary_large_image","twitter_misc":{"Est. reading time":"5 minutes"},"schema":{"@context":"https:\/\/schema.org","@graph":[{"@type":"WebPage","@id":"https:\/\/traveling.com\/it\/blog\/chi-siamo\/","url":"https:\/\/traveling.com\/it\/blog\/chi-siamo\/","name":"Chi Siamo - Traveling.com","isPartOf":{"@id":"https:\/\/traveling.com\/it\/blog\/#website"},"datePublished":"2025-03-25T23:38:32+00:00","dateModified":"2025-04-15T16:01:50+00:00","description":"Conosci il team di scrittori dietro il blog Traveling.com, dove condividiamo la nostra passione per i consigli di viaggio da tutto il mondo.","breadcrumb":{"@id":"https:\/\/traveling.com\/it\/blog\/chi-siamo\/#breadcrumb"},"inLanguage":"it-IT","potentialAction":[{"@type":"ReadAction","target":["https:\/\/traveling.com\/it\/blog\/chi-siamo\/"]}]},{"@type":"BreadcrumbList","@id":"https:\/\/traveling.com\/it\/blog\/chi-siamo\/#breadcrumb","itemListElement":[{"@type":"ListItem","position":1,"name":"Home","item":"https:\/\/traveling.com\/it\/blog\/"},{"@type":"ListItem","position":2,"name":"Chi siamo"}]},{"@type":"WebSite","@id":"https:\/\/traveling.com\/it\/blog\/#website","url":"https:\/\/traveling.com\/it\/blog\/","name":"Traveling.com Blog","description":"La Tua Guida di Viaggio Completa","potentialAction":[{"@type":"SearchAction","target":{"@type":"EntryPoint","urlTemplate":"https:\/\/traveling.com\/it\/blog\/?s={search_term_string}"},"query-input":"required name=search_term_string"}],"inLanguage":"it-IT"}]}},"_links":{"self":[{"href":"https:\/\/traveling.com\/it\/blog\/wp-json\/wp\/v2\/pages\/17099"}],"collection":[{"href":"https:\/\/traveling.com\/it\/blog\/wp-json\/wp\/v2\/pages"}],"about":[{"href":"https:\/\/traveling.com\/it\/blog\/wp-json\/wp\/v2\/types\/page"}],"author":[{"embeddable":true,"href":"https:\/\/traveling.com\/it\/blog\/wp-json\/wp\/v2\/users\/1"}],"replies":[{"embeddable":true,"href":"https:\/\/traveling.com\/it\/blog\/wp-json\/wp\/v2\/comments?post=17099"}],"version-history":[{"count":20,"href":"https:\/\/traveling.com\/it\/blog\/wp-json\/wp\/v2\/pages\/17099\/revisions"}],"predecessor-version":[{"id":20226,"href":"https:\/\/traveling.com\/it\/blog\/wp-json\/wp\/v2\/pages\/17099\/revisions\/20226"}],"wp:attachment":[{"href":"https:\/\/traveling.com\/it\/blog\/wp-json\/wp\/v2\/media?parent=17099"}],"curies":[{"name":"wp","href":"https:\/\/api.w.org\/{rel}","templated":true}]}}