{"id":3950,"date":"2019-03-06T09:11:45","date_gmt":"2019-03-06T09:11:45","guid":{"rendered":"https:\/\/getbybus.com\/it\/blog\/?page_id=3950"},"modified":"2025-03-24T14:58:36","modified_gmt":"2025-03-24T14:58:36","slug":"aeroporti-in-norvegia","status":"publish","type":"page","link":"https:\/\/traveling.com\/it\/blog\/aeroporti-in-norvegia\/","title":{"rendered":"Aeroporti in Norvegia"},"content":{"rendered":"<p>La Norvegia conta <strong>98 aeroporti in totale<\/strong>, 45 dei quali sono aeroporti \u00a0per voli pubblici, incluso l\u2019elicottero V\u00e6r\u00f8y. Questi aeroporto sono di \u00a0propriet\u00e0 dell&#8217;operatore aeroportuale del governo, Avinor. La <a href=\"https:\/\/Traveling.com\/it\/blog\/i-top-10-motivi-per-visitare-la-norvegia\/\">Norvegia<\/a> \u00e8 <strong>il paese in Europa con il maggior numero di viaggi aerei per capita<\/strong>. Le rotte da Oslo a Trondheim, Bergen e Stavanger sono tra le dieci pi\u00f9 trafficate d&#8217;Europa.<\/p>\n<p>Gli aeroporti norvegesi servono principalmente come centri amministrativi delle compagnie aeree <strong>Norwegian Air Shuttle<\/strong>, <strong>Scandinavian Airlines<\/strong>, <strong>Ryanair<\/strong> (low-cost) e <strong>Wider\u00f8e<\/strong>.<\/p>\n<h4><span class=\"ez-toc-section\" id=\"Aeroporto_di_Oslo_-_codice_IATA_OSL\"><\/span><b><span style=\"color: #2a2a2a;\">Aeroporto di Oslo <\/span>&#8211; codice IATA OSL<br \/>\n<\/b><span class=\"ez-toc-section-end\"><\/span><\/h4>\n<p><b>~ 28 milioni di passeggeri<\/b><br \/>\nL\u2019aeroporto di Oslo \u00e8 <strong>l\u2019aeroporto internazionale principale della regione di Oslo<\/strong>, la capitale norvegese e la citt\u00e0 con la pi\u00f9 grande popolazione del paese. \u00a0\u00c8 anche il centro amministrativo della pi\u00f9 famosa compagnia aerea &#8211; <strong>Scandinavian Airlines<\/strong> e la base operativa per <strong>Norwegian Air Shuttle<\/strong>, che collega a <strong>26 destinazioni nazionali e oltre 150 destinazioni internazionali<\/strong>. L&#8217;aeroporto gestisce circa 27 milioni di passeggeri all&#8217;anno, il che lo rende il secondo l&#8217;aeroporto pi\u00f9 trafficato nei paesi nordici e il diciannovesimo in Europa. Si trova a 35 km a nord est di Oslo, a Gardermoen nella contea di Akershus. L&#8217;aeroporto \u00e8 collegato al centro citt\u00e0 tramite<strong> la linea ad alta velocit\u00e0 Gardermoen Line servita da treni e Flytoget<\/strong>. La percentuale di passeggeri che utilizzano i mezzi pubblici <a href=\"https:\/\/Traveling.com\/it\/blog\/aeroporto-di-oslo\/\">da e per l\u2019aeroporto di Oslo<\/a> \u00e8 una delle pi\u00f9 alte del mondo (70%). Oslo \u00e8 anche servita dall&#8217;aeroporto low cost <strong>Torp di Sandefjord<\/strong>, situato a 119 km a sud dal centro di Oslo.<\/p>\n<p><img decoding=\"async\" class=\"alignnone size-full wp-image-3956\" src=\"https:\/\/Traveling.com\/it\/blog\/wp-content\/uploads\/2019\/03\/aeroporto-di-oslo.jpg\" alt=\"\" width=\"1024\" height=\"683\" srcset=\"https:\/\/d2bgjx2gb489de.cloudfront.net\/gbb-blogs\/wp-content\/uploads\/2019\/03\/06090046\/aeroporto-di-oslo.jpg 1024w, https:\/\/d2bgjx2gb489de.cloudfront.net\/gbb-blogs\/wp-content\/uploads\/2019\/03\/06090046\/aeroporto-di-oslo-300x200.jpg 300w, https:\/\/d2bgjx2gb489de.cloudfront.net\/gbb-blogs\/wp-content\/uploads\/2019\/03\/06090046\/aeroporto-di-oslo-768x512.jpg 768w\" sizes=\"(max-width: 1024px) 100vw, 1024px\" \/><\/p>\n<h4><span class=\"ez-toc-section\" id=\"Aeroporto_di_Bergen_-_codice_IATA_BGO\"><\/span><b><span style=\"color: #2a2a2a;\"> Aeroporto di Bergen<\/span> &#8211; codice IATA BGO<\/b><span class=\"ez-toc-section-end\"><\/span><\/h4>\n<p><b>~ 6 milioni di passeggeri<\/b><br \/>\nL&#8217;aeroporto internazionale di Bergen \u00e8 situato a <strong>Flesland &#8211; \u00a0Bergen<\/strong>, una citt\u00e0 nella contea di Hordaland. Inaugurato nel 1955, <strong>\u00e8 il secondo aeroporto pi\u00f9 trafficato della Norvegia<\/strong>, con oltre 6.000.000 di passeggeri all&#8217;anno. Scandinavian Airlines (SAS), Norwegian Air Shuttle e Wider\u00f8e sono le pi\u00f9 grandi compagnie aeree che operano in questo aeroporto. I voli per l&#8217;aeroporto di Oslo, Gardermoen sono tra i pi\u00f9 trafficati d&#8217;Europa. L&#8217;aeroporto conta <strong>36 linee dirette dalle principali citt\u00e0 europee<\/strong>, in particolare Amsterdam, Copenaghen e Londra. La maggior parte dei voli nel paese sono operati da Scandinavian Airlines, Norwegian e Wider\u00f8e. La navetta aeroportuale impiega circa <strong>30 minuti per raggiungere il centro della citt\u00e0<\/strong>, dove \u00e8 possibile spostarsi facilmente in treno dalla stazione ferroviaria di Bergen, <strong>in battello<\/strong> da <strong>Strandkaiterminalen<\/strong> o <strong>in autobus<\/strong> da <strong>Bystasjonen<\/strong>. La navetta aeroportuale parte ogni 10 minuti durante il giorno e ci sono anche alcune partenze notturne.<\/p>\n<h4><span class=\"ez-toc-section\" id=\"Aeroporto_di_Trondheim_-_codice_IATA_TRD\"><\/span><b><span style=\"color: #2a2a2a;\">Aeroporto di Trondheim <\/span>&#8211; codice IATA TRD<\/b><span class=\"ez-toc-section-end\"><\/span><\/h4>\n<p><b>~ 4 milioni di passeggeri<\/b><br \/>\nL&#8217;aeroporto di Trondheim \u00e8 un <strong>aeroporto internazionale che serve la citt\u00e0 di Trondheim<\/strong> e i dintorni della contea di S\u00f8r-Tr\u00f8ndelag. L\u2019aeroporto \u00e8 situato aV\u00e6rnes, a soli 19 km a est dalla citt\u00e0 di Trondheim. L\u2019edificio \u00e8 anche condiviso con la compagnia di V\u00e6rnes Air Station della Royal Norwegian Air Force. L&#8217;aeroporto gestisce oltr<strong>e 4 milioni di passeggeri all&#8217;anno, r<\/strong>endendolo <strong>il terzo aeroporto pi\u00f9 trafficato della Norvegia<\/strong> ed \u00e8 costituito da due terminal che sono utilizzati, uno per il traffico nazionale e l\u2019altro per il traffico internazionale. L&#8217;aeroporto dispone anche di una <strong>stazione ferroviaria<\/strong> integrata e <strong>un hotel aeroportuale<\/strong>. Le principali compagnie aeree dell&#8217;aeroporto di Trondheim sono Scandinavian Airlines, Norwegian Air Shuttle e Wider\u00f8e. I voli pi\u00f9 trafficati sono verso l\u2019aeroporto di Oslo e il totale, collega <strong>17 destinazioni nazionali, 21 destinazioni internazionali e 18 destinazioni charter<\/strong>. \u00c8 molto semplice raggiungere Trondheim con<strong> l&#8217;autobus Nettbuss<\/strong> o <strong>Unibuss<\/strong> (o con il treno NSB). Gli autobus sono molto frequenti e corrispondono agli orari di arrivo degli aerei.<\/p>\n<h4><span class=\"ez-toc-section\" id=\"Aeroporto_di_Stavanger_-_codice_IATA_SVG\"><\/span><b><span style=\"color: #2a2a2a;\">Aeroporto di Stavanger<\/span> &#8211; codice IATA SVG<\/b><span class=\"ez-toc-section-end\"><\/span><\/h4>\n<p><b>~ 4.5 milioni di passeggeri<\/b><br \/>\nL&#8217;aeroporto di Stavanger \u00e8 <strong>un aeroporto internazionale che serve la citt\u00e0 di Stavanger<\/strong> e la regione di Rogaland in Norvegia. L&#8217;aeroporto si trova a 11 km a sud-ovest dal centro di Stavanger, nel comune di Sola. \u00c8 <strong>il quarto aeroporto pi\u00f9 trafficato della Norvegia<\/strong>, con aerei ad ala fissa e traffico di elicotteri per gli impianti petroliferi offshore del Mare del Nord. Nel 2017, l&#8217;aeroporto ha gestito oltre 4,5 milioni di passeggeri. Cinque compagnie aeree operano per voli domestici nel paese \u00a0verso 9 destinazioni, mentre una decina di compagnie aeree offrono anche voli internazionali per 37 destinazioni. La <strong>rotta pi\u00f9 trafficata \u00e8 Sola &#8211; Oslo Gardermoen<\/strong>, <strong>con circa 28 voli giornalieri<\/strong>. Nelle vicinanze dell\u2019aeroporto ci si trova un museo aeronautico &#8211;<strong> Fly Historisk Museum<\/strong>, quindi tra un volo e l\u2019altro non dimenticatevi di farci una visita. Dall&#8217;aeroporto \u00e8 possibile raggiungere le citt\u00e0 di <strong>Stavanger, Bryne e Sandnes<\/strong> in meno di 30 minuti, ma \u00e8 anche possibile visitare altri luoghi della regione.<\/p>\n<p><img decoding=\"async\" class=\"alignnone size-full wp-image-3957\" src=\"https:\/\/Traveling.com\/it\/blog\/wp-content\/uploads\/2019\/03\/Stavanger.jpg\" alt=\"\" width=\"1024\" height=\"686\" srcset=\"https:\/\/d2bgjx2gb489de.cloudfront.net\/gbb-blogs\/wp-content\/uploads\/2019\/03\/06090707\/Stavanger.jpg 1024w, https:\/\/d2bgjx2gb489de.cloudfront.net\/gbb-blogs\/wp-content\/uploads\/2019\/03\/06090707\/Stavanger-300x201.jpg 300w, https:\/\/d2bgjx2gb489de.cloudfront.net\/gbb-blogs\/wp-content\/uploads\/2019\/03\/06090707\/Stavanger-768x515.jpg 768w\" sizes=\"(max-width: 1024px) 100vw, 1024px\" \/><\/p>\n<h4><span class=\"ez-toc-section\" id=\"Aeroporto_di_Tromso_-_codice_IATA_TOS\"><\/span><b><span style=\"color: #2a2a2a;\">Aeroporto di Troms\u00f8 <\/span>&#8211; codice IATA TOS<br \/>\n<\/b><span class=\"ez-toc-section-end\"><\/span><\/h4>\n<p><b>~ 2 milioni di passeggeri<\/b><br \/>\nL&#8217;aeroporto di Troms\u00f8 \u00e8<strong> un aeroporto internazionale situato a Langnes<\/strong> <strong>a Troms\u00f8<\/strong>, in Norvegia. Gestisce circa 2 milioni di passeggeri all&#8217;anno, il che lo rende il quinto aeroporto pi\u00f9 trafficato del paese. Dall\u2019aeroporto di Troms\u00f8 operano <strong>10 compagnie aeree su rotte internazionali e locali<\/strong>. Il primo sulla lista con il maggior numero di voli \u00e8 con 433 voli al mese. Troms\u00f8 divenne ed \u00e8 tuttora<strong> la sede principale per i voli regionali di Wider\u00f8e verso Finnmark<\/strong>. L&#8217;aeroporto di Troms\u00f8 si trova a nord-ovest della citt\u00e0, sull&#8217;isola di Troms\u00f8ya. L&#8217;aeroporto \u00e8 facilmente accessibile seguendo l\u2019autostrada E8 fino all\u2019incrocio con la strada 862. Per raggiungere il centro della citt\u00e0 di Troms\u00f8, \u00e8 possibile prendere la <strong>navetta aeroportuale di Flybussen<\/strong> con la durata del viaggio di 15 minuti oppure gli autobus n. 40 e 42.<\/p>\n<h3><span class=\"ez-toc-section\" id=\"Aeroporti_piu_piccoli\"><\/span><b>Aeroporti pi\u00f9 piccoli:<\/b><span class=\"ez-toc-section-end\"><\/span><\/h3>\n<p><b><span style=\"color: #2a2a2a;\">Aeroporto di Sandefjord Torp<\/span> &#8211; codice IATA TRF &#8211; (~ 1,9 milioni di passeggeri)<\/b><\/p>\n<ul>\n<li><strong><span style=\"color: #000000;\">Conosciuto come: <\/span><\/strong>aeroporto Torp Sandefjord<\/li>\n<li><span style=\"color: #000000;\"><strong>Citt\u00e0 nelle vicinanze:<\/strong><\/span> Sandefjord, T\u00f8nsberg, Drammen, Oslo, Stavanger<\/li>\n<li><span style=\"color: #000000;\"><strong>Dall\u2019aeroporto alla citt\u00e0 di Sandefjord:<\/strong><\/span> TIM Ekspressen &#8211; 20 min<\/li>\n<\/ul>\n<p><b><span style=\"color: #2a2a2a;\">Aeroporto di Bod\u00f8<\/span> &#8211; codice IATA BOO &#8211; (~ 1,8 milioni di passeggeri)<\/b><\/p>\n<ul>\n<li><span style=\"color: #000000;\"><strong>Conosciuto come: <\/strong><\/span>\/<\/li>\n<li><span style=\"color: #000000;\"><strong>Citt\u00e0 nelle vicinanze: <\/strong><\/span>Bod\u00f8, Skivika, L\u00f8psmarka, M\u00f8rkved, Bertnes<\/li>\n<li><span style=\"color: #000000;\"><strong>Dall\u2019aeroporto alla citt\u00e0 di Bod\u00f8: <\/strong><\/span>autobus pubblico &#8211; 10 min<\/li>\n<\/ul>\n<p><b><span style=\"color: #2a2a2a;\">Aeroporto di \u00c5lesund<\/span> &#8211; codice IATA AES &#8211; (~ 1 milione di passeggeri)<\/b><\/p>\n<ul>\n<li><span style=\"color: #000000;\"><strong>Conosciuto come: <\/strong><\/span>\u00c5lesund Vigra Airport<\/li>\n<li><strong><span style=\"color: #000000;\">Citt\u00e0 nelle vicinanze: <\/span><\/strong>Vigra, Roald, Gj\u00f8sund<\/li>\n<li><strong><span style=\"color: #000000;\">Dall\u2019aeroporto alla citt\u00e0 di \u00c5lesund: <\/span><\/strong>navetta per l&#8217;aeroporto &#8211; 25 min<\/li>\n<\/ul>\n<p><b><span style=\"color: #2a2a2a;\">Aeroporto Kristiansand<\/span> &#8211; codice IATA KRS &#8211; (~ 1 milione di passeggeri)<\/b><\/p>\n<ul>\n<li><strong><span style=\"color: #000000;\">Conosciuto come: <\/span><\/strong>aeroporto Kristiansand Kjevik<\/li>\n<li><strong><span style=\"color: #000000;\">Citt\u00e0 nelle vicinanze:<\/span><\/strong> Ryen, Krageboen, Kristiansand<\/li>\n<li><span style=\"color: #000000;\"><strong>Dall\u2019aeroporto alla citt\u00e0 di Kristiansand: <\/strong><\/span>autobus pubblico &#8211; 25 min<\/li>\n<\/ul>\n<p><b><span style=\"color: #2a2a2a;\">Aeroporto di Harstad \/ Narvik<\/span> &#8211; codice IATA EVE &#8211; (~ 0,7 milioni di passeggeri)<\/b><\/p>\n<ul>\n<li><span style=\"color: #000000;\"><strong>Conosciuto come:<\/strong><\/span> \/<\/li>\n<li><span style=\"color: #000000;\"><strong>Citt\u00e0 nelle vicinanze: <\/strong><\/span>Harstad, Narvik, Evenskjer, Ramsund, Fjelldal<\/li>\n<li><span style=\"color: #000000;\"><strong>Dall\u2019aeroporto alla citt\u00e0 di Harstad: <\/strong><\/span>Flybuss &#8211; 50 min<\/li>\n<li><span style=\"color: #000000;\"><strong>Dall\u2019aeroporto alla citt\u00e0 di Narvik: <\/strong><\/span>Flybuss &#8211; 75 min<\/li>\n<\/ul>\n<p><b><span style=\"color: #2a2a2a;\">Aeroporto di Haugesund<\/span> &#8211; codice IATA HAU &#8211; (~ 0,7 milioni di passeggeri)<\/b><\/p>\n<ul>\n<li><span style=\"color: #000000;\"><strong>Conosciuto come: <\/strong><\/span>aeroporto di Haugesund Karm\u00f8y<\/li>\n<li><span style=\"color: #000000;\"><strong>Citt\u00e0 nelle vicinanze: <\/strong><\/span>Haugesund, Fosen, Karm\u00f8y, Avaldsnes<\/li>\n<li><span style=\"color: #000000;\"><strong>Dall\u2019aeroporto alla citt\u00e0 di Haugesund: <\/strong><\/span>navetta per l&#8217;aeroporto &#8211; 30 min<\/li>\n<\/ul>\n<p><b><span style=\"color: #2a2a2a;\">Aeroporto di Molde<\/span> &#8211; codice IATA MOL &#8211; (~ 0,5 milioni di passeggeri)<\/b><\/p>\n<ul>\n<li><span style=\"color: #000000;\"><strong>Conosciuto come: <\/strong><\/span>\/<\/li>\n<li><span style=\"color: #000000;\"><strong>Citt\u00e0 nelle vicinanze:<\/strong><\/span> Molde, Malme, Hjelset<\/li>\n<li><span style=\"color: #000000;\"><strong>Dall\u2019aeroporto alla citt\u00e0 di Molde:<\/strong><\/span> navetta per l&#8217;aeroporto &#8211; 20 min<\/li>\n<\/ul>\n","protected":false},"excerpt":{"rendered":"<p>La Norvegia conta 98 aeroporti in totale, 45 dei quali sono aeroporti \u00a0per voli pubblici, incluso l\u2019elicottero V\u00e6r\u00f8y. Questi aeroporto sono di \u00a0propriet\u00e0 dell&#8217;operatore aeroportuale del governo, Avinor. La Norvegia \u00e8 il paese in Europa con il maggior numero di viaggi aerei per capita. Le rotte da Oslo a Trondheim, Bergen e Stavanger sono tra [&hellip;]<\/p>\n<p><a class=\"more-link btn btn-primary\" href=\"https:\/\/traveling.com\/it\/blog\/aeroporti-in-norvegia\/\"> Continua a leggere\u2026<\/a><\/p>\n","protected":false},"author":4,"featured_media":0,"parent":0,"menu_order":0,"comment_status":"closed","ping_status":"closed","template":"","meta":[],"yoast_head":"<!-- This site is optimized with the Yoast SEO plugin v19.8 - https:\/\/yoast.com\/wordpress\/plugins\/seo\/ -->\n<title>Aeroporti in Norvegia, informazioni, mappa, codici<\/title>\n<meta name=\"robots\" content=\"index, follow, max-snippet:-1, max-image-preview:large, max-video-preview:-1\" \/>\n<link rel=\"canonical\" href=\"https:\/\/traveling.com\/it\/blog\/aeroporti-in-norvegia\/\" \/>\n<meta property=\"og:locale\" content=\"it_IT\" \/>\n<meta property=\"og:type\" content=\"article\" \/>\n<meta property=\"og:title\" content=\"Aeroporti in Norvegia, informazioni, mappa, codici\" \/>\n<meta property=\"og:description\" content=\"La Norvegia conta 98 aeroporti in totale, 45 dei quali sono aeroporti \u00a0per voli pubblici, incluso l\u2019elicottero V\u00e6r\u00f8y. Questi aeroporto sono di \u00a0propriet\u00e0 dell&#8217;operatore aeroportuale del governo, Avinor. La Norvegia \u00e8 il paese in Europa con il maggior numero di viaggi aerei per capita. Le rotte da Oslo a Trondheim, Bergen e Stavanger sono tra [&hellip;] Continua a leggere\u2026\" \/>\n<meta property=\"og:url\" content=\"https:\/\/traveling.com\/it\/blog\/aeroporti-in-norvegia\/\" \/>\n<meta property=\"og:site_name\" content=\"Traveling.com Blog\" \/>\n<meta property=\"article:modified_time\" content=\"2025-03-24T14:58:36+00:00\" \/>\n<meta property=\"og:image\" content=\"https:\/\/getbybus.com\/it\/blog\/wp-content\/uploads\/2019\/03\/aeroporto-di-oslo.jpg\" \/>\n<meta name=\"twitter:card\" content=\"summary_large_image\" \/>\n<meta name=\"twitter:label1\" content=\"Est. reading time\" \/>\n\t<meta name=\"twitter:data1\" content=\"6 minutes\" \/>\n<script type=\"application\/ld+json\" class=\"yoast-schema-graph\">{\"@context\":\"https:\/\/schema.org\",\"@graph\":[{\"@type\":\"WebPage\",\"@id\":\"https:\/\/traveling.com\/it\/blog\/aeroporti-in-norvegia\/\",\"url\":\"https:\/\/traveling.com\/it\/blog\/aeroporti-in-norvegia\/\",\"name\":\"Aeroporti in Norvegia, informazioni, mappa, codici\",\"isPartOf\":{\"@id\":\"https:\/\/traveling.com\/it\/blog\/#website\"},\"datePublished\":\"2019-03-06T09:11:45+00:00\",\"dateModified\":\"2025-03-24T14:58:36+00:00\",\"breadcrumb\":{\"@id\":\"https:\/\/traveling.com\/it\/blog\/aeroporti-in-norvegia\/#breadcrumb\"},\"inLanguage\":\"it-IT\",\"potentialAction\":[{\"@type\":\"ReadAction\",\"target\":[\"https:\/\/traveling.com\/it\/blog\/aeroporti-in-norvegia\/\"]}]},{\"@type\":\"BreadcrumbList\",\"@id\":\"https:\/\/traveling.com\/it\/blog\/aeroporti-in-norvegia\/#breadcrumb\",\"itemListElement\":[{\"@type\":\"ListItem\",\"position\":1,\"name\":\"Home\",\"item\":\"https:\/\/traveling.com\/it\/blog\/\"},{\"@type\":\"ListItem\",\"position\":2,\"name\":\"Aeroporti in Norvegia\"}]},{\"@type\":\"WebSite\",\"@id\":\"https:\/\/traveling.com\/it\/blog\/#website\",\"url\":\"https:\/\/traveling.com\/it\/blog\/\",\"name\":\"Traveling.com Blog\",\"description\":\"La Tua Guida di Viaggio Completa\",\"potentialAction\":[{\"@type\":\"SearchAction\",\"target\":{\"@type\":\"EntryPoint\",\"urlTemplate\":\"https:\/\/traveling.com\/it\/blog\/?s={search_term_string}\"},\"query-input\":\"required name=search_term_string\"}],\"inLanguage\":\"it-IT\"}]}<\/script>\n<!-- \/ Yoast SEO plugin. -->","yoast_head_json":{"title":"Aeroporti in Norvegia, informazioni, mappa, codici","robots":{"index":"index","follow":"follow","max-snippet":"max-snippet:-1","max-image-preview":"max-image-preview:large","max-video-preview":"max-video-preview:-1"},"canonical":"https:\/\/traveling.com\/it\/blog\/aeroporti-in-norvegia\/","og_locale":"it_IT","og_type":"article","og_title":"Aeroporti in Norvegia, informazioni, mappa, codici","og_description":"La Norvegia conta 98 aeroporti in totale, 45 dei quali sono aeroporti \u00a0per voli pubblici, incluso l\u2019elicottero V\u00e6r\u00f8y. Questi aeroporto sono di \u00a0propriet\u00e0 dell&#8217;operatore aeroportuale del governo, Avinor. La Norvegia \u00e8 il paese in Europa con il maggior numero di viaggi aerei per capita. Le rotte da Oslo a Trondheim, Bergen e Stavanger sono tra [&hellip;] Continua a leggere\u2026","og_url":"https:\/\/traveling.com\/it\/blog\/aeroporti-in-norvegia\/","og_site_name":"Traveling.com Blog","article_modified_time":"2025-03-24T14:58:36+00:00","og_image":[{"url":"https:\/\/getbybus.com\/it\/blog\/wp-content\/uploads\/2019\/03\/aeroporto-di-oslo.jpg"}],"twitter_card":"summary_large_image","twitter_misc":{"Est. reading time":"6 minutes"},"schema":{"@context":"https:\/\/schema.org","@graph":[{"@type":"WebPage","@id":"https:\/\/traveling.com\/it\/blog\/aeroporti-in-norvegia\/","url":"https:\/\/traveling.com\/it\/blog\/aeroporti-in-norvegia\/","name":"Aeroporti in Norvegia, informazioni, mappa, codici","isPartOf":{"@id":"https:\/\/traveling.com\/it\/blog\/#website"},"datePublished":"2019-03-06T09:11:45+00:00","dateModified":"2025-03-24T14:58:36+00:00","breadcrumb":{"@id":"https:\/\/traveling.com\/it\/blog\/aeroporti-in-norvegia\/#breadcrumb"},"inLanguage":"it-IT","potentialAction":[{"@type":"ReadAction","target":["https:\/\/traveling.com\/it\/blog\/aeroporti-in-norvegia\/"]}]},{"@type":"BreadcrumbList","@id":"https:\/\/traveling.com\/it\/blog\/aeroporti-in-norvegia\/#breadcrumb","itemListElement":[{"@type":"ListItem","position":1,"name":"Home","item":"https:\/\/traveling.com\/it\/blog\/"},{"@type":"ListItem","position":2,"name":"Aeroporti in Norvegia"}]},{"@type":"WebSite","@id":"https:\/\/traveling.com\/it\/blog\/#website","url":"https:\/\/traveling.com\/it\/blog\/","name":"Traveling.com Blog","description":"La Tua Guida di Viaggio Completa","potentialAction":[{"@type":"SearchAction","target":{"@type":"EntryPoint","urlTemplate":"https:\/\/traveling.com\/it\/blog\/?s={search_term_string}"},"query-input":"required name=search_term_string"}],"inLanguage":"it-IT"}]}},"_links":{"self":[{"href":"https:\/\/traveling.com\/it\/blog\/wp-json\/wp\/v2\/pages\/3950"}],"collection":[{"href":"https:\/\/traveling.com\/it\/blog\/wp-json\/wp\/v2\/pages"}],"about":[{"href":"https:\/\/traveling.com\/it\/blog\/wp-json\/wp\/v2\/types\/page"}],"author":[{"embeddable":true,"href":"https:\/\/traveling.com\/it\/blog\/wp-json\/wp\/v2\/users\/4"}],"replies":[{"embeddable":true,"href":"https:\/\/traveling.com\/it\/blog\/wp-json\/wp\/v2\/comments?post=3950"}],"version-history":[{"count":6,"href":"https:\/\/traveling.com\/it\/blog\/wp-json\/wp\/v2\/pages\/3950\/revisions"}],"predecessor-version":[{"id":9682,"href":"https:\/\/traveling.com\/it\/blog\/wp-json\/wp\/v2\/pages\/3950\/revisions\/9682"}],"wp:attachment":[{"href":"https:\/\/traveling.com\/it\/blog\/wp-json\/wp\/v2\/media?parent=3950"}],"curies":[{"name":"wp","href":"https:\/\/api.w.org\/{rel}","templated":true}]}}