{"id":3970,"date":"2019-03-06T10:16:05","date_gmt":"2019-03-06T10:16:05","guid":{"rendered":"https:\/\/getbybus.com\/it\/blog\/?page_id=3970"},"modified":"2025-03-24T14:58:38","modified_gmt":"2025-03-24T14:58:38","slug":"aeroporti-in-polonia","status":"publish","type":"page","link":"https:\/\/traveling.com\/it\/blog\/aeroporti-in-polonia\/","title":{"rendered":"Aeroporti in Polonia"},"content":{"rendered":"<p>Polonia ha 12 aeroporti internazionali che collegano tutte le regioni del paese con il resto del mondo. Di sotto potete vedere quello pi\u00f9 conveniente per la vostra tratta.<\/p>\n<h4><span class=\"ez-toc-section\" id=\"Aeroporto_di_Varsavia_-_codice_IATA_WAW\"><\/span><strong><span style=\"color: #2a2a2a;\">Aeroporto di Varsavia <\/span>&#8211; codice IATA WAW<br \/>\n<\/strong><span class=\"ez-toc-section-end\"><\/span><\/h4>\n<p><strong>~ <span class=\"VIiyi\" lang=\"it\"><span class=\"JLqJ4b ChMk0b\" data-language-for-alternatives=\"it\" data-language-to-translate-into=\"en\" data-phrase-index=\"0\" data-number-of-phrases=\"1\">18 milioni di passeggeri<\/span><\/span><\/strong><br \/>\nL\u2019aeroporto di Varsavia porta il nome di Frederic Chopin \u00e8 l\u2019aeroporto nazionale pi\u00f9 grande e pi\u00f9 frequentato. Pi\u00f9 di 40% dei viaggiatori nazionali viene proprio a questo aeroporto. I voli pi\u00f9 frequenti internazionali dall\u2019aeroporto sono fino a Francoforte, Amsterdam, Londra, Chicago e Parigi. C\u2019\u00e8 solo un terminal per i passeggeri, conosciuto come il Terminal A. <a href=\"https:\/\/Traveling.com\/it\/blog\/bus-aeroporto-chopin-di-varsavia\/\">Il miglior modo per raggiungere il centro della citt\u00e0 di Varsavia<\/a> \u00e8 usando la ferrovia che collega l\u2019aeroporto al centro della citt\u00e0 fra 20 minuti. Un\u2019altra possibilit\u00e0 \u00e8 di prendere l\u2019autobus che collega l\u2019aeroporto con il centro di Varsavia, pi\u00f9 preciso le linee numero 175, 188 e N32 (durante la notte). C\u2019\u00e8 anche la linea addizionale numero 148 che va fino a Ursyn\u00f3w (verso sud di Varsavia) e Praga (parte est di Varsavia). Varsavia \u00e8 il posto perfetto dal quale potete visitare anche le altre destinazioni come <a href=\"https:\/\/Traveling.com\/it\/blog\/varsavia-vienna\/\">Vienna<\/a>, Berlino o Praga, come menzionato prima.<\/p>\n<h4><span class=\"ez-toc-section\" id=\"Aeroporto_di_Wroclaw_-_codice_IATA_WRO\"><\/span><strong><span style=\"color: #2a2a2a;\">Aeroporto di Wroclaw <\/span>&#8211; codice IATA WRO<br \/>\n<\/strong><span class=\"ez-toc-section-end\"><\/span><\/h4>\n<p><strong>~ 3<span class=\"VIiyi\" lang=\"it\"><span class=\"JLqJ4b ChMk0b\" data-language-for-alternatives=\"it\" data-language-to-translate-into=\"en\" data-phrase-index=\"0\" data-number-of-phrases=\"1\"> milioni di passeggeri<\/span><\/span><\/strong><br \/>\nL\u2019aeroporto di Wroclaw che porta il nome di Nicolas Copernicus \u00e8 l\u2019aeroporto internazionale che gestisce la zona di Wroclaw nella parte sud-ovest della Polonia. L\u2019aeroporto si trova a 10 chilometri verso il sud-ovest dal centro della citt\u00e0. Dispone di due terminal per i passeggeri e un terminal per le merci. Grazie alla sua vicinanza al centro della citt\u00e0, non \u00e8 un problema di raggiungerla sia in autobus che in macchina. La linea autobus numero 106 corre ogni 20 minuti alla e dalla stazione ferroviaria centrale\/stazione autobus. L\u2019intero viaggio dura circa 40 minuti, dipendendo dal traffico e dalle condizioni meteorologiche. La linea notturna numero 206 gestisce la tratta per l\u2019aeroporto. Da Wroclaw potete visitare anche altri posti come <a href=\"https:\/\/Traveling.com\/it\/bus-breslavia-a-cracovia\">Krakow<\/a> o <a href=\"https:\/\/Traveling.com\/it\/bus-breslavia-a-katowice\">Katowice<\/a>.<\/p>\n<h4><span class=\"ez-toc-section\" id=\"Aeroporto_di_Krakow_-_codice_IATA_KRK\"><\/span><strong><span style=\"color: #2a2a2a;\">Aeroporto di Krakow <\/span>&#8211; codice IATA KRK<br \/>\n<\/strong><span class=\"ez-toc-section-end\"><\/span><\/h4>\n<p><strong>~ <span class=\"VIiyi\" lang=\"it\"><span class=\"JLqJ4b ChMk0b\" data-language-for-alternatives=\"it\" data-language-to-translate-into=\"en\" data-phrase-index=\"0\" data-number-of-phrases=\"1\">8 milioni di passeggeri<\/span><\/span><\/strong><br \/>\nL\u2019aeroporto internazionale di Saint John Paul II Krakow-Balice si trova nel villaggio di Balice, vicino a Krakow e a 11 chilometri dal centro della citt\u00e0 nella parte sud del paese. <a href=\"https:\/\/Traveling.com\/it\/blog\/aeroporto-di-cracovia\/\">La navetta che collega l\u2019aeroporto di Balice con la stazione centrale di Krakow Glowny<\/a> \u00e8 situata vicino alla parte storica della citt\u00e0. Corrono ogni 30 minuti e il viaggio dura meno di 20 minuti. Il treno pi\u00f9 presto fino all\u2019aeroporto di Krakow parte dalla stazione centrale alle 04:05 di mattina e l\u2019ultimo alle 11:35 di pomeriggio. La prima e l\u2019ultima partenza dalla stazione aeroportuale \u00e8 alle 05:16 di mattina e a mezzanotte.<\/p>\n<h4><span class=\"ez-toc-section\" id=\"Aeroporto_di_Gdansk_-_codice_iATA_GDN\"><\/span><strong><span style=\"color: #2a2a2a;\">Aeroporto di Gdansk<\/span> &#8211; codice iATA GDN<br \/>\n<\/strong><span class=\"ez-toc-section-end\"><\/span><\/h4>\n<p><strong>~ 5<span class=\"VIiyi\" lang=\"it\"><span class=\"JLqJ4b ChMk0b\" data-language-for-alternatives=\"it\" data-language-to-translate-into=\"en\" data-phrase-index=\"0\" data-number-of-phrases=\"1\"> milioni di passeggeri<\/span><\/span><\/strong><br \/>\nL\u2019aeroporto di Gdansk \u00e8 conosciuto anche come l\u2019aeroporto di Lech Walesa e si trova a 12 chilometri verso l\u2019ovest dalla citt\u00e0 di Gdansk. L\u2019aeroporto porta il nome dell\u2019ex presidente della Polonia. E\u2019 relativamente facile di raggiungere la citt\u00e0 dall\u2019aeroporto. La linea numero 210 di ZTM Gdansk porta la gente dall\u2019aeroporto di Gdansk fino alla stazione ferroviaria centrale di Gdansk fra 40 minuti.<\/p>\n<h4><span class=\"ez-toc-section\" id=\"Aeroporto_di_Katowice_-_codice_IATA_KTW\"><\/span><strong><span style=\"color: #2a2a2a;\">Aeroporto di Katowice <\/span>&#8211; codice IATA KTW<br \/>\n<\/strong><span class=\"ez-toc-section-end\"><\/span><\/h4>\n<p><strong>~ 5<span class=\"VIiyi\" lang=\"it\"><span class=\"JLqJ4b ChMk0b\" data-language-for-alternatives=\"it\" data-language-to-translate-into=\"en\" data-phrase-index=\"0\" data-number-of-phrases=\"1\"> milioni di passeggeri<\/span><\/span><\/strong><br \/>\nAeroporto di Katowice \u00e8 <strong>il quarto aeroporto pi\u00f9 frequentato del paese<\/strong>. Si trova a 30 chilometri verso nord da Katowice, in Pyrzowice. Esistono 3 linee autobus che collegano l\u2019aeroporto con diverse zone urbane: <strong>Bytorn &#8211; aeroporto<\/strong> &#8211; linee 85 e 53, <strong>Mierz\u0119cice<\/strong> &#8211; <strong>aeroporto<\/strong> &#8211; linea 17 o la navetta aeroportuale diretta. Dalla citt\u00e0 potete visitare altre destinazioni vicine come Krakow ad esempio.<\/p>\n<h4><span class=\"ez-toc-section\" id=\"Aeroporto_di_Varsavia_-_codice_IATA_WMI\"><\/span><strong><span style=\"color: #2a2a2a;\">Aeroporto di Varsavia <\/span>&#8211; codice IATA WMI<br \/>\n<\/strong><span class=\"ez-toc-section-end\"><\/span><\/h4>\n<p><strong>~ 3<span class=\"VIiyi\" lang=\"it\"><span class=\"JLqJ4b ChMk0b\" data-language-for-alternatives=\"it\" data-language-to-translate-into=\"en\" data-phrase-index=\"0\" data-number-of-phrases=\"1\"> milioni di passeggeri<\/span><\/span><\/strong><br \/>\nL\u2019aeroporto di <a href=\"https:\/\/Traveling.com\/it\/blog\/aeroporto-di-varsavia-modlin\/\">Varsavia Modlin<\/a> \u00e8 l\u2019aeroporto internazionale aperto nel 2012 dopo essere usato come aeroporto militare. Si trova a 40 chilometri dal centro della citt\u00e0 di Varsavia. L\u2019aeroporto \u00e8 usato dalle compagnie aeree low cost e serve come la sede di Ryanair.<\/p>\n<p><img decoding=\"async\" class=\"alignnone size-full wp-image-3971\" src=\"https:\/\/Traveling.com\/it\/blog\/wp-content\/uploads\/2019\/03\/Warsaw-Chopin-aeroporto.jpg\" alt=\"\" width=\"1024\" height=\"683\" srcset=\"https:\/\/d2bgjx2gb489de.cloudfront.net\/gbb-blogs\/wp-content\/uploads\/2019\/03\/06101519\/Warsaw-Chopin-aeroporto.jpg 1024w, https:\/\/d2bgjx2gb489de.cloudfront.net\/gbb-blogs\/wp-content\/uploads\/2019\/03\/06101519\/Warsaw-Chopin-aeroporto-300x200.jpg 300w, https:\/\/d2bgjx2gb489de.cloudfront.net\/gbb-blogs\/wp-content\/uploads\/2019\/03\/06101519\/Warsaw-Chopin-aeroporto-768x512.jpg 768w\" sizes=\"(max-width: 1024px) 100vw, 1024px\" \/><\/p>\n<h4><span class=\"ez-toc-section\" id=\"Aeroporto_di_Poznan_-_codice_IATA_POZ\"><\/span><strong><span style=\"color: #2a2a2a;\">Aeroporto di Poznan<\/span> &#8211; codice IATA POZ<br \/>\n<\/strong><span class=\"ez-toc-section-end\"><\/span><\/h4>\n<p><strong>~ 2.5<span class=\"VIiyi\" lang=\"it\"><span class=\"JLqJ4b ChMk0b\" data-language-for-alternatives=\"it\" data-language-to-translate-into=\"en\" data-phrase-index=\"0\" data-number-of-phrases=\"1\"> milioni di passeggeri<\/span><\/span><\/strong><br \/>\nPoznan-Lawica o l\u2019aeroporto di Henryk Wieniawski \u00e8 uno dei primi aeroporti del paese, situato a 5 chilometri dal centro della citt\u00e0. Durante l\u2019estate ce ne sono tanti voli fino alle destinazioni come Hurghada e destinazioni europee per vacanza.<\/p>\n<h4><span class=\"ez-toc-section\" id=\"Aeroporto_di_Rzeszow_-_codice_IATA_RZE\"><\/span><strong><span style=\"color: #2a2a2a;\">Aeroporto di Rzeszow<\/span> &#8211; codice IATA RZE<br \/>\n<\/strong><span class=\"ez-toc-section-end\"><\/span><\/h4>\n<p><strong>~ 0.7<span class=\"VIiyi\" lang=\"it\"><span class=\"JLqJ4b ChMk0b\" data-language-for-alternatives=\"it\" data-language-to-translate-into=\"en\" data-phrase-index=\"0\" data-number-of-phrases=\"1\"> milioni di passeggeri<\/span><\/span><\/strong><br \/>\nAeroporto di Rzeszow-Jasionka \u00e8 l\u2019aeroporto internazionale situato nella parte sud-est della Polonia, nel villaggio di Jasonka, 10 chilometri dalla citt\u00e0 di Rzeszow. E\u2019 il settimo aeroporto pi\u00f9 frequentato del paese per quanto riguarda il traffico dei passeggeri.<\/p>\n<h4><span class=\"ez-toc-section\" id=\"Aeroporto_di_Szczecin_-_codice_IATA_SZZ\"><\/span><strong><span style=\"color: #2a2a2a;\">Aeroporto di Szczecin <\/span>&#8211; codice IATA SZZ<br \/>\n<\/strong><span class=\"ez-toc-section-end\"><\/span><\/h4>\n<p><strong>~ 0.4<span class=\"VIiyi\" lang=\"it\"><span class=\"JLqJ4b ChMk0b\" data-language-for-alternatives=\"it\" data-language-to-translate-into=\"en\" data-phrase-index=\"0\" data-number-of-phrases=\"1\"> milioni di passeggeri<\/span><\/span><\/strong><br \/>\nSolidarity o l\u2019aeroporto di Szczecin-Goleniow \u00e8 l\u2019aeroporto primario per i voli domestici e internazionali per la regione fuori dalla citt\u00e0 di Szczecin. Si trova a 45 chilometri verso il nord-est dal centro della citt\u00e0, nel villaggio di Glewice.<\/p>\n<h4><span class=\"ez-toc-section\" id=\"Aeroporto_di_Lublin_-_codice_IATA_LUZ\"><\/span><strong><span style=\"color: #2a2a2a;\">Aeroporto di Lublin<\/span> &#8211; codice IATA LUZ<br \/>\n<\/strong><span class=\"ez-toc-section-end\"><\/span><\/h4>\n<p><strong>~ 0.4<span class=\"VIiyi\" lang=\"it\"><span class=\"JLqJ4b ChMk0b\" data-language-for-alternatives=\"it\" data-language-to-translate-into=\"en\" data-phrase-index=\"0\" data-number-of-phrases=\"1\"> milioni di passeggeri<\/span><\/span><\/strong><br \/>\nAeroporto di Lublin \u00e8 l\u2019aeroporto internazionale che gestisce la citt\u00e0 di Lublin e le zone nei suoi dintorni. Si trova a 10 chilometri verso est dalla citt\u00e0 di Lublin.<\/p>\n<h4><span class=\"ez-toc-section\" id=\"Aaeroporto_di_Bydgoszcz_-_codice_IATA_BZG\"><\/span><strong><span style=\"color: #2a2a2a;\">Aaeroporto di Bydgoszcz<\/span> &#8211; codice IATA BZG<br \/>\n<\/strong><span class=\"ez-toc-section-end\"><\/span><\/h4>\n<p><strong>~ 0.4<span class=\"VIiyi\" lang=\"it\"><span class=\"JLqJ4b ChMk0b\" data-language-for-alternatives=\"it\" data-language-to-translate-into=\"en\" data-phrase-index=\"0\" data-number-of-phrases=\"1\"> milioni di passeggeri<\/span><\/span><\/strong><br \/>\nL\u2019aeroporto di Bydgoszcz chiamato Jan Paderewski \u00e8 l\u2019aeroporto internazionale che gestiscce la zona della citt\u00e0 di Bydgoszcz.<\/p>\n<h4><span class=\"ez-toc-section\" id=\"Aeroporto_di_Lodz_-_codice_IATA_LCJ\"><\/span><strong><span style=\"color: #2a2a2a;\">Aeroporto di Lodz <\/span>&#8211; codice IATA LCJ<br \/>\n<\/strong><span class=\"ez-toc-section-end\"><\/span><\/h4>\n<p><strong>~ 0.3<span class=\"VIiyi\" lang=\"it\"><span class=\"JLqJ4b ChMk0b\" data-language-for-alternatives=\"it\" data-language-to-translate-into=\"en\" data-phrase-index=\"0\" data-number-of-phrases=\"1\"> milioni di passeggeri<\/span><\/span><\/strong><br \/>\nL\u2019aeroporto di Lodz \u00e8 conosciuto anche come l\u2019aeroporto di Wladyslaw Reymont ed \u00e8 un aeroporto internazionale nella Polonia centrale, situato a 6 chilometri dal centro della citt\u00e0. Offre dei voli a varie destinazioni Europee.<\/p>\n<p><strong><span class=\"VIiyi\" lang=\"it\"><span class=\"JLqJ4b ChMk0b\" data-language-for-alternatives=\"it\" data-language-to-translate-into=\"en\" data-phrase-index=\"0\" data-number-of-phrases=\"1\">Aeroporti nei paesi vicini<\/span><\/span> <\/strong><\/p>\n<table style=\"border-collapse: collapse; width: 100%;\" border=\"1\">\n<tbody>\n<tr>\n<td style=\"width: 33.3333%;\"><a href=\"https:\/\/Traveling.com\/it\/blog\/aeroporti-in-repubblica-ceca\/\"><span class=\"VIiyi\" lang=\"it\"><span class=\"JLqJ4b ChMk0b\" data-language-for-alternatives=\"it\" data-language-to-translate-into=\"en\" data-phrase-index=\"0\" data-number-of-phrases=\"1\">Aeroporti in Repubblica Ceca<\/span><\/span> <\/a><\/td>\n<td style=\"width: 33.3333%;\"><a href=\"https:\/\/Traveling.com\/it\/blog\/aeroporti-in-slovacchia\/\"><span class=\"VIiyi\" lang=\"it\"><span class=\"JLqJ4b ChMk0b\" data-language-for-alternatives=\"it\" data-language-to-translate-into=\"en\" data-phrase-index=\"0\" data-number-of-phrases=\"1\">Aeroporti in Slovacchia<\/span><\/span> <\/a><\/td>\n<td style=\"width: 33.3333%;\"><a href=\"https:\/\/Traveling.com\/it\/blog\/aeroporti-in-germania\/\"><span class=\"VIiyi\" lang=\"it\"><span class=\"JLqJ4b ChMk0b\" data-language-for-alternatives=\"it\" data-language-to-translate-into=\"en\" data-phrase-index=\"0\" data-number-of-phrases=\"1\">Aeroporti in Germania<\/span><\/span>\u00a0<\/a><\/td>\n<\/tr>\n<\/tbody>\n<\/table>\n<p><iframe src=\"https:\/\/www.google.com\/maps\/d\/embed?mid=1clZXJ5LFKhwY6X-CN0f87fqq6zphWY81\" width=\"640\" height=\"480\"><\/iframe><\/p>\n","protected":false},"excerpt":{"rendered":"<p>Polonia ha 12 aeroporti internazionali che collegano tutte le regioni del paese con il resto del mondo. Di sotto potete vedere quello pi\u00f9 conveniente per la vostra tratta. Aeroporto di Varsavia &#8211; codice IATA WAW ~ 18 milioni di passeggeri L\u2019aeroporto di Varsavia porta il nome di Frederic Chopin \u00e8 l\u2019aeroporto nazionale pi\u00f9 grande e [&hellip;]<\/p>\n<p><a class=\"more-link btn btn-primary\" href=\"https:\/\/traveling.com\/it\/blog\/aeroporti-in-polonia\/\"> Continua a leggere\u2026<\/a><\/p>\n","protected":false},"author":4,"featured_media":0,"parent":0,"menu_order":0,"comment_status":"closed","ping_status":"closed","template":"","meta":[],"yoast_head":"<!-- This site is optimized with the Yoast SEO plugin v19.8 - https:\/\/yoast.com\/wordpress\/plugins\/seo\/ -->\n<title>Aeroporti in Polonia, informazioni, mappa, codici<\/title>\n<meta name=\"robots\" content=\"index, follow, max-snippet:-1, max-image-preview:large, max-video-preview:-1\" \/>\n<link rel=\"canonical\" href=\"https:\/\/traveling.com\/it\/blog\/aeroporti-in-polonia\/\" \/>\n<meta property=\"og:locale\" content=\"it_IT\" \/>\n<meta property=\"og:type\" content=\"article\" \/>\n<meta property=\"og:title\" content=\"Aeroporti in Polonia, informazioni, mappa, codici\" \/>\n<meta property=\"og:description\" content=\"Polonia ha 12 aeroporti internazionali che collegano tutte le regioni del paese con il resto del mondo. Di sotto potete vedere quello pi\u00f9 conveniente per la vostra tratta. Aeroporto di Varsavia &#8211; codice IATA WAW ~ 18 milioni di passeggeri L\u2019aeroporto di Varsavia porta il nome di Frederic Chopin \u00e8 l\u2019aeroporto nazionale pi\u00f9 grande e [&hellip;] Continua a leggere\u2026\" \/>\n<meta property=\"og:url\" content=\"https:\/\/traveling.com\/it\/blog\/aeroporti-in-polonia\/\" \/>\n<meta property=\"og:site_name\" content=\"Traveling.com Blog\" \/>\n<meta property=\"article:modified_time\" content=\"2025-03-24T14:58:38+00:00\" \/>\n<meta property=\"og:image\" content=\"https:\/\/getbybus.com\/it\/blog\/wp-content\/uploads\/2019\/03\/Warsaw-Chopin-aeroporto.jpg\" \/>\n<meta name=\"twitter:card\" content=\"summary_large_image\" \/>\n<meta name=\"twitter:label1\" content=\"Est. reading time\" \/>\n\t<meta name=\"twitter:data1\" content=\"4 minutes\" \/>\n<script type=\"application\/ld+json\" class=\"yoast-schema-graph\">{\"@context\":\"https:\/\/schema.org\",\"@graph\":[{\"@type\":\"WebPage\",\"@id\":\"https:\/\/traveling.com\/it\/blog\/aeroporti-in-polonia\/\",\"url\":\"https:\/\/traveling.com\/it\/blog\/aeroporti-in-polonia\/\",\"name\":\"Aeroporti in Polonia, informazioni, mappa, codici\",\"isPartOf\":{\"@id\":\"https:\/\/traveling.com\/it\/blog\/#website\"},\"datePublished\":\"2019-03-06T10:16:05+00:00\",\"dateModified\":\"2025-03-24T14:58:38+00:00\",\"breadcrumb\":{\"@id\":\"https:\/\/traveling.com\/it\/blog\/aeroporti-in-polonia\/#breadcrumb\"},\"inLanguage\":\"it-IT\",\"potentialAction\":[{\"@type\":\"ReadAction\",\"target\":[\"https:\/\/traveling.com\/it\/blog\/aeroporti-in-polonia\/\"]}]},{\"@type\":\"BreadcrumbList\",\"@id\":\"https:\/\/traveling.com\/it\/blog\/aeroporti-in-polonia\/#breadcrumb\",\"itemListElement\":[{\"@type\":\"ListItem\",\"position\":1,\"name\":\"Home\",\"item\":\"https:\/\/traveling.com\/it\/blog\/\"},{\"@type\":\"ListItem\",\"position\":2,\"name\":\"Aeroporti in Polonia\"}]},{\"@type\":\"WebSite\",\"@id\":\"https:\/\/traveling.com\/it\/blog\/#website\",\"url\":\"https:\/\/traveling.com\/it\/blog\/\",\"name\":\"Traveling.com Blog\",\"description\":\"La Tua Guida di Viaggio Completa\",\"potentialAction\":[{\"@type\":\"SearchAction\",\"target\":{\"@type\":\"EntryPoint\",\"urlTemplate\":\"https:\/\/traveling.com\/it\/blog\/?s={search_term_string}\"},\"query-input\":\"required name=search_term_string\"}],\"inLanguage\":\"it-IT\"}]}<\/script>\n<!-- \/ Yoast SEO plugin. -->","yoast_head_json":{"title":"Aeroporti in Polonia, informazioni, mappa, codici","robots":{"index":"index","follow":"follow","max-snippet":"max-snippet:-1","max-image-preview":"max-image-preview:large","max-video-preview":"max-video-preview:-1"},"canonical":"https:\/\/traveling.com\/it\/blog\/aeroporti-in-polonia\/","og_locale":"it_IT","og_type":"article","og_title":"Aeroporti in Polonia, informazioni, mappa, codici","og_description":"Polonia ha 12 aeroporti internazionali che collegano tutte le regioni del paese con il resto del mondo. Di sotto potete vedere quello pi\u00f9 conveniente per la vostra tratta. Aeroporto di Varsavia &#8211; codice IATA WAW ~ 18 milioni di passeggeri L\u2019aeroporto di Varsavia porta il nome di Frederic Chopin \u00e8 l\u2019aeroporto nazionale pi\u00f9 grande e [&hellip;] Continua a leggere\u2026","og_url":"https:\/\/traveling.com\/it\/blog\/aeroporti-in-polonia\/","og_site_name":"Traveling.com Blog","article_modified_time":"2025-03-24T14:58:38+00:00","og_image":[{"url":"https:\/\/getbybus.com\/it\/blog\/wp-content\/uploads\/2019\/03\/Warsaw-Chopin-aeroporto.jpg"}],"twitter_card":"summary_large_image","twitter_misc":{"Est. reading time":"4 minutes"},"schema":{"@context":"https:\/\/schema.org","@graph":[{"@type":"WebPage","@id":"https:\/\/traveling.com\/it\/blog\/aeroporti-in-polonia\/","url":"https:\/\/traveling.com\/it\/blog\/aeroporti-in-polonia\/","name":"Aeroporti in Polonia, informazioni, mappa, codici","isPartOf":{"@id":"https:\/\/traveling.com\/it\/blog\/#website"},"datePublished":"2019-03-06T10:16:05+00:00","dateModified":"2025-03-24T14:58:38+00:00","breadcrumb":{"@id":"https:\/\/traveling.com\/it\/blog\/aeroporti-in-polonia\/#breadcrumb"},"inLanguage":"it-IT","potentialAction":[{"@type":"ReadAction","target":["https:\/\/traveling.com\/it\/blog\/aeroporti-in-polonia\/"]}]},{"@type":"BreadcrumbList","@id":"https:\/\/traveling.com\/it\/blog\/aeroporti-in-polonia\/#breadcrumb","itemListElement":[{"@type":"ListItem","position":1,"name":"Home","item":"https:\/\/traveling.com\/it\/blog\/"},{"@type":"ListItem","position":2,"name":"Aeroporti in Polonia"}]},{"@type":"WebSite","@id":"https:\/\/traveling.com\/it\/blog\/#website","url":"https:\/\/traveling.com\/it\/blog\/","name":"Traveling.com Blog","description":"La Tua Guida di Viaggio Completa","potentialAction":[{"@type":"SearchAction","target":{"@type":"EntryPoint","urlTemplate":"https:\/\/traveling.com\/it\/blog\/?s={search_term_string}"},"query-input":"required name=search_term_string"}],"inLanguage":"it-IT"}]}},"_links":{"self":[{"href":"https:\/\/traveling.com\/it\/blog\/wp-json\/wp\/v2\/pages\/3970"}],"collection":[{"href":"https:\/\/traveling.com\/it\/blog\/wp-json\/wp\/v2\/pages"}],"about":[{"href":"https:\/\/traveling.com\/it\/blog\/wp-json\/wp\/v2\/types\/page"}],"author":[{"embeddable":true,"href":"https:\/\/traveling.com\/it\/blog\/wp-json\/wp\/v2\/users\/4"}],"replies":[{"embeddable":true,"href":"https:\/\/traveling.com\/it\/blog\/wp-json\/wp\/v2\/comments?post=3970"}],"version-history":[{"count":4,"href":"https:\/\/traveling.com\/it\/blog\/wp-json\/wp\/v2\/pages\/3970\/revisions"}],"predecessor-version":[{"id":9690,"href":"https:\/\/traveling.com\/it\/blog\/wp-json\/wp\/v2\/pages\/3970\/revisions\/9690"}],"wp:attachment":[{"href":"https:\/\/traveling.com\/it\/blog\/wp-json\/wp\/v2\/media?parent=3970"}],"curies":[{"name":"wp","href":"https:\/\/api.w.org\/{rel}","templated":true}]}}